{"id":58043,"date":"2022-09-26T12:02:40","date_gmt":"2022-09-26T12:02:40","guid":{"rendered":"https:\/\/sales-ai-agents.com\/templates\/ux-testing-meeting\/"},"modified":"2024-01-02T12:58:22","modified_gmt":"2024-01-02T12:58:22","slug":"ux-testing-meeting","status":"publish","type":"product","link":"https:\/\/sales-ai-agents.com\/tr\/templates\/ux-testing-meeting\/","title":{"rendered":"UX Test Toplant\u0131s\u0131"},"content":{"rendered":"<p>&nbsp;<\/p>\n<h2>UX Testi Toplant\u0131 \u015eablonu<\/h2>\n<p class=\"desc-text\">\u00dcr\u00fcn\u00fcn\u00fcz\u00fcn kullan\u0131c\u0131 deneyimi tasar\u0131m\u0131yla ilgili sorunlar\u0131 ekip \u00fcyelerinizden yard\u0131m alarak \u00e7\u00f6z\u00fcn. Odaklanmak i\u00e7in bir ajanda olu\u015fturun. Bu kullan\u0131\u015fl\u0131 \u015fablonla, \u00f6nemli sorunlar\u0131 not edebilir ve bunlar\u0131 d\u00fczeltmek i\u00e7in ad\u0131mlar haz\u0131rlayabilirsiniz.<\/p>\n<h5>Nas\u0131l kullan\u0131l\u0131r?<\/h5>\n<ul class=\"desc-item_list\">\n<li class=\"desc-item_list__point\">Bir g\u00fcndem olu\u015fturun<\/li>\n<li class=\"desc-item_list__point\">\u0130lgili bilgileri not edin<\/li>\n<li class=\"desc-item_list__point\">Sorunlar\u0131 \u00e7\u00f6zmek i\u00e7in sonraki ad\u0131mlar\u0131n tasla\u011f\u0131n\u0131 haz\u0131rlay\u0131n<\/li>\n<\/ul>\n","protected":false},"excerpt":{"rendered":"<p>\u00dcr\u00fcn kullan\u0131c\u0131 deneyimi tasar\u0131m\u0131n\u0131zla ilgili sorunlar\u0131 tespit edin. Bu \u00fccretsiz kullan\u0131\u015fl\u0131 \u015fablon ile \u00f6nemli sorunlar\u0131 not edebilir ve bunlar\u0131 d\u00fczeltmek i\u00e7in ad\u0131mlar haz\u0131rlayabilirsiniz!<\/p>\n","protected":false},"featured_media":58044,"template":"","meta":{"_acf_changed":false,"inline_featured_image":false},"product_brand":[],"product_cat":[251,230],"product_tag":[],"class_list":{"0":"post-58043","1":"product","2":"type-product","3":"status-publish","4":"has-post-thumbnail","6":"product_cat-designer","7":"product_cat-meeting","8":"collections-team","10":"first","11":"instock","12":"virtual","13":"sold-individually","14":"product-type-simple"},"acf":[],"yoast_head":"<!-- This site is optimized with the Yoast SEO plugin v25.3.1 - https:\/\/yoast.com\/wordpress\/plugins\/seo\/ -->\n<title>UX Testi Toplant\u0131 \u015eablonu\u231a - Sales AI Agents<\/title>\n<meta name=\"description\" content=\"\u00dcr\u00fcn kullan\u0131c\u0131 deneyimi tasar\u0131m\u0131n\u0131zla ilgili sorunlar\u0131 tespit edin. Bu \u00fccretsiz kullan\u0131\u015fl\u0131 \u015fablon ile \u00f6nemli sorunlar\u0131 not edebilir ve bunlar\u0131 d\u00fczeltmek i\u00e7in ad\u0131mlar haz\u0131rlayabilirsiniz!\" \/>\n<meta name=\"robots\" content=\"index, follow, max-snippet:-1, max-image-preview:large, max-video-preview:-1\" \/>\n<link rel=\"canonical\" href=\"https:\/\/sales-ai-agents.com\/tr\/templates\/ux-testing-meeting\/\" \/>\n<meta property=\"og:locale\" content=\"tr_TR\" \/>\n<meta property=\"og:type\" content=\"article\" \/>\n<meta property=\"og:title\" content=\"UX Testi Toplant\u0131 \u015eablonu\u231a - Sales AI Agents\" \/>\n<meta property=\"og:description\" content=\"\u00dcr\u00fcn kullan\u0131c\u0131 deneyimi tasar\u0131m\u0131n\u0131zla ilgili sorunlar\u0131 tespit edin. Bu \u00fccretsiz kullan\u0131\u015fl\u0131 \u015fablon ile \u00f6nemli sorunlar\u0131 not edebilir ve bunlar\u0131 d\u00fczeltmek i\u00e7in ad\u0131mlar haz\u0131rlayabilirsiniz!\" \/>\n<meta property=\"og:url\" content=\"https:\/\/sales-ai-agents.com\/tr\/templates\/ux-testing-meeting\/\" \/>\n<meta property=\"og:site_name\" content=\"Sales AI Agents\" \/>\n<meta property=\"article:modified_time\" content=\"2024-01-02T12:58:22+00:00\" \/>\n<meta property=\"og:image\" content=\"https:\/\/sales-ai-agents.com\/wp-content\/uploads\/2023\/01\/image-preview122500.png\" \/>\n\t<meta property=\"og:image:width\" content=\"1078\" \/>\n\t<meta property=\"og:image:height\" content=\"775\" \/>\n\t<meta property=\"og:image:type\" content=\"image\/png\" \/>\n<meta name=\"twitter:card\" content=\"summary_large_image\" \/>\n<script type=\"application\/ld+json\" class=\"yoast-schema-graph\">{\"@context\":\"https:\/\/schema.org\",\"@graph\":[{\"@type\":\"WebPage\",\"@id\":\"https:\/\/sales-ai-agents.com\/tr\/templates\/ux-testing-meeting\/\",\"url\":\"https:\/\/sales-ai-agents.com\/tr\/templates\/ux-testing-meeting\/\",\"name\":\"UX Testi Toplant\u0131 \u015eablonu\u231a - Sales AI Agents\",\"isPartOf\":{\"@id\":\"https:\/\/sales-ai-agents.com\/#website\"},\"primaryImageOfPage\":{\"@id\":\"https:\/\/sales-ai-agents.com\/tr\/templates\/ux-testing-meeting\/#primaryimage\"},\"image\":{\"@id\":\"https:\/\/sales-ai-agents.com\/tr\/templates\/ux-testing-meeting\/#primaryimage\"},\"thumbnailUrl\":\"https:\/\/sales-ai-agents.com\/wp-content\/uploads\/2023\/01\/image-preview122500.png\",\"datePublished\":\"2022-09-26T12:02:40+00:00\",\"dateModified\":\"2024-01-02T12:58:22+00:00\",\"description\":\"\u00dcr\u00fcn kullan\u0131c\u0131 deneyimi tasar\u0131m\u0131n\u0131zla ilgili sorunlar\u0131 tespit edin. Bu \u00fccretsiz kullan\u0131\u015fl\u0131 \u015fablon ile \u00f6nemli sorunlar\u0131 not edebilir ve bunlar\u0131 d\u00fczeltmek i\u00e7in ad\u0131mlar haz\u0131rlayabilirsiniz!\",\"inLanguage\":\"tr\",\"potentialAction\":[{\"@type\":\"ReadAction\",\"target\":[\"https:\/\/sales-ai-agents.com\/tr\/templates\/ux-testing-meeting\/\"]}]},{\"@type\":\"ImageObject\",\"inLanguage\":\"tr\",\"@id\":\"https:\/\/sales-ai-agents.com\/tr\/templates\/ux-testing-meeting\/#primaryimage\",\"url\":\"https:\/\/sales-ai-agents.com\/wp-content\/uploads\/2023\/01\/image-preview122500.png\",\"contentUrl\":\"https:\/\/sales-ai-agents.com\/wp-content\/uploads\/2023\/01\/image-preview122500.png\",\"width\":1078,\"height\":775},{\"@type\":\"WebSite\",\"@id\":\"https:\/\/sales-ai-agents.com\/#website\",\"url\":\"https:\/\/sales-ai-agents.com\/\",\"name\":\"FuseBase\",\"description\":\"Sales AI Agents - Free Online Collaboration Software for Remote Teams. Build your wikis, client portals and more with the Nimbus Platform collaboration tool ? A perfect space for online work\",\"publisher\":{\"@id\":\"https:\/\/sales-ai-agents.com\/#organization\"},\"potentialAction\":[{\"@type\":\"SearchAction\",\"target\":{\"@type\":\"EntryPoint\",\"urlTemplate\":\"https:\/\/sales-ai-agents.com\/?s={search_term_string}\"},\"query-input\":{\"@type\":\"PropertyValueSpecification\",\"valueRequired\":true,\"valueName\":\"search_term_string\"}}],\"inLanguage\":\"tr\"},{\"@type\":\"Organization\",\"@id\":\"https:\/\/sales-ai-agents.com\/#organization\",\"name\":\"FuseBase\",\"url\":\"https:\/\/sales-ai-agents.com\/\",\"logo\":{\"@type\":\"ImageObject\",\"inLanguage\":\"tr\",\"@id\":\"https:\/\/sales-ai-agents.com\/#\/schema\/logo\/image\/\",\"url\":\"https:\/\/sales-ai-agents.com\/wp-content\/uploads\/2023\/11\/icon-7.svg\",\"contentUrl\":\"https:\/\/sales-ai-agents.com\/wp-content\/uploads\/2023\/11\/icon-7.svg\",\"width\":128,\"height\":128,\"caption\":\"FuseBase\"},\"image\":{\"@id\":\"https:\/\/sales-ai-agents.com\/#\/schema\/logo\/image\/\"}}]}<\/script>\n<!-- \/ Yoast SEO plugin. -->","yoast_head_json":{"title":"UX Testi Toplant\u0131 \u015eablonu\u231a - Sales AI Agents","description":"\u00dcr\u00fcn kullan\u0131c\u0131 deneyimi tasar\u0131m\u0131n\u0131zla ilgili sorunlar\u0131 tespit edin. Bu \u00fccretsiz kullan\u0131\u015fl\u0131 \u015fablon ile \u00f6nemli sorunlar\u0131 not edebilir ve bunlar\u0131 d\u00fczeltmek i\u00e7in ad\u0131mlar haz\u0131rlayabilirsiniz!","robots":{"index":"index","follow":"follow","max-snippet":"max-snippet:-1","max-image-preview":"max-image-preview:large","max-video-preview":"max-video-preview:-1"},"canonical":"https:\/\/sales-ai-agents.com\/tr\/templates\/ux-testing-meeting\/","og_locale":"tr_TR","og_type":"article","og_title":"UX Testi Toplant\u0131 \u015eablonu\u231a - Sales AI Agents","og_description":"\u00dcr\u00fcn kullan\u0131c\u0131 deneyimi tasar\u0131m\u0131n\u0131zla ilgili sorunlar\u0131 tespit edin. Bu \u00fccretsiz kullan\u0131\u015fl\u0131 \u015fablon ile \u00f6nemli sorunlar\u0131 not edebilir ve bunlar\u0131 d\u00fczeltmek i\u00e7in ad\u0131mlar haz\u0131rlayabilirsiniz!","og_url":"https:\/\/sales-ai-agents.com\/tr\/templates\/ux-testing-meeting\/","og_site_name":"Sales AI Agents","article_modified_time":"2024-01-02T12:58:22+00:00","og_image":[{"width":1078,"height":775,"url":"https:\/\/sales-ai-agents.com\/wp-content\/uploads\/2023\/01\/image-preview122500.png","type":"image\/png"}],"twitter_card":"summary_large_image","schema":{"@context":"https:\/\/schema.org","@graph":[{"@type":"WebPage","@id":"https:\/\/sales-ai-agents.com\/tr\/templates\/ux-testing-meeting\/","url":"https:\/\/sales-ai-agents.com\/tr\/templates\/ux-testing-meeting\/","name":"UX Testi Toplant\u0131 \u015eablonu\u231a - Sales AI Agents","isPartOf":{"@id":"https:\/\/sales-ai-agents.com\/#website"},"primaryImageOfPage":{"@id":"https:\/\/sales-ai-agents.com\/tr\/templates\/ux-testing-meeting\/#primaryimage"},"image":{"@id":"https:\/\/sales-ai-agents.com\/tr\/templates\/ux-testing-meeting\/#primaryimage"},"thumbnailUrl":"https:\/\/sales-ai-agents.com\/wp-content\/uploads\/2023\/01\/image-preview122500.png","datePublished":"2022-09-26T12:02:40+00:00","dateModified":"2024-01-02T12:58:22+00:00","description":"\u00dcr\u00fcn kullan\u0131c\u0131 deneyimi tasar\u0131m\u0131n\u0131zla ilgili sorunlar\u0131 tespit edin. Bu \u00fccretsiz kullan\u0131\u015fl\u0131 \u015fablon ile \u00f6nemli sorunlar\u0131 not edebilir ve bunlar\u0131 d\u00fczeltmek i\u00e7in ad\u0131mlar haz\u0131rlayabilirsiniz!","inLanguage":"tr","potentialAction":[{"@type":"ReadAction","target":["https:\/\/sales-ai-agents.com\/tr\/templates\/ux-testing-meeting\/"]}]},{"@type":"ImageObject","inLanguage":"tr","@id":"https:\/\/sales-ai-agents.com\/tr\/templates\/ux-testing-meeting\/#primaryimage","url":"https:\/\/sales-ai-agents.com\/wp-content\/uploads\/2023\/01\/image-preview122500.png","contentUrl":"https:\/\/sales-ai-agents.com\/wp-content\/uploads\/2023\/01\/image-preview122500.png","width":1078,"height":775},{"@type":"WebSite","@id":"https:\/\/sales-ai-agents.com\/#website","url":"https:\/\/sales-ai-agents.com\/","name":"FuseBase","description":"Sales AI Agents - Free Online Collaboration Software for Remote Teams. Build your wikis, client portals and more with the Nimbus Platform collaboration tool ? A perfect space for online work","publisher":{"@id":"https:\/\/sales-ai-agents.com\/#organization"},"potentialAction":[{"@type":"SearchAction","target":{"@type":"EntryPoint","urlTemplate":"https:\/\/sales-ai-agents.com\/?s={search_term_string}"},"query-input":{"@type":"PropertyValueSpecification","valueRequired":true,"valueName":"search_term_string"}}],"inLanguage":"tr"},{"@type":"Organization","@id":"https:\/\/sales-ai-agents.com\/#organization","name":"FuseBase","url":"https:\/\/sales-ai-agents.com\/","logo":{"@type":"ImageObject","inLanguage":"tr","@id":"https:\/\/sales-ai-agents.com\/#\/schema\/logo\/image\/","url":"https:\/\/sales-ai-agents.com\/wp-content\/uploads\/2023\/11\/icon-7.svg","contentUrl":"https:\/\/sales-ai-agents.com\/wp-content\/uploads\/2023\/11\/icon-7.svg","width":128,"height":128,"caption":"FuseBase"},"image":{"@id":"https:\/\/sales-ai-agents.com\/#\/schema\/logo\/image\/"}}]}},"_links":{"self":[{"href":"https:\/\/sales-ai-agents.com\/tr\/wp-json\/wp\/v2\/product\/58043","targetHints":{"allow":["GET"]}}],"collection":[{"href":"https:\/\/sales-ai-agents.com\/tr\/wp-json\/wp\/v2\/product"}],"about":[{"href":"https:\/\/sales-ai-agents.com\/tr\/wp-json\/wp\/v2\/types\/product"}],"wp:featuredmedia":[{"embeddable":true,"href":"https:\/\/sales-ai-agents.com\/tr\/wp-json\/wp\/v2\/media\/58044"}],"wp:attachment":[{"href":"https:\/\/sales-ai-agents.com\/tr\/wp-json\/wp\/v2\/media?parent=58043"}],"wp:term":[{"taxonomy":"product_brand","embeddable":true,"href":"https:\/\/sales-ai-agents.com\/tr\/wp-json\/wp\/v2\/product_brand?post=58043"},{"taxonomy":"product_cat","embeddable":true,"href":"https:\/\/sales-ai-agents.com\/tr\/wp-json\/wp\/v2\/product_cat?post=58043"},{"taxonomy":"product_tag","embeddable":true,"href":"https:\/\/sales-ai-agents.com\/tr\/wp-json\/wp\/v2\/product_tag?post=58043"}],"curies":[{"name":"wp","href":"https:\/\/api.w.org\/{rel}","templated":true}]}}