{"id":58050,"date":"2022-09-26T11:58:53","date_gmt":"2022-09-26T11:58:53","guid":{"rendered":"https:\/\/sales-ai-agents.com\/templates\/social-media-calendar\/"},"modified":"2024-01-02T13:17:28","modified_gmt":"2024-01-02T13:17:28","slug":"social-media-calendar","status":"publish","type":"product","link":"https:\/\/sales-ai-agents.com\/tr\/templates\/social-media-calendar\/","title":{"rendered":"Sosyal Medya Takvimi"},"content":{"rendered":"<p>&nbsp;<\/p>\n<h2>Sosyal Medya Takvimi \u015eablonu<\/h2>\n<p class=\"desc-text\">Sosyal medyay\u0131 y\u00f6netmek g\u00fc\u00e7l\u00fc organizasyon becerileri gerektirir. Farkl\u0131 elektronik tablolara g\u00fcvenmek yerine, \u00e7al\u0131\u015fmalar\u0131n\u0131z\u0131 tek bir yerden takip etmek i\u00e7in sosyal medya takvimimizi kullan\u0131n. T\u00fcm g\u00f6nderilerinizi planlamak i\u00e7in takvimimizi kullan\u0131n. \u0130\u00e7erik stratejinizi birka\u00e7 hafta boyunca kolayca g\u00f6rselle\u015ftirin ve gelecekteki g\u00f6nderileriniz i\u00e7in etkili bir \u015fekilde plan yap\u0131n. Bu \u00f6zelle\u015ftirilebilir \u015fablonda her hafta i\u00e7in tablolar ve sosyal medya kanallar\u0131 i\u00e7in sat\u0131rlar bulunur. Ayr\u0131ca \u015fablonu istedi\u011finiz kadar tekrar kullanabilirsiniz.<\/p>\n<h5>Sosyal Medya Takvimi \u015eablonu Nedir?<\/h5>\n<p>Takvim i\u00e7erik \u00e7izelgesi, yakla\u015fan etkinlikler i\u00e7in g\u00fcnl\u00fck, haftal\u0131k, ayl\u0131k ve y\u0131ll\u0131k girdileri besleyebilece\u011finiz ve g\u00f6revi programa g\u00f6re ger\u00e7ekle\u015ftirebilece\u011finiz bir planlay\u0131c\u0131d\u0131r. \u0130\u00e7erik format\u0131 takvimi, y\u00fcr\u00fctme y\u00f6neticilerinin i\u015fin ak\u0131\u015f\u0131n\u0131 ve yay\u0131n veya y\u00fcr\u00fctme tarihini izlemesi i\u00e7in idealdir.<\/p>\n<p>Editoryal takvim i\u00e7erik \u015fablonu, pazarlamac\u0131lar, politika uygulay\u0131c\u0131lar\u0131, etkinlik planlay\u0131c\u0131lar\u0131 ve \u00e7\u0131kt\u0131lar\u0131n d\u00fczenli olarak izlenmesini gerektiren di\u011fer t\u00fcm faaliyet b\u00f6l\u00fcmleri i\u00e7in ideal bir ara\u00e7t\u0131r. \u0130\u00e7erik \u015fablonu takvimi, insanlar\u0131n, y\u00f6neticilerin, idarecilerin ve hatta ev kad\u0131nlar\u0131n\u0131n i\u015fleri \u00f6nceden planlamas\u0131na ve etkinliklerin program\u0131na uymaya haz\u0131rlanmas\u0131na yard\u0131mc\u0131 olur.<\/p>\n<p>Yay\u0131n alan\u0131nda, i\u00e7erik \u015fablonu takviminin \u00e7ok say\u0131da uygulamas\u0131 vard\u0131r. Yay\u0131nlanacak i\u00e7eri\u011fin planlanan belirli bir tarihte ger\u00e7ekle\u015ftirilmesi gerekiyorsa, bir i\u00e7erik \u00e7izelgesi planlanan yay\u0131n\u0131n izlenmesine yard\u0131mc\u0131 olacakt\u0131r. \u0130\u00e7erik stratejisi ayn\u0131 zamanda i\u015f ilerlemesinin \u00f6nceden izlenmesine ve ekibinizin planlanan tarihe g\u00f6re yay\u0131nlanacak i\u00e7eri\u011fe haz\u0131r olmas\u0131na yard\u0131mc\u0131 olabilir.<\/p>\n<p>\u0130\u00e7erik ajandas\u0131 dijital formatta, bas\u0131l\u0131 kopya veya bir bulut belgesi olabilir. Projenin karma\u015f\u0131kl\u0131\u011f\u0131na ba\u011fl\u0131 olarak planlanan plan\u0131 g\u00fcnl\u00fck, haftal\u0131k, ayl\u0131k, y\u0131ll\u0131k ve hatta saatlik olarak izlemek i\u00e7in kullanabilir.<\/p>\n<p>\u0130\u00e7erik \u00e7izelgesi uygulamas\u0131 bir edebiyat i\u015finin lansman\u0131nda kullan\u0131l\u0131rsa, \u00e7izelge ekibin ve yay\u0131nc\u0131lar\u0131n lansman haz\u0131rl\u0131\u011f\u0131n\u0131 g\u00fcnl\u00fck, haftal\u0131k ve ayl\u0131k olarak planlamas\u0131n\u0131 sa\u011flar. Dolay\u0131s\u0131yla, esasen i\u00e7erik \u015femas\u0131 projenin niteli\u011fine ba\u011fl\u0131 olarak makro \u00f6l\u00e7ekte bile kullan\u0131labilir. Sonu\u00e7, projenin zaman\u0131nda etkili bir \u015fekilde izlenmesi ve y\u00fcr\u00fct\u00fclmesi olacakt\u0131r.<\/p>\n<h5>Sosyal Medya Takvimi Nas\u0131l \u00c7al\u0131\u015f\u0131r?<\/h5>\n<p>Bir i\u00e7erik stratejisinin nas\u0131l i\u015fleyece\u011fi, projenin karma\u015f\u0131kl\u0131\u011f\u0131na ve i\u015fi nas\u0131l y\u00fcr\u00fctmeyi planlad\u0131\u011f\u0131n\u0131za ba\u011fl\u0131d\u0131r. \u0130\u00e7erik \u00e7izelgesi kopyas\u0131, proje teslim tarihini izlemenize yard\u0131mc\u0131 olabilir, proje y\u00fcr\u00fctme ayr\u0131nt\u0131lar\u0131n\u0131 analiz etmenize ve personeli projenin son teslim tarihini kar\u015f\u0131lamak i\u00e7in harekete ge\u00e7irmenize olanak tan\u0131r. \u0130\u00e7erik stratejisi \u015femas\u0131 \u015fablon kopyas\u0131, proje y\u00f6neticisini teslimat\/devreye alma tarihini planlamada ve i\u015fleri sistematik olarak daha iyi bir \u015fekilde organize etmede destekleyecektir.<\/p>\n<p>Bir i\u00e7erik \u00fcretim takvimi, i\u00e7eri\u011fin planlanan tarihe g\u00f6re yay\u0131nlanmas\u0131na, haz\u0131rlanmas\u0131n\u0131n izlenmesine ve belgenin ne zaman ve nerede yay\u0131nlanmas\u0131 gerekti\u011fine yard\u0131mc\u0131 olur. \u0130\u00e7erik \u015fablonu takvimi bir planlay\u0131c\u0131 gibi hareket edecek ve sizin ve ekibinizin etkinlikleri d\u00fczg\u00fcn ve sistematik bir \u015fekilde organize etmenizi ve haz\u0131rlaman\u0131z\u0131 sa\u011flayacakt\u0131r.<\/p>\n<p>\u0130\u00e7erik planlay\u0131c\u0131s\u0131 yakla\u015fan etkinlikleri, tan\u0131t\u0131m faaliyetlerini, planlanan yay\u0131n tarihlerini, periyodik g\u00fcncellemeleri vb. i\u00e7erecek \u00f6zelliklere sahip olacakt\u0131r. T\u00fcm bu bilgiler, bir i\u00e7erik planlay\u0131c\u0131s\u0131na yerle\u015ftirilirse, organizat\u00f6r\u00fcn i\u015fleri d\u00fczg\u00fcn bir \u015fekilde planlamas\u0131na yard\u0131mc\u0131 olacakt\u0131r.<\/p>\n<h5>Sosyal Medya Takvimi \u015eablonunu Kimler Kullanmal\u0131?<\/h5>\n<p>Yay\u0131n materyallerini kontrol eden veya d\u00fczenleyen herkes, daha iyi sistematik da\u011f\u0131t\u0131m i\u00e7in bir i\u00e7erik \u00fcretim \u00e7izelgesi editoryal takvimi kullanmal\u0131d\u0131r ki bu da yayg\u0131n bir k\u00fc\u00e7\u00fck i\u015fletme i\u00e7in idealdir. \u0130\u00e7erik ajandas\u0131 takvimi yay\u0131nc\u0131larla ilgilidir. Yay\u0131n materyali bloglar, bas\u0131n b\u00fcltenleri, e-posta b\u00fcltenleri, medya yay\u0131nlar\u0131, sosyal medya g\u00f6nderileri, s\u00fcreli yay\u0131nlar, bas\u0131l\u0131 materyaller vb. gibi herhangi bir \u015fey olabilir.<\/p>\n<p>Web i\u00e7eri\u011fi \u00fcretim \u015femas\u0131, \u00f6zel gereksinimleri kar\u015f\u0131layarak ve buna g\u00f6re yap\u0131land\u0131r\u0131larak geli\u015ftirilebilir. Ekipleriniz, i\u00e7eri\u011fin sorunsuz bir \u015fekilde yay\u0131nlanmas\u0131 i\u00e7in gerekli bilgileri i\u00e7eren tarih s\u0131ras\u0131na veya g\u00fcn s\u0131ras\u0131na g\u00f6re bir web i\u00e7eri\u011fi grafik takvimi ayarlayabilir. Yay\u0131nlarla ilgili olarak, yay\u0131n tarihi ve saati, web i\u00e7erik takviminin niteli\u011fi, ba\u015fl\u0131k ve yay\u0131n i\u00e7in se\u00e7ilen medya i\u00e7erik \u00e7izelgesinde yay\u0131nlanmal\u0131d\u0131r.<\/p>\n<h5>Sosyal Medya Takvimleri Neden \u00d6nemlidir?<\/h5>\n<p>Bir i\u00e7erik takvimi, sizin ve ekiplerinizin i\u00e7erik haz\u0131rlama ve yay\u0131nlama s\u00fcre\u00e7lerini zaman\u0131nda izlemenize, d\u00fczenlemenize ve uygulaman\u0131za yard\u0131mc\u0131 olaca\u011f\u0131 ve yayg\u0131n k\u00fc\u00e7\u00fck i\u015fletmeler i\u00e7in uygun oldu\u011fu i\u00e7in \u00e7ok \u00f6nemlidir. Par\u00e7a i\u00e7eri\u011fi \u00e7izelgesinin yard\u0131m\u0131yla, yakla\u015fan etkinlikler i\u00e7in planlama yapabilirsiniz. B\u00f6ylece, son dakika tela\u015f\u0131ndan ka\u00e7\u0131nabilir ve yay\u0131nlamadan \u00f6nce yay\u0131n i\u00e7eri\u011fini d\u00fczeltmek, d\u00fczenlemek ve ince ayar yapmak i\u00e7in yeterli zaman elde edebilirsiniz.<\/p>\n<p>Bir takip i\u00e7erik \u00e7izelgesi takvimi yard\u0131m\u0131yla, siz ve ekipleriniz yay\u0131n aral\u0131\u011f\u0131n\u0131 ve yay\u0131n i\u00e7eri\u011finin nas\u0131l ilerletilmesi gerekti\u011fini tart\u0131\u015fabilirsiniz. Yay\u0131n\u0131n zamanlamas\u0131 kritik oldu\u011fundan, bir i\u00e7erik olu\u015fturma \u00e7izelgesi yard\u0131m\u0131yla, yayg\u0131n bir k\u00fc\u00e7\u00fck i\u015fletme i\u00e7in i\u015fleri d\u00fczenli tutabilirsiniz.<\/p>\n<p>Bir i\u00e7erik \u015fablonu editoryal takvimi, i\u015f tan\u0131t\u0131m gereksinimlerinin son tarihlerini do\u011fru bir \u015fekilde planlaman\u0131za ve pazarlama kanallar\u0131yla uygun d\u00fczenlemeleri yapman\u0131za yard\u0131mc\u0131 olacakt\u0131r. Pazarlama ve sosyal medya yay\u0131nlar\u0131 i\u00e7in bir takip i\u00e7erik \u00e7izelgesi takvimi kullan\u0131yorsan\u0131z, yap\u0131lmas\u0131 gereken son tarihleri \u00f6nceliklendirin ve d\u00fczenli olarak g\u00fcncelleyin. Ayr\u0131ca, sosyal medya payla\u015f\u0131mlar\u0131n\u0131 \u00f6nceden planlay\u0131n ve yay\u0131n\u0131 sistematik olarak planlay\u0131n.<\/p>\n<h5>Sosyal Medya Takvimi \u015eablonunun Faydalar\u0131<\/h5>\n<p>\u0130\u00e7erik olu\u015fturma \u00e7izelgesi kullanma prati\u011fi, promosyonlar\u0131 y\u00f6netmek i\u00e7in bir\u00e7ok pazarlama faydas\u0131 sa\u011flar. T\u00fcm avantajlardan ilki, son teslim tarihlerine uymak i\u00e7in organize olman\u0131z ve art\u0131k endi\u015felenmemenizdir. \u0130\u00e7erik \u00e7izelgesi takvim \u015fablonu, i\u00e7erik y\u00f6neticilerinin ve sahiplerinin i\u015fi planlanm\u0131\u015f bir teslim tarihi ile meslekta\u015flar\u0131 aras\u0131nda da\u011f\u0131tmas\u0131na ve son teslimat i\u00e7in yeterli bo\u015fluk b\u0131rakmas\u0131na yard\u0131mc\u0131 olacakt\u0131r. Bunu yaparken, revizyon, d\u00fczenleme ve redaksiyondan sonra yay\u0131n i\u00e7eri\u011fini son haline getirmek i\u00e7in yeterli zaman\u0131n\u0131z olacakt\u0131r.<\/p>\n<p>\u0130yi ara\u015ft\u0131r\u0131lm\u0131\u015f bir i\u00e7erik, mesaj\u0131 hedeflenen kitleye yayabilir ve bu da daha iyi bir yat\u0131r\u0131m getirisi i\u00e7in bir neden olacakt\u0131r. Uygun bir i\u00e7erik planlama takvimi, sahiplerin i\u00e7erik format\u0131 takvimini tamamlamak i\u00e7in gereken insan kaynaklar\u0131n\u0131 kontrol etmesine olanak tan\u0131r ve buna g\u00f6re planlaman\u0131z\u0131 stratejik hale getirebilirsiniz.<\/p>\n<h5>Sonu\u00e7:<\/h5>\n<p>G\u00fcn\u00fcn sonunda kendinizi \u00e7ok g\u00fcvende hissedersiniz \u00e7\u00fcnk\u00fc bir i\u00e7erik planlay\u0131c\u0131s\u0131n\u0131n yard\u0131m\u0131yla proje tamamen sizin kontrol\u00fcn\u00fczde olacakt\u0131r. Planlay\u0131c\u0131 takvim \u015fablonu, i\u015f ilerlemesini \u00f6zetlemenize yard\u0131mc\u0131 olacakt\u0131r. Sahipler, i\u00e7erik yay\u0131n tarihine kadar g\u00fcnl\u00fck, haftal\u0131k veya ayl\u0131k olarak i\u00e7erik format takvimindeki t\u00fcm bilgilere sahip olacaklard\u0131r.<\/p>\n<p>Bir i\u00e7erik \u00e7izelgesi takvimi kullanmak, bir tane haz\u0131rlamay\u0131 kolayla\u015ft\u0131racakt\u0131r. Ayr\u0131ca, proje gereksinimlerine uygun de\u011fi\u015fiklikler yapman\u0131za olanak tan\u0131yan d\u00fczenlenebilir bir i\u00e7erik olu\u015fturma takvimi \u00e7izelgesine de gidebilirsiniz. Bir takvim i\u00e7erik planlay\u0131c\u0131s\u0131n\u0131n art\u0131 noktas\u0131, i\u00e7erik \u015fablonu takviminin t\u00fcm bilgilere tek bir yerde sahip olman\u0131za izin vermesidir. Takvim bir y\u00f6netici \u00f6zeti gibi \u00e7al\u0131\u015facak ve projeyi etkili bir \u015fekilde izlemenize yard\u0131mc\u0131 olacakt\u0131r.<\/p>\n<p>&nbsp;<\/p>\n","protected":false},"excerpt":{"rendered":"<p>Sosyal Medya Takvimi \u015fablonu, etkinliklerin ve \u00f6nceliklerin zamanlamas\u0131na g\u00f6re faaliyetleri sistematik olarak planlamak, y\u00fcr\u00fctmek ve ger\u00e7ekle\u015ftirmek i\u00e7in kullan\u0131\u015fl\u0131 ve etkili bir dijital d\u00fczenleyicidir. \u0130\u00e7erik \u00e7izelgesi takvimi, i\u015fleri \u00f6nceden planlaman\u0131za ve organize olman\u0131za yard\u0131mc\u0131 olacakt\u0131r.<\/p>\n","protected":false},"featured_media":58051,"template":"","meta":{"_acf_changed":false,"inline_featured_image":false},"product_brand":[],"product_cat":[256,250,249],"product_tag":[],"class_list":{"0":"post-58050","1":"product","2":"type-product","3":"status-publish","4":"has-post-thumbnail","6":"product_cat-organizers-planners","7":"product_cat-marketing","8":"product_cat-marketing-content","10":"first","11":"instock","12":"virtual","13":"sold-individually","14":"product-type-simple"},"acf":[],"yoast_head":"<!-- This site is optimized with the Yoast SEO plugin v25.3.1 - https:\/\/yoast.com\/wordpress\/plugins\/seo\/ -->\n<title>Sosyal Medya Takvimi \u015eablonu - Sales AI Agents<\/title>\n<meta name=\"description\" content=\"Sosyal medyay\u0131 y\u00f6netmek g\u00fc\u00e7l\u00fc organizasyon becerileri gerektirir. \u00c7al\u0131\u015fmalar\u0131n\u0131z\u0131 tek bir yerden takip etmek ve t\u00fcm payla\u015f\u0131mlar\u0131n\u0131z\u0131 planlamak i\u00e7in sosyal medya takvimimizi kullan\u0131n.\" \/>\n<meta name=\"robots\" content=\"index, follow, max-snippet:-1, max-image-preview:large, max-video-preview:-1\" \/>\n<link rel=\"canonical\" href=\"https:\/\/sales-ai-agents.com\/tr\/templates\/social-media-calendar\/\" \/>\n<meta property=\"og:locale\" content=\"tr_TR\" \/>\n<meta property=\"og:type\" content=\"article\" \/>\n<meta property=\"og:title\" content=\"Sosyal Medya Takvimi \u015eablonu - Sales AI Agents\" \/>\n<meta property=\"og:description\" content=\"Sosyal medyay\u0131 y\u00f6netmek g\u00fc\u00e7l\u00fc organizasyon becerileri gerektirir. \u00c7al\u0131\u015fmalar\u0131n\u0131z\u0131 tek bir yerden takip etmek ve t\u00fcm payla\u015f\u0131mlar\u0131n\u0131z\u0131 planlamak i\u00e7in sosyal medya takvimimizi kullan\u0131n.\" \/>\n<meta property=\"og:url\" content=\"https:\/\/sales-ai-agents.com\/tr\/templates\/social-media-calendar\/\" \/>\n<meta property=\"og:site_name\" content=\"Sales AI Agents\" \/>\n<meta property=\"article:modified_time\" content=\"2024-01-02T13:17:28+00:00\" \/>\n<meta property=\"og:image\" content=\"https:\/\/sales-ai-agents.com\/wp-content\/uploads\/2022\/09\/Social-Media-Calendar-Template.png\" \/>\n\t<meta property=\"og:image:width\" content=\"1700\" \/>\n\t<meta property=\"og:image:height\" content=\"1100\" \/>\n\t<meta property=\"og:image:type\" content=\"image\/png\" \/>\n<meta name=\"twitter:card\" content=\"summary_large_image\" \/>\n<script type=\"application\/ld+json\" class=\"yoast-schema-graph\">{\"@context\":\"https:\/\/schema.org\",\"@graph\":[{\"@type\":\"WebPage\",\"@id\":\"https:\/\/sales-ai-agents.com\/tr\/templates\/social-media-calendar\/\",\"url\":\"https:\/\/sales-ai-agents.com\/tr\/templates\/social-media-calendar\/\",\"name\":\"Sosyal Medya Takvimi \u015eablonu - Sales AI Agents\",\"isPartOf\":{\"@id\":\"https:\/\/sales-ai-agents.com\/#website\"},\"primaryImageOfPage\":{\"@id\":\"https:\/\/sales-ai-agents.com\/tr\/templates\/social-media-calendar\/#primaryimage\"},\"image\":{\"@id\":\"https:\/\/sales-ai-agents.com\/tr\/templates\/social-media-calendar\/#primaryimage\"},\"thumbnailUrl\":\"https:\/\/sales-ai-agents.com\/wp-content\/uploads\/2022\/09\/Social-Media-Calendar-Template.png\",\"datePublished\":\"2022-09-26T11:58:53+00:00\",\"dateModified\":\"2024-01-02T13:17:28+00:00\",\"description\":\"Sosyal medyay\u0131 y\u00f6netmek g\u00fc\u00e7l\u00fc organizasyon becerileri gerektirir. \u00c7al\u0131\u015fmalar\u0131n\u0131z\u0131 tek bir yerden takip etmek ve t\u00fcm payla\u015f\u0131mlar\u0131n\u0131z\u0131 planlamak i\u00e7in sosyal medya takvimimizi kullan\u0131n.\",\"inLanguage\":\"tr\",\"potentialAction\":[{\"@type\":\"ReadAction\",\"target\":[\"https:\/\/sales-ai-agents.com\/tr\/templates\/social-media-calendar\/\"]}]},{\"@type\":\"ImageObject\",\"inLanguage\":\"tr\",\"@id\":\"https:\/\/sales-ai-agents.com\/tr\/templates\/social-media-calendar\/#primaryimage\",\"url\":\"https:\/\/sales-ai-agents.com\/wp-content\/uploads\/2022\/09\/Social-Media-Calendar-Template.png\",\"contentUrl\":\"https:\/\/sales-ai-agents.com\/wp-content\/uploads\/2022\/09\/Social-Media-Calendar-Template.png\",\"width\":1700,\"height\":1100},{\"@type\":\"WebSite\",\"@id\":\"https:\/\/sales-ai-agents.com\/#website\",\"url\":\"https:\/\/sales-ai-agents.com\/\",\"name\":\"FuseBase\",\"description\":\"Sales AI Agents - Free Online Collaboration Software for Remote Teams. Build your wikis, client portals and more with the Nimbus Platform collaboration tool ? A perfect space for online work\",\"publisher\":{\"@id\":\"https:\/\/sales-ai-agents.com\/#organization\"},\"potentialAction\":[{\"@type\":\"SearchAction\",\"target\":{\"@type\":\"EntryPoint\",\"urlTemplate\":\"https:\/\/sales-ai-agents.com\/?s={search_term_string}\"},\"query-input\":{\"@type\":\"PropertyValueSpecification\",\"valueRequired\":true,\"valueName\":\"search_term_string\"}}],\"inLanguage\":\"tr\"},{\"@type\":\"Organization\",\"@id\":\"https:\/\/sales-ai-agents.com\/#organization\",\"name\":\"FuseBase\",\"url\":\"https:\/\/sales-ai-agents.com\/\",\"logo\":{\"@type\":\"ImageObject\",\"inLanguage\":\"tr\",\"@id\":\"https:\/\/sales-ai-agents.com\/#\/schema\/logo\/image\/\",\"url\":\"https:\/\/sales-ai-agents.com\/wp-content\/uploads\/2023\/11\/icon-7.svg\",\"contentUrl\":\"https:\/\/sales-ai-agents.com\/wp-content\/uploads\/2023\/11\/icon-7.svg\",\"width\":128,\"height\":128,\"caption\":\"FuseBase\"},\"image\":{\"@id\":\"https:\/\/sales-ai-agents.com\/#\/schema\/logo\/image\/\"}}]}<\/script>\n<!-- \/ Yoast SEO plugin. -->","yoast_head_json":{"title":"Sosyal Medya Takvimi \u015eablonu - Sales AI Agents","description":"Sosyal medyay\u0131 y\u00f6netmek g\u00fc\u00e7l\u00fc organizasyon becerileri gerektirir. \u00c7al\u0131\u015fmalar\u0131n\u0131z\u0131 tek bir yerden takip etmek ve t\u00fcm payla\u015f\u0131mlar\u0131n\u0131z\u0131 planlamak i\u00e7in sosyal medya takvimimizi kullan\u0131n.","robots":{"index":"index","follow":"follow","max-snippet":"max-snippet:-1","max-image-preview":"max-image-preview:large","max-video-preview":"max-video-preview:-1"},"canonical":"https:\/\/sales-ai-agents.com\/tr\/templates\/social-media-calendar\/","og_locale":"tr_TR","og_type":"article","og_title":"Sosyal Medya Takvimi \u015eablonu - Sales AI Agents","og_description":"Sosyal medyay\u0131 y\u00f6netmek g\u00fc\u00e7l\u00fc organizasyon becerileri gerektirir. \u00c7al\u0131\u015fmalar\u0131n\u0131z\u0131 tek bir yerden takip etmek ve t\u00fcm payla\u015f\u0131mlar\u0131n\u0131z\u0131 planlamak i\u00e7in sosyal medya takvimimizi kullan\u0131n.","og_url":"https:\/\/sales-ai-agents.com\/tr\/templates\/social-media-calendar\/","og_site_name":"Sales AI Agents","article_modified_time":"2024-01-02T13:17:28+00:00","og_image":[{"width":1700,"height":1100,"url":"https:\/\/sales-ai-agents.com\/wp-content\/uploads\/2022\/09\/Social-Media-Calendar-Template.png","type":"image\/png"}],"twitter_card":"summary_large_image","schema":{"@context":"https:\/\/schema.org","@graph":[{"@type":"WebPage","@id":"https:\/\/sales-ai-agents.com\/tr\/templates\/social-media-calendar\/","url":"https:\/\/sales-ai-agents.com\/tr\/templates\/social-media-calendar\/","name":"Sosyal Medya Takvimi \u015eablonu - Sales AI Agents","isPartOf":{"@id":"https:\/\/sales-ai-agents.com\/#website"},"primaryImageOfPage":{"@id":"https:\/\/sales-ai-agents.com\/tr\/templates\/social-media-calendar\/#primaryimage"},"image":{"@id":"https:\/\/sales-ai-agents.com\/tr\/templates\/social-media-calendar\/#primaryimage"},"thumbnailUrl":"https:\/\/sales-ai-agents.com\/wp-content\/uploads\/2022\/09\/Social-Media-Calendar-Template.png","datePublished":"2022-09-26T11:58:53+00:00","dateModified":"2024-01-02T13:17:28+00:00","description":"Sosyal medyay\u0131 y\u00f6netmek g\u00fc\u00e7l\u00fc organizasyon becerileri gerektirir. \u00c7al\u0131\u015fmalar\u0131n\u0131z\u0131 tek bir yerden takip etmek ve t\u00fcm payla\u015f\u0131mlar\u0131n\u0131z\u0131 planlamak i\u00e7in sosyal medya takvimimizi kullan\u0131n.","inLanguage":"tr","potentialAction":[{"@type":"ReadAction","target":["https:\/\/sales-ai-agents.com\/tr\/templates\/social-media-calendar\/"]}]},{"@type":"ImageObject","inLanguage":"tr","@id":"https:\/\/sales-ai-agents.com\/tr\/templates\/social-media-calendar\/#primaryimage","url":"https:\/\/sales-ai-agents.com\/wp-content\/uploads\/2022\/09\/Social-Media-Calendar-Template.png","contentUrl":"https:\/\/sales-ai-agents.com\/wp-content\/uploads\/2022\/09\/Social-Media-Calendar-Template.png","width":1700,"height":1100},{"@type":"WebSite","@id":"https:\/\/sales-ai-agents.com\/#website","url":"https:\/\/sales-ai-agents.com\/","name":"FuseBase","description":"Sales AI Agents - Free Online Collaboration Software for Remote Teams. Build your wikis, client portals and more with the Nimbus Platform collaboration tool ? A perfect space for online work","publisher":{"@id":"https:\/\/sales-ai-agents.com\/#organization"},"potentialAction":[{"@type":"SearchAction","target":{"@type":"EntryPoint","urlTemplate":"https:\/\/sales-ai-agents.com\/?s={search_term_string}"},"query-input":{"@type":"PropertyValueSpecification","valueRequired":true,"valueName":"search_term_string"}}],"inLanguage":"tr"},{"@type":"Organization","@id":"https:\/\/sales-ai-agents.com\/#organization","name":"FuseBase","url":"https:\/\/sales-ai-agents.com\/","logo":{"@type":"ImageObject","inLanguage":"tr","@id":"https:\/\/sales-ai-agents.com\/#\/schema\/logo\/image\/","url":"https:\/\/sales-ai-agents.com\/wp-content\/uploads\/2023\/11\/icon-7.svg","contentUrl":"https:\/\/sales-ai-agents.com\/wp-content\/uploads\/2023\/11\/icon-7.svg","width":128,"height":128,"caption":"FuseBase"},"image":{"@id":"https:\/\/sales-ai-agents.com\/#\/schema\/logo\/image\/"}}]}},"_links":{"self":[{"href":"https:\/\/sales-ai-agents.com\/tr\/wp-json\/wp\/v2\/product\/58050","targetHints":{"allow":["GET"]}}],"collection":[{"href":"https:\/\/sales-ai-agents.com\/tr\/wp-json\/wp\/v2\/product"}],"about":[{"href":"https:\/\/sales-ai-agents.com\/tr\/wp-json\/wp\/v2\/types\/product"}],"wp:featuredmedia":[{"embeddable":true,"href":"https:\/\/sales-ai-agents.com\/tr\/wp-json\/wp\/v2\/media\/58051"}],"wp:attachment":[{"href":"https:\/\/sales-ai-agents.com\/tr\/wp-json\/wp\/v2\/media?parent=58050"}],"wp:term":[{"taxonomy":"product_brand","embeddable":true,"href":"https:\/\/sales-ai-agents.com\/tr\/wp-json\/wp\/v2\/product_brand?post=58050"},{"taxonomy":"product_cat","embeddable":true,"href":"https:\/\/sales-ai-agents.com\/tr\/wp-json\/wp\/v2\/product_cat?post=58050"},{"taxonomy":"product_tag","embeddable":true,"href":"https:\/\/sales-ai-agents.com\/tr\/wp-json\/wp\/v2\/product_tag?post=58050"}],"curies":[{"name":"wp","href":"https:\/\/api.w.org\/{rel}","templated":true}]}}