{"id":58056,"date":"2022-09-26T11:58:48","date_gmt":"2022-09-26T11:58:48","guid":{"rendered":"https:\/\/sales-ai-agents.com\/templates\/sales-call-preparation\/"},"modified":"2023-12-31T17:35:17","modified_gmt":"2023-12-31T17:35:17","slug":"sales-call-preparation","status":"publish","type":"product","link":"https:\/\/sales-ai-agents.com\/tr\/templates\/sales-call-preparation\/","title":{"rendered":"Sat\u0131\u015f G\u00f6r\u00fc\u015fmesi Haz\u0131rl\u0131\u011f\u0131"},"content":{"rendered":"<p>&nbsp;<\/p>\n<h2>Sat\u0131\u015f \u00c7a\u011fr\u0131s\u0131 Haz\u0131rlama \u015eablonu<\/h2>\n<h5>Nas\u0131l Kullan\u0131l\u0131r?<\/h5>\n<p class=\"desc-text\">A\u015fa\u011f\u0131daki ayr\u0131nt\u0131lar\u0131 ekleyin:<\/p>\n<h5 class=\"desc-subtitle\">\u00c7a\u011fr\u0131 Bilgileri<\/h5>\n<p class=\"desc-subtitle\">Bu, gelecekteki referans ve takipler i\u00e7in \u00f6nemlidir. Bu, \u015funlar\u0131 i\u00e7ermelidir:<\/p>\n<ul class=\"desc-item_list\">\n<li class=\"desc-item_list__point\">G\u00f6r\u00fc\u015fme tarihi.<\/li>\n<li class=\"desc-item_list__point\">Varsa ekip \u00fcyeleriniz.<\/li>\n<li class=\"desc-item_list__point\">Araman\u0131n sebebi. \u00d6rne\u011fin, yak\u0131nl\u0131k kurmak ve bir ili\u015fki ba\u015flatmak isteyebilirsiniz.<\/li>\n<li class=\"desc-item_list__point\">\u0130leti\u015fime ge\u00e7ti\u011finiz \u015firketin ad\u0131.<\/li>\n<\/ul>\n<h5 class=\"desc-subtitle\">Hedeflerinizi Netle\u015ftirin<\/h5>\n<p class=\"desc-subtitle\">Arama yaparak ne elde etmek istedi\u011finizi belirleyin. Bu, \u015funlar\u0131 i\u00e7erebilir:<\/p>\n<ul class=\"desc-item_list\">\n<li class=\"desc-item_list__point\">Potansiyel m\u00fc\u015fterinizle bir toplant\u0131 planlay\u0131n.<\/li>\n<li class=\"desc-item_list__point\">Potansiyel m\u00fc\u015fterinizi \u00fcr\u00fcn ve hizmetleriniz hakk\u0131nda bilgilendirin.<\/li>\n<li class=\"desc-item_list__point\">\u0130leti\u015fim bilgilerini al\u0131n, b\u00f6ylece onlara sundu\u011funuz hizmetler hakk\u0131nda daha fazla bilgi g\u00f6nderebilirsiniz.<\/li>\n<\/ul>\n<h5 class=\"desc-subtitle\">Ara\u015ft\u0131rma Bilgileri<\/h5>\n<p class=\"desc-subtitle\">Bu, aramay\u0131 yapmadan \u00f6nce \u015firket hakk\u0131nda buldu\u011funuz t\u00fcm arka plan bilgileridir. Buna \u015funlar da dahil olabilir:<\/p>\n<ul class=\"desc-item_list\">\n<li class=\"desc-item_list__point\">\u0130leti\u015fim isimleri, rolleri, e-posta ve telefon numaralar\u0131.<\/li>\n<li class=\"desc-item_list__point\">\u015eirket ne yap\u0131yor?<\/li>\n<li class=\"desc-item_list__point\">Kamuya a\u00e7\u0131ksa, \u00e7al\u0131\u015fan say\u0131s\u0131 ve y\u0131ll\u0131k cirolar\u0131 a\u00e7\u0131s\u0131ndan \u015firketin b\u00fcy\u00fckl\u00fc\u011f\u00fc.<\/li>\n<li class=\"desc-item_list__point\">\u015eirket ne kadar s\u00fcredir faaliyet g\u00f6steriyor.<\/li>\n<li class=\"desc-item_list__point\">\u015eirketin sundu\u011funuz \u00fcr\u00fcne neden ihtiya\u00e7 duydu\u011funu belirleyin.<\/li>\n<\/ul>\n<h5 class=\"desc-subtitle\">Kontrol Listeniz<\/h5>\n<p class=\"desc-subtitle\">Bu, aramadan \u00f6nce yapman\u0131z gereken g\u00f6revleri i\u00e7erir. \u00d6rne\u011fin:<\/p>\n<ul class=\"desc-item_list\">\n<li class=\"desc-item_list__point\">Harekete ge\u00e7irici mesaj\u0131n\u0131z i\u00e7in bir senaryo haz\u0131rlay\u0131n.<\/li>\n<li class=\"desc-item_list__point\">Potansiyel m\u00fc\u015fterinizin isteyebilece\u011fi her t\u00fcrl\u00fc pazarlama materyalini veya di\u011fer bilgileri haz\u0131rlamak.<\/li>\n<li class=\"desc-item_list__point\">E\u011fer bir takip yap\u0131yorsan\u0131z, \u00f6nceki aramalardan notlar\u0131n\u0131z\u0131n olmas\u0131.<\/li>\n<\/ul>\n","protected":false},"excerpt":{"rendered":"<p>Sat\u0131\u015f sonu\u00e7lar\u0131n\u0131z\u0131 iyile\u015ftirmek i\u00e7in \u00fccretsiz \u00e7a\u011fr\u0131 \u00f6ncesi planlama \u015fablonunuzu al\u0131n! Bu \u015fablona sahip olman\u0131n i\u015fletmeniz i\u00e7in neden bu kadar \u00f6nemli oldu\u011funu ve nas\u0131l kullanaca\u011f\u0131n\u0131z\u0131 \u00f6\u011frenin.<\/p>\n","protected":false},"featured_media":58057,"template":"","meta":{"_acf_changed":false,"inline_featured_image":false},"product_brand":[],"product_cat":[270,254],"product_tag":[],"class_list":{"0":"post-58056","1":"product","2":"type-product","3":"status-publish","4":"has-post-thumbnail","6":"product_cat-sales-management","7":"product_cat-sales","9":"first","10":"instock","11":"virtual","12":"sold-individually","13":"product-type-simple"},"acf":[],"yoast_head":"<!-- This site is optimized with the Yoast SEO plugin v25.3.1 - https:\/\/yoast.com\/wordpress\/plugins\/seo\/ -->\n<title>\u00c7a\u011fr\u0131 \u00d6ncesi Planlama \u015eablonu - Sales AI Agents<\/title>\n<meta name=\"description\" content=\"Sat\u0131\u015f sonu\u00e7lar\u0131n\u0131z\u0131 iyile\u015ftirmek i\u00e7in \u00fccretsiz \u00e7a\u011fr\u0131 \u00f6ncesi planlama \u015fablonunuzu al\u0131n! Bu \u015fablona sahip olman\u0131n i\u015fletmeniz i\u00e7in neden bu kadar \u00f6nemli oldu\u011funu ve nas\u0131l kullanaca\u011f\u0131n\u0131z\u0131 \u00f6\u011frenin.\" \/>\n<meta name=\"robots\" content=\"index, follow, max-snippet:-1, max-image-preview:large, max-video-preview:-1\" \/>\n<link rel=\"canonical\" href=\"https:\/\/sales-ai-agents.com\/tr\/templates\/sales-call-preparation\/\" \/>\n<meta property=\"og:locale\" content=\"tr_TR\" \/>\n<meta property=\"og:type\" content=\"article\" \/>\n<meta property=\"og:title\" content=\"\u00c7a\u011fr\u0131 \u00d6ncesi Planlama \u015eablonu - Sales AI Agents\" \/>\n<meta property=\"og:description\" content=\"Sat\u0131\u015f sonu\u00e7lar\u0131n\u0131z\u0131 iyile\u015ftirmek i\u00e7in \u00fccretsiz \u00e7a\u011fr\u0131 \u00f6ncesi planlama \u015fablonunuzu al\u0131n! Bu \u015fablona sahip olman\u0131n i\u015fletmeniz i\u00e7in neden bu kadar \u00f6nemli oldu\u011funu ve nas\u0131l kullanaca\u011f\u0131n\u0131z\u0131 \u00f6\u011frenin.\" \/>\n<meta property=\"og:url\" content=\"https:\/\/sales-ai-agents.com\/tr\/templates\/sales-call-preparation\/\" \/>\n<meta property=\"og:site_name\" content=\"Sales AI Agents\" \/>\n<meta property=\"article:modified_time\" content=\"2023-12-31T17:35:17+00:00\" \/>\n<meta property=\"og:image\" content=\"https:\/\/sales-ai-agents.com\/wp-content\/uploads\/2022\/09\/Sales-Call-Preparation-Template.png\" \/>\n\t<meta property=\"og:image:width\" content=\"1700\" \/>\n\t<meta property=\"og:image:height\" content=\"1100\" \/>\n\t<meta property=\"og:image:type\" content=\"image\/png\" \/>\n<meta name=\"twitter:card\" content=\"summary_large_image\" \/>\n<script type=\"application\/ld+json\" class=\"yoast-schema-graph\">{\"@context\":\"https:\/\/schema.org\",\"@graph\":[{\"@type\":\"WebPage\",\"@id\":\"https:\/\/sales-ai-agents.com\/tr\/templates\/sales-call-preparation\/\",\"url\":\"https:\/\/sales-ai-agents.com\/tr\/templates\/sales-call-preparation\/\",\"name\":\"\u00c7a\u011fr\u0131 \u00d6ncesi Planlama \u015eablonu - Sales AI Agents\",\"isPartOf\":{\"@id\":\"https:\/\/sales-ai-agents.com\/#website\"},\"primaryImageOfPage\":{\"@id\":\"https:\/\/sales-ai-agents.com\/tr\/templates\/sales-call-preparation\/#primaryimage\"},\"image\":{\"@id\":\"https:\/\/sales-ai-agents.com\/tr\/templates\/sales-call-preparation\/#primaryimage\"},\"thumbnailUrl\":\"https:\/\/sales-ai-agents.com\/wp-content\/uploads\/2022\/09\/Sales-Call-Preparation-Template.png\",\"datePublished\":\"2022-09-26T11:58:48+00:00\",\"dateModified\":\"2023-12-31T17:35:17+00:00\",\"description\":\"Sat\u0131\u015f sonu\u00e7lar\u0131n\u0131z\u0131 iyile\u015ftirmek i\u00e7in \u00fccretsiz \u00e7a\u011fr\u0131 \u00f6ncesi planlama \u015fablonunuzu al\u0131n! Bu \u015fablona sahip olman\u0131n i\u015fletmeniz i\u00e7in neden bu kadar \u00f6nemli oldu\u011funu ve nas\u0131l kullanaca\u011f\u0131n\u0131z\u0131 \u00f6\u011frenin.\",\"inLanguage\":\"tr\",\"potentialAction\":[{\"@type\":\"ReadAction\",\"target\":[\"https:\/\/sales-ai-agents.com\/tr\/templates\/sales-call-preparation\/\"]}]},{\"@type\":\"ImageObject\",\"inLanguage\":\"tr\",\"@id\":\"https:\/\/sales-ai-agents.com\/tr\/templates\/sales-call-preparation\/#primaryimage\",\"url\":\"https:\/\/sales-ai-agents.com\/wp-content\/uploads\/2022\/09\/Sales-Call-Preparation-Template.png\",\"contentUrl\":\"https:\/\/sales-ai-agents.com\/wp-content\/uploads\/2022\/09\/Sales-Call-Preparation-Template.png\",\"width\":1700,\"height\":1100},{\"@type\":\"WebSite\",\"@id\":\"https:\/\/sales-ai-agents.com\/#website\",\"url\":\"https:\/\/sales-ai-agents.com\/\",\"name\":\"FuseBase\",\"description\":\"Sales AI Agents - Free Online Collaboration Software for Remote Teams. Build your wikis, client portals and more with the Nimbus Platform collaboration tool ? A perfect space for online work\",\"publisher\":{\"@id\":\"https:\/\/sales-ai-agents.com\/#organization\"},\"potentialAction\":[{\"@type\":\"SearchAction\",\"target\":{\"@type\":\"EntryPoint\",\"urlTemplate\":\"https:\/\/sales-ai-agents.com\/?s={search_term_string}\"},\"query-input\":{\"@type\":\"PropertyValueSpecification\",\"valueRequired\":true,\"valueName\":\"search_term_string\"}}],\"inLanguage\":\"tr\"},{\"@type\":\"Organization\",\"@id\":\"https:\/\/sales-ai-agents.com\/#organization\",\"name\":\"FuseBase\",\"url\":\"https:\/\/sales-ai-agents.com\/\",\"logo\":{\"@type\":\"ImageObject\",\"inLanguage\":\"tr\",\"@id\":\"https:\/\/sales-ai-agents.com\/#\/schema\/logo\/image\/\",\"url\":\"https:\/\/sales-ai-agents.com\/wp-content\/uploads\/2023\/11\/icon-7.svg\",\"contentUrl\":\"https:\/\/sales-ai-agents.com\/wp-content\/uploads\/2023\/11\/icon-7.svg\",\"width\":128,\"height\":128,\"caption\":\"FuseBase\"},\"image\":{\"@id\":\"https:\/\/sales-ai-agents.com\/#\/schema\/logo\/image\/\"}}]}<\/script>\n<!-- \/ Yoast SEO plugin. -->","yoast_head_json":{"title":"\u00c7a\u011fr\u0131 \u00d6ncesi Planlama \u015eablonu - Sales AI Agents","description":"Sat\u0131\u015f sonu\u00e7lar\u0131n\u0131z\u0131 iyile\u015ftirmek i\u00e7in \u00fccretsiz \u00e7a\u011fr\u0131 \u00f6ncesi planlama \u015fablonunuzu al\u0131n! Bu \u015fablona sahip olman\u0131n i\u015fletmeniz i\u00e7in neden bu kadar \u00f6nemli oldu\u011funu ve nas\u0131l kullanaca\u011f\u0131n\u0131z\u0131 \u00f6\u011frenin.","robots":{"index":"index","follow":"follow","max-snippet":"max-snippet:-1","max-image-preview":"max-image-preview:large","max-video-preview":"max-video-preview:-1"},"canonical":"https:\/\/sales-ai-agents.com\/tr\/templates\/sales-call-preparation\/","og_locale":"tr_TR","og_type":"article","og_title":"\u00c7a\u011fr\u0131 \u00d6ncesi Planlama \u015eablonu - Sales AI Agents","og_description":"Sat\u0131\u015f sonu\u00e7lar\u0131n\u0131z\u0131 iyile\u015ftirmek i\u00e7in \u00fccretsiz \u00e7a\u011fr\u0131 \u00f6ncesi planlama \u015fablonunuzu al\u0131n! Bu \u015fablona sahip olman\u0131n i\u015fletmeniz i\u00e7in neden bu kadar \u00f6nemli oldu\u011funu ve nas\u0131l kullanaca\u011f\u0131n\u0131z\u0131 \u00f6\u011frenin.","og_url":"https:\/\/sales-ai-agents.com\/tr\/templates\/sales-call-preparation\/","og_site_name":"Sales AI Agents","article_modified_time":"2023-12-31T17:35:17+00:00","og_image":[{"width":1700,"height":1100,"url":"https:\/\/sales-ai-agents.com\/wp-content\/uploads\/2022\/09\/Sales-Call-Preparation-Template.png","type":"image\/png"}],"twitter_card":"summary_large_image","schema":{"@context":"https:\/\/schema.org","@graph":[{"@type":"WebPage","@id":"https:\/\/sales-ai-agents.com\/tr\/templates\/sales-call-preparation\/","url":"https:\/\/sales-ai-agents.com\/tr\/templates\/sales-call-preparation\/","name":"\u00c7a\u011fr\u0131 \u00d6ncesi Planlama \u015eablonu - Sales AI Agents","isPartOf":{"@id":"https:\/\/sales-ai-agents.com\/#website"},"primaryImageOfPage":{"@id":"https:\/\/sales-ai-agents.com\/tr\/templates\/sales-call-preparation\/#primaryimage"},"image":{"@id":"https:\/\/sales-ai-agents.com\/tr\/templates\/sales-call-preparation\/#primaryimage"},"thumbnailUrl":"https:\/\/sales-ai-agents.com\/wp-content\/uploads\/2022\/09\/Sales-Call-Preparation-Template.png","datePublished":"2022-09-26T11:58:48+00:00","dateModified":"2023-12-31T17:35:17+00:00","description":"Sat\u0131\u015f sonu\u00e7lar\u0131n\u0131z\u0131 iyile\u015ftirmek i\u00e7in \u00fccretsiz \u00e7a\u011fr\u0131 \u00f6ncesi planlama \u015fablonunuzu al\u0131n! Bu \u015fablona sahip olman\u0131n i\u015fletmeniz i\u00e7in neden bu kadar \u00f6nemli oldu\u011funu ve nas\u0131l kullanaca\u011f\u0131n\u0131z\u0131 \u00f6\u011frenin.","inLanguage":"tr","potentialAction":[{"@type":"ReadAction","target":["https:\/\/sales-ai-agents.com\/tr\/templates\/sales-call-preparation\/"]}]},{"@type":"ImageObject","inLanguage":"tr","@id":"https:\/\/sales-ai-agents.com\/tr\/templates\/sales-call-preparation\/#primaryimage","url":"https:\/\/sales-ai-agents.com\/wp-content\/uploads\/2022\/09\/Sales-Call-Preparation-Template.png","contentUrl":"https:\/\/sales-ai-agents.com\/wp-content\/uploads\/2022\/09\/Sales-Call-Preparation-Template.png","width":1700,"height":1100},{"@type":"WebSite","@id":"https:\/\/sales-ai-agents.com\/#website","url":"https:\/\/sales-ai-agents.com\/","name":"FuseBase","description":"Sales AI Agents - Free Online Collaboration Software for Remote Teams. Build your wikis, client portals and more with the Nimbus Platform collaboration tool ? A perfect space for online work","publisher":{"@id":"https:\/\/sales-ai-agents.com\/#organization"},"potentialAction":[{"@type":"SearchAction","target":{"@type":"EntryPoint","urlTemplate":"https:\/\/sales-ai-agents.com\/?s={search_term_string}"},"query-input":{"@type":"PropertyValueSpecification","valueRequired":true,"valueName":"search_term_string"}}],"inLanguage":"tr"},{"@type":"Organization","@id":"https:\/\/sales-ai-agents.com\/#organization","name":"FuseBase","url":"https:\/\/sales-ai-agents.com\/","logo":{"@type":"ImageObject","inLanguage":"tr","@id":"https:\/\/sales-ai-agents.com\/#\/schema\/logo\/image\/","url":"https:\/\/sales-ai-agents.com\/wp-content\/uploads\/2023\/11\/icon-7.svg","contentUrl":"https:\/\/sales-ai-agents.com\/wp-content\/uploads\/2023\/11\/icon-7.svg","width":128,"height":128,"caption":"FuseBase"},"image":{"@id":"https:\/\/sales-ai-agents.com\/#\/schema\/logo\/image\/"}}]}},"_links":{"self":[{"href":"https:\/\/sales-ai-agents.com\/tr\/wp-json\/wp\/v2\/product\/58056","targetHints":{"allow":["GET"]}}],"collection":[{"href":"https:\/\/sales-ai-agents.com\/tr\/wp-json\/wp\/v2\/product"}],"about":[{"href":"https:\/\/sales-ai-agents.com\/tr\/wp-json\/wp\/v2\/types\/product"}],"wp:featuredmedia":[{"embeddable":true,"href":"https:\/\/sales-ai-agents.com\/tr\/wp-json\/wp\/v2\/media\/58057"}],"wp:attachment":[{"href":"https:\/\/sales-ai-agents.com\/tr\/wp-json\/wp\/v2\/media?parent=58056"}],"wp:term":[{"taxonomy":"product_brand","embeddable":true,"href":"https:\/\/sales-ai-agents.com\/tr\/wp-json\/wp\/v2\/product_brand?post=58056"},{"taxonomy":"product_cat","embeddable":true,"href":"https:\/\/sales-ai-agents.com\/tr\/wp-json\/wp\/v2\/product_cat?post=58056"},{"taxonomy":"product_tag","embeddable":true,"href":"https:\/\/sales-ai-agents.com\/tr\/wp-json\/wp\/v2\/product_tag?post=58056"}],"curies":[{"name":"wp","href":"https:\/\/api.w.org\/{rel}","templated":true}]}}