{"id":58060,"date":"2022-09-26T11:58:19","date_gmt":"2022-09-26T11:58:19","guid":{"rendered":"https:\/\/sales-ai-agents.com\/templates\/daily-planning\/"},"modified":"2024-01-02T11:17:58","modified_gmt":"2024-01-02T11:17:58","slug":"daily-planning","status":"publish","type":"product","link":"https:\/\/sales-ai-agents.com\/tr\/templates\/daily-planning\/","title":{"rendered":"G\u00fcnl\u00fck Planlama"},"content":{"rendered":"<p>&nbsp;<\/p>\n<h2>G\u00fcnl\u00fck Planlama \u015eablonu<\/h2>\n<p class=\"desc-text\">G\u00fcn\u00fcn\u00fcz aktiviteler, etkinlikler ve sorumluluklarla doluysa, her \u015feyi y\u00f6netmek \u00e7ok b\u00fcy\u00fck bir g\u00f6rev olabilir. Teslim tarihleri kar\u015f\u0131s\u0131nda bunalmak veya t\u0131kanmak kolayd\u0131r. G\u00fcnl\u00fck planlay\u0131c\u0131 kullanmak g\u00fcn\u00fcn\u00fcz\u00fc d\u00fczenlemenize ve ula\u015fmak istedi\u011finiz hedefleri belirlemenize yard\u0131mc\u0131 olabilir.<\/p>\n<h5>Nas\u0131l kullan\u0131l\u0131r?<\/h5>\n<ul class=\"desc-item_list\">\n<li class=\"desc-item_list__point\">Tarih ve ay\u0131 ekleyin<\/li>\n<li class=\"desc-item_list__point\">G\u00fcn i\u00e7in t\u00fcm randevular\u0131 listeleyin<\/li>\n<li class=\"desc-item_list__point\">Edinmek istedi\u011finiz al\u0131\u015fkanl\u0131ktan bahsedin<\/li>\n<li class=\"desc-item_list__point\">Ana hedeflerinizi sayfada tutun<\/li>\n<li class=\"desc-item_list__point\">Her g\u00fcn yapman\u0131z gereken egzersizleri listeleyin<\/li>\n<\/ul>\n","protected":false},"excerpt":{"rendered":"<p>G\u00fcn\u00fcn\u00fcz aktiviteler ve sorumluluklarla doluysa, hepsini y\u00f6netmek \u00e7ok b\u00fcy\u00fck bir g\u00f6rev olabilir. G\u00fcn\u00fcn\u00fcz\u00fc d\u00fczenlemek ve hedefler belirlemek i\u00e7in bir g\u00fcnl\u00fck planlay\u0131c\u0131 kullan\u0131n.<\/p>\n","protected":false},"featured_media":58062,"template":"","meta":{"_acf_changed":false,"inline_featured_image":false},"product_brand":[],"product_cat":[257,256],"product_tag":[],"class_list":{"0":"post-58060","1":"product","2":"type-product","3":"status-publish","4":"has-post-thumbnail","6":"product_cat-personal","7":"product_cat-organizers-planners","9":"first","10":"instock","11":"virtual","12":"sold-individually","13":"product-type-simple"},"acf":[],"yoast_head":"<!-- This site is optimized with the Yoast SEO plugin v25.3.1 - https:\/\/yoast.com\/wordpress\/plugins\/seo\/ -->\n<title>G\u00fcnl\u00fck Planlama \u015eablonu - Sales AI Agents<\/title>\n<meta name=\"description\" content=\"G\u00fcn\u00fcn\u00fcz aktiviteler ve sorumluluklarla doluysa, hepsini y\u00f6netmek \u00e7ok b\u00fcy\u00fck bir g\u00f6rev olabilir. G\u00fcn\u00fcn\u00fcz\u00fc d\u00fczenlemek ve hedefler belirlemek i\u00e7in bir g\u00fcnl\u00fck planlay\u0131c\u0131 kullan\u0131n\" \/>\n<meta name=\"robots\" content=\"index, follow, max-snippet:-1, max-image-preview:large, max-video-preview:-1\" \/>\n<link rel=\"canonical\" href=\"https:\/\/sales-ai-agents.com\/tr\/templates\/daily-planning\/\" \/>\n<meta property=\"og:locale\" content=\"tr_TR\" \/>\n<meta property=\"og:type\" content=\"article\" \/>\n<meta property=\"og:title\" content=\"G\u00fcnl\u00fck Planlama \u015eablonu - Sales AI Agents\" \/>\n<meta property=\"og:description\" content=\"G\u00fcn\u00fcn\u00fcz aktiviteler ve sorumluluklarla doluysa, hepsini y\u00f6netmek \u00e7ok b\u00fcy\u00fck bir g\u00f6rev olabilir. G\u00fcn\u00fcn\u00fcz\u00fc d\u00fczenlemek ve hedefler belirlemek i\u00e7in bir g\u00fcnl\u00fck planlay\u0131c\u0131 kullan\u0131n\" \/>\n<meta property=\"og:url\" content=\"https:\/\/sales-ai-agents.com\/tr\/templates\/daily-planning\/\" \/>\n<meta property=\"og:site_name\" content=\"Sales AI Agents\" \/>\n<meta property=\"article:modified_time\" content=\"2024-01-02T11:17:58+00:00\" \/>\n<meta property=\"og:image\" content=\"https:\/\/sales-ai-agents.com\/wp-content\/uploads\/2022\/09\/Daily-Planning-Template-1.png\" \/>\n\t<meta property=\"og:image:width\" content=\"1700\" \/>\n\t<meta property=\"og:image:height\" content=\"1096\" \/>\n\t<meta property=\"og:image:type\" content=\"image\/png\" \/>\n<meta name=\"twitter:card\" content=\"summary_large_image\" \/>\n<script type=\"application\/ld+json\" class=\"yoast-schema-graph\">{\"@context\":\"https:\/\/schema.org\",\"@graph\":[{\"@type\":\"WebPage\",\"@id\":\"https:\/\/sales-ai-agents.com\/tr\/templates\/daily-planning\/\",\"url\":\"https:\/\/sales-ai-agents.com\/tr\/templates\/daily-planning\/\",\"name\":\"G\u00fcnl\u00fck Planlama \u015eablonu - Sales AI Agents\",\"isPartOf\":{\"@id\":\"https:\/\/sales-ai-agents.com\/#website\"},\"primaryImageOfPage\":{\"@id\":\"https:\/\/sales-ai-agents.com\/tr\/templates\/daily-planning\/#primaryimage\"},\"image\":{\"@id\":\"https:\/\/sales-ai-agents.com\/tr\/templates\/daily-planning\/#primaryimage\"},\"thumbnailUrl\":\"https:\/\/sales-ai-agents.com\/wp-content\/uploads\/2022\/09\/Daily-Planning-Template-1.png\",\"datePublished\":\"2022-09-26T11:58:19+00:00\",\"dateModified\":\"2024-01-02T11:17:58+00:00\",\"description\":\"G\u00fcn\u00fcn\u00fcz aktiviteler ve sorumluluklarla doluysa, hepsini y\u00f6netmek \u00e7ok b\u00fcy\u00fck bir g\u00f6rev olabilir. G\u00fcn\u00fcn\u00fcz\u00fc d\u00fczenlemek ve hedefler belirlemek i\u00e7in bir g\u00fcnl\u00fck planlay\u0131c\u0131 kullan\u0131n\",\"inLanguage\":\"tr\",\"potentialAction\":[{\"@type\":\"ReadAction\",\"target\":[\"https:\/\/sales-ai-agents.com\/tr\/templates\/daily-planning\/\"]}]},{\"@type\":\"ImageObject\",\"inLanguage\":\"tr\",\"@id\":\"https:\/\/sales-ai-agents.com\/tr\/templates\/daily-planning\/#primaryimage\",\"url\":\"https:\/\/sales-ai-agents.com\/wp-content\/uploads\/2022\/09\/Daily-Planning-Template-1.png\",\"contentUrl\":\"https:\/\/sales-ai-agents.com\/wp-content\/uploads\/2022\/09\/Daily-Planning-Template-1.png\",\"width\":1700,\"height\":1096},{\"@type\":\"WebSite\",\"@id\":\"https:\/\/sales-ai-agents.com\/#website\",\"url\":\"https:\/\/sales-ai-agents.com\/\",\"name\":\"FuseBase\",\"description\":\"Sales AI Agents - Free Online Collaboration Software for Remote Teams. Build your wikis, client portals and more with the Nimbus Platform collaboration tool ? A perfect space for online work\",\"publisher\":{\"@id\":\"https:\/\/sales-ai-agents.com\/#organization\"},\"potentialAction\":[{\"@type\":\"SearchAction\",\"target\":{\"@type\":\"EntryPoint\",\"urlTemplate\":\"https:\/\/sales-ai-agents.com\/?s={search_term_string}\"},\"query-input\":{\"@type\":\"PropertyValueSpecification\",\"valueRequired\":true,\"valueName\":\"search_term_string\"}}],\"inLanguage\":\"tr\"},{\"@type\":\"Organization\",\"@id\":\"https:\/\/sales-ai-agents.com\/#organization\",\"name\":\"FuseBase\",\"url\":\"https:\/\/sales-ai-agents.com\/\",\"logo\":{\"@type\":\"ImageObject\",\"inLanguage\":\"tr\",\"@id\":\"https:\/\/sales-ai-agents.com\/#\/schema\/logo\/image\/\",\"url\":\"https:\/\/sales-ai-agents.com\/wp-content\/uploads\/2023\/11\/icon-7.svg\",\"contentUrl\":\"https:\/\/sales-ai-agents.com\/wp-content\/uploads\/2023\/11\/icon-7.svg\",\"width\":128,\"height\":128,\"caption\":\"FuseBase\"},\"image\":{\"@id\":\"https:\/\/sales-ai-agents.com\/#\/schema\/logo\/image\/\"}}]}<\/script>\n<!-- \/ Yoast SEO plugin. -->","yoast_head_json":{"title":"G\u00fcnl\u00fck Planlama \u015eablonu - Sales AI Agents","description":"G\u00fcn\u00fcn\u00fcz aktiviteler ve sorumluluklarla doluysa, hepsini y\u00f6netmek \u00e7ok b\u00fcy\u00fck bir g\u00f6rev olabilir. G\u00fcn\u00fcn\u00fcz\u00fc d\u00fczenlemek ve hedefler belirlemek i\u00e7in bir g\u00fcnl\u00fck planlay\u0131c\u0131 kullan\u0131n","robots":{"index":"index","follow":"follow","max-snippet":"max-snippet:-1","max-image-preview":"max-image-preview:large","max-video-preview":"max-video-preview:-1"},"canonical":"https:\/\/sales-ai-agents.com\/tr\/templates\/daily-planning\/","og_locale":"tr_TR","og_type":"article","og_title":"G\u00fcnl\u00fck Planlama \u015eablonu - Sales AI Agents","og_description":"G\u00fcn\u00fcn\u00fcz aktiviteler ve sorumluluklarla doluysa, hepsini y\u00f6netmek \u00e7ok b\u00fcy\u00fck bir g\u00f6rev olabilir. G\u00fcn\u00fcn\u00fcz\u00fc d\u00fczenlemek ve hedefler belirlemek i\u00e7in bir g\u00fcnl\u00fck planlay\u0131c\u0131 kullan\u0131n","og_url":"https:\/\/sales-ai-agents.com\/tr\/templates\/daily-planning\/","og_site_name":"Sales AI Agents","article_modified_time":"2024-01-02T11:17:58+00:00","og_image":[{"width":1700,"height":1096,"url":"https:\/\/sales-ai-agents.com\/wp-content\/uploads\/2022\/09\/Daily-Planning-Template-1.png","type":"image\/png"}],"twitter_card":"summary_large_image","schema":{"@context":"https:\/\/schema.org","@graph":[{"@type":"WebPage","@id":"https:\/\/sales-ai-agents.com\/tr\/templates\/daily-planning\/","url":"https:\/\/sales-ai-agents.com\/tr\/templates\/daily-planning\/","name":"G\u00fcnl\u00fck Planlama \u015eablonu - Sales AI Agents","isPartOf":{"@id":"https:\/\/sales-ai-agents.com\/#website"},"primaryImageOfPage":{"@id":"https:\/\/sales-ai-agents.com\/tr\/templates\/daily-planning\/#primaryimage"},"image":{"@id":"https:\/\/sales-ai-agents.com\/tr\/templates\/daily-planning\/#primaryimage"},"thumbnailUrl":"https:\/\/sales-ai-agents.com\/wp-content\/uploads\/2022\/09\/Daily-Planning-Template-1.png","datePublished":"2022-09-26T11:58:19+00:00","dateModified":"2024-01-02T11:17:58+00:00","description":"G\u00fcn\u00fcn\u00fcz aktiviteler ve sorumluluklarla doluysa, hepsini y\u00f6netmek \u00e7ok b\u00fcy\u00fck bir g\u00f6rev olabilir. G\u00fcn\u00fcn\u00fcz\u00fc d\u00fczenlemek ve hedefler belirlemek i\u00e7in bir g\u00fcnl\u00fck planlay\u0131c\u0131 kullan\u0131n","inLanguage":"tr","potentialAction":[{"@type":"ReadAction","target":["https:\/\/sales-ai-agents.com\/tr\/templates\/daily-planning\/"]}]},{"@type":"ImageObject","inLanguage":"tr","@id":"https:\/\/sales-ai-agents.com\/tr\/templates\/daily-planning\/#primaryimage","url":"https:\/\/sales-ai-agents.com\/wp-content\/uploads\/2022\/09\/Daily-Planning-Template-1.png","contentUrl":"https:\/\/sales-ai-agents.com\/wp-content\/uploads\/2022\/09\/Daily-Planning-Template-1.png","width":1700,"height":1096},{"@type":"WebSite","@id":"https:\/\/sales-ai-agents.com\/#website","url":"https:\/\/sales-ai-agents.com\/","name":"FuseBase","description":"Sales AI Agents - Free Online Collaboration Software for Remote Teams. Build your wikis, client portals and more with the Nimbus Platform collaboration tool ? A perfect space for online work","publisher":{"@id":"https:\/\/sales-ai-agents.com\/#organization"},"potentialAction":[{"@type":"SearchAction","target":{"@type":"EntryPoint","urlTemplate":"https:\/\/sales-ai-agents.com\/?s={search_term_string}"},"query-input":{"@type":"PropertyValueSpecification","valueRequired":true,"valueName":"search_term_string"}}],"inLanguage":"tr"},{"@type":"Organization","@id":"https:\/\/sales-ai-agents.com\/#organization","name":"FuseBase","url":"https:\/\/sales-ai-agents.com\/","logo":{"@type":"ImageObject","inLanguage":"tr","@id":"https:\/\/sales-ai-agents.com\/#\/schema\/logo\/image\/","url":"https:\/\/sales-ai-agents.com\/wp-content\/uploads\/2023\/11\/icon-7.svg","contentUrl":"https:\/\/sales-ai-agents.com\/wp-content\/uploads\/2023\/11\/icon-7.svg","width":128,"height":128,"caption":"FuseBase"},"image":{"@id":"https:\/\/sales-ai-agents.com\/#\/schema\/logo\/image\/"}}]}},"_links":{"self":[{"href":"https:\/\/sales-ai-agents.com\/tr\/wp-json\/wp\/v2\/product\/58060","targetHints":{"allow":["GET"]}}],"collection":[{"href":"https:\/\/sales-ai-agents.com\/tr\/wp-json\/wp\/v2\/product"}],"about":[{"href":"https:\/\/sales-ai-agents.com\/tr\/wp-json\/wp\/v2\/types\/product"}],"wp:featuredmedia":[{"embeddable":true,"href":"https:\/\/sales-ai-agents.com\/tr\/wp-json\/wp\/v2\/media\/58062"}],"wp:attachment":[{"href":"https:\/\/sales-ai-agents.com\/tr\/wp-json\/wp\/v2\/media?parent=58060"}],"wp:term":[{"taxonomy":"product_brand","embeddable":true,"href":"https:\/\/sales-ai-agents.com\/tr\/wp-json\/wp\/v2\/product_brand?post=58060"},{"taxonomy":"product_cat","embeddable":true,"href":"https:\/\/sales-ai-agents.com\/tr\/wp-json\/wp\/v2\/product_cat?post=58060"},{"taxonomy":"product_tag","embeddable":true,"href":"https:\/\/sales-ai-agents.com\/tr\/wp-json\/wp\/v2\/product_tag?post=58060"}],"curies":[{"name":"wp","href":"https:\/\/api.w.org\/{rel}","templated":true}]}}