{"id":58064,"date":"2022-09-26T11:58:08","date_gmt":"2022-09-26T11:58:08","guid":{"rendered":"https:\/\/sales-ai-agents.com\/templates\/lean-canvas\/"},"modified":"2023-12-31T16:40:02","modified_gmt":"2023-12-31T16:40:02","slug":"lean-canvas","status":"publish","type":"product","link":"https:\/\/sales-ai-agents.com\/tr\/templates\/lean-canvas\/","title":{"rendered":"Yal\u0131n Tuval"},"content":{"rendered":"<p>&nbsp;<\/p>\n<h2>Yal\u0131n Kanvas \u015eablonu<\/h2>\n<p class=\"desc-text\">Yal\u0131n Kanvas \u015eablonumuz ile i\u015f plan\u0131n\u0131za odaklan\u0131n. Sorunlar, \u00e7\u00f6z\u00fcmler, avantajlar ve benzersiz bir de\u011fer \u00f6nerisi hakk\u0131nda d\u00fc\u015f\u00fcnerek i\u015fletmeniz i\u00e7in kapsaml\u0131 bir plan olu\u015fturun. Bir\u00e7ok y\u00f6n\u00fc ku\u015f bak\u0131\u015f\u0131 g\u00f6r\u00fcn ve i\u015f modelinizi sadece \u00f6nemli k\u0131s\u0131mlarla tutarl\u0131 hale getirin. Her seferinde tek bir \u015feye odaklan\u0131n ve tutars\u0131zl\u0131klar\u0131 h\u0131zla tespit edin.<\/p>\n<h5>Nas\u0131l kullan\u0131l\u0131r?<\/h5>\n<ul class=\"desc-item_list\">\n<li class=\"desc-item_list__point\">\u0130\u015fletmenizin kar\u015f\u0131la\u015ft\u0131\u011f\u0131 en \u00f6nemli sorunlar\u0131 listeleyin<\/li>\n<li class=\"desc-item_list__point\">Potansiyel \u00e7\u00f6z\u00fcmler ve metrikler \u00fczerine beyin f\u0131rt\u0131nas\u0131<\/li>\n<li class=\"desc-item_list__point\">Benzersiz bir de\u011fer \u00f6nerisi bulun<\/li>\n<li class=\"desc-item_list__point\">Haks\u0131z avantajlar\u0131 ve hedef t\u00fcketicileri dahil edin<\/li>\n<li class=\"desc-item_list__point\">Kolay i\u015fbirli\u011fi ve ileti\u015fim i\u00e7in ekibinizle payla\u015f\u0131n<\/li>\n<\/ul>\n","protected":false},"excerpt":{"rendered":"<p>\u00dccretsiz Yal\u0131n Kanvas \u015eablonumuz ile i\u015f plan\u0131n\u0131za odaklan\u0131n. \u0130\u015fletmeniz i\u00e7in 12 ana se\u00e7enek \u00fczerinde d\u00fc\u015f\u00fcnerek kapsaml\u0131 bir plan olu\u015fturun.<\/p>\n","protected":false},"featured_media":58065,"template":"","meta":{"_acf_changed":false,"inline_featured_image":false},"product_brand":[],"product_cat":[217,272],"product_tag":[],"class_list":{"0":"post-58064","1":"product","2":"type-product","3":"status-publish","4":"has-post-thumbnail","6":"product_cat-entrepreneur","7":"product_cat-project-documents","9":"first","10":"instock","11":"virtual","12":"sold-individually","13":"product-type-simple"},"acf":[],"yoast_head":"<!-- This site is optimized with the Yoast SEO plugin v25.3.1 - https:\/\/yoast.com\/wordpress\/plugins\/seo\/ -->\n<title>Yal\u0131n Kanvas \u015eablonu - Sales AI Agents<\/title>\n<meta name=\"description\" content=\"\u00dccretsiz Yal\u0131n Kanvas \u015eablonumuz ile i\u015f plan\u0131n\u0131za odaklan\u0131n. \u0130\u015fletmeniz i\u00e7in 12 ana se\u00e7enek \u00fczerinde d\u00fc\u015f\u00fcnerek kapsaml\u0131 bir plan olu\u015fturun!\" \/>\n<meta name=\"robots\" content=\"index, follow, max-snippet:-1, max-image-preview:large, max-video-preview:-1\" \/>\n<link rel=\"canonical\" href=\"https:\/\/sales-ai-agents.com\/tr\/templates\/lean-canvas\/\" \/>\n<meta property=\"og:locale\" content=\"tr_TR\" \/>\n<meta property=\"og:type\" content=\"article\" \/>\n<meta property=\"og:title\" content=\"Yal\u0131n Kanvas \u015eablonu - Sales AI Agents\" \/>\n<meta property=\"og:description\" content=\"\u00dccretsiz Yal\u0131n Kanvas \u015eablonumuz ile i\u015f plan\u0131n\u0131za odaklan\u0131n. \u0130\u015fletmeniz i\u00e7in 12 ana se\u00e7enek \u00fczerinde d\u00fc\u015f\u00fcnerek kapsaml\u0131 bir plan olu\u015fturun!\" \/>\n<meta property=\"og:url\" content=\"https:\/\/sales-ai-agents.com\/tr\/templates\/lean-canvas\/\" \/>\n<meta property=\"og:site_name\" content=\"Sales AI Agents\" \/>\n<meta property=\"article:modified_time\" content=\"2023-12-31T16:40:02+00:00\" \/>\n<meta property=\"og:image\" content=\"https:\/\/sales-ai-agents.com\/wp-content\/uploads\/2022\/09\/Lean-Canvas-Template.png\" \/>\n\t<meta property=\"og:image:width\" content=\"1700\" \/>\n\t<meta property=\"og:image:height\" content=\"1100\" \/>\n\t<meta property=\"og:image:type\" content=\"image\/png\" \/>\n<meta name=\"twitter:card\" content=\"summary_large_image\" \/>\n<script type=\"application\/ld+json\" class=\"yoast-schema-graph\">{\"@context\":\"https:\/\/schema.org\",\"@graph\":[{\"@type\":\"WebPage\",\"@id\":\"https:\/\/sales-ai-agents.com\/tr\/templates\/lean-canvas\/\",\"url\":\"https:\/\/sales-ai-agents.com\/tr\/templates\/lean-canvas\/\",\"name\":\"Yal\u0131n Kanvas \u015eablonu - Sales AI Agents\",\"isPartOf\":{\"@id\":\"https:\/\/sales-ai-agents.com\/#website\"},\"primaryImageOfPage\":{\"@id\":\"https:\/\/sales-ai-agents.com\/tr\/templates\/lean-canvas\/#primaryimage\"},\"image\":{\"@id\":\"https:\/\/sales-ai-agents.com\/tr\/templates\/lean-canvas\/#primaryimage\"},\"thumbnailUrl\":\"https:\/\/sales-ai-agents.com\/wp-content\/uploads\/2022\/09\/Lean-Canvas-Template.png\",\"datePublished\":\"2022-09-26T11:58:08+00:00\",\"dateModified\":\"2023-12-31T16:40:02+00:00\",\"description\":\"\u00dccretsiz Yal\u0131n Kanvas \u015eablonumuz ile i\u015f plan\u0131n\u0131za odaklan\u0131n. \u0130\u015fletmeniz i\u00e7in 12 ana se\u00e7enek \u00fczerinde d\u00fc\u015f\u00fcnerek kapsaml\u0131 bir plan olu\u015fturun!\",\"inLanguage\":\"tr\",\"potentialAction\":[{\"@type\":\"ReadAction\",\"target\":[\"https:\/\/sales-ai-agents.com\/tr\/templates\/lean-canvas\/\"]}]},{\"@type\":\"ImageObject\",\"inLanguage\":\"tr\",\"@id\":\"https:\/\/sales-ai-agents.com\/tr\/templates\/lean-canvas\/#primaryimage\",\"url\":\"https:\/\/sales-ai-agents.com\/wp-content\/uploads\/2022\/09\/Lean-Canvas-Template.png\",\"contentUrl\":\"https:\/\/sales-ai-agents.com\/wp-content\/uploads\/2022\/09\/Lean-Canvas-Template.png\",\"width\":1700,\"height\":1100},{\"@type\":\"WebSite\",\"@id\":\"https:\/\/sales-ai-agents.com\/#website\",\"url\":\"https:\/\/sales-ai-agents.com\/\",\"name\":\"FuseBase\",\"description\":\"Sales AI Agents - Free Online Collaboration Software for Remote Teams. Build your wikis, client portals and more with the Nimbus Platform collaboration tool ? A perfect space for online work\",\"publisher\":{\"@id\":\"https:\/\/sales-ai-agents.com\/#organization\"},\"potentialAction\":[{\"@type\":\"SearchAction\",\"target\":{\"@type\":\"EntryPoint\",\"urlTemplate\":\"https:\/\/sales-ai-agents.com\/?s={search_term_string}\"},\"query-input\":{\"@type\":\"PropertyValueSpecification\",\"valueRequired\":true,\"valueName\":\"search_term_string\"}}],\"inLanguage\":\"tr\"},{\"@type\":\"Organization\",\"@id\":\"https:\/\/sales-ai-agents.com\/#organization\",\"name\":\"FuseBase\",\"url\":\"https:\/\/sales-ai-agents.com\/\",\"logo\":{\"@type\":\"ImageObject\",\"inLanguage\":\"tr\",\"@id\":\"https:\/\/sales-ai-agents.com\/#\/schema\/logo\/image\/\",\"url\":\"https:\/\/sales-ai-agents.com\/wp-content\/uploads\/2023\/11\/icon-7.svg\",\"contentUrl\":\"https:\/\/sales-ai-agents.com\/wp-content\/uploads\/2023\/11\/icon-7.svg\",\"width\":128,\"height\":128,\"caption\":\"FuseBase\"},\"image\":{\"@id\":\"https:\/\/sales-ai-agents.com\/#\/schema\/logo\/image\/\"}}]}<\/script>\n<!-- \/ Yoast SEO plugin. -->","yoast_head_json":{"title":"Yal\u0131n Kanvas \u015eablonu - Sales AI Agents","description":"\u00dccretsiz Yal\u0131n Kanvas \u015eablonumuz ile i\u015f plan\u0131n\u0131za odaklan\u0131n. \u0130\u015fletmeniz i\u00e7in 12 ana se\u00e7enek \u00fczerinde d\u00fc\u015f\u00fcnerek kapsaml\u0131 bir plan olu\u015fturun!","robots":{"index":"index","follow":"follow","max-snippet":"max-snippet:-1","max-image-preview":"max-image-preview:large","max-video-preview":"max-video-preview:-1"},"canonical":"https:\/\/sales-ai-agents.com\/tr\/templates\/lean-canvas\/","og_locale":"tr_TR","og_type":"article","og_title":"Yal\u0131n Kanvas \u015eablonu - Sales AI Agents","og_description":"\u00dccretsiz Yal\u0131n Kanvas \u015eablonumuz ile i\u015f plan\u0131n\u0131za odaklan\u0131n. \u0130\u015fletmeniz i\u00e7in 12 ana se\u00e7enek \u00fczerinde d\u00fc\u015f\u00fcnerek kapsaml\u0131 bir plan olu\u015fturun!","og_url":"https:\/\/sales-ai-agents.com\/tr\/templates\/lean-canvas\/","og_site_name":"Sales AI Agents","article_modified_time":"2023-12-31T16:40:02+00:00","og_image":[{"width":1700,"height":1100,"url":"https:\/\/sales-ai-agents.com\/wp-content\/uploads\/2022\/09\/Lean-Canvas-Template.png","type":"image\/png"}],"twitter_card":"summary_large_image","schema":{"@context":"https:\/\/schema.org","@graph":[{"@type":"WebPage","@id":"https:\/\/sales-ai-agents.com\/tr\/templates\/lean-canvas\/","url":"https:\/\/sales-ai-agents.com\/tr\/templates\/lean-canvas\/","name":"Yal\u0131n Kanvas \u015eablonu - Sales AI Agents","isPartOf":{"@id":"https:\/\/sales-ai-agents.com\/#website"},"primaryImageOfPage":{"@id":"https:\/\/sales-ai-agents.com\/tr\/templates\/lean-canvas\/#primaryimage"},"image":{"@id":"https:\/\/sales-ai-agents.com\/tr\/templates\/lean-canvas\/#primaryimage"},"thumbnailUrl":"https:\/\/sales-ai-agents.com\/wp-content\/uploads\/2022\/09\/Lean-Canvas-Template.png","datePublished":"2022-09-26T11:58:08+00:00","dateModified":"2023-12-31T16:40:02+00:00","description":"\u00dccretsiz Yal\u0131n Kanvas \u015eablonumuz ile i\u015f plan\u0131n\u0131za odaklan\u0131n. \u0130\u015fletmeniz i\u00e7in 12 ana se\u00e7enek \u00fczerinde d\u00fc\u015f\u00fcnerek kapsaml\u0131 bir plan olu\u015fturun!","inLanguage":"tr","potentialAction":[{"@type":"ReadAction","target":["https:\/\/sales-ai-agents.com\/tr\/templates\/lean-canvas\/"]}]},{"@type":"ImageObject","inLanguage":"tr","@id":"https:\/\/sales-ai-agents.com\/tr\/templates\/lean-canvas\/#primaryimage","url":"https:\/\/sales-ai-agents.com\/wp-content\/uploads\/2022\/09\/Lean-Canvas-Template.png","contentUrl":"https:\/\/sales-ai-agents.com\/wp-content\/uploads\/2022\/09\/Lean-Canvas-Template.png","width":1700,"height":1100},{"@type":"WebSite","@id":"https:\/\/sales-ai-agents.com\/#website","url":"https:\/\/sales-ai-agents.com\/","name":"FuseBase","description":"Sales AI Agents - Free Online Collaboration Software for Remote Teams. Build your wikis, client portals and more with the Nimbus Platform collaboration tool ? A perfect space for online work","publisher":{"@id":"https:\/\/sales-ai-agents.com\/#organization"},"potentialAction":[{"@type":"SearchAction","target":{"@type":"EntryPoint","urlTemplate":"https:\/\/sales-ai-agents.com\/?s={search_term_string}"},"query-input":{"@type":"PropertyValueSpecification","valueRequired":true,"valueName":"search_term_string"}}],"inLanguage":"tr"},{"@type":"Organization","@id":"https:\/\/sales-ai-agents.com\/#organization","name":"FuseBase","url":"https:\/\/sales-ai-agents.com\/","logo":{"@type":"ImageObject","inLanguage":"tr","@id":"https:\/\/sales-ai-agents.com\/#\/schema\/logo\/image\/","url":"https:\/\/sales-ai-agents.com\/wp-content\/uploads\/2023\/11\/icon-7.svg","contentUrl":"https:\/\/sales-ai-agents.com\/wp-content\/uploads\/2023\/11\/icon-7.svg","width":128,"height":128,"caption":"FuseBase"},"image":{"@id":"https:\/\/sales-ai-agents.com\/#\/schema\/logo\/image\/"}}]}},"_links":{"self":[{"href":"https:\/\/sales-ai-agents.com\/tr\/wp-json\/wp\/v2\/product\/58064","targetHints":{"allow":["GET"]}}],"collection":[{"href":"https:\/\/sales-ai-agents.com\/tr\/wp-json\/wp\/v2\/product"}],"about":[{"href":"https:\/\/sales-ai-agents.com\/tr\/wp-json\/wp\/v2\/types\/product"}],"wp:featuredmedia":[{"embeddable":true,"href":"https:\/\/sales-ai-agents.com\/tr\/wp-json\/wp\/v2\/media\/58065"}],"wp:attachment":[{"href":"https:\/\/sales-ai-agents.com\/tr\/wp-json\/wp\/v2\/media?parent=58064"}],"wp:term":[{"taxonomy":"product_brand","embeddable":true,"href":"https:\/\/sales-ai-agents.com\/tr\/wp-json\/wp\/v2\/product_brand?post=58064"},{"taxonomy":"product_cat","embeddable":true,"href":"https:\/\/sales-ai-agents.com\/tr\/wp-json\/wp\/v2\/product_cat?post=58064"},{"taxonomy":"product_tag","embeddable":true,"href":"https:\/\/sales-ai-agents.com\/tr\/wp-json\/wp\/v2\/product_tag?post=58064"}],"curies":[{"name":"wp","href":"https:\/\/api.w.org\/{rel}","templated":true}]}}