{"id":58067,"date":"2022-09-26T11:58:01","date_gmt":"2022-09-26T11:58:01","guid":{"rendered":"https:\/\/sales-ai-agents.com\/templates\/content-drafts\/"},"modified":"2024-01-02T13:01:03","modified_gmt":"2024-01-02T13:01:03","slug":"content-drafts","status":"publish","type":"product","link":"https:\/\/sales-ai-agents.com\/tr\/templates\/content-drafts\/","title":{"rendered":"\u0130\u00e7erik Taslaklar\u0131"},"content":{"rendered":"<p>&nbsp;<\/p>\n<h2>\u0130\u00e7erik Taslaklar\u0131 \u015eablonu<\/h2>\n<p class=\"desc-text\">Bir yaz\u0131, makale veya blog i\u00e7in yeni i\u00e7erik olu\u015fturmak birka\u00e7 farkl\u0131 ad\u0131m gerektirir. Yolda kaybolmaman\u0131z i\u00e7in, i\u00e7erik olu\u015fturma s\u00fcrecinizi planlaman\u0131za yard\u0131mc\u0131 olacak bu \u015fablonu haz\u0131rlad\u0131k. Bu \u015fablonda, \u00e7al\u0131\u015fman\u0131z\u0131 taslak haline getirmeye ba\u015flaman\u0131z i\u00e7in alan ekledik. Ekip \u00fcyelerinin bitmi\u015f bir par\u00e7a \u00fczerinde birlikte \u00e7al\u0131\u015fabilmesi i\u00e7in onaylayanlar\u0131 etiketleyin. Verimli bir planlama yapmak ve zamandan tasarruf etmek i\u00e7in bu \u015fablonu kullan\u0131n, b\u00f6ylece en \u00f6nemli \u015feye odaklanabilirsiniz: m\u00fckemmel i\u00e7erik haz\u0131rlamak.<\/p>\n<h5>Nas\u0131l kullan\u0131l\u0131r?<\/h5>\n<ul class=\"desc-item_list\">\n<li class=\"desc-item_list__point\">G\u00f6revle ilgili ayr\u0131nt\u0131lar\u0131 ekleyin<\/li>\n<li class=\"desc-item_list__point\">Verilen alana bir ilk taslak yaz\u0131n<\/li>\n<li class=\"desc-item_list__point\">Tablodaki onaylay\u0131c\u0131lar\u0131 etiketleyin<\/li>\n<li class=\"desc-item_list__point\">Bitmi\u015f bir par\u00e7a i\u00e7in birlikte \u00e7al\u0131\u015f\u0131n<\/li>\n<li class=\"desc-item_list__point\">Onay belirtmek i\u00e7in onay kutular\u0131n\u0131 kullan\u0131n<\/li>\n<li class=\"desc-item_list__point\">Sosyal medya kanallar\u0131 i\u00e7in metin olu\u015fturma<\/li>\n<\/ul>\n","protected":false},"excerpt":{"rendered":"<p>Bir yaz\u0131, makale veya blog i\u00e7in yeni i\u00e7erik olu\u015fturmak birka\u00e7 farkl\u0131 ad\u0131m gerektirir. Yol boyunca kaybolmad\u0131\u011f\u0131n\u0131zdan emin olmak i\u00e7in bu \u00fccretsiz \u015fablonu kullan\u0131n.<\/p>\n","protected":false},"featured_media":58068,"template":"","meta":{"_acf_changed":false,"inline_featured_image":false},"product_brand":[],"product_cat":[250,249],"product_tag":[],"class_list":{"0":"post-58067","1":"product","2":"type-product","3":"status-publish","4":"has-post-thumbnail","6":"product_cat-marketing","7":"product_cat-marketing-content","9":"first","10":"instock","11":"virtual","12":"sold-individually","13":"product-type-simple"},"acf":[],"yoast_head":"<!-- This site is optimized with the Yoast SEO plugin v25.3.1 - https:\/\/yoast.com\/wordpress\/plugins\/seo\/ -->\n<title>\u0130\u00e7erik Taslaklar\u0131 \u015eablonu - Sales AI Agents<\/title>\n<meta name=\"description\" content=\"Bir yaz\u0131, makale veya blog i\u00e7in yeni i\u00e7erik olu\u015fturmak birka\u00e7 farkl\u0131 ad\u0131m gerektirir. Yol boyunca kaybolmad\u0131\u011f\u0131n\u0131zdan emin olmak i\u00e7in bu \u00fccretsiz \u015fablonu kullan\u0131n.\" \/>\n<meta name=\"robots\" content=\"index, follow, max-snippet:-1, max-image-preview:large, max-video-preview:-1\" \/>\n<link rel=\"canonical\" href=\"https:\/\/sales-ai-agents.com\/tr\/templates\/content-drafts\/\" \/>\n<meta property=\"og:locale\" content=\"tr_TR\" \/>\n<meta property=\"og:type\" content=\"article\" \/>\n<meta property=\"og:title\" content=\"\u0130\u00e7erik Taslaklar\u0131 \u015eablonu - Sales AI Agents\" \/>\n<meta property=\"og:description\" content=\"Bir yaz\u0131, makale veya blog i\u00e7in yeni i\u00e7erik olu\u015fturmak birka\u00e7 farkl\u0131 ad\u0131m gerektirir. Yol boyunca kaybolmad\u0131\u011f\u0131n\u0131zdan emin olmak i\u00e7in bu \u00fccretsiz \u015fablonu kullan\u0131n.\" \/>\n<meta property=\"og:url\" content=\"https:\/\/sales-ai-agents.com\/tr\/templates\/content-drafts\/\" \/>\n<meta property=\"og:site_name\" content=\"Sales AI Agents\" \/>\n<meta property=\"article:modified_time\" content=\"2024-01-02T13:01:03+00:00\" \/>\n<meta property=\"og:image\" content=\"https:\/\/sales-ai-agents.com\/wp-content\/uploads\/2022\/09\/Content-Drafts-Template.png\" \/>\n\t<meta property=\"og:image:width\" content=\"1700\" \/>\n\t<meta property=\"og:image:height\" content=\"1100\" \/>\n\t<meta property=\"og:image:type\" content=\"image\/png\" \/>\n<meta name=\"twitter:card\" content=\"summary_large_image\" \/>\n<script type=\"application\/ld+json\" class=\"yoast-schema-graph\">{\"@context\":\"https:\/\/schema.org\",\"@graph\":[{\"@type\":\"WebPage\",\"@id\":\"https:\/\/sales-ai-agents.com\/tr\/templates\/content-drafts\/\",\"url\":\"https:\/\/sales-ai-agents.com\/tr\/templates\/content-drafts\/\",\"name\":\"\u0130\u00e7erik Taslaklar\u0131 \u015eablonu - Sales AI Agents\",\"isPartOf\":{\"@id\":\"https:\/\/sales-ai-agents.com\/#website\"},\"primaryImageOfPage\":{\"@id\":\"https:\/\/sales-ai-agents.com\/tr\/templates\/content-drafts\/#primaryimage\"},\"image\":{\"@id\":\"https:\/\/sales-ai-agents.com\/tr\/templates\/content-drafts\/#primaryimage\"},\"thumbnailUrl\":\"https:\/\/sales-ai-agents.com\/wp-content\/uploads\/2022\/09\/Content-Drafts-Template.png\",\"datePublished\":\"2022-09-26T11:58:01+00:00\",\"dateModified\":\"2024-01-02T13:01:03+00:00\",\"description\":\"Bir yaz\u0131, makale veya blog i\u00e7in yeni i\u00e7erik olu\u015fturmak birka\u00e7 farkl\u0131 ad\u0131m gerektirir. Yol boyunca kaybolmad\u0131\u011f\u0131n\u0131zdan emin olmak i\u00e7in bu \u00fccretsiz \u015fablonu kullan\u0131n.\",\"inLanguage\":\"tr\",\"potentialAction\":[{\"@type\":\"ReadAction\",\"target\":[\"https:\/\/sales-ai-agents.com\/tr\/templates\/content-drafts\/\"]}]},{\"@type\":\"ImageObject\",\"inLanguage\":\"tr\",\"@id\":\"https:\/\/sales-ai-agents.com\/tr\/templates\/content-drafts\/#primaryimage\",\"url\":\"https:\/\/sales-ai-agents.com\/wp-content\/uploads\/2022\/09\/Content-Drafts-Template.png\",\"contentUrl\":\"https:\/\/sales-ai-agents.com\/wp-content\/uploads\/2022\/09\/Content-Drafts-Template.png\",\"width\":1700,\"height\":1100},{\"@type\":\"WebSite\",\"@id\":\"https:\/\/sales-ai-agents.com\/#website\",\"url\":\"https:\/\/sales-ai-agents.com\/\",\"name\":\"FuseBase\",\"description\":\"Sales AI Agents - Free Online Collaboration Software for Remote Teams. Build your wikis, client portals and more with the Nimbus Platform collaboration tool ? A perfect space for online work\",\"publisher\":{\"@id\":\"https:\/\/sales-ai-agents.com\/#organization\"},\"potentialAction\":[{\"@type\":\"SearchAction\",\"target\":{\"@type\":\"EntryPoint\",\"urlTemplate\":\"https:\/\/sales-ai-agents.com\/?s={search_term_string}\"},\"query-input\":{\"@type\":\"PropertyValueSpecification\",\"valueRequired\":true,\"valueName\":\"search_term_string\"}}],\"inLanguage\":\"tr\"},{\"@type\":\"Organization\",\"@id\":\"https:\/\/sales-ai-agents.com\/#organization\",\"name\":\"FuseBase\",\"url\":\"https:\/\/sales-ai-agents.com\/\",\"logo\":{\"@type\":\"ImageObject\",\"inLanguage\":\"tr\",\"@id\":\"https:\/\/sales-ai-agents.com\/#\/schema\/logo\/image\/\",\"url\":\"https:\/\/sales-ai-agents.com\/wp-content\/uploads\/2023\/11\/icon-7.svg\",\"contentUrl\":\"https:\/\/sales-ai-agents.com\/wp-content\/uploads\/2023\/11\/icon-7.svg\",\"width\":128,\"height\":128,\"caption\":\"FuseBase\"},\"image\":{\"@id\":\"https:\/\/sales-ai-agents.com\/#\/schema\/logo\/image\/\"}}]}<\/script>\n<!-- \/ Yoast SEO plugin. -->","yoast_head_json":{"title":"\u0130\u00e7erik Taslaklar\u0131 \u015eablonu - Sales AI Agents","description":"Bir yaz\u0131, makale veya blog i\u00e7in yeni i\u00e7erik olu\u015fturmak birka\u00e7 farkl\u0131 ad\u0131m gerektirir. Yol boyunca kaybolmad\u0131\u011f\u0131n\u0131zdan emin olmak i\u00e7in bu \u00fccretsiz \u015fablonu kullan\u0131n.","robots":{"index":"index","follow":"follow","max-snippet":"max-snippet:-1","max-image-preview":"max-image-preview:large","max-video-preview":"max-video-preview:-1"},"canonical":"https:\/\/sales-ai-agents.com\/tr\/templates\/content-drafts\/","og_locale":"tr_TR","og_type":"article","og_title":"\u0130\u00e7erik Taslaklar\u0131 \u015eablonu - Sales AI Agents","og_description":"Bir yaz\u0131, makale veya blog i\u00e7in yeni i\u00e7erik olu\u015fturmak birka\u00e7 farkl\u0131 ad\u0131m gerektirir. Yol boyunca kaybolmad\u0131\u011f\u0131n\u0131zdan emin olmak i\u00e7in bu \u00fccretsiz \u015fablonu kullan\u0131n.","og_url":"https:\/\/sales-ai-agents.com\/tr\/templates\/content-drafts\/","og_site_name":"Sales AI Agents","article_modified_time":"2024-01-02T13:01:03+00:00","og_image":[{"width":1700,"height":1100,"url":"https:\/\/sales-ai-agents.com\/wp-content\/uploads\/2022\/09\/Content-Drafts-Template.png","type":"image\/png"}],"twitter_card":"summary_large_image","schema":{"@context":"https:\/\/schema.org","@graph":[{"@type":"WebPage","@id":"https:\/\/sales-ai-agents.com\/tr\/templates\/content-drafts\/","url":"https:\/\/sales-ai-agents.com\/tr\/templates\/content-drafts\/","name":"\u0130\u00e7erik Taslaklar\u0131 \u015eablonu - Sales AI Agents","isPartOf":{"@id":"https:\/\/sales-ai-agents.com\/#website"},"primaryImageOfPage":{"@id":"https:\/\/sales-ai-agents.com\/tr\/templates\/content-drafts\/#primaryimage"},"image":{"@id":"https:\/\/sales-ai-agents.com\/tr\/templates\/content-drafts\/#primaryimage"},"thumbnailUrl":"https:\/\/sales-ai-agents.com\/wp-content\/uploads\/2022\/09\/Content-Drafts-Template.png","datePublished":"2022-09-26T11:58:01+00:00","dateModified":"2024-01-02T13:01:03+00:00","description":"Bir yaz\u0131, makale veya blog i\u00e7in yeni i\u00e7erik olu\u015fturmak birka\u00e7 farkl\u0131 ad\u0131m gerektirir. Yol boyunca kaybolmad\u0131\u011f\u0131n\u0131zdan emin olmak i\u00e7in bu \u00fccretsiz \u015fablonu kullan\u0131n.","inLanguage":"tr","potentialAction":[{"@type":"ReadAction","target":["https:\/\/sales-ai-agents.com\/tr\/templates\/content-drafts\/"]}]},{"@type":"ImageObject","inLanguage":"tr","@id":"https:\/\/sales-ai-agents.com\/tr\/templates\/content-drafts\/#primaryimage","url":"https:\/\/sales-ai-agents.com\/wp-content\/uploads\/2022\/09\/Content-Drafts-Template.png","contentUrl":"https:\/\/sales-ai-agents.com\/wp-content\/uploads\/2022\/09\/Content-Drafts-Template.png","width":1700,"height":1100},{"@type":"WebSite","@id":"https:\/\/sales-ai-agents.com\/#website","url":"https:\/\/sales-ai-agents.com\/","name":"FuseBase","description":"Sales AI Agents - Free Online Collaboration Software for Remote Teams. Build your wikis, client portals and more with the Nimbus Platform collaboration tool ? A perfect space for online work","publisher":{"@id":"https:\/\/sales-ai-agents.com\/#organization"},"potentialAction":[{"@type":"SearchAction","target":{"@type":"EntryPoint","urlTemplate":"https:\/\/sales-ai-agents.com\/?s={search_term_string}"},"query-input":{"@type":"PropertyValueSpecification","valueRequired":true,"valueName":"search_term_string"}}],"inLanguage":"tr"},{"@type":"Organization","@id":"https:\/\/sales-ai-agents.com\/#organization","name":"FuseBase","url":"https:\/\/sales-ai-agents.com\/","logo":{"@type":"ImageObject","inLanguage":"tr","@id":"https:\/\/sales-ai-agents.com\/#\/schema\/logo\/image\/","url":"https:\/\/sales-ai-agents.com\/wp-content\/uploads\/2023\/11\/icon-7.svg","contentUrl":"https:\/\/sales-ai-agents.com\/wp-content\/uploads\/2023\/11\/icon-7.svg","width":128,"height":128,"caption":"FuseBase"},"image":{"@id":"https:\/\/sales-ai-agents.com\/#\/schema\/logo\/image\/"}}]}},"_links":{"self":[{"href":"https:\/\/sales-ai-agents.com\/tr\/wp-json\/wp\/v2\/product\/58067","targetHints":{"allow":["GET"]}}],"collection":[{"href":"https:\/\/sales-ai-agents.com\/tr\/wp-json\/wp\/v2\/product"}],"about":[{"href":"https:\/\/sales-ai-agents.com\/tr\/wp-json\/wp\/v2\/types\/product"}],"wp:featuredmedia":[{"embeddable":true,"href":"https:\/\/sales-ai-agents.com\/tr\/wp-json\/wp\/v2\/media\/58068"}],"wp:attachment":[{"href":"https:\/\/sales-ai-agents.com\/tr\/wp-json\/wp\/v2\/media?parent=58067"}],"wp:term":[{"taxonomy":"product_brand","embeddable":true,"href":"https:\/\/sales-ai-agents.com\/tr\/wp-json\/wp\/v2\/product_brand?post=58067"},{"taxonomy":"product_cat","embeddable":true,"href":"https:\/\/sales-ai-agents.com\/tr\/wp-json\/wp\/v2\/product_cat?post=58067"},{"taxonomy":"product_tag","embeddable":true,"href":"https:\/\/sales-ai-agents.com\/tr\/wp-json\/wp\/v2\/product_tag?post=58067"}],"curies":[{"name":"wp","href":"https:\/\/api.w.org\/{rel}","templated":true}]}}