{"id":58072,"date":"2022-09-26T11:57:56","date_gmt":"2022-09-26T11:57:56","guid":{"rendered":"https:\/\/sales-ai-agents.com\/templates\/calendar-2023-all-months\/"},"modified":"2024-01-02T11:08:44","modified_gmt":"2024-01-02T11:08:44","slug":"calendar-2023-all-months","status":"publish","type":"product","link":"https:\/\/sales-ai-agents.com\/tr\/templates\/calendar-2023-all-months\/","title":{"rendered":"Takvim 2023 &#8211; T\u00fcm Aylar"},"content":{"rendered":"<p>&nbsp;<\/p>\n<h2>Takvim 2023 &#8211; T\u00fcm Aylar \u015eablonu<\/h2>\n<p class=\"desc-text\">Bu takvim \u015fablonuyla t\u00fcm y\u0131l\u0131n\u0131z\u0131 planlay\u0131n. Tatilleri, do\u011fum g\u00fcnlerini, etkinlikleri, son teslim tarihlerini ve daha fazlas\u0131n\u0131 hat\u0131rlamak i\u00e7in kullan\u0131n. Her kutuya metin ekleyebilir ve hatta kutular\u0131 renkle doldurabilirsiniz. Belirli tarihleri birbirinden ay\u0131rmak i\u00e7in farkl\u0131 renkler kullan\u0131n. Her ay i\u00e7in notlar ekleyin ve t\u00fcm y\u0131l boyunca etkinliklerinizi kolayl\u0131kla d\u00fczenleyin.<br \/>\nTakvim, ABD&#8217;deki ulusal bayramlar\u0131 temel almaktad\u0131r. Tatiller bir \u00fclkeden di\u011ferine de\u011fi\u015fiklik g\u00f6sterebilir.<\/p>\n<h5>Nas\u0131l kullan\u0131l\u0131r:<\/h5>\n<ul class=\"desc-item_list\">\n<li class=\"desc-item_list__point\">Etkinlikler, hat\u0131rlat\u0131c\u0131lar, do\u011fum g\u00fcnleri, d\u00fc\u011f\u00fcnler ve daha fazlas\u0131n\u0131 ekleyin<\/li>\n<li class=\"desc-item_list__point\">Kutular\u0131 birbirinden ay\u0131rmak i\u00e7in renklerle doldurun<\/li>\n<li class=\"desc-item_list__point\">Her ay i\u00e7in notlar yaz\u0131n<\/li>\n<li class=\"desc-item_list__point\">Hat\u0131rlamak istedi\u011finiz her \u015feyi vurgulay\u0131n<\/li>\n<\/ul>\n","protected":false},"excerpt":{"rendered":"<p>Bu takvim \u015fablonuyla t\u00fcm y\u0131l\u0131n\u0131z\u0131 planlay\u0131n. Tatilleri, do\u011fum g\u00fcnlerini ve daha fazlas\u0131n\u0131 hat\u0131rlamak i\u00e7in kullan\u0131n. Her ay i\u00e7in notlar ekleyin ve her \u015feyi d\u00fczenleyin.<\/p>\n","protected":false},"featured_media":68628,"template":"","meta":{"_acf_changed":false,"inline_featured_image":false},"product_brand":[],"product_cat":[257,256,276],"product_tag":[],"class_list":{"0":"post-58072","1":"product","2":"type-product","3":"status-publish","4":"has-post-thumbnail","6":"product_cat-personal","7":"product_cat-organizers-planners","8":"product_cat-holidays-planning","10":"first","11":"instock","12":"virtual","13":"sold-individually","14":"product-type-simple"},"acf":[],"yoast_head":"<!-- This site is optimized with the Yoast SEO plugin v25.3.1 - https:\/\/yoast.com\/wordpress\/plugins\/seo\/ -->\n<title>Takvim 2022 - T\u00fcm Aylar \u015eablonu - Sales AI Agents<\/title>\n<meta name=\"description\" content=\"Bu takvim \u015fablonuyla t\u00fcm y\u0131l\u0131n\u0131z\u0131 planlay\u0131n. Tatilleri, do\u011fum g\u00fcnlerini ve daha fazlas\u0131n\u0131 hat\u0131rlamak i\u00e7in kullan\u0131n. Her ay i\u00e7in notlar ekleyin ve her \u015feyi d\u00fczenleyin\" \/>\n<meta name=\"robots\" content=\"index, follow, max-snippet:-1, max-image-preview:large, max-video-preview:-1\" \/>\n<link rel=\"canonical\" href=\"https:\/\/sales-ai-agents.com\/tr\/templates\/calendar-2023-all-months\/\" \/>\n<meta property=\"og:locale\" content=\"tr_TR\" \/>\n<meta property=\"og:type\" content=\"article\" \/>\n<meta property=\"og:title\" content=\"Takvim 2022 - T\u00fcm Aylar \u015eablonu - Sales AI Agents\" \/>\n<meta property=\"og:description\" content=\"Bu takvim \u015fablonuyla t\u00fcm y\u0131l\u0131n\u0131z\u0131 planlay\u0131n. Tatilleri, do\u011fum g\u00fcnlerini ve daha fazlas\u0131n\u0131 hat\u0131rlamak i\u00e7in kullan\u0131n. Her ay i\u00e7in notlar ekleyin ve her \u015feyi d\u00fczenleyin\" \/>\n<meta property=\"og:url\" content=\"https:\/\/sales-ai-agents.com\/tr\/templates\/calendar-2023-all-months\/\" \/>\n<meta property=\"og:site_name\" content=\"Sales AI Agents\" \/>\n<meta property=\"article:modified_time\" content=\"2024-01-02T11:08:44+00:00\" \/>\n<meta property=\"og:image\" content=\"https:\/\/sales-ai-agents.com\/wp-content\/uploads\/2022\/09\/calendar-2024-template.png\" \/>\n\t<meta property=\"og:image:width\" content=\"1700\" \/>\n\t<meta property=\"og:image:height\" content=\"1100\" \/>\n\t<meta property=\"og:image:type\" content=\"image\/png\" \/>\n<meta name=\"twitter:card\" content=\"summary_large_image\" \/>\n<script type=\"application\/ld+json\" class=\"yoast-schema-graph\">{\"@context\":\"https:\/\/schema.org\",\"@graph\":[{\"@type\":\"WebPage\",\"@id\":\"https:\/\/sales-ai-agents.com\/tr\/templates\/calendar-2023-all-months\/\",\"url\":\"https:\/\/sales-ai-agents.com\/tr\/templates\/calendar-2023-all-months\/\",\"name\":\"Takvim 2022 - T\u00fcm Aylar \u015eablonu - Sales AI Agents\",\"isPartOf\":{\"@id\":\"https:\/\/sales-ai-agents.com\/#website\"},\"primaryImageOfPage\":{\"@id\":\"https:\/\/sales-ai-agents.com\/tr\/templates\/calendar-2023-all-months\/#primaryimage\"},\"image\":{\"@id\":\"https:\/\/sales-ai-agents.com\/tr\/templates\/calendar-2023-all-months\/#primaryimage\"},\"thumbnailUrl\":\"https:\/\/sales-ai-agents.com\/wp-content\/uploads\/2022\/09\/calendar-2024-template.png\",\"datePublished\":\"2022-09-26T11:57:56+00:00\",\"dateModified\":\"2024-01-02T11:08:44+00:00\",\"description\":\"Bu takvim \u015fablonuyla t\u00fcm y\u0131l\u0131n\u0131z\u0131 planlay\u0131n. Tatilleri, do\u011fum g\u00fcnlerini ve daha fazlas\u0131n\u0131 hat\u0131rlamak i\u00e7in kullan\u0131n. Her ay i\u00e7in notlar ekleyin ve her \u015feyi d\u00fczenleyin\",\"inLanguage\":\"tr\",\"potentialAction\":[{\"@type\":\"ReadAction\",\"target\":[\"https:\/\/sales-ai-agents.com\/tr\/templates\/calendar-2023-all-months\/\"]}]},{\"@type\":\"ImageObject\",\"inLanguage\":\"tr\",\"@id\":\"https:\/\/sales-ai-agents.com\/tr\/templates\/calendar-2023-all-months\/#primaryimage\",\"url\":\"https:\/\/sales-ai-agents.com\/wp-content\/uploads\/2022\/09\/calendar-2024-template.png\",\"contentUrl\":\"https:\/\/sales-ai-agents.com\/wp-content\/uploads\/2022\/09\/calendar-2024-template.png\",\"width\":1700,\"height\":1100,\"caption\":\"Calendar 2023 All Months Template - Nimbus Platform\"},{\"@type\":\"WebSite\",\"@id\":\"https:\/\/sales-ai-agents.com\/#website\",\"url\":\"https:\/\/sales-ai-agents.com\/\",\"name\":\"FuseBase\",\"description\":\"Sales AI Agents - Free Online Collaboration Software for Remote Teams. Build your wikis, client portals and more with the Nimbus Platform collaboration tool ? A perfect space for online work\",\"publisher\":{\"@id\":\"https:\/\/sales-ai-agents.com\/#organization\"},\"potentialAction\":[{\"@type\":\"SearchAction\",\"target\":{\"@type\":\"EntryPoint\",\"urlTemplate\":\"https:\/\/sales-ai-agents.com\/?s={search_term_string}\"},\"query-input\":{\"@type\":\"PropertyValueSpecification\",\"valueRequired\":true,\"valueName\":\"search_term_string\"}}],\"inLanguage\":\"tr\"},{\"@type\":\"Organization\",\"@id\":\"https:\/\/sales-ai-agents.com\/#organization\",\"name\":\"FuseBase\",\"url\":\"https:\/\/sales-ai-agents.com\/\",\"logo\":{\"@type\":\"ImageObject\",\"inLanguage\":\"tr\",\"@id\":\"https:\/\/sales-ai-agents.com\/#\/schema\/logo\/image\/\",\"url\":\"https:\/\/sales-ai-agents.com\/wp-content\/uploads\/2023\/11\/icon-7.svg\",\"contentUrl\":\"https:\/\/sales-ai-agents.com\/wp-content\/uploads\/2023\/11\/icon-7.svg\",\"width\":128,\"height\":128,\"caption\":\"FuseBase\"},\"image\":{\"@id\":\"https:\/\/sales-ai-agents.com\/#\/schema\/logo\/image\/\"}}]}<\/script>\n<!-- \/ Yoast SEO plugin. -->","yoast_head_json":{"title":"Takvim 2022 - T\u00fcm Aylar \u015eablonu - Sales AI Agents","description":"Bu takvim \u015fablonuyla t\u00fcm y\u0131l\u0131n\u0131z\u0131 planlay\u0131n. Tatilleri, do\u011fum g\u00fcnlerini ve daha fazlas\u0131n\u0131 hat\u0131rlamak i\u00e7in kullan\u0131n. Her ay i\u00e7in notlar ekleyin ve her \u015feyi d\u00fczenleyin","robots":{"index":"index","follow":"follow","max-snippet":"max-snippet:-1","max-image-preview":"max-image-preview:large","max-video-preview":"max-video-preview:-1"},"canonical":"https:\/\/sales-ai-agents.com\/tr\/templates\/calendar-2023-all-months\/","og_locale":"tr_TR","og_type":"article","og_title":"Takvim 2022 - T\u00fcm Aylar \u015eablonu - Sales AI Agents","og_description":"Bu takvim \u015fablonuyla t\u00fcm y\u0131l\u0131n\u0131z\u0131 planlay\u0131n. Tatilleri, do\u011fum g\u00fcnlerini ve daha fazlas\u0131n\u0131 hat\u0131rlamak i\u00e7in kullan\u0131n. Her ay i\u00e7in notlar ekleyin ve her \u015feyi d\u00fczenleyin","og_url":"https:\/\/sales-ai-agents.com\/tr\/templates\/calendar-2023-all-months\/","og_site_name":"Sales AI Agents","article_modified_time":"2024-01-02T11:08:44+00:00","og_image":[{"width":1700,"height":1100,"url":"https:\/\/sales-ai-agents.com\/wp-content\/uploads\/2022\/09\/calendar-2024-template.png","type":"image\/png"}],"twitter_card":"summary_large_image","schema":{"@context":"https:\/\/schema.org","@graph":[{"@type":"WebPage","@id":"https:\/\/sales-ai-agents.com\/tr\/templates\/calendar-2023-all-months\/","url":"https:\/\/sales-ai-agents.com\/tr\/templates\/calendar-2023-all-months\/","name":"Takvim 2022 - T\u00fcm Aylar \u015eablonu - Sales AI Agents","isPartOf":{"@id":"https:\/\/sales-ai-agents.com\/#website"},"primaryImageOfPage":{"@id":"https:\/\/sales-ai-agents.com\/tr\/templates\/calendar-2023-all-months\/#primaryimage"},"image":{"@id":"https:\/\/sales-ai-agents.com\/tr\/templates\/calendar-2023-all-months\/#primaryimage"},"thumbnailUrl":"https:\/\/sales-ai-agents.com\/wp-content\/uploads\/2022\/09\/calendar-2024-template.png","datePublished":"2022-09-26T11:57:56+00:00","dateModified":"2024-01-02T11:08:44+00:00","description":"Bu takvim \u015fablonuyla t\u00fcm y\u0131l\u0131n\u0131z\u0131 planlay\u0131n. Tatilleri, do\u011fum g\u00fcnlerini ve daha fazlas\u0131n\u0131 hat\u0131rlamak i\u00e7in kullan\u0131n. Her ay i\u00e7in notlar ekleyin ve her \u015feyi d\u00fczenleyin","inLanguage":"tr","potentialAction":[{"@type":"ReadAction","target":["https:\/\/sales-ai-agents.com\/tr\/templates\/calendar-2023-all-months\/"]}]},{"@type":"ImageObject","inLanguage":"tr","@id":"https:\/\/sales-ai-agents.com\/tr\/templates\/calendar-2023-all-months\/#primaryimage","url":"https:\/\/sales-ai-agents.com\/wp-content\/uploads\/2022\/09\/calendar-2024-template.png","contentUrl":"https:\/\/sales-ai-agents.com\/wp-content\/uploads\/2022\/09\/calendar-2024-template.png","width":1700,"height":1100,"caption":"Calendar 2023 All Months Template - Nimbus Platform"},{"@type":"WebSite","@id":"https:\/\/sales-ai-agents.com\/#website","url":"https:\/\/sales-ai-agents.com\/","name":"FuseBase","description":"Sales AI Agents - Free Online Collaboration Software for Remote Teams. Build your wikis, client portals and more with the Nimbus Platform collaboration tool ? A perfect space for online work","publisher":{"@id":"https:\/\/sales-ai-agents.com\/#organization"},"potentialAction":[{"@type":"SearchAction","target":{"@type":"EntryPoint","urlTemplate":"https:\/\/sales-ai-agents.com\/?s={search_term_string}"},"query-input":{"@type":"PropertyValueSpecification","valueRequired":true,"valueName":"search_term_string"}}],"inLanguage":"tr"},{"@type":"Organization","@id":"https:\/\/sales-ai-agents.com\/#organization","name":"FuseBase","url":"https:\/\/sales-ai-agents.com\/","logo":{"@type":"ImageObject","inLanguage":"tr","@id":"https:\/\/sales-ai-agents.com\/#\/schema\/logo\/image\/","url":"https:\/\/sales-ai-agents.com\/wp-content\/uploads\/2023\/11\/icon-7.svg","contentUrl":"https:\/\/sales-ai-agents.com\/wp-content\/uploads\/2023\/11\/icon-7.svg","width":128,"height":128,"caption":"FuseBase"},"image":{"@id":"https:\/\/sales-ai-agents.com\/#\/schema\/logo\/image\/"}}]}},"_links":{"self":[{"href":"https:\/\/sales-ai-agents.com\/tr\/wp-json\/wp\/v2\/product\/58072","targetHints":{"allow":["GET"]}}],"collection":[{"href":"https:\/\/sales-ai-agents.com\/tr\/wp-json\/wp\/v2\/product"}],"about":[{"href":"https:\/\/sales-ai-agents.com\/tr\/wp-json\/wp\/v2\/types\/product"}],"wp:featuredmedia":[{"embeddable":true,"href":"https:\/\/sales-ai-agents.com\/tr\/wp-json\/wp\/v2\/media\/68628"}],"wp:attachment":[{"href":"https:\/\/sales-ai-agents.com\/tr\/wp-json\/wp\/v2\/media?parent=58072"}],"wp:term":[{"taxonomy":"product_brand","embeddable":true,"href":"https:\/\/sales-ai-agents.com\/tr\/wp-json\/wp\/v2\/product_brand?post=58072"},{"taxonomy":"product_cat","embeddable":true,"href":"https:\/\/sales-ai-agents.com\/tr\/wp-json\/wp\/v2\/product_cat?post=58072"},{"taxonomy":"product_tag","embeddable":true,"href":"https:\/\/sales-ai-agents.com\/tr\/wp-json\/wp\/v2\/product_tag?post=58072"}],"curies":[{"name":"wp","href":"https:\/\/api.w.org\/{rel}","templated":true}]}}