{"id":58076,"date":"2022-09-26T11:57:18","date_gmt":"2022-09-26T11:57:18","guid":{"rendered":"https:\/\/sales-ai-agents.com\/templates\/daily-intention-tracker\/"},"modified":"2023-12-31T17:07:50","modified_gmt":"2023-12-31T17:07:50","slug":"daily-intention-tracker","status":"publish","type":"product","link":"https:\/\/sales-ai-agents.com\/tr\/templates\/daily-intention-tracker\/","title":{"rendered":"G\u00fcnl\u00fck Niyet Takibi"},"content":{"rendered":"<p>&nbsp;<\/p>\n<h2>G\u00fcnl\u00fck Niyet Takip \u015eablonu<\/h2>\n<p class=\"desc-text\">Bu g\u00fcnl\u00fck niyet takip\u00e7isi g\u00fcne do\u011fru ad\u0131mlarla ba\u015flaman\u0131za yard\u0131mc\u0131 olabilir. G\u00fcne ba\u015flamadan \u00f6nce bu \u015fablonu doldurun ve hedeflerinizi listeleyin. Duygular\u0131n\u0131z\u0131, niyetlerinizi ve hedeflerinizi y\u00f6nlendirmeye odaklan\u0131n. \u015eablonun kullan\u0131m\u0131 kolayd\u0131r ve sabah kahvenizi i\u00e7erken bile doldurulabilir.<\/p>\n<h5>Nas\u0131l kullan\u0131l\u0131r?<\/h5>\n<ul class=\"desc-item_list\">\n<li class=\"desc-item_list__point\">G\u00fcn i\u00e7in hedeflerinizi d\u00fc\u015f\u00fcn\u00fcn<\/li>\n<li class=\"desc-item_list__point\">Niyetlerinizi doldurun ve yaz\u0131n<\/li>\n<li class=\"desc-item_list__point\">G\u00fcn boyunca bunlar\u0131 akl\u0131n\u0131zda tutun<\/li>\n<li class=\"desc-item_list__point\">G\u00fcn sonunda ula\u015ft\u0131\u011f\u0131n\u0131z hedefleri kontrol edin<\/li>\n<\/ul>\n","protected":false},"excerpt":{"rendered":"<p>Bu \u00fccretsiz g\u00fcnl\u00fck niyet takip\u00e7isi g\u00fcne do\u011fru ad\u0131mlarla ba\u015flaman\u0131za yard\u0131mc\u0131 olabilir. G\u00fcne ba\u015flamadan \u00f6nce bu \u015fablonu doldurun ve hedeflerinizi listeleyin.<\/p>\n","protected":false},"featured_media":58077,"template":"","meta":{"_acf_changed":false,"inline_featured_image":false},"product_brand":[],"product_cat":[257,256],"product_tag":[],"class_list":{"0":"post-58076","1":"product","2":"type-product","3":"status-publish","4":"has-post-thumbnail","6":"product_cat-personal","7":"product_cat-organizers-planners","9":"first","10":"instock","11":"virtual","12":"sold-individually","13":"product-type-simple"},"acf":[],"yoast_head":"<!-- This site is optimized with the Yoast SEO plugin v25.3.1 - https:\/\/yoast.com\/wordpress\/plugins\/seo\/ -->\n<title>G\u00fcnl\u00fck Niyet Takibi \u015eablonu - Sales AI Agents<\/title>\n<meta name=\"description\" content=\"Bu \u00fccretsiz g\u00fcnl\u00fck niyet takip\u00e7isi g\u00fcne do\u011fru ad\u0131mlarla ba\u015flaman\u0131za yard\u0131mc\u0131 olabilir. G\u00fcne ba\u015flamadan \u00f6nce bu \u015fablonu doldurun ve hedeflerinizi listeleyin\" \/>\n<meta name=\"robots\" content=\"index, follow, max-snippet:-1, max-image-preview:large, max-video-preview:-1\" \/>\n<link rel=\"canonical\" href=\"https:\/\/sales-ai-agents.com\/tr\/templates\/daily-intention-tracker\/\" \/>\n<meta property=\"og:locale\" content=\"tr_TR\" \/>\n<meta property=\"og:type\" content=\"article\" \/>\n<meta property=\"og:title\" content=\"G\u00fcnl\u00fck Niyet Takibi \u015eablonu - Sales AI Agents\" \/>\n<meta property=\"og:description\" content=\"Bu \u00fccretsiz g\u00fcnl\u00fck niyet takip\u00e7isi g\u00fcne do\u011fru ad\u0131mlarla ba\u015flaman\u0131za yard\u0131mc\u0131 olabilir. G\u00fcne ba\u015flamadan \u00f6nce bu \u015fablonu doldurun ve hedeflerinizi listeleyin\" \/>\n<meta property=\"og:url\" content=\"https:\/\/sales-ai-agents.com\/tr\/templates\/daily-intention-tracker\/\" \/>\n<meta property=\"og:site_name\" content=\"Sales AI Agents\" \/>\n<meta property=\"article:modified_time\" content=\"2023-12-31T17:07:50+00:00\" \/>\n<meta property=\"og:image\" content=\"https:\/\/sales-ai-agents.com\/wp-content\/uploads\/2022\/09\/Daily-Intention-Tracker-Template.png\" \/>\n\t<meta property=\"og:image:width\" content=\"1700\" \/>\n\t<meta property=\"og:image:height\" content=\"1100\" \/>\n\t<meta property=\"og:image:type\" content=\"image\/png\" \/>\n<meta name=\"twitter:card\" content=\"summary_large_image\" \/>\n<script type=\"application\/ld+json\" class=\"yoast-schema-graph\">{\"@context\":\"https:\/\/schema.org\",\"@graph\":[{\"@type\":\"WebPage\",\"@id\":\"https:\/\/sales-ai-agents.com\/tr\/templates\/daily-intention-tracker\/\",\"url\":\"https:\/\/sales-ai-agents.com\/tr\/templates\/daily-intention-tracker\/\",\"name\":\"G\u00fcnl\u00fck Niyet Takibi \u015eablonu - Sales AI Agents\",\"isPartOf\":{\"@id\":\"https:\/\/sales-ai-agents.com\/#website\"},\"primaryImageOfPage\":{\"@id\":\"https:\/\/sales-ai-agents.com\/tr\/templates\/daily-intention-tracker\/#primaryimage\"},\"image\":{\"@id\":\"https:\/\/sales-ai-agents.com\/tr\/templates\/daily-intention-tracker\/#primaryimage\"},\"thumbnailUrl\":\"https:\/\/sales-ai-agents.com\/wp-content\/uploads\/2022\/09\/Daily-Intention-Tracker-Template.png\",\"datePublished\":\"2022-09-26T11:57:18+00:00\",\"dateModified\":\"2023-12-31T17:07:50+00:00\",\"description\":\"Bu \u00fccretsiz g\u00fcnl\u00fck niyet takip\u00e7isi g\u00fcne do\u011fru ad\u0131mlarla ba\u015flaman\u0131za yard\u0131mc\u0131 olabilir. G\u00fcne ba\u015flamadan \u00f6nce bu \u015fablonu doldurun ve hedeflerinizi listeleyin\",\"inLanguage\":\"tr\",\"potentialAction\":[{\"@type\":\"ReadAction\",\"target\":[\"https:\/\/sales-ai-agents.com\/tr\/templates\/daily-intention-tracker\/\"]}]},{\"@type\":\"ImageObject\",\"inLanguage\":\"tr\",\"@id\":\"https:\/\/sales-ai-agents.com\/tr\/templates\/daily-intention-tracker\/#primaryimage\",\"url\":\"https:\/\/sales-ai-agents.com\/wp-content\/uploads\/2022\/09\/Daily-Intention-Tracker-Template.png\",\"contentUrl\":\"https:\/\/sales-ai-agents.com\/wp-content\/uploads\/2022\/09\/Daily-Intention-Tracker-Template.png\",\"width\":1700,\"height\":1100},{\"@type\":\"WebSite\",\"@id\":\"https:\/\/sales-ai-agents.com\/#website\",\"url\":\"https:\/\/sales-ai-agents.com\/\",\"name\":\"FuseBase\",\"description\":\"Sales AI Agents - Free Online Collaboration Software for Remote Teams. Build your wikis, client portals and more with the Nimbus Platform collaboration tool ? A perfect space for online work\",\"publisher\":{\"@id\":\"https:\/\/sales-ai-agents.com\/#organization\"},\"potentialAction\":[{\"@type\":\"SearchAction\",\"target\":{\"@type\":\"EntryPoint\",\"urlTemplate\":\"https:\/\/sales-ai-agents.com\/?s={search_term_string}\"},\"query-input\":{\"@type\":\"PropertyValueSpecification\",\"valueRequired\":true,\"valueName\":\"search_term_string\"}}],\"inLanguage\":\"tr\"},{\"@type\":\"Organization\",\"@id\":\"https:\/\/sales-ai-agents.com\/#organization\",\"name\":\"FuseBase\",\"url\":\"https:\/\/sales-ai-agents.com\/\",\"logo\":{\"@type\":\"ImageObject\",\"inLanguage\":\"tr\",\"@id\":\"https:\/\/sales-ai-agents.com\/#\/schema\/logo\/image\/\",\"url\":\"https:\/\/sales-ai-agents.com\/wp-content\/uploads\/2023\/11\/icon-7.svg\",\"contentUrl\":\"https:\/\/sales-ai-agents.com\/wp-content\/uploads\/2023\/11\/icon-7.svg\",\"width\":128,\"height\":128,\"caption\":\"FuseBase\"},\"image\":{\"@id\":\"https:\/\/sales-ai-agents.com\/#\/schema\/logo\/image\/\"}}]}<\/script>\n<!-- \/ Yoast SEO plugin. -->","yoast_head_json":{"title":"G\u00fcnl\u00fck Niyet Takibi \u015eablonu - Sales AI Agents","description":"Bu \u00fccretsiz g\u00fcnl\u00fck niyet takip\u00e7isi g\u00fcne do\u011fru ad\u0131mlarla ba\u015flaman\u0131za yard\u0131mc\u0131 olabilir. G\u00fcne ba\u015flamadan \u00f6nce bu \u015fablonu doldurun ve hedeflerinizi listeleyin","robots":{"index":"index","follow":"follow","max-snippet":"max-snippet:-1","max-image-preview":"max-image-preview:large","max-video-preview":"max-video-preview:-1"},"canonical":"https:\/\/sales-ai-agents.com\/tr\/templates\/daily-intention-tracker\/","og_locale":"tr_TR","og_type":"article","og_title":"G\u00fcnl\u00fck Niyet Takibi \u015eablonu - Sales AI Agents","og_description":"Bu \u00fccretsiz g\u00fcnl\u00fck niyet takip\u00e7isi g\u00fcne do\u011fru ad\u0131mlarla ba\u015flaman\u0131za yard\u0131mc\u0131 olabilir. G\u00fcne ba\u015flamadan \u00f6nce bu \u015fablonu doldurun ve hedeflerinizi listeleyin","og_url":"https:\/\/sales-ai-agents.com\/tr\/templates\/daily-intention-tracker\/","og_site_name":"Sales AI Agents","article_modified_time":"2023-12-31T17:07:50+00:00","og_image":[{"width":1700,"height":1100,"url":"https:\/\/sales-ai-agents.com\/wp-content\/uploads\/2022\/09\/Daily-Intention-Tracker-Template.png","type":"image\/png"}],"twitter_card":"summary_large_image","schema":{"@context":"https:\/\/schema.org","@graph":[{"@type":"WebPage","@id":"https:\/\/sales-ai-agents.com\/tr\/templates\/daily-intention-tracker\/","url":"https:\/\/sales-ai-agents.com\/tr\/templates\/daily-intention-tracker\/","name":"G\u00fcnl\u00fck Niyet Takibi \u015eablonu - Sales AI Agents","isPartOf":{"@id":"https:\/\/sales-ai-agents.com\/#website"},"primaryImageOfPage":{"@id":"https:\/\/sales-ai-agents.com\/tr\/templates\/daily-intention-tracker\/#primaryimage"},"image":{"@id":"https:\/\/sales-ai-agents.com\/tr\/templates\/daily-intention-tracker\/#primaryimage"},"thumbnailUrl":"https:\/\/sales-ai-agents.com\/wp-content\/uploads\/2022\/09\/Daily-Intention-Tracker-Template.png","datePublished":"2022-09-26T11:57:18+00:00","dateModified":"2023-12-31T17:07:50+00:00","description":"Bu \u00fccretsiz g\u00fcnl\u00fck niyet takip\u00e7isi g\u00fcne do\u011fru ad\u0131mlarla ba\u015flaman\u0131za yard\u0131mc\u0131 olabilir. G\u00fcne ba\u015flamadan \u00f6nce bu \u015fablonu doldurun ve hedeflerinizi listeleyin","inLanguage":"tr","potentialAction":[{"@type":"ReadAction","target":["https:\/\/sales-ai-agents.com\/tr\/templates\/daily-intention-tracker\/"]}]},{"@type":"ImageObject","inLanguage":"tr","@id":"https:\/\/sales-ai-agents.com\/tr\/templates\/daily-intention-tracker\/#primaryimage","url":"https:\/\/sales-ai-agents.com\/wp-content\/uploads\/2022\/09\/Daily-Intention-Tracker-Template.png","contentUrl":"https:\/\/sales-ai-agents.com\/wp-content\/uploads\/2022\/09\/Daily-Intention-Tracker-Template.png","width":1700,"height":1100},{"@type":"WebSite","@id":"https:\/\/sales-ai-agents.com\/#website","url":"https:\/\/sales-ai-agents.com\/","name":"FuseBase","description":"Sales AI Agents - Free Online Collaboration Software for Remote Teams. Build your wikis, client portals and more with the Nimbus Platform collaboration tool ? A perfect space for online work","publisher":{"@id":"https:\/\/sales-ai-agents.com\/#organization"},"potentialAction":[{"@type":"SearchAction","target":{"@type":"EntryPoint","urlTemplate":"https:\/\/sales-ai-agents.com\/?s={search_term_string}"},"query-input":{"@type":"PropertyValueSpecification","valueRequired":true,"valueName":"search_term_string"}}],"inLanguage":"tr"},{"@type":"Organization","@id":"https:\/\/sales-ai-agents.com\/#organization","name":"FuseBase","url":"https:\/\/sales-ai-agents.com\/","logo":{"@type":"ImageObject","inLanguage":"tr","@id":"https:\/\/sales-ai-agents.com\/#\/schema\/logo\/image\/","url":"https:\/\/sales-ai-agents.com\/wp-content\/uploads\/2023\/11\/icon-7.svg","contentUrl":"https:\/\/sales-ai-agents.com\/wp-content\/uploads\/2023\/11\/icon-7.svg","width":128,"height":128,"caption":"FuseBase"},"image":{"@id":"https:\/\/sales-ai-agents.com\/#\/schema\/logo\/image\/"}}]}},"_links":{"self":[{"href":"https:\/\/sales-ai-agents.com\/tr\/wp-json\/wp\/v2\/product\/58076","targetHints":{"allow":["GET"]}}],"collection":[{"href":"https:\/\/sales-ai-agents.com\/tr\/wp-json\/wp\/v2\/product"}],"about":[{"href":"https:\/\/sales-ai-agents.com\/tr\/wp-json\/wp\/v2\/types\/product"}],"wp:featuredmedia":[{"embeddable":true,"href":"https:\/\/sales-ai-agents.com\/tr\/wp-json\/wp\/v2\/media\/58077"}],"wp:attachment":[{"href":"https:\/\/sales-ai-agents.com\/tr\/wp-json\/wp\/v2\/media?parent=58076"}],"wp:term":[{"taxonomy":"product_brand","embeddable":true,"href":"https:\/\/sales-ai-agents.com\/tr\/wp-json\/wp\/v2\/product_brand?post=58076"},{"taxonomy":"product_cat","embeddable":true,"href":"https:\/\/sales-ai-agents.com\/tr\/wp-json\/wp\/v2\/product_cat?post=58076"},{"taxonomy":"product_tag","embeddable":true,"href":"https:\/\/sales-ai-agents.com\/tr\/wp-json\/wp\/v2\/product_tag?post=58076"}],"curies":[{"name":"wp","href":"https:\/\/api.w.org\/{rel}","templated":true}]}}