{"id":58080,"date":"2022-09-26T11:57:14","date_gmt":"2022-09-26T11:57:14","guid":{"rendered":"https:\/\/sales-ai-agents.com\/templates\/event-brief\/"},"modified":"2023-12-31T18:03:20","modified_gmt":"2023-12-31T18:03:20","slug":"event-brief","status":"publish","type":"product","link":"https:\/\/sales-ai-agents.com\/tr\/templates\/event-brief\/","title":{"rendered":"Etkinlik \u00d6zeti"},"content":{"rendered":"<p>&nbsp;<\/p>\n<h2>Etkinlik \u00d6zeti \u015eablonu<\/h2>\n<p class=\"desc-text\">Bir etkinlik planlama \u00f6zeti kullanarak, m\u00fc\u015fterinizin etkinli\u011finin mekan, g\u00f6r\u00fcn\u00fcm ve atmosfer gibi temel unsurlar\u0131n\u0131 ana hatlar\u0131yla belirleyebilirsiniz. Bu \u015fablonu fikir toplamak ve m\u00fc\u015fterinizin ama\u00e7 ve hedeflerini \u00f6zetlemek i\u00e7in kullanabilirsiniz. Bir etkinli\u011fe ev sahipli\u011fi yapmak zor olabilir, ancak kapsaml\u0131 bir planlama unutulmaz bir kutlama yaratman\u0131za yard\u0131mc\u0131 olabilir.<\/p>\n<h5>Nas\u0131l kullan\u0131l\u0131r?<\/h5>\n<ul class=\"desc-item_list\">\n<li class=\"desc-item_list__point\">M\u00fc\u015fterinizin bir foto\u011fraf\u0131n\u0131 y\u00fckleyin<\/li>\n<li class=\"desc-item_list__point\">\u00d6nemli m\u00fc\u015fteri bilgilerini ekleyin<\/li>\n<li class=\"desc-item_list__point\">M\u00fc\u015fterinizin hedeflerini ana hatlar\u0131yla belirtin<\/li>\n<li class=\"desc-item_list__point\">Kat\u0131l\u0131mc\u0131lar hakk\u0131nda bilgi ekleyin<\/li>\n<li class=\"desc-item_list__point\">Olas\u0131 mekanlar\u0131n resimlerini ekleyin<\/li>\n<li class=\"desc-item_list__point\">Bir g\u00f6rev listesi olu\u015fturun<\/li>\n<\/ul>\n","protected":false},"excerpt":{"rendered":"<p>\u00dccretsiz bir etkinlik planlama \u00f6zeti kullanarak, m\u00fc\u015fterinizin etkinliklerinin mekan, g\u00f6r\u00fcn\u00fcm ve his, atmosfer ve daha fazlas\u0131 dahil olmak \u00fczere ana unsurlar\u0131n\u0131 ana hatlar\u0131yla belirleyebilirsiniz.<\/p>\n","protected":false},"featured_media":58081,"template":"","meta":{"_acf_changed":false,"inline_featured_image":false},"product_brand":[],"product_cat":[260],"product_tag":[],"class_list":{"0":"post-58080","1":"product","2":"type-product","3":"status-publish","4":"has-post-thumbnail","6":"product_cat-events","8":"first","9":"instock","10":"virtual","11":"sold-individually","12":"product-type-simple"},"acf":[],"yoast_head":"<!-- This site is optimized with the Yoast SEO plugin v25.3.1 - https:\/\/yoast.com\/wordpress\/plugins\/seo\/ -->\n<title>Etkinlik \u00d6zeti \u015eablonu - Sales AI Agents<\/title>\n<meta name=\"description\" content=\"\u00dccretsiz bir etkinlik planlama \u00f6zeti kullanarak, m\u00fc\u015fterinizin etkinliklerinin mekan, g\u00f6r\u00fcn\u00fcm ve his, atmosfer ve daha fazlas\u0131 dahil olmak \u00fczere ana unsurlar\u0131n\u0131 ana hatlar\u0131yla belirleyebilirsiniz.\" \/>\n<meta name=\"robots\" content=\"index, follow, max-snippet:-1, max-image-preview:large, max-video-preview:-1\" \/>\n<link rel=\"canonical\" href=\"https:\/\/sales-ai-agents.com\/tr\/templates\/event-brief\/\" \/>\n<meta property=\"og:locale\" content=\"tr_TR\" \/>\n<meta property=\"og:type\" content=\"article\" \/>\n<meta property=\"og:title\" content=\"Etkinlik \u00d6zeti \u015eablonu - Sales AI Agents\" \/>\n<meta property=\"og:description\" content=\"\u00dccretsiz bir etkinlik planlama \u00f6zeti kullanarak, m\u00fc\u015fterinizin etkinliklerinin mekan, g\u00f6r\u00fcn\u00fcm ve his, atmosfer ve daha fazlas\u0131 dahil olmak \u00fczere ana unsurlar\u0131n\u0131 ana hatlar\u0131yla belirleyebilirsiniz.\" \/>\n<meta property=\"og:url\" content=\"https:\/\/sales-ai-agents.com\/tr\/templates\/event-brief\/\" \/>\n<meta property=\"og:site_name\" content=\"Sales AI Agents\" \/>\n<meta property=\"article:modified_time\" content=\"2023-12-31T18:03:20+00:00\" \/>\n<meta property=\"og:image\" content=\"https:\/\/sales-ai-agents.com\/wp-content\/uploads\/2023\/01\/image-preview123010.png\" \/>\n\t<meta property=\"og:image:width\" content=\"1078\" \/>\n\t<meta property=\"og:image:height\" content=\"1567\" \/>\n\t<meta property=\"og:image:type\" content=\"image\/png\" \/>\n<meta name=\"twitter:card\" content=\"summary_large_image\" \/>\n<script type=\"application\/ld+json\" class=\"yoast-schema-graph\">{\"@context\":\"https:\/\/schema.org\",\"@graph\":[{\"@type\":\"WebPage\",\"@id\":\"https:\/\/sales-ai-agents.com\/tr\/templates\/event-brief\/\",\"url\":\"https:\/\/sales-ai-agents.com\/tr\/templates\/event-brief\/\",\"name\":\"Etkinlik \u00d6zeti \u015eablonu - Sales AI Agents\",\"isPartOf\":{\"@id\":\"https:\/\/sales-ai-agents.com\/#website\"},\"primaryImageOfPage\":{\"@id\":\"https:\/\/sales-ai-agents.com\/tr\/templates\/event-brief\/#primaryimage\"},\"image\":{\"@id\":\"https:\/\/sales-ai-agents.com\/tr\/templates\/event-brief\/#primaryimage\"},\"thumbnailUrl\":\"https:\/\/sales-ai-agents.com\/wp-content\/uploads\/2023\/01\/image-preview123010.png\",\"datePublished\":\"2022-09-26T11:57:14+00:00\",\"dateModified\":\"2023-12-31T18:03:20+00:00\",\"description\":\"\u00dccretsiz bir etkinlik planlama \u00f6zeti kullanarak, m\u00fc\u015fterinizin etkinliklerinin mekan, g\u00f6r\u00fcn\u00fcm ve his, atmosfer ve daha fazlas\u0131 dahil olmak \u00fczere ana unsurlar\u0131n\u0131 ana hatlar\u0131yla belirleyebilirsiniz.\",\"inLanguage\":\"tr\",\"potentialAction\":[{\"@type\":\"ReadAction\",\"target\":[\"https:\/\/sales-ai-agents.com\/tr\/templates\/event-brief\/\"]}]},{\"@type\":\"ImageObject\",\"inLanguage\":\"tr\",\"@id\":\"https:\/\/sales-ai-agents.com\/tr\/templates\/event-brief\/#primaryimage\",\"url\":\"https:\/\/sales-ai-agents.com\/wp-content\/uploads\/2023\/01\/image-preview123010.png\",\"contentUrl\":\"https:\/\/sales-ai-agents.com\/wp-content\/uploads\/2023\/01\/image-preview123010.png\",\"width\":1078,\"height\":1567},{\"@type\":\"WebSite\",\"@id\":\"https:\/\/sales-ai-agents.com\/#website\",\"url\":\"https:\/\/sales-ai-agents.com\/\",\"name\":\"FuseBase\",\"description\":\"Sales AI Agents - Free Online Collaboration Software for Remote Teams. Build your wikis, client portals and more with the Nimbus Platform collaboration tool ? A perfect space for online work\",\"publisher\":{\"@id\":\"https:\/\/sales-ai-agents.com\/#organization\"},\"potentialAction\":[{\"@type\":\"SearchAction\",\"target\":{\"@type\":\"EntryPoint\",\"urlTemplate\":\"https:\/\/sales-ai-agents.com\/?s={search_term_string}\"},\"query-input\":{\"@type\":\"PropertyValueSpecification\",\"valueRequired\":true,\"valueName\":\"search_term_string\"}}],\"inLanguage\":\"tr\"},{\"@type\":\"Organization\",\"@id\":\"https:\/\/sales-ai-agents.com\/#organization\",\"name\":\"FuseBase\",\"url\":\"https:\/\/sales-ai-agents.com\/\",\"logo\":{\"@type\":\"ImageObject\",\"inLanguage\":\"tr\",\"@id\":\"https:\/\/sales-ai-agents.com\/#\/schema\/logo\/image\/\",\"url\":\"https:\/\/sales-ai-agents.com\/wp-content\/uploads\/2023\/11\/icon-7.svg\",\"contentUrl\":\"https:\/\/sales-ai-agents.com\/wp-content\/uploads\/2023\/11\/icon-7.svg\",\"width\":128,\"height\":128,\"caption\":\"FuseBase\"},\"image\":{\"@id\":\"https:\/\/sales-ai-agents.com\/#\/schema\/logo\/image\/\"}}]}<\/script>\n<!-- \/ Yoast SEO plugin. -->","yoast_head_json":{"title":"Etkinlik \u00d6zeti \u015eablonu - Sales AI Agents","description":"\u00dccretsiz bir etkinlik planlama \u00f6zeti kullanarak, m\u00fc\u015fterinizin etkinliklerinin mekan, g\u00f6r\u00fcn\u00fcm ve his, atmosfer ve daha fazlas\u0131 dahil olmak \u00fczere ana unsurlar\u0131n\u0131 ana hatlar\u0131yla belirleyebilirsiniz.","robots":{"index":"index","follow":"follow","max-snippet":"max-snippet:-1","max-image-preview":"max-image-preview:large","max-video-preview":"max-video-preview:-1"},"canonical":"https:\/\/sales-ai-agents.com\/tr\/templates\/event-brief\/","og_locale":"tr_TR","og_type":"article","og_title":"Etkinlik \u00d6zeti \u015eablonu - Sales AI Agents","og_description":"\u00dccretsiz bir etkinlik planlama \u00f6zeti kullanarak, m\u00fc\u015fterinizin etkinliklerinin mekan, g\u00f6r\u00fcn\u00fcm ve his, atmosfer ve daha fazlas\u0131 dahil olmak \u00fczere ana unsurlar\u0131n\u0131 ana hatlar\u0131yla belirleyebilirsiniz.","og_url":"https:\/\/sales-ai-agents.com\/tr\/templates\/event-brief\/","og_site_name":"Sales AI Agents","article_modified_time":"2023-12-31T18:03:20+00:00","og_image":[{"width":1078,"height":1567,"url":"https:\/\/sales-ai-agents.com\/wp-content\/uploads\/2023\/01\/image-preview123010.png","type":"image\/png"}],"twitter_card":"summary_large_image","schema":{"@context":"https:\/\/schema.org","@graph":[{"@type":"WebPage","@id":"https:\/\/sales-ai-agents.com\/tr\/templates\/event-brief\/","url":"https:\/\/sales-ai-agents.com\/tr\/templates\/event-brief\/","name":"Etkinlik \u00d6zeti \u015eablonu - Sales AI Agents","isPartOf":{"@id":"https:\/\/sales-ai-agents.com\/#website"},"primaryImageOfPage":{"@id":"https:\/\/sales-ai-agents.com\/tr\/templates\/event-brief\/#primaryimage"},"image":{"@id":"https:\/\/sales-ai-agents.com\/tr\/templates\/event-brief\/#primaryimage"},"thumbnailUrl":"https:\/\/sales-ai-agents.com\/wp-content\/uploads\/2023\/01\/image-preview123010.png","datePublished":"2022-09-26T11:57:14+00:00","dateModified":"2023-12-31T18:03:20+00:00","description":"\u00dccretsiz bir etkinlik planlama \u00f6zeti kullanarak, m\u00fc\u015fterinizin etkinliklerinin mekan, g\u00f6r\u00fcn\u00fcm ve his, atmosfer ve daha fazlas\u0131 dahil olmak \u00fczere ana unsurlar\u0131n\u0131 ana hatlar\u0131yla belirleyebilirsiniz.","inLanguage":"tr","potentialAction":[{"@type":"ReadAction","target":["https:\/\/sales-ai-agents.com\/tr\/templates\/event-brief\/"]}]},{"@type":"ImageObject","inLanguage":"tr","@id":"https:\/\/sales-ai-agents.com\/tr\/templates\/event-brief\/#primaryimage","url":"https:\/\/sales-ai-agents.com\/wp-content\/uploads\/2023\/01\/image-preview123010.png","contentUrl":"https:\/\/sales-ai-agents.com\/wp-content\/uploads\/2023\/01\/image-preview123010.png","width":1078,"height":1567},{"@type":"WebSite","@id":"https:\/\/sales-ai-agents.com\/#website","url":"https:\/\/sales-ai-agents.com\/","name":"FuseBase","description":"Sales AI Agents - Free Online Collaboration Software for Remote Teams. Build your wikis, client portals and more with the Nimbus Platform collaboration tool ? A perfect space for online work","publisher":{"@id":"https:\/\/sales-ai-agents.com\/#organization"},"potentialAction":[{"@type":"SearchAction","target":{"@type":"EntryPoint","urlTemplate":"https:\/\/sales-ai-agents.com\/?s={search_term_string}"},"query-input":{"@type":"PropertyValueSpecification","valueRequired":true,"valueName":"search_term_string"}}],"inLanguage":"tr"},{"@type":"Organization","@id":"https:\/\/sales-ai-agents.com\/#organization","name":"FuseBase","url":"https:\/\/sales-ai-agents.com\/","logo":{"@type":"ImageObject","inLanguage":"tr","@id":"https:\/\/sales-ai-agents.com\/#\/schema\/logo\/image\/","url":"https:\/\/sales-ai-agents.com\/wp-content\/uploads\/2023\/11\/icon-7.svg","contentUrl":"https:\/\/sales-ai-agents.com\/wp-content\/uploads\/2023\/11\/icon-7.svg","width":128,"height":128,"caption":"FuseBase"},"image":{"@id":"https:\/\/sales-ai-agents.com\/#\/schema\/logo\/image\/"}}]}},"_links":{"self":[{"href":"https:\/\/sales-ai-agents.com\/tr\/wp-json\/wp\/v2\/product\/58080","targetHints":{"allow":["GET"]}}],"collection":[{"href":"https:\/\/sales-ai-agents.com\/tr\/wp-json\/wp\/v2\/product"}],"about":[{"href":"https:\/\/sales-ai-agents.com\/tr\/wp-json\/wp\/v2\/types\/product"}],"wp:featuredmedia":[{"embeddable":true,"href":"https:\/\/sales-ai-agents.com\/tr\/wp-json\/wp\/v2\/media\/58081"}],"wp:attachment":[{"href":"https:\/\/sales-ai-agents.com\/tr\/wp-json\/wp\/v2\/media?parent=58080"}],"wp:term":[{"taxonomy":"product_brand","embeddable":true,"href":"https:\/\/sales-ai-agents.com\/tr\/wp-json\/wp\/v2\/product_brand?post=58080"},{"taxonomy":"product_cat","embeddable":true,"href":"https:\/\/sales-ai-agents.com\/tr\/wp-json\/wp\/v2\/product_cat?post=58080"},{"taxonomy":"product_tag","embeddable":true,"href":"https:\/\/sales-ai-agents.com\/tr\/wp-json\/wp\/v2\/product_tag?post=58080"}],"curies":[{"name":"wp","href":"https:\/\/api.w.org\/{rel}","templated":true}]}}