{"id":58094,"date":"2022-09-26T11:54:07","date_gmt":"2022-09-26T11:54:07","guid":{"rendered":"https:\/\/sales-ai-agents.com\/templates\/digital-budget-planner\/"},"modified":"2023-12-31T17:24:31","modified_gmt":"2023-12-31T17:24:31","slug":"digital-budget-planner","status":"publish","type":"product","link":"https:\/\/sales-ai-agents.com\/tr\/templates\/digital-budget-planner\/","title":{"rendered":"Dijital B\u00fct\u00e7e Planlay\u0131c\u0131"},"content":{"rendered":"<p>&nbsp;<\/p>\n<h2>Dijital B\u00fct\u00e7e Planlay\u0131c\u0131 \u015eablonu<\/h2>\n<p class=\"desc-text\">Harcamalar\u0131n\u0131z\u0131 unutmay\u0131n ve mali ge\u00e7mi\u015finizi temiz tutmak i\u00e7in b\u00fct\u00e7enizi planlay\u0131n. Harcamalar\u0131n\u0131z\u0131 hesaplamak ve her para harcad\u0131\u011f\u0131n\u0131zda hat\u0131rlamak i\u00e7in bu \u015fablonu kullan\u0131n.<\/p>\n<h5>Nas\u0131l kullan\u0131l\u0131r?<\/h5>\n<ul class=\"desc-item_list\">\n<li class=\"desc-item_list__point\">Harcamalar\u0131n\u0131z\u0131n oldu\u011fu her tarihi takip edin<\/li>\n<li class=\"desc-item_list__point\">Sahip oldu\u011funuz her harcamay\u0131 adland\u0131r\u0131n ve adland\u0131rma ve renklendirme kullanarak kategorize edin<\/li>\n<li class=\"desc-item_list__point\">Harcad\u0131\u011f\u0131n\u0131z para miktar\u0131 konusunda kesin olun<\/li>\n<\/ul>\n","protected":false},"excerpt":{"rendered":"<p>Harcamalar\u0131n\u0131z\u0131 unutmay\u0131n ve mali ge\u00e7mi\u015finizi temiz tutmak i\u00e7in b\u00fct\u00e7enizi planlay\u0131n. Harcamalar\u0131 hesaplamak ve ne zaman para harcad\u0131\u011f\u0131n\u0131z\u0131 hat\u0131rlamak i\u00e7in \u015fablonu kullan\u0131n.<\/p>\n","protected":false},"featured_media":58095,"template":"","meta":{"_acf_changed":false,"inline_featured_image":false},"product_brand":[],"product_cat":[257,256,273],"product_tag":[],"class_list":{"0":"post-58094","1":"product","2":"type-product","3":"status-publish","4":"has-post-thumbnail","6":"product_cat-personal","7":"product_cat-organizers-planners","8":"product_cat-personal-money","10":"first","11":"instock","12":"virtual","13":"sold-individually","14":"product-type-simple"},"acf":[],"yoast_head":"<!-- This site is optimized with the Yoast SEO plugin v25.3.1 - https:\/\/yoast.com\/wordpress\/plugins\/seo\/ -->\n<title>Dijital B\u00fct\u00e7e Planlay\u0131c\u0131 \u015eablonu - Sales AI Agents<\/title>\n<meta name=\"description\" content=\"Harcamalar\u0131n\u0131z\u0131 unutmay\u0131n ve mali ge\u00e7mi\u015finizi temiz tutmak i\u00e7in b\u00fct\u00e7enizi planlay\u0131n. Harcamalar\u0131 hesaplamak ve ne zaman para harcad\u0131\u011f\u0131n\u0131z\u0131 hat\u0131rlamak i\u00e7in \u015fablonu kullan\u0131n\" \/>\n<meta name=\"robots\" content=\"index, follow, max-snippet:-1, max-image-preview:large, max-video-preview:-1\" \/>\n<link rel=\"canonical\" href=\"https:\/\/sales-ai-agents.com\/tr\/templates\/digital-budget-planner\/\" \/>\n<meta property=\"og:locale\" content=\"tr_TR\" \/>\n<meta property=\"og:type\" content=\"article\" \/>\n<meta property=\"og:title\" content=\"Dijital B\u00fct\u00e7e Planlay\u0131c\u0131 \u015eablonu - Sales AI Agents\" \/>\n<meta property=\"og:description\" content=\"Harcamalar\u0131n\u0131z\u0131 unutmay\u0131n ve mali ge\u00e7mi\u015finizi temiz tutmak i\u00e7in b\u00fct\u00e7enizi planlay\u0131n. Harcamalar\u0131 hesaplamak ve ne zaman para harcad\u0131\u011f\u0131n\u0131z\u0131 hat\u0131rlamak i\u00e7in \u015fablonu kullan\u0131n\" \/>\n<meta property=\"og:url\" content=\"https:\/\/sales-ai-agents.com\/tr\/templates\/digital-budget-planner\/\" \/>\n<meta property=\"og:site_name\" content=\"Sales AI Agents\" \/>\n<meta property=\"article:modified_time\" content=\"2023-12-31T17:24:31+00:00\" \/>\n<meta property=\"og:image\" content=\"https:\/\/sales-ai-agents.com\/wp-content\/uploads\/2023\/01\/image-preview124043.png\" \/>\n\t<meta property=\"og:image:width\" content=\"1078\" \/>\n\t<meta property=\"og:image:height\" content=\"871\" \/>\n\t<meta property=\"og:image:type\" content=\"image\/png\" \/>\n<meta name=\"twitter:card\" content=\"summary_large_image\" \/>\n<script type=\"application\/ld+json\" class=\"yoast-schema-graph\">{\"@context\":\"https:\/\/schema.org\",\"@graph\":[{\"@type\":\"WebPage\",\"@id\":\"https:\/\/sales-ai-agents.com\/tr\/templates\/digital-budget-planner\/\",\"url\":\"https:\/\/sales-ai-agents.com\/tr\/templates\/digital-budget-planner\/\",\"name\":\"Dijital B\u00fct\u00e7e Planlay\u0131c\u0131 \u015eablonu - Sales AI Agents\",\"isPartOf\":{\"@id\":\"https:\/\/sales-ai-agents.com\/#website\"},\"primaryImageOfPage\":{\"@id\":\"https:\/\/sales-ai-agents.com\/tr\/templates\/digital-budget-planner\/#primaryimage\"},\"image\":{\"@id\":\"https:\/\/sales-ai-agents.com\/tr\/templates\/digital-budget-planner\/#primaryimage\"},\"thumbnailUrl\":\"https:\/\/sales-ai-agents.com\/wp-content\/uploads\/2023\/01\/image-preview124043.png\",\"datePublished\":\"2022-09-26T11:54:07+00:00\",\"dateModified\":\"2023-12-31T17:24:31+00:00\",\"description\":\"Harcamalar\u0131n\u0131z\u0131 unutmay\u0131n ve mali ge\u00e7mi\u015finizi temiz tutmak i\u00e7in b\u00fct\u00e7enizi planlay\u0131n. Harcamalar\u0131 hesaplamak ve ne zaman para harcad\u0131\u011f\u0131n\u0131z\u0131 hat\u0131rlamak i\u00e7in \u015fablonu kullan\u0131n\",\"inLanguage\":\"tr\",\"potentialAction\":[{\"@type\":\"ReadAction\",\"target\":[\"https:\/\/sales-ai-agents.com\/tr\/templates\/digital-budget-planner\/\"]}]},{\"@type\":\"ImageObject\",\"inLanguage\":\"tr\",\"@id\":\"https:\/\/sales-ai-agents.com\/tr\/templates\/digital-budget-planner\/#primaryimage\",\"url\":\"https:\/\/sales-ai-agents.com\/wp-content\/uploads\/2023\/01\/image-preview124043.png\",\"contentUrl\":\"https:\/\/sales-ai-agents.com\/wp-content\/uploads\/2023\/01\/image-preview124043.png\",\"width\":1078,\"height\":871},{\"@type\":\"WebSite\",\"@id\":\"https:\/\/sales-ai-agents.com\/#website\",\"url\":\"https:\/\/sales-ai-agents.com\/\",\"name\":\"FuseBase\",\"description\":\"Sales AI Agents - Free Online Collaboration Software for Remote Teams. Build your wikis, client portals and more with the Nimbus Platform collaboration tool ? A perfect space for online work\",\"publisher\":{\"@id\":\"https:\/\/sales-ai-agents.com\/#organization\"},\"potentialAction\":[{\"@type\":\"SearchAction\",\"target\":{\"@type\":\"EntryPoint\",\"urlTemplate\":\"https:\/\/sales-ai-agents.com\/?s={search_term_string}\"},\"query-input\":{\"@type\":\"PropertyValueSpecification\",\"valueRequired\":true,\"valueName\":\"search_term_string\"}}],\"inLanguage\":\"tr\"},{\"@type\":\"Organization\",\"@id\":\"https:\/\/sales-ai-agents.com\/#organization\",\"name\":\"FuseBase\",\"url\":\"https:\/\/sales-ai-agents.com\/\",\"logo\":{\"@type\":\"ImageObject\",\"inLanguage\":\"tr\",\"@id\":\"https:\/\/sales-ai-agents.com\/#\/schema\/logo\/image\/\",\"url\":\"https:\/\/sales-ai-agents.com\/wp-content\/uploads\/2023\/11\/icon-7.svg\",\"contentUrl\":\"https:\/\/sales-ai-agents.com\/wp-content\/uploads\/2023\/11\/icon-7.svg\",\"width\":128,\"height\":128,\"caption\":\"FuseBase\"},\"image\":{\"@id\":\"https:\/\/sales-ai-agents.com\/#\/schema\/logo\/image\/\"}}]}<\/script>\n<!-- \/ Yoast SEO plugin. -->","yoast_head_json":{"title":"Dijital B\u00fct\u00e7e Planlay\u0131c\u0131 \u015eablonu - Sales AI Agents","description":"Harcamalar\u0131n\u0131z\u0131 unutmay\u0131n ve mali ge\u00e7mi\u015finizi temiz tutmak i\u00e7in b\u00fct\u00e7enizi planlay\u0131n. Harcamalar\u0131 hesaplamak ve ne zaman para harcad\u0131\u011f\u0131n\u0131z\u0131 hat\u0131rlamak i\u00e7in \u015fablonu kullan\u0131n","robots":{"index":"index","follow":"follow","max-snippet":"max-snippet:-1","max-image-preview":"max-image-preview:large","max-video-preview":"max-video-preview:-1"},"canonical":"https:\/\/sales-ai-agents.com\/tr\/templates\/digital-budget-planner\/","og_locale":"tr_TR","og_type":"article","og_title":"Dijital B\u00fct\u00e7e Planlay\u0131c\u0131 \u015eablonu - Sales AI Agents","og_description":"Harcamalar\u0131n\u0131z\u0131 unutmay\u0131n ve mali ge\u00e7mi\u015finizi temiz tutmak i\u00e7in b\u00fct\u00e7enizi planlay\u0131n. Harcamalar\u0131 hesaplamak ve ne zaman para harcad\u0131\u011f\u0131n\u0131z\u0131 hat\u0131rlamak i\u00e7in \u015fablonu kullan\u0131n","og_url":"https:\/\/sales-ai-agents.com\/tr\/templates\/digital-budget-planner\/","og_site_name":"Sales AI Agents","article_modified_time":"2023-12-31T17:24:31+00:00","og_image":[{"width":1078,"height":871,"url":"https:\/\/sales-ai-agents.com\/wp-content\/uploads\/2023\/01\/image-preview124043.png","type":"image\/png"}],"twitter_card":"summary_large_image","schema":{"@context":"https:\/\/schema.org","@graph":[{"@type":"WebPage","@id":"https:\/\/sales-ai-agents.com\/tr\/templates\/digital-budget-planner\/","url":"https:\/\/sales-ai-agents.com\/tr\/templates\/digital-budget-planner\/","name":"Dijital B\u00fct\u00e7e Planlay\u0131c\u0131 \u015eablonu - Sales AI Agents","isPartOf":{"@id":"https:\/\/sales-ai-agents.com\/#website"},"primaryImageOfPage":{"@id":"https:\/\/sales-ai-agents.com\/tr\/templates\/digital-budget-planner\/#primaryimage"},"image":{"@id":"https:\/\/sales-ai-agents.com\/tr\/templates\/digital-budget-planner\/#primaryimage"},"thumbnailUrl":"https:\/\/sales-ai-agents.com\/wp-content\/uploads\/2023\/01\/image-preview124043.png","datePublished":"2022-09-26T11:54:07+00:00","dateModified":"2023-12-31T17:24:31+00:00","description":"Harcamalar\u0131n\u0131z\u0131 unutmay\u0131n ve mali ge\u00e7mi\u015finizi temiz tutmak i\u00e7in b\u00fct\u00e7enizi planlay\u0131n. Harcamalar\u0131 hesaplamak ve ne zaman para harcad\u0131\u011f\u0131n\u0131z\u0131 hat\u0131rlamak i\u00e7in \u015fablonu kullan\u0131n","inLanguage":"tr","potentialAction":[{"@type":"ReadAction","target":["https:\/\/sales-ai-agents.com\/tr\/templates\/digital-budget-planner\/"]}]},{"@type":"ImageObject","inLanguage":"tr","@id":"https:\/\/sales-ai-agents.com\/tr\/templates\/digital-budget-planner\/#primaryimage","url":"https:\/\/sales-ai-agents.com\/wp-content\/uploads\/2023\/01\/image-preview124043.png","contentUrl":"https:\/\/sales-ai-agents.com\/wp-content\/uploads\/2023\/01\/image-preview124043.png","width":1078,"height":871},{"@type":"WebSite","@id":"https:\/\/sales-ai-agents.com\/#website","url":"https:\/\/sales-ai-agents.com\/","name":"FuseBase","description":"Sales AI Agents - Free Online Collaboration Software for Remote Teams. Build your wikis, client portals and more with the Nimbus Platform collaboration tool ? A perfect space for online work","publisher":{"@id":"https:\/\/sales-ai-agents.com\/#organization"},"potentialAction":[{"@type":"SearchAction","target":{"@type":"EntryPoint","urlTemplate":"https:\/\/sales-ai-agents.com\/?s={search_term_string}"},"query-input":{"@type":"PropertyValueSpecification","valueRequired":true,"valueName":"search_term_string"}}],"inLanguage":"tr"},{"@type":"Organization","@id":"https:\/\/sales-ai-agents.com\/#organization","name":"FuseBase","url":"https:\/\/sales-ai-agents.com\/","logo":{"@type":"ImageObject","inLanguage":"tr","@id":"https:\/\/sales-ai-agents.com\/#\/schema\/logo\/image\/","url":"https:\/\/sales-ai-agents.com\/wp-content\/uploads\/2023\/11\/icon-7.svg","contentUrl":"https:\/\/sales-ai-agents.com\/wp-content\/uploads\/2023\/11\/icon-7.svg","width":128,"height":128,"caption":"FuseBase"},"image":{"@id":"https:\/\/sales-ai-agents.com\/#\/schema\/logo\/image\/"}}]}},"_links":{"self":[{"href":"https:\/\/sales-ai-agents.com\/tr\/wp-json\/wp\/v2\/product\/58094","targetHints":{"allow":["GET"]}}],"collection":[{"href":"https:\/\/sales-ai-agents.com\/tr\/wp-json\/wp\/v2\/product"}],"about":[{"href":"https:\/\/sales-ai-agents.com\/tr\/wp-json\/wp\/v2\/types\/product"}],"wp:featuredmedia":[{"embeddable":true,"href":"https:\/\/sales-ai-agents.com\/tr\/wp-json\/wp\/v2\/media\/58095"}],"wp:attachment":[{"href":"https:\/\/sales-ai-agents.com\/tr\/wp-json\/wp\/v2\/media?parent=58094"}],"wp:term":[{"taxonomy":"product_brand","embeddable":true,"href":"https:\/\/sales-ai-agents.com\/tr\/wp-json\/wp\/v2\/product_brand?post=58094"},{"taxonomy":"product_cat","embeddable":true,"href":"https:\/\/sales-ai-agents.com\/tr\/wp-json\/wp\/v2\/product_cat?post=58094"},{"taxonomy":"product_tag","embeddable":true,"href":"https:\/\/sales-ai-agents.com\/tr\/wp-json\/wp\/v2\/product_tag?post=58094"}],"curies":[{"name":"wp","href":"https:\/\/api.w.org\/{rel}","templated":true}]}}