{"id":58097,"date":"2022-09-26T11:54:04","date_gmt":"2022-09-26T11:54:04","guid":{"rendered":"https:\/\/sales-ai-agents.com\/templates\/candidate-tracking\/"},"modified":"2023-12-27T14:58:30","modified_gmt":"2023-12-27T14:58:30","slug":"candidate-tracking","status":"publish","type":"product","link":"https:\/\/sales-ai-agents.com\/tr\/templates\/candidate-tracking\/","title":{"rendered":"Aday Takibi"},"content":{"rendered":"<p>&nbsp;<\/p>\n<h2>Aday Takip \u015eablonu<\/h2>\n<p class=\"desc-text\">\u0130\u015f aday\u0131 ararken elinizde birka\u00e7 farkl\u0131 ipucu olabilir. \u0130\u015f ba\u015fvurular\u0131n\u0131z\u0131 y\u00f6netmek i\u00e7in birden fazla elektronik tablo ve belge kullanmak yerine, aday izleme \u015fablonumuzu deneyin. \u0130\u015fe al\u0131m s\u00fcrecinizi denetlemek ve her bir ba\u015fvuru sahibinin durumunu g\u00fcncellemek i\u00e7in bu \u015fablonu kullan\u0131n. \u0130\u015finizi kolayca yap\u0131land\u0131rabilmeniz i\u00e7in t\u00fcm bilgilerinizi tek bir yerde organize edin.<\/p>\n<h5>Nas\u0131l kullan\u0131l\u0131r?<\/h5>\n<ul class=\"desc-item_list\">\n<li class=\"desc-item_list__point\">Ba\u015fvuru sahiplerinizin isimlerini listeleyin<\/li>\n<li class=\"desc-item_list__point\">Farkl\u0131 konumlar\u0131 g\u00f6stermek i\u00e7in etiketler kullan\u0131n<\/li>\n<li class=\"desc-item_list__point\">\u0130\u015fe al\u0131m a\u015famalar\u0131n\u0131 renkli etiketlerle belirtin<\/li>\n<li class=\"desc-item_list__point\">\u00d6n yaz\u0131lar\u0131, \u00f6zge\u00e7mi\u015fleri ve referanslar\u0131 y\u00fckleyin<\/li>\n<li class=\"desc-item_list__point\">Telefon numaralar\u0131 ve e-posta adresleri ekleyin<\/li>\n<li class=\"desc-item_list__point\">Her aday hakk\u0131nda notlar yaz\u0131n<\/li>\n<\/ul>\n","protected":false},"excerpt":{"rendered":"<p>\u0130\u015f aday\u0131 ararken elinizde birka\u00e7 farkl\u0131 ipucu olabilir. \u00dccretsiz aday takip \u015fablonumuzu deneyerek i\u015f ba\u015fvurular\u0131n\u0131z\u0131 y\u00f6netin.<\/p>\n","protected":false},"featured_media":58098,"template":"","meta":{"_acf_changed":false,"inline_featured_image":false},"product_brand":[],"product_cat":[218],"product_tag":[],"class_list":{"0":"post-58097","1":"product","2":"type-product","3":"status-publish","4":"has-post-thumbnail","6":"product_cat-operations","8":"first","9":"instock","10":"virtual","11":"sold-individually","12":"product-type-simple"},"acf":[],"yoast_head":"<!-- This site is optimized with the Yoast SEO plugin v25.3.1 - https:\/\/yoast.com\/wordpress\/plugins\/seo\/ -->\n<title>Aday Takip \u015eablonu - Sales AI Agents<\/title>\n<meta name=\"description\" content=\"\u0130\u015f aday\u0131 ararken elinizde birka\u00e7 farkl\u0131 ipucu olabilir. \u00dccretsiz aday takip \u015fablonumuzu deneyerek i\u015f ba\u015fvurular\u0131n\u0131z\u0131 y\u00f6netin.\" \/>\n<meta name=\"robots\" content=\"index, follow, max-snippet:-1, max-image-preview:large, max-video-preview:-1\" \/>\n<link rel=\"canonical\" href=\"https:\/\/sales-ai-agents.com\/tr\/templates\/candidate-tracking\/\" \/>\n<meta property=\"og:locale\" content=\"tr_TR\" \/>\n<meta property=\"og:type\" content=\"article\" \/>\n<meta property=\"og:title\" content=\"Aday Takip \u015eablonu - Sales AI Agents\" \/>\n<meta property=\"og:description\" content=\"\u0130\u015f aday\u0131 ararken elinizde birka\u00e7 farkl\u0131 ipucu olabilir. \u00dccretsiz aday takip \u015fablonumuzu deneyerek i\u015f ba\u015fvurular\u0131n\u0131z\u0131 y\u00f6netin.\" \/>\n<meta property=\"og:url\" content=\"https:\/\/sales-ai-agents.com\/tr\/templates\/candidate-tracking\/\" \/>\n<meta property=\"og:site_name\" content=\"Sales AI Agents\" \/>\n<meta property=\"article:modified_time\" content=\"2023-12-27T14:58:30+00:00\" \/>\n<meta property=\"og:image\" content=\"https:\/\/sales-ai-agents.com\/wp-content\/uploads\/2023\/01\/image-preview124013.png\" \/>\n\t<meta property=\"og:image:width\" content=\"1078\" \/>\n\t<meta property=\"og:image:height\" content=\"760\" \/>\n\t<meta property=\"og:image:type\" content=\"image\/png\" \/>\n<meta name=\"twitter:card\" content=\"summary_large_image\" \/>\n<script type=\"application\/ld+json\" class=\"yoast-schema-graph\">{\"@context\":\"https:\/\/schema.org\",\"@graph\":[{\"@type\":\"WebPage\",\"@id\":\"https:\/\/sales-ai-agents.com\/tr\/templates\/candidate-tracking\/\",\"url\":\"https:\/\/sales-ai-agents.com\/tr\/templates\/candidate-tracking\/\",\"name\":\"Aday Takip \u015eablonu - Sales AI Agents\",\"isPartOf\":{\"@id\":\"https:\/\/sales-ai-agents.com\/#website\"},\"primaryImageOfPage\":{\"@id\":\"https:\/\/sales-ai-agents.com\/tr\/templates\/candidate-tracking\/#primaryimage\"},\"image\":{\"@id\":\"https:\/\/sales-ai-agents.com\/tr\/templates\/candidate-tracking\/#primaryimage\"},\"thumbnailUrl\":\"https:\/\/sales-ai-agents.com\/wp-content\/uploads\/2023\/01\/image-preview124013.png\",\"datePublished\":\"2022-09-26T11:54:04+00:00\",\"dateModified\":\"2023-12-27T14:58:30+00:00\",\"description\":\"\u0130\u015f aday\u0131 ararken elinizde birka\u00e7 farkl\u0131 ipucu olabilir. \u00dccretsiz aday takip \u015fablonumuzu deneyerek i\u015f ba\u015fvurular\u0131n\u0131z\u0131 y\u00f6netin.\",\"inLanguage\":\"tr\",\"potentialAction\":[{\"@type\":\"ReadAction\",\"target\":[\"https:\/\/sales-ai-agents.com\/tr\/templates\/candidate-tracking\/\"]}]},{\"@type\":\"ImageObject\",\"inLanguage\":\"tr\",\"@id\":\"https:\/\/sales-ai-agents.com\/tr\/templates\/candidate-tracking\/#primaryimage\",\"url\":\"https:\/\/sales-ai-agents.com\/wp-content\/uploads\/2023\/01\/image-preview124013.png\",\"contentUrl\":\"https:\/\/sales-ai-agents.com\/wp-content\/uploads\/2023\/01\/image-preview124013.png\",\"width\":1078,\"height\":760},{\"@type\":\"WebSite\",\"@id\":\"https:\/\/sales-ai-agents.com\/#website\",\"url\":\"https:\/\/sales-ai-agents.com\/\",\"name\":\"FuseBase\",\"description\":\"Sales AI Agents - Free Online Collaboration Software for Remote Teams. Build your wikis, client portals and more with the Nimbus Platform collaboration tool ? A perfect space for online work\",\"publisher\":{\"@id\":\"https:\/\/sales-ai-agents.com\/#organization\"},\"potentialAction\":[{\"@type\":\"SearchAction\",\"target\":{\"@type\":\"EntryPoint\",\"urlTemplate\":\"https:\/\/sales-ai-agents.com\/?s={search_term_string}\"},\"query-input\":{\"@type\":\"PropertyValueSpecification\",\"valueRequired\":true,\"valueName\":\"search_term_string\"}}],\"inLanguage\":\"tr\"},{\"@type\":\"Organization\",\"@id\":\"https:\/\/sales-ai-agents.com\/#organization\",\"name\":\"FuseBase\",\"url\":\"https:\/\/sales-ai-agents.com\/\",\"logo\":{\"@type\":\"ImageObject\",\"inLanguage\":\"tr\",\"@id\":\"https:\/\/sales-ai-agents.com\/#\/schema\/logo\/image\/\",\"url\":\"https:\/\/sales-ai-agents.com\/wp-content\/uploads\/2023\/11\/icon-7.svg\",\"contentUrl\":\"https:\/\/sales-ai-agents.com\/wp-content\/uploads\/2023\/11\/icon-7.svg\",\"width\":128,\"height\":128,\"caption\":\"FuseBase\"},\"image\":{\"@id\":\"https:\/\/sales-ai-agents.com\/#\/schema\/logo\/image\/\"}}]}<\/script>\n<!-- \/ Yoast SEO plugin. -->","yoast_head_json":{"title":"Aday Takip \u015eablonu - Sales AI Agents","description":"\u0130\u015f aday\u0131 ararken elinizde birka\u00e7 farkl\u0131 ipucu olabilir. \u00dccretsiz aday takip \u015fablonumuzu deneyerek i\u015f ba\u015fvurular\u0131n\u0131z\u0131 y\u00f6netin.","robots":{"index":"index","follow":"follow","max-snippet":"max-snippet:-1","max-image-preview":"max-image-preview:large","max-video-preview":"max-video-preview:-1"},"canonical":"https:\/\/sales-ai-agents.com\/tr\/templates\/candidate-tracking\/","og_locale":"tr_TR","og_type":"article","og_title":"Aday Takip \u015eablonu - Sales AI Agents","og_description":"\u0130\u015f aday\u0131 ararken elinizde birka\u00e7 farkl\u0131 ipucu olabilir. \u00dccretsiz aday takip \u015fablonumuzu deneyerek i\u015f ba\u015fvurular\u0131n\u0131z\u0131 y\u00f6netin.","og_url":"https:\/\/sales-ai-agents.com\/tr\/templates\/candidate-tracking\/","og_site_name":"Sales AI Agents","article_modified_time":"2023-12-27T14:58:30+00:00","og_image":[{"width":1078,"height":760,"url":"https:\/\/sales-ai-agents.com\/wp-content\/uploads\/2023\/01\/image-preview124013.png","type":"image\/png"}],"twitter_card":"summary_large_image","schema":{"@context":"https:\/\/schema.org","@graph":[{"@type":"WebPage","@id":"https:\/\/sales-ai-agents.com\/tr\/templates\/candidate-tracking\/","url":"https:\/\/sales-ai-agents.com\/tr\/templates\/candidate-tracking\/","name":"Aday Takip \u015eablonu - Sales AI Agents","isPartOf":{"@id":"https:\/\/sales-ai-agents.com\/#website"},"primaryImageOfPage":{"@id":"https:\/\/sales-ai-agents.com\/tr\/templates\/candidate-tracking\/#primaryimage"},"image":{"@id":"https:\/\/sales-ai-agents.com\/tr\/templates\/candidate-tracking\/#primaryimage"},"thumbnailUrl":"https:\/\/sales-ai-agents.com\/wp-content\/uploads\/2023\/01\/image-preview124013.png","datePublished":"2022-09-26T11:54:04+00:00","dateModified":"2023-12-27T14:58:30+00:00","description":"\u0130\u015f aday\u0131 ararken elinizde birka\u00e7 farkl\u0131 ipucu olabilir. \u00dccretsiz aday takip \u015fablonumuzu deneyerek i\u015f ba\u015fvurular\u0131n\u0131z\u0131 y\u00f6netin.","inLanguage":"tr","potentialAction":[{"@type":"ReadAction","target":["https:\/\/sales-ai-agents.com\/tr\/templates\/candidate-tracking\/"]}]},{"@type":"ImageObject","inLanguage":"tr","@id":"https:\/\/sales-ai-agents.com\/tr\/templates\/candidate-tracking\/#primaryimage","url":"https:\/\/sales-ai-agents.com\/wp-content\/uploads\/2023\/01\/image-preview124013.png","contentUrl":"https:\/\/sales-ai-agents.com\/wp-content\/uploads\/2023\/01\/image-preview124013.png","width":1078,"height":760},{"@type":"WebSite","@id":"https:\/\/sales-ai-agents.com\/#website","url":"https:\/\/sales-ai-agents.com\/","name":"FuseBase","description":"Sales AI Agents - Free Online Collaboration Software for Remote Teams. Build your wikis, client portals and more with the Nimbus Platform collaboration tool ? A perfect space for online work","publisher":{"@id":"https:\/\/sales-ai-agents.com\/#organization"},"potentialAction":[{"@type":"SearchAction","target":{"@type":"EntryPoint","urlTemplate":"https:\/\/sales-ai-agents.com\/?s={search_term_string}"},"query-input":{"@type":"PropertyValueSpecification","valueRequired":true,"valueName":"search_term_string"}}],"inLanguage":"tr"},{"@type":"Organization","@id":"https:\/\/sales-ai-agents.com\/#organization","name":"FuseBase","url":"https:\/\/sales-ai-agents.com\/","logo":{"@type":"ImageObject","inLanguage":"tr","@id":"https:\/\/sales-ai-agents.com\/#\/schema\/logo\/image\/","url":"https:\/\/sales-ai-agents.com\/wp-content\/uploads\/2023\/11\/icon-7.svg","contentUrl":"https:\/\/sales-ai-agents.com\/wp-content\/uploads\/2023\/11\/icon-7.svg","width":128,"height":128,"caption":"FuseBase"},"image":{"@id":"https:\/\/sales-ai-agents.com\/#\/schema\/logo\/image\/"}}]}},"_links":{"self":[{"href":"https:\/\/sales-ai-agents.com\/tr\/wp-json\/wp\/v2\/product\/58097","targetHints":{"allow":["GET"]}}],"collection":[{"href":"https:\/\/sales-ai-agents.com\/tr\/wp-json\/wp\/v2\/product"}],"about":[{"href":"https:\/\/sales-ai-agents.com\/tr\/wp-json\/wp\/v2\/types\/product"}],"wp:featuredmedia":[{"embeddable":true,"href":"https:\/\/sales-ai-agents.com\/tr\/wp-json\/wp\/v2\/media\/58098"}],"wp:attachment":[{"href":"https:\/\/sales-ai-agents.com\/tr\/wp-json\/wp\/v2\/media?parent=58097"}],"wp:term":[{"taxonomy":"product_brand","embeddable":true,"href":"https:\/\/sales-ai-agents.com\/tr\/wp-json\/wp\/v2\/product_brand?post=58097"},{"taxonomy":"product_cat","embeddable":true,"href":"https:\/\/sales-ai-agents.com\/tr\/wp-json\/wp\/v2\/product_cat?post=58097"},{"taxonomy":"product_tag","embeddable":true,"href":"https:\/\/sales-ai-agents.com\/tr\/wp-json\/wp\/v2\/product_tag?post=58097"}],"curies":[{"name":"wp","href":"https:\/\/api.w.org\/{rel}","templated":true}]}}