{"id":58100,"date":"2022-09-26T11:54:01","date_gmt":"2022-09-26T11:54:01","guid":{"rendered":"https:\/\/sales-ai-agents.com\/templates\/the-student-database\/"},"modified":"2023-12-27T15:41:18","modified_gmt":"2023-12-27T15:41:18","slug":"the-student-database","status":"publish","type":"product","link":"https:\/\/sales-ai-agents.com\/tr\/templates\/the-student-database\/","title":{"rendered":"\u00d6\u011frenci Veritaban\u0131"},"content":{"rendered":"<p>&nbsp;<\/p>\n<h2>\u00d6\u011frenci Veritaban\u0131 \u015eablonu<\/h2>\n<p class=\"desc-text\">Bir \u00f6\u011frenci veritaban\u0131 olu\u015fturmak ve okulunuzla ba\u011flant\u0131da kalmak i\u00e7in bu \u015fablonu kullan\u0131n. S\u0131n\u0131f\u0131n\u0131zdaki her \u00f6\u011frenciyi ekleyin ve verileri tek bir yerden izleyin. \u00d6zel s\u0131n\u0131f y\u00f6netimi ara\u00e7lar\u0131, bilgileri ayr\u0131 kartlara b\u00f6lmenize yard\u0131mc\u0131 olarak her \u00f6\u011frencinin durumunu takip etmeyi kolayla\u015ft\u0131r\u0131r.<\/p>\n<h5>Nas\u0131l kullan\u0131l\u0131r?<\/h5>\n<ul class=\"desc-item_list\">\n<li class=\"desc-item_list__point\">Her bir \u00f6\u011frenciyi veritaban\u0131na ekleyin<\/li>\n<li class=\"desc-item_list__point\">Devams\u0131z g\u00fcnlerin, ge\u00e7 kal\u0131nan g\u00fcnlerin, i\u015ften \u00e7\u0131kar\u0131lanlar\u0131n say\u0131s\u0131n\u0131 takip edin<\/li>\n<li class=\"desc-item_list__point\">S\u0131n\u0131f gibi etiketleri kolayca ekleyin<\/li>\n<li class=\"desc-item_list__point\">Gerekirse not eklemek i\u00e7in yorum b\u00f6l\u00fcm\u00fcn\u00fc kullan\u0131n<\/li>\n<li class=\"desc-item_list__point\">Durumu takip etmek i\u00e7in her \u00f6\u011frenci i\u00e7in ayr\u0131 bir kart olu\u015fturun<\/li>\n<\/ul>\n","protected":false},"excerpt":{"rendered":"<p>\u00d6\u011frencinin veri taban\u0131n\u0131 olu\u015fturmak i\u00e7in bu \u00fccretsiz \u00f6zelle\u015ftirilebilir \u015fablonu kullan\u0131n. S\u0131n\u0131f\u0131n\u0131zdaki her \u00f6\u011frenciyi ekleyin ve t\u00fcm bilgileri tek bir yerden kolayca izleyin.<\/p>\n","protected":false},"featured_media":58101,"template":"","meta":{"_acf_changed":false,"inline_featured_image":false},"product_brand":[],"product_cat":[268],"product_tag":[],"class_list":{"0":"post-58100","1":"product","2":"type-product","3":"status-publish","4":"has-post-thumbnail","6":"product_cat-teacher","8":"first","9":"instock","10":"virtual","11":"sold-individually","12":"product-type-simple"},"acf":[],"yoast_head":"<!-- This site is optimized with the Yoast SEO plugin v25.3.1 - https:\/\/yoast.com\/wordpress\/plugins\/seo\/ -->\n<title>\u00d6\u011frenci Veritaban\u0131 \u015eablonu - Sales AI Agents<\/title>\n<meta name=\"description\" content=\"\u00d6\u011frencinin veri taban\u0131n\u0131 olu\u015fturmak i\u00e7in bu \u00fccretsiz \u00f6zelle\u015ftirilebilir \u015fablonu kullan\u0131n. S\u0131n\u0131f\u0131n\u0131zdaki her \u00f6\u011frenciyi ekleyin ve t\u00fcm bilgileri tek bir yerden kolayca izleyin.\" \/>\n<meta name=\"robots\" content=\"index, follow, max-snippet:-1, max-image-preview:large, max-video-preview:-1\" \/>\n<link rel=\"canonical\" href=\"https:\/\/sales-ai-agents.com\/tr\/templates\/the-student-database\/\" \/>\n<meta property=\"og:locale\" content=\"tr_TR\" \/>\n<meta property=\"og:type\" content=\"article\" \/>\n<meta property=\"og:title\" content=\"\u00d6\u011frenci Veritaban\u0131 \u015eablonu - Sales AI Agents\" \/>\n<meta property=\"og:description\" content=\"\u00d6\u011frencinin veri taban\u0131n\u0131 olu\u015fturmak i\u00e7in bu \u00fccretsiz \u00f6zelle\u015ftirilebilir \u015fablonu kullan\u0131n. S\u0131n\u0131f\u0131n\u0131zdaki her \u00f6\u011frenciyi ekleyin ve t\u00fcm bilgileri tek bir yerden kolayca izleyin.\" \/>\n<meta property=\"og:url\" content=\"https:\/\/sales-ai-agents.com\/tr\/templates\/the-student-database\/\" \/>\n<meta property=\"og:site_name\" content=\"Sales AI Agents\" \/>\n<meta property=\"article:modified_time\" content=\"2023-12-27T15:41:18+00:00\" \/>\n<meta property=\"og:image\" content=\"https:\/\/sales-ai-agents.com\/wp-content\/uploads\/2023\/01\/image-preview124110.png\" \/>\n\t<meta property=\"og:image:width\" content=\"1078\" \/>\n\t<meta property=\"og:image:height\" content=\"1125\" \/>\n\t<meta property=\"og:image:type\" content=\"image\/png\" \/>\n<meta name=\"twitter:card\" content=\"summary_large_image\" \/>\n<script type=\"application\/ld+json\" class=\"yoast-schema-graph\">{\"@context\":\"https:\/\/schema.org\",\"@graph\":[{\"@type\":\"WebPage\",\"@id\":\"https:\/\/sales-ai-agents.com\/tr\/templates\/the-student-database\/\",\"url\":\"https:\/\/sales-ai-agents.com\/tr\/templates\/the-student-database\/\",\"name\":\"\u00d6\u011frenci Veritaban\u0131 \u015eablonu - Sales AI Agents\",\"isPartOf\":{\"@id\":\"https:\/\/sales-ai-agents.com\/#website\"},\"primaryImageOfPage\":{\"@id\":\"https:\/\/sales-ai-agents.com\/tr\/templates\/the-student-database\/#primaryimage\"},\"image\":{\"@id\":\"https:\/\/sales-ai-agents.com\/tr\/templates\/the-student-database\/#primaryimage\"},\"thumbnailUrl\":\"https:\/\/sales-ai-agents.com\/wp-content\/uploads\/2023\/01\/image-preview124110.png\",\"datePublished\":\"2022-09-26T11:54:01+00:00\",\"dateModified\":\"2023-12-27T15:41:18+00:00\",\"description\":\"\u00d6\u011frencinin veri taban\u0131n\u0131 olu\u015fturmak i\u00e7in bu \u00fccretsiz \u00f6zelle\u015ftirilebilir \u015fablonu kullan\u0131n. S\u0131n\u0131f\u0131n\u0131zdaki her \u00f6\u011frenciyi ekleyin ve t\u00fcm bilgileri tek bir yerden kolayca izleyin.\",\"inLanguage\":\"tr\",\"potentialAction\":[{\"@type\":\"ReadAction\",\"target\":[\"https:\/\/sales-ai-agents.com\/tr\/templates\/the-student-database\/\"]}]},{\"@type\":\"ImageObject\",\"inLanguage\":\"tr\",\"@id\":\"https:\/\/sales-ai-agents.com\/tr\/templates\/the-student-database\/#primaryimage\",\"url\":\"https:\/\/sales-ai-agents.com\/wp-content\/uploads\/2023\/01\/image-preview124110.png\",\"contentUrl\":\"https:\/\/sales-ai-agents.com\/wp-content\/uploads\/2023\/01\/image-preview124110.png\",\"width\":1078,\"height\":1125},{\"@type\":\"WebSite\",\"@id\":\"https:\/\/sales-ai-agents.com\/#website\",\"url\":\"https:\/\/sales-ai-agents.com\/\",\"name\":\"FuseBase\",\"description\":\"Sales AI Agents - Free Online Collaboration Software for Remote Teams. Build your wikis, client portals and more with the Nimbus Platform collaboration tool ? A perfect space for online work\",\"publisher\":{\"@id\":\"https:\/\/sales-ai-agents.com\/#organization\"},\"potentialAction\":[{\"@type\":\"SearchAction\",\"target\":{\"@type\":\"EntryPoint\",\"urlTemplate\":\"https:\/\/sales-ai-agents.com\/?s={search_term_string}\"},\"query-input\":{\"@type\":\"PropertyValueSpecification\",\"valueRequired\":true,\"valueName\":\"search_term_string\"}}],\"inLanguage\":\"tr\"},{\"@type\":\"Organization\",\"@id\":\"https:\/\/sales-ai-agents.com\/#organization\",\"name\":\"FuseBase\",\"url\":\"https:\/\/sales-ai-agents.com\/\",\"logo\":{\"@type\":\"ImageObject\",\"inLanguage\":\"tr\",\"@id\":\"https:\/\/sales-ai-agents.com\/#\/schema\/logo\/image\/\",\"url\":\"https:\/\/sales-ai-agents.com\/wp-content\/uploads\/2023\/11\/icon-7.svg\",\"contentUrl\":\"https:\/\/sales-ai-agents.com\/wp-content\/uploads\/2023\/11\/icon-7.svg\",\"width\":128,\"height\":128,\"caption\":\"FuseBase\"},\"image\":{\"@id\":\"https:\/\/sales-ai-agents.com\/#\/schema\/logo\/image\/\"}}]}<\/script>\n<!-- \/ Yoast SEO plugin. -->","yoast_head_json":{"title":"\u00d6\u011frenci Veritaban\u0131 \u015eablonu - Sales AI Agents","description":"\u00d6\u011frencinin veri taban\u0131n\u0131 olu\u015fturmak i\u00e7in bu \u00fccretsiz \u00f6zelle\u015ftirilebilir \u015fablonu kullan\u0131n. S\u0131n\u0131f\u0131n\u0131zdaki her \u00f6\u011frenciyi ekleyin ve t\u00fcm bilgileri tek bir yerden kolayca izleyin.","robots":{"index":"index","follow":"follow","max-snippet":"max-snippet:-1","max-image-preview":"max-image-preview:large","max-video-preview":"max-video-preview:-1"},"canonical":"https:\/\/sales-ai-agents.com\/tr\/templates\/the-student-database\/","og_locale":"tr_TR","og_type":"article","og_title":"\u00d6\u011frenci Veritaban\u0131 \u015eablonu - Sales AI Agents","og_description":"\u00d6\u011frencinin veri taban\u0131n\u0131 olu\u015fturmak i\u00e7in bu \u00fccretsiz \u00f6zelle\u015ftirilebilir \u015fablonu kullan\u0131n. S\u0131n\u0131f\u0131n\u0131zdaki her \u00f6\u011frenciyi ekleyin ve t\u00fcm bilgileri tek bir yerden kolayca izleyin.","og_url":"https:\/\/sales-ai-agents.com\/tr\/templates\/the-student-database\/","og_site_name":"Sales AI Agents","article_modified_time":"2023-12-27T15:41:18+00:00","og_image":[{"width":1078,"height":1125,"url":"https:\/\/sales-ai-agents.com\/wp-content\/uploads\/2023\/01\/image-preview124110.png","type":"image\/png"}],"twitter_card":"summary_large_image","schema":{"@context":"https:\/\/schema.org","@graph":[{"@type":"WebPage","@id":"https:\/\/sales-ai-agents.com\/tr\/templates\/the-student-database\/","url":"https:\/\/sales-ai-agents.com\/tr\/templates\/the-student-database\/","name":"\u00d6\u011frenci Veritaban\u0131 \u015eablonu - Sales AI Agents","isPartOf":{"@id":"https:\/\/sales-ai-agents.com\/#website"},"primaryImageOfPage":{"@id":"https:\/\/sales-ai-agents.com\/tr\/templates\/the-student-database\/#primaryimage"},"image":{"@id":"https:\/\/sales-ai-agents.com\/tr\/templates\/the-student-database\/#primaryimage"},"thumbnailUrl":"https:\/\/sales-ai-agents.com\/wp-content\/uploads\/2023\/01\/image-preview124110.png","datePublished":"2022-09-26T11:54:01+00:00","dateModified":"2023-12-27T15:41:18+00:00","description":"\u00d6\u011frencinin veri taban\u0131n\u0131 olu\u015fturmak i\u00e7in bu \u00fccretsiz \u00f6zelle\u015ftirilebilir \u015fablonu kullan\u0131n. S\u0131n\u0131f\u0131n\u0131zdaki her \u00f6\u011frenciyi ekleyin ve t\u00fcm bilgileri tek bir yerden kolayca izleyin.","inLanguage":"tr","potentialAction":[{"@type":"ReadAction","target":["https:\/\/sales-ai-agents.com\/tr\/templates\/the-student-database\/"]}]},{"@type":"ImageObject","inLanguage":"tr","@id":"https:\/\/sales-ai-agents.com\/tr\/templates\/the-student-database\/#primaryimage","url":"https:\/\/sales-ai-agents.com\/wp-content\/uploads\/2023\/01\/image-preview124110.png","contentUrl":"https:\/\/sales-ai-agents.com\/wp-content\/uploads\/2023\/01\/image-preview124110.png","width":1078,"height":1125},{"@type":"WebSite","@id":"https:\/\/sales-ai-agents.com\/#website","url":"https:\/\/sales-ai-agents.com\/","name":"FuseBase","description":"Sales AI Agents - Free Online Collaboration Software for Remote Teams. Build your wikis, client portals and more with the Nimbus Platform collaboration tool ? A perfect space for online work","publisher":{"@id":"https:\/\/sales-ai-agents.com\/#organization"},"potentialAction":[{"@type":"SearchAction","target":{"@type":"EntryPoint","urlTemplate":"https:\/\/sales-ai-agents.com\/?s={search_term_string}"},"query-input":{"@type":"PropertyValueSpecification","valueRequired":true,"valueName":"search_term_string"}}],"inLanguage":"tr"},{"@type":"Organization","@id":"https:\/\/sales-ai-agents.com\/#organization","name":"FuseBase","url":"https:\/\/sales-ai-agents.com\/","logo":{"@type":"ImageObject","inLanguage":"tr","@id":"https:\/\/sales-ai-agents.com\/#\/schema\/logo\/image\/","url":"https:\/\/sales-ai-agents.com\/wp-content\/uploads\/2023\/11\/icon-7.svg","contentUrl":"https:\/\/sales-ai-agents.com\/wp-content\/uploads\/2023\/11\/icon-7.svg","width":128,"height":128,"caption":"FuseBase"},"image":{"@id":"https:\/\/sales-ai-agents.com\/#\/schema\/logo\/image\/"}}]}},"_links":{"self":[{"href":"https:\/\/sales-ai-agents.com\/tr\/wp-json\/wp\/v2\/product\/58100","targetHints":{"allow":["GET"]}}],"collection":[{"href":"https:\/\/sales-ai-agents.com\/tr\/wp-json\/wp\/v2\/product"}],"about":[{"href":"https:\/\/sales-ai-agents.com\/tr\/wp-json\/wp\/v2\/types\/product"}],"wp:featuredmedia":[{"embeddable":true,"href":"https:\/\/sales-ai-agents.com\/tr\/wp-json\/wp\/v2\/media\/58101"}],"wp:attachment":[{"href":"https:\/\/sales-ai-agents.com\/tr\/wp-json\/wp\/v2\/media?parent=58100"}],"wp:term":[{"taxonomy":"product_brand","embeddable":true,"href":"https:\/\/sales-ai-agents.com\/tr\/wp-json\/wp\/v2\/product_brand?post=58100"},{"taxonomy":"product_cat","embeddable":true,"href":"https:\/\/sales-ai-agents.com\/tr\/wp-json\/wp\/v2\/product_cat?post=58100"},{"taxonomy":"product_tag","embeddable":true,"href":"https:\/\/sales-ai-agents.com\/tr\/wp-json\/wp\/v2\/product_tag?post=58100"}],"curies":[{"name":"wp","href":"https:\/\/api.w.org\/{rel}","templated":true}]}}