{"id":58284,"date":"2022-09-26T11:53:55","date_gmt":"2022-09-26T11:53:55","guid":{"rendered":"https:\/\/sales-ai-agents.com\/templates\/financial-tracking\/"},"modified":"2024-01-02T11:40:43","modified_gmt":"2024-01-02T11:40:43","slug":"financial-tracking","status":"publish","type":"product","link":"https:\/\/sales-ai-agents.com\/tr\/templates\/financial-tracking\/","title":{"rendered":"Finansal Takip"},"content":{"rendered":"<p>&nbsp;<\/p>\n<h2>Finansal Takip \u015eablonu<\/h2>\n<p class=\"desc-text\">Paray\u0131 y\u00f6netmek ve b\u00fct\u00e7eye ba\u011fl\u0131 kalmak bu Finansal Takip \u015fablonu ile daha kolay olabilir. Gelir ve giderlerinizi g\u00fcnl\u00fck olarak takip edin ve ard\u0131ndan verileri ayl\u0131k mali durumunuzu takip etmek ve bir sonraki ay i\u00e7in hedefler belirlemek i\u00e7in kullan\u0131n.<\/p>\n<h5>Nas\u0131l kullan\u0131l\u0131r?<\/h5>\n<ul class=\"desc-item_list\">\n<li class=\"desc-item_list__point\">Ay\u0131n her g\u00fcn\u00fc gelir ve giderlerinizi ekleyin<\/li>\n<li class=\"desc-item_list__point\">Ay sonunda toplam ayl\u0131k gelirinizi, ayl\u0131k giderlerinizi, tasarruf etti\u011finiz miktar\u0131, toplam borcunuzu ve net de\u011ferinizi belirleyin<\/li>\n<li class=\"desc-item_list__point\">Ayl\u0131k % de\u011fi\u015fimi tan\u0131mlay\u0131n<\/li>\n<li class=\"desc-item_list__point\">Gelecek ay i\u00e7in finansal hedefler belirleyin<\/li>\n<\/ul>\n","protected":false},"excerpt":{"rendered":"<p>Bu Finansal Takip \u015fablonu ile paray\u0131 y\u00f6netin ve bir b\u00fct\u00e7eye ba\u011fl\u0131 kal\u0131n. Bir sonraki sefer i\u00e7in hedefler belirlemek \u00fczere gelir ve giderlerinizi g\u00fcnl\u00fck ve ayl\u0131k olarak takip edin.<\/p>\n","protected":false},"featured_media":58285,"template":"","meta":{"_acf_changed":false,"inline_featured_image":false},"product_brand":[],"product_cat":[257,256,273],"product_tag":[],"class_list":{"0":"post-58284","1":"product","2":"type-product","3":"status-publish","4":"has-post-thumbnail","6":"product_cat-personal","7":"product_cat-organizers-planners","8":"product_cat-personal-money","10":"first","11":"instock","12":"virtual","13":"sold-individually","14":"product-type-simple"},"acf":[],"yoast_head":"<!-- This site is optimized with the Yoast SEO plugin v25.3.1 - https:\/\/yoast.com\/wordpress\/plugins\/seo\/ -->\n<title>Finansal Takip \u015eablonu - Sales AI Agents<\/title>\n<meta name=\"description\" content=\"Bu Finansal Takip \u015fablonu ile paray\u0131 y\u00f6netin ve bir b\u00fct\u00e7eye ba\u011fl\u0131 kal\u0131n. Gelir ve giderlerinizi g\u00fcnl\u00fck ve ayl\u0131k olarak takip ederek bir sonraki d\u00f6nem i\u00e7in hedeflerinizi belirleyin\" \/>\n<meta name=\"robots\" content=\"index, follow, max-snippet:-1, max-image-preview:large, max-video-preview:-1\" \/>\n<link rel=\"canonical\" href=\"https:\/\/sales-ai-agents.com\/tr\/templates\/financial-tracking\/\" \/>\n<meta property=\"og:locale\" content=\"tr_TR\" \/>\n<meta property=\"og:type\" content=\"article\" \/>\n<meta property=\"og:title\" content=\"Finansal Takip \u015eablonu - Sales AI Agents\" \/>\n<meta property=\"og:description\" content=\"Bu Finansal Takip \u015fablonu ile paray\u0131 y\u00f6netin ve bir b\u00fct\u00e7eye ba\u011fl\u0131 kal\u0131n. Gelir ve giderlerinizi g\u00fcnl\u00fck ve ayl\u0131k olarak takip ederek bir sonraki d\u00f6nem i\u00e7in hedeflerinizi belirleyin\" \/>\n<meta property=\"og:url\" content=\"https:\/\/sales-ai-agents.com\/tr\/templates\/financial-tracking\/\" \/>\n<meta property=\"og:site_name\" content=\"Sales AI Agents\" \/>\n<meta property=\"article:modified_time\" content=\"2024-01-02T11:40:43+00:00\" \/>\n<meta property=\"og:image\" content=\"https:\/\/sales-ai-agents.com\/wp-content\/uploads\/2023\/01\/image-preview124011.png\" \/>\n\t<meta property=\"og:image:width\" content=\"1078\" \/>\n\t<meta property=\"og:image:height\" content=\"921\" \/>\n\t<meta property=\"og:image:type\" content=\"image\/png\" \/>\n<meta name=\"twitter:card\" content=\"summary_large_image\" \/>\n<script type=\"application\/ld+json\" class=\"yoast-schema-graph\">{\"@context\":\"https:\/\/schema.org\",\"@graph\":[{\"@type\":\"WebPage\",\"@id\":\"https:\/\/sales-ai-agents.com\/tr\/templates\/financial-tracking\/\",\"url\":\"https:\/\/sales-ai-agents.com\/tr\/templates\/financial-tracking\/\",\"name\":\"Finansal Takip \u015eablonu - Sales AI Agents\",\"isPartOf\":{\"@id\":\"https:\/\/sales-ai-agents.com\/#website\"},\"primaryImageOfPage\":{\"@id\":\"https:\/\/sales-ai-agents.com\/tr\/templates\/financial-tracking\/#primaryimage\"},\"image\":{\"@id\":\"https:\/\/sales-ai-agents.com\/tr\/templates\/financial-tracking\/#primaryimage\"},\"thumbnailUrl\":\"https:\/\/sales-ai-agents.com\/wp-content\/uploads\/2023\/01\/image-preview124011.png\",\"datePublished\":\"2022-09-26T11:53:55+00:00\",\"dateModified\":\"2024-01-02T11:40:43+00:00\",\"description\":\"Bu Finansal Takip \u015fablonu ile paray\u0131 y\u00f6netin ve bir b\u00fct\u00e7eye ba\u011fl\u0131 kal\u0131n. Gelir ve giderlerinizi g\u00fcnl\u00fck ve ayl\u0131k olarak takip ederek bir sonraki d\u00f6nem i\u00e7in hedeflerinizi belirleyin\",\"inLanguage\":\"tr\",\"potentialAction\":[{\"@type\":\"ReadAction\",\"target\":[\"https:\/\/sales-ai-agents.com\/tr\/templates\/financial-tracking\/\"]}]},{\"@type\":\"ImageObject\",\"inLanguage\":\"tr\",\"@id\":\"https:\/\/sales-ai-agents.com\/tr\/templates\/financial-tracking\/#primaryimage\",\"url\":\"https:\/\/sales-ai-agents.com\/wp-content\/uploads\/2023\/01\/image-preview124011.png\",\"contentUrl\":\"https:\/\/sales-ai-agents.com\/wp-content\/uploads\/2023\/01\/image-preview124011.png\",\"width\":1078,\"height\":921},{\"@type\":\"WebSite\",\"@id\":\"https:\/\/sales-ai-agents.com\/#website\",\"url\":\"https:\/\/sales-ai-agents.com\/\",\"name\":\"FuseBase\",\"description\":\"Sales AI Agents - Free Online Collaboration Software for Remote Teams. Build your wikis, client portals and more with the Nimbus Platform collaboration tool ? A perfect space for online work\",\"publisher\":{\"@id\":\"https:\/\/sales-ai-agents.com\/#organization\"},\"potentialAction\":[{\"@type\":\"SearchAction\",\"target\":{\"@type\":\"EntryPoint\",\"urlTemplate\":\"https:\/\/sales-ai-agents.com\/?s={search_term_string}\"},\"query-input\":{\"@type\":\"PropertyValueSpecification\",\"valueRequired\":true,\"valueName\":\"search_term_string\"}}],\"inLanguage\":\"tr\"},{\"@type\":\"Organization\",\"@id\":\"https:\/\/sales-ai-agents.com\/#organization\",\"name\":\"FuseBase\",\"url\":\"https:\/\/sales-ai-agents.com\/\",\"logo\":{\"@type\":\"ImageObject\",\"inLanguage\":\"tr\",\"@id\":\"https:\/\/sales-ai-agents.com\/#\/schema\/logo\/image\/\",\"url\":\"https:\/\/sales-ai-agents.com\/wp-content\/uploads\/2023\/11\/icon-7.svg\",\"contentUrl\":\"https:\/\/sales-ai-agents.com\/wp-content\/uploads\/2023\/11\/icon-7.svg\",\"width\":128,\"height\":128,\"caption\":\"FuseBase\"},\"image\":{\"@id\":\"https:\/\/sales-ai-agents.com\/#\/schema\/logo\/image\/\"}}]}<\/script>\n<!-- \/ Yoast SEO plugin. -->","yoast_head_json":{"title":"Finansal Takip \u015eablonu - Sales AI Agents","description":"Bu Finansal Takip \u015fablonu ile paray\u0131 y\u00f6netin ve bir b\u00fct\u00e7eye ba\u011fl\u0131 kal\u0131n. Gelir ve giderlerinizi g\u00fcnl\u00fck ve ayl\u0131k olarak takip ederek bir sonraki d\u00f6nem i\u00e7in hedeflerinizi belirleyin","robots":{"index":"index","follow":"follow","max-snippet":"max-snippet:-1","max-image-preview":"max-image-preview:large","max-video-preview":"max-video-preview:-1"},"canonical":"https:\/\/sales-ai-agents.com\/tr\/templates\/financial-tracking\/","og_locale":"tr_TR","og_type":"article","og_title":"Finansal Takip \u015eablonu - Sales AI Agents","og_description":"Bu Finansal Takip \u015fablonu ile paray\u0131 y\u00f6netin ve bir b\u00fct\u00e7eye ba\u011fl\u0131 kal\u0131n. Gelir ve giderlerinizi g\u00fcnl\u00fck ve ayl\u0131k olarak takip ederek bir sonraki d\u00f6nem i\u00e7in hedeflerinizi belirleyin","og_url":"https:\/\/sales-ai-agents.com\/tr\/templates\/financial-tracking\/","og_site_name":"Sales AI Agents","article_modified_time":"2024-01-02T11:40:43+00:00","og_image":[{"width":1078,"height":921,"url":"https:\/\/sales-ai-agents.com\/wp-content\/uploads\/2023\/01\/image-preview124011.png","type":"image\/png"}],"twitter_card":"summary_large_image","schema":{"@context":"https:\/\/schema.org","@graph":[{"@type":"WebPage","@id":"https:\/\/sales-ai-agents.com\/tr\/templates\/financial-tracking\/","url":"https:\/\/sales-ai-agents.com\/tr\/templates\/financial-tracking\/","name":"Finansal Takip \u015eablonu - Sales AI Agents","isPartOf":{"@id":"https:\/\/sales-ai-agents.com\/#website"},"primaryImageOfPage":{"@id":"https:\/\/sales-ai-agents.com\/tr\/templates\/financial-tracking\/#primaryimage"},"image":{"@id":"https:\/\/sales-ai-agents.com\/tr\/templates\/financial-tracking\/#primaryimage"},"thumbnailUrl":"https:\/\/sales-ai-agents.com\/wp-content\/uploads\/2023\/01\/image-preview124011.png","datePublished":"2022-09-26T11:53:55+00:00","dateModified":"2024-01-02T11:40:43+00:00","description":"Bu Finansal Takip \u015fablonu ile paray\u0131 y\u00f6netin ve bir b\u00fct\u00e7eye ba\u011fl\u0131 kal\u0131n. Gelir ve giderlerinizi g\u00fcnl\u00fck ve ayl\u0131k olarak takip ederek bir sonraki d\u00f6nem i\u00e7in hedeflerinizi belirleyin","inLanguage":"tr","potentialAction":[{"@type":"ReadAction","target":["https:\/\/sales-ai-agents.com\/tr\/templates\/financial-tracking\/"]}]},{"@type":"ImageObject","inLanguage":"tr","@id":"https:\/\/sales-ai-agents.com\/tr\/templates\/financial-tracking\/#primaryimage","url":"https:\/\/sales-ai-agents.com\/wp-content\/uploads\/2023\/01\/image-preview124011.png","contentUrl":"https:\/\/sales-ai-agents.com\/wp-content\/uploads\/2023\/01\/image-preview124011.png","width":1078,"height":921},{"@type":"WebSite","@id":"https:\/\/sales-ai-agents.com\/#website","url":"https:\/\/sales-ai-agents.com\/","name":"FuseBase","description":"Sales AI Agents - Free Online Collaboration Software for Remote Teams. Build your wikis, client portals and more with the Nimbus Platform collaboration tool ? A perfect space for online work","publisher":{"@id":"https:\/\/sales-ai-agents.com\/#organization"},"potentialAction":[{"@type":"SearchAction","target":{"@type":"EntryPoint","urlTemplate":"https:\/\/sales-ai-agents.com\/?s={search_term_string}"},"query-input":{"@type":"PropertyValueSpecification","valueRequired":true,"valueName":"search_term_string"}}],"inLanguage":"tr"},{"@type":"Organization","@id":"https:\/\/sales-ai-agents.com\/#organization","name":"FuseBase","url":"https:\/\/sales-ai-agents.com\/","logo":{"@type":"ImageObject","inLanguage":"tr","@id":"https:\/\/sales-ai-agents.com\/#\/schema\/logo\/image\/","url":"https:\/\/sales-ai-agents.com\/wp-content\/uploads\/2023\/11\/icon-7.svg","contentUrl":"https:\/\/sales-ai-agents.com\/wp-content\/uploads\/2023\/11\/icon-7.svg","width":128,"height":128,"caption":"FuseBase"},"image":{"@id":"https:\/\/sales-ai-agents.com\/#\/schema\/logo\/image\/"}}]}},"_links":{"self":[{"href":"https:\/\/sales-ai-agents.com\/tr\/wp-json\/wp\/v2\/product\/58284","targetHints":{"allow":["GET"]}}],"collection":[{"href":"https:\/\/sales-ai-agents.com\/tr\/wp-json\/wp\/v2\/product"}],"about":[{"href":"https:\/\/sales-ai-agents.com\/tr\/wp-json\/wp\/v2\/types\/product"}],"wp:featuredmedia":[{"embeddable":true,"href":"https:\/\/sales-ai-agents.com\/tr\/wp-json\/wp\/v2\/media\/58285"}],"wp:attachment":[{"href":"https:\/\/sales-ai-agents.com\/tr\/wp-json\/wp\/v2\/media?parent=58284"}],"wp:term":[{"taxonomy":"product_brand","embeddable":true,"href":"https:\/\/sales-ai-agents.com\/tr\/wp-json\/wp\/v2\/product_brand?post=58284"},{"taxonomy":"product_cat","embeddable":true,"href":"https:\/\/sales-ai-agents.com\/tr\/wp-json\/wp\/v2\/product_cat?post=58284"},{"taxonomy":"product_tag","embeddable":true,"href":"https:\/\/sales-ai-agents.com\/tr\/wp-json\/wp\/v2\/product_tag?post=58284"}],"curies":[{"name":"wp","href":"https:\/\/api.w.org\/{rel}","templated":true}]}}