{"id":58288,"date":"2022-09-26T11:53:51","date_gmt":"2022-09-26T11:53:51","guid":{"rendered":"https:\/\/sales-ai-agents.com\/templates\/marketing-blog-post\/"},"modified":"2023-12-31T16:28:49","modified_gmt":"2023-12-31T16:28:49","slug":"marketing-blog-post","status":"publish","type":"product","link":"https:\/\/sales-ai-agents.com\/tr\/templates\/marketing-blog-post\/","title":{"rendered":"Pazarlama Blog Yaz\u0131s\u0131"},"content":{"rendered":"<p>&nbsp;<\/p>\n<h2>Pazarlama Blog Yaz\u0131s\u0131 \u015eablonu<\/h2>\n<p class=\"desc-text\">Pazarlama blog yaz\u0131n\u0131z i\u00e7in bir strateji olu\u015fturmak \u00fczere bu \u015fablonu kullan\u0131n. Fikirleri taslak haline getirin, \u00f6nemli anahtar kelimeleri belirleyin ve revizyonlar\u0131 atay\u0131n. \u00c7al\u0131\u015fmalar\u0131n\u0131z\u0131 planlayarak okuyucular\u0131n ilgisini \u00e7ekecek ve siteniz i\u00e7in do\u011fru kitleyi cezbedecek g\u00f6nderiler olu\u015fturabilirsiniz.<\/p>\n<h5>Nas\u0131l kullan\u0131l\u0131r?<\/h5>\n<ul class=\"desc-item_list\">\n<li class=\"desc-item_list__point\">G\u00f6nderiniz i\u00e7in bir ba\u015fl\u0131k olu\u015fturun<\/li>\n<li class=\"desc-item_list__point\">Dahil edilecek \u00f6nemli anahtar kelimeleri ara\u015ft\u0131r\u0131n<\/li>\n<li class=\"desc-item_list__point\">G\u00f6nderiyi da\u011f\u0131tmak i\u00e7in farkl\u0131 kanallar planlay\u0131n<\/li>\n<li class=\"desc-item_list__point\">D\u00fczenleme i\u00e7in g\u00f6zden ge\u00e7irenleri atay\u0131n<\/li>\n<li class=\"desc-item_list__point\">Beyin f\u0131rt\u0131nas\u0131 yap\u0131n ve yaz\u0131n\u0131z\u0131 planlay\u0131n<\/li>\n<\/ul>\n","protected":false},"excerpt":{"rendered":"<p>Pazarlama blog yaz\u0131n\u0131z i\u00e7in bir strateji olu\u015fturmak \u00fczere bu \u00fccretsiz \u00f6zelle\u015ftirilebilir \u015fablonu kullan\u0131n. Fikir taslaklar\u0131 olu\u015fturun, \u00f6nemli anahtar kelimeleri belirleyin ve kolayca revizyonlar atay\u0131n.<\/p>\n","protected":false},"featured_media":58289,"template":"","meta":{"_acf_changed":false,"inline_featured_image":false},"product_brand":[],"product_cat":[250,249],"product_tag":[],"class_list":{"0":"post-58288","1":"product","2":"type-product","3":"status-publish","4":"has-post-thumbnail","6":"product_cat-marketing","7":"product_cat-marketing-content","9":"first","10":"instock","11":"virtual","12":"sold-individually","13":"product-type-simple"},"acf":[],"yoast_head":"<!-- This site is optimized with the Yoast SEO plugin v25.3.1 - https:\/\/yoast.com\/wordpress\/plugins\/seo\/ -->\n<title>Pazarlama Blog Yaz\u0131s\u0131 \u015eablonu - Sales AI Agents<\/title>\n<meta name=\"description\" content=\"Pazarlama blog yaz\u0131n\u0131z i\u00e7in bir strateji olu\u015fturmak \u00fczere bu \u00fccretsiz \u00f6zelle\u015ftirilebilir \u015fablonu kullan\u0131n. Fikir taslaklar\u0131 olu\u015fturun, \u00f6nemli anahtar kelimeleri belirleyin ve kolayca revizyonlar atay\u0131n.\" \/>\n<meta name=\"robots\" content=\"index, follow, max-snippet:-1, max-image-preview:large, max-video-preview:-1\" \/>\n<link rel=\"canonical\" href=\"https:\/\/sales-ai-agents.com\/tr\/templates\/marketing-blog-post\/\" \/>\n<meta property=\"og:locale\" content=\"tr_TR\" \/>\n<meta property=\"og:type\" content=\"article\" \/>\n<meta property=\"og:title\" content=\"Pazarlama Blog Yaz\u0131s\u0131 \u015eablonu - Sales AI Agents\" \/>\n<meta property=\"og:description\" content=\"Pazarlama blog yaz\u0131n\u0131z i\u00e7in bir strateji olu\u015fturmak \u00fczere bu \u00fccretsiz \u00f6zelle\u015ftirilebilir \u015fablonu kullan\u0131n. Fikir taslaklar\u0131 olu\u015fturun, \u00f6nemli anahtar kelimeleri belirleyin ve kolayca revizyonlar atay\u0131n.\" \/>\n<meta property=\"og:url\" content=\"https:\/\/sales-ai-agents.com\/tr\/templates\/marketing-blog-post\/\" \/>\n<meta property=\"og:site_name\" content=\"Sales AI Agents\" \/>\n<meta property=\"article:modified_time\" content=\"2023-12-31T16:28:49+00:00\" \/>\n<meta property=\"og:image\" content=\"https:\/\/sales-ai-agents.com\/wp-content\/uploads\/2022\/09\/Marketing-Blog-Post-Template.png\" \/>\n\t<meta property=\"og:image:width\" content=\"1700\" \/>\n\t<meta property=\"og:image:height\" content=\"1100\" \/>\n\t<meta property=\"og:image:type\" content=\"image\/png\" \/>\n<meta name=\"twitter:card\" content=\"summary_large_image\" \/>\n<script type=\"application\/ld+json\" class=\"yoast-schema-graph\">{\"@context\":\"https:\/\/schema.org\",\"@graph\":[{\"@type\":\"WebPage\",\"@id\":\"https:\/\/sales-ai-agents.com\/tr\/templates\/marketing-blog-post\/\",\"url\":\"https:\/\/sales-ai-agents.com\/tr\/templates\/marketing-blog-post\/\",\"name\":\"Pazarlama Blog Yaz\u0131s\u0131 \u015eablonu - Sales AI Agents\",\"isPartOf\":{\"@id\":\"https:\/\/sales-ai-agents.com\/#website\"},\"primaryImageOfPage\":{\"@id\":\"https:\/\/sales-ai-agents.com\/tr\/templates\/marketing-blog-post\/#primaryimage\"},\"image\":{\"@id\":\"https:\/\/sales-ai-agents.com\/tr\/templates\/marketing-blog-post\/#primaryimage\"},\"thumbnailUrl\":\"https:\/\/sales-ai-agents.com\/wp-content\/uploads\/2022\/09\/Marketing-Blog-Post-Template.png\",\"datePublished\":\"2022-09-26T11:53:51+00:00\",\"dateModified\":\"2023-12-31T16:28:49+00:00\",\"description\":\"Pazarlama blog yaz\u0131n\u0131z i\u00e7in bir strateji olu\u015fturmak \u00fczere bu \u00fccretsiz \u00f6zelle\u015ftirilebilir \u015fablonu kullan\u0131n. Fikir taslaklar\u0131 olu\u015fturun, \u00f6nemli anahtar kelimeleri belirleyin ve kolayca revizyonlar atay\u0131n.\",\"inLanguage\":\"tr\",\"potentialAction\":[{\"@type\":\"ReadAction\",\"target\":[\"https:\/\/sales-ai-agents.com\/tr\/templates\/marketing-blog-post\/\"]}]},{\"@type\":\"ImageObject\",\"inLanguage\":\"tr\",\"@id\":\"https:\/\/sales-ai-agents.com\/tr\/templates\/marketing-blog-post\/#primaryimage\",\"url\":\"https:\/\/sales-ai-agents.com\/wp-content\/uploads\/2022\/09\/Marketing-Blog-Post-Template.png\",\"contentUrl\":\"https:\/\/sales-ai-agents.com\/wp-content\/uploads\/2022\/09\/Marketing-Blog-Post-Template.png\",\"width\":1700,\"height\":1100},{\"@type\":\"WebSite\",\"@id\":\"https:\/\/sales-ai-agents.com\/#website\",\"url\":\"https:\/\/sales-ai-agents.com\/\",\"name\":\"FuseBase\",\"description\":\"Sales AI Agents - Free Online Collaboration Software for Remote Teams. Build your wikis, client portals and more with the Nimbus Platform collaboration tool ? A perfect space for online work\",\"publisher\":{\"@id\":\"https:\/\/sales-ai-agents.com\/#organization\"},\"potentialAction\":[{\"@type\":\"SearchAction\",\"target\":{\"@type\":\"EntryPoint\",\"urlTemplate\":\"https:\/\/sales-ai-agents.com\/?s={search_term_string}\"},\"query-input\":{\"@type\":\"PropertyValueSpecification\",\"valueRequired\":true,\"valueName\":\"search_term_string\"}}],\"inLanguage\":\"tr\"},{\"@type\":\"Organization\",\"@id\":\"https:\/\/sales-ai-agents.com\/#organization\",\"name\":\"FuseBase\",\"url\":\"https:\/\/sales-ai-agents.com\/\",\"logo\":{\"@type\":\"ImageObject\",\"inLanguage\":\"tr\",\"@id\":\"https:\/\/sales-ai-agents.com\/#\/schema\/logo\/image\/\",\"url\":\"https:\/\/sales-ai-agents.com\/wp-content\/uploads\/2023\/11\/icon-7.svg\",\"contentUrl\":\"https:\/\/sales-ai-agents.com\/wp-content\/uploads\/2023\/11\/icon-7.svg\",\"width\":128,\"height\":128,\"caption\":\"FuseBase\"},\"image\":{\"@id\":\"https:\/\/sales-ai-agents.com\/#\/schema\/logo\/image\/\"}}]}<\/script>\n<!-- \/ Yoast SEO plugin. -->","yoast_head_json":{"title":"Pazarlama Blog Yaz\u0131s\u0131 \u015eablonu - Sales AI Agents","description":"Pazarlama blog yaz\u0131n\u0131z i\u00e7in bir strateji olu\u015fturmak \u00fczere bu \u00fccretsiz \u00f6zelle\u015ftirilebilir \u015fablonu kullan\u0131n. Fikir taslaklar\u0131 olu\u015fturun, \u00f6nemli anahtar kelimeleri belirleyin ve kolayca revizyonlar atay\u0131n.","robots":{"index":"index","follow":"follow","max-snippet":"max-snippet:-1","max-image-preview":"max-image-preview:large","max-video-preview":"max-video-preview:-1"},"canonical":"https:\/\/sales-ai-agents.com\/tr\/templates\/marketing-blog-post\/","og_locale":"tr_TR","og_type":"article","og_title":"Pazarlama Blog Yaz\u0131s\u0131 \u015eablonu - Sales AI Agents","og_description":"Pazarlama blog yaz\u0131n\u0131z i\u00e7in bir strateji olu\u015fturmak \u00fczere bu \u00fccretsiz \u00f6zelle\u015ftirilebilir \u015fablonu kullan\u0131n. Fikir taslaklar\u0131 olu\u015fturun, \u00f6nemli anahtar kelimeleri belirleyin ve kolayca revizyonlar atay\u0131n.","og_url":"https:\/\/sales-ai-agents.com\/tr\/templates\/marketing-blog-post\/","og_site_name":"Sales AI Agents","article_modified_time":"2023-12-31T16:28:49+00:00","og_image":[{"width":1700,"height":1100,"url":"https:\/\/sales-ai-agents.com\/wp-content\/uploads\/2022\/09\/Marketing-Blog-Post-Template.png","type":"image\/png"}],"twitter_card":"summary_large_image","schema":{"@context":"https:\/\/schema.org","@graph":[{"@type":"WebPage","@id":"https:\/\/sales-ai-agents.com\/tr\/templates\/marketing-blog-post\/","url":"https:\/\/sales-ai-agents.com\/tr\/templates\/marketing-blog-post\/","name":"Pazarlama Blog Yaz\u0131s\u0131 \u015eablonu - Sales AI Agents","isPartOf":{"@id":"https:\/\/sales-ai-agents.com\/#website"},"primaryImageOfPage":{"@id":"https:\/\/sales-ai-agents.com\/tr\/templates\/marketing-blog-post\/#primaryimage"},"image":{"@id":"https:\/\/sales-ai-agents.com\/tr\/templates\/marketing-blog-post\/#primaryimage"},"thumbnailUrl":"https:\/\/sales-ai-agents.com\/wp-content\/uploads\/2022\/09\/Marketing-Blog-Post-Template.png","datePublished":"2022-09-26T11:53:51+00:00","dateModified":"2023-12-31T16:28:49+00:00","description":"Pazarlama blog yaz\u0131n\u0131z i\u00e7in bir strateji olu\u015fturmak \u00fczere bu \u00fccretsiz \u00f6zelle\u015ftirilebilir \u015fablonu kullan\u0131n. Fikir taslaklar\u0131 olu\u015fturun, \u00f6nemli anahtar kelimeleri belirleyin ve kolayca revizyonlar atay\u0131n.","inLanguage":"tr","potentialAction":[{"@type":"ReadAction","target":["https:\/\/sales-ai-agents.com\/tr\/templates\/marketing-blog-post\/"]}]},{"@type":"ImageObject","inLanguage":"tr","@id":"https:\/\/sales-ai-agents.com\/tr\/templates\/marketing-blog-post\/#primaryimage","url":"https:\/\/sales-ai-agents.com\/wp-content\/uploads\/2022\/09\/Marketing-Blog-Post-Template.png","contentUrl":"https:\/\/sales-ai-agents.com\/wp-content\/uploads\/2022\/09\/Marketing-Blog-Post-Template.png","width":1700,"height":1100},{"@type":"WebSite","@id":"https:\/\/sales-ai-agents.com\/#website","url":"https:\/\/sales-ai-agents.com\/","name":"FuseBase","description":"Sales AI Agents - Free Online Collaboration Software for Remote Teams. Build your wikis, client portals and more with the Nimbus Platform collaboration tool ? A perfect space for online work","publisher":{"@id":"https:\/\/sales-ai-agents.com\/#organization"},"potentialAction":[{"@type":"SearchAction","target":{"@type":"EntryPoint","urlTemplate":"https:\/\/sales-ai-agents.com\/?s={search_term_string}"},"query-input":{"@type":"PropertyValueSpecification","valueRequired":true,"valueName":"search_term_string"}}],"inLanguage":"tr"},{"@type":"Organization","@id":"https:\/\/sales-ai-agents.com\/#organization","name":"FuseBase","url":"https:\/\/sales-ai-agents.com\/","logo":{"@type":"ImageObject","inLanguage":"tr","@id":"https:\/\/sales-ai-agents.com\/#\/schema\/logo\/image\/","url":"https:\/\/sales-ai-agents.com\/wp-content\/uploads\/2023\/11\/icon-7.svg","contentUrl":"https:\/\/sales-ai-agents.com\/wp-content\/uploads\/2023\/11\/icon-7.svg","width":128,"height":128,"caption":"FuseBase"},"image":{"@id":"https:\/\/sales-ai-agents.com\/#\/schema\/logo\/image\/"}}]}},"_links":{"self":[{"href":"https:\/\/sales-ai-agents.com\/tr\/wp-json\/wp\/v2\/product\/58288","targetHints":{"allow":["GET"]}}],"collection":[{"href":"https:\/\/sales-ai-agents.com\/tr\/wp-json\/wp\/v2\/product"}],"about":[{"href":"https:\/\/sales-ai-agents.com\/tr\/wp-json\/wp\/v2\/types\/product"}],"wp:featuredmedia":[{"embeddable":true,"href":"https:\/\/sales-ai-agents.com\/tr\/wp-json\/wp\/v2\/media\/58289"}],"wp:attachment":[{"href":"https:\/\/sales-ai-agents.com\/tr\/wp-json\/wp\/v2\/media?parent=58288"}],"wp:term":[{"taxonomy":"product_brand","embeddable":true,"href":"https:\/\/sales-ai-agents.com\/tr\/wp-json\/wp\/v2\/product_brand?post=58288"},{"taxonomy":"product_cat","embeddable":true,"href":"https:\/\/sales-ai-agents.com\/tr\/wp-json\/wp\/v2\/product_cat?post=58288"},{"taxonomy":"product_tag","embeddable":true,"href":"https:\/\/sales-ai-agents.com\/tr\/wp-json\/wp\/v2\/product_tag?post=58288"}],"curies":[{"name":"wp","href":"https:\/\/api.w.org\/{rel}","templated":true}]}}