{"id":58291,"date":"2022-09-26T11:53:48","date_gmt":"2022-09-26T11:53:48","guid":{"rendered":"https:\/\/sales-ai-agents.com\/templates\/marketing-campaign-tracking\/"},"modified":"2024-01-02T11:15:18","modified_gmt":"2024-01-02T11:15:18","slug":"marketing-campaign-tracking","status":"publish","type":"product","link":"https:\/\/sales-ai-agents.com\/tr\/templates\/marketing-campaign-tracking\/","title":{"rendered":"Pazarlama Kampanyas\u0131 Takibi"},"content":{"rendered":"<p>&nbsp;<\/p>\n<h2>Pazarlama Kampanyas\u0131 Takip \u015eablonu<\/h2>\n<p class=\"desc-text\">Pazarlama kampanyalar\u0131n\u0131z\u0131 d\u00fczenlemek i\u00e7in birka\u00e7 farkl\u0131 elektronik tablo kullanmak yerine, \u00e7al\u0131\u015fmalar\u0131n\u0131za g\u00f6z kulak olmak i\u00e7in kampanya izleme \u015fablonumuzu kullan\u0131n. \u0130\u015fletmeniz ister b\u00fcy\u00fck ister k\u00fc\u00e7\u00fck olsun, bu \u015fablon pazarlama hedeflerinize ve ama\u00e7lar\u0131n\u0131za ula\u015fman\u0131za yard\u0131mc\u0131 olabilir. D\u00f6n\u00fc\u015f\u00fcmlerinizi, t\u0131klamalar\u0131n\u0131z\u0131, harcamalar\u0131n\u0131z\u0131 ve platformlar\u0131n\u0131z\u0131 ortaya koyarak pazarlama \u00e7al\u0131\u015fmalar\u0131n\u0131z\u0131n kapsaml\u0131 bir resmini elde edin. Her \u015feyi tek bir yerden kolayca eri\u015filebilir hale getirmek i\u00e7in yap\u0131land\u0131r\u0131lm\u0131\u015f tablolar\u0131m\u0131z\u0131 kullan\u0131n.<\/p>\n<h5>Nas\u0131l kullan\u0131l\u0131r?<\/h5>\n<ul class=\"desc-item_list\">\n<li class=\"desc-item_list__point\">Kampanyay\u0131 ve reklam setini listeleyin<\/li>\n<li class=\"desc-item_list__point\">Durum ve platformlar\u0131 belirtmek i\u00e7in renkli etiketler kullan\u0131n<\/li>\n<li class=\"desc-item_list__point\">Pazarlama kopyas\u0131n\u0131 ilgili s\u00fctuna yap\u0131\u015ft\u0131r\u0131n<\/li>\n<li class=\"desc-item_list__point\">Ekleri y\u00fckleyin<\/li>\n<li class=\"desc-item_list__point\">Harcamalar\u0131, d\u00f6n\u00fc\u015f\u00fcmleri ve CPA&#8217;lar\u0131 belirtin<\/li>\n<li class=\"desc-item_list__point\">Tam bir UTM ba\u011flant\u0131s\u0131 ekleyin<\/li>\n<\/ul>\n","protected":false},"excerpt":{"rendered":"<p>\u00c7al\u0131\u015fmalar\u0131n\u0131z\u0131 takip etmek i\u00e7in kampanya takip \u015fablonumuzu kullan\u0131n. \u0130\u015fletmeniz ister b\u00fcy\u00fck ister k\u00fc\u00e7\u00fck olsun, pazarlama ama\u00e7 ve hedeflerinize ula\u015fman\u0131za yard\u0131mc\u0131 olabiliriz.<\/p>\n","protected":false},"featured_media":58293,"template":"","meta":{"_acf_changed":false,"inline_featured_image":false},"product_brand":[],"product_cat":[250,269],"product_tag":[],"class_list":{"0":"post-58291","1":"product","2":"type-product","3":"status-publish","4":"has-post-thumbnail","6":"product_cat-marketing","7":"product_cat-marketing-campaign","9":"first","10":"instock","11":"virtual","12":"sold-individually","13":"product-type-simple"},"acf":[],"yoast_head":"<!-- This site is optimized with the Yoast SEO plugin v25.3.1 - https:\/\/yoast.com\/wordpress\/plugins\/seo\/ -->\n<title>Pazarlama Kampanyas\u0131 Takip \u015eablonu - Sales AI Agents<\/title>\n<meta name=\"description\" content=\"\u00c7al\u0131\u015fmalar\u0131n\u0131z\u0131 takip etmek i\u00e7in kampanya takip \u015fablonumuzu kullan\u0131n. Pazarlama hedef ve ama\u00e7lar\u0131n\u0131za Nimbus Platform ile ula\u015f\u0131n!\" \/>\n<meta name=\"robots\" content=\"index, follow, max-snippet:-1, max-image-preview:large, max-video-preview:-1\" \/>\n<link rel=\"canonical\" href=\"https:\/\/sales-ai-agents.com\/tr\/templates\/marketing-campaign-tracking\/\" \/>\n<meta property=\"og:locale\" content=\"tr_TR\" \/>\n<meta property=\"og:type\" content=\"article\" \/>\n<meta property=\"og:title\" content=\"Pazarlama Kampanyas\u0131 Takip \u015eablonu - Sales AI Agents\" \/>\n<meta property=\"og:description\" content=\"\u00c7al\u0131\u015fmalar\u0131n\u0131z\u0131 takip etmek i\u00e7in kampanya takip \u015fablonumuzu kullan\u0131n. Pazarlama hedef ve ama\u00e7lar\u0131n\u0131za Nimbus Platform ile ula\u015f\u0131n!\" \/>\n<meta property=\"og:url\" content=\"https:\/\/sales-ai-agents.com\/tr\/templates\/marketing-campaign-tracking\/\" \/>\n<meta property=\"og:site_name\" content=\"Sales AI Agents\" \/>\n<meta property=\"article:modified_time\" content=\"2024-01-02T11:15:18+00:00\" \/>\n<meta property=\"og:image\" content=\"https:\/\/sales-ai-agents.com\/wp-content\/uploads\/2022\/09\/Marketing-Campaign-Tracking-Template.png\" \/>\n\t<meta property=\"og:image:width\" content=\"1700\" \/>\n\t<meta property=\"og:image:height\" content=\"1100\" \/>\n\t<meta property=\"og:image:type\" content=\"image\/png\" \/>\n<meta name=\"twitter:card\" content=\"summary_large_image\" \/>\n<script type=\"application\/ld+json\" class=\"yoast-schema-graph\">{\"@context\":\"https:\/\/schema.org\",\"@graph\":[{\"@type\":\"WebPage\",\"@id\":\"https:\/\/sales-ai-agents.com\/tr\/templates\/marketing-campaign-tracking\/\",\"url\":\"https:\/\/sales-ai-agents.com\/tr\/templates\/marketing-campaign-tracking\/\",\"name\":\"Pazarlama Kampanyas\u0131 Takip \u015eablonu - Sales AI Agents\",\"isPartOf\":{\"@id\":\"https:\/\/sales-ai-agents.com\/#website\"},\"primaryImageOfPage\":{\"@id\":\"https:\/\/sales-ai-agents.com\/tr\/templates\/marketing-campaign-tracking\/#primaryimage\"},\"image\":{\"@id\":\"https:\/\/sales-ai-agents.com\/tr\/templates\/marketing-campaign-tracking\/#primaryimage\"},\"thumbnailUrl\":\"https:\/\/sales-ai-agents.com\/wp-content\/uploads\/2022\/09\/Marketing-Campaign-Tracking-Template.png\",\"datePublished\":\"2022-09-26T11:53:48+00:00\",\"dateModified\":\"2024-01-02T11:15:18+00:00\",\"description\":\"\u00c7al\u0131\u015fmalar\u0131n\u0131z\u0131 takip etmek i\u00e7in kampanya takip \u015fablonumuzu kullan\u0131n. Pazarlama hedef ve ama\u00e7lar\u0131n\u0131za Nimbus Platform ile ula\u015f\u0131n!\",\"inLanguage\":\"tr\",\"potentialAction\":[{\"@type\":\"ReadAction\",\"target\":[\"https:\/\/sales-ai-agents.com\/tr\/templates\/marketing-campaign-tracking\/\"]}]},{\"@type\":\"ImageObject\",\"inLanguage\":\"tr\",\"@id\":\"https:\/\/sales-ai-agents.com\/tr\/templates\/marketing-campaign-tracking\/#primaryimage\",\"url\":\"https:\/\/sales-ai-agents.com\/wp-content\/uploads\/2022\/09\/Marketing-Campaign-Tracking-Template.png\",\"contentUrl\":\"https:\/\/sales-ai-agents.com\/wp-content\/uploads\/2022\/09\/Marketing-Campaign-Tracking-Template.png\",\"width\":1700,\"height\":1100,\"caption\":\"Use our campaign tracking template to keep an eye on your work.\"},{\"@type\":\"WebSite\",\"@id\":\"https:\/\/sales-ai-agents.com\/#website\",\"url\":\"https:\/\/sales-ai-agents.com\/\",\"name\":\"FuseBase\",\"description\":\"Sales AI Agents - Free Online Collaboration Software for Remote Teams. Build your wikis, client portals and more with the Nimbus Platform collaboration tool ? A perfect space for online work\",\"publisher\":{\"@id\":\"https:\/\/sales-ai-agents.com\/#organization\"},\"potentialAction\":[{\"@type\":\"SearchAction\",\"target\":{\"@type\":\"EntryPoint\",\"urlTemplate\":\"https:\/\/sales-ai-agents.com\/?s={search_term_string}\"},\"query-input\":{\"@type\":\"PropertyValueSpecification\",\"valueRequired\":true,\"valueName\":\"search_term_string\"}}],\"inLanguage\":\"tr\"},{\"@type\":\"Organization\",\"@id\":\"https:\/\/sales-ai-agents.com\/#organization\",\"name\":\"FuseBase\",\"url\":\"https:\/\/sales-ai-agents.com\/\",\"logo\":{\"@type\":\"ImageObject\",\"inLanguage\":\"tr\",\"@id\":\"https:\/\/sales-ai-agents.com\/#\/schema\/logo\/image\/\",\"url\":\"https:\/\/sales-ai-agents.com\/wp-content\/uploads\/2023\/11\/icon-7.svg\",\"contentUrl\":\"https:\/\/sales-ai-agents.com\/wp-content\/uploads\/2023\/11\/icon-7.svg\",\"width\":128,\"height\":128,\"caption\":\"FuseBase\"},\"image\":{\"@id\":\"https:\/\/sales-ai-agents.com\/#\/schema\/logo\/image\/\"}}]}<\/script>\n<!-- \/ Yoast SEO plugin. -->","yoast_head_json":{"title":"Pazarlama Kampanyas\u0131 Takip \u015eablonu - Sales AI Agents","description":"\u00c7al\u0131\u015fmalar\u0131n\u0131z\u0131 takip etmek i\u00e7in kampanya takip \u015fablonumuzu kullan\u0131n. Pazarlama hedef ve ama\u00e7lar\u0131n\u0131za Nimbus Platform ile ula\u015f\u0131n!","robots":{"index":"index","follow":"follow","max-snippet":"max-snippet:-1","max-image-preview":"max-image-preview:large","max-video-preview":"max-video-preview:-1"},"canonical":"https:\/\/sales-ai-agents.com\/tr\/templates\/marketing-campaign-tracking\/","og_locale":"tr_TR","og_type":"article","og_title":"Pazarlama Kampanyas\u0131 Takip \u015eablonu - Sales AI Agents","og_description":"\u00c7al\u0131\u015fmalar\u0131n\u0131z\u0131 takip etmek i\u00e7in kampanya takip \u015fablonumuzu kullan\u0131n. Pazarlama hedef ve ama\u00e7lar\u0131n\u0131za Nimbus Platform ile ula\u015f\u0131n!","og_url":"https:\/\/sales-ai-agents.com\/tr\/templates\/marketing-campaign-tracking\/","og_site_name":"Sales AI Agents","article_modified_time":"2024-01-02T11:15:18+00:00","og_image":[{"width":1700,"height":1100,"url":"https:\/\/sales-ai-agents.com\/wp-content\/uploads\/2022\/09\/Marketing-Campaign-Tracking-Template.png","type":"image\/png"}],"twitter_card":"summary_large_image","schema":{"@context":"https:\/\/schema.org","@graph":[{"@type":"WebPage","@id":"https:\/\/sales-ai-agents.com\/tr\/templates\/marketing-campaign-tracking\/","url":"https:\/\/sales-ai-agents.com\/tr\/templates\/marketing-campaign-tracking\/","name":"Pazarlama Kampanyas\u0131 Takip \u015eablonu - Sales AI Agents","isPartOf":{"@id":"https:\/\/sales-ai-agents.com\/#website"},"primaryImageOfPage":{"@id":"https:\/\/sales-ai-agents.com\/tr\/templates\/marketing-campaign-tracking\/#primaryimage"},"image":{"@id":"https:\/\/sales-ai-agents.com\/tr\/templates\/marketing-campaign-tracking\/#primaryimage"},"thumbnailUrl":"https:\/\/sales-ai-agents.com\/wp-content\/uploads\/2022\/09\/Marketing-Campaign-Tracking-Template.png","datePublished":"2022-09-26T11:53:48+00:00","dateModified":"2024-01-02T11:15:18+00:00","description":"\u00c7al\u0131\u015fmalar\u0131n\u0131z\u0131 takip etmek i\u00e7in kampanya takip \u015fablonumuzu kullan\u0131n. Pazarlama hedef ve ama\u00e7lar\u0131n\u0131za Nimbus Platform ile ula\u015f\u0131n!","inLanguage":"tr","potentialAction":[{"@type":"ReadAction","target":["https:\/\/sales-ai-agents.com\/tr\/templates\/marketing-campaign-tracking\/"]}]},{"@type":"ImageObject","inLanguage":"tr","@id":"https:\/\/sales-ai-agents.com\/tr\/templates\/marketing-campaign-tracking\/#primaryimage","url":"https:\/\/sales-ai-agents.com\/wp-content\/uploads\/2022\/09\/Marketing-Campaign-Tracking-Template.png","contentUrl":"https:\/\/sales-ai-agents.com\/wp-content\/uploads\/2022\/09\/Marketing-Campaign-Tracking-Template.png","width":1700,"height":1100,"caption":"Use our campaign tracking template to keep an eye on your work."},{"@type":"WebSite","@id":"https:\/\/sales-ai-agents.com\/#website","url":"https:\/\/sales-ai-agents.com\/","name":"FuseBase","description":"Sales AI Agents - Free Online Collaboration Software for Remote Teams. Build your wikis, client portals and more with the Nimbus Platform collaboration tool ? A perfect space for online work","publisher":{"@id":"https:\/\/sales-ai-agents.com\/#organization"},"potentialAction":[{"@type":"SearchAction","target":{"@type":"EntryPoint","urlTemplate":"https:\/\/sales-ai-agents.com\/?s={search_term_string}"},"query-input":{"@type":"PropertyValueSpecification","valueRequired":true,"valueName":"search_term_string"}}],"inLanguage":"tr"},{"@type":"Organization","@id":"https:\/\/sales-ai-agents.com\/#organization","name":"FuseBase","url":"https:\/\/sales-ai-agents.com\/","logo":{"@type":"ImageObject","inLanguage":"tr","@id":"https:\/\/sales-ai-agents.com\/#\/schema\/logo\/image\/","url":"https:\/\/sales-ai-agents.com\/wp-content\/uploads\/2023\/11\/icon-7.svg","contentUrl":"https:\/\/sales-ai-agents.com\/wp-content\/uploads\/2023\/11\/icon-7.svg","width":128,"height":128,"caption":"FuseBase"},"image":{"@id":"https:\/\/sales-ai-agents.com\/#\/schema\/logo\/image\/"}}]}},"_links":{"self":[{"href":"https:\/\/sales-ai-agents.com\/tr\/wp-json\/wp\/v2\/product\/58291","targetHints":{"allow":["GET"]}}],"collection":[{"href":"https:\/\/sales-ai-agents.com\/tr\/wp-json\/wp\/v2\/product"}],"about":[{"href":"https:\/\/sales-ai-agents.com\/tr\/wp-json\/wp\/v2\/types\/product"}],"wp:featuredmedia":[{"embeddable":true,"href":"https:\/\/sales-ai-agents.com\/tr\/wp-json\/wp\/v2\/media\/58293"}],"wp:attachment":[{"href":"https:\/\/sales-ai-agents.com\/tr\/wp-json\/wp\/v2\/media?parent=58291"}],"wp:term":[{"taxonomy":"product_brand","embeddable":true,"href":"https:\/\/sales-ai-agents.com\/tr\/wp-json\/wp\/v2\/product_brand?post=58291"},{"taxonomy":"product_cat","embeddable":true,"href":"https:\/\/sales-ai-agents.com\/tr\/wp-json\/wp\/v2\/product_cat?post=58291"},{"taxonomy":"product_tag","embeddable":true,"href":"https:\/\/sales-ai-agents.com\/tr\/wp-json\/wp\/v2\/product_tag?post=58291"}],"curies":[{"name":"wp","href":"https:\/\/api.w.org\/{rel}","templated":true}]}}