{"id":58295,"date":"2022-09-26T11:53:45","date_gmt":"2022-09-26T11:53:45","guid":{"rendered":"https:\/\/sales-ai-agents.com\/templates\/applicant-status\/"},"modified":"2023-12-27T15:15:47","modified_gmt":"2023-12-27T15:15:47","slug":"applicant-status","status":"publish","type":"product","link":"https:\/\/sales-ai-agents.com\/tr\/templates\/applicant-status\/","title":{"rendered":"Ba\u015fvuru Sahibi Durumu"},"content":{"rendered":"<p>&nbsp;<\/p>\n<h2>Ba\u015fvuru Sahibi Durum \u015eablonu<\/h2>\n<p class=\"desc-text\">Bu \u015fablon ba\u015fvuru sahiplerinizi takip etmenize yard\u0131mc\u0131 olabilir. Bir pozisyon i\u00e7in i\u015fe al\u0131m yaparken, \u00e7ok say\u0131da ba\u015fvuru almak yayg\u0131n bir durumdur. Ba\u015fvuru verilerinizi bu tablo ile d\u00fczenleyin, b\u00f6ylece do\u011fru ki\u015fileri i\u015fe almaya odaklanabilirsiniz.<\/p>\n<h5>Nas\u0131l kullan\u0131l\u0131r?<\/h5>\n<ul class=\"desc-item_list\">\n<li class=\"desc-item_list__point\">\u0130stenen konumlar\u0131n\u0131 not edin<\/li>\n<li class=\"desc-item_list__point\">Ba\u015fvuru sahiplerinin isimlerini ve ileti\u015fim bilgilerini listeleyin<\/li>\n<li class=\"desc-item_list__point\">Herhangi bir \u00f6zge\u00e7mi\u015f veya destekleyici belge y\u00fckleyin<\/li>\n<li class=\"desc-item_list__point\">Ba\u015fvuru durumlar\u0131n\u0131 dahil edin<\/li>\n<\/ul>\n","protected":false},"excerpt":{"rendered":"<p>Bir pozisyon i\u00e7in i\u015fe al\u0131m yaparken, \u00e7ok say\u0131da ba\u015fvuru almak yayg\u0131n bir durumdur. Ba\u015fvurular\u0131n\u0131z\u0131 takip etmek i\u00e7in ba\u015fvuru verilerinizi bu \u015fablonla d\u00fczenleyin.<\/p>\n","protected":false},"featured_media":58296,"template":"","meta":{"_acf_changed":false,"inline_featured_image":false},"product_brand":[],"product_cat":[218],"product_tag":[],"class_list":{"0":"post-58295","1":"product","2":"type-product","3":"status-publish","4":"has-post-thumbnail","6":"product_cat-operations","8":"first","9":"instock","10":"virtual","11":"sold-individually","12":"product-type-simple"},"acf":[],"yoast_head":"<!-- This site is optimized with the Yoast SEO plugin v25.3.1 - https:\/\/yoast.com\/wordpress\/plugins\/seo\/ -->\n<title>Ba\u015fvuru Sahibi Durum \u015eablonu - Sales AI Agents<\/title>\n<meta name=\"description\" content=\"Bir pozisyon i\u00e7in i\u015fe al\u0131m yaparken, \u00e7ok say\u0131da ba\u015fvuru almak yayg\u0131n bir durumdur. Ba\u015fvurular\u0131n\u0131z\u0131 takip etmek i\u00e7in ba\u015fvuru verilerinizi bu \u015fablonla d\u00fczenleyin.\" \/>\n<meta name=\"robots\" content=\"index, follow, max-snippet:-1, max-image-preview:large, max-video-preview:-1\" \/>\n<link rel=\"canonical\" href=\"https:\/\/sales-ai-agents.com\/tr\/templates\/applicant-status\/\" \/>\n<meta property=\"og:locale\" content=\"tr_TR\" \/>\n<meta property=\"og:type\" content=\"article\" \/>\n<meta property=\"og:title\" content=\"Ba\u015fvuru Sahibi Durum \u015eablonu - Sales AI Agents\" \/>\n<meta property=\"og:description\" content=\"Bir pozisyon i\u00e7in i\u015fe al\u0131m yaparken, \u00e7ok say\u0131da ba\u015fvuru almak yayg\u0131n bir durumdur. Ba\u015fvurular\u0131n\u0131z\u0131 takip etmek i\u00e7in ba\u015fvuru verilerinizi bu \u015fablonla d\u00fczenleyin.\" \/>\n<meta property=\"og:url\" content=\"https:\/\/sales-ai-agents.com\/tr\/templates\/applicant-status\/\" \/>\n<meta property=\"og:site_name\" content=\"Sales AI Agents\" \/>\n<meta property=\"article:modified_time\" content=\"2023-12-27T15:15:47+00:00\" \/>\n<meta property=\"og:image\" content=\"https:\/\/sales-ai-agents.com\/wp-content\/uploads\/2023\/01\/image-preview123949.png\" \/>\n\t<meta property=\"og:image:width\" content=\"1078\" \/>\n\t<meta property=\"og:image:height\" content=\"760\" \/>\n\t<meta property=\"og:image:type\" content=\"image\/png\" \/>\n<meta name=\"twitter:card\" content=\"summary_large_image\" \/>\n<script type=\"application\/ld+json\" class=\"yoast-schema-graph\">{\"@context\":\"https:\/\/schema.org\",\"@graph\":[{\"@type\":\"WebPage\",\"@id\":\"https:\/\/sales-ai-agents.com\/tr\/templates\/applicant-status\/\",\"url\":\"https:\/\/sales-ai-agents.com\/tr\/templates\/applicant-status\/\",\"name\":\"Ba\u015fvuru Sahibi Durum \u015eablonu - Sales AI Agents\",\"isPartOf\":{\"@id\":\"https:\/\/sales-ai-agents.com\/#website\"},\"primaryImageOfPage\":{\"@id\":\"https:\/\/sales-ai-agents.com\/tr\/templates\/applicant-status\/#primaryimage\"},\"image\":{\"@id\":\"https:\/\/sales-ai-agents.com\/tr\/templates\/applicant-status\/#primaryimage\"},\"thumbnailUrl\":\"https:\/\/sales-ai-agents.com\/wp-content\/uploads\/2023\/01\/image-preview123949.png\",\"datePublished\":\"2022-09-26T11:53:45+00:00\",\"dateModified\":\"2023-12-27T15:15:47+00:00\",\"description\":\"Bir pozisyon i\u00e7in i\u015fe al\u0131m yaparken, \u00e7ok say\u0131da ba\u015fvuru almak yayg\u0131n bir durumdur. Ba\u015fvurular\u0131n\u0131z\u0131 takip etmek i\u00e7in ba\u015fvuru verilerinizi bu \u015fablonla d\u00fczenleyin.\",\"inLanguage\":\"tr\",\"potentialAction\":[{\"@type\":\"ReadAction\",\"target\":[\"https:\/\/sales-ai-agents.com\/tr\/templates\/applicant-status\/\"]}]},{\"@type\":\"ImageObject\",\"inLanguage\":\"tr\",\"@id\":\"https:\/\/sales-ai-agents.com\/tr\/templates\/applicant-status\/#primaryimage\",\"url\":\"https:\/\/sales-ai-agents.com\/wp-content\/uploads\/2023\/01\/image-preview123949.png\",\"contentUrl\":\"https:\/\/sales-ai-agents.com\/wp-content\/uploads\/2023\/01\/image-preview123949.png\",\"width\":1078,\"height\":760},{\"@type\":\"WebSite\",\"@id\":\"https:\/\/sales-ai-agents.com\/#website\",\"url\":\"https:\/\/sales-ai-agents.com\/\",\"name\":\"FuseBase\",\"description\":\"Sales AI Agents - Free Online Collaboration Software for Remote Teams. Build your wikis, client portals and more with the Nimbus Platform collaboration tool ? A perfect space for online work\",\"publisher\":{\"@id\":\"https:\/\/sales-ai-agents.com\/#organization\"},\"potentialAction\":[{\"@type\":\"SearchAction\",\"target\":{\"@type\":\"EntryPoint\",\"urlTemplate\":\"https:\/\/sales-ai-agents.com\/?s={search_term_string}\"},\"query-input\":{\"@type\":\"PropertyValueSpecification\",\"valueRequired\":true,\"valueName\":\"search_term_string\"}}],\"inLanguage\":\"tr\"},{\"@type\":\"Organization\",\"@id\":\"https:\/\/sales-ai-agents.com\/#organization\",\"name\":\"FuseBase\",\"url\":\"https:\/\/sales-ai-agents.com\/\",\"logo\":{\"@type\":\"ImageObject\",\"inLanguage\":\"tr\",\"@id\":\"https:\/\/sales-ai-agents.com\/#\/schema\/logo\/image\/\",\"url\":\"https:\/\/sales-ai-agents.com\/wp-content\/uploads\/2023\/11\/icon-7.svg\",\"contentUrl\":\"https:\/\/sales-ai-agents.com\/wp-content\/uploads\/2023\/11\/icon-7.svg\",\"width\":128,\"height\":128,\"caption\":\"FuseBase\"},\"image\":{\"@id\":\"https:\/\/sales-ai-agents.com\/#\/schema\/logo\/image\/\"}}]}<\/script>\n<!-- \/ Yoast SEO plugin. -->","yoast_head_json":{"title":"Ba\u015fvuru Sahibi Durum \u015eablonu - Sales AI Agents","description":"Bir pozisyon i\u00e7in i\u015fe al\u0131m yaparken, \u00e7ok say\u0131da ba\u015fvuru almak yayg\u0131n bir durumdur. Ba\u015fvurular\u0131n\u0131z\u0131 takip etmek i\u00e7in ba\u015fvuru verilerinizi bu \u015fablonla d\u00fczenleyin.","robots":{"index":"index","follow":"follow","max-snippet":"max-snippet:-1","max-image-preview":"max-image-preview:large","max-video-preview":"max-video-preview:-1"},"canonical":"https:\/\/sales-ai-agents.com\/tr\/templates\/applicant-status\/","og_locale":"tr_TR","og_type":"article","og_title":"Ba\u015fvuru Sahibi Durum \u015eablonu - Sales AI Agents","og_description":"Bir pozisyon i\u00e7in i\u015fe al\u0131m yaparken, \u00e7ok say\u0131da ba\u015fvuru almak yayg\u0131n bir durumdur. Ba\u015fvurular\u0131n\u0131z\u0131 takip etmek i\u00e7in ba\u015fvuru verilerinizi bu \u015fablonla d\u00fczenleyin.","og_url":"https:\/\/sales-ai-agents.com\/tr\/templates\/applicant-status\/","og_site_name":"Sales AI Agents","article_modified_time":"2023-12-27T15:15:47+00:00","og_image":[{"width":1078,"height":760,"url":"https:\/\/sales-ai-agents.com\/wp-content\/uploads\/2023\/01\/image-preview123949.png","type":"image\/png"}],"twitter_card":"summary_large_image","schema":{"@context":"https:\/\/schema.org","@graph":[{"@type":"WebPage","@id":"https:\/\/sales-ai-agents.com\/tr\/templates\/applicant-status\/","url":"https:\/\/sales-ai-agents.com\/tr\/templates\/applicant-status\/","name":"Ba\u015fvuru Sahibi Durum \u015eablonu - Sales AI Agents","isPartOf":{"@id":"https:\/\/sales-ai-agents.com\/#website"},"primaryImageOfPage":{"@id":"https:\/\/sales-ai-agents.com\/tr\/templates\/applicant-status\/#primaryimage"},"image":{"@id":"https:\/\/sales-ai-agents.com\/tr\/templates\/applicant-status\/#primaryimage"},"thumbnailUrl":"https:\/\/sales-ai-agents.com\/wp-content\/uploads\/2023\/01\/image-preview123949.png","datePublished":"2022-09-26T11:53:45+00:00","dateModified":"2023-12-27T15:15:47+00:00","description":"Bir pozisyon i\u00e7in i\u015fe al\u0131m yaparken, \u00e7ok say\u0131da ba\u015fvuru almak yayg\u0131n bir durumdur. Ba\u015fvurular\u0131n\u0131z\u0131 takip etmek i\u00e7in ba\u015fvuru verilerinizi bu \u015fablonla d\u00fczenleyin.","inLanguage":"tr","potentialAction":[{"@type":"ReadAction","target":["https:\/\/sales-ai-agents.com\/tr\/templates\/applicant-status\/"]}]},{"@type":"ImageObject","inLanguage":"tr","@id":"https:\/\/sales-ai-agents.com\/tr\/templates\/applicant-status\/#primaryimage","url":"https:\/\/sales-ai-agents.com\/wp-content\/uploads\/2023\/01\/image-preview123949.png","contentUrl":"https:\/\/sales-ai-agents.com\/wp-content\/uploads\/2023\/01\/image-preview123949.png","width":1078,"height":760},{"@type":"WebSite","@id":"https:\/\/sales-ai-agents.com\/#website","url":"https:\/\/sales-ai-agents.com\/","name":"FuseBase","description":"Sales AI Agents - Free Online Collaboration Software for Remote Teams. Build your wikis, client portals and more with the Nimbus Platform collaboration tool ? A perfect space for online work","publisher":{"@id":"https:\/\/sales-ai-agents.com\/#organization"},"potentialAction":[{"@type":"SearchAction","target":{"@type":"EntryPoint","urlTemplate":"https:\/\/sales-ai-agents.com\/?s={search_term_string}"},"query-input":{"@type":"PropertyValueSpecification","valueRequired":true,"valueName":"search_term_string"}}],"inLanguage":"tr"},{"@type":"Organization","@id":"https:\/\/sales-ai-agents.com\/#organization","name":"FuseBase","url":"https:\/\/sales-ai-agents.com\/","logo":{"@type":"ImageObject","inLanguage":"tr","@id":"https:\/\/sales-ai-agents.com\/#\/schema\/logo\/image\/","url":"https:\/\/sales-ai-agents.com\/wp-content\/uploads\/2023\/11\/icon-7.svg","contentUrl":"https:\/\/sales-ai-agents.com\/wp-content\/uploads\/2023\/11\/icon-7.svg","width":128,"height":128,"caption":"FuseBase"},"image":{"@id":"https:\/\/sales-ai-agents.com\/#\/schema\/logo\/image\/"}}]}},"_links":{"self":[{"href":"https:\/\/sales-ai-agents.com\/tr\/wp-json\/wp\/v2\/product\/58295","targetHints":{"allow":["GET"]}}],"collection":[{"href":"https:\/\/sales-ai-agents.com\/tr\/wp-json\/wp\/v2\/product"}],"about":[{"href":"https:\/\/sales-ai-agents.com\/tr\/wp-json\/wp\/v2\/types\/product"}],"wp:featuredmedia":[{"embeddable":true,"href":"https:\/\/sales-ai-agents.com\/tr\/wp-json\/wp\/v2\/media\/58296"}],"wp:attachment":[{"href":"https:\/\/sales-ai-agents.com\/tr\/wp-json\/wp\/v2\/media?parent=58295"}],"wp:term":[{"taxonomy":"product_brand","embeddable":true,"href":"https:\/\/sales-ai-agents.com\/tr\/wp-json\/wp\/v2\/product_brand?post=58295"},{"taxonomy":"product_cat","embeddable":true,"href":"https:\/\/sales-ai-agents.com\/tr\/wp-json\/wp\/v2\/product_cat?post=58295"},{"taxonomy":"product_tag","embeddable":true,"href":"https:\/\/sales-ai-agents.com\/tr\/wp-json\/wp\/v2\/product_tag?post=58295"}],"curies":[{"name":"wp","href":"https:\/\/api.w.org\/{rel}","templated":true}]}}