{"id":58298,"date":"2022-09-26T11:53:42","date_gmt":"2022-09-26T11:53:42","guid":{"rendered":"https:\/\/sales-ai-agents.com\/templates\/meeting-notes-planning\/"},"modified":"2023-12-31T16:27:10","modified_gmt":"2023-12-31T16:27:10","slug":"meeting-notes-planning","status":"publish","type":"product","link":"https:\/\/sales-ai-agents.com\/tr\/templates\/meeting-notes-planning\/","title":{"rendered":"Toplant\u0131 Notlar\u0131 Planlama"},"content":{"rendered":"<p>&nbsp;<\/p>\n<h2>Toplant\u0131 Notlar\u0131 Planlama \u015eablonu<\/h2>\n<p class=\"desc-text\">Bu toplant\u0131 planlama \u015fablonunu kullanarak toplant\u0131lar\u0131n\u0131za netlik kazand\u0131r\u0131n. Tart\u0131\u015f\u0131lacak konular\u0131 d\u00fczenlemek ve bir araya getirmek i\u00e7in kullan\u0131n. Her konu i\u00e7in \u00f6nemli \u00e7\u0131kar\u0131mlar ve notlar olu\u015fturun. Yap\u0131lacaklar listesi olu\u015fturarak ve \u00fcyeleri tek tek etiketleyerek ekibinize g\u00f6revler atay\u0131n. Bu \u015fablon sayesinde toplant\u0131lar\u0131n\u0131z\u0131n odaklanm\u0131\u015f ve verimli ge\u00e7mesini sa\u011flayabilirsiniz.<\/p>\n<h5>Nas\u0131l kullan\u0131l\u0131r?<\/h5>\n<ul class=\"desc-item_list\">\n<li class=\"desc-item_list__point\">Toplant\u0131n\u0131z\u0131n amac\u0131n\u0131 ekleyin<\/li>\n<li class=\"desc-item_list__point\">Kat\u0131l\u0131mc\u0131lar\u0131 etiketleyin ve onlardan bahsedin<\/li>\n<li class=\"desc-item_list__point\">Ayr\u0131lm\u0131\u015f zamanlar\u0131 i\u00e7eren bir g\u00fcndem olu\u015fturun<\/li>\n<li class=\"desc-item_list__point\">Her konu i\u00e7in taslak notlar ve \u00e7\u0131kar\u0131mlar<\/li>\n<li class=\"desc-item_list__point\">Tablomuzla eylem \u00f6\u011feleri olu\u015fturun<\/li>\n<li class=\"desc-item_list__point\">Durumu g\u00fcncellemek i\u00e7in onay kutular\u0131n\u0131 kullan\u0131n<\/li>\n<li class=\"desc-item_list__point\">Her g\u00f6reve bir \u00fcye atay\u0131n<\/li>\n<\/ul>\n","protected":false},"excerpt":{"rendered":"<p>Bu \u00fccretsiz \u00f6zelle\u015ftirilebilir toplant\u0131 planlama \u015fablonunu kullanarak toplant\u0131lar\u0131n\u0131za netlik kazand\u0131r\u0131n. Tart\u0131\u015fmalar i\u00e7in konular\u0131 d\u00fczenlemek ve bir araya getirmek i\u00e7in kullan\u0131n.<\/p>\n","protected":false},"featured_media":58299,"template":"","meta":{"_acf_changed":false,"inline_featured_image":false},"product_brand":[],"product_cat":[218,230],"product_tag":[],"class_list":{"0":"post-58298","1":"product","2":"type-product","3":"status-publish","4":"has-post-thumbnail","6":"product_cat-operations","7":"product_cat-meeting","9":"first","10":"instock","11":"virtual","12":"sold-individually","13":"product-type-simple"},"acf":[],"yoast_head":"<!-- This site is optimized with the Yoast SEO plugin v25.3.1 - https:\/\/yoast.com\/wordpress\/plugins\/seo\/ -->\n<title>Toplant\u0131 notlar\u0131 planlama \u015fablonu - Sales AI Agents<\/title>\n<meta name=\"description\" content=\"Bu \u00fccretsiz \u00f6zelle\u015ftirilebilir toplant\u0131 planlama \u015fablonunu kullanarak toplant\u0131lar\u0131n\u0131za netlik kazand\u0131r\u0131n. Tart\u0131\u015fmalar i\u00e7in konular\u0131 d\u00fczenlemek ve bir araya getirmek i\u00e7in kullan\u0131n.\" \/>\n<meta name=\"robots\" content=\"index, follow, max-snippet:-1, max-image-preview:large, max-video-preview:-1\" \/>\n<link rel=\"canonical\" href=\"https:\/\/sales-ai-agents.com\/tr\/templates\/meeting-notes-planning\/\" \/>\n<meta property=\"og:locale\" content=\"tr_TR\" \/>\n<meta property=\"og:type\" content=\"article\" \/>\n<meta property=\"og:title\" content=\"Toplant\u0131 notlar\u0131 planlama \u015fablonu - Sales AI Agents\" \/>\n<meta property=\"og:description\" content=\"Bu \u00fccretsiz \u00f6zelle\u015ftirilebilir toplant\u0131 planlama \u015fablonunu kullanarak toplant\u0131lar\u0131n\u0131za netlik kazand\u0131r\u0131n. Tart\u0131\u015fmalar i\u00e7in konular\u0131 d\u00fczenlemek ve bir araya getirmek i\u00e7in kullan\u0131n.\" \/>\n<meta property=\"og:url\" content=\"https:\/\/sales-ai-agents.com\/tr\/templates\/meeting-notes-planning\/\" \/>\n<meta property=\"og:site_name\" content=\"Sales AI Agents\" \/>\n<meta property=\"article:modified_time\" content=\"2023-12-31T16:27:10+00:00\" \/>\n<meta property=\"og:image\" content=\"https:\/\/sales-ai-agents.com\/wp-content\/uploads\/2023\/01\/image-preview123858.png\" \/>\n\t<meta property=\"og:image:width\" content=\"1078\" \/>\n\t<meta property=\"og:image:height\" content=\"2151\" \/>\n\t<meta property=\"og:image:type\" content=\"image\/png\" \/>\n<meta name=\"twitter:card\" content=\"summary_large_image\" \/>\n<script type=\"application\/ld+json\" class=\"yoast-schema-graph\">{\"@context\":\"https:\/\/schema.org\",\"@graph\":[{\"@type\":\"WebPage\",\"@id\":\"https:\/\/sales-ai-agents.com\/tr\/templates\/meeting-notes-planning\/\",\"url\":\"https:\/\/sales-ai-agents.com\/tr\/templates\/meeting-notes-planning\/\",\"name\":\"Toplant\u0131 notlar\u0131 planlama \u015fablonu - Sales AI Agents\",\"isPartOf\":{\"@id\":\"https:\/\/sales-ai-agents.com\/#website\"},\"primaryImageOfPage\":{\"@id\":\"https:\/\/sales-ai-agents.com\/tr\/templates\/meeting-notes-planning\/#primaryimage\"},\"image\":{\"@id\":\"https:\/\/sales-ai-agents.com\/tr\/templates\/meeting-notes-planning\/#primaryimage\"},\"thumbnailUrl\":\"https:\/\/sales-ai-agents.com\/wp-content\/uploads\/2023\/01\/image-preview123858.png\",\"datePublished\":\"2022-09-26T11:53:42+00:00\",\"dateModified\":\"2023-12-31T16:27:10+00:00\",\"description\":\"Bu \u00fccretsiz \u00f6zelle\u015ftirilebilir toplant\u0131 planlama \u015fablonunu kullanarak toplant\u0131lar\u0131n\u0131za netlik kazand\u0131r\u0131n. Tart\u0131\u015fmalar i\u00e7in konular\u0131 d\u00fczenlemek ve bir araya getirmek i\u00e7in kullan\u0131n.\",\"inLanguage\":\"tr\",\"potentialAction\":[{\"@type\":\"ReadAction\",\"target\":[\"https:\/\/sales-ai-agents.com\/tr\/templates\/meeting-notes-planning\/\"]}]},{\"@type\":\"ImageObject\",\"inLanguage\":\"tr\",\"@id\":\"https:\/\/sales-ai-agents.com\/tr\/templates\/meeting-notes-planning\/#primaryimage\",\"url\":\"https:\/\/sales-ai-agents.com\/wp-content\/uploads\/2023\/01\/image-preview123858.png\",\"contentUrl\":\"https:\/\/sales-ai-agents.com\/wp-content\/uploads\/2023\/01\/image-preview123858.png\",\"width\":1078,\"height\":2151},{\"@type\":\"WebSite\",\"@id\":\"https:\/\/sales-ai-agents.com\/#website\",\"url\":\"https:\/\/sales-ai-agents.com\/\",\"name\":\"FuseBase\",\"description\":\"Sales AI Agents - Free Online Collaboration Software for Remote Teams. Build your wikis, client portals and more with the Nimbus Platform collaboration tool ? A perfect space for online work\",\"publisher\":{\"@id\":\"https:\/\/sales-ai-agents.com\/#organization\"},\"potentialAction\":[{\"@type\":\"SearchAction\",\"target\":{\"@type\":\"EntryPoint\",\"urlTemplate\":\"https:\/\/sales-ai-agents.com\/?s={search_term_string}\"},\"query-input\":{\"@type\":\"PropertyValueSpecification\",\"valueRequired\":true,\"valueName\":\"search_term_string\"}}],\"inLanguage\":\"tr\"},{\"@type\":\"Organization\",\"@id\":\"https:\/\/sales-ai-agents.com\/#organization\",\"name\":\"FuseBase\",\"url\":\"https:\/\/sales-ai-agents.com\/\",\"logo\":{\"@type\":\"ImageObject\",\"inLanguage\":\"tr\",\"@id\":\"https:\/\/sales-ai-agents.com\/#\/schema\/logo\/image\/\",\"url\":\"https:\/\/sales-ai-agents.com\/wp-content\/uploads\/2023\/11\/icon-7.svg\",\"contentUrl\":\"https:\/\/sales-ai-agents.com\/wp-content\/uploads\/2023\/11\/icon-7.svg\",\"width\":128,\"height\":128,\"caption\":\"FuseBase\"},\"image\":{\"@id\":\"https:\/\/sales-ai-agents.com\/#\/schema\/logo\/image\/\"}}]}<\/script>\n<!-- \/ Yoast SEO plugin. -->","yoast_head_json":{"title":"Toplant\u0131 notlar\u0131 planlama \u015fablonu - Sales AI Agents","description":"Bu \u00fccretsiz \u00f6zelle\u015ftirilebilir toplant\u0131 planlama \u015fablonunu kullanarak toplant\u0131lar\u0131n\u0131za netlik kazand\u0131r\u0131n. Tart\u0131\u015fmalar i\u00e7in konular\u0131 d\u00fczenlemek ve bir araya getirmek i\u00e7in kullan\u0131n.","robots":{"index":"index","follow":"follow","max-snippet":"max-snippet:-1","max-image-preview":"max-image-preview:large","max-video-preview":"max-video-preview:-1"},"canonical":"https:\/\/sales-ai-agents.com\/tr\/templates\/meeting-notes-planning\/","og_locale":"tr_TR","og_type":"article","og_title":"Toplant\u0131 notlar\u0131 planlama \u015fablonu - Sales AI Agents","og_description":"Bu \u00fccretsiz \u00f6zelle\u015ftirilebilir toplant\u0131 planlama \u015fablonunu kullanarak toplant\u0131lar\u0131n\u0131za netlik kazand\u0131r\u0131n. Tart\u0131\u015fmalar i\u00e7in konular\u0131 d\u00fczenlemek ve bir araya getirmek i\u00e7in kullan\u0131n.","og_url":"https:\/\/sales-ai-agents.com\/tr\/templates\/meeting-notes-planning\/","og_site_name":"Sales AI Agents","article_modified_time":"2023-12-31T16:27:10+00:00","og_image":[{"width":1078,"height":2151,"url":"https:\/\/sales-ai-agents.com\/wp-content\/uploads\/2023\/01\/image-preview123858.png","type":"image\/png"}],"twitter_card":"summary_large_image","schema":{"@context":"https:\/\/schema.org","@graph":[{"@type":"WebPage","@id":"https:\/\/sales-ai-agents.com\/tr\/templates\/meeting-notes-planning\/","url":"https:\/\/sales-ai-agents.com\/tr\/templates\/meeting-notes-planning\/","name":"Toplant\u0131 notlar\u0131 planlama \u015fablonu - Sales AI Agents","isPartOf":{"@id":"https:\/\/sales-ai-agents.com\/#website"},"primaryImageOfPage":{"@id":"https:\/\/sales-ai-agents.com\/tr\/templates\/meeting-notes-planning\/#primaryimage"},"image":{"@id":"https:\/\/sales-ai-agents.com\/tr\/templates\/meeting-notes-planning\/#primaryimage"},"thumbnailUrl":"https:\/\/sales-ai-agents.com\/wp-content\/uploads\/2023\/01\/image-preview123858.png","datePublished":"2022-09-26T11:53:42+00:00","dateModified":"2023-12-31T16:27:10+00:00","description":"Bu \u00fccretsiz \u00f6zelle\u015ftirilebilir toplant\u0131 planlama \u015fablonunu kullanarak toplant\u0131lar\u0131n\u0131za netlik kazand\u0131r\u0131n. Tart\u0131\u015fmalar i\u00e7in konular\u0131 d\u00fczenlemek ve bir araya getirmek i\u00e7in kullan\u0131n.","inLanguage":"tr","potentialAction":[{"@type":"ReadAction","target":["https:\/\/sales-ai-agents.com\/tr\/templates\/meeting-notes-planning\/"]}]},{"@type":"ImageObject","inLanguage":"tr","@id":"https:\/\/sales-ai-agents.com\/tr\/templates\/meeting-notes-planning\/#primaryimage","url":"https:\/\/sales-ai-agents.com\/wp-content\/uploads\/2023\/01\/image-preview123858.png","contentUrl":"https:\/\/sales-ai-agents.com\/wp-content\/uploads\/2023\/01\/image-preview123858.png","width":1078,"height":2151},{"@type":"WebSite","@id":"https:\/\/sales-ai-agents.com\/#website","url":"https:\/\/sales-ai-agents.com\/","name":"FuseBase","description":"Sales AI Agents - Free Online Collaboration Software for Remote Teams. Build your wikis, client portals and more with the Nimbus Platform collaboration tool ? A perfect space for online work","publisher":{"@id":"https:\/\/sales-ai-agents.com\/#organization"},"potentialAction":[{"@type":"SearchAction","target":{"@type":"EntryPoint","urlTemplate":"https:\/\/sales-ai-agents.com\/?s={search_term_string}"},"query-input":{"@type":"PropertyValueSpecification","valueRequired":true,"valueName":"search_term_string"}}],"inLanguage":"tr"},{"@type":"Organization","@id":"https:\/\/sales-ai-agents.com\/#organization","name":"FuseBase","url":"https:\/\/sales-ai-agents.com\/","logo":{"@type":"ImageObject","inLanguage":"tr","@id":"https:\/\/sales-ai-agents.com\/#\/schema\/logo\/image\/","url":"https:\/\/sales-ai-agents.com\/wp-content\/uploads\/2023\/11\/icon-7.svg","contentUrl":"https:\/\/sales-ai-agents.com\/wp-content\/uploads\/2023\/11\/icon-7.svg","width":128,"height":128,"caption":"FuseBase"},"image":{"@id":"https:\/\/sales-ai-agents.com\/#\/schema\/logo\/image\/"}}]}},"_links":{"self":[{"href":"https:\/\/sales-ai-agents.com\/tr\/wp-json\/wp\/v2\/product\/58298","targetHints":{"allow":["GET"]}}],"collection":[{"href":"https:\/\/sales-ai-agents.com\/tr\/wp-json\/wp\/v2\/product"}],"about":[{"href":"https:\/\/sales-ai-agents.com\/tr\/wp-json\/wp\/v2\/types\/product"}],"wp:featuredmedia":[{"embeddable":true,"href":"https:\/\/sales-ai-agents.com\/tr\/wp-json\/wp\/v2\/media\/58299"}],"wp:attachment":[{"href":"https:\/\/sales-ai-agents.com\/tr\/wp-json\/wp\/v2\/media?parent=58298"}],"wp:term":[{"taxonomy":"product_brand","embeddable":true,"href":"https:\/\/sales-ai-agents.com\/tr\/wp-json\/wp\/v2\/product_brand?post=58298"},{"taxonomy":"product_cat","embeddable":true,"href":"https:\/\/sales-ai-agents.com\/tr\/wp-json\/wp\/v2\/product_cat?post=58298"},{"taxonomy":"product_tag","embeddable":true,"href":"https:\/\/sales-ai-agents.com\/tr\/wp-json\/wp\/v2\/product_tag?post=58298"}],"curies":[{"name":"wp","href":"https:\/\/api.w.org\/{rel}","templated":true}]}}