{"id":58301,"date":"2022-09-26T11:53:38","date_gmt":"2022-09-26T11:53:38","guid":{"rendered":"https:\/\/sales-ai-agents.com\/templates\/grocery-list\/"},"modified":"2023-12-26T15:50:24","modified_gmt":"2023-12-26T15:50:24","slug":"grocery-list","status":"publish","type":"product","link":"https:\/\/sales-ai-agents.com\/tr\/templates\/grocery-list\/","title":{"rendered":"Bakkal Listesi"},"content":{"rendered":"<p>&nbsp;<\/p>\n<h2>Bakkal Listesi \u015eablonu<\/h2>\n<p class=\"desc-text\">Markete gitti\u011finizde, hangi \u00fcr\u00fcnleri arad\u0131\u011f\u0131n\u0131z\u0131 unutman\u0131z kolayd\u0131r. G\u00f6z atabilece\u011finiz \u00e7ok fazla \u00fcr\u00fcn oldu\u011fu i\u00e7in gereksiz \u00fcr\u00fcnler de sat\u0131n alabilirsiniz. Al\u0131\u015fveri\u015f listenizi hat\u0131rlamak i\u00e7in, t\u00fcm ihtiya\u00e7lar\u0131n\u0131z i\u00e7in onay kutular\u0131 ve kategoriler i\u00e7eren \u015fablonumuzu kullan\u0131n. Al\u0131\u015fveri\u015fe \u00e7\u0131karken bu listeyi yan\u0131n\u0131za al\u0131n. Cep telefonunuz da dahil olmak \u00fczere herhangi bir cihazdan eri\u015febilirsiniz.<\/p>\n<h5>Nas\u0131l kullan\u0131l\u0131r?<\/h5>\n<ul class=\"desc-item_list\">\n<li class=\"desc-item_list__point\">Sat\u0131n alman\u0131z gereken yiyecekleri d\u00fc\u015f\u00fcn\u00fcn<\/li>\n<li class=\"desc-item_list__point\">Onay kutular\u0131n\u0131 kullanarak bir liste olu\u015fturma<\/li>\n<li class=\"desc-item_list__point\">Her bir \u00f6\u011feyi do\u011fru kategoriye yerle\u015ftirin<\/li>\n<li class=\"desc-item_list__point\">Zaten sahip oldu\u011funuz \u00f6\u011feleri i\u015faretleyin<\/li>\n<\/ul>\n","protected":false},"excerpt":{"rendered":"<p>Markete gitti\u011finizde, hangi \u00fcr\u00fcnleri arad\u0131\u011f\u0131n\u0131z\u0131 unutman\u0131z kolayd\u0131r. Yaln\u0131zca gereksiz \u00fcr\u00fcnleri sat\u0131n almak i\u00e7in bu \u00fccretsiz \u00f6zelle\u015ftirilebilir \u015fablonu kullan\u0131n.<\/p>\n","protected":false},"featured_media":58302,"template":"","meta":{"_acf_changed":false,"inline_featured_image":false},"product_brand":[],"product_cat":[260,259,276],"product_tag":[],"class_list":{"0":"post-58301","1":"product","2":"type-product","3":"status-publish","4":"has-post-thumbnail","6":"product_cat-events","7":"product_cat-personal-health","8":"product_cat-holidays-planning","10":"first","11":"instock","12":"virtual","13":"sold-individually","14":"product-type-simple"},"acf":[],"yoast_head":"<!-- This site is optimized with the Yoast SEO plugin v25.3.1 - https:\/\/yoast.com\/wordpress\/plugins\/seo\/ -->\n<title>Al\u0131\u015fveri\u015f Listesi \u015eablonu - Sales AI Agents<\/title>\n<meta name=\"description\" content=\"Markete gitti\u011finizde, hangi \u00fcr\u00fcnleri arad\u0131\u011f\u0131n\u0131z\u0131 unutman\u0131z kolayd\u0131r. Yaln\u0131zca gereksiz \u00fcr\u00fcnleri sat\u0131n almak i\u00e7in bu \u00fccretsiz \u00f6zelle\u015ftirilebilir \u015fablonu kullan\u0131n.\" \/>\n<meta name=\"robots\" content=\"index, follow, max-snippet:-1, max-image-preview:large, max-video-preview:-1\" \/>\n<link rel=\"canonical\" href=\"https:\/\/sales-ai-agents.com\/tr\/templates\/grocery-list\/\" \/>\n<meta property=\"og:locale\" content=\"tr_TR\" \/>\n<meta property=\"og:type\" content=\"article\" \/>\n<meta property=\"og:title\" content=\"Al\u0131\u015fveri\u015f Listesi \u015eablonu - Sales AI Agents\" \/>\n<meta property=\"og:description\" content=\"Markete gitti\u011finizde, hangi \u00fcr\u00fcnleri arad\u0131\u011f\u0131n\u0131z\u0131 unutman\u0131z kolayd\u0131r. Yaln\u0131zca gereksiz \u00fcr\u00fcnleri sat\u0131n almak i\u00e7in bu \u00fccretsiz \u00f6zelle\u015ftirilebilir \u015fablonu kullan\u0131n.\" \/>\n<meta property=\"og:url\" content=\"https:\/\/sales-ai-agents.com\/tr\/templates\/grocery-list\/\" \/>\n<meta property=\"og:site_name\" content=\"Sales AI Agents\" \/>\n<meta property=\"article:modified_time\" content=\"2023-12-26T15:50:24+00:00\" \/>\n<meta property=\"og:image\" content=\"https:\/\/sales-ai-agents.com\/wp-content\/uploads\/2022\/09\/Grocery-List-Template.png\" \/>\n\t<meta property=\"og:image:width\" content=\"1700\" \/>\n\t<meta property=\"og:image:height\" content=\"1100\" \/>\n\t<meta property=\"og:image:type\" content=\"image\/png\" \/>\n<meta name=\"twitter:card\" content=\"summary_large_image\" \/>\n<script type=\"application\/ld+json\" class=\"yoast-schema-graph\">{\"@context\":\"https:\/\/schema.org\",\"@graph\":[{\"@type\":\"WebPage\",\"@id\":\"https:\/\/sales-ai-agents.com\/tr\/templates\/grocery-list\/\",\"url\":\"https:\/\/sales-ai-agents.com\/tr\/templates\/grocery-list\/\",\"name\":\"Al\u0131\u015fveri\u015f Listesi \u015eablonu - Sales AI Agents\",\"isPartOf\":{\"@id\":\"https:\/\/sales-ai-agents.com\/#website\"},\"primaryImageOfPage\":{\"@id\":\"https:\/\/sales-ai-agents.com\/tr\/templates\/grocery-list\/#primaryimage\"},\"image\":{\"@id\":\"https:\/\/sales-ai-agents.com\/tr\/templates\/grocery-list\/#primaryimage\"},\"thumbnailUrl\":\"https:\/\/sales-ai-agents.com\/wp-content\/uploads\/2022\/09\/Grocery-List-Template.png\",\"datePublished\":\"2022-09-26T11:53:38+00:00\",\"dateModified\":\"2023-12-26T15:50:24+00:00\",\"description\":\"Markete gitti\u011finizde, hangi \u00fcr\u00fcnleri arad\u0131\u011f\u0131n\u0131z\u0131 unutman\u0131z kolayd\u0131r. Yaln\u0131zca gereksiz \u00fcr\u00fcnleri sat\u0131n almak i\u00e7in bu \u00fccretsiz \u00f6zelle\u015ftirilebilir \u015fablonu kullan\u0131n.\",\"inLanguage\":\"tr\",\"potentialAction\":[{\"@type\":\"ReadAction\",\"target\":[\"https:\/\/sales-ai-agents.com\/tr\/templates\/grocery-list\/\"]}]},{\"@type\":\"ImageObject\",\"inLanguage\":\"tr\",\"@id\":\"https:\/\/sales-ai-agents.com\/tr\/templates\/grocery-list\/#primaryimage\",\"url\":\"https:\/\/sales-ai-agents.com\/wp-content\/uploads\/2022\/09\/Grocery-List-Template.png\",\"contentUrl\":\"https:\/\/sales-ai-agents.com\/wp-content\/uploads\/2022\/09\/Grocery-List-Template.png\",\"width\":1700,\"height\":1100},{\"@type\":\"WebSite\",\"@id\":\"https:\/\/sales-ai-agents.com\/#website\",\"url\":\"https:\/\/sales-ai-agents.com\/\",\"name\":\"FuseBase\",\"description\":\"Sales AI Agents - Free Online Collaboration Software for Remote Teams. Build your wikis, client portals and more with the Nimbus Platform collaboration tool ? A perfect space for online work\",\"publisher\":{\"@id\":\"https:\/\/sales-ai-agents.com\/#organization\"},\"potentialAction\":[{\"@type\":\"SearchAction\",\"target\":{\"@type\":\"EntryPoint\",\"urlTemplate\":\"https:\/\/sales-ai-agents.com\/?s={search_term_string}\"},\"query-input\":{\"@type\":\"PropertyValueSpecification\",\"valueRequired\":true,\"valueName\":\"search_term_string\"}}],\"inLanguage\":\"tr\"},{\"@type\":\"Organization\",\"@id\":\"https:\/\/sales-ai-agents.com\/#organization\",\"name\":\"FuseBase\",\"url\":\"https:\/\/sales-ai-agents.com\/\",\"logo\":{\"@type\":\"ImageObject\",\"inLanguage\":\"tr\",\"@id\":\"https:\/\/sales-ai-agents.com\/#\/schema\/logo\/image\/\",\"url\":\"https:\/\/sales-ai-agents.com\/wp-content\/uploads\/2023\/11\/icon-7.svg\",\"contentUrl\":\"https:\/\/sales-ai-agents.com\/wp-content\/uploads\/2023\/11\/icon-7.svg\",\"width\":128,\"height\":128,\"caption\":\"FuseBase\"},\"image\":{\"@id\":\"https:\/\/sales-ai-agents.com\/#\/schema\/logo\/image\/\"}}]}<\/script>\n<!-- \/ Yoast SEO plugin. -->","yoast_head_json":{"title":"Al\u0131\u015fveri\u015f Listesi \u015eablonu - Sales AI Agents","description":"Markete gitti\u011finizde, hangi \u00fcr\u00fcnleri arad\u0131\u011f\u0131n\u0131z\u0131 unutman\u0131z kolayd\u0131r. Yaln\u0131zca gereksiz \u00fcr\u00fcnleri sat\u0131n almak i\u00e7in bu \u00fccretsiz \u00f6zelle\u015ftirilebilir \u015fablonu kullan\u0131n.","robots":{"index":"index","follow":"follow","max-snippet":"max-snippet:-1","max-image-preview":"max-image-preview:large","max-video-preview":"max-video-preview:-1"},"canonical":"https:\/\/sales-ai-agents.com\/tr\/templates\/grocery-list\/","og_locale":"tr_TR","og_type":"article","og_title":"Al\u0131\u015fveri\u015f Listesi \u015eablonu - Sales AI Agents","og_description":"Markete gitti\u011finizde, hangi \u00fcr\u00fcnleri arad\u0131\u011f\u0131n\u0131z\u0131 unutman\u0131z kolayd\u0131r. Yaln\u0131zca gereksiz \u00fcr\u00fcnleri sat\u0131n almak i\u00e7in bu \u00fccretsiz \u00f6zelle\u015ftirilebilir \u015fablonu kullan\u0131n.","og_url":"https:\/\/sales-ai-agents.com\/tr\/templates\/grocery-list\/","og_site_name":"Sales AI Agents","article_modified_time":"2023-12-26T15:50:24+00:00","og_image":[{"width":1700,"height":1100,"url":"https:\/\/sales-ai-agents.com\/wp-content\/uploads\/2022\/09\/Grocery-List-Template.png","type":"image\/png"}],"twitter_card":"summary_large_image","schema":{"@context":"https:\/\/schema.org","@graph":[{"@type":"WebPage","@id":"https:\/\/sales-ai-agents.com\/tr\/templates\/grocery-list\/","url":"https:\/\/sales-ai-agents.com\/tr\/templates\/grocery-list\/","name":"Al\u0131\u015fveri\u015f Listesi \u015eablonu - Sales AI Agents","isPartOf":{"@id":"https:\/\/sales-ai-agents.com\/#website"},"primaryImageOfPage":{"@id":"https:\/\/sales-ai-agents.com\/tr\/templates\/grocery-list\/#primaryimage"},"image":{"@id":"https:\/\/sales-ai-agents.com\/tr\/templates\/grocery-list\/#primaryimage"},"thumbnailUrl":"https:\/\/sales-ai-agents.com\/wp-content\/uploads\/2022\/09\/Grocery-List-Template.png","datePublished":"2022-09-26T11:53:38+00:00","dateModified":"2023-12-26T15:50:24+00:00","description":"Markete gitti\u011finizde, hangi \u00fcr\u00fcnleri arad\u0131\u011f\u0131n\u0131z\u0131 unutman\u0131z kolayd\u0131r. Yaln\u0131zca gereksiz \u00fcr\u00fcnleri sat\u0131n almak i\u00e7in bu \u00fccretsiz \u00f6zelle\u015ftirilebilir \u015fablonu kullan\u0131n.","inLanguage":"tr","potentialAction":[{"@type":"ReadAction","target":["https:\/\/sales-ai-agents.com\/tr\/templates\/grocery-list\/"]}]},{"@type":"ImageObject","inLanguage":"tr","@id":"https:\/\/sales-ai-agents.com\/tr\/templates\/grocery-list\/#primaryimage","url":"https:\/\/sales-ai-agents.com\/wp-content\/uploads\/2022\/09\/Grocery-List-Template.png","contentUrl":"https:\/\/sales-ai-agents.com\/wp-content\/uploads\/2022\/09\/Grocery-List-Template.png","width":1700,"height":1100},{"@type":"WebSite","@id":"https:\/\/sales-ai-agents.com\/#website","url":"https:\/\/sales-ai-agents.com\/","name":"FuseBase","description":"Sales AI Agents - Free Online Collaboration Software for Remote Teams. Build your wikis, client portals and more with the Nimbus Platform collaboration tool ? A perfect space for online work","publisher":{"@id":"https:\/\/sales-ai-agents.com\/#organization"},"potentialAction":[{"@type":"SearchAction","target":{"@type":"EntryPoint","urlTemplate":"https:\/\/sales-ai-agents.com\/?s={search_term_string}"},"query-input":{"@type":"PropertyValueSpecification","valueRequired":true,"valueName":"search_term_string"}}],"inLanguage":"tr"},{"@type":"Organization","@id":"https:\/\/sales-ai-agents.com\/#organization","name":"FuseBase","url":"https:\/\/sales-ai-agents.com\/","logo":{"@type":"ImageObject","inLanguage":"tr","@id":"https:\/\/sales-ai-agents.com\/#\/schema\/logo\/image\/","url":"https:\/\/sales-ai-agents.com\/wp-content\/uploads\/2023\/11\/icon-7.svg","contentUrl":"https:\/\/sales-ai-agents.com\/wp-content\/uploads\/2023\/11\/icon-7.svg","width":128,"height":128,"caption":"FuseBase"},"image":{"@id":"https:\/\/sales-ai-agents.com\/#\/schema\/logo\/image\/"}}]}},"_links":{"self":[{"href":"https:\/\/sales-ai-agents.com\/tr\/wp-json\/wp\/v2\/product\/58301","targetHints":{"allow":["GET"]}}],"collection":[{"href":"https:\/\/sales-ai-agents.com\/tr\/wp-json\/wp\/v2\/product"}],"about":[{"href":"https:\/\/sales-ai-agents.com\/tr\/wp-json\/wp\/v2\/types\/product"}],"wp:featuredmedia":[{"embeddable":true,"href":"https:\/\/sales-ai-agents.com\/tr\/wp-json\/wp\/v2\/media\/58302"}],"wp:attachment":[{"href":"https:\/\/sales-ai-agents.com\/tr\/wp-json\/wp\/v2\/media?parent=58301"}],"wp:term":[{"taxonomy":"product_brand","embeddable":true,"href":"https:\/\/sales-ai-agents.com\/tr\/wp-json\/wp\/v2\/product_brand?post=58301"},{"taxonomy":"product_cat","embeddable":true,"href":"https:\/\/sales-ai-agents.com\/tr\/wp-json\/wp\/v2\/product_cat?post=58301"},{"taxonomy":"product_tag","embeddable":true,"href":"https:\/\/sales-ai-agents.com\/tr\/wp-json\/wp\/v2\/product_tag?post=58301"}],"curies":[{"name":"wp","href":"https:\/\/api.w.org\/{rel}","templated":true}]}}