{"id":58304,"date":"2022-09-26T11:53:22","date_gmt":"2022-09-26T11:53:22","guid":{"rendered":"https:\/\/sales-ai-agents.com\/templates\/personal-mission-statement\/"},"modified":"2024-01-02T13:27:37","modified_gmt":"2024-01-02T13:27:37","slug":"personal-mission-statement","status":"publish","type":"product","link":"https:\/\/sales-ai-agents.com\/tr\/templates\/personal-mission-statement\/","title":{"rendered":"Ki\u015fisel Misyon Bildirimi"},"content":{"rendered":"<p>&nbsp;<\/p>\n<h2>Ki\u015fisel Misyon Bildirimi \u015eablonu<\/h2>\n<p class=\"desc-text\">Ald\u0131\u011f\u0131n\u0131z her karara rehberlik edecek k\u0131sa bir slogan belirlemek i\u00e7in bu \u015fablonu kullan\u0131n. Bu bir &#8220;var olma nedeni&#8221; olarak d\u00fc\u015f\u00fcn\u00fclmelidir. Pek \u00e7ok uzman, ki\u015fisel bir misyon beyan\u0131n\u0131n ki\u015fiyi &#8220;d\u00fcmensiz bir gemiden&#8221; hedef odakl\u0131 bir ba\u015far\u0131ya d\u00f6n\u00fc\u015ft\u00fcrebilece\u011fini d\u00fc\u015f\u00fcn\u00fcyor. Daha sonra eri\u015fmek ve g\u00fcnl\u00fck krizler s\u0131ras\u0131nda hat\u0131rlamay\u0131 kolayla\u015ft\u0131rmak i\u00e7in kullan\u0131n.<\/p>\n<h5>Nas\u0131l kullan\u0131l\u0131r?<\/h5>\n<ul class=\"desc-item_list\">\n<li class=\"desc-item_list__point\">Ki\u015fisel misyon beyan\u0131n\u0131z\u0131 d\u00fc\u015f\u00fcn\u00fcn. K\u0131sa tutmaya \u00e7al\u0131\u015f\u0131n &#8211; 3 ila 5 c\u00fcmle i\u015fe yarayacakt\u0131r.<\/li>\n<li class=\"desc-item_list__point\">Hayat\u0131n\u0131z\u0131n her katman\u0131ndan 5 ki\u015fi se\u00e7in (do\u011frudan ki\u015filer, uzak ki\u015filer veya sadece size ilham verenler)<\/li>\n<li class=\"desc-item_list__point\">Kaydedin ve ekstra g\u00fcce ve deste\u011fe ihtiya\u00e7 duydu\u011funuzda eri\u015fin<\/li>\n<\/ul>\n","protected":false},"excerpt":{"rendered":"<p>Ald\u0131\u011f\u0131n\u0131z her karara rehberlik edecek k\u0131sa bir slogan belirlemek i\u00e7in bu \u00fccretsiz \u00f6zelle\u015ftirilebilir \u015fablonu kullan\u0131n. Bu sizin ana &#8220;var olma sebebiniz&#8221; olarak g\u00f6r\u00fclmelidir.<\/p>\n","protected":false},"featured_media":58305,"template":"","meta":{"_acf_changed":false,"inline_featured_image":false},"product_brand":[],"product_cat":[257,256],"product_tag":[],"class_list":{"0":"post-58304","1":"product","2":"type-product","3":"status-publish","4":"has-post-thumbnail","6":"product_cat-personal","7":"product_cat-organizers-planners","9":"first","10":"instock","11":"virtual","12":"sold-individually","13":"product-type-simple"},"acf":[],"yoast_head":"<!-- This site is optimized with the Yoast SEO plugin v25.3.1 - https:\/\/yoast.com\/wordpress\/plugins\/seo\/ -->\n<title>Ki\u015fisel Misyon Bildirimi \u015eablonu - Sales AI Agents<\/title>\n<meta name=\"description\" content=\"Ald\u0131\u011f\u0131n\u0131z her karara rehberlik edecek k\u0131sa bir slogan belirlemek i\u00e7in bu \u00fccretsiz \u00f6zelle\u015ftirilebilir \u015fablonu kullan\u0131n. Bu sizin ana &quot;var olma sebebiniz&quot; olarak g\u00f6r\u00fclmelidir.\" \/>\n<meta name=\"robots\" content=\"index, follow, max-snippet:-1, max-image-preview:large, max-video-preview:-1\" \/>\n<link rel=\"canonical\" href=\"https:\/\/sales-ai-agents.com\/tr\/templates\/personal-mission-statement\/\" \/>\n<meta property=\"og:locale\" content=\"tr_TR\" \/>\n<meta property=\"og:type\" content=\"article\" \/>\n<meta property=\"og:title\" content=\"Ki\u015fisel Misyon Bildirimi \u015eablonu - Sales AI Agents\" \/>\n<meta property=\"og:description\" content=\"Ald\u0131\u011f\u0131n\u0131z her karara rehberlik edecek k\u0131sa bir slogan belirlemek i\u00e7in bu \u00fccretsiz \u00f6zelle\u015ftirilebilir \u015fablonu kullan\u0131n. Bu sizin ana &quot;var olma sebebiniz&quot; olarak g\u00f6r\u00fclmelidir.\" \/>\n<meta property=\"og:url\" content=\"https:\/\/sales-ai-agents.com\/tr\/templates\/personal-mission-statement\/\" \/>\n<meta property=\"og:site_name\" content=\"Sales AI Agents\" \/>\n<meta property=\"article:modified_time\" content=\"2024-01-02T13:27:37+00:00\" \/>\n<meta property=\"og:image\" content=\"https:\/\/sales-ai-agents.com\/wp-content\/uploads\/2022\/09\/Personal-Mission-Statement-Template.png\" \/>\n\t<meta property=\"og:image:width\" content=\"1700\" \/>\n\t<meta property=\"og:image:height\" content=\"1100\" \/>\n\t<meta property=\"og:image:type\" content=\"image\/png\" \/>\n<meta name=\"twitter:card\" content=\"summary_large_image\" \/>\n<script type=\"application\/ld+json\" class=\"yoast-schema-graph\">{\"@context\":\"https:\/\/schema.org\",\"@graph\":[{\"@type\":\"WebPage\",\"@id\":\"https:\/\/sales-ai-agents.com\/tr\/templates\/personal-mission-statement\/\",\"url\":\"https:\/\/sales-ai-agents.com\/tr\/templates\/personal-mission-statement\/\",\"name\":\"Ki\u015fisel Misyon Bildirimi \u015eablonu - Sales AI Agents\",\"isPartOf\":{\"@id\":\"https:\/\/sales-ai-agents.com\/#website\"},\"primaryImageOfPage\":{\"@id\":\"https:\/\/sales-ai-agents.com\/tr\/templates\/personal-mission-statement\/#primaryimage\"},\"image\":{\"@id\":\"https:\/\/sales-ai-agents.com\/tr\/templates\/personal-mission-statement\/#primaryimage\"},\"thumbnailUrl\":\"https:\/\/sales-ai-agents.com\/wp-content\/uploads\/2022\/09\/Personal-Mission-Statement-Template.png\",\"datePublished\":\"2022-09-26T11:53:22+00:00\",\"dateModified\":\"2024-01-02T13:27:37+00:00\",\"description\":\"Ald\u0131\u011f\u0131n\u0131z her karara rehberlik edecek k\u0131sa bir slogan belirlemek i\u00e7in bu \u00fccretsiz \u00f6zelle\u015ftirilebilir \u015fablonu kullan\u0131n. Bu sizin ana \\\"var olma sebebiniz\\\" olarak g\u00f6r\u00fclmelidir.\",\"inLanguage\":\"tr\",\"potentialAction\":[{\"@type\":\"ReadAction\",\"target\":[\"https:\/\/sales-ai-agents.com\/tr\/templates\/personal-mission-statement\/\"]}]},{\"@type\":\"ImageObject\",\"inLanguage\":\"tr\",\"@id\":\"https:\/\/sales-ai-agents.com\/tr\/templates\/personal-mission-statement\/#primaryimage\",\"url\":\"https:\/\/sales-ai-agents.com\/wp-content\/uploads\/2022\/09\/Personal-Mission-Statement-Template.png\",\"contentUrl\":\"https:\/\/sales-ai-agents.com\/wp-content\/uploads\/2022\/09\/Personal-Mission-Statement-Template.png\",\"width\":1700,\"height\":1100},{\"@type\":\"WebSite\",\"@id\":\"https:\/\/sales-ai-agents.com\/#website\",\"url\":\"https:\/\/sales-ai-agents.com\/\",\"name\":\"FuseBase\",\"description\":\"Sales AI Agents - Free Online Collaboration Software for Remote Teams. Build your wikis, client portals and more with the Nimbus Platform collaboration tool ? A perfect space for online work\",\"publisher\":{\"@id\":\"https:\/\/sales-ai-agents.com\/#organization\"},\"potentialAction\":[{\"@type\":\"SearchAction\",\"target\":{\"@type\":\"EntryPoint\",\"urlTemplate\":\"https:\/\/sales-ai-agents.com\/?s={search_term_string}\"},\"query-input\":{\"@type\":\"PropertyValueSpecification\",\"valueRequired\":true,\"valueName\":\"search_term_string\"}}],\"inLanguage\":\"tr\"},{\"@type\":\"Organization\",\"@id\":\"https:\/\/sales-ai-agents.com\/#organization\",\"name\":\"FuseBase\",\"url\":\"https:\/\/sales-ai-agents.com\/\",\"logo\":{\"@type\":\"ImageObject\",\"inLanguage\":\"tr\",\"@id\":\"https:\/\/sales-ai-agents.com\/#\/schema\/logo\/image\/\",\"url\":\"https:\/\/sales-ai-agents.com\/wp-content\/uploads\/2023\/11\/icon-7.svg\",\"contentUrl\":\"https:\/\/sales-ai-agents.com\/wp-content\/uploads\/2023\/11\/icon-7.svg\",\"width\":128,\"height\":128,\"caption\":\"FuseBase\"},\"image\":{\"@id\":\"https:\/\/sales-ai-agents.com\/#\/schema\/logo\/image\/\"}}]}<\/script>\n<!-- \/ Yoast SEO plugin. -->","yoast_head_json":{"title":"Ki\u015fisel Misyon Bildirimi \u015eablonu - Sales AI Agents","description":"Ald\u0131\u011f\u0131n\u0131z her karara rehberlik edecek k\u0131sa bir slogan belirlemek i\u00e7in bu \u00fccretsiz \u00f6zelle\u015ftirilebilir \u015fablonu kullan\u0131n. Bu sizin ana \"var olma sebebiniz\" olarak g\u00f6r\u00fclmelidir.","robots":{"index":"index","follow":"follow","max-snippet":"max-snippet:-1","max-image-preview":"max-image-preview:large","max-video-preview":"max-video-preview:-1"},"canonical":"https:\/\/sales-ai-agents.com\/tr\/templates\/personal-mission-statement\/","og_locale":"tr_TR","og_type":"article","og_title":"Ki\u015fisel Misyon Bildirimi \u015eablonu - Sales AI Agents","og_description":"Ald\u0131\u011f\u0131n\u0131z her karara rehberlik edecek k\u0131sa bir slogan belirlemek i\u00e7in bu \u00fccretsiz \u00f6zelle\u015ftirilebilir \u015fablonu kullan\u0131n. Bu sizin ana \"var olma sebebiniz\" olarak g\u00f6r\u00fclmelidir.","og_url":"https:\/\/sales-ai-agents.com\/tr\/templates\/personal-mission-statement\/","og_site_name":"Sales AI Agents","article_modified_time":"2024-01-02T13:27:37+00:00","og_image":[{"width":1700,"height":1100,"url":"https:\/\/sales-ai-agents.com\/wp-content\/uploads\/2022\/09\/Personal-Mission-Statement-Template.png","type":"image\/png"}],"twitter_card":"summary_large_image","schema":{"@context":"https:\/\/schema.org","@graph":[{"@type":"WebPage","@id":"https:\/\/sales-ai-agents.com\/tr\/templates\/personal-mission-statement\/","url":"https:\/\/sales-ai-agents.com\/tr\/templates\/personal-mission-statement\/","name":"Ki\u015fisel Misyon Bildirimi \u015eablonu - Sales AI Agents","isPartOf":{"@id":"https:\/\/sales-ai-agents.com\/#website"},"primaryImageOfPage":{"@id":"https:\/\/sales-ai-agents.com\/tr\/templates\/personal-mission-statement\/#primaryimage"},"image":{"@id":"https:\/\/sales-ai-agents.com\/tr\/templates\/personal-mission-statement\/#primaryimage"},"thumbnailUrl":"https:\/\/sales-ai-agents.com\/wp-content\/uploads\/2022\/09\/Personal-Mission-Statement-Template.png","datePublished":"2022-09-26T11:53:22+00:00","dateModified":"2024-01-02T13:27:37+00:00","description":"Ald\u0131\u011f\u0131n\u0131z her karara rehberlik edecek k\u0131sa bir slogan belirlemek i\u00e7in bu \u00fccretsiz \u00f6zelle\u015ftirilebilir \u015fablonu kullan\u0131n. Bu sizin ana \"var olma sebebiniz\" olarak g\u00f6r\u00fclmelidir.","inLanguage":"tr","potentialAction":[{"@type":"ReadAction","target":["https:\/\/sales-ai-agents.com\/tr\/templates\/personal-mission-statement\/"]}]},{"@type":"ImageObject","inLanguage":"tr","@id":"https:\/\/sales-ai-agents.com\/tr\/templates\/personal-mission-statement\/#primaryimage","url":"https:\/\/sales-ai-agents.com\/wp-content\/uploads\/2022\/09\/Personal-Mission-Statement-Template.png","contentUrl":"https:\/\/sales-ai-agents.com\/wp-content\/uploads\/2022\/09\/Personal-Mission-Statement-Template.png","width":1700,"height":1100},{"@type":"WebSite","@id":"https:\/\/sales-ai-agents.com\/#website","url":"https:\/\/sales-ai-agents.com\/","name":"FuseBase","description":"Sales AI Agents - Free Online Collaboration Software for Remote Teams. Build your wikis, client portals and more with the Nimbus Platform collaboration tool ? A perfect space for online work","publisher":{"@id":"https:\/\/sales-ai-agents.com\/#organization"},"potentialAction":[{"@type":"SearchAction","target":{"@type":"EntryPoint","urlTemplate":"https:\/\/sales-ai-agents.com\/?s={search_term_string}"},"query-input":{"@type":"PropertyValueSpecification","valueRequired":true,"valueName":"search_term_string"}}],"inLanguage":"tr"},{"@type":"Organization","@id":"https:\/\/sales-ai-agents.com\/#organization","name":"FuseBase","url":"https:\/\/sales-ai-agents.com\/","logo":{"@type":"ImageObject","inLanguage":"tr","@id":"https:\/\/sales-ai-agents.com\/#\/schema\/logo\/image\/","url":"https:\/\/sales-ai-agents.com\/wp-content\/uploads\/2023\/11\/icon-7.svg","contentUrl":"https:\/\/sales-ai-agents.com\/wp-content\/uploads\/2023\/11\/icon-7.svg","width":128,"height":128,"caption":"FuseBase"},"image":{"@id":"https:\/\/sales-ai-agents.com\/#\/schema\/logo\/image\/"}}]}},"_links":{"self":[{"href":"https:\/\/sales-ai-agents.com\/tr\/wp-json\/wp\/v2\/product\/58304","targetHints":{"allow":["GET"]}}],"collection":[{"href":"https:\/\/sales-ai-agents.com\/tr\/wp-json\/wp\/v2\/product"}],"about":[{"href":"https:\/\/sales-ai-agents.com\/tr\/wp-json\/wp\/v2\/types\/product"}],"wp:featuredmedia":[{"embeddable":true,"href":"https:\/\/sales-ai-agents.com\/tr\/wp-json\/wp\/v2\/media\/58305"}],"wp:attachment":[{"href":"https:\/\/sales-ai-agents.com\/tr\/wp-json\/wp\/v2\/media?parent=58304"}],"wp:term":[{"taxonomy":"product_brand","embeddable":true,"href":"https:\/\/sales-ai-agents.com\/tr\/wp-json\/wp\/v2\/product_brand?post=58304"},{"taxonomy":"product_cat","embeddable":true,"href":"https:\/\/sales-ai-agents.com\/tr\/wp-json\/wp\/v2\/product_cat?post=58304"},{"taxonomy":"product_tag","embeddable":true,"href":"https:\/\/sales-ai-agents.com\/tr\/wp-json\/wp\/v2\/product_tag?post=58304"}],"curies":[{"name":"wp","href":"https:\/\/api.w.org\/{rel}","templated":true}]}}