{"id":58324,"date":"2022-09-26T11:53:19","date_gmt":"2022-09-26T11:53:19","guid":{"rendered":"https:\/\/sales-ai-agents.com\/templates\/family-budget\/"},"modified":"2023-12-31T16:32:04","modified_gmt":"2023-12-31T16:32:04","slug":"family-budget","status":"publish","type":"product","link":"https:\/\/sales-ai-agents.com\/tr\/templates\/family-budget\/","title":{"rendered":"Aile B\u00fct\u00e7esi"},"content":{"rendered":"<p>&nbsp;<\/p>\n<h2>Aile B\u00fct\u00e7esi \u015eablonu<\/h2>\n<p class=\"desc-text\">Evinizde \u00f6demeniz gereken \u00e7ok say\u0131da masraf varsa, her \u015feyi y\u00f6netmek g\u00f6z korkutucu olabilir. Nereden ba\u015flayaca\u011f\u0131n\u0131z\u0131 bilmiyorsan\u0131z b\u00fct\u00e7e yapmak ve faturalar\u0131 takip etmek zor olabilir; ancak endi\u015felenmeyin, \u00e7\u00fcnk\u00fc size yard\u0131mc\u0131 olmak i\u00e7in buraday\u0131z. \u00d6demelerinizi d\u00fczenlemeye ba\u015flamak i\u00e7in aile b\u00fct\u00e7esi \u015fablonumuza bir g\u00f6z at\u0131n. Her bir giderinizi kategorize etmek ve b\u00fct\u00e7elemek i\u00e7in bu \u015fablonu kullan\u0131n. Bu \u015fablon, bilgileri yap\u0131land\u0131rmak i\u00e7in g\u00f6rsel olarak \u00e7ekici, renk kodlu tablolar i\u00e7erir. Her bir gider i\u00e7in \u00f6ng\u00f6r\u00fclen ve ger\u00e7ekle\u015fen tutarlar\u0131 listeleyin ve ard\u0131ndan aradaki fark\u0131 hesaplay\u0131n. Her \u015feyi d\u00fczenli tablolar halinde ortaya koyarak, paran\u0131z\u0131n tam olarak nereye gitti\u011fini bildi\u011finizden emin olabilirsiniz.<\/p>\n<h2>Nas\u0131l kullan\u0131l\u0131r?<\/h2>\n<ul class=\"desc-item_list\">\n<li class=\"desc-item_list__point\">Her bir gider i\u00e7in b\u00fct\u00e7elenen tutar\u0131 listeleyin<\/li>\n<li class=\"desc-item_list__point\">Harcanan ger\u00e7ek tutar\u0131 doldurun<\/li>\n<li class=\"desc-item_list__point\">Fark\u0131 hesaplay\u0131n<\/li>\n<li class=\"desc-item_list__point\">Harcamalar hakk\u0131nda notlar ekleyin<\/li>\n<li class=\"desc-item_list__point\">Her ay\u0131n sonunda b\u00fct\u00e7enizi de\u011ferlendirin<\/li>\n<\/ul>\n","protected":false},"excerpt":{"rendered":"<p>Nereden ba\u015flayaca\u011f\u0131n\u0131z\u0131 bilmiyorsan\u0131z b\u00fct\u00e7e yapmak ve faturalar\u0131 takip etmek zor olabilir. \u00d6demelerinizi d\u00fczenlemek i\u00e7in bir aile b\u00fct\u00e7esi \u015fablonuna g\u00f6z at\u0131n.<\/p>\n","protected":false},"featured_media":58326,"template":"","meta":{"_acf_changed":false,"inline_featured_image":false},"product_brand":[],"product_cat":[257,273],"product_tag":[],"class_list":{"0":"post-58324","1":"product","2":"type-product","3":"status-publish","4":"has-post-thumbnail","6":"product_cat-personal","7":"product_cat-personal-money","9":"first","10":"instock","11":"virtual","12":"sold-individually","13":"product-type-simple"},"acf":[],"yoast_head":"<!-- This site is optimized with the Yoast SEO plugin v25.3.1 - https:\/\/yoast.com\/wordpress\/plugins\/seo\/ -->\n<title>Aile B\u00fct\u00e7esi \u015eablonu - Sales AI Agents<\/title>\n<meta name=\"description\" content=\"Nereden ba\u015flayaca\u011f\u0131n\u0131z\u0131 bilmiyorsan\u0131z b\u00fct\u00e7e yapmak ve faturalar\u0131 takip etmek zor olabilir. \u00d6demelerinizi d\u00fczenlemek i\u00e7in bir aile b\u00fct\u00e7esi \u015fablonuna g\u00f6z at\u0131n.\" \/>\n<meta name=\"robots\" content=\"index, follow, max-snippet:-1, max-image-preview:large, max-video-preview:-1\" \/>\n<link rel=\"canonical\" href=\"https:\/\/sales-ai-agents.com\/tr\/templates\/family-budget\/\" \/>\n<meta property=\"og:locale\" content=\"tr_TR\" \/>\n<meta property=\"og:type\" content=\"article\" \/>\n<meta property=\"og:title\" content=\"Aile B\u00fct\u00e7esi \u015eablonu - Sales AI Agents\" \/>\n<meta property=\"og:description\" content=\"Nereden ba\u015flayaca\u011f\u0131n\u0131z\u0131 bilmiyorsan\u0131z b\u00fct\u00e7e yapmak ve faturalar\u0131 takip etmek zor olabilir. \u00d6demelerinizi d\u00fczenlemek i\u00e7in bir aile b\u00fct\u00e7esi \u015fablonuna g\u00f6z at\u0131n.\" \/>\n<meta property=\"og:url\" content=\"https:\/\/sales-ai-agents.com\/tr\/templates\/family-budget\/\" \/>\n<meta property=\"og:site_name\" content=\"Sales AI Agents\" \/>\n<meta property=\"article:modified_time\" content=\"2023-12-31T16:32:04+00:00\" \/>\n<meta property=\"og:image\" content=\"https:\/\/sales-ai-agents.com\/wp-content\/uploads\/2022\/09\/Family-Budget-Template.png\" \/>\n\t<meta property=\"og:image:width\" content=\"1700\" \/>\n\t<meta property=\"og:image:height\" content=\"1100\" \/>\n\t<meta property=\"og:image:type\" content=\"image\/png\" \/>\n<meta name=\"twitter:card\" content=\"summary_large_image\" \/>\n<script type=\"application\/ld+json\" class=\"yoast-schema-graph\">{\"@context\":\"https:\/\/schema.org\",\"@graph\":[{\"@type\":\"WebPage\",\"@id\":\"https:\/\/sales-ai-agents.com\/tr\/templates\/family-budget\/\",\"url\":\"https:\/\/sales-ai-agents.com\/tr\/templates\/family-budget\/\",\"name\":\"Aile B\u00fct\u00e7esi \u015eablonu - Sales AI Agents\",\"isPartOf\":{\"@id\":\"https:\/\/sales-ai-agents.com\/#website\"},\"primaryImageOfPage\":{\"@id\":\"https:\/\/sales-ai-agents.com\/tr\/templates\/family-budget\/#primaryimage\"},\"image\":{\"@id\":\"https:\/\/sales-ai-agents.com\/tr\/templates\/family-budget\/#primaryimage\"},\"thumbnailUrl\":\"https:\/\/sales-ai-agents.com\/wp-content\/uploads\/2022\/09\/Family-Budget-Template.png\",\"datePublished\":\"2022-09-26T11:53:19+00:00\",\"dateModified\":\"2023-12-31T16:32:04+00:00\",\"description\":\"Nereden ba\u015flayaca\u011f\u0131n\u0131z\u0131 bilmiyorsan\u0131z b\u00fct\u00e7e yapmak ve faturalar\u0131 takip etmek zor olabilir. \u00d6demelerinizi d\u00fczenlemek i\u00e7in bir aile b\u00fct\u00e7esi \u015fablonuna g\u00f6z at\u0131n.\",\"inLanguage\":\"tr\",\"potentialAction\":[{\"@type\":\"ReadAction\",\"target\":[\"https:\/\/sales-ai-agents.com\/tr\/templates\/family-budget\/\"]}]},{\"@type\":\"ImageObject\",\"inLanguage\":\"tr\",\"@id\":\"https:\/\/sales-ai-agents.com\/tr\/templates\/family-budget\/#primaryimage\",\"url\":\"https:\/\/sales-ai-agents.com\/wp-content\/uploads\/2022\/09\/Family-Budget-Template.png\",\"contentUrl\":\"https:\/\/sales-ai-agents.com\/wp-content\/uploads\/2022\/09\/Family-Budget-Template.png\",\"width\":1700,\"height\":1100},{\"@type\":\"WebSite\",\"@id\":\"https:\/\/sales-ai-agents.com\/#website\",\"url\":\"https:\/\/sales-ai-agents.com\/\",\"name\":\"FuseBase\",\"description\":\"Sales AI Agents - Free Online Collaboration Software for Remote Teams. Build your wikis, client portals and more with the Nimbus Platform collaboration tool ? A perfect space for online work\",\"publisher\":{\"@id\":\"https:\/\/sales-ai-agents.com\/#organization\"},\"potentialAction\":[{\"@type\":\"SearchAction\",\"target\":{\"@type\":\"EntryPoint\",\"urlTemplate\":\"https:\/\/sales-ai-agents.com\/?s={search_term_string}\"},\"query-input\":{\"@type\":\"PropertyValueSpecification\",\"valueRequired\":true,\"valueName\":\"search_term_string\"}}],\"inLanguage\":\"tr\"},{\"@type\":\"Organization\",\"@id\":\"https:\/\/sales-ai-agents.com\/#organization\",\"name\":\"FuseBase\",\"url\":\"https:\/\/sales-ai-agents.com\/\",\"logo\":{\"@type\":\"ImageObject\",\"inLanguage\":\"tr\",\"@id\":\"https:\/\/sales-ai-agents.com\/#\/schema\/logo\/image\/\",\"url\":\"https:\/\/sales-ai-agents.com\/wp-content\/uploads\/2023\/11\/icon-7.svg\",\"contentUrl\":\"https:\/\/sales-ai-agents.com\/wp-content\/uploads\/2023\/11\/icon-7.svg\",\"width\":128,\"height\":128,\"caption\":\"FuseBase\"},\"image\":{\"@id\":\"https:\/\/sales-ai-agents.com\/#\/schema\/logo\/image\/\"}}]}<\/script>\n<!-- \/ Yoast SEO plugin. -->","yoast_head_json":{"title":"Aile B\u00fct\u00e7esi \u015eablonu - Sales AI Agents","description":"Nereden ba\u015flayaca\u011f\u0131n\u0131z\u0131 bilmiyorsan\u0131z b\u00fct\u00e7e yapmak ve faturalar\u0131 takip etmek zor olabilir. \u00d6demelerinizi d\u00fczenlemek i\u00e7in bir aile b\u00fct\u00e7esi \u015fablonuna g\u00f6z at\u0131n.","robots":{"index":"index","follow":"follow","max-snippet":"max-snippet:-1","max-image-preview":"max-image-preview:large","max-video-preview":"max-video-preview:-1"},"canonical":"https:\/\/sales-ai-agents.com\/tr\/templates\/family-budget\/","og_locale":"tr_TR","og_type":"article","og_title":"Aile B\u00fct\u00e7esi \u015eablonu - Sales AI Agents","og_description":"Nereden ba\u015flayaca\u011f\u0131n\u0131z\u0131 bilmiyorsan\u0131z b\u00fct\u00e7e yapmak ve faturalar\u0131 takip etmek zor olabilir. \u00d6demelerinizi d\u00fczenlemek i\u00e7in bir aile b\u00fct\u00e7esi \u015fablonuna g\u00f6z at\u0131n.","og_url":"https:\/\/sales-ai-agents.com\/tr\/templates\/family-budget\/","og_site_name":"Sales AI Agents","article_modified_time":"2023-12-31T16:32:04+00:00","og_image":[{"width":1700,"height":1100,"url":"https:\/\/sales-ai-agents.com\/wp-content\/uploads\/2022\/09\/Family-Budget-Template.png","type":"image\/png"}],"twitter_card":"summary_large_image","schema":{"@context":"https:\/\/schema.org","@graph":[{"@type":"WebPage","@id":"https:\/\/sales-ai-agents.com\/tr\/templates\/family-budget\/","url":"https:\/\/sales-ai-agents.com\/tr\/templates\/family-budget\/","name":"Aile B\u00fct\u00e7esi \u015eablonu - Sales AI Agents","isPartOf":{"@id":"https:\/\/sales-ai-agents.com\/#website"},"primaryImageOfPage":{"@id":"https:\/\/sales-ai-agents.com\/tr\/templates\/family-budget\/#primaryimage"},"image":{"@id":"https:\/\/sales-ai-agents.com\/tr\/templates\/family-budget\/#primaryimage"},"thumbnailUrl":"https:\/\/sales-ai-agents.com\/wp-content\/uploads\/2022\/09\/Family-Budget-Template.png","datePublished":"2022-09-26T11:53:19+00:00","dateModified":"2023-12-31T16:32:04+00:00","description":"Nereden ba\u015flayaca\u011f\u0131n\u0131z\u0131 bilmiyorsan\u0131z b\u00fct\u00e7e yapmak ve faturalar\u0131 takip etmek zor olabilir. \u00d6demelerinizi d\u00fczenlemek i\u00e7in bir aile b\u00fct\u00e7esi \u015fablonuna g\u00f6z at\u0131n.","inLanguage":"tr","potentialAction":[{"@type":"ReadAction","target":["https:\/\/sales-ai-agents.com\/tr\/templates\/family-budget\/"]}]},{"@type":"ImageObject","inLanguage":"tr","@id":"https:\/\/sales-ai-agents.com\/tr\/templates\/family-budget\/#primaryimage","url":"https:\/\/sales-ai-agents.com\/wp-content\/uploads\/2022\/09\/Family-Budget-Template.png","contentUrl":"https:\/\/sales-ai-agents.com\/wp-content\/uploads\/2022\/09\/Family-Budget-Template.png","width":1700,"height":1100},{"@type":"WebSite","@id":"https:\/\/sales-ai-agents.com\/#website","url":"https:\/\/sales-ai-agents.com\/","name":"FuseBase","description":"Sales AI Agents - Free Online Collaboration Software for Remote Teams. Build your wikis, client portals and more with the Nimbus Platform collaboration tool ? A perfect space for online work","publisher":{"@id":"https:\/\/sales-ai-agents.com\/#organization"},"potentialAction":[{"@type":"SearchAction","target":{"@type":"EntryPoint","urlTemplate":"https:\/\/sales-ai-agents.com\/?s={search_term_string}"},"query-input":{"@type":"PropertyValueSpecification","valueRequired":true,"valueName":"search_term_string"}}],"inLanguage":"tr"},{"@type":"Organization","@id":"https:\/\/sales-ai-agents.com\/#organization","name":"FuseBase","url":"https:\/\/sales-ai-agents.com\/","logo":{"@type":"ImageObject","inLanguage":"tr","@id":"https:\/\/sales-ai-agents.com\/#\/schema\/logo\/image\/","url":"https:\/\/sales-ai-agents.com\/wp-content\/uploads\/2023\/11\/icon-7.svg","contentUrl":"https:\/\/sales-ai-agents.com\/wp-content\/uploads\/2023\/11\/icon-7.svg","width":128,"height":128,"caption":"FuseBase"},"image":{"@id":"https:\/\/sales-ai-agents.com\/#\/schema\/logo\/image\/"}}]}},"_links":{"self":[{"href":"https:\/\/sales-ai-agents.com\/tr\/wp-json\/wp\/v2\/product\/58324","targetHints":{"allow":["GET"]}}],"collection":[{"href":"https:\/\/sales-ai-agents.com\/tr\/wp-json\/wp\/v2\/product"}],"about":[{"href":"https:\/\/sales-ai-agents.com\/tr\/wp-json\/wp\/v2\/types\/product"}],"wp:featuredmedia":[{"embeddable":true,"href":"https:\/\/sales-ai-agents.com\/tr\/wp-json\/wp\/v2\/media\/58326"}],"wp:attachment":[{"href":"https:\/\/sales-ai-agents.com\/tr\/wp-json\/wp\/v2\/media?parent=58324"}],"wp:term":[{"taxonomy":"product_brand","embeddable":true,"href":"https:\/\/sales-ai-agents.com\/tr\/wp-json\/wp\/v2\/product_brand?post=58324"},{"taxonomy":"product_cat","embeddable":true,"href":"https:\/\/sales-ai-agents.com\/tr\/wp-json\/wp\/v2\/product_cat?post=58324"},{"taxonomy":"product_tag","embeddable":true,"href":"https:\/\/sales-ai-agents.com\/tr\/wp-json\/wp\/v2\/product_tag?post=58324"}],"curies":[{"name":"wp","href":"https:\/\/api.w.org\/{rel}","templated":true}]}}