{"id":58329,"date":"2022-09-26T11:53:15","date_gmt":"2022-09-26T11:53:15","guid":{"rendered":"https:\/\/sales-ai-agents.com\/templates\/competitor\/"},"modified":"2023-12-31T17:53:58","modified_gmt":"2023-12-31T17:53:58","slug":"competitor","status":"publish","type":"product","link":"https:\/\/sales-ai-agents.com\/tr\/templates\/competitor\/","title":{"rendered":"Rakip \u015eablonu"},"content":{"rendered":"<p>&nbsp;<\/p>\n<h2>Rakip \u015eablonu<\/h2>\n<p class=\"desc-text\">Rakipleriniz hakk\u0131ndaki bilgileri d\u00fczenlemek i\u00e7in bu \u015fablonu kullan\u0131n. Rakibinizin bir profilini olu\u015fturun ve temel \u00f6zelliklerini, misyonunu ve yeteneklerini listeleyin. Stratejilerini analiz edin ve sosyal medya veya \u00e7evrimi\u00e7i reklamc\u0131l\u0131k gibi farkl\u0131 ara\u00e7lar\u0131 nas\u0131l kulland\u0131klar\u0131na dikkat edin. Markan\u0131z i\u00e7in strateji olu\u015fturmak amac\u0131yla tekliflerini kapsaml\u0131 bir \u015fekilde analiz edin.<\/p>\n<h5>Nas\u0131l kullan\u0131l\u0131r?<\/h5>\n<ul class=\"desc-item_list\">\n<li class=\"desc-item_list__point\">Rakibinizle ilgili \u00f6nemli ayr\u0131nt\u0131lar\u0131 ekleyin<\/li>\n<li class=\"desc-item_list__point\">\u00dcr\u00fcn\u00fcn\u00fcz\u00fcn nas\u0131l farkl\u0131la\u015ft\u0131\u011f\u0131n\u0131 listeleyin<\/li>\n<li class=\"desc-item_list__point\">Siz ve rakipleriniz aras\u0131ndaki hedef pazarlar\u0131 kar\u015f\u0131la\u015ft\u0131r\u0131n<\/li>\n<li class=\"desc-item_list__point\">\u00dcr\u00fcn\u00fcn\u00fcz\u00fcn g\u00fc\u00e7l\u00fc ve zay\u0131f y\u00f6nlerini, f\u0131rsatlar\u0131n\u0131 ve tehditlerini analiz edin<\/li>\n<\/ul>\n","protected":false},"excerpt":{"rendered":"<p>Rakipleriniz hakk\u0131ndaki bilgileri d\u00fczenlemek i\u00e7in bu \u015fablonu kullan\u0131n. Rakibinizin bir profilini olu\u015fturun ve temel \u00f6zelliklerini, misyonunu ve yeteneklerini listeleyin.<\/p>\n","protected":false},"featured_media":58330,"template":"","meta":{"_acf_changed":false,"inline_featured_image":false},"product_brand":[],"product_cat":[250,258],"product_tag":[232],"class_list":{"0":"post-58329","1":"product","2":"type-product","3":"status-publish","4":"has-post-thumbnail","6":"product_cat-marketing","7":"product_cat-marketing-analysis","8":"product_tag-hit","10":"first","11":"instock","12":"virtual","13":"sold-individually","14":"product-type-simple"},"acf":[],"yoast_head":"<!-- This site is optimized with the Yoast SEO plugin v25.3.1 - https:\/\/yoast.com\/wordpress\/plugins\/seo\/ -->\n<title>Rakip \u015eablonu - Sales AI Agents<\/title>\n<meta name=\"description\" content=\"Rakibinizin bir profilini olu\u015fturun ve temel \u00f6zelliklerini, misyonunu ve yeteneklerini listeleyin. Nimbus \u015fablonu ile rekabetiniz hakk\u0131ndaki bilgileri d\u00fczenleyin\" \/>\n<meta name=\"robots\" content=\"index, follow, max-snippet:-1, max-image-preview:large, max-video-preview:-1\" \/>\n<link rel=\"canonical\" href=\"https:\/\/sales-ai-agents.com\/tr\/templates\/competitor\/\" \/>\n<meta property=\"og:locale\" content=\"tr_TR\" \/>\n<meta property=\"og:type\" content=\"article\" \/>\n<meta property=\"og:title\" content=\"Rakip \u015eablonu - Sales AI Agents\" \/>\n<meta property=\"og:description\" content=\"Rakibinizin bir profilini olu\u015fturun ve temel \u00f6zelliklerini, misyonunu ve yeteneklerini listeleyin. Nimbus \u015fablonu ile rekabetiniz hakk\u0131ndaki bilgileri d\u00fczenleyin\" \/>\n<meta property=\"og:url\" content=\"https:\/\/sales-ai-agents.com\/tr\/templates\/competitor\/\" \/>\n<meta property=\"og:site_name\" content=\"Sales AI Agents\" \/>\n<meta property=\"article:modified_time\" content=\"2023-12-31T17:53:58+00:00\" \/>\n<meta property=\"og:image\" content=\"https:\/\/sales-ai-agents.com\/wp-content\/uploads\/2022\/09\/Competitor-Template-SWOT-Next-Steps.png\" \/>\n\t<meta property=\"og:image:width\" content=\"1700\" \/>\n\t<meta property=\"og:image:height\" content=\"1100\" \/>\n\t<meta property=\"og:image:type\" content=\"image\/png\" \/>\n<meta name=\"twitter:card\" content=\"summary_large_image\" \/>\n<script type=\"application\/ld+json\" class=\"yoast-schema-graph\">{\"@context\":\"https:\/\/schema.org\",\"@graph\":[{\"@type\":\"WebPage\",\"@id\":\"https:\/\/sales-ai-agents.com\/tr\/templates\/competitor\/\",\"url\":\"https:\/\/sales-ai-agents.com\/tr\/templates\/competitor\/\",\"name\":\"Rakip \u015eablonu - Sales AI Agents\",\"isPartOf\":{\"@id\":\"https:\/\/sales-ai-agents.com\/#website\"},\"primaryImageOfPage\":{\"@id\":\"https:\/\/sales-ai-agents.com\/tr\/templates\/competitor\/#primaryimage\"},\"image\":{\"@id\":\"https:\/\/sales-ai-agents.com\/tr\/templates\/competitor\/#primaryimage\"},\"thumbnailUrl\":\"https:\/\/sales-ai-agents.com\/wp-content\/uploads\/2022\/09\/Competitor-Template-SWOT-Next-Steps.png\",\"datePublished\":\"2022-09-26T11:53:15+00:00\",\"dateModified\":\"2023-12-31T17:53:58+00:00\",\"description\":\"Rakibinizin bir profilini olu\u015fturun ve temel \u00f6zelliklerini, misyonunu ve yeteneklerini listeleyin. Nimbus \u015fablonu ile rekabetiniz hakk\u0131ndaki bilgileri d\u00fczenleyin\",\"inLanguage\":\"tr\",\"potentialAction\":[{\"@type\":\"ReadAction\",\"target\":[\"https:\/\/sales-ai-agents.com\/tr\/templates\/competitor\/\"]}]},{\"@type\":\"ImageObject\",\"inLanguage\":\"tr\",\"@id\":\"https:\/\/sales-ai-agents.com\/tr\/templates\/competitor\/#primaryimage\",\"url\":\"https:\/\/sales-ai-agents.com\/wp-content\/uploads\/2022\/09\/Competitor-Template-SWOT-Next-Steps.png\",\"contentUrl\":\"https:\/\/sales-ai-agents.com\/wp-content\/uploads\/2022\/09\/Competitor-Template-SWOT-Next-Steps.png\",\"width\":1700,\"height\":1100},{\"@type\":\"WebSite\",\"@id\":\"https:\/\/sales-ai-agents.com\/#website\",\"url\":\"https:\/\/sales-ai-agents.com\/\",\"name\":\"FuseBase\",\"description\":\"Sales AI Agents - Free Online Collaboration Software for Remote Teams. Build your wikis, client portals and more with the Nimbus Platform collaboration tool ? A perfect space for online work\",\"publisher\":{\"@id\":\"https:\/\/sales-ai-agents.com\/#organization\"},\"potentialAction\":[{\"@type\":\"SearchAction\",\"target\":{\"@type\":\"EntryPoint\",\"urlTemplate\":\"https:\/\/sales-ai-agents.com\/?s={search_term_string}\"},\"query-input\":{\"@type\":\"PropertyValueSpecification\",\"valueRequired\":true,\"valueName\":\"search_term_string\"}}],\"inLanguage\":\"tr\"},{\"@type\":\"Organization\",\"@id\":\"https:\/\/sales-ai-agents.com\/#organization\",\"name\":\"FuseBase\",\"url\":\"https:\/\/sales-ai-agents.com\/\",\"logo\":{\"@type\":\"ImageObject\",\"inLanguage\":\"tr\",\"@id\":\"https:\/\/sales-ai-agents.com\/#\/schema\/logo\/image\/\",\"url\":\"https:\/\/sales-ai-agents.com\/wp-content\/uploads\/2023\/11\/icon-7.svg\",\"contentUrl\":\"https:\/\/sales-ai-agents.com\/wp-content\/uploads\/2023\/11\/icon-7.svg\",\"width\":128,\"height\":128,\"caption\":\"FuseBase\"},\"image\":{\"@id\":\"https:\/\/sales-ai-agents.com\/#\/schema\/logo\/image\/\"}}]}<\/script>\n<!-- \/ Yoast SEO plugin. -->","yoast_head_json":{"title":"Rakip \u015eablonu - Sales AI Agents","description":"Rakibinizin bir profilini olu\u015fturun ve temel \u00f6zelliklerini, misyonunu ve yeteneklerini listeleyin. Nimbus \u015fablonu ile rekabetiniz hakk\u0131ndaki bilgileri d\u00fczenleyin","robots":{"index":"index","follow":"follow","max-snippet":"max-snippet:-1","max-image-preview":"max-image-preview:large","max-video-preview":"max-video-preview:-1"},"canonical":"https:\/\/sales-ai-agents.com\/tr\/templates\/competitor\/","og_locale":"tr_TR","og_type":"article","og_title":"Rakip \u015eablonu - Sales AI Agents","og_description":"Rakibinizin bir profilini olu\u015fturun ve temel \u00f6zelliklerini, misyonunu ve yeteneklerini listeleyin. Nimbus \u015fablonu ile rekabetiniz hakk\u0131ndaki bilgileri d\u00fczenleyin","og_url":"https:\/\/sales-ai-agents.com\/tr\/templates\/competitor\/","og_site_name":"Sales AI Agents","article_modified_time":"2023-12-31T17:53:58+00:00","og_image":[{"width":1700,"height":1100,"url":"https:\/\/sales-ai-agents.com\/wp-content\/uploads\/2022\/09\/Competitor-Template-SWOT-Next-Steps.png","type":"image\/png"}],"twitter_card":"summary_large_image","schema":{"@context":"https:\/\/schema.org","@graph":[{"@type":"WebPage","@id":"https:\/\/sales-ai-agents.com\/tr\/templates\/competitor\/","url":"https:\/\/sales-ai-agents.com\/tr\/templates\/competitor\/","name":"Rakip \u015eablonu - Sales AI Agents","isPartOf":{"@id":"https:\/\/sales-ai-agents.com\/#website"},"primaryImageOfPage":{"@id":"https:\/\/sales-ai-agents.com\/tr\/templates\/competitor\/#primaryimage"},"image":{"@id":"https:\/\/sales-ai-agents.com\/tr\/templates\/competitor\/#primaryimage"},"thumbnailUrl":"https:\/\/sales-ai-agents.com\/wp-content\/uploads\/2022\/09\/Competitor-Template-SWOT-Next-Steps.png","datePublished":"2022-09-26T11:53:15+00:00","dateModified":"2023-12-31T17:53:58+00:00","description":"Rakibinizin bir profilini olu\u015fturun ve temel \u00f6zelliklerini, misyonunu ve yeteneklerini listeleyin. Nimbus \u015fablonu ile rekabetiniz hakk\u0131ndaki bilgileri d\u00fczenleyin","inLanguage":"tr","potentialAction":[{"@type":"ReadAction","target":["https:\/\/sales-ai-agents.com\/tr\/templates\/competitor\/"]}]},{"@type":"ImageObject","inLanguage":"tr","@id":"https:\/\/sales-ai-agents.com\/tr\/templates\/competitor\/#primaryimage","url":"https:\/\/sales-ai-agents.com\/wp-content\/uploads\/2022\/09\/Competitor-Template-SWOT-Next-Steps.png","contentUrl":"https:\/\/sales-ai-agents.com\/wp-content\/uploads\/2022\/09\/Competitor-Template-SWOT-Next-Steps.png","width":1700,"height":1100},{"@type":"WebSite","@id":"https:\/\/sales-ai-agents.com\/#website","url":"https:\/\/sales-ai-agents.com\/","name":"FuseBase","description":"Sales AI Agents - Free Online Collaboration Software for Remote Teams. Build your wikis, client portals and more with the Nimbus Platform collaboration tool ? A perfect space for online work","publisher":{"@id":"https:\/\/sales-ai-agents.com\/#organization"},"potentialAction":[{"@type":"SearchAction","target":{"@type":"EntryPoint","urlTemplate":"https:\/\/sales-ai-agents.com\/?s={search_term_string}"},"query-input":{"@type":"PropertyValueSpecification","valueRequired":true,"valueName":"search_term_string"}}],"inLanguage":"tr"},{"@type":"Organization","@id":"https:\/\/sales-ai-agents.com\/#organization","name":"FuseBase","url":"https:\/\/sales-ai-agents.com\/","logo":{"@type":"ImageObject","inLanguage":"tr","@id":"https:\/\/sales-ai-agents.com\/#\/schema\/logo\/image\/","url":"https:\/\/sales-ai-agents.com\/wp-content\/uploads\/2023\/11\/icon-7.svg","contentUrl":"https:\/\/sales-ai-agents.com\/wp-content\/uploads\/2023\/11\/icon-7.svg","width":128,"height":128,"caption":"FuseBase"},"image":{"@id":"https:\/\/sales-ai-agents.com\/#\/schema\/logo\/image\/"}}]}},"_links":{"self":[{"href":"https:\/\/sales-ai-agents.com\/tr\/wp-json\/wp\/v2\/product\/58329","targetHints":{"allow":["GET"]}}],"collection":[{"href":"https:\/\/sales-ai-agents.com\/tr\/wp-json\/wp\/v2\/product"}],"about":[{"href":"https:\/\/sales-ai-agents.com\/tr\/wp-json\/wp\/v2\/types\/product"}],"wp:featuredmedia":[{"embeddable":true,"href":"https:\/\/sales-ai-agents.com\/tr\/wp-json\/wp\/v2\/media\/58330"}],"wp:attachment":[{"href":"https:\/\/sales-ai-agents.com\/tr\/wp-json\/wp\/v2\/media?parent=58329"}],"wp:term":[{"taxonomy":"product_brand","embeddable":true,"href":"https:\/\/sales-ai-agents.com\/tr\/wp-json\/wp\/v2\/product_brand?post=58329"},{"taxonomy":"product_cat","embeddable":true,"href":"https:\/\/sales-ai-agents.com\/tr\/wp-json\/wp\/v2\/product_cat?post=58329"},{"taxonomy":"product_tag","embeddable":true,"href":"https:\/\/sales-ai-agents.com\/tr\/wp-json\/wp\/v2\/product_tag?post=58329"}],"curies":[{"name":"wp","href":"https:\/\/api.w.org\/{rel}","templated":true}]}}