{"id":58339,"date":"2022-09-26T11:52:03","date_gmt":"2022-09-26T11:52:03","guid":{"rendered":"https:\/\/sales-ai-agents.com\/templates\/onboarding-feedback\/"},"modified":"2023-12-26T20:26:00","modified_gmt":"2023-12-26T20:26:00","slug":"onboarding-feedback","status":"publish","type":"product","link":"https:\/\/sales-ai-agents.com\/tr\/templates\/onboarding-feedback\/","title":{"rendered":"\u0130\u015fe Al\u0131m Geri Bildirimi"},"content":{"rendered":"<p>&nbsp;<\/p>\n<h2>\u0130\u015fe Al\u0131\u015ft\u0131rma Geri Bildirim \u015eablonu<\/h2>\n<p class=\"desc-text\">\u0130\u015fe al\u0131\u015ft\u0131rma, yeni i\u015fe al\u0131nanlar\u0131n i\u015flerini iyi yapabilmeleri i\u00e7in bilgi edinmelerine ve beceri geli\u015ftirmelerine yard\u0131mc\u0131 olur. Ayr\u0131ca yeni ofis ortamlar\u0131na al\u0131\u015fmalar\u0131na ve ekiplerine entegre olmalar\u0131na yard\u0131mc\u0131 olur. Etkili bir i\u015fe al\u0131m s\u00fcreci i\u00e7in geri bildirim gereklidir. Bu tamamen \u00f6zelle\u015ftirilebilir \u015fablon, yeni i\u015fe al\u0131nanlardan de\u011ferlendirme toplaman\u0131za olanak tan\u0131r. \u0130\u015fe al\u0131\u015ft\u0131rman\u0131n hangi y\u00f6nlerinin etkili oldu\u011funu ve hangilerinin olmad\u0131\u011f\u0131n\u0131 g\u00f6r\u00fcn. S\u00fcre\u00e7lerinizi iyile\u015ftirmek i\u00e7in geri bildirimleri kullan\u0131n.<\/p>\n<h5>Nas\u0131l kullan\u0131l\u0131r?<\/h5>\n<ul class=\"desc-item_list\">\n<li class=\"desc-item_list__point\">Soru veya ifade ekleyerek \u015fablonu \u00f6zelle\u015ftirin<\/li>\n<li class=\"desc-item_list__point\">\u015eablonu yeni bir i\u015fe al\u0131mla payla\u015f\u0131n<\/li>\n<li class=\"desc-item_list__point\">Her bir ifadeyi de\u011ferlendirmek i\u00e7in y\u0131ld\u0131z derecelendirme sistemini kullanmalar\u0131n\u0131 sa\u011flay\u0131n<\/li>\n<li class=\"desc-item_list__point\">Sorular\u0131 verilen bo\u015fluklara cevaplay\u0131n<\/li>\n<\/ul>\n","protected":false},"excerpt":{"rendered":"<p>Bu \u00f6zelle\u015ftirilebilir \u015fablon, yeni i\u015fe al\u0131nanlardan de\u011ferlendirme toplaman\u0131za olanak tan\u0131r. \u0130\u015fe al\u0131\u015ft\u0131rman\u0131n hangi y\u00f6nlerinin etkili oldu\u011funu ve hangilerinin bunu kullanmad\u0131\u011f\u0131n\u0131 g\u00f6r\u00fcn.<\/p>\n","protected":false},"featured_media":58340,"template":"","meta":{"_acf_changed":false,"inline_featured_image":false},"product_brand":[],"product_cat":[218],"product_tag":[],"class_list":{"0":"post-58339","1":"product","2":"type-product","3":"status-publish","4":"has-post-thumbnail","6":"product_cat-operations","8":"first","9":"instock","10":"virtual","11":"sold-individually","12":"product-type-simple"},"acf":[],"yoast_head":"<!-- This site is optimized with the Yoast SEO plugin v25.3.1 - https:\/\/yoast.com\/wordpress\/plugins\/seo\/ -->\n<title>\u0130\u015fe Al\u0131m Geri Bildirim \u015eablonu - Sales AI Agents<\/title>\n<meta name=\"description\" content=\"Bu \u00f6zelle\u015ftirilebilir \u015fablon, yeni i\u015fe al\u0131nanlardan de\u011ferlendirme toplaman\u0131za olanak tan\u0131r. \u0130\u015fe al\u0131\u015ft\u0131rman\u0131n hangi y\u00f6nlerinin etkili oldu\u011funu ve hangilerinin bunu kullanmad\u0131\u011f\u0131n\u0131 g\u00f6r\u00fcn.\" \/>\n<meta name=\"robots\" content=\"index, follow, max-snippet:-1, max-image-preview:large, max-video-preview:-1\" \/>\n<link rel=\"canonical\" href=\"https:\/\/sales-ai-agents.com\/tr\/templates\/onboarding-feedback\/\" \/>\n<meta property=\"og:locale\" content=\"tr_TR\" \/>\n<meta property=\"og:type\" content=\"article\" \/>\n<meta property=\"og:title\" content=\"\u0130\u015fe Al\u0131m Geri Bildirim \u015eablonu - Sales AI Agents\" \/>\n<meta property=\"og:description\" content=\"Bu \u00f6zelle\u015ftirilebilir \u015fablon, yeni i\u015fe al\u0131nanlardan de\u011ferlendirme toplaman\u0131za olanak tan\u0131r. \u0130\u015fe al\u0131\u015ft\u0131rman\u0131n hangi y\u00f6nlerinin etkili oldu\u011funu ve hangilerinin bunu kullanmad\u0131\u011f\u0131n\u0131 g\u00f6r\u00fcn.\" \/>\n<meta property=\"og:url\" content=\"https:\/\/sales-ai-agents.com\/tr\/templates\/onboarding-feedback\/\" \/>\n<meta property=\"og:site_name\" content=\"Sales AI Agents\" \/>\n<meta property=\"article:modified_time\" content=\"2023-12-26T20:26:00+00:00\" \/>\n<meta property=\"og:image\" content=\"https:\/\/sales-ai-agents.com\/wp-content\/uploads\/2023\/01\/image-preview124344.png\" \/>\n\t<meta property=\"og:image:width\" content=\"1078\" \/>\n\t<meta property=\"og:image:height\" content=\"1673\" \/>\n\t<meta property=\"og:image:type\" content=\"image\/png\" \/>\n<meta name=\"twitter:card\" content=\"summary_large_image\" \/>\n<script type=\"application\/ld+json\" class=\"yoast-schema-graph\">{\"@context\":\"https:\/\/schema.org\",\"@graph\":[{\"@type\":\"WebPage\",\"@id\":\"https:\/\/sales-ai-agents.com\/tr\/templates\/onboarding-feedback\/\",\"url\":\"https:\/\/sales-ai-agents.com\/tr\/templates\/onboarding-feedback\/\",\"name\":\"\u0130\u015fe Al\u0131m Geri Bildirim \u015eablonu - Sales AI Agents\",\"isPartOf\":{\"@id\":\"https:\/\/sales-ai-agents.com\/#website\"},\"primaryImageOfPage\":{\"@id\":\"https:\/\/sales-ai-agents.com\/tr\/templates\/onboarding-feedback\/#primaryimage\"},\"image\":{\"@id\":\"https:\/\/sales-ai-agents.com\/tr\/templates\/onboarding-feedback\/#primaryimage\"},\"thumbnailUrl\":\"https:\/\/sales-ai-agents.com\/wp-content\/uploads\/2023\/01\/image-preview124344.png\",\"datePublished\":\"2022-09-26T11:52:03+00:00\",\"dateModified\":\"2023-12-26T20:26:00+00:00\",\"description\":\"Bu \u00f6zelle\u015ftirilebilir \u015fablon, yeni i\u015fe al\u0131nanlardan de\u011ferlendirme toplaman\u0131za olanak tan\u0131r. \u0130\u015fe al\u0131\u015ft\u0131rman\u0131n hangi y\u00f6nlerinin etkili oldu\u011funu ve hangilerinin bunu kullanmad\u0131\u011f\u0131n\u0131 g\u00f6r\u00fcn.\",\"inLanguage\":\"tr\",\"potentialAction\":[{\"@type\":\"ReadAction\",\"target\":[\"https:\/\/sales-ai-agents.com\/tr\/templates\/onboarding-feedback\/\"]}]},{\"@type\":\"ImageObject\",\"inLanguage\":\"tr\",\"@id\":\"https:\/\/sales-ai-agents.com\/tr\/templates\/onboarding-feedback\/#primaryimage\",\"url\":\"https:\/\/sales-ai-agents.com\/wp-content\/uploads\/2023\/01\/image-preview124344.png\",\"contentUrl\":\"https:\/\/sales-ai-agents.com\/wp-content\/uploads\/2023\/01\/image-preview124344.png\",\"width\":1078,\"height\":1673},{\"@type\":\"WebSite\",\"@id\":\"https:\/\/sales-ai-agents.com\/#website\",\"url\":\"https:\/\/sales-ai-agents.com\/\",\"name\":\"FuseBase\",\"description\":\"Sales AI Agents - Free Online Collaboration Software for Remote Teams. Build your wikis, client portals and more with the Nimbus Platform collaboration tool ? A perfect space for online work\",\"publisher\":{\"@id\":\"https:\/\/sales-ai-agents.com\/#organization\"},\"potentialAction\":[{\"@type\":\"SearchAction\",\"target\":{\"@type\":\"EntryPoint\",\"urlTemplate\":\"https:\/\/sales-ai-agents.com\/?s={search_term_string}\"},\"query-input\":{\"@type\":\"PropertyValueSpecification\",\"valueRequired\":true,\"valueName\":\"search_term_string\"}}],\"inLanguage\":\"tr\"},{\"@type\":\"Organization\",\"@id\":\"https:\/\/sales-ai-agents.com\/#organization\",\"name\":\"FuseBase\",\"url\":\"https:\/\/sales-ai-agents.com\/\",\"logo\":{\"@type\":\"ImageObject\",\"inLanguage\":\"tr\",\"@id\":\"https:\/\/sales-ai-agents.com\/#\/schema\/logo\/image\/\",\"url\":\"https:\/\/sales-ai-agents.com\/wp-content\/uploads\/2023\/11\/icon-7.svg\",\"contentUrl\":\"https:\/\/sales-ai-agents.com\/wp-content\/uploads\/2023\/11\/icon-7.svg\",\"width\":128,\"height\":128,\"caption\":\"FuseBase\"},\"image\":{\"@id\":\"https:\/\/sales-ai-agents.com\/#\/schema\/logo\/image\/\"}}]}<\/script>\n<!-- \/ Yoast SEO plugin. -->","yoast_head_json":{"title":"\u0130\u015fe Al\u0131m Geri Bildirim \u015eablonu - Sales AI Agents","description":"Bu \u00f6zelle\u015ftirilebilir \u015fablon, yeni i\u015fe al\u0131nanlardan de\u011ferlendirme toplaman\u0131za olanak tan\u0131r. \u0130\u015fe al\u0131\u015ft\u0131rman\u0131n hangi y\u00f6nlerinin etkili oldu\u011funu ve hangilerinin bunu kullanmad\u0131\u011f\u0131n\u0131 g\u00f6r\u00fcn.","robots":{"index":"index","follow":"follow","max-snippet":"max-snippet:-1","max-image-preview":"max-image-preview:large","max-video-preview":"max-video-preview:-1"},"canonical":"https:\/\/sales-ai-agents.com\/tr\/templates\/onboarding-feedback\/","og_locale":"tr_TR","og_type":"article","og_title":"\u0130\u015fe Al\u0131m Geri Bildirim \u015eablonu - Sales AI Agents","og_description":"Bu \u00f6zelle\u015ftirilebilir \u015fablon, yeni i\u015fe al\u0131nanlardan de\u011ferlendirme toplaman\u0131za olanak tan\u0131r. \u0130\u015fe al\u0131\u015ft\u0131rman\u0131n hangi y\u00f6nlerinin etkili oldu\u011funu ve hangilerinin bunu kullanmad\u0131\u011f\u0131n\u0131 g\u00f6r\u00fcn.","og_url":"https:\/\/sales-ai-agents.com\/tr\/templates\/onboarding-feedback\/","og_site_name":"Sales AI Agents","article_modified_time":"2023-12-26T20:26:00+00:00","og_image":[{"width":1078,"height":1673,"url":"https:\/\/sales-ai-agents.com\/wp-content\/uploads\/2023\/01\/image-preview124344.png","type":"image\/png"}],"twitter_card":"summary_large_image","schema":{"@context":"https:\/\/schema.org","@graph":[{"@type":"WebPage","@id":"https:\/\/sales-ai-agents.com\/tr\/templates\/onboarding-feedback\/","url":"https:\/\/sales-ai-agents.com\/tr\/templates\/onboarding-feedback\/","name":"\u0130\u015fe Al\u0131m Geri Bildirim \u015eablonu - Sales AI Agents","isPartOf":{"@id":"https:\/\/sales-ai-agents.com\/#website"},"primaryImageOfPage":{"@id":"https:\/\/sales-ai-agents.com\/tr\/templates\/onboarding-feedback\/#primaryimage"},"image":{"@id":"https:\/\/sales-ai-agents.com\/tr\/templates\/onboarding-feedback\/#primaryimage"},"thumbnailUrl":"https:\/\/sales-ai-agents.com\/wp-content\/uploads\/2023\/01\/image-preview124344.png","datePublished":"2022-09-26T11:52:03+00:00","dateModified":"2023-12-26T20:26:00+00:00","description":"Bu \u00f6zelle\u015ftirilebilir \u015fablon, yeni i\u015fe al\u0131nanlardan de\u011ferlendirme toplaman\u0131za olanak tan\u0131r. \u0130\u015fe al\u0131\u015ft\u0131rman\u0131n hangi y\u00f6nlerinin etkili oldu\u011funu ve hangilerinin bunu kullanmad\u0131\u011f\u0131n\u0131 g\u00f6r\u00fcn.","inLanguage":"tr","potentialAction":[{"@type":"ReadAction","target":["https:\/\/sales-ai-agents.com\/tr\/templates\/onboarding-feedback\/"]}]},{"@type":"ImageObject","inLanguage":"tr","@id":"https:\/\/sales-ai-agents.com\/tr\/templates\/onboarding-feedback\/#primaryimage","url":"https:\/\/sales-ai-agents.com\/wp-content\/uploads\/2023\/01\/image-preview124344.png","contentUrl":"https:\/\/sales-ai-agents.com\/wp-content\/uploads\/2023\/01\/image-preview124344.png","width":1078,"height":1673},{"@type":"WebSite","@id":"https:\/\/sales-ai-agents.com\/#website","url":"https:\/\/sales-ai-agents.com\/","name":"FuseBase","description":"Sales AI Agents - Free Online Collaboration Software for Remote Teams. Build your wikis, client portals and more with the Nimbus Platform collaboration tool ? A perfect space for online work","publisher":{"@id":"https:\/\/sales-ai-agents.com\/#organization"},"potentialAction":[{"@type":"SearchAction","target":{"@type":"EntryPoint","urlTemplate":"https:\/\/sales-ai-agents.com\/?s={search_term_string}"},"query-input":{"@type":"PropertyValueSpecification","valueRequired":true,"valueName":"search_term_string"}}],"inLanguage":"tr"},{"@type":"Organization","@id":"https:\/\/sales-ai-agents.com\/#organization","name":"FuseBase","url":"https:\/\/sales-ai-agents.com\/","logo":{"@type":"ImageObject","inLanguage":"tr","@id":"https:\/\/sales-ai-agents.com\/#\/schema\/logo\/image\/","url":"https:\/\/sales-ai-agents.com\/wp-content\/uploads\/2023\/11\/icon-7.svg","contentUrl":"https:\/\/sales-ai-agents.com\/wp-content\/uploads\/2023\/11\/icon-7.svg","width":128,"height":128,"caption":"FuseBase"},"image":{"@id":"https:\/\/sales-ai-agents.com\/#\/schema\/logo\/image\/"}}]}},"_links":{"self":[{"href":"https:\/\/sales-ai-agents.com\/tr\/wp-json\/wp\/v2\/product\/58339","targetHints":{"allow":["GET"]}}],"collection":[{"href":"https:\/\/sales-ai-agents.com\/tr\/wp-json\/wp\/v2\/product"}],"about":[{"href":"https:\/\/sales-ai-agents.com\/tr\/wp-json\/wp\/v2\/types\/product"}],"wp:featuredmedia":[{"embeddable":true,"href":"https:\/\/sales-ai-agents.com\/tr\/wp-json\/wp\/v2\/media\/58340"}],"wp:attachment":[{"href":"https:\/\/sales-ai-agents.com\/tr\/wp-json\/wp\/v2\/media?parent=58339"}],"wp:term":[{"taxonomy":"product_brand","embeddable":true,"href":"https:\/\/sales-ai-agents.com\/tr\/wp-json\/wp\/v2\/product_brand?post=58339"},{"taxonomy":"product_cat","embeddable":true,"href":"https:\/\/sales-ai-agents.com\/tr\/wp-json\/wp\/v2\/product_cat?post=58339"},{"taxonomy":"product_tag","embeddable":true,"href":"https:\/\/sales-ai-agents.com\/tr\/wp-json\/wp\/v2\/product_tag?post=58339"}],"curies":[{"name":"wp","href":"https:\/\/api.w.org\/{rel}","templated":true}]}}