{"id":58343,"date":"2022-09-26T11:52:00","date_gmt":"2022-09-26T11:52:00","guid":{"rendered":"https:\/\/sales-ai-agents.com\/templates\/blog-posting-management\/"},"modified":"2023-12-31T17:41:13","modified_gmt":"2023-12-31T17:41:13","slug":"blog-posting-management","status":"publish","type":"product","link":"https:\/\/sales-ai-agents.com\/tr\/templates\/blog-posting-management\/","title":{"rendered":"Blog G\u00f6nderi Y\u00f6netimi"},"content":{"rendered":"<p>&nbsp;<\/p>\n<h2>Blog G\u00f6nderi Y\u00f6netimi \u015eablonu<\/h2>\n<p class=\"desc-text\">Bu i\u00e7erik y\u00f6netimi \u015fablonuyla pazarlama stratejilerinizi verimli tutun. Performans\u0131 takip etmek, yeni fikirler \u00fcretmek ve markan\u0131z ile hedef kitleniz i\u00e7in do\u011fru i\u00e7eri\u011fi olu\u015fturmak i\u00e7in bu \u015fablonu kullan\u0131n. Kitlenizin ilgisini \u00e7ekecek kaliteli i\u00e7erikler olu\u015fturmaya odaklanabilmeniz i\u00e7in her \u015feyi tek bir yerden kolayca takip edin. Herkesin i\u015fbirli\u011fi yapabilmesi i\u00e7in ekip arkada\u015flar\u0131n\u0131z\u0131 etiketleyin.<\/p>\n<h5>Nas\u0131l kullan\u0131l\u0131r?<\/h5>\n<ul class=\"desc-item_list\">\n<li class=\"desc-item_list__point\">Devam eden \u00e7al\u0131\u015fmalar\u0131 listeleyin<\/li>\n<li class=\"desc-item_list__point\">Hedef ki\u015fileri ve anahtar kelimeleri ekleyin<\/li>\n<li class=\"desc-item_list__point\">Durumu ilerledik\u00e7e g\u00fcncelleyin<\/li>\n<li class=\"desc-item_list__point\">Her bir madde i\u00e7in yazar atay\u0131n<\/li>\n<li class=\"desc-item_list__point\">Taslaklar ve revizyonlar i\u00e7in son tarihleri belirleyin<\/li>\n<li class=\"desc-item_list__point\">Tamamlamay\u0131 izlemek i\u00e7in onay kutular\u0131n\u0131 kullan\u0131n<\/li>\n<li class=\"desc-item_list__point\">Alt tabloda yeni fikirler olu\u015fturun<\/li>\n<li class=\"desc-item_list__point\">Ekibinizle beyin f\u0131rt\u0131nas\u0131 yap\u0131n ve her fikri kategorize edin<\/li>\n<\/ul>\n","protected":false},"excerpt":{"rendered":"<p>\u0130\u00e7erik y\u00f6netimi \u015fablonu ile pazarlama stratejilerinizi verimli tutun. Performans\u0131 takip etmek, hedef kitleniz i\u00e7in i\u00e7erik olu\u015fturmak ve daha fazlas\u0131 i\u00e7in bu \u015fablonu kullan\u0131n.<\/p>\n","protected":false},"featured_media":58344,"template":"","meta":{"_acf_changed":false,"inline_featured_image":false},"product_brand":[],"product_cat":[250,249],"product_tag":[],"class_list":{"0":"post-58343","1":"product","2":"type-product","3":"status-publish","4":"has-post-thumbnail","6":"product_cat-marketing","7":"product_cat-marketing-content","9":"first","10":"instock","11":"virtual","12":"sold-individually","13":"product-type-simple"},"acf":[],"yoast_head":"<!-- This site is optimized with the Yoast SEO plugin v25.3.1 - https:\/\/yoast.com\/wordpress\/plugins\/seo\/ -->\n<title>\u0130\u00e7erik Pazarlama Y\u00f6netimi \u015eablonu - Sales AI Agents<\/title>\n<meta name=\"description\" content=\"\u0130\u00e7erik y\u00f6netimi \u015fablonu ile pazarlama stratejilerinizi verimli tutun. Nimbus ile performans\u0131n\u0131z\u0131 takip edin ve hedef kitleniz i\u00e7in i\u00e7erik olu\u015fturun!\" \/>\n<meta name=\"robots\" content=\"index, follow, max-snippet:-1, max-image-preview:large, max-video-preview:-1\" \/>\n<link rel=\"canonical\" href=\"https:\/\/sales-ai-agents.com\/tr\/templates\/blog-posting-management\/\" \/>\n<meta property=\"og:locale\" content=\"tr_TR\" \/>\n<meta property=\"og:type\" content=\"article\" \/>\n<meta property=\"og:title\" content=\"\u0130\u00e7erik Pazarlama Y\u00f6netimi \u015eablonu - Sales AI Agents\" \/>\n<meta property=\"og:description\" content=\"\u0130\u00e7erik y\u00f6netimi \u015fablonu ile pazarlama stratejilerinizi verimli tutun. Nimbus ile performans\u0131n\u0131z\u0131 takip edin ve hedef kitleniz i\u00e7in i\u00e7erik olu\u015fturun!\" \/>\n<meta property=\"og:url\" content=\"https:\/\/sales-ai-agents.com\/tr\/templates\/blog-posting-management\/\" \/>\n<meta property=\"og:site_name\" content=\"Sales AI Agents\" \/>\n<meta property=\"article:modified_time\" content=\"2023-12-31T17:41:13+00:00\" \/>\n<meta property=\"og:image\" content=\"https:\/\/sales-ai-agents.com\/wp-content\/uploads\/2022\/09\/Blog-Posting-Management-Template.png\" \/>\n\t<meta property=\"og:image:width\" content=\"1700\" \/>\n\t<meta property=\"og:image:height\" content=\"1100\" \/>\n\t<meta property=\"og:image:type\" content=\"image\/png\" \/>\n<meta name=\"twitter:card\" content=\"summary_large_image\" \/>\n<script type=\"application\/ld+json\" class=\"yoast-schema-graph\">{\"@context\":\"https:\/\/schema.org\",\"@graph\":[{\"@type\":\"WebPage\",\"@id\":\"https:\/\/sales-ai-agents.com\/tr\/templates\/blog-posting-management\/\",\"url\":\"https:\/\/sales-ai-agents.com\/tr\/templates\/blog-posting-management\/\",\"name\":\"\u0130\u00e7erik Pazarlama Y\u00f6netimi \u015eablonu - Sales AI Agents\",\"isPartOf\":{\"@id\":\"https:\/\/sales-ai-agents.com\/#website\"},\"primaryImageOfPage\":{\"@id\":\"https:\/\/sales-ai-agents.com\/tr\/templates\/blog-posting-management\/#primaryimage\"},\"image\":{\"@id\":\"https:\/\/sales-ai-agents.com\/tr\/templates\/blog-posting-management\/#primaryimage\"},\"thumbnailUrl\":\"https:\/\/sales-ai-agents.com\/wp-content\/uploads\/2022\/09\/Blog-Posting-Management-Template.png\",\"datePublished\":\"2022-09-26T11:52:00+00:00\",\"dateModified\":\"2023-12-31T17:41:13+00:00\",\"description\":\"\u0130\u00e7erik y\u00f6netimi \u015fablonu ile pazarlama stratejilerinizi verimli tutun. Nimbus ile performans\u0131n\u0131z\u0131 takip edin ve hedef kitleniz i\u00e7in i\u00e7erik olu\u015fturun!\",\"inLanguage\":\"tr\",\"potentialAction\":[{\"@type\":\"ReadAction\",\"target\":[\"https:\/\/sales-ai-agents.com\/tr\/templates\/blog-posting-management\/\"]}]},{\"@type\":\"ImageObject\",\"inLanguage\":\"tr\",\"@id\":\"https:\/\/sales-ai-agents.com\/tr\/templates\/blog-posting-management\/#primaryimage\",\"url\":\"https:\/\/sales-ai-agents.com\/wp-content\/uploads\/2022\/09\/Blog-Posting-Management-Template.png\",\"contentUrl\":\"https:\/\/sales-ai-agents.com\/wp-content\/uploads\/2022\/09\/Blog-Posting-Management-Template.png\",\"width\":1700,\"height\":1100},{\"@type\":\"WebSite\",\"@id\":\"https:\/\/sales-ai-agents.com\/#website\",\"url\":\"https:\/\/sales-ai-agents.com\/\",\"name\":\"FuseBase\",\"description\":\"Sales AI Agents - Free Online Collaboration Software for Remote Teams. Build your wikis, client portals and more with the Nimbus Platform collaboration tool ? A perfect space for online work\",\"publisher\":{\"@id\":\"https:\/\/sales-ai-agents.com\/#organization\"},\"potentialAction\":[{\"@type\":\"SearchAction\",\"target\":{\"@type\":\"EntryPoint\",\"urlTemplate\":\"https:\/\/sales-ai-agents.com\/?s={search_term_string}\"},\"query-input\":{\"@type\":\"PropertyValueSpecification\",\"valueRequired\":true,\"valueName\":\"search_term_string\"}}],\"inLanguage\":\"tr\"},{\"@type\":\"Organization\",\"@id\":\"https:\/\/sales-ai-agents.com\/#organization\",\"name\":\"FuseBase\",\"url\":\"https:\/\/sales-ai-agents.com\/\",\"logo\":{\"@type\":\"ImageObject\",\"inLanguage\":\"tr\",\"@id\":\"https:\/\/sales-ai-agents.com\/#\/schema\/logo\/image\/\",\"url\":\"https:\/\/sales-ai-agents.com\/wp-content\/uploads\/2023\/11\/icon-7.svg\",\"contentUrl\":\"https:\/\/sales-ai-agents.com\/wp-content\/uploads\/2023\/11\/icon-7.svg\",\"width\":128,\"height\":128,\"caption\":\"FuseBase\"},\"image\":{\"@id\":\"https:\/\/sales-ai-agents.com\/#\/schema\/logo\/image\/\"}}]}<\/script>\n<!-- \/ Yoast SEO plugin. -->","yoast_head_json":{"title":"\u0130\u00e7erik Pazarlama Y\u00f6netimi \u015eablonu - Sales AI Agents","description":"\u0130\u00e7erik y\u00f6netimi \u015fablonu ile pazarlama stratejilerinizi verimli tutun. Nimbus ile performans\u0131n\u0131z\u0131 takip edin ve hedef kitleniz i\u00e7in i\u00e7erik olu\u015fturun!","robots":{"index":"index","follow":"follow","max-snippet":"max-snippet:-1","max-image-preview":"max-image-preview:large","max-video-preview":"max-video-preview:-1"},"canonical":"https:\/\/sales-ai-agents.com\/tr\/templates\/blog-posting-management\/","og_locale":"tr_TR","og_type":"article","og_title":"\u0130\u00e7erik Pazarlama Y\u00f6netimi \u015eablonu - Sales AI Agents","og_description":"\u0130\u00e7erik y\u00f6netimi \u015fablonu ile pazarlama stratejilerinizi verimli tutun. Nimbus ile performans\u0131n\u0131z\u0131 takip edin ve hedef kitleniz i\u00e7in i\u00e7erik olu\u015fturun!","og_url":"https:\/\/sales-ai-agents.com\/tr\/templates\/blog-posting-management\/","og_site_name":"Sales AI Agents","article_modified_time":"2023-12-31T17:41:13+00:00","og_image":[{"width":1700,"height":1100,"url":"https:\/\/sales-ai-agents.com\/wp-content\/uploads\/2022\/09\/Blog-Posting-Management-Template.png","type":"image\/png"}],"twitter_card":"summary_large_image","schema":{"@context":"https:\/\/schema.org","@graph":[{"@type":"WebPage","@id":"https:\/\/sales-ai-agents.com\/tr\/templates\/blog-posting-management\/","url":"https:\/\/sales-ai-agents.com\/tr\/templates\/blog-posting-management\/","name":"\u0130\u00e7erik Pazarlama Y\u00f6netimi \u015eablonu - Sales AI Agents","isPartOf":{"@id":"https:\/\/sales-ai-agents.com\/#website"},"primaryImageOfPage":{"@id":"https:\/\/sales-ai-agents.com\/tr\/templates\/blog-posting-management\/#primaryimage"},"image":{"@id":"https:\/\/sales-ai-agents.com\/tr\/templates\/blog-posting-management\/#primaryimage"},"thumbnailUrl":"https:\/\/sales-ai-agents.com\/wp-content\/uploads\/2022\/09\/Blog-Posting-Management-Template.png","datePublished":"2022-09-26T11:52:00+00:00","dateModified":"2023-12-31T17:41:13+00:00","description":"\u0130\u00e7erik y\u00f6netimi \u015fablonu ile pazarlama stratejilerinizi verimli tutun. Nimbus ile performans\u0131n\u0131z\u0131 takip edin ve hedef kitleniz i\u00e7in i\u00e7erik olu\u015fturun!","inLanguage":"tr","potentialAction":[{"@type":"ReadAction","target":["https:\/\/sales-ai-agents.com\/tr\/templates\/blog-posting-management\/"]}]},{"@type":"ImageObject","inLanguage":"tr","@id":"https:\/\/sales-ai-agents.com\/tr\/templates\/blog-posting-management\/#primaryimage","url":"https:\/\/sales-ai-agents.com\/wp-content\/uploads\/2022\/09\/Blog-Posting-Management-Template.png","contentUrl":"https:\/\/sales-ai-agents.com\/wp-content\/uploads\/2022\/09\/Blog-Posting-Management-Template.png","width":1700,"height":1100},{"@type":"WebSite","@id":"https:\/\/sales-ai-agents.com\/#website","url":"https:\/\/sales-ai-agents.com\/","name":"FuseBase","description":"Sales AI Agents - Free Online Collaboration Software for Remote Teams. Build your wikis, client portals and more with the Nimbus Platform collaboration tool ? A perfect space for online work","publisher":{"@id":"https:\/\/sales-ai-agents.com\/#organization"},"potentialAction":[{"@type":"SearchAction","target":{"@type":"EntryPoint","urlTemplate":"https:\/\/sales-ai-agents.com\/?s={search_term_string}"},"query-input":{"@type":"PropertyValueSpecification","valueRequired":true,"valueName":"search_term_string"}}],"inLanguage":"tr"},{"@type":"Organization","@id":"https:\/\/sales-ai-agents.com\/#organization","name":"FuseBase","url":"https:\/\/sales-ai-agents.com\/","logo":{"@type":"ImageObject","inLanguage":"tr","@id":"https:\/\/sales-ai-agents.com\/#\/schema\/logo\/image\/","url":"https:\/\/sales-ai-agents.com\/wp-content\/uploads\/2023\/11\/icon-7.svg","contentUrl":"https:\/\/sales-ai-agents.com\/wp-content\/uploads\/2023\/11\/icon-7.svg","width":128,"height":128,"caption":"FuseBase"},"image":{"@id":"https:\/\/sales-ai-agents.com\/#\/schema\/logo\/image\/"}}]}},"_links":{"self":[{"href":"https:\/\/sales-ai-agents.com\/tr\/wp-json\/wp\/v2\/product\/58343","targetHints":{"allow":["GET"]}}],"collection":[{"href":"https:\/\/sales-ai-agents.com\/tr\/wp-json\/wp\/v2\/product"}],"about":[{"href":"https:\/\/sales-ai-agents.com\/tr\/wp-json\/wp\/v2\/types\/product"}],"wp:featuredmedia":[{"embeddable":true,"href":"https:\/\/sales-ai-agents.com\/tr\/wp-json\/wp\/v2\/media\/58344"}],"wp:attachment":[{"href":"https:\/\/sales-ai-agents.com\/tr\/wp-json\/wp\/v2\/media?parent=58343"}],"wp:term":[{"taxonomy":"product_brand","embeddable":true,"href":"https:\/\/sales-ai-agents.com\/tr\/wp-json\/wp\/v2\/product_brand?post=58343"},{"taxonomy":"product_cat","embeddable":true,"href":"https:\/\/sales-ai-agents.com\/tr\/wp-json\/wp\/v2\/product_cat?post=58343"},{"taxonomy":"product_tag","embeddable":true,"href":"https:\/\/sales-ai-agents.com\/tr\/wp-json\/wp\/v2\/product_tag?post=58343"}],"curies":[{"name":"wp","href":"https:\/\/api.w.org\/{rel}","templated":true}]}}