{"id":58346,"date":"2022-09-26T11:51:56","date_gmt":"2022-09-26T11:51:56","guid":{"rendered":"https:\/\/sales-ai-agents.com\/templates\/troubleshooting-meeting\/"},"modified":"2023-12-31T17:44:20","modified_gmt":"2023-12-31T17:44:20","slug":"troubleshooting-meeting","status":"publish","type":"product","link":"https:\/\/sales-ai-agents.com\/tr\/templates\/troubleshooting-meeting\/","title":{"rendered":"Sorun Giderme Toplant\u0131s\u0131"},"content":{"rendered":"<p>&nbsp;<\/p>\n<h2>Sorun Giderme Toplant\u0131s\u0131 \u015eablonu<\/h2>\n<p class=\"desc-text\">Sorunlar ortaya \u00e7\u0131kt\u0131\u011f\u0131nda, \u00e7\u00f6z\u00fcm bulman\u0131n en iyi yolu bunlar\u0131 ekibinizle tart\u0131\u015fmakt\u0131r. Herkesin neler olup bitti\u011finden haberdar oldu\u011fundan emin olun. Hatalar\u0131n kayna\u011f\u0131n\u0131 bulmak i\u00e7in bu \u015fablonu kullan\u0131n ve hatalar\u0131n tekrarlanmas\u0131n\u0131 \u00f6nlemek i\u00e7in ekip arkada\u015flar\u0131n\u0131zla birlikte \u00e7al\u0131\u015f\u0131n.<\/p>\n<h5>Nas\u0131l kullan\u0131l\u0131r?<\/h5>\n<ul class=\"desc-item_list\">\n<li class=\"desc-item_list__point\">Ana hat sorunlar\u0131<\/li>\n<li class=\"desc-item_list__point\">Bunlar\u0131 d\u00fczeltmek i\u00e7in ad\u0131mlar\u0131 kaydedin<\/li>\n<li class=\"desc-item_list__point\">Yard\u0131mc\u0131 verileri, ekleri ve \u00f6l\u00e7\u00fcmleri ekleyin<\/li>\n<li class=\"desc-item_list__point\">Takip i\u00e7in g\u00f6revleri listeleyin<\/li>\n<\/ul>\n","protected":false},"excerpt":{"rendered":"<p>Sorun giderme toplant\u0131lar\u0131 i\u00e7in bu \u00fccretsiz \u00f6zelle\u015ftirilebilir \u015fablonu kullan\u0131n. Hatalar\u0131n kayna\u011f\u0131n\u0131 bulun ve tekrarlanmas\u0131n\u0131 \u00f6nlemek i\u00e7in ekip arkada\u015flar\u0131n\u0131zla birlikte \u00e7al\u0131\u015f\u0131n.<\/p>\n","protected":false},"featured_media":58347,"template":"","meta":{"_acf_changed":false,"inline_featured_image":false},"product_brand":[],"product_cat":[218,230],"product_tag":[],"class_list":{"0":"post-58346","1":"product","2":"type-product","3":"status-publish","4":"has-post-thumbnail","6":"product_cat-operations","7":"product_cat-meeting","9":"first","10":"instock","11":"virtual","12":"sold-individually","13":"product-type-simple"},"acf":[],"yoast_head":"<!-- This site is optimized with the Yoast SEO plugin v25.3.1 - https:\/\/yoast.com\/wordpress\/plugins\/seo\/ -->\n<title>Sorun Giderme Toplant\u0131s\u0131 \u015eablonu - Sales AI Agents<\/title>\n<meta name=\"description\" content=\"Sorun giderme toplant\u0131lar\u0131 i\u00e7in bu \u00fccretsiz \u00f6zelle\u015ftirilebilir \u015fablonu kullan\u0131n. Hatalar\u0131n kayna\u011f\u0131n\u0131 bulun ve tekrar olu\u015fmas\u0131n\u0131 \u00f6nleyin.\" \/>\n<meta name=\"robots\" content=\"index, follow, max-snippet:-1, max-image-preview:large, max-video-preview:-1\" \/>\n<link rel=\"canonical\" href=\"https:\/\/sales-ai-agents.com\/tr\/templates\/troubleshooting-meeting\/\" \/>\n<meta property=\"og:locale\" content=\"tr_TR\" \/>\n<meta property=\"og:type\" content=\"article\" \/>\n<meta property=\"og:title\" content=\"Sorun Giderme Toplant\u0131s\u0131 \u015eablonu - Sales AI Agents\" \/>\n<meta property=\"og:description\" content=\"Sorun giderme toplant\u0131lar\u0131 i\u00e7in bu \u00fccretsiz \u00f6zelle\u015ftirilebilir \u015fablonu kullan\u0131n. Hatalar\u0131n kayna\u011f\u0131n\u0131 bulun ve tekrar olu\u015fmas\u0131n\u0131 \u00f6nleyin.\" \/>\n<meta property=\"og:url\" content=\"https:\/\/sales-ai-agents.com\/tr\/templates\/troubleshooting-meeting\/\" \/>\n<meta property=\"og:site_name\" content=\"Sales AI Agents\" \/>\n<meta property=\"article:modified_time\" content=\"2023-12-31T17:44:20+00:00\" \/>\n<meta property=\"og:image\" content=\"https:\/\/sales-ai-agents.com\/wp-content\/uploads\/2022\/09\/Troubleshooting-Meeting-Template.png\" \/>\n\t<meta property=\"og:image:width\" content=\"1700\" \/>\n\t<meta property=\"og:image:height\" content=\"1100\" \/>\n\t<meta property=\"og:image:type\" content=\"image\/png\" \/>\n<meta name=\"twitter:card\" content=\"summary_large_image\" \/>\n<script type=\"application\/ld+json\" class=\"yoast-schema-graph\">{\"@context\":\"https:\/\/schema.org\",\"@graph\":[{\"@type\":\"WebPage\",\"@id\":\"https:\/\/sales-ai-agents.com\/tr\/templates\/troubleshooting-meeting\/\",\"url\":\"https:\/\/sales-ai-agents.com\/tr\/templates\/troubleshooting-meeting\/\",\"name\":\"Sorun Giderme Toplant\u0131s\u0131 \u015eablonu - Sales AI Agents\",\"isPartOf\":{\"@id\":\"https:\/\/sales-ai-agents.com\/#website\"},\"primaryImageOfPage\":{\"@id\":\"https:\/\/sales-ai-agents.com\/tr\/templates\/troubleshooting-meeting\/#primaryimage\"},\"image\":{\"@id\":\"https:\/\/sales-ai-agents.com\/tr\/templates\/troubleshooting-meeting\/#primaryimage\"},\"thumbnailUrl\":\"https:\/\/sales-ai-agents.com\/wp-content\/uploads\/2022\/09\/Troubleshooting-Meeting-Template.png\",\"datePublished\":\"2022-09-26T11:51:56+00:00\",\"dateModified\":\"2023-12-31T17:44:20+00:00\",\"description\":\"Sorun giderme toplant\u0131lar\u0131 i\u00e7in bu \u00fccretsiz \u00f6zelle\u015ftirilebilir \u015fablonu kullan\u0131n. Hatalar\u0131n kayna\u011f\u0131n\u0131 bulun ve tekrar olu\u015fmas\u0131n\u0131 \u00f6nleyin.\",\"inLanguage\":\"tr\",\"potentialAction\":[{\"@type\":\"ReadAction\",\"target\":[\"https:\/\/sales-ai-agents.com\/tr\/templates\/troubleshooting-meeting\/\"]}]},{\"@type\":\"ImageObject\",\"inLanguage\":\"tr\",\"@id\":\"https:\/\/sales-ai-agents.com\/tr\/templates\/troubleshooting-meeting\/#primaryimage\",\"url\":\"https:\/\/sales-ai-agents.com\/wp-content\/uploads\/2022\/09\/Troubleshooting-Meeting-Template.png\",\"contentUrl\":\"https:\/\/sales-ai-agents.com\/wp-content\/uploads\/2022\/09\/Troubleshooting-Meeting-Template.png\",\"width\":1700,\"height\":1100},{\"@type\":\"WebSite\",\"@id\":\"https:\/\/sales-ai-agents.com\/#website\",\"url\":\"https:\/\/sales-ai-agents.com\/\",\"name\":\"FuseBase\",\"description\":\"Sales AI Agents - Free Online Collaboration Software for Remote Teams. Build your wikis, client portals and more with the Nimbus Platform collaboration tool ? A perfect space for online work\",\"publisher\":{\"@id\":\"https:\/\/sales-ai-agents.com\/#organization\"},\"potentialAction\":[{\"@type\":\"SearchAction\",\"target\":{\"@type\":\"EntryPoint\",\"urlTemplate\":\"https:\/\/sales-ai-agents.com\/?s={search_term_string}\"},\"query-input\":{\"@type\":\"PropertyValueSpecification\",\"valueRequired\":true,\"valueName\":\"search_term_string\"}}],\"inLanguage\":\"tr\"},{\"@type\":\"Organization\",\"@id\":\"https:\/\/sales-ai-agents.com\/#organization\",\"name\":\"FuseBase\",\"url\":\"https:\/\/sales-ai-agents.com\/\",\"logo\":{\"@type\":\"ImageObject\",\"inLanguage\":\"tr\",\"@id\":\"https:\/\/sales-ai-agents.com\/#\/schema\/logo\/image\/\",\"url\":\"https:\/\/sales-ai-agents.com\/wp-content\/uploads\/2023\/11\/icon-7.svg\",\"contentUrl\":\"https:\/\/sales-ai-agents.com\/wp-content\/uploads\/2023\/11\/icon-7.svg\",\"width\":128,\"height\":128,\"caption\":\"FuseBase\"},\"image\":{\"@id\":\"https:\/\/sales-ai-agents.com\/#\/schema\/logo\/image\/\"}}]}<\/script>\n<!-- \/ Yoast SEO plugin. -->","yoast_head_json":{"title":"Sorun Giderme Toplant\u0131s\u0131 \u015eablonu - Sales AI Agents","description":"Sorun giderme toplant\u0131lar\u0131 i\u00e7in bu \u00fccretsiz \u00f6zelle\u015ftirilebilir \u015fablonu kullan\u0131n. Hatalar\u0131n kayna\u011f\u0131n\u0131 bulun ve tekrar olu\u015fmas\u0131n\u0131 \u00f6nleyin.","robots":{"index":"index","follow":"follow","max-snippet":"max-snippet:-1","max-image-preview":"max-image-preview:large","max-video-preview":"max-video-preview:-1"},"canonical":"https:\/\/sales-ai-agents.com\/tr\/templates\/troubleshooting-meeting\/","og_locale":"tr_TR","og_type":"article","og_title":"Sorun Giderme Toplant\u0131s\u0131 \u015eablonu - Sales AI Agents","og_description":"Sorun giderme toplant\u0131lar\u0131 i\u00e7in bu \u00fccretsiz \u00f6zelle\u015ftirilebilir \u015fablonu kullan\u0131n. Hatalar\u0131n kayna\u011f\u0131n\u0131 bulun ve tekrar olu\u015fmas\u0131n\u0131 \u00f6nleyin.","og_url":"https:\/\/sales-ai-agents.com\/tr\/templates\/troubleshooting-meeting\/","og_site_name":"Sales AI Agents","article_modified_time":"2023-12-31T17:44:20+00:00","og_image":[{"width":1700,"height":1100,"url":"https:\/\/sales-ai-agents.com\/wp-content\/uploads\/2022\/09\/Troubleshooting-Meeting-Template.png","type":"image\/png"}],"twitter_card":"summary_large_image","schema":{"@context":"https:\/\/schema.org","@graph":[{"@type":"WebPage","@id":"https:\/\/sales-ai-agents.com\/tr\/templates\/troubleshooting-meeting\/","url":"https:\/\/sales-ai-agents.com\/tr\/templates\/troubleshooting-meeting\/","name":"Sorun Giderme Toplant\u0131s\u0131 \u015eablonu - Sales AI Agents","isPartOf":{"@id":"https:\/\/sales-ai-agents.com\/#website"},"primaryImageOfPage":{"@id":"https:\/\/sales-ai-agents.com\/tr\/templates\/troubleshooting-meeting\/#primaryimage"},"image":{"@id":"https:\/\/sales-ai-agents.com\/tr\/templates\/troubleshooting-meeting\/#primaryimage"},"thumbnailUrl":"https:\/\/sales-ai-agents.com\/wp-content\/uploads\/2022\/09\/Troubleshooting-Meeting-Template.png","datePublished":"2022-09-26T11:51:56+00:00","dateModified":"2023-12-31T17:44:20+00:00","description":"Sorun giderme toplant\u0131lar\u0131 i\u00e7in bu \u00fccretsiz \u00f6zelle\u015ftirilebilir \u015fablonu kullan\u0131n. Hatalar\u0131n kayna\u011f\u0131n\u0131 bulun ve tekrar olu\u015fmas\u0131n\u0131 \u00f6nleyin.","inLanguage":"tr","potentialAction":[{"@type":"ReadAction","target":["https:\/\/sales-ai-agents.com\/tr\/templates\/troubleshooting-meeting\/"]}]},{"@type":"ImageObject","inLanguage":"tr","@id":"https:\/\/sales-ai-agents.com\/tr\/templates\/troubleshooting-meeting\/#primaryimage","url":"https:\/\/sales-ai-agents.com\/wp-content\/uploads\/2022\/09\/Troubleshooting-Meeting-Template.png","contentUrl":"https:\/\/sales-ai-agents.com\/wp-content\/uploads\/2022\/09\/Troubleshooting-Meeting-Template.png","width":1700,"height":1100},{"@type":"WebSite","@id":"https:\/\/sales-ai-agents.com\/#website","url":"https:\/\/sales-ai-agents.com\/","name":"FuseBase","description":"Sales AI Agents - Free Online Collaboration Software for Remote Teams. Build your wikis, client portals and more with the Nimbus Platform collaboration tool ? A perfect space for online work","publisher":{"@id":"https:\/\/sales-ai-agents.com\/#organization"},"potentialAction":[{"@type":"SearchAction","target":{"@type":"EntryPoint","urlTemplate":"https:\/\/sales-ai-agents.com\/?s={search_term_string}"},"query-input":{"@type":"PropertyValueSpecification","valueRequired":true,"valueName":"search_term_string"}}],"inLanguage":"tr"},{"@type":"Organization","@id":"https:\/\/sales-ai-agents.com\/#organization","name":"FuseBase","url":"https:\/\/sales-ai-agents.com\/","logo":{"@type":"ImageObject","inLanguage":"tr","@id":"https:\/\/sales-ai-agents.com\/#\/schema\/logo\/image\/","url":"https:\/\/sales-ai-agents.com\/wp-content\/uploads\/2023\/11\/icon-7.svg","contentUrl":"https:\/\/sales-ai-agents.com\/wp-content\/uploads\/2023\/11\/icon-7.svg","width":128,"height":128,"caption":"FuseBase"},"image":{"@id":"https:\/\/sales-ai-agents.com\/#\/schema\/logo\/image\/"}}]}},"_links":{"self":[{"href":"https:\/\/sales-ai-agents.com\/tr\/wp-json\/wp\/v2\/product\/58346","targetHints":{"allow":["GET"]}}],"collection":[{"href":"https:\/\/sales-ai-agents.com\/tr\/wp-json\/wp\/v2\/product"}],"about":[{"href":"https:\/\/sales-ai-agents.com\/tr\/wp-json\/wp\/v2\/types\/product"}],"wp:featuredmedia":[{"embeddable":true,"href":"https:\/\/sales-ai-agents.com\/tr\/wp-json\/wp\/v2\/media\/58347"}],"wp:attachment":[{"href":"https:\/\/sales-ai-agents.com\/tr\/wp-json\/wp\/v2\/media?parent=58346"}],"wp:term":[{"taxonomy":"product_brand","embeddable":true,"href":"https:\/\/sales-ai-agents.com\/tr\/wp-json\/wp\/v2\/product_brand?post=58346"},{"taxonomy":"product_cat","embeddable":true,"href":"https:\/\/sales-ai-agents.com\/tr\/wp-json\/wp\/v2\/product_cat?post=58346"},{"taxonomy":"product_tag","embeddable":true,"href":"https:\/\/sales-ai-agents.com\/tr\/wp-json\/wp\/v2\/product_tag?post=58346"}],"curies":[{"name":"wp","href":"https:\/\/api.w.org\/{rel}","templated":true}]}}