{"id":58356,"date":"2022-09-26T11:51:50","date_gmt":"2022-09-26T11:51:50","guid":{"rendered":"https:\/\/sales-ai-agents.com\/templates\/contacts-page\/"},"modified":"2023-12-31T18:04:41","modified_gmt":"2023-12-31T18:04:41","slug":"contacts-page","status":"publish","type":"product","link":"https:\/\/sales-ai-agents.com\/tr\/templates\/contacts-page\/","title":{"rendered":"\u0130leti\u015fim Sayfas\u0131"},"content":{"rendered":"<p>&nbsp;<\/p>\n<h2>\u0130leti\u015fim Sayfas\u0131 \u015eablonu<\/h2>\n<p class=\"desc-text\">Kullan\u0131\u015fl\u0131 ki\u015filer \u015fablonumuzu kullanarak arkada\u015flar\u0131n\u0131z, aileniz, i\u015f arkada\u015flar\u0131n\u0131z ve m\u00fc\u015fterileriniz i\u00e7in ileti\u015fim bilgilerini saklay\u0131n. Bu \u015fablonda, ayr\u0131nt\u0131lar\u0131 ve notlar\u0131 listelemek i\u00e7in ayr\u0131 tablolar vard\u0131r. Bu belgeyi m\u00fc\u015fterilerinizin, ailenizin, arkada\u015flar\u0131n\u0131z\u0131n, i\u015f arkada\u015flar\u0131n\u0131z\u0131n, ekibinizin \u00fcyelerinin ve daha fazlas\u0131n\u0131n telefon numaralar\u0131n\u0131 ve e-posta adreslerini saklamak i\u00e7in kullan\u0131n. Bu belgeye herhangi bir cihazdan eri\u015fin ve hi\u00e7bir \u015feyi kaybetmeyece\u011finizden emin olun.<\/p>\n<h5>Nas\u0131l kullan\u0131l\u0131r?<\/h5>\n<ul class=\"desc-item_list\">\n<li class=\"desc-item_list__point\">Ki\u015filerinizin adlar\u0131n\u0131 ekleyin<\/li>\n<li class=\"desc-item_list__point\">Telefon numaralar\u0131n\u0131 ve e-postalar\u0131 ekleyin<\/li>\n<li class=\"desc-item_list__point\">Adreslerini listeleyin<\/li>\n<li class=\"desc-item_list__point\">Ki\u015filerinizle ilgili her t\u00fcrl\u00fc notu yaz\u0131n<\/li>\n<\/ul>\n","protected":false},"excerpt":{"rendered":"<p>\u0130leti\u015fim \u015fablonu ile arkada\u015flar\u0131n\u0131z, aileniz, i\u015f arkada\u015flar\u0131n\u0131z ve m\u00fc\u015fterileriniz i\u00e7in ileti\u015fim bilgilerini saklay\u0131n. Liste detaylar\u0131 ve notlar i\u00e7in ayr\u0131 tablolar bulunmaktad\u0131r.<\/p>\n","protected":false},"featured_media":58357,"template":"","meta":{"_acf_changed":false,"inline_featured_image":false},"product_brand":[],"product_cat":[257,266,265,228],"product_tag":[],"class_list":{"0":"post-58356","1":"product","2":"type-product","3":"status-publish","4":"has-post-thumbnail","6":"product_cat-personal","7":"product_cat-personal-work","8":"product_cat-customer-support","9":"product_cat-sales-account","11":"first","12":"instock","13":"virtual","14":"sold-individually","15":"product-type-simple"},"acf":[],"yoast_head":"<!-- This site is optimized with the Yoast SEO plugin v25.3.1 - https:\/\/yoast.com\/wordpress\/plugins\/seo\/ -->\n<title>\u0130leti\u015fim Sayfas\u0131 \u015eablonu - Sales AI Agents<\/title>\n<meta name=\"description\" content=\"\u0130leti\u015fim \u015fablonu ile arkada\u015flar\u0131n\u0131z, aileniz, i\u015f arkada\u015flar\u0131n\u0131z ve m\u00fc\u015fterileriniz i\u00e7in ileti\u015fim bilgilerini saklay\u0131n. Bu belgeye herhangi bir cihazdan eri\u015fin!\" \/>\n<meta name=\"robots\" content=\"index, follow, max-snippet:-1, max-image-preview:large, max-video-preview:-1\" \/>\n<link rel=\"canonical\" href=\"https:\/\/sales-ai-agents.com\/tr\/templates\/contacts-page\/\" \/>\n<meta property=\"og:locale\" content=\"tr_TR\" \/>\n<meta property=\"og:type\" content=\"article\" \/>\n<meta property=\"og:title\" content=\"\u0130leti\u015fim Sayfas\u0131 \u015eablonu - Sales AI Agents\" \/>\n<meta property=\"og:description\" content=\"\u0130leti\u015fim \u015fablonu ile arkada\u015flar\u0131n\u0131z, aileniz, i\u015f arkada\u015flar\u0131n\u0131z ve m\u00fc\u015fterileriniz i\u00e7in ileti\u015fim bilgilerini saklay\u0131n. Bu belgeye herhangi bir cihazdan eri\u015fin!\" \/>\n<meta property=\"og:url\" content=\"https:\/\/sales-ai-agents.com\/tr\/templates\/contacts-page\/\" \/>\n<meta property=\"og:site_name\" content=\"Sales AI Agents\" \/>\n<meta property=\"article:modified_time\" content=\"2023-12-31T18:04:41+00:00\" \/>\n<meta property=\"og:image\" content=\"https:\/\/sales-ai-agents.com\/wp-content\/uploads\/2022\/09\/Contacts-Page-Template.png\" \/>\n\t<meta property=\"og:image:width\" content=\"1700\" \/>\n\t<meta property=\"og:image:height\" content=\"1100\" \/>\n\t<meta property=\"og:image:type\" content=\"image\/png\" \/>\n<meta name=\"twitter:card\" content=\"summary_large_image\" \/>\n<script type=\"application\/ld+json\" class=\"yoast-schema-graph\">{\"@context\":\"https:\/\/schema.org\",\"@graph\":[{\"@type\":\"WebPage\",\"@id\":\"https:\/\/sales-ai-agents.com\/tr\/templates\/contacts-page\/\",\"url\":\"https:\/\/sales-ai-agents.com\/tr\/templates\/contacts-page\/\",\"name\":\"\u0130leti\u015fim Sayfas\u0131 \u015eablonu - Sales AI Agents\",\"isPartOf\":{\"@id\":\"https:\/\/sales-ai-agents.com\/#website\"},\"primaryImageOfPage\":{\"@id\":\"https:\/\/sales-ai-agents.com\/tr\/templates\/contacts-page\/#primaryimage\"},\"image\":{\"@id\":\"https:\/\/sales-ai-agents.com\/tr\/templates\/contacts-page\/#primaryimage\"},\"thumbnailUrl\":\"https:\/\/sales-ai-agents.com\/wp-content\/uploads\/2022\/09\/Contacts-Page-Template.png\",\"datePublished\":\"2022-09-26T11:51:50+00:00\",\"dateModified\":\"2023-12-31T18:04:41+00:00\",\"description\":\"\u0130leti\u015fim \u015fablonu ile arkada\u015flar\u0131n\u0131z, aileniz, i\u015f arkada\u015flar\u0131n\u0131z ve m\u00fc\u015fterileriniz i\u00e7in ileti\u015fim bilgilerini saklay\u0131n. Bu belgeye herhangi bir cihazdan eri\u015fin!\",\"inLanguage\":\"tr\",\"potentialAction\":[{\"@type\":\"ReadAction\",\"target\":[\"https:\/\/sales-ai-agents.com\/tr\/templates\/contacts-page\/\"]}]},{\"@type\":\"ImageObject\",\"inLanguage\":\"tr\",\"@id\":\"https:\/\/sales-ai-agents.com\/tr\/templates\/contacts-page\/#primaryimage\",\"url\":\"https:\/\/sales-ai-agents.com\/wp-content\/uploads\/2022\/09\/Contacts-Page-Template.png\",\"contentUrl\":\"https:\/\/sales-ai-agents.com\/wp-content\/uploads\/2022\/09\/Contacts-Page-Template.png\",\"width\":1700,\"height\":1100},{\"@type\":\"WebSite\",\"@id\":\"https:\/\/sales-ai-agents.com\/#website\",\"url\":\"https:\/\/sales-ai-agents.com\/\",\"name\":\"FuseBase\",\"description\":\"Sales AI Agents - Free Online Collaboration Software for Remote Teams. Build your wikis, client portals and more with the Nimbus Platform collaboration tool ? A perfect space for online work\",\"publisher\":{\"@id\":\"https:\/\/sales-ai-agents.com\/#organization\"},\"potentialAction\":[{\"@type\":\"SearchAction\",\"target\":{\"@type\":\"EntryPoint\",\"urlTemplate\":\"https:\/\/sales-ai-agents.com\/?s={search_term_string}\"},\"query-input\":{\"@type\":\"PropertyValueSpecification\",\"valueRequired\":true,\"valueName\":\"search_term_string\"}}],\"inLanguage\":\"tr\"},{\"@type\":\"Organization\",\"@id\":\"https:\/\/sales-ai-agents.com\/#organization\",\"name\":\"FuseBase\",\"url\":\"https:\/\/sales-ai-agents.com\/\",\"logo\":{\"@type\":\"ImageObject\",\"inLanguage\":\"tr\",\"@id\":\"https:\/\/sales-ai-agents.com\/#\/schema\/logo\/image\/\",\"url\":\"https:\/\/sales-ai-agents.com\/wp-content\/uploads\/2023\/11\/icon-7.svg\",\"contentUrl\":\"https:\/\/sales-ai-agents.com\/wp-content\/uploads\/2023\/11\/icon-7.svg\",\"width\":128,\"height\":128,\"caption\":\"FuseBase\"},\"image\":{\"@id\":\"https:\/\/sales-ai-agents.com\/#\/schema\/logo\/image\/\"}}]}<\/script>\n<!-- \/ Yoast SEO plugin. -->","yoast_head_json":{"title":"\u0130leti\u015fim Sayfas\u0131 \u015eablonu - Sales AI Agents","description":"\u0130leti\u015fim \u015fablonu ile arkada\u015flar\u0131n\u0131z, aileniz, i\u015f arkada\u015flar\u0131n\u0131z ve m\u00fc\u015fterileriniz i\u00e7in ileti\u015fim bilgilerini saklay\u0131n. Bu belgeye herhangi bir cihazdan eri\u015fin!","robots":{"index":"index","follow":"follow","max-snippet":"max-snippet:-1","max-image-preview":"max-image-preview:large","max-video-preview":"max-video-preview:-1"},"canonical":"https:\/\/sales-ai-agents.com\/tr\/templates\/contacts-page\/","og_locale":"tr_TR","og_type":"article","og_title":"\u0130leti\u015fim Sayfas\u0131 \u015eablonu - Sales AI Agents","og_description":"\u0130leti\u015fim \u015fablonu ile arkada\u015flar\u0131n\u0131z, aileniz, i\u015f arkada\u015flar\u0131n\u0131z ve m\u00fc\u015fterileriniz i\u00e7in ileti\u015fim bilgilerini saklay\u0131n. Bu belgeye herhangi bir cihazdan eri\u015fin!","og_url":"https:\/\/sales-ai-agents.com\/tr\/templates\/contacts-page\/","og_site_name":"Sales AI Agents","article_modified_time":"2023-12-31T18:04:41+00:00","og_image":[{"width":1700,"height":1100,"url":"https:\/\/sales-ai-agents.com\/wp-content\/uploads\/2022\/09\/Contacts-Page-Template.png","type":"image\/png"}],"twitter_card":"summary_large_image","schema":{"@context":"https:\/\/schema.org","@graph":[{"@type":"WebPage","@id":"https:\/\/sales-ai-agents.com\/tr\/templates\/contacts-page\/","url":"https:\/\/sales-ai-agents.com\/tr\/templates\/contacts-page\/","name":"\u0130leti\u015fim Sayfas\u0131 \u015eablonu - Sales AI Agents","isPartOf":{"@id":"https:\/\/sales-ai-agents.com\/#website"},"primaryImageOfPage":{"@id":"https:\/\/sales-ai-agents.com\/tr\/templates\/contacts-page\/#primaryimage"},"image":{"@id":"https:\/\/sales-ai-agents.com\/tr\/templates\/contacts-page\/#primaryimage"},"thumbnailUrl":"https:\/\/sales-ai-agents.com\/wp-content\/uploads\/2022\/09\/Contacts-Page-Template.png","datePublished":"2022-09-26T11:51:50+00:00","dateModified":"2023-12-31T18:04:41+00:00","description":"\u0130leti\u015fim \u015fablonu ile arkada\u015flar\u0131n\u0131z, aileniz, i\u015f arkada\u015flar\u0131n\u0131z ve m\u00fc\u015fterileriniz i\u00e7in ileti\u015fim bilgilerini saklay\u0131n. Bu belgeye herhangi bir cihazdan eri\u015fin!","inLanguage":"tr","potentialAction":[{"@type":"ReadAction","target":["https:\/\/sales-ai-agents.com\/tr\/templates\/contacts-page\/"]}]},{"@type":"ImageObject","inLanguage":"tr","@id":"https:\/\/sales-ai-agents.com\/tr\/templates\/contacts-page\/#primaryimage","url":"https:\/\/sales-ai-agents.com\/wp-content\/uploads\/2022\/09\/Contacts-Page-Template.png","contentUrl":"https:\/\/sales-ai-agents.com\/wp-content\/uploads\/2022\/09\/Contacts-Page-Template.png","width":1700,"height":1100},{"@type":"WebSite","@id":"https:\/\/sales-ai-agents.com\/#website","url":"https:\/\/sales-ai-agents.com\/","name":"FuseBase","description":"Sales AI Agents - Free Online Collaboration Software for Remote Teams. Build your wikis, client portals and more with the Nimbus Platform collaboration tool ? A perfect space for online work","publisher":{"@id":"https:\/\/sales-ai-agents.com\/#organization"},"potentialAction":[{"@type":"SearchAction","target":{"@type":"EntryPoint","urlTemplate":"https:\/\/sales-ai-agents.com\/?s={search_term_string}"},"query-input":{"@type":"PropertyValueSpecification","valueRequired":true,"valueName":"search_term_string"}}],"inLanguage":"tr"},{"@type":"Organization","@id":"https:\/\/sales-ai-agents.com\/#organization","name":"FuseBase","url":"https:\/\/sales-ai-agents.com\/","logo":{"@type":"ImageObject","inLanguage":"tr","@id":"https:\/\/sales-ai-agents.com\/#\/schema\/logo\/image\/","url":"https:\/\/sales-ai-agents.com\/wp-content\/uploads\/2023\/11\/icon-7.svg","contentUrl":"https:\/\/sales-ai-agents.com\/wp-content\/uploads\/2023\/11\/icon-7.svg","width":128,"height":128,"caption":"FuseBase"},"image":{"@id":"https:\/\/sales-ai-agents.com\/#\/schema\/logo\/image\/"}}]}},"_links":{"self":[{"href":"https:\/\/sales-ai-agents.com\/tr\/wp-json\/wp\/v2\/product\/58356","targetHints":{"allow":["GET"]}}],"collection":[{"href":"https:\/\/sales-ai-agents.com\/tr\/wp-json\/wp\/v2\/product"}],"about":[{"href":"https:\/\/sales-ai-agents.com\/tr\/wp-json\/wp\/v2\/types\/product"}],"wp:featuredmedia":[{"embeddable":true,"href":"https:\/\/sales-ai-agents.com\/tr\/wp-json\/wp\/v2\/media\/58357"}],"wp:attachment":[{"href":"https:\/\/sales-ai-agents.com\/tr\/wp-json\/wp\/v2\/media?parent=58356"}],"wp:term":[{"taxonomy":"product_brand","embeddable":true,"href":"https:\/\/sales-ai-agents.com\/tr\/wp-json\/wp\/v2\/product_brand?post=58356"},{"taxonomy":"product_cat","embeddable":true,"href":"https:\/\/sales-ai-agents.com\/tr\/wp-json\/wp\/v2\/product_cat?post=58356"},{"taxonomy":"product_tag","embeddable":true,"href":"https:\/\/sales-ai-agents.com\/tr\/wp-json\/wp\/v2\/product_tag?post=58356"}],"curies":[{"name":"wp","href":"https:\/\/api.w.org\/{rel}","templated":true}]}}