{"id":58379,"date":"2022-09-26T11:51:43","date_gmt":"2022-09-26T11:51:43","guid":{"rendered":"https:\/\/sales-ai-agents.com\/templates\/beauty-tracker\/"},"modified":"2023-12-31T17:45:14","modified_gmt":"2023-12-31T17:45:14","slug":"beauty-tracker","status":"publish","type":"product","link":"https:\/\/sales-ai-agents.com\/tr\/templates\/beauty-tracker\/","title":{"rendered":"G\u00fczellik Takibi"},"content":{"rendered":"<p>&nbsp;<\/p>\n<h2>G\u00fczellik Takip \u015eablonu<\/h2>\n<p class=\"desc-text\">G\u00fczellik \u00fcr\u00fcnlerini stoklad\u0131ktan sonra, her birini takip etmek b\u00fcy\u00fck bir g\u00f6rev olabilir. Her \u00fcr\u00fcn\u00fcn kendine \u00f6zg\u00fc bile\u015fenleri, maliyetleri ve kalite seviyeleri vard\u0131r. Her \u015feyi y\u00f6netmenize yard\u0131mc\u0131 olmak i\u00e7in bu g\u00fczellik takip \u015fablonunu haz\u0131rlad\u0131k. Tek tek \u00fcr\u00fcnlerle ilgili bilgileri doldurman\u0131z i\u00e7in d\u00fczenli ve tamamen i\u015flevsel bir tablo i\u00e7erir. Her sat\u0131n alma i\u015flemi i\u00e7in bir i\u00e7erik listesi ve kendi yorumunuzu ekleyin. Hangi \u00fcr\u00fcnleri tekrar sat\u0131n alaca\u011f\u0131n\u0131za ve hangilerini bir kenara ataca\u011f\u0131n\u0131za karar vermek i\u00e7in bu \u015fablonu kullan\u0131n.<\/p>\n<h5>Bu \u015fablonu kullanmak i\u00e7in:<\/h5>\n<ul class=\"desc-item_list\">\n<li class=\"desc-item_list__point\">Her tabloyu bir \u00fcr\u00fcn hakk\u0131nda yazmak i\u00e7in kullan\u0131n<\/li>\n<li class=\"desc-item_list__point\">\u0130sim, marka, maliyet ve miktar\u0131 ekleyin<\/li>\n<li class=\"desc-item_list__point\">Sat\u0131n alma ve son kullanma tarihlerini eklemeyi unutmay\u0131n<\/li>\n<li class=\"desc-item_list__point\">Her \u00fcr\u00fcn i\u00e7in bir inceleme yaz\u0131n<\/li>\n<li class=\"desc-item_list__point\">Tekrar sat\u0131n al\u0131p almayaca\u011f\u0131n\u0131z\u0131 belirtmek i\u00e7in kutular\u0131 i\u015faretleyin<\/li>\n<\/ul>\n","protected":false},"excerpt":{"rendered":"<p>Her \u00fcr\u00fcn\u00fcn kendine \u00f6zg\u00fc bile\u015fenleri, maliyetleri ve kalite seviyeleri vard\u0131r. Her \u015feyi y\u00f6netmenize yard\u0131mc\u0131 olmas\u0131 i\u00e7in bu \u00fccretsiz \u00f6zelle\u015ftirilebilir g\u00fczellik takip \u015fablonuna g\u00f6z at\u0131n.<\/p>\n","protected":false},"featured_media":58380,"template":"","meta":{"_acf_changed":false,"inline_featured_image":false},"product_brand":[],"product_cat":[257,277],"product_tag":[],"class_list":{"0":"post-58379","1":"product","2":"type-product","3":"status-publish","4":"has-post-thumbnail","6":"product_cat-personal","7":"product_cat-personal-fun","9":"first","10":"instock","11":"virtual","12":"sold-individually","13":"product-type-simple"},"acf":[],"yoast_head":"<!-- This site is optimized with the Yoast SEO plugin v25.3.1 - https:\/\/yoast.com\/wordpress\/plugins\/seo\/ -->\n<title>G\u00fczellik Takip \u015eablonu - Sales AI Agents<\/title>\n<meta name=\"description\" content=\"Her \u00fcr\u00fcn\u00fcn kendine \u00f6zg\u00fc bile\u015fenleri, maliyetleri ve kalite seviyeleri vard\u0131r. Her \u015feyi y\u00f6netmenize yard\u0131mc\u0131 olmas\u0131 i\u00e7in bu \u00fccretsiz \u00f6zelle\u015ftirilebilir g\u00fczellik takip \u015fablonuna g\u00f6z at\u0131n.\" \/>\n<meta name=\"robots\" content=\"index, follow, max-snippet:-1, max-image-preview:large, max-video-preview:-1\" \/>\n<link rel=\"canonical\" href=\"https:\/\/sales-ai-agents.com\/tr\/templates\/beauty-tracker\/\" \/>\n<meta property=\"og:locale\" content=\"tr_TR\" \/>\n<meta property=\"og:type\" content=\"article\" \/>\n<meta property=\"og:title\" content=\"G\u00fczellik Takip \u015eablonu - Sales AI Agents\" \/>\n<meta property=\"og:description\" content=\"Her \u00fcr\u00fcn\u00fcn kendine \u00f6zg\u00fc bile\u015fenleri, maliyetleri ve kalite seviyeleri vard\u0131r. Her \u015feyi y\u00f6netmenize yard\u0131mc\u0131 olmas\u0131 i\u00e7in bu \u00fccretsiz \u00f6zelle\u015ftirilebilir g\u00fczellik takip \u015fablonuna g\u00f6z at\u0131n.\" \/>\n<meta property=\"og:url\" content=\"https:\/\/sales-ai-agents.com\/tr\/templates\/beauty-tracker\/\" \/>\n<meta property=\"og:site_name\" content=\"Sales AI Agents\" \/>\n<meta property=\"article:modified_time\" content=\"2023-12-31T17:45:14+00:00\" \/>\n<meta property=\"og:image\" content=\"https:\/\/sales-ai-agents.com\/wp-content\/uploads\/2023\/01\/image-preview123856.png\" \/>\n\t<meta property=\"og:image:width\" content=\"1078\" \/>\n\t<meta property=\"og:image:height\" content=\"1237\" \/>\n\t<meta property=\"og:image:type\" content=\"image\/png\" \/>\n<meta name=\"twitter:card\" content=\"summary_large_image\" \/>\n<script type=\"application\/ld+json\" class=\"yoast-schema-graph\">{\"@context\":\"https:\/\/schema.org\",\"@graph\":[{\"@type\":\"WebPage\",\"@id\":\"https:\/\/sales-ai-agents.com\/tr\/templates\/beauty-tracker\/\",\"url\":\"https:\/\/sales-ai-agents.com\/tr\/templates\/beauty-tracker\/\",\"name\":\"G\u00fczellik Takip \u015eablonu - Sales AI Agents\",\"isPartOf\":{\"@id\":\"https:\/\/sales-ai-agents.com\/#website\"},\"primaryImageOfPage\":{\"@id\":\"https:\/\/sales-ai-agents.com\/tr\/templates\/beauty-tracker\/#primaryimage\"},\"image\":{\"@id\":\"https:\/\/sales-ai-agents.com\/tr\/templates\/beauty-tracker\/#primaryimage\"},\"thumbnailUrl\":\"https:\/\/sales-ai-agents.com\/wp-content\/uploads\/2023\/01\/image-preview123856.png\",\"datePublished\":\"2022-09-26T11:51:43+00:00\",\"dateModified\":\"2023-12-31T17:45:14+00:00\",\"description\":\"Her \u00fcr\u00fcn\u00fcn kendine \u00f6zg\u00fc bile\u015fenleri, maliyetleri ve kalite seviyeleri vard\u0131r. Her \u015feyi y\u00f6netmenize yard\u0131mc\u0131 olmas\u0131 i\u00e7in bu \u00fccretsiz \u00f6zelle\u015ftirilebilir g\u00fczellik takip \u015fablonuna g\u00f6z at\u0131n.\",\"inLanguage\":\"tr\",\"potentialAction\":[{\"@type\":\"ReadAction\",\"target\":[\"https:\/\/sales-ai-agents.com\/tr\/templates\/beauty-tracker\/\"]}]},{\"@type\":\"ImageObject\",\"inLanguage\":\"tr\",\"@id\":\"https:\/\/sales-ai-agents.com\/tr\/templates\/beauty-tracker\/#primaryimage\",\"url\":\"https:\/\/sales-ai-agents.com\/wp-content\/uploads\/2023\/01\/image-preview123856.png\",\"contentUrl\":\"https:\/\/sales-ai-agents.com\/wp-content\/uploads\/2023\/01\/image-preview123856.png\",\"width\":1078,\"height\":1237},{\"@type\":\"WebSite\",\"@id\":\"https:\/\/sales-ai-agents.com\/#website\",\"url\":\"https:\/\/sales-ai-agents.com\/\",\"name\":\"FuseBase\",\"description\":\"Sales AI Agents - Free Online Collaboration Software for Remote Teams. Build your wikis, client portals and more with the Nimbus Platform collaboration tool ? A perfect space for online work\",\"publisher\":{\"@id\":\"https:\/\/sales-ai-agents.com\/#organization\"},\"potentialAction\":[{\"@type\":\"SearchAction\",\"target\":{\"@type\":\"EntryPoint\",\"urlTemplate\":\"https:\/\/sales-ai-agents.com\/?s={search_term_string}\"},\"query-input\":{\"@type\":\"PropertyValueSpecification\",\"valueRequired\":true,\"valueName\":\"search_term_string\"}}],\"inLanguage\":\"tr\"},{\"@type\":\"Organization\",\"@id\":\"https:\/\/sales-ai-agents.com\/#organization\",\"name\":\"FuseBase\",\"url\":\"https:\/\/sales-ai-agents.com\/\",\"logo\":{\"@type\":\"ImageObject\",\"inLanguage\":\"tr\",\"@id\":\"https:\/\/sales-ai-agents.com\/#\/schema\/logo\/image\/\",\"url\":\"https:\/\/sales-ai-agents.com\/wp-content\/uploads\/2023\/11\/icon-7.svg\",\"contentUrl\":\"https:\/\/sales-ai-agents.com\/wp-content\/uploads\/2023\/11\/icon-7.svg\",\"width\":128,\"height\":128,\"caption\":\"FuseBase\"},\"image\":{\"@id\":\"https:\/\/sales-ai-agents.com\/#\/schema\/logo\/image\/\"}}]}<\/script>\n<!-- \/ Yoast SEO plugin. -->","yoast_head_json":{"title":"G\u00fczellik Takip \u015eablonu - Sales AI Agents","description":"Her \u00fcr\u00fcn\u00fcn kendine \u00f6zg\u00fc bile\u015fenleri, maliyetleri ve kalite seviyeleri vard\u0131r. Her \u015feyi y\u00f6netmenize yard\u0131mc\u0131 olmas\u0131 i\u00e7in bu \u00fccretsiz \u00f6zelle\u015ftirilebilir g\u00fczellik takip \u015fablonuna g\u00f6z at\u0131n.","robots":{"index":"index","follow":"follow","max-snippet":"max-snippet:-1","max-image-preview":"max-image-preview:large","max-video-preview":"max-video-preview:-1"},"canonical":"https:\/\/sales-ai-agents.com\/tr\/templates\/beauty-tracker\/","og_locale":"tr_TR","og_type":"article","og_title":"G\u00fczellik Takip \u015eablonu - Sales AI Agents","og_description":"Her \u00fcr\u00fcn\u00fcn kendine \u00f6zg\u00fc bile\u015fenleri, maliyetleri ve kalite seviyeleri vard\u0131r. Her \u015feyi y\u00f6netmenize yard\u0131mc\u0131 olmas\u0131 i\u00e7in bu \u00fccretsiz \u00f6zelle\u015ftirilebilir g\u00fczellik takip \u015fablonuna g\u00f6z at\u0131n.","og_url":"https:\/\/sales-ai-agents.com\/tr\/templates\/beauty-tracker\/","og_site_name":"Sales AI Agents","article_modified_time":"2023-12-31T17:45:14+00:00","og_image":[{"width":1078,"height":1237,"url":"https:\/\/sales-ai-agents.com\/wp-content\/uploads\/2023\/01\/image-preview123856.png","type":"image\/png"}],"twitter_card":"summary_large_image","schema":{"@context":"https:\/\/schema.org","@graph":[{"@type":"WebPage","@id":"https:\/\/sales-ai-agents.com\/tr\/templates\/beauty-tracker\/","url":"https:\/\/sales-ai-agents.com\/tr\/templates\/beauty-tracker\/","name":"G\u00fczellik Takip \u015eablonu - Sales AI Agents","isPartOf":{"@id":"https:\/\/sales-ai-agents.com\/#website"},"primaryImageOfPage":{"@id":"https:\/\/sales-ai-agents.com\/tr\/templates\/beauty-tracker\/#primaryimage"},"image":{"@id":"https:\/\/sales-ai-agents.com\/tr\/templates\/beauty-tracker\/#primaryimage"},"thumbnailUrl":"https:\/\/sales-ai-agents.com\/wp-content\/uploads\/2023\/01\/image-preview123856.png","datePublished":"2022-09-26T11:51:43+00:00","dateModified":"2023-12-31T17:45:14+00:00","description":"Her \u00fcr\u00fcn\u00fcn kendine \u00f6zg\u00fc bile\u015fenleri, maliyetleri ve kalite seviyeleri vard\u0131r. Her \u015feyi y\u00f6netmenize yard\u0131mc\u0131 olmas\u0131 i\u00e7in bu \u00fccretsiz \u00f6zelle\u015ftirilebilir g\u00fczellik takip \u015fablonuna g\u00f6z at\u0131n.","inLanguage":"tr","potentialAction":[{"@type":"ReadAction","target":["https:\/\/sales-ai-agents.com\/tr\/templates\/beauty-tracker\/"]}]},{"@type":"ImageObject","inLanguage":"tr","@id":"https:\/\/sales-ai-agents.com\/tr\/templates\/beauty-tracker\/#primaryimage","url":"https:\/\/sales-ai-agents.com\/wp-content\/uploads\/2023\/01\/image-preview123856.png","contentUrl":"https:\/\/sales-ai-agents.com\/wp-content\/uploads\/2023\/01\/image-preview123856.png","width":1078,"height":1237},{"@type":"WebSite","@id":"https:\/\/sales-ai-agents.com\/#website","url":"https:\/\/sales-ai-agents.com\/","name":"FuseBase","description":"Sales AI Agents - Free Online Collaboration Software for Remote Teams. Build your wikis, client portals and more with the Nimbus Platform collaboration tool ? A perfect space for online work","publisher":{"@id":"https:\/\/sales-ai-agents.com\/#organization"},"potentialAction":[{"@type":"SearchAction","target":{"@type":"EntryPoint","urlTemplate":"https:\/\/sales-ai-agents.com\/?s={search_term_string}"},"query-input":{"@type":"PropertyValueSpecification","valueRequired":true,"valueName":"search_term_string"}}],"inLanguage":"tr"},{"@type":"Organization","@id":"https:\/\/sales-ai-agents.com\/#organization","name":"FuseBase","url":"https:\/\/sales-ai-agents.com\/","logo":{"@type":"ImageObject","inLanguage":"tr","@id":"https:\/\/sales-ai-agents.com\/#\/schema\/logo\/image\/","url":"https:\/\/sales-ai-agents.com\/wp-content\/uploads\/2023\/11\/icon-7.svg","contentUrl":"https:\/\/sales-ai-agents.com\/wp-content\/uploads\/2023\/11\/icon-7.svg","width":128,"height":128,"caption":"FuseBase"},"image":{"@id":"https:\/\/sales-ai-agents.com\/#\/schema\/logo\/image\/"}}]}},"_links":{"self":[{"href":"https:\/\/sales-ai-agents.com\/tr\/wp-json\/wp\/v2\/product\/58379","targetHints":{"allow":["GET"]}}],"collection":[{"href":"https:\/\/sales-ai-agents.com\/tr\/wp-json\/wp\/v2\/product"}],"about":[{"href":"https:\/\/sales-ai-agents.com\/tr\/wp-json\/wp\/v2\/types\/product"}],"wp:featuredmedia":[{"embeddable":true,"href":"https:\/\/sales-ai-agents.com\/tr\/wp-json\/wp\/v2\/media\/58380"}],"wp:attachment":[{"href":"https:\/\/sales-ai-agents.com\/tr\/wp-json\/wp\/v2\/media?parent=58379"}],"wp:term":[{"taxonomy":"product_brand","embeddable":true,"href":"https:\/\/sales-ai-agents.com\/tr\/wp-json\/wp\/v2\/product_brand?post=58379"},{"taxonomy":"product_cat","embeddable":true,"href":"https:\/\/sales-ai-agents.com\/tr\/wp-json\/wp\/v2\/product_cat?post=58379"},{"taxonomy":"product_tag","embeddable":true,"href":"https:\/\/sales-ai-agents.com\/tr\/wp-json\/wp\/v2\/product_tag?post=58379"}],"curies":[{"name":"wp","href":"https:\/\/api.w.org\/{rel}","templated":true}]}}