{"id":58382,"date":"2022-09-26T11:51:37","date_gmt":"2022-09-26T11:51:37","guid":{"rendered":"https:\/\/sales-ai-agents.com\/templates\/cornell-note-method-for-students\/"},"modified":"2023-12-27T15:14:15","modified_gmt":"2023-12-27T15:14:15","slug":"cornell-note-method-for-students","status":"publish","type":"product","link":"https:\/\/sales-ai-agents.com\/tr\/templates\/cornell-note-method-for-students\/","title":{"rendered":"\u00d6\u011frenciler i\u00e7in Cornell Not Y\u00f6ntemi"},"content":{"rendered":"<p>&nbsp;<\/p>\n<h2>\u00d6\u011frenciler i\u00e7in Cornell Not Y\u00f6ntemi \u015eablonu<\/h2>\n<p class=\"desc-text\">Ders notlar\u0131 okulun ve \u00e7al\u0131\u015fman\u0131n b\u00fcy\u00fck bir par\u00e7as\u0131d\u0131r. Sonsuz sayfalar ve dosyalarla u\u011fra\u015f\u0131yorsan\u0131z, her \u015feyi y\u00f6netmek bir engeldir. Bo\u015f bir belgeye not almak yerine Cornell \u015fablonumuzu kullanarak kurs i\u00e7eri\u011fine yap\u0131 ekleyin. Nimbus Note&#8217;un \u00f6\u011frenciler i\u00e7in \u00f6zel dijital ara\u00e7lar\u0131 vard\u0131r ve bu ara\u00e7 her dersin sorular\u0131na ve kilit noktalar\u0131na odaklanmaya yard\u0131mc\u0131 olur. Bu, \u00e7al\u0131\u015f\u0131rken bilgi almay\u0131 kolayla\u015ft\u0131r\u0131r. Her \u015feyi d\u00fczenli tutmak i\u00e7in g\u00f6rsel olarak \u00e7ekici bir masa kullan\u0131n. \u0130ster geleneksel ister uzaktan e\u011fitimde olsun, en \u00f6nemli \u015feylere odaklanabilmeniz i\u00e7in i\u015finize d\u00fczen getirin.<\/p>\n<h5>Nas\u0131l kullan\u0131l\u0131r?<\/h5>\n<ul class=\"desc-item_list\">\n<li class=\"desc-item_list__point\">Kurs ad\u0131n\u0131, ba\u015fl\u0131\u011f\u0131n\u0131 ve tarihini ekleyin<\/li>\n<li class=\"desc-item_list__point\">Temel sorular\u0131 ve ipu\u00e7lar\u0131n\u0131 ekleyin<\/li>\n<li class=\"desc-item_list__point\">Kapsaml\u0131 ders notlar\u0131 al\u0131n<\/li>\n<li class=\"desc-item_list__point\">\u00d6nemli \u00f6\u011feleri vurgulay\u0131n<\/li>\n<li class=\"desc-item_list__point\">\u00d6nemli ayr\u0131nt\u0131lar\u0131n k\u0131sa bir \u00f6zetini olu\u015fturun<\/li>\n<\/ul>\n","protected":false},"excerpt":{"rendered":"<p>Bo\u015f bir belgeye not almak yerine, \u00fccretsiz \u00f6zelle\u015ftirilebilir \u015fablonumuzu kullanarak kurs i\u00e7eri\u011fini kaydetme \u015feklinize yap\u0131 kazand\u0131r\u0131n. \u00c7al\u0131\u015f\u0131rken zaman kazan\u0131n.<\/p>\n","protected":false},"featured_media":58383,"template":"","meta":{"_acf_changed":false,"inline_featured_image":false},"product_brand":[],"product_cat":[267],"product_tag":[],"class_list":{"0":"post-58382","1":"product","2":"type-product","3":"status-publish","4":"has-post-thumbnail","6":"product_cat-student","8":"first","9":"instock","10":"virtual","11":"sold-individually","12":"product-type-simple"},"acf":[],"yoast_head":"<!-- This site is optimized with the Yoast SEO plugin v25.3.1 - https:\/\/yoast.com\/wordpress\/plugins\/seo\/ -->\n<title>\u00d6\u011frenciler i\u00e7in Cornell Not Y\u00f6ntemi - Sales AI Agents<\/title>\n<meta name=\"description\" content=\"Bo\u015f bir belgeye not almak yerine, \u00fccretsiz \u00f6zelle\u015ftirilebilir \u015fablonumuzu kullanarak kurs i\u00e7eri\u011fini kaydetme \u015feklinize yap\u0131 kazand\u0131r\u0131n.\" \/>\n<meta name=\"robots\" content=\"index, follow, max-snippet:-1, max-image-preview:large, max-video-preview:-1\" \/>\n<link rel=\"canonical\" href=\"https:\/\/sales-ai-agents.com\/tr\/templates\/cornell-note-method-for-students\/\" \/>\n<meta property=\"og:locale\" content=\"tr_TR\" \/>\n<meta property=\"og:type\" content=\"article\" \/>\n<meta property=\"og:title\" content=\"\u00d6\u011frenciler i\u00e7in Cornell Not Y\u00f6ntemi - Sales AI Agents\" \/>\n<meta property=\"og:description\" content=\"Bo\u015f bir belgeye not almak yerine, \u00fccretsiz \u00f6zelle\u015ftirilebilir \u015fablonumuzu kullanarak kurs i\u00e7eri\u011fini kaydetme \u015feklinize yap\u0131 kazand\u0131r\u0131n.\" \/>\n<meta property=\"og:url\" content=\"https:\/\/sales-ai-agents.com\/tr\/templates\/cornell-note-method-for-students\/\" \/>\n<meta property=\"og:site_name\" content=\"Sales AI Agents\" \/>\n<meta property=\"article:modified_time\" content=\"2023-12-27T15:14:15+00:00\" \/>\n<meta property=\"og:image\" content=\"https:\/\/sales-ai-agents.com\/wp-content\/uploads\/2023\/01\/image-preview124259.png\" \/>\n\t<meta property=\"og:image:width\" content=\"1078\" \/>\n\t<meta property=\"og:image:height\" content=\"760\" \/>\n\t<meta property=\"og:image:type\" content=\"image\/png\" \/>\n<meta name=\"twitter:card\" content=\"summary_large_image\" \/>\n<script type=\"application\/ld+json\" class=\"yoast-schema-graph\">{\"@context\":\"https:\/\/schema.org\",\"@graph\":[{\"@type\":\"WebPage\",\"@id\":\"https:\/\/sales-ai-agents.com\/tr\/templates\/cornell-note-method-for-students\/\",\"url\":\"https:\/\/sales-ai-agents.com\/tr\/templates\/cornell-note-method-for-students\/\",\"name\":\"\u00d6\u011frenciler i\u00e7in Cornell Not Y\u00f6ntemi - Sales AI Agents\",\"isPartOf\":{\"@id\":\"https:\/\/sales-ai-agents.com\/#website\"},\"primaryImageOfPage\":{\"@id\":\"https:\/\/sales-ai-agents.com\/tr\/templates\/cornell-note-method-for-students\/#primaryimage\"},\"image\":{\"@id\":\"https:\/\/sales-ai-agents.com\/tr\/templates\/cornell-note-method-for-students\/#primaryimage\"},\"thumbnailUrl\":\"https:\/\/sales-ai-agents.com\/wp-content\/uploads\/2023\/01\/image-preview124259.png\",\"datePublished\":\"2022-09-26T11:51:37+00:00\",\"dateModified\":\"2023-12-27T15:14:15+00:00\",\"description\":\"Bo\u015f bir belgeye not almak yerine, \u00fccretsiz \u00f6zelle\u015ftirilebilir \u015fablonumuzu kullanarak kurs i\u00e7eri\u011fini kaydetme \u015feklinize yap\u0131 kazand\u0131r\u0131n.\",\"inLanguage\":\"tr\",\"potentialAction\":[{\"@type\":\"ReadAction\",\"target\":[\"https:\/\/sales-ai-agents.com\/tr\/templates\/cornell-note-method-for-students\/\"]}]},{\"@type\":\"ImageObject\",\"inLanguage\":\"tr\",\"@id\":\"https:\/\/sales-ai-agents.com\/tr\/templates\/cornell-note-method-for-students\/#primaryimage\",\"url\":\"https:\/\/sales-ai-agents.com\/wp-content\/uploads\/2023\/01\/image-preview124259.png\",\"contentUrl\":\"https:\/\/sales-ai-agents.com\/wp-content\/uploads\/2023\/01\/image-preview124259.png\",\"width\":1078,\"height\":760},{\"@type\":\"WebSite\",\"@id\":\"https:\/\/sales-ai-agents.com\/#website\",\"url\":\"https:\/\/sales-ai-agents.com\/\",\"name\":\"FuseBase\",\"description\":\"Sales AI Agents - Free Online Collaboration Software for Remote Teams. Build your wikis, client portals and more with the Nimbus Platform collaboration tool ? A perfect space for online work\",\"publisher\":{\"@id\":\"https:\/\/sales-ai-agents.com\/#organization\"},\"potentialAction\":[{\"@type\":\"SearchAction\",\"target\":{\"@type\":\"EntryPoint\",\"urlTemplate\":\"https:\/\/sales-ai-agents.com\/?s={search_term_string}\"},\"query-input\":{\"@type\":\"PropertyValueSpecification\",\"valueRequired\":true,\"valueName\":\"search_term_string\"}}],\"inLanguage\":\"tr\"},{\"@type\":\"Organization\",\"@id\":\"https:\/\/sales-ai-agents.com\/#organization\",\"name\":\"FuseBase\",\"url\":\"https:\/\/sales-ai-agents.com\/\",\"logo\":{\"@type\":\"ImageObject\",\"inLanguage\":\"tr\",\"@id\":\"https:\/\/sales-ai-agents.com\/#\/schema\/logo\/image\/\",\"url\":\"https:\/\/sales-ai-agents.com\/wp-content\/uploads\/2023\/11\/icon-7.svg\",\"contentUrl\":\"https:\/\/sales-ai-agents.com\/wp-content\/uploads\/2023\/11\/icon-7.svg\",\"width\":128,\"height\":128,\"caption\":\"FuseBase\"},\"image\":{\"@id\":\"https:\/\/sales-ai-agents.com\/#\/schema\/logo\/image\/\"}}]}<\/script>\n<!-- \/ Yoast SEO plugin. -->","yoast_head_json":{"title":"\u00d6\u011frenciler i\u00e7in Cornell Not Y\u00f6ntemi - Sales AI Agents","description":"Bo\u015f bir belgeye not almak yerine, \u00fccretsiz \u00f6zelle\u015ftirilebilir \u015fablonumuzu kullanarak kurs i\u00e7eri\u011fini kaydetme \u015feklinize yap\u0131 kazand\u0131r\u0131n.","robots":{"index":"index","follow":"follow","max-snippet":"max-snippet:-1","max-image-preview":"max-image-preview:large","max-video-preview":"max-video-preview:-1"},"canonical":"https:\/\/sales-ai-agents.com\/tr\/templates\/cornell-note-method-for-students\/","og_locale":"tr_TR","og_type":"article","og_title":"\u00d6\u011frenciler i\u00e7in Cornell Not Y\u00f6ntemi - Sales AI Agents","og_description":"Bo\u015f bir belgeye not almak yerine, \u00fccretsiz \u00f6zelle\u015ftirilebilir \u015fablonumuzu kullanarak kurs i\u00e7eri\u011fini kaydetme \u015feklinize yap\u0131 kazand\u0131r\u0131n.","og_url":"https:\/\/sales-ai-agents.com\/tr\/templates\/cornell-note-method-for-students\/","og_site_name":"Sales AI Agents","article_modified_time":"2023-12-27T15:14:15+00:00","og_image":[{"width":1078,"height":760,"url":"https:\/\/sales-ai-agents.com\/wp-content\/uploads\/2023\/01\/image-preview124259.png","type":"image\/png"}],"twitter_card":"summary_large_image","schema":{"@context":"https:\/\/schema.org","@graph":[{"@type":"WebPage","@id":"https:\/\/sales-ai-agents.com\/tr\/templates\/cornell-note-method-for-students\/","url":"https:\/\/sales-ai-agents.com\/tr\/templates\/cornell-note-method-for-students\/","name":"\u00d6\u011frenciler i\u00e7in Cornell Not Y\u00f6ntemi - Sales AI Agents","isPartOf":{"@id":"https:\/\/sales-ai-agents.com\/#website"},"primaryImageOfPage":{"@id":"https:\/\/sales-ai-agents.com\/tr\/templates\/cornell-note-method-for-students\/#primaryimage"},"image":{"@id":"https:\/\/sales-ai-agents.com\/tr\/templates\/cornell-note-method-for-students\/#primaryimage"},"thumbnailUrl":"https:\/\/sales-ai-agents.com\/wp-content\/uploads\/2023\/01\/image-preview124259.png","datePublished":"2022-09-26T11:51:37+00:00","dateModified":"2023-12-27T15:14:15+00:00","description":"Bo\u015f bir belgeye not almak yerine, \u00fccretsiz \u00f6zelle\u015ftirilebilir \u015fablonumuzu kullanarak kurs i\u00e7eri\u011fini kaydetme \u015feklinize yap\u0131 kazand\u0131r\u0131n.","inLanguage":"tr","potentialAction":[{"@type":"ReadAction","target":["https:\/\/sales-ai-agents.com\/tr\/templates\/cornell-note-method-for-students\/"]}]},{"@type":"ImageObject","inLanguage":"tr","@id":"https:\/\/sales-ai-agents.com\/tr\/templates\/cornell-note-method-for-students\/#primaryimage","url":"https:\/\/sales-ai-agents.com\/wp-content\/uploads\/2023\/01\/image-preview124259.png","contentUrl":"https:\/\/sales-ai-agents.com\/wp-content\/uploads\/2023\/01\/image-preview124259.png","width":1078,"height":760},{"@type":"WebSite","@id":"https:\/\/sales-ai-agents.com\/#website","url":"https:\/\/sales-ai-agents.com\/","name":"FuseBase","description":"Sales AI Agents - Free Online Collaboration Software for Remote Teams. Build your wikis, client portals and more with the Nimbus Platform collaboration tool ? A perfect space for online work","publisher":{"@id":"https:\/\/sales-ai-agents.com\/#organization"},"potentialAction":[{"@type":"SearchAction","target":{"@type":"EntryPoint","urlTemplate":"https:\/\/sales-ai-agents.com\/?s={search_term_string}"},"query-input":{"@type":"PropertyValueSpecification","valueRequired":true,"valueName":"search_term_string"}}],"inLanguage":"tr"},{"@type":"Organization","@id":"https:\/\/sales-ai-agents.com\/#organization","name":"FuseBase","url":"https:\/\/sales-ai-agents.com\/","logo":{"@type":"ImageObject","inLanguage":"tr","@id":"https:\/\/sales-ai-agents.com\/#\/schema\/logo\/image\/","url":"https:\/\/sales-ai-agents.com\/wp-content\/uploads\/2023\/11\/icon-7.svg","contentUrl":"https:\/\/sales-ai-agents.com\/wp-content\/uploads\/2023\/11\/icon-7.svg","width":128,"height":128,"caption":"FuseBase"},"image":{"@id":"https:\/\/sales-ai-agents.com\/#\/schema\/logo\/image\/"}}]}},"_links":{"self":[{"href":"https:\/\/sales-ai-agents.com\/tr\/wp-json\/wp\/v2\/product\/58382","targetHints":{"allow":["GET"]}}],"collection":[{"href":"https:\/\/sales-ai-agents.com\/tr\/wp-json\/wp\/v2\/product"}],"about":[{"href":"https:\/\/sales-ai-agents.com\/tr\/wp-json\/wp\/v2\/types\/product"}],"wp:featuredmedia":[{"embeddable":true,"href":"https:\/\/sales-ai-agents.com\/tr\/wp-json\/wp\/v2\/media\/58383"}],"wp:attachment":[{"href":"https:\/\/sales-ai-agents.com\/tr\/wp-json\/wp\/v2\/media?parent=58382"}],"wp:term":[{"taxonomy":"product_brand","embeddable":true,"href":"https:\/\/sales-ai-agents.com\/tr\/wp-json\/wp\/v2\/product_brand?post=58382"},{"taxonomy":"product_cat","embeddable":true,"href":"https:\/\/sales-ai-agents.com\/tr\/wp-json\/wp\/v2\/product_cat?post=58382"},{"taxonomy":"product_tag","embeddable":true,"href":"https:\/\/sales-ai-agents.com\/tr\/wp-json\/wp\/v2\/product_tag?post=58382"}],"curies":[{"name":"wp","href":"https:\/\/api.w.org\/{rel}","templated":true}]}}