{"id":58385,"date":"2022-09-26T11:51:35","date_gmt":"2022-09-26T11:51:35","guid":{"rendered":"https:\/\/sales-ai-agents.com\/templates\/weekly-habit-tracker-and-scores\/"},"modified":"2024-01-02T11:48:49","modified_gmt":"2024-01-02T11:48:49","slug":"weekly-habit-tracker-and-scores","status":"publish","type":"product","link":"https:\/\/sales-ai-agents.com\/tr\/templates\/weekly-habit-tracker-and-scores\/","title":{"rendered":"Haftal\u0131k Al\u0131\u015fkanl\u0131k Takibi ve Puanlar"},"content":{"rendered":"<p>&nbsp;<\/p>\n<h2>Haftal\u0131k Al\u0131\u015fkanl\u0131k Takibi ve Puanlar<\/h2>\n<p class=\"desc-text\">Odaklanmad\u0131\u011f\u0131n\u0131z takdirde yeni al\u0131\u015fkanl\u0131klar\u0131 g\u00fcn\u00fcn\u00fcze dahil etmek zordur. Takip etmeden yeni okul veya i\u015f hedefleri belirlediniz mi? Yeni kal\u0131plar olu\u015fturmak zaman ve disiplin gerektirir. Size yard\u0131mc\u0131 olmak i\u00e7in, i\u015f, fitness veya e\u011fitim ba\u015far\u0131s\u0131 hedeflerini kaydetmek i\u00e7in tablolar ve kontrol listeleri i\u00e7eren ayl\u0131k bir al\u0131\u015fkanl\u0131k izleyici sa\u011flad\u0131k. Hedefler belirleyin ve hesap verebilir olmak i\u00e7in ilerlemeyi takip edin. De\u011fi\u015fiklik yapmak s\u00f6z konusu oldu\u011funda, k\u00fc\u00e7\u00fck bir planlama uzun bir yol kat eder.<\/p>\n<h5>Nas\u0131l kullan\u0131l\u0131r?<\/h5>\n<ul class=\"desc-item_list\">\n<li class=\"desc-item_list__point\">Ula\u015f\u0131lacak hedefleri ve al\u0131\u015fkanl\u0131klar\u0131 tan\u0131mlay\u0131n<\/li>\n<li class=\"desc-item_list__point\">Bunlar\u0131 tabloda do\u011fru kategori alt\u0131nda listeleyin<\/li>\n<li class=\"desc-item_list__point\">\u0130kinci b\u00f6l\u00fcmde hedefleri listeleyin<\/li>\n<li class=\"desc-item_list__point\">Ay\u0131n her g\u00fcn\u00fcn\u00fc takip edin<\/li>\n<li class=\"desc-item_list__point\">Her g\u00fcn i\u00e7in kendinize bir say\u0131 derecesi verin<\/li>\n<li class=\"desc-item_list__point\">Toplam derecelendirme say\u0131n\u0131z\u0131 hesaplay\u0131n<\/li>\n<li class=\"desc-item_list__point\">\u0130lerlemenizi de\u011ferlendirin ve yans\u0131t\u0131n<\/li>\n<\/ul>\n","protected":false},"excerpt":{"rendered":"<p>Yeni al\u0131\u015fkanl\u0131klar\u0131 g\u00fcn\u00fcn\u00fcze dahil etmek zor olabilir. Yeni al\u0131\u015fkanl\u0131klar\u0131n\u0131z\u0131n kal\u0131c\u0131 olmas\u0131n\u0131 sa\u011flamak i\u00e7in bu \u00fccretsiz \u00f6zelle\u015ftirilebilir \u015fablonu kullan\u0131n.<\/p>\n","protected":false},"featured_media":58386,"template":"","meta":{"_acf_changed":false,"inline_featured_image":false},"product_brand":[],"product_cat":[259,256],"product_tag":[],"class_list":{"0":"post-58385","1":"product","2":"type-product","3":"status-publish","4":"has-post-thumbnail","6":"product_cat-personal-health","7":"product_cat-organizers-planners","9":"first","10":"instock","11":"virtual","12":"sold-individually","13":"product-type-simple"},"acf":[],"yoast_head":"<!-- This site is optimized with the Yoast SEO plugin v25.3.1 - https:\/\/yoast.com\/wordpress\/plugins\/seo\/ -->\n<title>Haftal\u0131k Al\u0131\u015fkanl\u0131k \u0130zleyici + Puanlama \u015eablonu - Sales AI Agents<\/title>\n<meta name=\"description\" content=\"Yeni al\u0131\u015fkanl\u0131klar\u0131 g\u00fcn\u00fcn\u00fcze dahil etmek zor olabilir. Yeni al\u0131\u015fkanl\u0131klar\u0131n\u0131z\u0131n kal\u0131c\u0131 olmas\u0131n\u0131 sa\u011flamak i\u00e7in bu \u00fccretsiz \u00f6zelle\u015ftirilebilir \u015fablonu kullan\u0131n.\" \/>\n<meta name=\"robots\" content=\"index, follow, max-snippet:-1, max-image-preview:large, max-video-preview:-1\" \/>\n<link rel=\"canonical\" href=\"https:\/\/sales-ai-agents.com\/tr\/templates\/weekly-habit-tracker-and-scores\/\" \/>\n<meta property=\"og:locale\" content=\"tr_TR\" \/>\n<meta property=\"og:type\" content=\"article\" \/>\n<meta property=\"og:title\" content=\"Haftal\u0131k Al\u0131\u015fkanl\u0131k \u0130zleyici + Puanlama \u015eablonu - Sales AI Agents\" \/>\n<meta property=\"og:description\" content=\"Yeni al\u0131\u015fkanl\u0131klar\u0131 g\u00fcn\u00fcn\u00fcze dahil etmek zor olabilir. Yeni al\u0131\u015fkanl\u0131klar\u0131n\u0131z\u0131n kal\u0131c\u0131 olmas\u0131n\u0131 sa\u011flamak i\u00e7in bu \u00fccretsiz \u00f6zelle\u015ftirilebilir \u015fablonu kullan\u0131n.\" \/>\n<meta property=\"og:url\" content=\"https:\/\/sales-ai-agents.com\/tr\/templates\/weekly-habit-tracker-and-scores\/\" \/>\n<meta property=\"og:site_name\" content=\"Sales AI Agents\" \/>\n<meta property=\"article:modified_time\" content=\"2024-01-02T11:48:49+00:00\" \/>\n<meta property=\"og:image\" content=\"https:\/\/sales-ai-agents.com\/wp-content\/uploads\/2023\/01\/image-preview124257.png\" \/>\n\t<meta property=\"og:image:width\" content=\"1078\" \/>\n\t<meta property=\"og:image:height\" content=\"1169\" \/>\n\t<meta property=\"og:image:type\" content=\"image\/png\" \/>\n<meta name=\"twitter:card\" content=\"summary_large_image\" \/>\n<script type=\"application\/ld+json\" class=\"yoast-schema-graph\">{\"@context\":\"https:\/\/schema.org\",\"@graph\":[{\"@type\":\"WebPage\",\"@id\":\"https:\/\/sales-ai-agents.com\/tr\/templates\/weekly-habit-tracker-and-scores\/\",\"url\":\"https:\/\/sales-ai-agents.com\/tr\/templates\/weekly-habit-tracker-and-scores\/\",\"name\":\"Haftal\u0131k Al\u0131\u015fkanl\u0131k \u0130zleyici + Puanlama \u015eablonu - Sales AI Agents\",\"isPartOf\":{\"@id\":\"https:\/\/sales-ai-agents.com\/#website\"},\"primaryImageOfPage\":{\"@id\":\"https:\/\/sales-ai-agents.com\/tr\/templates\/weekly-habit-tracker-and-scores\/#primaryimage\"},\"image\":{\"@id\":\"https:\/\/sales-ai-agents.com\/tr\/templates\/weekly-habit-tracker-and-scores\/#primaryimage\"},\"thumbnailUrl\":\"https:\/\/sales-ai-agents.com\/wp-content\/uploads\/2023\/01\/image-preview124257.png\",\"datePublished\":\"2022-09-26T11:51:35+00:00\",\"dateModified\":\"2024-01-02T11:48:49+00:00\",\"description\":\"Yeni al\u0131\u015fkanl\u0131klar\u0131 g\u00fcn\u00fcn\u00fcze dahil etmek zor olabilir. Yeni al\u0131\u015fkanl\u0131klar\u0131n\u0131z\u0131n kal\u0131c\u0131 olmas\u0131n\u0131 sa\u011flamak i\u00e7in bu \u00fccretsiz \u00f6zelle\u015ftirilebilir \u015fablonu kullan\u0131n.\",\"inLanguage\":\"tr\",\"potentialAction\":[{\"@type\":\"ReadAction\",\"target\":[\"https:\/\/sales-ai-agents.com\/tr\/templates\/weekly-habit-tracker-and-scores\/\"]}]},{\"@type\":\"ImageObject\",\"inLanguage\":\"tr\",\"@id\":\"https:\/\/sales-ai-agents.com\/tr\/templates\/weekly-habit-tracker-and-scores\/#primaryimage\",\"url\":\"https:\/\/sales-ai-agents.com\/wp-content\/uploads\/2023\/01\/image-preview124257.png\",\"contentUrl\":\"https:\/\/sales-ai-agents.com\/wp-content\/uploads\/2023\/01\/image-preview124257.png\",\"width\":1078,\"height\":1169},{\"@type\":\"WebSite\",\"@id\":\"https:\/\/sales-ai-agents.com\/#website\",\"url\":\"https:\/\/sales-ai-agents.com\/\",\"name\":\"FuseBase\",\"description\":\"Sales AI Agents - Free Online Collaboration Software for Remote Teams. Build your wikis, client portals and more with the Nimbus Platform collaboration tool ? A perfect space for online work\",\"publisher\":{\"@id\":\"https:\/\/sales-ai-agents.com\/#organization\"},\"potentialAction\":[{\"@type\":\"SearchAction\",\"target\":{\"@type\":\"EntryPoint\",\"urlTemplate\":\"https:\/\/sales-ai-agents.com\/?s={search_term_string}\"},\"query-input\":{\"@type\":\"PropertyValueSpecification\",\"valueRequired\":true,\"valueName\":\"search_term_string\"}}],\"inLanguage\":\"tr\"},{\"@type\":\"Organization\",\"@id\":\"https:\/\/sales-ai-agents.com\/#organization\",\"name\":\"FuseBase\",\"url\":\"https:\/\/sales-ai-agents.com\/\",\"logo\":{\"@type\":\"ImageObject\",\"inLanguage\":\"tr\",\"@id\":\"https:\/\/sales-ai-agents.com\/#\/schema\/logo\/image\/\",\"url\":\"https:\/\/sales-ai-agents.com\/wp-content\/uploads\/2023\/11\/icon-7.svg\",\"contentUrl\":\"https:\/\/sales-ai-agents.com\/wp-content\/uploads\/2023\/11\/icon-7.svg\",\"width\":128,\"height\":128,\"caption\":\"FuseBase\"},\"image\":{\"@id\":\"https:\/\/sales-ai-agents.com\/#\/schema\/logo\/image\/\"}}]}<\/script>\n<!-- \/ Yoast SEO plugin. -->","yoast_head_json":{"title":"Haftal\u0131k Al\u0131\u015fkanl\u0131k \u0130zleyici + Puanlama \u015eablonu - Sales AI Agents","description":"Yeni al\u0131\u015fkanl\u0131klar\u0131 g\u00fcn\u00fcn\u00fcze dahil etmek zor olabilir. Yeni al\u0131\u015fkanl\u0131klar\u0131n\u0131z\u0131n kal\u0131c\u0131 olmas\u0131n\u0131 sa\u011flamak i\u00e7in bu \u00fccretsiz \u00f6zelle\u015ftirilebilir \u015fablonu kullan\u0131n.","robots":{"index":"index","follow":"follow","max-snippet":"max-snippet:-1","max-image-preview":"max-image-preview:large","max-video-preview":"max-video-preview:-1"},"canonical":"https:\/\/sales-ai-agents.com\/tr\/templates\/weekly-habit-tracker-and-scores\/","og_locale":"tr_TR","og_type":"article","og_title":"Haftal\u0131k Al\u0131\u015fkanl\u0131k \u0130zleyici + Puanlama \u015eablonu - Sales AI Agents","og_description":"Yeni al\u0131\u015fkanl\u0131klar\u0131 g\u00fcn\u00fcn\u00fcze dahil etmek zor olabilir. Yeni al\u0131\u015fkanl\u0131klar\u0131n\u0131z\u0131n kal\u0131c\u0131 olmas\u0131n\u0131 sa\u011flamak i\u00e7in bu \u00fccretsiz \u00f6zelle\u015ftirilebilir \u015fablonu kullan\u0131n.","og_url":"https:\/\/sales-ai-agents.com\/tr\/templates\/weekly-habit-tracker-and-scores\/","og_site_name":"Sales AI Agents","article_modified_time":"2024-01-02T11:48:49+00:00","og_image":[{"width":1078,"height":1169,"url":"https:\/\/sales-ai-agents.com\/wp-content\/uploads\/2023\/01\/image-preview124257.png","type":"image\/png"}],"twitter_card":"summary_large_image","schema":{"@context":"https:\/\/schema.org","@graph":[{"@type":"WebPage","@id":"https:\/\/sales-ai-agents.com\/tr\/templates\/weekly-habit-tracker-and-scores\/","url":"https:\/\/sales-ai-agents.com\/tr\/templates\/weekly-habit-tracker-and-scores\/","name":"Haftal\u0131k Al\u0131\u015fkanl\u0131k \u0130zleyici + Puanlama \u015eablonu - Sales AI Agents","isPartOf":{"@id":"https:\/\/sales-ai-agents.com\/#website"},"primaryImageOfPage":{"@id":"https:\/\/sales-ai-agents.com\/tr\/templates\/weekly-habit-tracker-and-scores\/#primaryimage"},"image":{"@id":"https:\/\/sales-ai-agents.com\/tr\/templates\/weekly-habit-tracker-and-scores\/#primaryimage"},"thumbnailUrl":"https:\/\/sales-ai-agents.com\/wp-content\/uploads\/2023\/01\/image-preview124257.png","datePublished":"2022-09-26T11:51:35+00:00","dateModified":"2024-01-02T11:48:49+00:00","description":"Yeni al\u0131\u015fkanl\u0131klar\u0131 g\u00fcn\u00fcn\u00fcze dahil etmek zor olabilir. Yeni al\u0131\u015fkanl\u0131klar\u0131n\u0131z\u0131n kal\u0131c\u0131 olmas\u0131n\u0131 sa\u011flamak i\u00e7in bu \u00fccretsiz \u00f6zelle\u015ftirilebilir \u015fablonu kullan\u0131n.","inLanguage":"tr","potentialAction":[{"@type":"ReadAction","target":["https:\/\/sales-ai-agents.com\/tr\/templates\/weekly-habit-tracker-and-scores\/"]}]},{"@type":"ImageObject","inLanguage":"tr","@id":"https:\/\/sales-ai-agents.com\/tr\/templates\/weekly-habit-tracker-and-scores\/#primaryimage","url":"https:\/\/sales-ai-agents.com\/wp-content\/uploads\/2023\/01\/image-preview124257.png","contentUrl":"https:\/\/sales-ai-agents.com\/wp-content\/uploads\/2023\/01\/image-preview124257.png","width":1078,"height":1169},{"@type":"WebSite","@id":"https:\/\/sales-ai-agents.com\/#website","url":"https:\/\/sales-ai-agents.com\/","name":"FuseBase","description":"Sales AI Agents - Free Online Collaboration Software for Remote Teams. Build your wikis, client portals and more with the Nimbus Platform collaboration tool ? A perfect space for online work","publisher":{"@id":"https:\/\/sales-ai-agents.com\/#organization"},"potentialAction":[{"@type":"SearchAction","target":{"@type":"EntryPoint","urlTemplate":"https:\/\/sales-ai-agents.com\/?s={search_term_string}"},"query-input":{"@type":"PropertyValueSpecification","valueRequired":true,"valueName":"search_term_string"}}],"inLanguage":"tr"},{"@type":"Organization","@id":"https:\/\/sales-ai-agents.com\/#organization","name":"FuseBase","url":"https:\/\/sales-ai-agents.com\/","logo":{"@type":"ImageObject","inLanguage":"tr","@id":"https:\/\/sales-ai-agents.com\/#\/schema\/logo\/image\/","url":"https:\/\/sales-ai-agents.com\/wp-content\/uploads\/2023\/11\/icon-7.svg","contentUrl":"https:\/\/sales-ai-agents.com\/wp-content\/uploads\/2023\/11\/icon-7.svg","width":128,"height":128,"caption":"FuseBase"},"image":{"@id":"https:\/\/sales-ai-agents.com\/#\/schema\/logo\/image\/"}}]}},"_links":{"self":[{"href":"https:\/\/sales-ai-agents.com\/tr\/wp-json\/wp\/v2\/product\/58385","targetHints":{"allow":["GET"]}}],"collection":[{"href":"https:\/\/sales-ai-agents.com\/tr\/wp-json\/wp\/v2\/product"}],"about":[{"href":"https:\/\/sales-ai-agents.com\/tr\/wp-json\/wp\/v2\/types\/product"}],"wp:featuredmedia":[{"embeddable":true,"href":"https:\/\/sales-ai-agents.com\/tr\/wp-json\/wp\/v2\/media\/58386"}],"wp:attachment":[{"href":"https:\/\/sales-ai-agents.com\/tr\/wp-json\/wp\/v2\/media?parent=58385"}],"wp:term":[{"taxonomy":"product_brand","embeddable":true,"href":"https:\/\/sales-ai-agents.com\/tr\/wp-json\/wp\/v2\/product_brand?post=58385"},{"taxonomy":"product_cat","embeddable":true,"href":"https:\/\/sales-ai-agents.com\/tr\/wp-json\/wp\/v2\/product_cat?post=58385"},{"taxonomy":"product_tag","embeddable":true,"href":"https:\/\/sales-ai-agents.com\/tr\/wp-json\/wp\/v2\/product_tag?post=58385"}],"curies":[{"name":"wp","href":"https:\/\/api.w.org\/{rel}","templated":true}]}}