{"id":58389,"date":"2022-09-26T11:51:29","date_gmt":"2022-09-26T11:51:29","guid":{"rendered":"https:\/\/sales-ai-agents.com\/templates\/new-employee-welcome-letter\/"},"modified":"2023-12-26T14:48:35","modified_gmt":"2023-12-26T14:48:35","slug":"new-employee-welcome-letter","status":"publish","type":"product","link":"https:\/\/sales-ai-agents.com\/tr\/templates\/new-employee-welcome-letter\/","title":{"rendered":"Yeni \u00c7al\u0131\u015fan Kar\u015f\u0131lama Mektubu"},"content":{"rendered":"<p>&nbsp;<\/p>\n<h2>Yeni \u00c7al\u0131\u015fan Kar\u015f\u0131lama Mektubu \u015eablonu<\/h2>\n<p class=\"desc-text\">Ekibinize yeni bir \u00e7al\u0131\u015fan katmak heyecan verici olabilir, ancak ayn\u0131 zamanda \u00e7ok say\u0131da evrak i\u015fi, e\u011fitim ve i\u015fe al\u0131m s\u00fcrecini de i\u00e7erir. Kar\u015f\u0131lama s\u00fcrecini kolayla\u015ft\u0131rmak i\u00e7in \u00e7al\u0131\u015fan kar\u015f\u0131lama mektubu \u015fablonumuza g\u00f6z at\u0131n. Bu haz\u0131r \u015fablon ile kurulu\u015funuzu tan\u0131tabilir ve i\u015fe al\u0131m i\u00e7in kullan\u0131m\u0131 kolay bir kontrol listesi olu\u015fturabilirsiniz. Ayr\u0131ca \u00f6nemli belgeleri ve kar\u015f\u0131lama paketlerini de y\u00fckleyebilirsiniz. Yeni \u00e7al\u0131\u015fan\u0131n\u0131z t\u00fcm \u00f6nemli bilgilere tek bir aray\u00fczden eri\u015febilecektir.<\/p>\n<h5>Nas\u0131l kullan\u0131l\u0131r?<\/h5>\n<ul class=\"desc-item_list\">\n<li class=\"desc-item_list__point\">Mektup \u015fablonunu doldurun<\/li>\n<li class=\"desc-item_list__point\">Konum turu i\u00e7in bir kontrol listesi olu\u015fturun<\/li>\n<li class=\"desc-item_list__point\">WiFi ve kap\u0131 kodlar\u0131 gibi bilgileri ekleyin<\/li>\n<li class=\"desc-item_list__point\">Dosyalar\u0131 y\u00fckleyin (\u00f6rn. Ho\u015f Geldiniz Paketi, E\u011fitim K\u0131lavuzu, vb.)<\/li>\n<\/ul>\n","protected":false},"excerpt":{"rendered":"<p>Ekibinize yeni bir \u00e7al\u0131\u015fan katmak i\u00e7in \u00e7ok say\u0131da evrak i\u015fi, e\u011fitim ve i\u015fe al\u0131\u015ft\u0131rma gerekir. Bu s\u00fcreci kolayla\u015ft\u0131rmak i\u00e7in bir \u00e7al\u0131\u015fan kar\u015f\u0131lama mektubu \u015fablonu kullan\u0131n.<\/p>\n","protected":false},"featured_media":58390,"template":"","meta":{"_acf_changed":false,"inline_featured_image":false},"product_brand":[],"product_cat":[218],"product_tag":[],"class_list":{"0":"post-58389","1":"product","2":"type-product","3":"status-publish","4":"has-post-thumbnail","6":"product_cat-operations","8":"first","9":"instock","10":"virtual","11":"sold-individually","12":"product-type-simple"},"acf":[],"yoast_head":"<!-- This site is optimized with the Yoast SEO plugin v25.3.1 - https:\/\/yoast.com\/wordpress\/plugins\/seo\/ -->\n<title>Yeni \u00c7al\u0131\u015fan Kar\u015f\u0131lama Mektubu \u015eablonu - Sales AI Agents<\/title>\n<meta name=\"description\" content=\"Ekibinize yeni bir \u00e7al\u0131\u015fan katmak i\u00e7in \u00e7ok say\u0131da evrak i\u015fi, e\u011fitim ve i\u015fe al\u0131\u015ft\u0131rma gerekir. Bu s\u00fcreci kolayla\u015ft\u0131rmak i\u00e7in bir \u00e7al\u0131\u015fan kar\u015f\u0131lama mektubu \u015fablonu kullan\u0131n.\" \/>\n<meta name=\"robots\" content=\"index, follow, max-snippet:-1, max-image-preview:large, max-video-preview:-1\" \/>\n<link rel=\"canonical\" href=\"https:\/\/sales-ai-agents.com\/tr\/templates\/new-employee-welcome-letter\/\" \/>\n<meta property=\"og:locale\" content=\"tr_TR\" \/>\n<meta property=\"og:type\" content=\"article\" \/>\n<meta property=\"og:title\" content=\"Yeni \u00c7al\u0131\u015fan Kar\u015f\u0131lama Mektubu \u015eablonu - Sales AI Agents\" \/>\n<meta property=\"og:description\" content=\"Ekibinize yeni bir \u00e7al\u0131\u015fan katmak i\u00e7in \u00e7ok say\u0131da evrak i\u015fi, e\u011fitim ve i\u015fe al\u0131\u015ft\u0131rma gerekir. Bu s\u00fcreci kolayla\u015ft\u0131rmak i\u00e7in bir \u00e7al\u0131\u015fan kar\u015f\u0131lama mektubu \u015fablonu kullan\u0131n.\" \/>\n<meta property=\"og:url\" content=\"https:\/\/sales-ai-agents.com\/tr\/templates\/new-employee-welcome-letter\/\" \/>\n<meta property=\"og:site_name\" content=\"Sales AI Agents\" \/>\n<meta property=\"article:modified_time\" content=\"2023-12-26T14:48:35+00:00\" \/>\n<meta property=\"og:image\" content=\"https:\/\/sales-ai-agents.com\/wp-content\/uploads\/2023\/01\/image-preview123850.png\" \/>\n\t<meta property=\"og:image:width\" content=\"1078\" \/>\n\t<meta property=\"og:image:height\" content=\"2022\" \/>\n\t<meta property=\"og:image:type\" content=\"image\/png\" \/>\n<meta name=\"twitter:card\" content=\"summary_large_image\" \/>\n<script type=\"application\/ld+json\" class=\"yoast-schema-graph\">{\"@context\":\"https:\/\/schema.org\",\"@graph\":[{\"@type\":\"WebPage\",\"@id\":\"https:\/\/sales-ai-agents.com\/tr\/templates\/new-employee-welcome-letter\/\",\"url\":\"https:\/\/sales-ai-agents.com\/tr\/templates\/new-employee-welcome-letter\/\",\"name\":\"Yeni \u00c7al\u0131\u015fan Kar\u015f\u0131lama Mektubu \u015eablonu - Sales AI Agents\",\"isPartOf\":{\"@id\":\"https:\/\/sales-ai-agents.com\/#website\"},\"primaryImageOfPage\":{\"@id\":\"https:\/\/sales-ai-agents.com\/tr\/templates\/new-employee-welcome-letter\/#primaryimage\"},\"image\":{\"@id\":\"https:\/\/sales-ai-agents.com\/tr\/templates\/new-employee-welcome-letter\/#primaryimage\"},\"thumbnailUrl\":\"https:\/\/sales-ai-agents.com\/wp-content\/uploads\/2023\/01\/image-preview123850.png\",\"datePublished\":\"2022-09-26T11:51:29+00:00\",\"dateModified\":\"2023-12-26T14:48:35+00:00\",\"description\":\"Ekibinize yeni bir \u00e7al\u0131\u015fan katmak i\u00e7in \u00e7ok say\u0131da evrak i\u015fi, e\u011fitim ve i\u015fe al\u0131\u015ft\u0131rma gerekir. Bu s\u00fcreci kolayla\u015ft\u0131rmak i\u00e7in bir \u00e7al\u0131\u015fan kar\u015f\u0131lama mektubu \u015fablonu kullan\u0131n.\",\"inLanguage\":\"tr\",\"potentialAction\":[{\"@type\":\"ReadAction\",\"target\":[\"https:\/\/sales-ai-agents.com\/tr\/templates\/new-employee-welcome-letter\/\"]}]},{\"@type\":\"ImageObject\",\"inLanguage\":\"tr\",\"@id\":\"https:\/\/sales-ai-agents.com\/tr\/templates\/new-employee-welcome-letter\/#primaryimage\",\"url\":\"https:\/\/sales-ai-agents.com\/wp-content\/uploads\/2023\/01\/image-preview123850.png\",\"contentUrl\":\"https:\/\/sales-ai-agents.com\/wp-content\/uploads\/2023\/01\/image-preview123850.png\",\"width\":1078,\"height\":2022},{\"@type\":\"WebSite\",\"@id\":\"https:\/\/sales-ai-agents.com\/#website\",\"url\":\"https:\/\/sales-ai-agents.com\/\",\"name\":\"FuseBase\",\"description\":\"Sales AI Agents - Free Online Collaboration Software for Remote Teams. Build your wikis, client portals and more with the Nimbus Platform collaboration tool ? A perfect space for online work\",\"publisher\":{\"@id\":\"https:\/\/sales-ai-agents.com\/#organization\"},\"potentialAction\":[{\"@type\":\"SearchAction\",\"target\":{\"@type\":\"EntryPoint\",\"urlTemplate\":\"https:\/\/sales-ai-agents.com\/?s={search_term_string}\"},\"query-input\":{\"@type\":\"PropertyValueSpecification\",\"valueRequired\":true,\"valueName\":\"search_term_string\"}}],\"inLanguage\":\"tr\"},{\"@type\":\"Organization\",\"@id\":\"https:\/\/sales-ai-agents.com\/#organization\",\"name\":\"FuseBase\",\"url\":\"https:\/\/sales-ai-agents.com\/\",\"logo\":{\"@type\":\"ImageObject\",\"inLanguage\":\"tr\",\"@id\":\"https:\/\/sales-ai-agents.com\/#\/schema\/logo\/image\/\",\"url\":\"https:\/\/sales-ai-agents.com\/wp-content\/uploads\/2023\/11\/icon-7.svg\",\"contentUrl\":\"https:\/\/sales-ai-agents.com\/wp-content\/uploads\/2023\/11\/icon-7.svg\",\"width\":128,\"height\":128,\"caption\":\"FuseBase\"},\"image\":{\"@id\":\"https:\/\/sales-ai-agents.com\/#\/schema\/logo\/image\/\"}}]}<\/script>\n<!-- \/ Yoast SEO plugin. -->","yoast_head_json":{"title":"Yeni \u00c7al\u0131\u015fan Kar\u015f\u0131lama Mektubu \u015eablonu - Sales AI Agents","description":"Ekibinize yeni bir \u00e7al\u0131\u015fan katmak i\u00e7in \u00e7ok say\u0131da evrak i\u015fi, e\u011fitim ve i\u015fe al\u0131\u015ft\u0131rma gerekir. Bu s\u00fcreci kolayla\u015ft\u0131rmak i\u00e7in bir \u00e7al\u0131\u015fan kar\u015f\u0131lama mektubu \u015fablonu kullan\u0131n.","robots":{"index":"index","follow":"follow","max-snippet":"max-snippet:-1","max-image-preview":"max-image-preview:large","max-video-preview":"max-video-preview:-1"},"canonical":"https:\/\/sales-ai-agents.com\/tr\/templates\/new-employee-welcome-letter\/","og_locale":"tr_TR","og_type":"article","og_title":"Yeni \u00c7al\u0131\u015fan Kar\u015f\u0131lama Mektubu \u015eablonu - Sales AI Agents","og_description":"Ekibinize yeni bir \u00e7al\u0131\u015fan katmak i\u00e7in \u00e7ok say\u0131da evrak i\u015fi, e\u011fitim ve i\u015fe al\u0131\u015ft\u0131rma gerekir. Bu s\u00fcreci kolayla\u015ft\u0131rmak i\u00e7in bir \u00e7al\u0131\u015fan kar\u015f\u0131lama mektubu \u015fablonu kullan\u0131n.","og_url":"https:\/\/sales-ai-agents.com\/tr\/templates\/new-employee-welcome-letter\/","og_site_name":"Sales AI Agents","article_modified_time":"2023-12-26T14:48:35+00:00","og_image":[{"width":1078,"height":2022,"url":"https:\/\/sales-ai-agents.com\/wp-content\/uploads\/2023\/01\/image-preview123850.png","type":"image\/png"}],"twitter_card":"summary_large_image","schema":{"@context":"https:\/\/schema.org","@graph":[{"@type":"WebPage","@id":"https:\/\/sales-ai-agents.com\/tr\/templates\/new-employee-welcome-letter\/","url":"https:\/\/sales-ai-agents.com\/tr\/templates\/new-employee-welcome-letter\/","name":"Yeni \u00c7al\u0131\u015fan Kar\u015f\u0131lama Mektubu \u015eablonu - Sales AI Agents","isPartOf":{"@id":"https:\/\/sales-ai-agents.com\/#website"},"primaryImageOfPage":{"@id":"https:\/\/sales-ai-agents.com\/tr\/templates\/new-employee-welcome-letter\/#primaryimage"},"image":{"@id":"https:\/\/sales-ai-agents.com\/tr\/templates\/new-employee-welcome-letter\/#primaryimage"},"thumbnailUrl":"https:\/\/sales-ai-agents.com\/wp-content\/uploads\/2023\/01\/image-preview123850.png","datePublished":"2022-09-26T11:51:29+00:00","dateModified":"2023-12-26T14:48:35+00:00","description":"Ekibinize yeni bir \u00e7al\u0131\u015fan katmak i\u00e7in \u00e7ok say\u0131da evrak i\u015fi, e\u011fitim ve i\u015fe al\u0131\u015ft\u0131rma gerekir. Bu s\u00fcreci kolayla\u015ft\u0131rmak i\u00e7in bir \u00e7al\u0131\u015fan kar\u015f\u0131lama mektubu \u015fablonu kullan\u0131n.","inLanguage":"tr","potentialAction":[{"@type":"ReadAction","target":["https:\/\/sales-ai-agents.com\/tr\/templates\/new-employee-welcome-letter\/"]}]},{"@type":"ImageObject","inLanguage":"tr","@id":"https:\/\/sales-ai-agents.com\/tr\/templates\/new-employee-welcome-letter\/#primaryimage","url":"https:\/\/sales-ai-agents.com\/wp-content\/uploads\/2023\/01\/image-preview123850.png","contentUrl":"https:\/\/sales-ai-agents.com\/wp-content\/uploads\/2023\/01\/image-preview123850.png","width":1078,"height":2022},{"@type":"WebSite","@id":"https:\/\/sales-ai-agents.com\/#website","url":"https:\/\/sales-ai-agents.com\/","name":"FuseBase","description":"Sales AI Agents - Free Online Collaboration Software for Remote Teams. Build your wikis, client portals and more with the Nimbus Platform collaboration tool ? A perfect space for online work","publisher":{"@id":"https:\/\/sales-ai-agents.com\/#organization"},"potentialAction":[{"@type":"SearchAction","target":{"@type":"EntryPoint","urlTemplate":"https:\/\/sales-ai-agents.com\/?s={search_term_string}"},"query-input":{"@type":"PropertyValueSpecification","valueRequired":true,"valueName":"search_term_string"}}],"inLanguage":"tr"},{"@type":"Organization","@id":"https:\/\/sales-ai-agents.com\/#organization","name":"FuseBase","url":"https:\/\/sales-ai-agents.com\/","logo":{"@type":"ImageObject","inLanguage":"tr","@id":"https:\/\/sales-ai-agents.com\/#\/schema\/logo\/image\/","url":"https:\/\/sales-ai-agents.com\/wp-content\/uploads\/2023\/11\/icon-7.svg","contentUrl":"https:\/\/sales-ai-agents.com\/wp-content\/uploads\/2023\/11\/icon-7.svg","width":128,"height":128,"caption":"FuseBase"},"image":{"@id":"https:\/\/sales-ai-agents.com\/#\/schema\/logo\/image\/"}}]}},"_links":{"self":[{"href":"https:\/\/sales-ai-agents.com\/tr\/wp-json\/wp\/v2\/product\/58389","targetHints":{"allow":["GET"]}}],"collection":[{"href":"https:\/\/sales-ai-agents.com\/tr\/wp-json\/wp\/v2\/product"}],"about":[{"href":"https:\/\/sales-ai-agents.com\/tr\/wp-json\/wp\/v2\/types\/product"}],"wp:featuredmedia":[{"embeddable":true,"href":"https:\/\/sales-ai-agents.com\/tr\/wp-json\/wp\/v2\/media\/58390"}],"wp:attachment":[{"href":"https:\/\/sales-ai-agents.com\/tr\/wp-json\/wp\/v2\/media?parent=58389"}],"wp:term":[{"taxonomy":"product_brand","embeddable":true,"href":"https:\/\/sales-ai-agents.com\/tr\/wp-json\/wp\/v2\/product_brand?post=58389"},{"taxonomy":"product_cat","embeddable":true,"href":"https:\/\/sales-ai-agents.com\/tr\/wp-json\/wp\/v2\/product_cat?post=58389"},{"taxonomy":"product_tag","embeddable":true,"href":"https:\/\/sales-ai-agents.com\/tr\/wp-json\/wp\/v2\/product_tag?post=58389"}],"curies":[{"name":"wp","href":"https:\/\/api.w.org\/{rel}","templated":true}]}}