{"id":58393,"date":"2022-09-26T11:50:29","date_gmt":"2022-09-26T11:50:29","guid":{"rendered":"https:\/\/sales-ai-agents.com\/templates\/applicant-tracker\/"},"modified":"2023-12-26T15:19:51","modified_gmt":"2023-12-26T15:19:51","slug":"applicant-tracker","status":"publish","type":"product","link":"https:\/\/sales-ai-agents.com\/tr\/templates\/applicant-tracker\/","title":{"rendered":"Ba\u015fvuru Takibi"},"content":{"rendered":"<p>&nbsp;<\/p>\n<h2>Ba\u015fvuru Takip \u015eablonu<\/h2>\n<p class=\"desc-text\">Bir aday bulmak i\u00e7in birden fazla adayla g\u00f6r\u00fc\u015fme yap\u0131lmas\u0131 gerekebilir. Ba\u015fvuru sahiplerini takip etmek i\u00e7in bu ba\u015fvuru takip arac\u0131n\u0131 kullan\u0131n. Potansiyel adaylar\u0131 listelemek i\u00e7in bir tablo i\u00e7erir. Ayr\u0131ca, her bir ba\u015fvuru sahibi hakk\u0131nda bilgi ekleyebilir ve i\u015fe al\u0131m s\u00fcrecindeki mevcut a\u015famalar\u0131ndan haberdar olabilirsiniz.<\/p>\n<h5>Nas\u0131l kullan\u0131l\u0131r?<\/h5>\n<ul class=\"desc-item_list\">\n<li class=\"desc-item_list__point\">Ba\u015fvuru sahiplerini masada listeleyin<\/li>\n<li class=\"desc-item_list__point\">Onay kutular\u0131n\u0131 kullanarak durumlar\u0131n\u0131 takip edin<\/li>\n<li class=\"desc-item_list__point\">Her ba\u015fvuru sahibi hakk\u0131nda notlar ekleyin<\/li>\n<li class=\"desc-item_list__point\">\u00d6zge\u00e7mi\u015flerini ve \u00f6n yaz\u0131lar\u0131n\u0131 tabloya y\u00fckleyin<\/li>\n<li class=\"desc-item_list__point\">\u0130\u015fe al\u0131m s\u00fcrecindeki sonraki ad\u0131mlara dikkat edin<\/li>\n<\/ul>\n","protected":false},"excerpt":{"rendered":"<p>Bir aday bulmak i\u00e7in birden fazla adayla g\u00f6r\u00fc\u015fme yap\u0131lmas\u0131 gerekebilir. T\u00fcm ba\u015fvurular\u0131 takip etmek i\u00e7in bu \u00fccretsiz ba\u015fvuru takip \u015fablonunu kullan\u0131n.<\/p>\n","protected":false},"featured_media":58394,"template":"","meta":{"_acf_changed":false,"inline_featured_image":false},"product_brand":[],"product_cat":[218],"product_tag":[],"class_list":{"0":"post-58393","1":"product","2":"type-product","3":"status-publish","4":"has-post-thumbnail","6":"product_cat-operations","8":"first","9":"instock","10":"virtual","11":"sold-individually","12":"product-type-simple"},"acf":[],"yoast_head":"<!-- This site is optimized with the Yoast SEO plugin v25.3.1 - https:\/\/yoast.com\/wordpress\/plugins\/seo\/ -->\n<title>Ba\u015fvuru Takip \u015eablonu - Sales AI Agents<\/title>\n<meta name=\"description\" content=\"Bir aday bulmak i\u00e7in birden fazla adayla g\u00f6r\u00fc\u015fme yap\u0131lmas\u0131 gerekebilir. T\u00fcm ba\u015fvurular\u0131 takip etmek i\u00e7in bu \u00fccretsiz ba\u015fvuru takip \u015fablonunu kullan\u0131n.\" \/>\n<meta name=\"robots\" content=\"index, follow, max-snippet:-1, max-image-preview:large, max-video-preview:-1\" \/>\n<link rel=\"canonical\" href=\"https:\/\/sales-ai-agents.com\/tr\/templates\/applicant-tracker\/\" \/>\n<meta property=\"og:locale\" content=\"tr_TR\" \/>\n<meta property=\"og:type\" content=\"article\" \/>\n<meta property=\"og:title\" content=\"Ba\u015fvuru Takip \u015eablonu - Sales AI Agents\" \/>\n<meta property=\"og:description\" content=\"Bir aday bulmak i\u00e7in birden fazla adayla g\u00f6r\u00fc\u015fme yap\u0131lmas\u0131 gerekebilir. T\u00fcm ba\u015fvurular\u0131 takip etmek i\u00e7in bu \u00fccretsiz ba\u015fvuru takip \u015fablonunu kullan\u0131n.\" \/>\n<meta property=\"og:url\" content=\"https:\/\/sales-ai-agents.com\/tr\/templates\/applicant-tracker\/\" \/>\n<meta property=\"og:site_name\" content=\"Sales AI Agents\" \/>\n<meta property=\"article:modified_time\" content=\"2023-12-26T15:19:51+00:00\" \/>\n<meta property=\"og:image\" content=\"https:\/\/sales-ai-agents.com\/wp-content\/uploads\/2023\/01\/image-preview124453.png\" \/>\n\t<meta property=\"og:image:width\" content=\"1078\" \/>\n\t<meta property=\"og:image:height\" content=\"2700\" \/>\n\t<meta property=\"og:image:type\" content=\"image\/png\" \/>\n<meta name=\"twitter:card\" content=\"summary_large_image\" \/>\n<script type=\"application\/ld+json\" class=\"yoast-schema-graph\">{\"@context\":\"https:\/\/schema.org\",\"@graph\":[{\"@type\":\"WebPage\",\"@id\":\"https:\/\/sales-ai-agents.com\/tr\/templates\/applicant-tracker\/\",\"url\":\"https:\/\/sales-ai-agents.com\/tr\/templates\/applicant-tracker\/\",\"name\":\"Ba\u015fvuru Takip \u015eablonu - Sales AI Agents\",\"isPartOf\":{\"@id\":\"https:\/\/sales-ai-agents.com\/#website\"},\"primaryImageOfPage\":{\"@id\":\"https:\/\/sales-ai-agents.com\/tr\/templates\/applicant-tracker\/#primaryimage\"},\"image\":{\"@id\":\"https:\/\/sales-ai-agents.com\/tr\/templates\/applicant-tracker\/#primaryimage\"},\"thumbnailUrl\":\"https:\/\/sales-ai-agents.com\/wp-content\/uploads\/2023\/01\/image-preview124453.png\",\"datePublished\":\"2022-09-26T11:50:29+00:00\",\"dateModified\":\"2023-12-26T15:19:51+00:00\",\"description\":\"Bir aday bulmak i\u00e7in birden fazla adayla g\u00f6r\u00fc\u015fme yap\u0131lmas\u0131 gerekebilir. T\u00fcm ba\u015fvurular\u0131 takip etmek i\u00e7in bu \u00fccretsiz ba\u015fvuru takip \u015fablonunu kullan\u0131n.\",\"inLanguage\":\"tr\",\"potentialAction\":[{\"@type\":\"ReadAction\",\"target\":[\"https:\/\/sales-ai-agents.com\/tr\/templates\/applicant-tracker\/\"]}]},{\"@type\":\"ImageObject\",\"inLanguage\":\"tr\",\"@id\":\"https:\/\/sales-ai-agents.com\/tr\/templates\/applicant-tracker\/#primaryimage\",\"url\":\"https:\/\/sales-ai-agents.com\/wp-content\/uploads\/2023\/01\/image-preview124453.png\",\"contentUrl\":\"https:\/\/sales-ai-agents.com\/wp-content\/uploads\/2023\/01\/image-preview124453.png\",\"width\":1078,\"height\":2700},{\"@type\":\"WebSite\",\"@id\":\"https:\/\/sales-ai-agents.com\/#website\",\"url\":\"https:\/\/sales-ai-agents.com\/\",\"name\":\"FuseBase\",\"description\":\"Sales AI Agents - Free Online Collaboration Software for Remote Teams. Build your wikis, client portals and more with the Nimbus Platform collaboration tool ? A perfect space for online work\",\"publisher\":{\"@id\":\"https:\/\/sales-ai-agents.com\/#organization\"},\"potentialAction\":[{\"@type\":\"SearchAction\",\"target\":{\"@type\":\"EntryPoint\",\"urlTemplate\":\"https:\/\/sales-ai-agents.com\/?s={search_term_string}\"},\"query-input\":{\"@type\":\"PropertyValueSpecification\",\"valueRequired\":true,\"valueName\":\"search_term_string\"}}],\"inLanguage\":\"tr\"},{\"@type\":\"Organization\",\"@id\":\"https:\/\/sales-ai-agents.com\/#organization\",\"name\":\"FuseBase\",\"url\":\"https:\/\/sales-ai-agents.com\/\",\"logo\":{\"@type\":\"ImageObject\",\"inLanguage\":\"tr\",\"@id\":\"https:\/\/sales-ai-agents.com\/#\/schema\/logo\/image\/\",\"url\":\"https:\/\/sales-ai-agents.com\/wp-content\/uploads\/2023\/11\/icon-7.svg\",\"contentUrl\":\"https:\/\/sales-ai-agents.com\/wp-content\/uploads\/2023\/11\/icon-7.svg\",\"width\":128,\"height\":128,\"caption\":\"FuseBase\"},\"image\":{\"@id\":\"https:\/\/sales-ai-agents.com\/#\/schema\/logo\/image\/\"}}]}<\/script>\n<!-- \/ Yoast SEO plugin. -->","yoast_head_json":{"title":"Ba\u015fvuru Takip \u015eablonu - Sales AI Agents","description":"Bir aday bulmak i\u00e7in birden fazla adayla g\u00f6r\u00fc\u015fme yap\u0131lmas\u0131 gerekebilir. T\u00fcm ba\u015fvurular\u0131 takip etmek i\u00e7in bu \u00fccretsiz ba\u015fvuru takip \u015fablonunu kullan\u0131n.","robots":{"index":"index","follow":"follow","max-snippet":"max-snippet:-1","max-image-preview":"max-image-preview:large","max-video-preview":"max-video-preview:-1"},"canonical":"https:\/\/sales-ai-agents.com\/tr\/templates\/applicant-tracker\/","og_locale":"tr_TR","og_type":"article","og_title":"Ba\u015fvuru Takip \u015eablonu - Sales AI Agents","og_description":"Bir aday bulmak i\u00e7in birden fazla adayla g\u00f6r\u00fc\u015fme yap\u0131lmas\u0131 gerekebilir. T\u00fcm ba\u015fvurular\u0131 takip etmek i\u00e7in bu \u00fccretsiz ba\u015fvuru takip \u015fablonunu kullan\u0131n.","og_url":"https:\/\/sales-ai-agents.com\/tr\/templates\/applicant-tracker\/","og_site_name":"Sales AI Agents","article_modified_time":"2023-12-26T15:19:51+00:00","og_image":[{"width":1078,"height":2700,"url":"https:\/\/sales-ai-agents.com\/wp-content\/uploads\/2023\/01\/image-preview124453.png","type":"image\/png"}],"twitter_card":"summary_large_image","schema":{"@context":"https:\/\/schema.org","@graph":[{"@type":"WebPage","@id":"https:\/\/sales-ai-agents.com\/tr\/templates\/applicant-tracker\/","url":"https:\/\/sales-ai-agents.com\/tr\/templates\/applicant-tracker\/","name":"Ba\u015fvuru Takip \u015eablonu - Sales AI Agents","isPartOf":{"@id":"https:\/\/sales-ai-agents.com\/#website"},"primaryImageOfPage":{"@id":"https:\/\/sales-ai-agents.com\/tr\/templates\/applicant-tracker\/#primaryimage"},"image":{"@id":"https:\/\/sales-ai-agents.com\/tr\/templates\/applicant-tracker\/#primaryimage"},"thumbnailUrl":"https:\/\/sales-ai-agents.com\/wp-content\/uploads\/2023\/01\/image-preview124453.png","datePublished":"2022-09-26T11:50:29+00:00","dateModified":"2023-12-26T15:19:51+00:00","description":"Bir aday bulmak i\u00e7in birden fazla adayla g\u00f6r\u00fc\u015fme yap\u0131lmas\u0131 gerekebilir. T\u00fcm ba\u015fvurular\u0131 takip etmek i\u00e7in bu \u00fccretsiz ba\u015fvuru takip \u015fablonunu kullan\u0131n.","inLanguage":"tr","potentialAction":[{"@type":"ReadAction","target":["https:\/\/sales-ai-agents.com\/tr\/templates\/applicant-tracker\/"]}]},{"@type":"ImageObject","inLanguage":"tr","@id":"https:\/\/sales-ai-agents.com\/tr\/templates\/applicant-tracker\/#primaryimage","url":"https:\/\/sales-ai-agents.com\/wp-content\/uploads\/2023\/01\/image-preview124453.png","contentUrl":"https:\/\/sales-ai-agents.com\/wp-content\/uploads\/2023\/01\/image-preview124453.png","width":1078,"height":2700},{"@type":"WebSite","@id":"https:\/\/sales-ai-agents.com\/#website","url":"https:\/\/sales-ai-agents.com\/","name":"FuseBase","description":"Sales AI Agents - Free Online Collaboration Software for Remote Teams. Build your wikis, client portals and more with the Nimbus Platform collaboration tool ? A perfect space for online work","publisher":{"@id":"https:\/\/sales-ai-agents.com\/#organization"},"potentialAction":[{"@type":"SearchAction","target":{"@type":"EntryPoint","urlTemplate":"https:\/\/sales-ai-agents.com\/?s={search_term_string}"},"query-input":{"@type":"PropertyValueSpecification","valueRequired":true,"valueName":"search_term_string"}}],"inLanguage":"tr"},{"@type":"Organization","@id":"https:\/\/sales-ai-agents.com\/#organization","name":"FuseBase","url":"https:\/\/sales-ai-agents.com\/","logo":{"@type":"ImageObject","inLanguage":"tr","@id":"https:\/\/sales-ai-agents.com\/#\/schema\/logo\/image\/","url":"https:\/\/sales-ai-agents.com\/wp-content\/uploads\/2023\/11\/icon-7.svg","contentUrl":"https:\/\/sales-ai-agents.com\/wp-content\/uploads\/2023\/11\/icon-7.svg","width":128,"height":128,"caption":"FuseBase"},"image":{"@id":"https:\/\/sales-ai-agents.com\/#\/schema\/logo\/image\/"}}]}},"_links":{"self":[{"href":"https:\/\/sales-ai-agents.com\/tr\/wp-json\/wp\/v2\/product\/58393","targetHints":{"allow":["GET"]}}],"collection":[{"href":"https:\/\/sales-ai-agents.com\/tr\/wp-json\/wp\/v2\/product"}],"about":[{"href":"https:\/\/sales-ai-agents.com\/tr\/wp-json\/wp\/v2\/types\/product"}],"wp:featuredmedia":[{"embeddable":true,"href":"https:\/\/sales-ai-agents.com\/tr\/wp-json\/wp\/v2\/media\/58394"}],"wp:attachment":[{"href":"https:\/\/sales-ai-agents.com\/tr\/wp-json\/wp\/v2\/media?parent=58393"}],"wp:term":[{"taxonomy":"product_brand","embeddable":true,"href":"https:\/\/sales-ai-agents.com\/tr\/wp-json\/wp\/v2\/product_brand?post=58393"},{"taxonomy":"product_cat","embeddable":true,"href":"https:\/\/sales-ai-agents.com\/tr\/wp-json\/wp\/v2\/product_cat?post=58393"},{"taxonomy":"product_tag","embeddable":true,"href":"https:\/\/sales-ai-agents.com\/tr\/wp-json\/wp\/v2\/product_tag?post=58393"}],"curies":[{"name":"wp","href":"https:\/\/api.w.org\/{rel}","templated":true}]}}