{"id":58399,"date":"2022-09-26T11:50:26","date_gmt":"2022-09-26T11:50:26","guid":{"rendered":"https:\/\/sales-ai-agents.com\/templates\/marketing-overview\/"},"modified":"2024-01-02T13:34:01","modified_gmt":"2024-01-02T13:34:01","slug":"marketing-overview","status":"publish","type":"product","link":"https:\/\/sales-ai-agents.com\/tr\/templates\/marketing-overview\/","title":{"rendered":"Pazarlamaya Genel Bak\u0131\u015f"},"content":{"rendered":"<p>&nbsp;<\/p>\n<h2>Pazarlamaya Genel Bak\u0131\u015f \u015eablonu<\/h2>\n<p class=\"desc-text\">\u00dcr\u00fcn ve hizmetlerinizi pazarlamak i\u00e7in sonu\u00e7 getiren etkili bir plan kullan\u0131n. \u00dcr\u00fcn\u00fcn\u00fcz\u00fc tan\u0131t\u0131rken da\u011f\u0131n\u0131kl\u0131ktan kurtulun ve \u00fcretken ad\u0131mlar atmaya odaklan\u0131n. Kalabal\u0131\u011f\u0131n aras\u0131ndan s\u0131yr\u0131lman\u0131za yard\u0131mc\u0131 olacak yap\u0131land\u0131r\u0131lm\u0131\u015f kampanyalar planlamak i\u00e7in bu \u015fablonu kullan\u0131n.<\/p>\n<h5>Nas\u0131l kullan\u0131l\u0131r?<\/h5>\n<ul class=\"desc-item_list\">\n<li class=\"desc-item_list__point\">\u00dcr\u00fcn ve hizmetleri listeleyin<\/li>\n<li class=\"desc-item_list__point\">Hedef pazar hakk\u0131nda bilgi ekleyin<\/li>\n<li class=\"desc-item_list__point\">Amac\u0131n\u0131z\u0131 ve hedeflerinizi a\u00e7\u0131klay\u0131n<\/li>\n<li class=\"desc-item_list__point\">Bir b\u00fct\u00e7e olu\u015fturun ve tahsis edin<\/li>\n<li class=\"desc-item_list__point\">Yap\u0131lacaklar listesi haz\u0131rlay\u0131n<\/li>\n<\/ul>\n","protected":false},"excerpt":{"rendered":"<p>\u00dcr\u00fcn ve hizmetlerinizi pazarlamak i\u00e7in etkili bir plan kullan\u0131n. Kalabal\u0131\u011f\u0131n aras\u0131ndan s\u0131yr\u0131lman\u0131za yard\u0131mc\u0131 olacak yap\u0131land\u0131r\u0131lm\u0131\u015f kampanyalar planlamak i\u00e7in bu \u00fccretsiz \u015fablonu kullan\u0131n!<\/p>\n","protected":false},"featured_media":58400,"template":"","meta":{"_acf_changed":false,"inline_featured_image":false},"product_brand":[],"product_cat":[250,262],"product_tag":[],"class_list":{"0":"post-58399","1":"product","2":"type-product","3":"status-publish","4":"has-post-thumbnail","6":"product_cat-marketing","7":"product_cat-marketing-strategy","9":"first","10":"instock","11":"virtual","12":"sold-individually","13":"product-type-simple"},"acf":[],"yoast_head":"<!-- This site is optimized with the Yoast SEO plugin v25.3.1 - https:\/\/yoast.com\/wordpress\/plugins\/seo\/ -->\n<title>Pazarlamaya Genel Bak\u0131\u015f \u015eablonu - Sales AI Agents<\/title>\n<meta name=\"description\" content=\"\u00dcr\u00fcn ve hizmetlerinizi pazarlamak i\u00e7in etkili bir plan kullan\u0131n. Kalabal\u0131\u011f\u0131n aras\u0131ndan s\u0131yr\u0131lman\u0131za yard\u0131mc\u0131 olacak yap\u0131land\u0131r\u0131lm\u0131\u015f kampanyalar planlamak i\u00e7in bu \u00fccretsiz \u015fablonu kullan\u0131n!\" \/>\n<meta name=\"robots\" content=\"index, follow, max-snippet:-1, max-image-preview:large, max-video-preview:-1\" \/>\n<link rel=\"canonical\" href=\"https:\/\/sales-ai-agents.com\/tr\/templates\/marketing-overview\/\" \/>\n<meta property=\"og:locale\" content=\"tr_TR\" \/>\n<meta property=\"og:type\" content=\"article\" \/>\n<meta property=\"og:title\" content=\"Pazarlamaya Genel Bak\u0131\u015f \u015eablonu - Sales AI Agents\" \/>\n<meta property=\"og:description\" content=\"\u00dcr\u00fcn ve hizmetlerinizi pazarlamak i\u00e7in etkili bir plan kullan\u0131n. Kalabal\u0131\u011f\u0131n aras\u0131ndan s\u0131yr\u0131lman\u0131za yard\u0131mc\u0131 olacak yap\u0131land\u0131r\u0131lm\u0131\u015f kampanyalar planlamak i\u00e7in bu \u00fccretsiz \u015fablonu kullan\u0131n!\" \/>\n<meta property=\"og:url\" content=\"https:\/\/sales-ai-agents.com\/tr\/templates\/marketing-overview\/\" \/>\n<meta property=\"og:site_name\" content=\"Sales AI Agents\" \/>\n<meta property=\"article:modified_time\" content=\"2024-01-02T13:34:01+00:00\" \/>\n<meta property=\"og:image\" content=\"https:\/\/sales-ai-agents.com\/wp-content\/uploads\/2022\/09\/Marketing-Overview-Template.png\" \/>\n\t<meta property=\"og:image:width\" content=\"1700\" \/>\n\t<meta property=\"og:image:height\" content=\"1100\" \/>\n\t<meta property=\"og:image:type\" content=\"image\/png\" \/>\n<meta name=\"twitter:card\" content=\"summary_large_image\" \/>\n<script type=\"application\/ld+json\" class=\"yoast-schema-graph\">{\"@context\":\"https:\/\/schema.org\",\"@graph\":[{\"@type\":\"WebPage\",\"@id\":\"https:\/\/sales-ai-agents.com\/tr\/templates\/marketing-overview\/\",\"url\":\"https:\/\/sales-ai-agents.com\/tr\/templates\/marketing-overview\/\",\"name\":\"Pazarlamaya Genel Bak\u0131\u015f \u015eablonu - Sales AI Agents\",\"isPartOf\":{\"@id\":\"https:\/\/sales-ai-agents.com\/#website\"},\"primaryImageOfPage\":{\"@id\":\"https:\/\/sales-ai-agents.com\/tr\/templates\/marketing-overview\/#primaryimage\"},\"image\":{\"@id\":\"https:\/\/sales-ai-agents.com\/tr\/templates\/marketing-overview\/#primaryimage\"},\"thumbnailUrl\":\"https:\/\/sales-ai-agents.com\/wp-content\/uploads\/2022\/09\/Marketing-Overview-Template.png\",\"datePublished\":\"2022-09-26T11:50:26+00:00\",\"dateModified\":\"2024-01-02T13:34:01+00:00\",\"description\":\"\u00dcr\u00fcn ve hizmetlerinizi pazarlamak i\u00e7in etkili bir plan kullan\u0131n. Kalabal\u0131\u011f\u0131n aras\u0131ndan s\u0131yr\u0131lman\u0131za yard\u0131mc\u0131 olacak yap\u0131land\u0131r\u0131lm\u0131\u015f kampanyalar planlamak i\u00e7in bu \u00fccretsiz \u015fablonu kullan\u0131n!\",\"inLanguage\":\"tr\",\"potentialAction\":[{\"@type\":\"ReadAction\",\"target\":[\"https:\/\/sales-ai-agents.com\/tr\/templates\/marketing-overview\/\"]}]},{\"@type\":\"ImageObject\",\"inLanguage\":\"tr\",\"@id\":\"https:\/\/sales-ai-agents.com\/tr\/templates\/marketing-overview\/#primaryimage\",\"url\":\"https:\/\/sales-ai-agents.com\/wp-content\/uploads\/2022\/09\/Marketing-Overview-Template.png\",\"contentUrl\":\"https:\/\/sales-ai-agents.com\/wp-content\/uploads\/2022\/09\/Marketing-Overview-Template.png\",\"width\":1700,\"height\":1100},{\"@type\":\"WebSite\",\"@id\":\"https:\/\/sales-ai-agents.com\/#website\",\"url\":\"https:\/\/sales-ai-agents.com\/\",\"name\":\"FuseBase\",\"description\":\"Sales AI Agents - Free Online Collaboration Software for Remote Teams. Build your wikis, client portals and more with the Nimbus Platform collaboration tool ? A perfect space for online work\",\"publisher\":{\"@id\":\"https:\/\/sales-ai-agents.com\/#organization\"},\"potentialAction\":[{\"@type\":\"SearchAction\",\"target\":{\"@type\":\"EntryPoint\",\"urlTemplate\":\"https:\/\/sales-ai-agents.com\/?s={search_term_string}\"},\"query-input\":{\"@type\":\"PropertyValueSpecification\",\"valueRequired\":true,\"valueName\":\"search_term_string\"}}],\"inLanguage\":\"tr\"},{\"@type\":\"Organization\",\"@id\":\"https:\/\/sales-ai-agents.com\/#organization\",\"name\":\"FuseBase\",\"url\":\"https:\/\/sales-ai-agents.com\/\",\"logo\":{\"@type\":\"ImageObject\",\"inLanguage\":\"tr\",\"@id\":\"https:\/\/sales-ai-agents.com\/#\/schema\/logo\/image\/\",\"url\":\"https:\/\/sales-ai-agents.com\/wp-content\/uploads\/2023\/11\/icon-7.svg\",\"contentUrl\":\"https:\/\/sales-ai-agents.com\/wp-content\/uploads\/2023\/11\/icon-7.svg\",\"width\":128,\"height\":128,\"caption\":\"FuseBase\"},\"image\":{\"@id\":\"https:\/\/sales-ai-agents.com\/#\/schema\/logo\/image\/\"}}]}<\/script>\n<!-- \/ Yoast SEO plugin. -->","yoast_head_json":{"title":"Pazarlamaya Genel Bak\u0131\u015f \u015eablonu - Sales AI Agents","description":"\u00dcr\u00fcn ve hizmetlerinizi pazarlamak i\u00e7in etkili bir plan kullan\u0131n. Kalabal\u0131\u011f\u0131n aras\u0131ndan s\u0131yr\u0131lman\u0131za yard\u0131mc\u0131 olacak yap\u0131land\u0131r\u0131lm\u0131\u015f kampanyalar planlamak i\u00e7in bu \u00fccretsiz \u015fablonu kullan\u0131n!","robots":{"index":"index","follow":"follow","max-snippet":"max-snippet:-1","max-image-preview":"max-image-preview:large","max-video-preview":"max-video-preview:-1"},"canonical":"https:\/\/sales-ai-agents.com\/tr\/templates\/marketing-overview\/","og_locale":"tr_TR","og_type":"article","og_title":"Pazarlamaya Genel Bak\u0131\u015f \u015eablonu - Sales AI Agents","og_description":"\u00dcr\u00fcn ve hizmetlerinizi pazarlamak i\u00e7in etkili bir plan kullan\u0131n. Kalabal\u0131\u011f\u0131n aras\u0131ndan s\u0131yr\u0131lman\u0131za yard\u0131mc\u0131 olacak yap\u0131land\u0131r\u0131lm\u0131\u015f kampanyalar planlamak i\u00e7in bu \u00fccretsiz \u015fablonu kullan\u0131n!","og_url":"https:\/\/sales-ai-agents.com\/tr\/templates\/marketing-overview\/","og_site_name":"Sales AI Agents","article_modified_time":"2024-01-02T13:34:01+00:00","og_image":[{"width":1700,"height":1100,"url":"https:\/\/sales-ai-agents.com\/wp-content\/uploads\/2022\/09\/Marketing-Overview-Template.png","type":"image\/png"}],"twitter_card":"summary_large_image","schema":{"@context":"https:\/\/schema.org","@graph":[{"@type":"WebPage","@id":"https:\/\/sales-ai-agents.com\/tr\/templates\/marketing-overview\/","url":"https:\/\/sales-ai-agents.com\/tr\/templates\/marketing-overview\/","name":"Pazarlamaya Genel Bak\u0131\u015f \u015eablonu - Sales AI Agents","isPartOf":{"@id":"https:\/\/sales-ai-agents.com\/#website"},"primaryImageOfPage":{"@id":"https:\/\/sales-ai-agents.com\/tr\/templates\/marketing-overview\/#primaryimage"},"image":{"@id":"https:\/\/sales-ai-agents.com\/tr\/templates\/marketing-overview\/#primaryimage"},"thumbnailUrl":"https:\/\/sales-ai-agents.com\/wp-content\/uploads\/2022\/09\/Marketing-Overview-Template.png","datePublished":"2022-09-26T11:50:26+00:00","dateModified":"2024-01-02T13:34:01+00:00","description":"\u00dcr\u00fcn ve hizmetlerinizi pazarlamak i\u00e7in etkili bir plan kullan\u0131n. Kalabal\u0131\u011f\u0131n aras\u0131ndan s\u0131yr\u0131lman\u0131za yard\u0131mc\u0131 olacak yap\u0131land\u0131r\u0131lm\u0131\u015f kampanyalar planlamak i\u00e7in bu \u00fccretsiz \u015fablonu kullan\u0131n!","inLanguage":"tr","potentialAction":[{"@type":"ReadAction","target":["https:\/\/sales-ai-agents.com\/tr\/templates\/marketing-overview\/"]}]},{"@type":"ImageObject","inLanguage":"tr","@id":"https:\/\/sales-ai-agents.com\/tr\/templates\/marketing-overview\/#primaryimage","url":"https:\/\/sales-ai-agents.com\/wp-content\/uploads\/2022\/09\/Marketing-Overview-Template.png","contentUrl":"https:\/\/sales-ai-agents.com\/wp-content\/uploads\/2022\/09\/Marketing-Overview-Template.png","width":1700,"height":1100},{"@type":"WebSite","@id":"https:\/\/sales-ai-agents.com\/#website","url":"https:\/\/sales-ai-agents.com\/","name":"FuseBase","description":"Sales AI Agents - Free Online Collaboration Software for Remote Teams. Build your wikis, client portals and more with the Nimbus Platform collaboration tool ? A perfect space for online work","publisher":{"@id":"https:\/\/sales-ai-agents.com\/#organization"},"potentialAction":[{"@type":"SearchAction","target":{"@type":"EntryPoint","urlTemplate":"https:\/\/sales-ai-agents.com\/?s={search_term_string}"},"query-input":{"@type":"PropertyValueSpecification","valueRequired":true,"valueName":"search_term_string"}}],"inLanguage":"tr"},{"@type":"Organization","@id":"https:\/\/sales-ai-agents.com\/#organization","name":"FuseBase","url":"https:\/\/sales-ai-agents.com\/","logo":{"@type":"ImageObject","inLanguage":"tr","@id":"https:\/\/sales-ai-agents.com\/#\/schema\/logo\/image\/","url":"https:\/\/sales-ai-agents.com\/wp-content\/uploads\/2023\/11\/icon-7.svg","contentUrl":"https:\/\/sales-ai-agents.com\/wp-content\/uploads\/2023\/11\/icon-7.svg","width":128,"height":128,"caption":"FuseBase"},"image":{"@id":"https:\/\/sales-ai-agents.com\/#\/schema\/logo\/image\/"}}]}},"_links":{"self":[{"href":"https:\/\/sales-ai-agents.com\/tr\/wp-json\/wp\/v2\/product\/58399","targetHints":{"allow":["GET"]}}],"collection":[{"href":"https:\/\/sales-ai-agents.com\/tr\/wp-json\/wp\/v2\/product"}],"about":[{"href":"https:\/\/sales-ai-agents.com\/tr\/wp-json\/wp\/v2\/types\/product"}],"wp:featuredmedia":[{"embeddable":true,"href":"https:\/\/sales-ai-agents.com\/tr\/wp-json\/wp\/v2\/media\/58400"}],"wp:attachment":[{"href":"https:\/\/sales-ai-agents.com\/tr\/wp-json\/wp\/v2\/media?parent=58399"}],"wp:term":[{"taxonomy":"product_brand","embeddable":true,"href":"https:\/\/sales-ai-agents.com\/tr\/wp-json\/wp\/v2\/product_brand?post=58399"},{"taxonomy":"product_cat","embeddable":true,"href":"https:\/\/sales-ai-agents.com\/tr\/wp-json\/wp\/v2\/product_cat?post=58399"},{"taxonomy":"product_tag","embeddable":true,"href":"https:\/\/sales-ai-agents.com\/tr\/wp-json\/wp\/v2\/product_tag?post=58399"}],"curies":[{"name":"wp","href":"https:\/\/api.w.org\/{rel}","templated":true}]}}