{"id":58406,"date":"2022-09-26T11:50:23","date_gmt":"2022-09-26T11:50:23","guid":{"rendered":"https:\/\/sales-ai-agents.com\/templates\/simple-creative-brief\/"},"modified":"2023-12-27T15:48:35","modified_gmt":"2023-12-27T15:48:35","slug":"simple-creative-brief","status":"publish","type":"product","link":"https:\/\/sales-ai-agents.com\/tr\/templates\/simple-creative-brief\/","title":{"rendered":"Basit Yarat\u0131c\u0131 Brief"},"content":{"rendered":"<p>&nbsp;<\/p>\n<h2>Basit Yarat\u0131c\u0131 Brief \u015eablonu<\/h2>\n<p class=\"desc-text\">\u00d6nceden notlar alarak, markan\u0131z i\u00e7in do\u011fru mesaj\u0131 iletecek yarat\u0131c\u0131 bir brief haz\u0131rlayabilirsiniz. \u00c7al\u0131\u015fman\u0131za rehberlik etmesi ve fikirlerinizin temelini olu\u015fturmas\u0131 i\u00e7in bu \u015fablonu kullan\u0131n. Temel hedefleri ve tasar\u0131m fikirlerini ortaya \u00e7\u0131karmak i\u00e7in ekibinizle birlikte \u00e7al\u0131\u015f\u0131n. D\u00fczenli olun, b\u00f6ylece sizi gururland\u0131ran bitmi\u015f bir \u00fcr\u00fcn yaratabilirsiniz.<\/p>\n<h5>Nas\u0131l kullan\u0131l\u0131r?<\/h5>\n<ul class=\"desc-item_list\">\n<li class=\"desc-item_list__point\">Projenizin ad\u0131n\u0131 yaz\u0131n<\/li>\n<li class=\"desc-item_list__point\">Sa\u011fdaki s\u00fctuna \u00f6nemli bilgileri ekleyin<\/li>\n<li class=\"desc-item_list__point\">Ama\u00e7lar, hedefler ve temel mesajlar hakk\u0131nda beyin f\u0131rt\u0131nas\u0131 yap\u0131n<\/li>\n<li class=\"desc-item_list__point\">Gerekirse tasar\u0131m fikirlerini iletmek i\u00e7in g\u00f6rseller ekleyin<\/li>\n<li class=\"desc-item_list__point\">Pazar\u0131n\u0131zla ilgili ara\u015ft\u0131rma veya verileri ekleyin<\/li>\n<li class=\"desc-item_list__point\">\u00d6nerilen bir b\u00fct\u00e7e ve zaman \u00e7er\u00e7evesi olu\u015fturun<\/li>\n<\/ul>\n","protected":false},"excerpt":{"rendered":"<p>Markan\u0131z i\u00e7in do\u011fru mesaj\u0131 iletmek \u00fczere yarat\u0131c\u0131 bir brief haz\u0131rlay\u0131n. \u00c7al\u0131\u015fman\u0131za rehberlik etmesi ve fikirlerinizin temelini olu\u015fturmas\u0131 i\u00e7in bu \u015fablonu kullan\u0131n!<\/p>\n","protected":false},"featured_media":58407,"template":"","meta":{"_acf_changed":false,"inline_featured_image":false},"product_brand":[],"product_cat":[251],"product_tag":[],"class_list":{"0":"post-58406","1":"product","2":"type-product","3":"status-publish","4":"has-post-thumbnail","6":"product_cat-designer","8":"first","9":"instock","10":"virtual","11":"sold-individually","12":"product-type-simple"},"acf":[],"yoast_head":"<!-- This site is optimized with the Yoast SEO plugin v25.3.1 - https:\/\/yoast.com\/wordpress\/plugins\/seo\/ -->\n<title>Basit Yarat\u0131c\u0131 Brief \u015eablonu - Sales AI Agents<\/title>\n<meta name=\"description\" content=\"Markan\u0131z i\u00e7in do\u011fru mesaj\u0131 iletmek \u00fczere basit bir yarat\u0131c\u0131 brief haz\u0131rlay\u0131n. \u00c7al\u0131\u015fmalar\u0131n\u0131za rehberlik etmesi i\u00e7in bu \u015fablonu kullan\u0131n!\" \/>\n<meta name=\"robots\" content=\"index, follow, max-snippet:-1, max-image-preview:large, max-video-preview:-1\" \/>\n<link rel=\"canonical\" href=\"https:\/\/sales-ai-agents.com\/tr\/templates\/simple-creative-brief\/\" \/>\n<meta property=\"og:locale\" content=\"tr_TR\" \/>\n<meta property=\"og:type\" content=\"article\" \/>\n<meta property=\"og:title\" content=\"Basit Yarat\u0131c\u0131 Brief \u015eablonu - Sales AI Agents\" \/>\n<meta property=\"og:description\" content=\"Markan\u0131z i\u00e7in do\u011fru mesaj\u0131 iletmek \u00fczere basit bir yarat\u0131c\u0131 brief haz\u0131rlay\u0131n. \u00c7al\u0131\u015fmalar\u0131n\u0131za rehberlik etmesi i\u00e7in bu \u015fablonu kullan\u0131n!\" \/>\n<meta property=\"og:url\" content=\"https:\/\/sales-ai-agents.com\/tr\/templates\/simple-creative-brief\/\" \/>\n<meta property=\"og:site_name\" content=\"Sales AI Agents\" \/>\n<meta property=\"article:modified_time\" content=\"2023-12-27T15:48:35+00:00\" \/>\n<meta property=\"og:image\" content=\"https:\/\/sales-ai-agents.com\/wp-content\/uploads\/2023\/01\/image-preview124238.png\" \/>\n\t<meta property=\"og:image:width\" content=\"1078\" \/>\n\t<meta property=\"og:image:height\" content=\"812\" \/>\n\t<meta property=\"og:image:type\" content=\"image\/png\" \/>\n<meta name=\"twitter:card\" content=\"summary_large_image\" \/>\n<script type=\"application\/ld+json\" class=\"yoast-schema-graph\">{\"@context\":\"https:\/\/schema.org\",\"@graph\":[{\"@type\":\"WebPage\",\"@id\":\"https:\/\/sales-ai-agents.com\/tr\/templates\/simple-creative-brief\/\",\"url\":\"https:\/\/sales-ai-agents.com\/tr\/templates\/simple-creative-brief\/\",\"name\":\"Basit Yarat\u0131c\u0131 Brief \u015eablonu - Sales AI Agents\",\"isPartOf\":{\"@id\":\"https:\/\/sales-ai-agents.com\/#website\"},\"primaryImageOfPage\":{\"@id\":\"https:\/\/sales-ai-agents.com\/tr\/templates\/simple-creative-brief\/#primaryimage\"},\"image\":{\"@id\":\"https:\/\/sales-ai-agents.com\/tr\/templates\/simple-creative-brief\/#primaryimage\"},\"thumbnailUrl\":\"https:\/\/sales-ai-agents.com\/wp-content\/uploads\/2023\/01\/image-preview124238.png\",\"datePublished\":\"2022-09-26T11:50:23+00:00\",\"dateModified\":\"2023-12-27T15:48:35+00:00\",\"description\":\"Markan\u0131z i\u00e7in do\u011fru mesaj\u0131 iletmek \u00fczere basit bir yarat\u0131c\u0131 brief haz\u0131rlay\u0131n. \u00c7al\u0131\u015fmalar\u0131n\u0131za rehberlik etmesi i\u00e7in bu \u015fablonu kullan\u0131n!\",\"inLanguage\":\"tr\",\"potentialAction\":[{\"@type\":\"ReadAction\",\"target\":[\"https:\/\/sales-ai-agents.com\/tr\/templates\/simple-creative-brief\/\"]}]},{\"@type\":\"ImageObject\",\"inLanguage\":\"tr\",\"@id\":\"https:\/\/sales-ai-agents.com\/tr\/templates\/simple-creative-brief\/#primaryimage\",\"url\":\"https:\/\/sales-ai-agents.com\/wp-content\/uploads\/2023\/01\/image-preview124238.png\",\"contentUrl\":\"https:\/\/sales-ai-agents.com\/wp-content\/uploads\/2023\/01\/image-preview124238.png\",\"width\":1078,\"height\":812},{\"@type\":\"WebSite\",\"@id\":\"https:\/\/sales-ai-agents.com\/#website\",\"url\":\"https:\/\/sales-ai-agents.com\/\",\"name\":\"FuseBase\",\"description\":\"Sales AI Agents - Free Online Collaboration Software for Remote Teams. Build your wikis, client portals and more with the Nimbus Platform collaboration tool ? A perfect space for online work\",\"publisher\":{\"@id\":\"https:\/\/sales-ai-agents.com\/#organization\"},\"potentialAction\":[{\"@type\":\"SearchAction\",\"target\":{\"@type\":\"EntryPoint\",\"urlTemplate\":\"https:\/\/sales-ai-agents.com\/?s={search_term_string}\"},\"query-input\":{\"@type\":\"PropertyValueSpecification\",\"valueRequired\":true,\"valueName\":\"search_term_string\"}}],\"inLanguage\":\"tr\"},{\"@type\":\"Organization\",\"@id\":\"https:\/\/sales-ai-agents.com\/#organization\",\"name\":\"FuseBase\",\"url\":\"https:\/\/sales-ai-agents.com\/\",\"logo\":{\"@type\":\"ImageObject\",\"inLanguage\":\"tr\",\"@id\":\"https:\/\/sales-ai-agents.com\/#\/schema\/logo\/image\/\",\"url\":\"https:\/\/sales-ai-agents.com\/wp-content\/uploads\/2023\/11\/icon-7.svg\",\"contentUrl\":\"https:\/\/sales-ai-agents.com\/wp-content\/uploads\/2023\/11\/icon-7.svg\",\"width\":128,\"height\":128,\"caption\":\"FuseBase\"},\"image\":{\"@id\":\"https:\/\/sales-ai-agents.com\/#\/schema\/logo\/image\/\"}}]}<\/script>\n<!-- \/ Yoast SEO plugin. -->","yoast_head_json":{"title":"Basit Yarat\u0131c\u0131 Brief \u015eablonu - Sales AI Agents","description":"Markan\u0131z i\u00e7in do\u011fru mesaj\u0131 iletmek \u00fczere basit bir yarat\u0131c\u0131 brief haz\u0131rlay\u0131n. \u00c7al\u0131\u015fmalar\u0131n\u0131za rehberlik etmesi i\u00e7in bu \u015fablonu kullan\u0131n!","robots":{"index":"index","follow":"follow","max-snippet":"max-snippet:-1","max-image-preview":"max-image-preview:large","max-video-preview":"max-video-preview:-1"},"canonical":"https:\/\/sales-ai-agents.com\/tr\/templates\/simple-creative-brief\/","og_locale":"tr_TR","og_type":"article","og_title":"Basit Yarat\u0131c\u0131 Brief \u015eablonu - Sales AI Agents","og_description":"Markan\u0131z i\u00e7in do\u011fru mesaj\u0131 iletmek \u00fczere basit bir yarat\u0131c\u0131 brief haz\u0131rlay\u0131n. \u00c7al\u0131\u015fmalar\u0131n\u0131za rehberlik etmesi i\u00e7in bu \u015fablonu kullan\u0131n!","og_url":"https:\/\/sales-ai-agents.com\/tr\/templates\/simple-creative-brief\/","og_site_name":"Sales AI Agents","article_modified_time":"2023-12-27T15:48:35+00:00","og_image":[{"width":1078,"height":812,"url":"https:\/\/sales-ai-agents.com\/wp-content\/uploads\/2023\/01\/image-preview124238.png","type":"image\/png"}],"twitter_card":"summary_large_image","schema":{"@context":"https:\/\/schema.org","@graph":[{"@type":"WebPage","@id":"https:\/\/sales-ai-agents.com\/tr\/templates\/simple-creative-brief\/","url":"https:\/\/sales-ai-agents.com\/tr\/templates\/simple-creative-brief\/","name":"Basit Yarat\u0131c\u0131 Brief \u015eablonu - Sales AI Agents","isPartOf":{"@id":"https:\/\/sales-ai-agents.com\/#website"},"primaryImageOfPage":{"@id":"https:\/\/sales-ai-agents.com\/tr\/templates\/simple-creative-brief\/#primaryimage"},"image":{"@id":"https:\/\/sales-ai-agents.com\/tr\/templates\/simple-creative-brief\/#primaryimage"},"thumbnailUrl":"https:\/\/sales-ai-agents.com\/wp-content\/uploads\/2023\/01\/image-preview124238.png","datePublished":"2022-09-26T11:50:23+00:00","dateModified":"2023-12-27T15:48:35+00:00","description":"Markan\u0131z i\u00e7in do\u011fru mesaj\u0131 iletmek \u00fczere basit bir yarat\u0131c\u0131 brief haz\u0131rlay\u0131n. \u00c7al\u0131\u015fmalar\u0131n\u0131za rehberlik etmesi i\u00e7in bu \u015fablonu kullan\u0131n!","inLanguage":"tr","potentialAction":[{"@type":"ReadAction","target":["https:\/\/sales-ai-agents.com\/tr\/templates\/simple-creative-brief\/"]}]},{"@type":"ImageObject","inLanguage":"tr","@id":"https:\/\/sales-ai-agents.com\/tr\/templates\/simple-creative-brief\/#primaryimage","url":"https:\/\/sales-ai-agents.com\/wp-content\/uploads\/2023\/01\/image-preview124238.png","contentUrl":"https:\/\/sales-ai-agents.com\/wp-content\/uploads\/2023\/01\/image-preview124238.png","width":1078,"height":812},{"@type":"WebSite","@id":"https:\/\/sales-ai-agents.com\/#website","url":"https:\/\/sales-ai-agents.com\/","name":"FuseBase","description":"Sales AI Agents - Free Online Collaboration Software for Remote Teams. Build your wikis, client portals and more with the Nimbus Platform collaboration tool ? A perfect space for online work","publisher":{"@id":"https:\/\/sales-ai-agents.com\/#organization"},"potentialAction":[{"@type":"SearchAction","target":{"@type":"EntryPoint","urlTemplate":"https:\/\/sales-ai-agents.com\/?s={search_term_string}"},"query-input":{"@type":"PropertyValueSpecification","valueRequired":true,"valueName":"search_term_string"}}],"inLanguage":"tr"},{"@type":"Organization","@id":"https:\/\/sales-ai-agents.com\/#organization","name":"FuseBase","url":"https:\/\/sales-ai-agents.com\/","logo":{"@type":"ImageObject","inLanguage":"tr","@id":"https:\/\/sales-ai-agents.com\/#\/schema\/logo\/image\/","url":"https:\/\/sales-ai-agents.com\/wp-content\/uploads\/2023\/11\/icon-7.svg","contentUrl":"https:\/\/sales-ai-agents.com\/wp-content\/uploads\/2023\/11\/icon-7.svg","width":128,"height":128,"caption":"FuseBase"},"image":{"@id":"https:\/\/sales-ai-agents.com\/#\/schema\/logo\/image\/"}}]}},"_links":{"self":[{"href":"https:\/\/sales-ai-agents.com\/tr\/wp-json\/wp\/v2\/product\/58406","targetHints":{"allow":["GET"]}}],"collection":[{"href":"https:\/\/sales-ai-agents.com\/tr\/wp-json\/wp\/v2\/product"}],"about":[{"href":"https:\/\/sales-ai-agents.com\/tr\/wp-json\/wp\/v2\/types\/product"}],"wp:featuredmedia":[{"embeddable":true,"href":"https:\/\/sales-ai-agents.com\/tr\/wp-json\/wp\/v2\/media\/58407"}],"wp:attachment":[{"href":"https:\/\/sales-ai-agents.com\/tr\/wp-json\/wp\/v2\/media?parent=58406"}],"wp:term":[{"taxonomy":"product_brand","embeddable":true,"href":"https:\/\/sales-ai-agents.com\/tr\/wp-json\/wp\/v2\/product_brand?post=58406"},{"taxonomy":"product_cat","embeddable":true,"href":"https:\/\/sales-ai-agents.com\/tr\/wp-json\/wp\/v2\/product_cat?post=58406"},{"taxonomy":"product_tag","embeddable":true,"href":"https:\/\/sales-ai-agents.com\/tr\/wp-json\/wp\/v2\/product_tag?post=58406"}],"curies":[{"name":"wp","href":"https:\/\/api.w.org\/{rel}","templated":true}]}}