{"id":58410,"date":"2022-09-26T11:50:16","date_gmt":"2022-09-26T11:50:16","guid":{"rendered":"https:\/\/sales-ai-agents.com\/templates\/sales-call-report\/"},"modified":"2023-12-31T17:10:15","modified_gmt":"2023-12-31T17:10:15","slug":"sales-call-report","status":"publish","type":"product","link":"https:\/\/sales-ai-agents.com\/tr\/templates\/sales-call-report\/","title":{"rendered":"Sat\u0131\u015f \u00c7a\u011fr\u0131 Raporu"},"content":{"rendered":"<p>&nbsp;<\/p>\n<h2>Sat\u0131\u015f G\u00f6r\u00fc\u015fmesi Raporu \u015eablonu<\/h2>\n<p class=\"desc-text\">Bir sat\u0131\u015f g\u00f6r\u00fc\u015fmesi raporu, g\u00f6r\u00fc\u015fmelerinizin ayr\u0131nt\u0131lar\u0131n\u0131 \u00f6zetlemeye yard\u0131mc\u0131 olur. Sat\u0131\u015f g\u00f6r\u00fc\u015fmelerinizi takip etmek i\u00e7in bu \u015fablonu kullan\u0131n. Tarihler, saatler, isimler, telefon numaralar\u0131 ve \u00e7\u0131kar\u0131mlar gibi \u00f6nemli bilgileri not edin. Notlar\u0131 toplay\u0131p d\u00fczenleyerek, ekibiniz g\u00fc\u00e7l\u00fc stratejiler olu\u015fturmak ve \u00f6nemli bilgileri ar\u015fivlemek i\u00e7in ger\u00e7ek verileri kullanabilir.<\/p>\n<h5>Nas\u0131l kullan\u0131l\u0131r?<\/h5>\n<ul class=\"desc-item_list\">\n<li class=\"desc-item_list__point\">Her araman\u0131n tarih ve saatini girin<\/li>\n<li class=\"desc-item_list__point\">Ki\u015fi adlar\u0131n\u0131 ve telefon numaralar\u0131n\u0131 ekleyin<\/li>\n<li class=\"desc-item_list__point\">Her \u00e7a\u011fr\u0131 i\u00e7in bir a\u00e7\u0131klama yaz\u0131n<\/li>\n<li class=\"desc-item_list__point\">Raporlar\u0131 ekibinizle payla\u015f\u0131n<\/li>\n<li class=\"desc-item_list__point\">Yeni stratejiler \u00fczerinde i\u015fbirli\u011fi yapmak i\u00e7in raporlar\u0131 kullan\u0131n<\/li>\n<\/ul>\n","protected":false},"excerpt":{"rendered":"<p>Bir sat\u0131\u015f g\u00f6r\u00fc\u015fmesi raporu, ayr\u0131nt\u0131lar\u0131 \u00f6zetlemeye yard\u0131mc\u0131 olur. Tarihler, saatler, isimler, telefon numaralar\u0131 ve \u00e7\u0131kar\u0131mlar gibi \u00f6nemli bilgileri not etmek i\u00e7in bu \u00fccretsiz \u015fablonu kullan\u0131n.<\/p>\n","protected":false},"featured_media":58411,"template":"","meta":{"_acf_changed":false,"inline_featured_image":false},"product_brand":[],"product_cat":[270,254],"product_tag":[],"class_list":{"0":"post-58410","1":"product","2":"type-product","3":"status-publish","4":"has-post-thumbnail","6":"product_cat-sales-management","7":"product_cat-sales","9":"first","10":"instock","11":"virtual","12":"sold-individually","13":"product-type-simple"},"acf":[],"yoast_head":"<!-- This site is optimized with the Yoast SEO plugin v25.3.1 - https:\/\/yoast.com\/wordpress\/plugins\/seo\/ -->\n<title>Sat\u0131\u015f G\u00f6r\u00fc\u015fmesi Raporu \u015eablonu - Sales AI Agents<\/title>\n<meta name=\"description\" content=\"Bir sat\u0131\u015f g\u00f6r\u00fc\u015fmesi raporu, ayr\u0131nt\u0131lar\u0131 \u00f6zetlemeye yard\u0131mc\u0131 olur. Tarihler, saatler, isimler, telefon numaralar\u0131 ve \u00e7\u0131kar\u0131mlar gibi \u00f6nemli bilgileri not etmek i\u00e7in bu \u00fccretsiz \u015fablonu kullan\u0131n.\" \/>\n<meta name=\"robots\" content=\"index, follow, max-snippet:-1, max-image-preview:large, max-video-preview:-1\" \/>\n<link rel=\"canonical\" href=\"https:\/\/sales-ai-agents.com\/tr\/templates\/sales-call-report\/\" \/>\n<meta property=\"og:locale\" content=\"tr_TR\" \/>\n<meta property=\"og:type\" content=\"article\" \/>\n<meta property=\"og:title\" content=\"Sat\u0131\u015f G\u00f6r\u00fc\u015fmesi Raporu \u015eablonu - Sales AI Agents\" \/>\n<meta property=\"og:description\" content=\"Bir sat\u0131\u015f g\u00f6r\u00fc\u015fmesi raporu, ayr\u0131nt\u0131lar\u0131 \u00f6zetlemeye yard\u0131mc\u0131 olur. Tarihler, saatler, isimler, telefon numaralar\u0131 ve \u00e7\u0131kar\u0131mlar gibi \u00f6nemli bilgileri not etmek i\u00e7in bu \u00fccretsiz \u015fablonu kullan\u0131n.\" \/>\n<meta property=\"og:url\" content=\"https:\/\/sales-ai-agents.com\/tr\/templates\/sales-call-report\/\" \/>\n<meta property=\"og:site_name\" content=\"Sales AI Agents\" \/>\n<meta property=\"article:modified_time\" content=\"2023-12-31T17:10:15+00:00\" \/>\n<meta property=\"og:image\" content=\"https:\/\/sales-ai-agents.com\/wp-content\/uploads\/2022\/09\/Sales-Call-Report-Template-Nimbus-Platform.png\" \/>\n\t<meta property=\"og:image:width\" content=\"1700\" \/>\n\t<meta property=\"og:image:height\" content=\"1100\" \/>\n\t<meta property=\"og:image:type\" content=\"image\/png\" \/>\n<meta name=\"twitter:card\" content=\"summary_large_image\" \/>\n<script type=\"application\/ld+json\" class=\"yoast-schema-graph\">{\"@context\":\"https:\/\/schema.org\",\"@graph\":[{\"@type\":\"WebPage\",\"@id\":\"https:\/\/sales-ai-agents.com\/tr\/templates\/sales-call-report\/\",\"url\":\"https:\/\/sales-ai-agents.com\/tr\/templates\/sales-call-report\/\",\"name\":\"Sat\u0131\u015f G\u00f6r\u00fc\u015fmesi Raporu \u015eablonu - Sales AI Agents\",\"isPartOf\":{\"@id\":\"https:\/\/sales-ai-agents.com\/#website\"},\"primaryImageOfPage\":{\"@id\":\"https:\/\/sales-ai-agents.com\/tr\/templates\/sales-call-report\/#primaryimage\"},\"image\":{\"@id\":\"https:\/\/sales-ai-agents.com\/tr\/templates\/sales-call-report\/#primaryimage\"},\"thumbnailUrl\":\"https:\/\/sales-ai-agents.com\/wp-content\/uploads\/2022\/09\/Sales-Call-Report-Template-Nimbus-Platform.png\",\"datePublished\":\"2022-09-26T11:50:16+00:00\",\"dateModified\":\"2023-12-31T17:10:15+00:00\",\"description\":\"Bir sat\u0131\u015f g\u00f6r\u00fc\u015fmesi raporu, ayr\u0131nt\u0131lar\u0131 \u00f6zetlemeye yard\u0131mc\u0131 olur. Tarihler, saatler, isimler, telefon numaralar\u0131 ve \u00e7\u0131kar\u0131mlar gibi \u00f6nemli bilgileri not etmek i\u00e7in bu \u00fccretsiz \u015fablonu kullan\u0131n.\",\"inLanguage\":\"tr\",\"potentialAction\":[{\"@type\":\"ReadAction\",\"target\":[\"https:\/\/sales-ai-agents.com\/tr\/templates\/sales-call-report\/\"]}]},{\"@type\":\"ImageObject\",\"inLanguage\":\"tr\",\"@id\":\"https:\/\/sales-ai-agents.com\/tr\/templates\/sales-call-report\/#primaryimage\",\"url\":\"https:\/\/sales-ai-agents.com\/wp-content\/uploads\/2022\/09\/Sales-Call-Report-Template-Nimbus-Platform.png\",\"contentUrl\":\"https:\/\/sales-ai-agents.com\/wp-content\/uploads\/2022\/09\/Sales-Call-Report-Template-Nimbus-Platform.png\",\"width\":1700,\"height\":1100},{\"@type\":\"WebSite\",\"@id\":\"https:\/\/sales-ai-agents.com\/#website\",\"url\":\"https:\/\/sales-ai-agents.com\/\",\"name\":\"FuseBase\",\"description\":\"Sales AI Agents - Free Online Collaboration Software for Remote Teams. Build your wikis, client portals and more with the Nimbus Platform collaboration tool ? A perfect space for online work\",\"publisher\":{\"@id\":\"https:\/\/sales-ai-agents.com\/#organization\"},\"potentialAction\":[{\"@type\":\"SearchAction\",\"target\":{\"@type\":\"EntryPoint\",\"urlTemplate\":\"https:\/\/sales-ai-agents.com\/?s={search_term_string}\"},\"query-input\":{\"@type\":\"PropertyValueSpecification\",\"valueRequired\":true,\"valueName\":\"search_term_string\"}}],\"inLanguage\":\"tr\"},{\"@type\":\"Organization\",\"@id\":\"https:\/\/sales-ai-agents.com\/#organization\",\"name\":\"FuseBase\",\"url\":\"https:\/\/sales-ai-agents.com\/\",\"logo\":{\"@type\":\"ImageObject\",\"inLanguage\":\"tr\",\"@id\":\"https:\/\/sales-ai-agents.com\/#\/schema\/logo\/image\/\",\"url\":\"https:\/\/sales-ai-agents.com\/wp-content\/uploads\/2023\/11\/icon-7.svg\",\"contentUrl\":\"https:\/\/sales-ai-agents.com\/wp-content\/uploads\/2023\/11\/icon-7.svg\",\"width\":128,\"height\":128,\"caption\":\"FuseBase\"},\"image\":{\"@id\":\"https:\/\/sales-ai-agents.com\/#\/schema\/logo\/image\/\"}}]}<\/script>\n<!-- \/ Yoast SEO plugin. -->","yoast_head_json":{"title":"Sat\u0131\u015f G\u00f6r\u00fc\u015fmesi Raporu \u015eablonu - Sales AI Agents","description":"Bir sat\u0131\u015f g\u00f6r\u00fc\u015fmesi raporu, ayr\u0131nt\u0131lar\u0131 \u00f6zetlemeye yard\u0131mc\u0131 olur. Tarihler, saatler, isimler, telefon numaralar\u0131 ve \u00e7\u0131kar\u0131mlar gibi \u00f6nemli bilgileri not etmek i\u00e7in bu \u00fccretsiz \u015fablonu kullan\u0131n.","robots":{"index":"index","follow":"follow","max-snippet":"max-snippet:-1","max-image-preview":"max-image-preview:large","max-video-preview":"max-video-preview:-1"},"canonical":"https:\/\/sales-ai-agents.com\/tr\/templates\/sales-call-report\/","og_locale":"tr_TR","og_type":"article","og_title":"Sat\u0131\u015f G\u00f6r\u00fc\u015fmesi Raporu \u015eablonu - Sales AI Agents","og_description":"Bir sat\u0131\u015f g\u00f6r\u00fc\u015fmesi raporu, ayr\u0131nt\u0131lar\u0131 \u00f6zetlemeye yard\u0131mc\u0131 olur. Tarihler, saatler, isimler, telefon numaralar\u0131 ve \u00e7\u0131kar\u0131mlar gibi \u00f6nemli bilgileri not etmek i\u00e7in bu \u00fccretsiz \u015fablonu kullan\u0131n.","og_url":"https:\/\/sales-ai-agents.com\/tr\/templates\/sales-call-report\/","og_site_name":"Sales AI Agents","article_modified_time":"2023-12-31T17:10:15+00:00","og_image":[{"width":1700,"height":1100,"url":"https:\/\/sales-ai-agents.com\/wp-content\/uploads\/2022\/09\/Sales-Call-Report-Template-Nimbus-Platform.png","type":"image\/png"}],"twitter_card":"summary_large_image","schema":{"@context":"https:\/\/schema.org","@graph":[{"@type":"WebPage","@id":"https:\/\/sales-ai-agents.com\/tr\/templates\/sales-call-report\/","url":"https:\/\/sales-ai-agents.com\/tr\/templates\/sales-call-report\/","name":"Sat\u0131\u015f G\u00f6r\u00fc\u015fmesi Raporu \u015eablonu - Sales AI Agents","isPartOf":{"@id":"https:\/\/sales-ai-agents.com\/#website"},"primaryImageOfPage":{"@id":"https:\/\/sales-ai-agents.com\/tr\/templates\/sales-call-report\/#primaryimage"},"image":{"@id":"https:\/\/sales-ai-agents.com\/tr\/templates\/sales-call-report\/#primaryimage"},"thumbnailUrl":"https:\/\/sales-ai-agents.com\/wp-content\/uploads\/2022\/09\/Sales-Call-Report-Template-Nimbus-Platform.png","datePublished":"2022-09-26T11:50:16+00:00","dateModified":"2023-12-31T17:10:15+00:00","description":"Bir sat\u0131\u015f g\u00f6r\u00fc\u015fmesi raporu, ayr\u0131nt\u0131lar\u0131 \u00f6zetlemeye yard\u0131mc\u0131 olur. Tarihler, saatler, isimler, telefon numaralar\u0131 ve \u00e7\u0131kar\u0131mlar gibi \u00f6nemli bilgileri not etmek i\u00e7in bu \u00fccretsiz \u015fablonu kullan\u0131n.","inLanguage":"tr","potentialAction":[{"@type":"ReadAction","target":["https:\/\/sales-ai-agents.com\/tr\/templates\/sales-call-report\/"]}]},{"@type":"ImageObject","inLanguage":"tr","@id":"https:\/\/sales-ai-agents.com\/tr\/templates\/sales-call-report\/#primaryimage","url":"https:\/\/sales-ai-agents.com\/wp-content\/uploads\/2022\/09\/Sales-Call-Report-Template-Nimbus-Platform.png","contentUrl":"https:\/\/sales-ai-agents.com\/wp-content\/uploads\/2022\/09\/Sales-Call-Report-Template-Nimbus-Platform.png","width":1700,"height":1100},{"@type":"WebSite","@id":"https:\/\/sales-ai-agents.com\/#website","url":"https:\/\/sales-ai-agents.com\/","name":"FuseBase","description":"Sales AI Agents - Free Online Collaboration Software for Remote Teams. Build your wikis, client portals and more with the Nimbus Platform collaboration tool ? A perfect space for online work","publisher":{"@id":"https:\/\/sales-ai-agents.com\/#organization"},"potentialAction":[{"@type":"SearchAction","target":{"@type":"EntryPoint","urlTemplate":"https:\/\/sales-ai-agents.com\/?s={search_term_string}"},"query-input":{"@type":"PropertyValueSpecification","valueRequired":true,"valueName":"search_term_string"}}],"inLanguage":"tr"},{"@type":"Organization","@id":"https:\/\/sales-ai-agents.com\/#organization","name":"FuseBase","url":"https:\/\/sales-ai-agents.com\/","logo":{"@type":"ImageObject","inLanguage":"tr","@id":"https:\/\/sales-ai-agents.com\/#\/schema\/logo\/image\/","url":"https:\/\/sales-ai-agents.com\/wp-content\/uploads\/2023\/11\/icon-7.svg","contentUrl":"https:\/\/sales-ai-agents.com\/wp-content\/uploads\/2023\/11\/icon-7.svg","width":128,"height":128,"caption":"FuseBase"},"image":{"@id":"https:\/\/sales-ai-agents.com\/#\/schema\/logo\/image\/"}}]}},"_links":{"self":[{"href":"https:\/\/sales-ai-agents.com\/tr\/wp-json\/wp\/v2\/product\/58410","targetHints":{"allow":["GET"]}}],"collection":[{"href":"https:\/\/sales-ai-agents.com\/tr\/wp-json\/wp\/v2\/product"}],"about":[{"href":"https:\/\/sales-ai-agents.com\/tr\/wp-json\/wp\/v2\/types\/product"}],"wp:featuredmedia":[{"embeddable":true,"href":"https:\/\/sales-ai-agents.com\/tr\/wp-json\/wp\/v2\/media\/58411"}],"wp:attachment":[{"href":"https:\/\/sales-ai-agents.com\/tr\/wp-json\/wp\/v2\/media?parent=58410"}],"wp:term":[{"taxonomy":"product_brand","embeddable":true,"href":"https:\/\/sales-ai-agents.com\/tr\/wp-json\/wp\/v2\/product_brand?post=58410"},{"taxonomy":"product_cat","embeddable":true,"href":"https:\/\/sales-ai-agents.com\/tr\/wp-json\/wp\/v2\/product_cat?post=58410"},{"taxonomy":"product_tag","embeddable":true,"href":"https:\/\/sales-ai-agents.com\/tr\/wp-json\/wp\/v2\/product_tag?post=58410"}],"curies":[{"name":"wp","href":"https:\/\/api.w.org\/{rel}","templated":true}]}}