{"id":58415,"date":"2022-09-26T11:49:59","date_gmt":"2022-09-26T11:49:59","guid":{"rendered":"https:\/\/sales-ai-agents.com\/templates\/password-login\/"},"modified":"2024-01-02T13:40:00","modified_gmt":"2024-01-02T13:40:00","slug":"password-login","status":"publish","type":"product","link":"https:\/\/sales-ai-agents.com\/tr\/templates\/password-login\/","title":{"rendered":"\u015eifre Giri\u015fi"},"content":{"rendered":"<p>&nbsp;<\/p>\n<h2>\u015eifre Giri\u015f \u015eablonu<\/h2>\n<p class=\"desc-text\">Hepimiz g\u00fc\u00e7l\u00fc parolalar kullanman\u0131n ve bunlar\u0131 s\u00fcrekli g\u00fcncellemenin ne kadar \u00f6nemli oldu\u011funu biliyoruz &#8211; farkl\u0131 siteler i\u00e7in benzersiz parolalar olu\u015fturmaktan bahsetmiyorum bile. Ama hepsini nas\u0131l hat\u0131rl\u0131yorsunuz? \u015eablonumuzu kullan\u0131n &#8211; \u00e7ok kullan\u0131\u015fl\u0131 ve basittir. \u0130ndirin ve kendiniz g\u00f6r\u00fcn!<\/p>\n<h5>Nas\u0131l kullan\u0131l\u0131r?<\/h5>\n<ul class=\"desc-item_list\">\n<li class=\"desc-item_list__point\">Site ad\u0131n\u0131 girin<\/li>\n<li class=\"desc-item_list__point\">E-posta\/login&#8217;i doldurun<\/li>\n<li class=\"desc-item_list__point\">\u015eifreyi doldurun<\/li>\n<li class=\"desc-item_list__point\">\u015eifrelerinize herhangi bir cihazdan eri\u015fin<\/li>\n<\/ul>\n","protected":false},"excerpt":{"rendered":"<p>G\u00fc\u00e7l\u00fc parolalar\u0131n\u0131z\u0131 yazmak ve s\u00fcrekli g\u00fcncellemek i\u00e7in bu \u00fccretsiz \u00f6zelle\u015ftirilebilir \u015fablonu kullan\u0131n. \u015eifreleri hat\u0131rlamak i\u00e7in zaman harcamay\u0131 b\u0131rak\u0131n!<\/p>\n","protected":false},"featured_media":58416,"template":"","meta":{"_acf_changed":false,"inline_featured_image":false},"product_brand":[],"product_cat":[257,266],"product_tag":[],"class_list":{"0":"post-58415","1":"product","2":"type-product","3":"status-publish","4":"has-post-thumbnail","6":"product_cat-personal","7":"product_cat-personal-work","9":"first","10":"instock","11":"virtual","12":"sold-individually","13":"product-type-simple"},"acf":[],"yoast_head":"<!-- This site is optimized with the Yoast SEO plugin v25.3.1 - https:\/\/yoast.com\/wordpress\/plugins\/seo\/ -->\n<title>\u015eifre Giri\u015f \u015eablonu - Sales AI Agents<\/title>\n<meta name=\"description\" content=\"G\u00fc\u00e7l\u00fc parolalar\u0131n\u0131z\u0131 yazmak ve s\u00fcrekli g\u00fcncellemek i\u00e7in bu \u00fccretsiz \u00f6zelle\u015ftirilebilir \u015fablonu kullan\u0131n. \u015eifreleri hat\u0131rlamak i\u00e7in zaman harcamay\u0131 b\u0131rak\u0131n!\" \/>\n<meta name=\"robots\" content=\"index, follow, max-snippet:-1, max-image-preview:large, max-video-preview:-1\" \/>\n<link rel=\"canonical\" href=\"https:\/\/sales-ai-agents.com\/tr\/templates\/password-login\/\" \/>\n<meta property=\"og:locale\" content=\"tr_TR\" \/>\n<meta property=\"og:type\" content=\"article\" \/>\n<meta property=\"og:title\" content=\"\u015eifre Giri\u015f \u015eablonu - Sales AI Agents\" \/>\n<meta property=\"og:description\" content=\"G\u00fc\u00e7l\u00fc parolalar\u0131n\u0131z\u0131 yazmak ve s\u00fcrekli g\u00fcncellemek i\u00e7in bu \u00fccretsiz \u00f6zelle\u015ftirilebilir \u015fablonu kullan\u0131n. \u015eifreleri hat\u0131rlamak i\u00e7in zaman harcamay\u0131 b\u0131rak\u0131n!\" \/>\n<meta property=\"og:url\" content=\"https:\/\/sales-ai-agents.com\/tr\/templates\/password-login\/\" \/>\n<meta property=\"og:site_name\" content=\"Sales AI Agents\" \/>\n<meta property=\"article:modified_time\" content=\"2024-01-02T13:40:00+00:00\" \/>\n<meta property=\"og:image\" content=\"https:\/\/sales-ai-agents.com\/wp-content\/uploads\/2022\/09\/Password-Login-Template.png\" \/>\n\t<meta property=\"og:image:width\" content=\"1700\" \/>\n\t<meta property=\"og:image:height\" content=\"1100\" \/>\n\t<meta property=\"og:image:type\" content=\"image\/png\" \/>\n<meta name=\"twitter:card\" content=\"summary_large_image\" \/>\n<script type=\"application\/ld+json\" class=\"yoast-schema-graph\">{\"@context\":\"https:\/\/schema.org\",\"@graph\":[{\"@type\":\"WebPage\",\"@id\":\"https:\/\/sales-ai-agents.com\/tr\/templates\/password-login\/\",\"url\":\"https:\/\/sales-ai-agents.com\/tr\/templates\/password-login\/\",\"name\":\"\u015eifre Giri\u015f \u015eablonu - Sales AI Agents\",\"isPartOf\":{\"@id\":\"https:\/\/sales-ai-agents.com\/#website\"},\"primaryImageOfPage\":{\"@id\":\"https:\/\/sales-ai-agents.com\/tr\/templates\/password-login\/#primaryimage\"},\"image\":{\"@id\":\"https:\/\/sales-ai-agents.com\/tr\/templates\/password-login\/#primaryimage\"},\"thumbnailUrl\":\"https:\/\/sales-ai-agents.com\/wp-content\/uploads\/2022\/09\/Password-Login-Template.png\",\"datePublished\":\"2022-09-26T11:49:59+00:00\",\"dateModified\":\"2024-01-02T13:40:00+00:00\",\"description\":\"G\u00fc\u00e7l\u00fc parolalar\u0131n\u0131z\u0131 yazmak ve s\u00fcrekli g\u00fcncellemek i\u00e7in bu \u00fccretsiz \u00f6zelle\u015ftirilebilir \u015fablonu kullan\u0131n. \u015eifreleri hat\u0131rlamak i\u00e7in zaman harcamay\u0131 b\u0131rak\u0131n!\",\"inLanguage\":\"tr\",\"potentialAction\":[{\"@type\":\"ReadAction\",\"target\":[\"https:\/\/sales-ai-agents.com\/tr\/templates\/password-login\/\"]}]},{\"@type\":\"ImageObject\",\"inLanguage\":\"tr\",\"@id\":\"https:\/\/sales-ai-agents.com\/tr\/templates\/password-login\/#primaryimage\",\"url\":\"https:\/\/sales-ai-agents.com\/wp-content\/uploads\/2022\/09\/Password-Login-Template.png\",\"contentUrl\":\"https:\/\/sales-ai-agents.com\/wp-content\/uploads\/2022\/09\/Password-Login-Template.png\",\"width\":1700,\"height\":1100},{\"@type\":\"WebSite\",\"@id\":\"https:\/\/sales-ai-agents.com\/#website\",\"url\":\"https:\/\/sales-ai-agents.com\/\",\"name\":\"FuseBase\",\"description\":\"Sales AI Agents - Free Online Collaboration Software for Remote Teams. Build your wikis, client portals and more with the Nimbus Platform collaboration tool ? A perfect space for online work\",\"publisher\":{\"@id\":\"https:\/\/sales-ai-agents.com\/#organization\"},\"potentialAction\":[{\"@type\":\"SearchAction\",\"target\":{\"@type\":\"EntryPoint\",\"urlTemplate\":\"https:\/\/sales-ai-agents.com\/?s={search_term_string}\"},\"query-input\":{\"@type\":\"PropertyValueSpecification\",\"valueRequired\":true,\"valueName\":\"search_term_string\"}}],\"inLanguage\":\"tr\"},{\"@type\":\"Organization\",\"@id\":\"https:\/\/sales-ai-agents.com\/#organization\",\"name\":\"FuseBase\",\"url\":\"https:\/\/sales-ai-agents.com\/\",\"logo\":{\"@type\":\"ImageObject\",\"inLanguage\":\"tr\",\"@id\":\"https:\/\/sales-ai-agents.com\/#\/schema\/logo\/image\/\",\"url\":\"https:\/\/sales-ai-agents.com\/wp-content\/uploads\/2023\/11\/icon-7.svg\",\"contentUrl\":\"https:\/\/sales-ai-agents.com\/wp-content\/uploads\/2023\/11\/icon-7.svg\",\"width\":128,\"height\":128,\"caption\":\"FuseBase\"},\"image\":{\"@id\":\"https:\/\/sales-ai-agents.com\/#\/schema\/logo\/image\/\"}}]}<\/script>\n<!-- \/ Yoast SEO plugin. -->","yoast_head_json":{"title":"\u015eifre Giri\u015f \u015eablonu - Sales AI Agents","description":"G\u00fc\u00e7l\u00fc parolalar\u0131n\u0131z\u0131 yazmak ve s\u00fcrekli g\u00fcncellemek i\u00e7in bu \u00fccretsiz \u00f6zelle\u015ftirilebilir \u015fablonu kullan\u0131n. \u015eifreleri hat\u0131rlamak i\u00e7in zaman harcamay\u0131 b\u0131rak\u0131n!","robots":{"index":"index","follow":"follow","max-snippet":"max-snippet:-1","max-image-preview":"max-image-preview:large","max-video-preview":"max-video-preview:-1"},"canonical":"https:\/\/sales-ai-agents.com\/tr\/templates\/password-login\/","og_locale":"tr_TR","og_type":"article","og_title":"\u015eifre Giri\u015f \u015eablonu - Sales AI Agents","og_description":"G\u00fc\u00e7l\u00fc parolalar\u0131n\u0131z\u0131 yazmak ve s\u00fcrekli g\u00fcncellemek i\u00e7in bu \u00fccretsiz \u00f6zelle\u015ftirilebilir \u015fablonu kullan\u0131n. \u015eifreleri hat\u0131rlamak i\u00e7in zaman harcamay\u0131 b\u0131rak\u0131n!","og_url":"https:\/\/sales-ai-agents.com\/tr\/templates\/password-login\/","og_site_name":"Sales AI Agents","article_modified_time":"2024-01-02T13:40:00+00:00","og_image":[{"width":1700,"height":1100,"url":"https:\/\/sales-ai-agents.com\/wp-content\/uploads\/2022\/09\/Password-Login-Template.png","type":"image\/png"}],"twitter_card":"summary_large_image","schema":{"@context":"https:\/\/schema.org","@graph":[{"@type":"WebPage","@id":"https:\/\/sales-ai-agents.com\/tr\/templates\/password-login\/","url":"https:\/\/sales-ai-agents.com\/tr\/templates\/password-login\/","name":"\u015eifre Giri\u015f \u015eablonu - Sales AI Agents","isPartOf":{"@id":"https:\/\/sales-ai-agents.com\/#website"},"primaryImageOfPage":{"@id":"https:\/\/sales-ai-agents.com\/tr\/templates\/password-login\/#primaryimage"},"image":{"@id":"https:\/\/sales-ai-agents.com\/tr\/templates\/password-login\/#primaryimage"},"thumbnailUrl":"https:\/\/sales-ai-agents.com\/wp-content\/uploads\/2022\/09\/Password-Login-Template.png","datePublished":"2022-09-26T11:49:59+00:00","dateModified":"2024-01-02T13:40:00+00:00","description":"G\u00fc\u00e7l\u00fc parolalar\u0131n\u0131z\u0131 yazmak ve s\u00fcrekli g\u00fcncellemek i\u00e7in bu \u00fccretsiz \u00f6zelle\u015ftirilebilir \u015fablonu kullan\u0131n. \u015eifreleri hat\u0131rlamak i\u00e7in zaman harcamay\u0131 b\u0131rak\u0131n!","inLanguage":"tr","potentialAction":[{"@type":"ReadAction","target":["https:\/\/sales-ai-agents.com\/tr\/templates\/password-login\/"]}]},{"@type":"ImageObject","inLanguage":"tr","@id":"https:\/\/sales-ai-agents.com\/tr\/templates\/password-login\/#primaryimage","url":"https:\/\/sales-ai-agents.com\/wp-content\/uploads\/2022\/09\/Password-Login-Template.png","contentUrl":"https:\/\/sales-ai-agents.com\/wp-content\/uploads\/2022\/09\/Password-Login-Template.png","width":1700,"height":1100},{"@type":"WebSite","@id":"https:\/\/sales-ai-agents.com\/#website","url":"https:\/\/sales-ai-agents.com\/","name":"FuseBase","description":"Sales AI Agents - Free Online Collaboration Software for Remote Teams. Build your wikis, client portals and more with the Nimbus Platform collaboration tool ? A perfect space for online work","publisher":{"@id":"https:\/\/sales-ai-agents.com\/#organization"},"potentialAction":[{"@type":"SearchAction","target":{"@type":"EntryPoint","urlTemplate":"https:\/\/sales-ai-agents.com\/?s={search_term_string}"},"query-input":{"@type":"PropertyValueSpecification","valueRequired":true,"valueName":"search_term_string"}}],"inLanguage":"tr"},{"@type":"Organization","@id":"https:\/\/sales-ai-agents.com\/#organization","name":"FuseBase","url":"https:\/\/sales-ai-agents.com\/","logo":{"@type":"ImageObject","inLanguage":"tr","@id":"https:\/\/sales-ai-agents.com\/#\/schema\/logo\/image\/","url":"https:\/\/sales-ai-agents.com\/wp-content\/uploads\/2023\/11\/icon-7.svg","contentUrl":"https:\/\/sales-ai-agents.com\/wp-content\/uploads\/2023\/11\/icon-7.svg","width":128,"height":128,"caption":"FuseBase"},"image":{"@id":"https:\/\/sales-ai-agents.com\/#\/schema\/logo\/image\/"}}]}},"_links":{"self":[{"href":"https:\/\/sales-ai-agents.com\/tr\/wp-json\/wp\/v2\/product\/58415","targetHints":{"allow":["GET"]}}],"collection":[{"href":"https:\/\/sales-ai-agents.com\/tr\/wp-json\/wp\/v2\/product"}],"about":[{"href":"https:\/\/sales-ai-agents.com\/tr\/wp-json\/wp\/v2\/types\/product"}],"wp:featuredmedia":[{"embeddable":true,"href":"https:\/\/sales-ai-agents.com\/tr\/wp-json\/wp\/v2\/media\/58416"}],"wp:attachment":[{"href":"https:\/\/sales-ai-agents.com\/tr\/wp-json\/wp\/v2\/media?parent=58415"}],"wp:term":[{"taxonomy":"product_brand","embeddable":true,"href":"https:\/\/sales-ai-agents.com\/tr\/wp-json\/wp\/v2\/product_brand?post=58415"},{"taxonomy":"product_cat","embeddable":true,"href":"https:\/\/sales-ai-agents.com\/tr\/wp-json\/wp\/v2\/product_cat?post=58415"},{"taxonomy":"product_tag","embeddable":true,"href":"https:\/\/sales-ai-agents.com\/tr\/wp-json\/wp\/v2\/product_tag?post=58415"}],"curies":[{"name":"wp","href":"https:\/\/api.w.org\/{rel}","templated":true}]}}