{"id":58418,"date":"2022-09-26T11:49:56","date_gmt":"2022-09-26T11:49:56","guid":{"rendered":"https:\/\/sales-ai-agents.com\/templates\/get-it-done\/"},"modified":"2023-12-27T12:36:08","modified_gmt":"2023-12-27T12:36:08","slug":"get-it-done","status":"publish","type":"product","link":"https:\/\/sales-ai-agents.com\/tr\/templates\/get-it-done\/","title":{"rendered":"Bitir \u015fu i\u015fi!"},"content":{"rendered":"<p>&nbsp;<\/p>\n<h2>Bitir \u015fu i\u015fi! \u015eablon<\/h2>\n<p class=\"desc-text\">G\u00f6rev ve sorumluluklar\u0131n\u0131z\u0131 planlamak i\u00e7in bu \u015fablonu kullanarak g\u00f6revlerinize yap\u0131 kat\u0131n. Bu \u015fablonda, g\u00f6revlerinizi kategorize etmek i\u00e7in tablolar vard\u0131r. Her bir sorumlulu\u011fu ne zaman tamamlanmas\u0131 gerekti\u011fine g\u00f6re d\u00fczenleyin &#8211; bug\u00fcn, ak\u015fam ya da yar\u0131n. \u00dczerinde \u00e7al\u0131\u015fman\u0131z gereken birden fazla proje veya tamamlaman\u0131z gereken birka\u00e7 \u00f6dev ve g\u00f6rev oldu\u011funda \u015fablonu doldurun. Her bir \u00f6\u011feyi takip etmek i\u00e7in onay kutular\u0131n\u0131 kullan\u0131n ve i\u015flerinizi halletmek i\u00e7in kendinizi motive edin.<\/p>\n<h5>Nas\u0131l kullan\u0131l\u0131r?<\/h5>\n<ul class=\"desc-item_list\">\n<li class=\"desc-item_list__point\">Her tabloya g\u00f6rev ekleyin<\/li>\n<li class=\"desc-item_list__point\">Her g\u00f6revi do\u011fru kategoriye yerle\u015ftirin<\/li>\n<li class=\"desc-item_list__point\">\u00d6\u011feleri tamamlad\u0131k\u00e7a kontrol edin<\/li>\n<li class=\"desc-item_list__point\">Alt tabloya notlar yaz\u0131n<\/li>\n<li class=\"desc-item_list__point\">Her \u015feyi bitirmek i\u00e7in kendinizi cesaretlendirin<\/li>\n<\/ul>\n","protected":false},"excerpt":{"rendered":"<p>Bu \u015fablonu kullanarak g\u00f6revlerinize yap\u0131 ekleyin. Her bir sorumlulu\u011fu ne zaman tamamlanmas\u0131 gerekti\u011fine g\u00f6re d\u00fczenleyin &#8211; bug\u00fcn, ak\u015fam ya da yar\u0131n.<\/p>\n","protected":false},"featured_media":58419,"template":"","meta":{"_acf_changed":false,"inline_featured_image":false},"product_brand":[],"product_cat":[257,256],"product_tag":[],"class_list":{"0":"post-58418","1":"product","2":"type-product","3":"status-publish","4":"has-post-thumbnail","6":"product_cat-personal","7":"product_cat-organizers-planners","9":"first","10":"instock","11":"virtual","12":"sold-individually","13":"product-type-simple"},"acf":[],"yoast_head":"<!-- This site is optimized with the Yoast SEO plugin v25.3.1 - https:\/\/yoast.com\/wordpress\/plugins\/seo\/ -->\n<title>Bitir \u015fu i\u015fi! \u015eablon - Sales AI Agents<\/title>\n<meta name=\"description\" content=\"Bu \u015fablonu kullanarak g\u00f6revlerinize yap\u0131 ekleyin. Nimbus ile her bir sorumlulu\u011fu ne zaman tamamlanmas\u0131 gerekti\u011fine g\u00f6re d\u00fczenleyin!\" \/>\n<meta name=\"robots\" content=\"index, follow, max-snippet:-1, max-image-preview:large, max-video-preview:-1\" \/>\n<link rel=\"canonical\" href=\"https:\/\/sales-ai-agents.com\/tr\/templates\/get-it-done\/\" \/>\n<meta property=\"og:locale\" content=\"tr_TR\" \/>\n<meta property=\"og:type\" content=\"article\" \/>\n<meta property=\"og:title\" content=\"Bitir \u015fu i\u015fi! \u015eablon - Sales AI Agents\" \/>\n<meta property=\"og:description\" content=\"Bu \u015fablonu kullanarak g\u00f6revlerinize yap\u0131 ekleyin. Nimbus ile her bir sorumlulu\u011fu ne zaman tamamlanmas\u0131 gerekti\u011fine g\u00f6re d\u00fczenleyin!\" \/>\n<meta property=\"og:url\" content=\"https:\/\/sales-ai-agents.com\/tr\/templates\/get-it-done\/\" \/>\n<meta property=\"og:site_name\" content=\"Sales AI Agents\" \/>\n<meta property=\"article:modified_time\" content=\"2023-12-27T12:36:08+00:00\" \/>\n<meta property=\"og:image\" content=\"https:\/\/sales-ai-agents.com\/wp-content\/uploads\/2023\/01\/image-preview124254.png\" \/>\n\t<meta property=\"og:image:width\" content=\"1078\" \/>\n\t<meta property=\"og:image:height\" content=\"1142\" \/>\n\t<meta property=\"og:image:type\" content=\"image\/png\" \/>\n<meta name=\"twitter:card\" content=\"summary_large_image\" \/>\n<script type=\"application\/ld+json\" class=\"yoast-schema-graph\">{\"@context\":\"https:\/\/schema.org\",\"@graph\":[{\"@type\":\"WebPage\",\"@id\":\"https:\/\/sales-ai-agents.com\/tr\/templates\/get-it-done\/\",\"url\":\"https:\/\/sales-ai-agents.com\/tr\/templates\/get-it-done\/\",\"name\":\"Bitir \u015fu i\u015fi! \u015eablon - Sales AI Agents\",\"isPartOf\":{\"@id\":\"https:\/\/sales-ai-agents.com\/#website\"},\"primaryImageOfPage\":{\"@id\":\"https:\/\/sales-ai-agents.com\/tr\/templates\/get-it-done\/#primaryimage\"},\"image\":{\"@id\":\"https:\/\/sales-ai-agents.com\/tr\/templates\/get-it-done\/#primaryimage\"},\"thumbnailUrl\":\"https:\/\/sales-ai-agents.com\/wp-content\/uploads\/2023\/01\/image-preview124254.png\",\"datePublished\":\"2022-09-26T11:49:56+00:00\",\"dateModified\":\"2023-12-27T12:36:08+00:00\",\"description\":\"Bu \u015fablonu kullanarak g\u00f6revlerinize yap\u0131 ekleyin. Nimbus ile her bir sorumlulu\u011fu ne zaman tamamlanmas\u0131 gerekti\u011fine g\u00f6re d\u00fczenleyin!\",\"inLanguage\":\"tr\",\"potentialAction\":[{\"@type\":\"ReadAction\",\"target\":[\"https:\/\/sales-ai-agents.com\/tr\/templates\/get-it-done\/\"]}]},{\"@type\":\"ImageObject\",\"inLanguage\":\"tr\",\"@id\":\"https:\/\/sales-ai-agents.com\/tr\/templates\/get-it-done\/#primaryimage\",\"url\":\"https:\/\/sales-ai-agents.com\/wp-content\/uploads\/2023\/01\/image-preview124254.png\",\"contentUrl\":\"https:\/\/sales-ai-agents.com\/wp-content\/uploads\/2023\/01\/image-preview124254.png\",\"width\":1078,\"height\":1142},{\"@type\":\"WebSite\",\"@id\":\"https:\/\/sales-ai-agents.com\/#website\",\"url\":\"https:\/\/sales-ai-agents.com\/\",\"name\":\"FuseBase\",\"description\":\"Sales AI Agents - Free Online Collaboration Software for Remote Teams. Build your wikis, client portals and more with the Nimbus Platform collaboration tool ? A perfect space for online work\",\"publisher\":{\"@id\":\"https:\/\/sales-ai-agents.com\/#organization\"},\"potentialAction\":[{\"@type\":\"SearchAction\",\"target\":{\"@type\":\"EntryPoint\",\"urlTemplate\":\"https:\/\/sales-ai-agents.com\/?s={search_term_string}\"},\"query-input\":{\"@type\":\"PropertyValueSpecification\",\"valueRequired\":true,\"valueName\":\"search_term_string\"}}],\"inLanguage\":\"tr\"},{\"@type\":\"Organization\",\"@id\":\"https:\/\/sales-ai-agents.com\/#organization\",\"name\":\"FuseBase\",\"url\":\"https:\/\/sales-ai-agents.com\/\",\"logo\":{\"@type\":\"ImageObject\",\"inLanguage\":\"tr\",\"@id\":\"https:\/\/sales-ai-agents.com\/#\/schema\/logo\/image\/\",\"url\":\"https:\/\/sales-ai-agents.com\/wp-content\/uploads\/2023\/11\/icon-7.svg\",\"contentUrl\":\"https:\/\/sales-ai-agents.com\/wp-content\/uploads\/2023\/11\/icon-7.svg\",\"width\":128,\"height\":128,\"caption\":\"FuseBase\"},\"image\":{\"@id\":\"https:\/\/sales-ai-agents.com\/#\/schema\/logo\/image\/\"}}]}<\/script>\n<!-- \/ Yoast SEO plugin. -->","yoast_head_json":{"title":"Bitir \u015fu i\u015fi! \u015eablon - Sales AI Agents","description":"Bu \u015fablonu kullanarak g\u00f6revlerinize yap\u0131 ekleyin. Nimbus ile her bir sorumlulu\u011fu ne zaman tamamlanmas\u0131 gerekti\u011fine g\u00f6re d\u00fczenleyin!","robots":{"index":"index","follow":"follow","max-snippet":"max-snippet:-1","max-image-preview":"max-image-preview:large","max-video-preview":"max-video-preview:-1"},"canonical":"https:\/\/sales-ai-agents.com\/tr\/templates\/get-it-done\/","og_locale":"tr_TR","og_type":"article","og_title":"Bitir \u015fu i\u015fi! \u015eablon - Sales AI Agents","og_description":"Bu \u015fablonu kullanarak g\u00f6revlerinize yap\u0131 ekleyin. Nimbus ile her bir sorumlulu\u011fu ne zaman tamamlanmas\u0131 gerekti\u011fine g\u00f6re d\u00fczenleyin!","og_url":"https:\/\/sales-ai-agents.com\/tr\/templates\/get-it-done\/","og_site_name":"Sales AI Agents","article_modified_time":"2023-12-27T12:36:08+00:00","og_image":[{"width":1078,"height":1142,"url":"https:\/\/sales-ai-agents.com\/wp-content\/uploads\/2023\/01\/image-preview124254.png","type":"image\/png"}],"twitter_card":"summary_large_image","schema":{"@context":"https:\/\/schema.org","@graph":[{"@type":"WebPage","@id":"https:\/\/sales-ai-agents.com\/tr\/templates\/get-it-done\/","url":"https:\/\/sales-ai-agents.com\/tr\/templates\/get-it-done\/","name":"Bitir \u015fu i\u015fi! \u015eablon - Sales AI Agents","isPartOf":{"@id":"https:\/\/sales-ai-agents.com\/#website"},"primaryImageOfPage":{"@id":"https:\/\/sales-ai-agents.com\/tr\/templates\/get-it-done\/#primaryimage"},"image":{"@id":"https:\/\/sales-ai-agents.com\/tr\/templates\/get-it-done\/#primaryimage"},"thumbnailUrl":"https:\/\/sales-ai-agents.com\/wp-content\/uploads\/2023\/01\/image-preview124254.png","datePublished":"2022-09-26T11:49:56+00:00","dateModified":"2023-12-27T12:36:08+00:00","description":"Bu \u015fablonu kullanarak g\u00f6revlerinize yap\u0131 ekleyin. Nimbus ile her bir sorumlulu\u011fu ne zaman tamamlanmas\u0131 gerekti\u011fine g\u00f6re d\u00fczenleyin!","inLanguage":"tr","potentialAction":[{"@type":"ReadAction","target":["https:\/\/sales-ai-agents.com\/tr\/templates\/get-it-done\/"]}]},{"@type":"ImageObject","inLanguage":"tr","@id":"https:\/\/sales-ai-agents.com\/tr\/templates\/get-it-done\/#primaryimage","url":"https:\/\/sales-ai-agents.com\/wp-content\/uploads\/2023\/01\/image-preview124254.png","contentUrl":"https:\/\/sales-ai-agents.com\/wp-content\/uploads\/2023\/01\/image-preview124254.png","width":1078,"height":1142},{"@type":"WebSite","@id":"https:\/\/sales-ai-agents.com\/#website","url":"https:\/\/sales-ai-agents.com\/","name":"FuseBase","description":"Sales AI Agents - Free Online Collaboration Software for Remote Teams. Build your wikis, client portals and more with the Nimbus Platform collaboration tool ? A perfect space for online work","publisher":{"@id":"https:\/\/sales-ai-agents.com\/#organization"},"potentialAction":[{"@type":"SearchAction","target":{"@type":"EntryPoint","urlTemplate":"https:\/\/sales-ai-agents.com\/?s={search_term_string}"},"query-input":{"@type":"PropertyValueSpecification","valueRequired":true,"valueName":"search_term_string"}}],"inLanguage":"tr"},{"@type":"Organization","@id":"https:\/\/sales-ai-agents.com\/#organization","name":"FuseBase","url":"https:\/\/sales-ai-agents.com\/","logo":{"@type":"ImageObject","inLanguage":"tr","@id":"https:\/\/sales-ai-agents.com\/#\/schema\/logo\/image\/","url":"https:\/\/sales-ai-agents.com\/wp-content\/uploads\/2023\/11\/icon-7.svg","contentUrl":"https:\/\/sales-ai-agents.com\/wp-content\/uploads\/2023\/11\/icon-7.svg","width":128,"height":128,"caption":"FuseBase"},"image":{"@id":"https:\/\/sales-ai-agents.com\/#\/schema\/logo\/image\/"}}]}},"_links":{"self":[{"href":"https:\/\/sales-ai-agents.com\/tr\/wp-json\/wp\/v2\/product\/58418","targetHints":{"allow":["GET"]}}],"collection":[{"href":"https:\/\/sales-ai-agents.com\/tr\/wp-json\/wp\/v2\/product"}],"about":[{"href":"https:\/\/sales-ai-agents.com\/tr\/wp-json\/wp\/v2\/types\/product"}],"wp:featuredmedia":[{"embeddable":true,"href":"https:\/\/sales-ai-agents.com\/tr\/wp-json\/wp\/v2\/media\/58419"}],"wp:attachment":[{"href":"https:\/\/sales-ai-agents.com\/tr\/wp-json\/wp\/v2\/media?parent=58418"}],"wp:term":[{"taxonomy":"product_brand","embeddable":true,"href":"https:\/\/sales-ai-agents.com\/tr\/wp-json\/wp\/v2\/product_brand?post=58418"},{"taxonomy":"product_cat","embeddable":true,"href":"https:\/\/sales-ai-agents.com\/tr\/wp-json\/wp\/v2\/product_cat?post=58418"},{"taxonomy":"product_tag","embeddable":true,"href":"https:\/\/sales-ai-agents.com\/tr\/wp-json\/wp\/v2\/product_tag?post=58418"}],"curies":[{"name":"wp","href":"https:\/\/api.w.org\/{rel}","templated":true}]}}