{"id":58423,"date":"2022-09-26T11:49:53","date_gmt":"2022-09-26T11:49:53","guid":{"rendered":"https:\/\/sales-ai-agents.com\/templates\/persona-all-in-one\/"},"modified":"2023-12-27T15:02:01","modified_gmt":"2023-12-27T15:02:01","slug":"persona-all-in-one","status":"publish","type":"product","link":"https:\/\/sales-ai-agents.com\/tr\/templates\/persona-all-in-one\/","title":{"rendered":"Persona Hepsi Bir Arada"},"content":{"rendered":"<p>&nbsp;<\/p>\n<h2>Bu Persona \u015eablonu b\u00fcy\u00fcmeniz i\u00e7in neden bu kadar \u00f6nemli?<\/h2>\n<p class=\"desc-text\">Personalar ve veri analizi olmadan hi\u00e7bir i\u015f m\u00fcmk\u00fcn de\u011fildir. \u0130yi bir pazar performans\u0131na sahip olmak i\u00e7in m\u00fc\u015fterilerinizi anlaman\u0131z gerekir. M\u00fc\u015fterilerinizden olu\u015fan grubun bir tasla\u011f\u0131n\u0131 \u00e7\u0131kard\u0131ktan ve ihtiya\u00e7lar\u0131n\u0131, ac\u0131lar\u0131n\u0131 ve genel ger\u00e7ekli\u011fi tan\u0131mlad\u0131ktan sonra, ortak noktalar\u0131na vurgu yapars\u0131n\u0131z.<\/p>\n<p>M\u00fc\u015fteri Persona Ara\u015ft\u0131rmas\u0131 yapabilir ve sonu\u00e7lar\u0131n\u0131 haz\u0131rlanan forma dahil edebilirsiniz. Bu sayede m\u00fc\u015fterilerinizle ilgili t\u00fcm bilgilere sahip olarak rakiplerinizden her zaman bir ad\u0131m \u00f6nde olacak ve onlar\u0131n i\u015fletmeniz i\u00e7in ne kadar de\u011ferli olduklar\u0131n\u0131 tespit edebileceksiniz.<\/p>\n<p>&nbsp;<\/p>\n<h5>Se\u00e7enekler nelerdir?<\/h5>\n<p class=\"desc-text\">Tek bir ki\u015fiyle y\u00fcz y\u00fcze kalmak istiyorsan\u0131z, bu ihtiya\u00e7lar\u0131n\u0131z i\u00e7in de bir alternatifimiz var. <a class=\"corporate-blue\" href=\"https:\/\/sales-ai-agents.com\/templates\/general-persona-profile\/\" target=\"_blank\" rel=\"noopener\">Genel Persona Profili<\/a>, tek seferlik ihtiya\u00e7lar i\u00e7in daha g\u00f6rsel bir taslakt\u0131r. M\u00fc\u015fterinizin \u00f6zelliklerini veya \u00e7al\u0131\u015fanlar\u0131n\u0131z\u0131n performans\u0131n\u0131 kar\u015f\u0131la\u015ft\u0131rmak zorunda olmad\u0131\u011f\u0131n\u0131zda en iyi sonucu verir.<\/p>\n<p>Sadece veri ayr\u0131nt\u0131lar\u0131na de\u011fil, ger\u00e7ek bir m\u00fc\u015fterinin g\u00f6zlerinin i\u00e7ine bakman\u0131z gereken durumlarda kullan\u0131n.<\/p>\n<p>Yeni \u00e7al\u0131\u015fanlar\u0131 i\u015fe al\u0131rken de\u011ferlidir. Sadece g\u00f6stergeleri girin ve se\u00e7iminizi yapmak i\u00e7in bir ki\u015fi hakk\u0131ndaki izleniminizi i\u015f arkada\u015flar\u0131n\u0131zla hizalay\u0131n.<\/p>\n<h5>Sizin i\u00e7in en iyi Persona Profilini haz\u0131rlad\u0131k!<\/h5>\n<p class=\"desc-text\">M\u00fc\u015fteri tablosu, birincil analiz i\u00e7in gerekli t\u00fcm kritik okumalar\u0131 i\u00e7erir. M\u00fc\u015fterilerinizin t\u00fcm verilerini tek bir yerde toplay\u0131n! Ortalama seviyeyi kolayca g\u00f6rebilecek ve m\u00fc\u015fteri personan\u0131z\u0131n kim oldu\u011funu belirleyebileceksiniz.<\/p>\n<p>Personay\u0131 d\u00fczenli olarak g\u00f6zden ge\u00e7irmeyi ve g\u00fcncellemeyi unutmay\u0131n &#8211; bunlar m\u00fckemmel sonuca giden yoldaki ana zorluklard\u0131r.<\/p>\n<p>Ki\u015finin mevcut rol\u00fcn\u00fc nas\u0131l \u00fcstlendi\u011fini g\u00f6rmek istiyorsan\u0131z, bu \u015fablonu da kullanmaktan \u00e7ekinmeyin. Tabloda karar vermenize yard\u0131mc\u0131 olacak okumalar yer almaktad\u0131r.<\/p>\n<p>Sa\u011flam bir persona analizine sahip oldu\u011funuzda, bunu hedeflerinizi daha etkili hale getirmek ve potansiyel m\u00fc\u015fterilerinizin say\u0131s\u0131n\u0131 art\u0131rmak i\u00e7in kullanabilirsiniz!<\/p>\n<h5>Nas\u0131l kullan\u0131l\u0131r?<\/h5>\n<ul class=\"desc-item_list\">\n<li class=\"desc-item_list__point\">Sosyal a\u011flara ve profillere <a class=\"corporate-blue\" href=\"https:\/\/sales-ai-agents.com\/guides\/basics\/links-in-nimbus-note\/\" target=\"_blank\" rel=\"noopener\">ba\u011flant\u0131lar ekleyin<\/a> ve bunlar\u0131 bir <a class=\"corporate-blue\" href=\"https:\/\/sales-ai-agents.com\/guides\/basics\/button-object\/\" target=\"_blank\" rel=\"noopener\">d\u00fc\u011fme<\/a> haline getirin.<\/li>\n<li class=\"desc-item_list__point\">Do\u011fum g\u00fcn\u00fc veya toplant\u0131 g\u00fcn\u00fc gibi bir tarih ekleyin. Bu hevesli ger\u00e7eklikte m\u00fc\u015fterilerle randevuyu ka\u00e7\u0131rmamak i\u00e7in <a class=\"corporate-blue\" href=\"https:\/\/sales-ai-agents.com\/guides\/basics\/time-reminders-in-nimbus-note\/\" target=\"_blank\" rel=\"noopener\">bir hat\u0131rlatma<\/a> da <a class=\"corporate-blue\" href=\"https:\/\/sales-ai-agents.com\/guides\/basics\/time-reminders-in-nimbus-note\/\" target=\"_blank\" rel=\"noopener\">ayarlayabilirsiniz<\/a>.<\/li>\n<li class=\"desc-item_list__point\">Bir ki\u015fi taraf\u0131ndan g\u00f6nderilen \u00f6zge\u00e7mi\u015fler ve di\u011fer \u00f6nemli belgeler gibi <a class=\"corporate-blue\" href=\"https:\/\/sales-ai-agents.com\/guides\/basics\/files-and-attachments\/\" target=\"_blank\" rel=\"noopener\">dosyalar\u0131 ekleyin<\/a>&#8211; b\u00f6ylece her zaman elinizin alt\u0131nda olurlar.<\/li>\n<li class=\"desc-item_list__point\">Tabloya, bir m\u00fc\u015fterinin \u00f6nemli persona olu\u015fturma \u00f6zelliklerini tan\u0131mlayan <a class=\"corporate-blue\" href=\"https:\/\/sales-ai-agents.com\/guides\/table-database\/tables\/\" target=\"_blank\" rel=\"noopener\">s\u00fctunlar<\/a>, hatta en sevdikleri kitaplar\u0131n bir listesini <a class=\"corporate-blue\" href=\"https:\/\/sales-ai-agents.com\/guides\/table-database\/tables\/\" target=\"_blank\" rel=\"noopener\">ekleyin<\/a> &#8211; yarat\u0131c\u0131 olun!<\/li>\n<li class=\"desc-item_list__point\">Ya da ihtiya\u00e7lar\u0131n\u0131za uymayan s\u00fctunlar\u0131 kald\u0131r\u0131n. Her i\u015fletmenin, t\u0131pk\u0131 bir insan gibi, kendine has \u00f6zellikleri vard\u0131r, bu nedenle zorluklar\u0131n\u0131za g\u00f6re ayr\u0131nt\u0131lar\u0131 ayarlamaktan \u00e7ekinmeyin!<\/li>\n<li class=\"desc-item_list__point\">Bazen ger\u00e7ek m\u00fc\u015fteriler size tahmin edilmesi zor g\u00f6stergeler g\u00f6nderir &#8211; sadece bunlar\u0131 ekleyin ve fikirlerinizi bize <a class=\"corporate-blue\" href=\"https:\/\/support.nimbusweb.co\/portal\/en\/newticket\" target=\"_blank\" rel=\"noopener\">destek<\/a> olarak g\u00f6nderin.<\/li>\n<\/ul>\n","protected":false},"excerpt":{"rendered":"<p>M\u00fc\u015fterilerinizin temel \u00f6zelliklerini tan\u0131mlamak ve ba\u015far\u0131ya do\u011fru ilerlemenizi planlamak i\u00e7in Persona All in One \u015fablonunu kullan\u0131n!<\/p>\n","protected":false},"featured_media":58426,"template":"","meta":{"_acf_changed":false,"inline_featured_image":false},"product_brand":[],"product_cat":[265,250,258,228],"product_tag":[],"class_list":{"0":"post-58423","1":"product","2":"type-product","3":"status-publish","4":"has-post-thumbnail","6":"product_cat-customer-support","7":"product_cat-marketing","8":"product_cat-marketing-analysis","9":"product_cat-sales-account","10":"collections-client","12":"first","13":"instock","14":"virtual","15":"sold-individually","16":"product-type-simple"},"acf":[],"yoast_head":"<!-- This site is optimized with the Yoast SEO plugin v25.3.1 - https:\/\/yoast.com\/wordpress\/plugins\/seo\/ -->\n<title>Nimbus Note - Persona Hepsi Bir Arada \u015fablonu - Sales AI Agents<\/title>\n<meta name=\"description\" content=\"M\u00fc\u015fterilerinizin temel \u00f6zelliklerini tan\u0131mlamak ve ba\u015far\u0131ya do\u011fru ilerlemenizi planlamak i\u00e7in Persona All in One \u015fablonunu kullan\u0131n!\" \/>\n<meta name=\"robots\" content=\"index, follow, max-snippet:-1, max-image-preview:large, max-video-preview:-1\" \/>\n<link rel=\"canonical\" href=\"https:\/\/sales-ai-agents.com\/tr\/templates\/persona-all-in-one\/\" \/>\n<meta property=\"og:locale\" content=\"tr_TR\" \/>\n<meta property=\"og:type\" content=\"article\" \/>\n<meta property=\"og:title\" content=\"Nimbus Note - Persona Hepsi Bir Arada \u015fablonu - Sales AI Agents\" \/>\n<meta property=\"og:description\" content=\"M\u00fc\u015fterilerinizin temel \u00f6zelliklerini tan\u0131mlamak ve ba\u015far\u0131ya do\u011fru ilerlemenizi planlamak i\u00e7in Persona All in One \u015fablonunu kullan\u0131n!\" \/>\n<meta property=\"og:url\" content=\"https:\/\/sales-ai-agents.com\/tr\/templates\/persona-all-in-one\/\" \/>\n<meta property=\"og:site_name\" content=\"Sales AI Agents\" \/>\n<meta property=\"article:modified_time\" content=\"2023-12-27T15:02:01+00:00\" \/>\n<meta property=\"og:image\" content=\"https:\/\/sales-ai-agents.com\/wp-content\/uploads\/2022\/09\/Persona-All-In-One-Template.png\" \/>\n\t<meta property=\"og:image:width\" content=\"1700\" \/>\n\t<meta property=\"og:image:height\" content=\"1100\" \/>\n\t<meta property=\"og:image:type\" content=\"image\/png\" \/>\n<meta name=\"twitter:card\" content=\"summary_large_image\" \/>\n<script type=\"application\/ld+json\" class=\"yoast-schema-graph\">{\"@context\":\"https:\/\/schema.org\",\"@graph\":[{\"@type\":\"WebPage\",\"@id\":\"https:\/\/sales-ai-agents.com\/tr\/templates\/persona-all-in-one\/\",\"url\":\"https:\/\/sales-ai-agents.com\/tr\/templates\/persona-all-in-one\/\",\"name\":\"Nimbus Note - Persona Hepsi Bir Arada \u015fablonu - Sales AI Agents\",\"isPartOf\":{\"@id\":\"https:\/\/sales-ai-agents.com\/#website\"},\"primaryImageOfPage\":{\"@id\":\"https:\/\/sales-ai-agents.com\/tr\/templates\/persona-all-in-one\/#primaryimage\"},\"image\":{\"@id\":\"https:\/\/sales-ai-agents.com\/tr\/templates\/persona-all-in-one\/#primaryimage\"},\"thumbnailUrl\":\"https:\/\/sales-ai-agents.com\/wp-content\/uploads\/2022\/09\/Persona-All-In-One-Template.png\",\"datePublished\":\"2022-09-26T11:49:53+00:00\",\"dateModified\":\"2023-12-27T15:02:01+00:00\",\"description\":\"M\u00fc\u015fterilerinizin temel \u00f6zelliklerini tan\u0131mlamak ve ba\u015far\u0131ya do\u011fru ilerlemenizi planlamak i\u00e7in Persona All in One \u015fablonunu kullan\u0131n!\",\"inLanguage\":\"tr\",\"potentialAction\":[{\"@type\":\"ReadAction\",\"target\":[\"https:\/\/sales-ai-agents.com\/tr\/templates\/persona-all-in-one\/\"]}]},{\"@type\":\"ImageObject\",\"inLanguage\":\"tr\",\"@id\":\"https:\/\/sales-ai-agents.com\/tr\/templates\/persona-all-in-one\/#primaryimage\",\"url\":\"https:\/\/sales-ai-agents.com\/wp-content\/uploads\/2022\/09\/Persona-All-In-One-Template.png\",\"contentUrl\":\"https:\/\/sales-ai-agents.com\/wp-content\/uploads\/2022\/09\/Persona-All-In-One-Template.png\",\"width\":1700,\"height\":1100},{\"@type\":\"WebSite\",\"@id\":\"https:\/\/sales-ai-agents.com\/#website\",\"url\":\"https:\/\/sales-ai-agents.com\/\",\"name\":\"FuseBase\",\"description\":\"Sales AI Agents - Free Online Collaboration Software for Remote Teams. Build your wikis, client portals and more with the Nimbus Platform collaboration tool ? A perfect space for online work\",\"publisher\":{\"@id\":\"https:\/\/sales-ai-agents.com\/#organization\"},\"potentialAction\":[{\"@type\":\"SearchAction\",\"target\":{\"@type\":\"EntryPoint\",\"urlTemplate\":\"https:\/\/sales-ai-agents.com\/?s={search_term_string}\"},\"query-input\":{\"@type\":\"PropertyValueSpecification\",\"valueRequired\":true,\"valueName\":\"search_term_string\"}}],\"inLanguage\":\"tr\"},{\"@type\":\"Organization\",\"@id\":\"https:\/\/sales-ai-agents.com\/#organization\",\"name\":\"FuseBase\",\"url\":\"https:\/\/sales-ai-agents.com\/\",\"logo\":{\"@type\":\"ImageObject\",\"inLanguage\":\"tr\",\"@id\":\"https:\/\/sales-ai-agents.com\/#\/schema\/logo\/image\/\",\"url\":\"https:\/\/sales-ai-agents.com\/wp-content\/uploads\/2023\/11\/icon-7.svg\",\"contentUrl\":\"https:\/\/sales-ai-agents.com\/wp-content\/uploads\/2023\/11\/icon-7.svg\",\"width\":128,\"height\":128,\"caption\":\"FuseBase\"},\"image\":{\"@id\":\"https:\/\/sales-ai-agents.com\/#\/schema\/logo\/image\/\"}}]}<\/script>\n<!-- \/ Yoast SEO plugin. -->","yoast_head_json":{"title":"Nimbus Note - Persona Hepsi Bir Arada \u015fablonu - Sales AI Agents","description":"M\u00fc\u015fterilerinizin temel \u00f6zelliklerini tan\u0131mlamak ve ba\u015far\u0131ya do\u011fru ilerlemenizi planlamak i\u00e7in Persona All in One \u015fablonunu kullan\u0131n!","robots":{"index":"index","follow":"follow","max-snippet":"max-snippet:-1","max-image-preview":"max-image-preview:large","max-video-preview":"max-video-preview:-1"},"canonical":"https:\/\/sales-ai-agents.com\/tr\/templates\/persona-all-in-one\/","og_locale":"tr_TR","og_type":"article","og_title":"Nimbus Note - Persona Hepsi Bir Arada \u015fablonu - Sales AI Agents","og_description":"M\u00fc\u015fterilerinizin temel \u00f6zelliklerini tan\u0131mlamak ve ba\u015far\u0131ya do\u011fru ilerlemenizi planlamak i\u00e7in Persona All in One \u015fablonunu kullan\u0131n!","og_url":"https:\/\/sales-ai-agents.com\/tr\/templates\/persona-all-in-one\/","og_site_name":"Sales AI Agents","article_modified_time":"2023-12-27T15:02:01+00:00","og_image":[{"width":1700,"height":1100,"url":"https:\/\/sales-ai-agents.com\/wp-content\/uploads\/2022\/09\/Persona-All-In-One-Template.png","type":"image\/png"}],"twitter_card":"summary_large_image","schema":{"@context":"https:\/\/schema.org","@graph":[{"@type":"WebPage","@id":"https:\/\/sales-ai-agents.com\/tr\/templates\/persona-all-in-one\/","url":"https:\/\/sales-ai-agents.com\/tr\/templates\/persona-all-in-one\/","name":"Nimbus Note - Persona Hepsi Bir Arada \u015fablonu - Sales AI Agents","isPartOf":{"@id":"https:\/\/sales-ai-agents.com\/#website"},"primaryImageOfPage":{"@id":"https:\/\/sales-ai-agents.com\/tr\/templates\/persona-all-in-one\/#primaryimage"},"image":{"@id":"https:\/\/sales-ai-agents.com\/tr\/templates\/persona-all-in-one\/#primaryimage"},"thumbnailUrl":"https:\/\/sales-ai-agents.com\/wp-content\/uploads\/2022\/09\/Persona-All-In-One-Template.png","datePublished":"2022-09-26T11:49:53+00:00","dateModified":"2023-12-27T15:02:01+00:00","description":"M\u00fc\u015fterilerinizin temel \u00f6zelliklerini tan\u0131mlamak ve ba\u015far\u0131ya do\u011fru ilerlemenizi planlamak i\u00e7in Persona All in One \u015fablonunu kullan\u0131n!","inLanguage":"tr","potentialAction":[{"@type":"ReadAction","target":["https:\/\/sales-ai-agents.com\/tr\/templates\/persona-all-in-one\/"]}]},{"@type":"ImageObject","inLanguage":"tr","@id":"https:\/\/sales-ai-agents.com\/tr\/templates\/persona-all-in-one\/#primaryimage","url":"https:\/\/sales-ai-agents.com\/wp-content\/uploads\/2022\/09\/Persona-All-In-One-Template.png","contentUrl":"https:\/\/sales-ai-agents.com\/wp-content\/uploads\/2022\/09\/Persona-All-In-One-Template.png","width":1700,"height":1100},{"@type":"WebSite","@id":"https:\/\/sales-ai-agents.com\/#website","url":"https:\/\/sales-ai-agents.com\/","name":"FuseBase","description":"Sales AI Agents - Free Online Collaboration Software for Remote Teams. Build your wikis, client portals and more with the Nimbus Platform collaboration tool ? A perfect space for online work","publisher":{"@id":"https:\/\/sales-ai-agents.com\/#organization"},"potentialAction":[{"@type":"SearchAction","target":{"@type":"EntryPoint","urlTemplate":"https:\/\/sales-ai-agents.com\/?s={search_term_string}"},"query-input":{"@type":"PropertyValueSpecification","valueRequired":true,"valueName":"search_term_string"}}],"inLanguage":"tr"},{"@type":"Organization","@id":"https:\/\/sales-ai-agents.com\/#organization","name":"FuseBase","url":"https:\/\/sales-ai-agents.com\/","logo":{"@type":"ImageObject","inLanguage":"tr","@id":"https:\/\/sales-ai-agents.com\/#\/schema\/logo\/image\/","url":"https:\/\/sales-ai-agents.com\/wp-content\/uploads\/2023\/11\/icon-7.svg","contentUrl":"https:\/\/sales-ai-agents.com\/wp-content\/uploads\/2023\/11\/icon-7.svg","width":128,"height":128,"caption":"FuseBase"},"image":{"@id":"https:\/\/sales-ai-agents.com\/#\/schema\/logo\/image\/"}}]}},"_links":{"self":[{"href":"https:\/\/sales-ai-agents.com\/tr\/wp-json\/wp\/v2\/product\/58423","targetHints":{"allow":["GET"]}}],"collection":[{"href":"https:\/\/sales-ai-agents.com\/tr\/wp-json\/wp\/v2\/product"}],"about":[{"href":"https:\/\/sales-ai-agents.com\/tr\/wp-json\/wp\/v2\/types\/product"}],"wp:featuredmedia":[{"embeddable":true,"href":"https:\/\/sales-ai-agents.com\/tr\/wp-json\/wp\/v2\/media\/58426"}],"wp:attachment":[{"href":"https:\/\/sales-ai-agents.com\/tr\/wp-json\/wp\/v2\/media?parent=58423"}],"wp:term":[{"taxonomy":"product_brand","embeddable":true,"href":"https:\/\/sales-ai-agents.com\/tr\/wp-json\/wp\/v2\/product_brand?post=58423"},{"taxonomy":"product_cat","embeddable":true,"href":"https:\/\/sales-ai-agents.com\/tr\/wp-json\/wp\/v2\/product_cat?post=58423"},{"taxonomy":"product_tag","embeddable":true,"href":"https:\/\/sales-ai-agents.com\/tr\/wp-json\/wp\/v2\/product_tag?post=58423"}],"curies":[{"name":"wp","href":"https:\/\/api.w.org\/{rel}","templated":true}]}}