{"id":58431,"date":"2022-09-26T11:49:50","date_gmt":"2022-09-26T11:49:50","guid":{"rendered":"https:\/\/sales-ai-agents.com\/templates\/q2-okrs\/"},"modified":"2024-01-02T11:59:19","modified_gmt":"2024-01-02T11:59:19","slug":"q2-okrs","status":"publish","type":"product","link":"https:\/\/sales-ai-agents.com\/tr\/templates\/q2-okrs\/","title":{"rendered":"2. \u00c7eyrek OKR&#8217;leri"},"content":{"rendered":"<p>&nbsp;<\/p>\n<h2>Q2 OKRs \u015eablonu<\/h2>\n<p class=\"desc-text\">OKR&#8217;ler (Hedefler ve Temel Sonu\u00e7lar) hedeflerinizi metriklere ba\u011flar. Hedeflerinizi ortaya koyabilmeniz ve \u00f6l\u00e7\u00fclebilir sonu\u00e7lar tan\u0131mlayabilmeniz i\u00e7in bu OKR \u015fablonunu k\u00fct\u00fcphanemize ekledik. Bu \u015fablonu doldurun, b\u00f6ylece hedeflerinizi ekibinizle payla\u015fabilir ve kazanma stratejileri olu\u015fturabilirsiniz. Plans\u0131z \u00e7al\u0131\u015fmay\u0131n &#8211; bunu hedeflerinize ula\u015fmak i\u00e7in bir \u00e7er\u00e7eve olarak kullan\u0131n.<\/p>\n<h5>Nas\u0131l kullan\u0131l\u0131r?<\/h5>\n<ul class=\"desc-item_list\">\n<li class=\"desc-item_list__point\">Hedefler belirleyin<\/li>\n<li class=\"desc-item_list__point\">Her bir hedef i\u00e7in kilit sonu\u00e7lar\u0131 listeleyin<\/li>\n<li class=\"desc-item_list__point\">Tabloyu doldurun<\/li>\n<li class=\"desc-item_list__point\">Her sonuca bir sahip atay\u0131n<\/li>\n<li class=\"desc-item_list__point\">Her bir hedef ve sonu\u00e7 i\u00e7in EoQ puanlar\u0131n\u0131 ekleyin<\/li>\n<\/ul>\n","protected":false},"excerpt":{"rendered":"<p>OKR&#8217;ler (Hedefler ve Temel Sonu\u00e7lar) hedeflerinizi ger\u00e7ek metriklere ba\u011flar. Hedeflerinizi ortaya koymak ve \u00f6l\u00e7\u00fclebilir sonu\u00e7lar\u0131 tan\u0131mlamak i\u00e7in bu \u00fccretsiz OKR \u015fablonunu kullan\u0131n!<\/p>\n","protected":false},"featured_media":58432,"template":"","meta":{"_acf_changed":false,"inline_featured_image":false},"product_brand":[],"product_cat":[231,272,252],"product_tag":[],"class_list":{"0":"post-58431","1":"product","2":"type-product","3":"status-publish","4":"has-post-thumbnail","6":"product_cat-project-management","7":"product_cat-project-documents","8":"product_cat-product","10":"first","11":"instock","12":"virtual","13":"sold-individually","14":"product-type-simple"},"acf":[],"yoast_head":"<!-- This site is optimized with the Yoast SEO plugin v25.3.1 - https:\/\/yoast.com\/wordpress\/plugins\/seo\/ -->\n<title>Q2 OKRs \u015eablonu - Sales AI Agents<\/title>\n<meta name=\"description\" content=\"OKR&#039;ler (Hedefler ve Temel Sonu\u00e7lar) hedeflerinizi ger\u00e7ek metriklere ba\u011flar. Hedeflerinizi ortaya koymak ve \u00f6l\u00e7\u00fclebilir sonu\u00e7lar\u0131 tan\u0131mlamak i\u00e7in bu \u00fccretsiz OKR \u015fablonunu kullan\u0131n!\" \/>\n<meta name=\"robots\" content=\"index, follow, max-snippet:-1, max-image-preview:large, max-video-preview:-1\" \/>\n<link rel=\"canonical\" href=\"https:\/\/sales-ai-agents.com\/tr\/templates\/q2-okrs\/\" \/>\n<meta property=\"og:locale\" content=\"tr_TR\" \/>\n<meta property=\"og:type\" content=\"article\" \/>\n<meta property=\"og:title\" content=\"Q2 OKRs \u015eablonu - Sales AI Agents\" \/>\n<meta property=\"og:description\" content=\"OKR&#039;ler (Hedefler ve Temel Sonu\u00e7lar) hedeflerinizi ger\u00e7ek metriklere ba\u011flar. Hedeflerinizi ortaya koymak ve \u00f6l\u00e7\u00fclebilir sonu\u00e7lar\u0131 tan\u0131mlamak i\u00e7in bu \u00fccretsiz OKR \u015fablonunu kullan\u0131n!\" \/>\n<meta property=\"og:url\" content=\"https:\/\/sales-ai-agents.com\/tr\/templates\/q2-okrs\/\" \/>\n<meta property=\"og:site_name\" content=\"Sales AI Agents\" \/>\n<meta property=\"article:modified_time\" content=\"2024-01-02T11:59:19+00:00\" \/>\n<meta property=\"og:image\" content=\"https:\/\/sales-ai-agents.com\/wp-content\/uploads\/2022\/09\/Q2-OKRs-Template.png\" \/>\n\t<meta property=\"og:image:width\" content=\"1700\" \/>\n\t<meta property=\"og:image:height\" content=\"1100\" \/>\n\t<meta property=\"og:image:type\" content=\"image\/png\" \/>\n<meta name=\"twitter:card\" content=\"summary_large_image\" \/>\n<script type=\"application\/ld+json\" class=\"yoast-schema-graph\">{\"@context\":\"https:\/\/schema.org\",\"@graph\":[{\"@type\":\"WebPage\",\"@id\":\"https:\/\/sales-ai-agents.com\/tr\/templates\/q2-okrs\/\",\"url\":\"https:\/\/sales-ai-agents.com\/tr\/templates\/q2-okrs\/\",\"name\":\"Q2 OKRs \u015eablonu - Sales AI Agents\",\"isPartOf\":{\"@id\":\"https:\/\/sales-ai-agents.com\/#website\"},\"primaryImageOfPage\":{\"@id\":\"https:\/\/sales-ai-agents.com\/tr\/templates\/q2-okrs\/#primaryimage\"},\"image\":{\"@id\":\"https:\/\/sales-ai-agents.com\/tr\/templates\/q2-okrs\/#primaryimage\"},\"thumbnailUrl\":\"https:\/\/sales-ai-agents.com\/wp-content\/uploads\/2022\/09\/Q2-OKRs-Template.png\",\"datePublished\":\"2022-09-26T11:49:50+00:00\",\"dateModified\":\"2024-01-02T11:59:19+00:00\",\"description\":\"OKR'ler (Hedefler ve Temel Sonu\u00e7lar) hedeflerinizi ger\u00e7ek metriklere ba\u011flar. Hedeflerinizi ortaya koymak ve \u00f6l\u00e7\u00fclebilir sonu\u00e7lar\u0131 tan\u0131mlamak i\u00e7in bu \u00fccretsiz OKR \u015fablonunu kullan\u0131n!\",\"inLanguage\":\"tr\",\"potentialAction\":[{\"@type\":\"ReadAction\",\"target\":[\"https:\/\/sales-ai-agents.com\/tr\/templates\/q2-okrs\/\"]}]},{\"@type\":\"ImageObject\",\"inLanguage\":\"tr\",\"@id\":\"https:\/\/sales-ai-agents.com\/tr\/templates\/q2-okrs\/#primaryimage\",\"url\":\"https:\/\/sales-ai-agents.com\/wp-content\/uploads\/2022\/09\/Q2-OKRs-Template.png\",\"contentUrl\":\"https:\/\/sales-ai-agents.com\/wp-content\/uploads\/2022\/09\/Q2-OKRs-Template.png\",\"width\":1700,\"height\":1100},{\"@type\":\"WebSite\",\"@id\":\"https:\/\/sales-ai-agents.com\/#website\",\"url\":\"https:\/\/sales-ai-agents.com\/\",\"name\":\"FuseBase\",\"description\":\"Sales AI Agents - Free Online Collaboration Software for Remote Teams. Build your wikis, client portals and more with the Nimbus Platform collaboration tool ? A perfect space for online work\",\"publisher\":{\"@id\":\"https:\/\/sales-ai-agents.com\/#organization\"},\"potentialAction\":[{\"@type\":\"SearchAction\",\"target\":{\"@type\":\"EntryPoint\",\"urlTemplate\":\"https:\/\/sales-ai-agents.com\/?s={search_term_string}\"},\"query-input\":{\"@type\":\"PropertyValueSpecification\",\"valueRequired\":true,\"valueName\":\"search_term_string\"}}],\"inLanguage\":\"tr\"},{\"@type\":\"Organization\",\"@id\":\"https:\/\/sales-ai-agents.com\/#organization\",\"name\":\"FuseBase\",\"url\":\"https:\/\/sales-ai-agents.com\/\",\"logo\":{\"@type\":\"ImageObject\",\"inLanguage\":\"tr\",\"@id\":\"https:\/\/sales-ai-agents.com\/#\/schema\/logo\/image\/\",\"url\":\"https:\/\/sales-ai-agents.com\/wp-content\/uploads\/2023\/11\/icon-7.svg\",\"contentUrl\":\"https:\/\/sales-ai-agents.com\/wp-content\/uploads\/2023\/11\/icon-7.svg\",\"width\":128,\"height\":128,\"caption\":\"FuseBase\"},\"image\":{\"@id\":\"https:\/\/sales-ai-agents.com\/#\/schema\/logo\/image\/\"}}]}<\/script>\n<!-- \/ Yoast SEO plugin. -->","yoast_head_json":{"title":"Q2 OKRs \u015eablonu - Sales AI Agents","description":"OKR'ler (Hedefler ve Temel Sonu\u00e7lar) hedeflerinizi ger\u00e7ek metriklere ba\u011flar. Hedeflerinizi ortaya koymak ve \u00f6l\u00e7\u00fclebilir sonu\u00e7lar\u0131 tan\u0131mlamak i\u00e7in bu \u00fccretsiz OKR \u015fablonunu kullan\u0131n!","robots":{"index":"index","follow":"follow","max-snippet":"max-snippet:-1","max-image-preview":"max-image-preview:large","max-video-preview":"max-video-preview:-1"},"canonical":"https:\/\/sales-ai-agents.com\/tr\/templates\/q2-okrs\/","og_locale":"tr_TR","og_type":"article","og_title":"Q2 OKRs \u015eablonu - Sales AI Agents","og_description":"OKR'ler (Hedefler ve Temel Sonu\u00e7lar) hedeflerinizi ger\u00e7ek metriklere ba\u011flar. Hedeflerinizi ortaya koymak ve \u00f6l\u00e7\u00fclebilir sonu\u00e7lar\u0131 tan\u0131mlamak i\u00e7in bu \u00fccretsiz OKR \u015fablonunu kullan\u0131n!","og_url":"https:\/\/sales-ai-agents.com\/tr\/templates\/q2-okrs\/","og_site_name":"Sales AI Agents","article_modified_time":"2024-01-02T11:59:19+00:00","og_image":[{"width":1700,"height":1100,"url":"https:\/\/sales-ai-agents.com\/wp-content\/uploads\/2022\/09\/Q2-OKRs-Template.png","type":"image\/png"}],"twitter_card":"summary_large_image","schema":{"@context":"https:\/\/schema.org","@graph":[{"@type":"WebPage","@id":"https:\/\/sales-ai-agents.com\/tr\/templates\/q2-okrs\/","url":"https:\/\/sales-ai-agents.com\/tr\/templates\/q2-okrs\/","name":"Q2 OKRs \u015eablonu - Sales AI Agents","isPartOf":{"@id":"https:\/\/sales-ai-agents.com\/#website"},"primaryImageOfPage":{"@id":"https:\/\/sales-ai-agents.com\/tr\/templates\/q2-okrs\/#primaryimage"},"image":{"@id":"https:\/\/sales-ai-agents.com\/tr\/templates\/q2-okrs\/#primaryimage"},"thumbnailUrl":"https:\/\/sales-ai-agents.com\/wp-content\/uploads\/2022\/09\/Q2-OKRs-Template.png","datePublished":"2022-09-26T11:49:50+00:00","dateModified":"2024-01-02T11:59:19+00:00","description":"OKR'ler (Hedefler ve Temel Sonu\u00e7lar) hedeflerinizi ger\u00e7ek metriklere ba\u011flar. Hedeflerinizi ortaya koymak ve \u00f6l\u00e7\u00fclebilir sonu\u00e7lar\u0131 tan\u0131mlamak i\u00e7in bu \u00fccretsiz OKR \u015fablonunu kullan\u0131n!","inLanguage":"tr","potentialAction":[{"@type":"ReadAction","target":["https:\/\/sales-ai-agents.com\/tr\/templates\/q2-okrs\/"]}]},{"@type":"ImageObject","inLanguage":"tr","@id":"https:\/\/sales-ai-agents.com\/tr\/templates\/q2-okrs\/#primaryimage","url":"https:\/\/sales-ai-agents.com\/wp-content\/uploads\/2022\/09\/Q2-OKRs-Template.png","contentUrl":"https:\/\/sales-ai-agents.com\/wp-content\/uploads\/2022\/09\/Q2-OKRs-Template.png","width":1700,"height":1100},{"@type":"WebSite","@id":"https:\/\/sales-ai-agents.com\/#website","url":"https:\/\/sales-ai-agents.com\/","name":"FuseBase","description":"Sales AI Agents - Free Online Collaboration Software for Remote Teams. Build your wikis, client portals and more with the Nimbus Platform collaboration tool ? A perfect space for online work","publisher":{"@id":"https:\/\/sales-ai-agents.com\/#organization"},"potentialAction":[{"@type":"SearchAction","target":{"@type":"EntryPoint","urlTemplate":"https:\/\/sales-ai-agents.com\/?s={search_term_string}"},"query-input":{"@type":"PropertyValueSpecification","valueRequired":true,"valueName":"search_term_string"}}],"inLanguage":"tr"},{"@type":"Organization","@id":"https:\/\/sales-ai-agents.com\/#organization","name":"FuseBase","url":"https:\/\/sales-ai-agents.com\/","logo":{"@type":"ImageObject","inLanguage":"tr","@id":"https:\/\/sales-ai-agents.com\/#\/schema\/logo\/image\/","url":"https:\/\/sales-ai-agents.com\/wp-content\/uploads\/2023\/11\/icon-7.svg","contentUrl":"https:\/\/sales-ai-agents.com\/wp-content\/uploads\/2023\/11\/icon-7.svg","width":128,"height":128,"caption":"FuseBase"},"image":{"@id":"https:\/\/sales-ai-agents.com\/#\/schema\/logo\/image\/"}}]}},"_links":{"self":[{"href":"https:\/\/sales-ai-agents.com\/tr\/wp-json\/wp\/v2\/product\/58431","targetHints":{"allow":["GET"]}}],"collection":[{"href":"https:\/\/sales-ai-agents.com\/tr\/wp-json\/wp\/v2\/product"}],"about":[{"href":"https:\/\/sales-ai-agents.com\/tr\/wp-json\/wp\/v2\/types\/product"}],"wp:featuredmedia":[{"embeddable":true,"href":"https:\/\/sales-ai-agents.com\/tr\/wp-json\/wp\/v2\/media\/58432"}],"wp:attachment":[{"href":"https:\/\/sales-ai-agents.com\/tr\/wp-json\/wp\/v2\/media?parent=58431"}],"wp:term":[{"taxonomy":"product_brand","embeddable":true,"href":"https:\/\/sales-ai-agents.com\/tr\/wp-json\/wp\/v2\/product_brand?post=58431"},{"taxonomy":"product_cat","embeddable":true,"href":"https:\/\/sales-ai-agents.com\/tr\/wp-json\/wp\/v2\/product_cat?post=58431"},{"taxonomy":"product_tag","embeddable":true,"href":"https:\/\/sales-ai-agents.com\/tr\/wp-json\/wp\/v2\/product_tag?post=58431"}],"curies":[{"name":"wp","href":"https:\/\/api.w.org\/{rel}","templated":true}]}}