{"id":58435,"date":"2022-09-26T11:49:26","date_gmt":"2022-09-26T11:49:26","guid":{"rendered":"https:\/\/sales-ai-agents.com\/templates\/emergency-medical-identification\/"},"modified":"2024-01-02T13:42:26","modified_gmt":"2024-01-02T13:42:26","slug":"emergency-medical-identification","status":"publish","type":"product","link":"https:\/\/sales-ai-agents.com\/tr\/templates\/emergency-medical-identification\/","title":{"rendered":"Acil T\u0131bbi Kimlik Belirleme"},"content":{"rendered":"<p>&nbsp;<\/p>\n<h2>Acil T\u0131bbi Kimlik \u015eablonu<\/h2>\n<p class=\"desc-text\">Acil bir durumda, t\u0131bbi irtibat ki\u015filerini el alt\u0131nda bulundurmak \u00e7ok \u00f6nemlidir. Ki\u015fi listenizi d\u00fczenlemek i\u00e7in t\u0131bbi kimlik \u015fablonumuzu kullan\u0131n. T\u00fcm bilgilerinizi g\u00fcncel tutun ve h\u0131zl\u0131 payla\u015f\u0131m i\u00e7in di\u011fer \u00fcyeleri etiketleyin. Bilgilerinizin kolay eri\u015fim i\u00e7in g\u00fcvenli ve emniyetli bir \u015fekilde saklanaca\u011f\u0131na g\u00fcvenebilirsiniz.<\/p>\n<h5>Nas\u0131l kullan\u0131l\u0131r?<\/h5>\n<ul class=\"desc-item_list\">\n<li class=\"desc-item_list__point\">Her bir ki\u015fi hakk\u0131nda bilgi ekleyin<\/li>\n<li class=\"desc-item_list__point\">Acil durum irtibatlar\u0131n\u0131 listeleyin<\/li>\n<li class=\"desc-item_list__point\">\u0130simlerini ve adreslerini not edin<\/li>\n<li class=\"desc-item_list__point\">\u0130la\u00e7lar\u0131n\u0131 ve dozaj miktarlar\u0131n\u0131 listeleyin<\/li>\n<li class=\"desc-item_list__point\">Alerji bilgilerini eklemeyi unutmay\u0131n<\/li>\n<\/ul>\n","protected":false},"excerpt":{"rendered":"<p>Acil bir durumda, t\u0131bbi irtibat ki\u015filerini el alt\u0131nda tutmak \u00e7ok \u00f6nemlidir. Ki\u015fi listenizi kolayca d\u00fczenlemek i\u00e7in \u00fccretsiz t\u0131bbi kimlik \u015fablonumuzu kullan\u0131n.<\/p>\n","protected":false},"featured_media":58436,"template":"","meta":{"_acf_changed":false,"inline_featured_image":false},"product_brand":[],"product_cat":[259],"product_tag":[],"class_list":{"0":"post-58435","1":"product","2":"type-product","3":"status-publish","4":"has-post-thumbnail","6":"product_cat-personal-health","8":"first","9":"instock","10":"virtual","11":"sold-individually","12":"product-type-simple"},"acf":[],"yoast_head":"<!-- This site is optimized with the Yoast SEO plugin v25.3.1 - https:\/\/yoast.com\/wordpress\/plugins\/seo\/ -->\n<title>Acil t\u0131bbi kimlik \u015fablonu - Sales AI Agents<\/title>\n<meta name=\"description\" content=\"Acil bir durumda, t\u0131bbi irtibat ki\u015filerini el alt\u0131nda bulundurmak \u00e7ok \u00f6nemlidir. Ki\u015fi listenizi kolayca d\u00fczenlemek i\u00e7in \u00fccretsiz t\u0131bbi kimlik \u015fablonumuzu kullan\u0131n.\" \/>\n<meta name=\"robots\" content=\"index, follow, max-snippet:-1, max-image-preview:large, max-video-preview:-1\" \/>\n<link rel=\"canonical\" href=\"https:\/\/sales-ai-agents.com\/tr\/templates\/emergency-medical-identification\/\" \/>\n<meta property=\"og:locale\" content=\"tr_TR\" \/>\n<meta property=\"og:type\" content=\"article\" \/>\n<meta property=\"og:title\" content=\"Acil t\u0131bbi kimlik \u015fablonu - Sales AI Agents\" \/>\n<meta property=\"og:description\" content=\"Acil bir durumda, t\u0131bbi irtibat ki\u015filerini el alt\u0131nda bulundurmak \u00e7ok \u00f6nemlidir. Ki\u015fi listenizi kolayca d\u00fczenlemek i\u00e7in \u00fccretsiz t\u0131bbi kimlik \u015fablonumuzu kullan\u0131n.\" \/>\n<meta property=\"og:url\" content=\"https:\/\/sales-ai-agents.com\/tr\/templates\/emergency-medical-identification\/\" \/>\n<meta property=\"og:site_name\" content=\"Sales AI Agents\" \/>\n<meta property=\"article:modified_time\" content=\"2024-01-02T13:42:26+00:00\" \/>\n<meta property=\"og:image\" content=\"https:\/\/sales-ai-agents.com\/wp-content\/uploads\/2023\/01\/image-preview124132.png\" \/>\n\t<meta property=\"og:image:width\" content=\"1078\" \/>\n\t<meta property=\"og:image:height\" content=\"760\" \/>\n\t<meta property=\"og:image:type\" content=\"image\/png\" \/>\n<meta name=\"twitter:card\" content=\"summary_large_image\" \/>\n<script type=\"application\/ld+json\" class=\"yoast-schema-graph\">{\"@context\":\"https:\/\/schema.org\",\"@graph\":[{\"@type\":\"WebPage\",\"@id\":\"https:\/\/sales-ai-agents.com\/tr\/templates\/emergency-medical-identification\/\",\"url\":\"https:\/\/sales-ai-agents.com\/tr\/templates\/emergency-medical-identification\/\",\"name\":\"Acil t\u0131bbi kimlik \u015fablonu - Sales AI Agents\",\"isPartOf\":{\"@id\":\"https:\/\/sales-ai-agents.com\/#website\"},\"primaryImageOfPage\":{\"@id\":\"https:\/\/sales-ai-agents.com\/tr\/templates\/emergency-medical-identification\/#primaryimage\"},\"image\":{\"@id\":\"https:\/\/sales-ai-agents.com\/tr\/templates\/emergency-medical-identification\/#primaryimage\"},\"thumbnailUrl\":\"https:\/\/sales-ai-agents.com\/wp-content\/uploads\/2023\/01\/image-preview124132.png\",\"datePublished\":\"2022-09-26T11:49:26+00:00\",\"dateModified\":\"2024-01-02T13:42:26+00:00\",\"description\":\"Acil bir durumda, t\u0131bbi irtibat ki\u015filerini el alt\u0131nda bulundurmak \u00e7ok \u00f6nemlidir. Ki\u015fi listenizi kolayca d\u00fczenlemek i\u00e7in \u00fccretsiz t\u0131bbi kimlik \u015fablonumuzu kullan\u0131n.\",\"inLanguage\":\"tr\",\"potentialAction\":[{\"@type\":\"ReadAction\",\"target\":[\"https:\/\/sales-ai-agents.com\/tr\/templates\/emergency-medical-identification\/\"]}]},{\"@type\":\"ImageObject\",\"inLanguage\":\"tr\",\"@id\":\"https:\/\/sales-ai-agents.com\/tr\/templates\/emergency-medical-identification\/#primaryimage\",\"url\":\"https:\/\/sales-ai-agents.com\/wp-content\/uploads\/2023\/01\/image-preview124132.png\",\"contentUrl\":\"https:\/\/sales-ai-agents.com\/wp-content\/uploads\/2023\/01\/image-preview124132.png\",\"width\":1078,\"height\":760},{\"@type\":\"WebSite\",\"@id\":\"https:\/\/sales-ai-agents.com\/#website\",\"url\":\"https:\/\/sales-ai-agents.com\/\",\"name\":\"FuseBase\",\"description\":\"Sales AI Agents - Free Online Collaboration Software for Remote Teams. Build your wikis, client portals and more with the Nimbus Platform collaboration tool ? A perfect space for online work\",\"publisher\":{\"@id\":\"https:\/\/sales-ai-agents.com\/#organization\"},\"potentialAction\":[{\"@type\":\"SearchAction\",\"target\":{\"@type\":\"EntryPoint\",\"urlTemplate\":\"https:\/\/sales-ai-agents.com\/?s={search_term_string}\"},\"query-input\":{\"@type\":\"PropertyValueSpecification\",\"valueRequired\":true,\"valueName\":\"search_term_string\"}}],\"inLanguage\":\"tr\"},{\"@type\":\"Organization\",\"@id\":\"https:\/\/sales-ai-agents.com\/#organization\",\"name\":\"FuseBase\",\"url\":\"https:\/\/sales-ai-agents.com\/\",\"logo\":{\"@type\":\"ImageObject\",\"inLanguage\":\"tr\",\"@id\":\"https:\/\/sales-ai-agents.com\/#\/schema\/logo\/image\/\",\"url\":\"https:\/\/sales-ai-agents.com\/wp-content\/uploads\/2023\/11\/icon-7.svg\",\"contentUrl\":\"https:\/\/sales-ai-agents.com\/wp-content\/uploads\/2023\/11\/icon-7.svg\",\"width\":128,\"height\":128,\"caption\":\"FuseBase\"},\"image\":{\"@id\":\"https:\/\/sales-ai-agents.com\/#\/schema\/logo\/image\/\"}}]}<\/script>\n<!-- \/ Yoast SEO plugin. -->","yoast_head_json":{"title":"Acil t\u0131bbi kimlik \u015fablonu - Sales AI Agents","description":"Acil bir durumda, t\u0131bbi irtibat ki\u015filerini el alt\u0131nda bulundurmak \u00e7ok \u00f6nemlidir. Ki\u015fi listenizi kolayca d\u00fczenlemek i\u00e7in \u00fccretsiz t\u0131bbi kimlik \u015fablonumuzu kullan\u0131n.","robots":{"index":"index","follow":"follow","max-snippet":"max-snippet:-1","max-image-preview":"max-image-preview:large","max-video-preview":"max-video-preview:-1"},"canonical":"https:\/\/sales-ai-agents.com\/tr\/templates\/emergency-medical-identification\/","og_locale":"tr_TR","og_type":"article","og_title":"Acil t\u0131bbi kimlik \u015fablonu - Sales AI Agents","og_description":"Acil bir durumda, t\u0131bbi irtibat ki\u015filerini el alt\u0131nda bulundurmak \u00e7ok \u00f6nemlidir. Ki\u015fi listenizi kolayca d\u00fczenlemek i\u00e7in \u00fccretsiz t\u0131bbi kimlik \u015fablonumuzu kullan\u0131n.","og_url":"https:\/\/sales-ai-agents.com\/tr\/templates\/emergency-medical-identification\/","og_site_name":"Sales AI Agents","article_modified_time":"2024-01-02T13:42:26+00:00","og_image":[{"width":1078,"height":760,"url":"https:\/\/sales-ai-agents.com\/wp-content\/uploads\/2023\/01\/image-preview124132.png","type":"image\/png"}],"twitter_card":"summary_large_image","schema":{"@context":"https:\/\/schema.org","@graph":[{"@type":"WebPage","@id":"https:\/\/sales-ai-agents.com\/tr\/templates\/emergency-medical-identification\/","url":"https:\/\/sales-ai-agents.com\/tr\/templates\/emergency-medical-identification\/","name":"Acil t\u0131bbi kimlik \u015fablonu - Sales AI Agents","isPartOf":{"@id":"https:\/\/sales-ai-agents.com\/#website"},"primaryImageOfPage":{"@id":"https:\/\/sales-ai-agents.com\/tr\/templates\/emergency-medical-identification\/#primaryimage"},"image":{"@id":"https:\/\/sales-ai-agents.com\/tr\/templates\/emergency-medical-identification\/#primaryimage"},"thumbnailUrl":"https:\/\/sales-ai-agents.com\/wp-content\/uploads\/2023\/01\/image-preview124132.png","datePublished":"2022-09-26T11:49:26+00:00","dateModified":"2024-01-02T13:42:26+00:00","description":"Acil bir durumda, t\u0131bbi irtibat ki\u015filerini el alt\u0131nda bulundurmak \u00e7ok \u00f6nemlidir. Ki\u015fi listenizi kolayca d\u00fczenlemek i\u00e7in \u00fccretsiz t\u0131bbi kimlik \u015fablonumuzu kullan\u0131n.","inLanguage":"tr","potentialAction":[{"@type":"ReadAction","target":["https:\/\/sales-ai-agents.com\/tr\/templates\/emergency-medical-identification\/"]}]},{"@type":"ImageObject","inLanguage":"tr","@id":"https:\/\/sales-ai-agents.com\/tr\/templates\/emergency-medical-identification\/#primaryimage","url":"https:\/\/sales-ai-agents.com\/wp-content\/uploads\/2023\/01\/image-preview124132.png","contentUrl":"https:\/\/sales-ai-agents.com\/wp-content\/uploads\/2023\/01\/image-preview124132.png","width":1078,"height":760},{"@type":"WebSite","@id":"https:\/\/sales-ai-agents.com\/#website","url":"https:\/\/sales-ai-agents.com\/","name":"FuseBase","description":"Sales AI Agents - Free Online Collaboration Software for Remote Teams. Build your wikis, client portals and more with the Nimbus Platform collaboration tool ? A perfect space for online work","publisher":{"@id":"https:\/\/sales-ai-agents.com\/#organization"},"potentialAction":[{"@type":"SearchAction","target":{"@type":"EntryPoint","urlTemplate":"https:\/\/sales-ai-agents.com\/?s={search_term_string}"},"query-input":{"@type":"PropertyValueSpecification","valueRequired":true,"valueName":"search_term_string"}}],"inLanguage":"tr"},{"@type":"Organization","@id":"https:\/\/sales-ai-agents.com\/#organization","name":"FuseBase","url":"https:\/\/sales-ai-agents.com\/","logo":{"@type":"ImageObject","inLanguage":"tr","@id":"https:\/\/sales-ai-agents.com\/#\/schema\/logo\/image\/","url":"https:\/\/sales-ai-agents.com\/wp-content\/uploads\/2023\/11\/icon-7.svg","contentUrl":"https:\/\/sales-ai-agents.com\/wp-content\/uploads\/2023\/11\/icon-7.svg","width":128,"height":128,"caption":"FuseBase"},"image":{"@id":"https:\/\/sales-ai-agents.com\/#\/schema\/logo\/image\/"}}]}},"_links":{"self":[{"href":"https:\/\/sales-ai-agents.com\/tr\/wp-json\/wp\/v2\/product\/58435","targetHints":{"allow":["GET"]}}],"collection":[{"href":"https:\/\/sales-ai-agents.com\/tr\/wp-json\/wp\/v2\/product"}],"about":[{"href":"https:\/\/sales-ai-agents.com\/tr\/wp-json\/wp\/v2\/types\/product"}],"wp:featuredmedia":[{"embeddable":true,"href":"https:\/\/sales-ai-agents.com\/tr\/wp-json\/wp\/v2\/media\/58436"}],"wp:attachment":[{"href":"https:\/\/sales-ai-agents.com\/tr\/wp-json\/wp\/v2\/media?parent=58435"}],"wp:term":[{"taxonomy":"product_brand","embeddable":true,"href":"https:\/\/sales-ai-agents.com\/tr\/wp-json\/wp\/v2\/product_brand?post=58435"},{"taxonomy":"product_cat","embeddable":true,"href":"https:\/\/sales-ai-agents.com\/tr\/wp-json\/wp\/v2\/product_cat?post=58435"},{"taxonomy":"product_tag","embeddable":true,"href":"https:\/\/sales-ai-agents.com\/tr\/wp-json\/wp\/v2\/product_tag?post=58435"}],"curies":[{"name":"wp","href":"https:\/\/api.w.org\/{rel}","templated":true}]}}