{"id":58438,"date":"2022-09-26T11:49:23","date_gmt":"2022-09-26T11:49:23","guid":{"rendered":"https:\/\/sales-ai-agents.com\/templates\/measurement-tracker\/"},"modified":"2024-01-02T14:00:16","modified_gmt":"2024-01-02T14:00:16","slug":"measurement-tracker","status":"publish","type":"product","link":"https:\/\/sales-ai-agents.com\/tr\/templates\/measurement-tracker\/","title":{"rendered":"\u00d6l\u00e7\u00fcm \u0130zleyici"},"content":{"rendered":"<p>&nbsp;<\/p>\n<h2>\u00d6l\u00e7\u00fcm Takip \u015eablonu<\/h2>\n<p class=\"desc-text\">Bir tart\u0131, kilonuzu tam olarak ne kadar ve nereden kaybetti\u011finizi g\u00f6stermek i\u00e7in yeterli de\u011fildir. V\u00fccudunuzun bir b\u00f6l\u00fcm\u00fcn\u00fcn \u00f6l\u00e7\u00fclerinin k\u00fc\u00e7\u00fcl\u00fcp k\u00fc\u00e7\u00fclmedi\u011fini kontrol etmek i\u00e7in bu \u015fablonu kullan\u0131n. Bu durumda, diyet egzersizinizin i\u015fe yarad\u0131\u011f\u0131ndan emin olabilirsiniz.<\/p>\n<h5>Nas\u0131l kullan\u0131l\u0131r?<\/h5>\n<ul class=\"desc-item_list\">\n<li class=\"desc-item_list__point\">Tarihi girin ve v\u00fccut b\u00f6lgelerinizin (kollar, g\u00f6\u011f\u00fcs, bel, kal\u00e7alar, uyluklar, bald\u0131rlar) \u00f6l\u00e7\u00fclerini ve kilonuzu girin<\/li>\n<li class=\"desc-item_list__point\">Hedefinizi ve bu hedefe ula\u015fman\u0131z gereken tarihi belirleyin<\/li>\n<li class=\"desc-item_list__point\">Hedefe do\u011fru ilerlemeyi takip etmek i\u00e7in \u00f6l\u00e7\u00fcmler yap\u0131n ve verileri tabloya girin<\/li>\n<\/ul>\n","protected":false},"excerpt":{"rendered":"<p>V\u00fccudunuzun bir b\u00f6l\u00fcm\u00fcn\u00fcn \u00f6l\u00e7\u00fclerinin k\u00fc\u00e7\u00fcl\u00fcp k\u00fc\u00e7\u00fclmedi\u011fini kontrol etmek i\u00e7in bu \u015fablonu kullan\u0131n. Bu durumda, diyet egzersizinizin ger\u00e7ekten i\u015fe yarad\u0131\u011f\u0131ndan emin olabilirsiniz.<\/p>\n","protected":false},"featured_media":58439,"template":"","meta":{"_acf_changed":false,"inline_featured_image":false},"product_brand":[],"product_cat":[257,259],"product_tag":[],"class_list":{"0":"post-58438","1":"product","2":"type-product","3":"status-publish","4":"has-post-thumbnail","6":"product_cat-personal","7":"product_cat-personal-health","9":"first","10":"instock","11":"virtual","12":"sold-individually","13":"product-type-simple"},"acf":[],"yoast_head":"<!-- This site is optimized with the Yoast SEO plugin v25.3.1 - https:\/\/yoast.com\/wordpress\/plugins\/seo\/ -->\n<title>\u00d6l\u00e7\u00fcm Takip \u015eablonu - Sales AI Agents<\/title>\n<meta name=\"description\" content=\"V\u00fccudunuzun bir b\u00f6l\u00fcm\u00fcn\u00fcn \u00f6l\u00e7\u00fclerinin k\u00fc\u00e7\u00fcl\u00fcp k\u00fc\u00e7\u00fclmedi\u011fini kontrol etmek i\u00e7in bu \u015fablonu kullan\u0131n. Bu durumda, diyet egzersizinizin i\u015fe yarad\u0131\u011f\u0131ndan emin olabilirsiniz.\" \/>\n<meta name=\"robots\" content=\"index, follow, max-snippet:-1, max-image-preview:large, max-video-preview:-1\" \/>\n<link rel=\"canonical\" href=\"https:\/\/sales-ai-agents.com\/tr\/templates\/measurement-tracker\/\" \/>\n<meta property=\"og:locale\" content=\"tr_TR\" \/>\n<meta property=\"og:type\" content=\"article\" \/>\n<meta property=\"og:title\" content=\"\u00d6l\u00e7\u00fcm Takip \u015eablonu - Sales AI Agents\" \/>\n<meta property=\"og:description\" content=\"V\u00fccudunuzun bir b\u00f6l\u00fcm\u00fcn\u00fcn \u00f6l\u00e7\u00fclerinin k\u00fc\u00e7\u00fcl\u00fcp k\u00fc\u00e7\u00fclmedi\u011fini kontrol etmek i\u00e7in bu \u015fablonu kullan\u0131n. Bu durumda, diyet egzersizinizin i\u015fe yarad\u0131\u011f\u0131ndan emin olabilirsiniz.\" \/>\n<meta property=\"og:url\" content=\"https:\/\/sales-ai-agents.com\/tr\/templates\/measurement-tracker\/\" \/>\n<meta property=\"og:site_name\" content=\"Sales AI Agents\" \/>\n<meta property=\"article:modified_time\" content=\"2024-01-02T14:00:16+00:00\" \/>\n<meta property=\"og:image\" content=\"https:\/\/sales-ai-agents.com\/wp-content\/uploads\/2023\/01\/image-preview124130.png\" \/>\n\t<meta property=\"og:image:width\" content=\"1078\" \/>\n\t<meta property=\"og:image:height\" content=\"760\" \/>\n\t<meta property=\"og:image:type\" content=\"image\/png\" \/>\n<meta name=\"twitter:card\" content=\"summary_large_image\" \/>\n<script type=\"application\/ld+json\" class=\"yoast-schema-graph\">{\"@context\":\"https:\/\/schema.org\",\"@graph\":[{\"@type\":\"WebPage\",\"@id\":\"https:\/\/sales-ai-agents.com\/tr\/templates\/measurement-tracker\/\",\"url\":\"https:\/\/sales-ai-agents.com\/tr\/templates\/measurement-tracker\/\",\"name\":\"\u00d6l\u00e7\u00fcm Takip \u015eablonu - Sales AI Agents\",\"isPartOf\":{\"@id\":\"https:\/\/sales-ai-agents.com\/#website\"},\"primaryImageOfPage\":{\"@id\":\"https:\/\/sales-ai-agents.com\/tr\/templates\/measurement-tracker\/#primaryimage\"},\"image\":{\"@id\":\"https:\/\/sales-ai-agents.com\/tr\/templates\/measurement-tracker\/#primaryimage\"},\"thumbnailUrl\":\"https:\/\/sales-ai-agents.com\/wp-content\/uploads\/2023\/01\/image-preview124130.png\",\"datePublished\":\"2022-09-26T11:49:23+00:00\",\"dateModified\":\"2024-01-02T14:00:16+00:00\",\"description\":\"V\u00fccudunuzun bir b\u00f6l\u00fcm\u00fcn\u00fcn \u00f6l\u00e7\u00fclerinin k\u00fc\u00e7\u00fcl\u00fcp k\u00fc\u00e7\u00fclmedi\u011fini kontrol etmek i\u00e7in bu \u015fablonu kullan\u0131n. Bu durumda, diyet egzersizinizin i\u015fe yarad\u0131\u011f\u0131ndan emin olabilirsiniz.\",\"inLanguage\":\"tr\",\"potentialAction\":[{\"@type\":\"ReadAction\",\"target\":[\"https:\/\/sales-ai-agents.com\/tr\/templates\/measurement-tracker\/\"]}]},{\"@type\":\"ImageObject\",\"inLanguage\":\"tr\",\"@id\":\"https:\/\/sales-ai-agents.com\/tr\/templates\/measurement-tracker\/#primaryimage\",\"url\":\"https:\/\/sales-ai-agents.com\/wp-content\/uploads\/2023\/01\/image-preview124130.png\",\"contentUrl\":\"https:\/\/sales-ai-agents.com\/wp-content\/uploads\/2023\/01\/image-preview124130.png\",\"width\":1078,\"height\":760},{\"@type\":\"WebSite\",\"@id\":\"https:\/\/sales-ai-agents.com\/#website\",\"url\":\"https:\/\/sales-ai-agents.com\/\",\"name\":\"FuseBase\",\"description\":\"Sales AI Agents - Free Online Collaboration Software for Remote Teams. Build your wikis, client portals and more with the Nimbus Platform collaboration tool ? A perfect space for online work\",\"publisher\":{\"@id\":\"https:\/\/sales-ai-agents.com\/#organization\"},\"potentialAction\":[{\"@type\":\"SearchAction\",\"target\":{\"@type\":\"EntryPoint\",\"urlTemplate\":\"https:\/\/sales-ai-agents.com\/?s={search_term_string}\"},\"query-input\":{\"@type\":\"PropertyValueSpecification\",\"valueRequired\":true,\"valueName\":\"search_term_string\"}}],\"inLanguage\":\"tr\"},{\"@type\":\"Organization\",\"@id\":\"https:\/\/sales-ai-agents.com\/#organization\",\"name\":\"FuseBase\",\"url\":\"https:\/\/sales-ai-agents.com\/\",\"logo\":{\"@type\":\"ImageObject\",\"inLanguage\":\"tr\",\"@id\":\"https:\/\/sales-ai-agents.com\/#\/schema\/logo\/image\/\",\"url\":\"https:\/\/sales-ai-agents.com\/wp-content\/uploads\/2023\/11\/icon-7.svg\",\"contentUrl\":\"https:\/\/sales-ai-agents.com\/wp-content\/uploads\/2023\/11\/icon-7.svg\",\"width\":128,\"height\":128,\"caption\":\"FuseBase\"},\"image\":{\"@id\":\"https:\/\/sales-ai-agents.com\/#\/schema\/logo\/image\/\"}}]}<\/script>\n<!-- \/ Yoast SEO plugin. -->","yoast_head_json":{"title":"\u00d6l\u00e7\u00fcm Takip \u015eablonu - Sales AI Agents","description":"V\u00fccudunuzun bir b\u00f6l\u00fcm\u00fcn\u00fcn \u00f6l\u00e7\u00fclerinin k\u00fc\u00e7\u00fcl\u00fcp k\u00fc\u00e7\u00fclmedi\u011fini kontrol etmek i\u00e7in bu \u015fablonu kullan\u0131n. Bu durumda, diyet egzersizinizin i\u015fe yarad\u0131\u011f\u0131ndan emin olabilirsiniz.","robots":{"index":"index","follow":"follow","max-snippet":"max-snippet:-1","max-image-preview":"max-image-preview:large","max-video-preview":"max-video-preview:-1"},"canonical":"https:\/\/sales-ai-agents.com\/tr\/templates\/measurement-tracker\/","og_locale":"tr_TR","og_type":"article","og_title":"\u00d6l\u00e7\u00fcm Takip \u015eablonu - Sales AI Agents","og_description":"V\u00fccudunuzun bir b\u00f6l\u00fcm\u00fcn\u00fcn \u00f6l\u00e7\u00fclerinin k\u00fc\u00e7\u00fcl\u00fcp k\u00fc\u00e7\u00fclmedi\u011fini kontrol etmek i\u00e7in bu \u015fablonu kullan\u0131n. Bu durumda, diyet egzersizinizin i\u015fe yarad\u0131\u011f\u0131ndan emin olabilirsiniz.","og_url":"https:\/\/sales-ai-agents.com\/tr\/templates\/measurement-tracker\/","og_site_name":"Sales AI Agents","article_modified_time":"2024-01-02T14:00:16+00:00","og_image":[{"width":1078,"height":760,"url":"https:\/\/sales-ai-agents.com\/wp-content\/uploads\/2023\/01\/image-preview124130.png","type":"image\/png"}],"twitter_card":"summary_large_image","schema":{"@context":"https:\/\/schema.org","@graph":[{"@type":"WebPage","@id":"https:\/\/sales-ai-agents.com\/tr\/templates\/measurement-tracker\/","url":"https:\/\/sales-ai-agents.com\/tr\/templates\/measurement-tracker\/","name":"\u00d6l\u00e7\u00fcm Takip \u015eablonu - Sales AI Agents","isPartOf":{"@id":"https:\/\/sales-ai-agents.com\/#website"},"primaryImageOfPage":{"@id":"https:\/\/sales-ai-agents.com\/tr\/templates\/measurement-tracker\/#primaryimage"},"image":{"@id":"https:\/\/sales-ai-agents.com\/tr\/templates\/measurement-tracker\/#primaryimage"},"thumbnailUrl":"https:\/\/sales-ai-agents.com\/wp-content\/uploads\/2023\/01\/image-preview124130.png","datePublished":"2022-09-26T11:49:23+00:00","dateModified":"2024-01-02T14:00:16+00:00","description":"V\u00fccudunuzun bir b\u00f6l\u00fcm\u00fcn\u00fcn \u00f6l\u00e7\u00fclerinin k\u00fc\u00e7\u00fcl\u00fcp k\u00fc\u00e7\u00fclmedi\u011fini kontrol etmek i\u00e7in bu \u015fablonu kullan\u0131n. Bu durumda, diyet egzersizinizin i\u015fe yarad\u0131\u011f\u0131ndan emin olabilirsiniz.","inLanguage":"tr","potentialAction":[{"@type":"ReadAction","target":["https:\/\/sales-ai-agents.com\/tr\/templates\/measurement-tracker\/"]}]},{"@type":"ImageObject","inLanguage":"tr","@id":"https:\/\/sales-ai-agents.com\/tr\/templates\/measurement-tracker\/#primaryimage","url":"https:\/\/sales-ai-agents.com\/wp-content\/uploads\/2023\/01\/image-preview124130.png","contentUrl":"https:\/\/sales-ai-agents.com\/wp-content\/uploads\/2023\/01\/image-preview124130.png","width":1078,"height":760},{"@type":"WebSite","@id":"https:\/\/sales-ai-agents.com\/#website","url":"https:\/\/sales-ai-agents.com\/","name":"FuseBase","description":"Sales AI Agents - Free Online Collaboration Software for Remote Teams. Build your wikis, client portals and more with the Nimbus Platform collaboration tool ? A perfect space for online work","publisher":{"@id":"https:\/\/sales-ai-agents.com\/#organization"},"potentialAction":[{"@type":"SearchAction","target":{"@type":"EntryPoint","urlTemplate":"https:\/\/sales-ai-agents.com\/?s={search_term_string}"},"query-input":{"@type":"PropertyValueSpecification","valueRequired":true,"valueName":"search_term_string"}}],"inLanguage":"tr"},{"@type":"Organization","@id":"https:\/\/sales-ai-agents.com\/#organization","name":"FuseBase","url":"https:\/\/sales-ai-agents.com\/","logo":{"@type":"ImageObject","inLanguage":"tr","@id":"https:\/\/sales-ai-agents.com\/#\/schema\/logo\/image\/","url":"https:\/\/sales-ai-agents.com\/wp-content\/uploads\/2023\/11\/icon-7.svg","contentUrl":"https:\/\/sales-ai-agents.com\/wp-content\/uploads\/2023\/11\/icon-7.svg","width":128,"height":128,"caption":"FuseBase"},"image":{"@id":"https:\/\/sales-ai-agents.com\/#\/schema\/logo\/image\/"}}]}},"_links":{"self":[{"href":"https:\/\/sales-ai-agents.com\/tr\/wp-json\/wp\/v2\/product\/58438","targetHints":{"allow":["GET"]}}],"collection":[{"href":"https:\/\/sales-ai-agents.com\/tr\/wp-json\/wp\/v2\/product"}],"about":[{"href":"https:\/\/sales-ai-agents.com\/tr\/wp-json\/wp\/v2\/types\/product"}],"wp:featuredmedia":[{"embeddable":true,"href":"https:\/\/sales-ai-agents.com\/tr\/wp-json\/wp\/v2\/media\/58439"}],"wp:attachment":[{"href":"https:\/\/sales-ai-agents.com\/tr\/wp-json\/wp\/v2\/media?parent=58438"}],"wp:term":[{"taxonomy":"product_brand","embeddable":true,"href":"https:\/\/sales-ai-agents.com\/tr\/wp-json\/wp\/v2\/product_brand?post=58438"},{"taxonomy":"product_cat","embeddable":true,"href":"https:\/\/sales-ai-agents.com\/tr\/wp-json\/wp\/v2\/product_cat?post=58438"},{"taxonomy":"product_tag","embeddable":true,"href":"https:\/\/sales-ai-agents.com\/tr\/wp-json\/wp\/v2\/product_tag?post=58438"}],"curies":[{"name":"wp","href":"https:\/\/api.w.org\/{rel}","templated":true}]}}