{"id":58443,"date":"2022-09-26T11:48:51","date_gmt":"2022-09-26T11:48:51","guid":{"rendered":"https:\/\/sales-ai-agents.com\/templates\/updates-and-tutorials-for-clients\/"},"modified":"2024-01-02T13:31:03","modified_gmt":"2024-01-02T13:31:03","slug":"updates-and-tutorials-for-clients","status":"publish","type":"product","link":"https:\/\/sales-ai-agents.com\/tr\/templates\/updates-and-tutorials-for-clients\/","title":{"rendered":"M\u00fc\u015fteriler i\u00e7in G\u00fcncellemeler ve \u00d6\u011freticiler"},"content":{"rendered":"<p>&nbsp;<\/p>\n<h2>M\u00fc\u015fteriler i\u00e7in G\u00fcncellemeler ve \u00d6\u011freticiler \u015eablonu<\/h2>\n<p class=\"desc-text\">M\u00fc\u015fterilerinize g\u00fcncellemeler ve e\u011fitimler sunmak i\u00e7in bu \u015fablonu kullan\u0131n.<br \/>\nM\u00fc\u015fterilerinizin resmin tamam\u0131n\u0131 g\u00f6rmesini kolayla\u015ft\u0131rmak i\u00e7in \u00e7ok formatl\u0131 bilgileri tek bir sayfada toplay\u0131n.<\/p>\n<h5>Nas\u0131l kullan\u0131l\u0131r?<\/h5>\n<ul class=\"desc-item_list\">\n<li class=\"desc-item_list__point\">M\u00fc\u015fterilerinize g\u00fcncellemenin ne oldu\u011funu bildirin.<\/li>\n<li class=\"desc-item_list__point\">M\u00fc\u015fterilerinize nelerin de\u011fi\u015fti\u011fini g\u00f6stermek i\u00e7in di\u011fer platformlar\u0131 yerle\u015ftirin.<\/li>\n<li class=\"desc-item_list__point\">Sonraki ad\u0131mlar hakk\u0131nda daha fazla bilgi verin.<\/li>\n<li class=\"desc-item_list__point\">Gerekirse m\u00fc\u015fterileriniz i\u00e7in bir \u00f6\u011fretici ekleyin.<\/li>\n<\/ul>\n","protected":false},"excerpt":{"rendered":"<p>G\u00fcncellemeler ve \u00d6\u011freticiler i\u00e7in \u00fccretsiz \u015fablonumuzu kullanarak m\u00fc\u015fterilerinizi \u00fcr\u00fcn\u00fcn\u00fcz\u00fcn bir sonraki ad\u0131m\u0131nda neler olaca\u011f\u0131na dair yerle\u015ftirmeler, \u00f6nemli noktalar ve yol haritalar\u0131 ile bilgilendirin.<\/p>\n","protected":false},"featured_media":58444,"template":"","meta":{"_acf_changed":false,"inline_featured_image":false},"product_brand":[],"product_cat":[217,227,228,248],"product_tag":[],"class_list":{"0":"post-58443","1":"product","2":"type-product","3":"status-publish","4":"has-post-thumbnail","6":"product_cat-entrepreneur","7":"product_cat-marketing-clients","8":"product_cat-sales-account","9":"product_cat-sales-proposals","10":"collections-client","12":"first","13":"instock","14":"virtual","15":"sold-individually","16":"product-type-simple"},"acf":[],"yoast_head":"<!-- This site is optimized with the Yoast SEO plugin v25.3.1 - https:\/\/yoast.com\/wordpress\/plugins\/seo\/ -->\n<title>M\u00fc\u015fteriler i\u00e7in G\u00fcncellemeler ve \u00d6\u011freticiler \u015eablonu - Sales AI Agents<\/title>\n<meta name=\"description\" content=\"G\u00fcncellemeler ve \u00d6\u011freticiler i\u00e7in \u00fccretsiz \u015fablonumuzu kullanarak m\u00fc\u015fterilerinizi \u00fcr\u00fcn\u00fcn\u00fczle ilgili bir sonraki ad\u0131mda neler olaca\u011f\u0131na dair yerle\u015ftirmeler, \u00f6nemli noktalar ve yol haritalar\u0131 ile bilgilendirin!\" \/>\n<meta name=\"robots\" content=\"index, follow, max-snippet:-1, max-image-preview:large, max-video-preview:-1\" \/>\n<link rel=\"canonical\" href=\"https:\/\/sales-ai-agents.com\/tr\/templates\/updates-and-tutorials-for-clients\/\" \/>\n<meta property=\"og:locale\" content=\"tr_TR\" \/>\n<meta property=\"og:type\" content=\"article\" \/>\n<meta property=\"og:title\" content=\"M\u00fc\u015fteriler i\u00e7in G\u00fcncellemeler ve \u00d6\u011freticiler \u015eablonu - Sales AI Agents\" \/>\n<meta property=\"og:description\" content=\"G\u00fcncellemeler ve \u00d6\u011freticiler i\u00e7in \u00fccretsiz \u015fablonumuzu kullanarak m\u00fc\u015fterilerinizi \u00fcr\u00fcn\u00fcn\u00fczle ilgili bir sonraki ad\u0131mda neler olaca\u011f\u0131na dair yerle\u015ftirmeler, \u00f6nemli noktalar ve yol haritalar\u0131 ile bilgilendirin!\" \/>\n<meta property=\"og:url\" content=\"https:\/\/sales-ai-agents.com\/tr\/templates\/updates-and-tutorials-for-clients\/\" \/>\n<meta property=\"og:site_name\" content=\"Sales AI Agents\" \/>\n<meta property=\"article:modified_time\" content=\"2024-01-02T13:31:03+00:00\" \/>\n<meta property=\"og:image\" content=\"https:\/\/sales-ai-agents.com\/wp-content\/uploads\/2022\/09\/Updates-and-Tutorials-for-Clients-Template.png\" \/>\n\t<meta property=\"og:image:width\" content=\"1700\" \/>\n\t<meta property=\"og:image:height\" content=\"1100\" \/>\n\t<meta property=\"og:image:type\" content=\"image\/png\" \/>\n<meta name=\"twitter:card\" content=\"summary_large_image\" \/>\n<script type=\"application\/ld+json\" class=\"yoast-schema-graph\">{\"@context\":\"https:\/\/schema.org\",\"@graph\":[{\"@type\":\"WebPage\",\"@id\":\"https:\/\/sales-ai-agents.com\/tr\/templates\/updates-and-tutorials-for-clients\/\",\"url\":\"https:\/\/sales-ai-agents.com\/tr\/templates\/updates-and-tutorials-for-clients\/\",\"name\":\"M\u00fc\u015fteriler i\u00e7in G\u00fcncellemeler ve \u00d6\u011freticiler \u015eablonu - Sales AI Agents\",\"isPartOf\":{\"@id\":\"https:\/\/sales-ai-agents.com\/#website\"},\"primaryImageOfPage\":{\"@id\":\"https:\/\/sales-ai-agents.com\/tr\/templates\/updates-and-tutorials-for-clients\/#primaryimage\"},\"image\":{\"@id\":\"https:\/\/sales-ai-agents.com\/tr\/templates\/updates-and-tutorials-for-clients\/#primaryimage\"},\"thumbnailUrl\":\"https:\/\/sales-ai-agents.com\/wp-content\/uploads\/2022\/09\/Updates-and-Tutorials-for-Clients-Template.png\",\"datePublished\":\"2022-09-26T11:48:51+00:00\",\"dateModified\":\"2024-01-02T13:31:03+00:00\",\"description\":\"G\u00fcncellemeler ve \u00d6\u011freticiler i\u00e7in \u00fccretsiz \u015fablonumuzu kullanarak m\u00fc\u015fterilerinizi \u00fcr\u00fcn\u00fcn\u00fczle ilgili bir sonraki ad\u0131mda neler olaca\u011f\u0131na dair yerle\u015ftirmeler, \u00f6nemli noktalar ve yol haritalar\u0131 ile bilgilendirin!\",\"inLanguage\":\"tr\",\"potentialAction\":[{\"@type\":\"ReadAction\",\"target\":[\"https:\/\/sales-ai-agents.com\/tr\/templates\/updates-and-tutorials-for-clients\/\"]}]},{\"@type\":\"ImageObject\",\"inLanguage\":\"tr\",\"@id\":\"https:\/\/sales-ai-agents.com\/tr\/templates\/updates-and-tutorials-for-clients\/#primaryimage\",\"url\":\"https:\/\/sales-ai-agents.com\/wp-content\/uploads\/2022\/09\/Updates-and-Tutorials-for-Clients-Template.png\",\"contentUrl\":\"https:\/\/sales-ai-agents.com\/wp-content\/uploads\/2022\/09\/Updates-and-Tutorials-for-Clients-Template.png\",\"width\":1700,\"height\":1100},{\"@type\":\"WebSite\",\"@id\":\"https:\/\/sales-ai-agents.com\/#website\",\"url\":\"https:\/\/sales-ai-agents.com\/\",\"name\":\"FuseBase\",\"description\":\"Sales AI Agents - Free Online Collaboration Software for Remote Teams. Build your wikis, client portals and more with the Nimbus Platform collaboration tool ? A perfect space for online work\",\"publisher\":{\"@id\":\"https:\/\/sales-ai-agents.com\/#organization\"},\"potentialAction\":[{\"@type\":\"SearchAction\",\"target\":{\"@type\":\"EntryPoint\",\"urlTemplate\":\"https:\/\/sales-ai-agents.com\/?s={search_term_string}\"},\"query-input\":{\"@type\":\"PropertyValueSpecification\",\"valueRequired\":true,\"valueName\":\"search_term_string\"}}],\"inLanguage\":\"tr\"},{\"@type\":\"Organization\",\"@id\":\"https:\/\/sales-ai-agents.com\/#organization\",\"name\":\"FuseBase\",\"url\":\"https:\/\/sales-ai-agents.com\/\",\"logo\":{\"@type\":\"ImageObject\",\"inLanguage\":\"tr\",\"@id\":\"https:\/\/sales-ai-agents.com\/#\/schema\/logo\/image\/\",\"url\":\"https:\/\/sales-ai-agents.com\/wp-content\/uploads\/2023\/11\/icon-7.svg\",\"contentUrl\":\"https:\/\/sales-ai-agents.com\/wp-content\/uploads\/2023\/11\/icon-7.svg\",\"width\":128,\"height\":128,\"caption\":\"FuseBase\"},\"image\":{\"@id\":\"https:\/\/sales-ai-agents.com\/#\/schema\/logo\/image\/\"}}]}<\/script>\n<!-- \/ Yoast SEO plugin. -->","yoast_head_json":{"title":"M\u00fc\u015fteriler i\u00e7in G\u00fcncellemeler ve \u00d6\u011freticiler \u015eablonu - Sales AI Agents","description":"G\u00fcncellemeler ve \u00d6\u011freticiler i\u00e7in \u00fccretsiz \u015fablonumuzu kullanarak m\u00fc\u015fterilerinizi \u00fcr\u00fcn\u00fcn\u00fczle ilgili bir sonraki ad\u0131mda neler olaca\u011f\u0131na dair yerle\u015ftirmeler, \u00f6nemli noktalar ve yol haritalar\u0131 ile bilgilendirin!","robots":{"index":"index","follow":"follow","max-snippet":"max-snippet:-1","max-image-preview":"max-image-preview:large","max-video-preview":"max-video-preview:-1"},"canonical":"https:\/\/sales-ai-agents.com\/tr\/templates\/updates-and-tutorials-for-clients\/","og_locale":"tr_TR","og_type":"article","og_title":"M\u00fc\u015fteriler i\u00e7in G\u00fcncellemeler ve \u00d6\u011freticiler \u015eablonu - Sales AI Agents","og_description":"G\u00fcncellemeler ve \u00d6\u011freticiler i\u00e7in \u00fccretsiz \u015fablonumuzu kullanarak m\u00fc\u015fterilerinizi \u00fcr\u00fcn\u00fcn\u00fczle ilgili bir sonraki ad\u0131mda neler olaca\u011f\u0131na dair yerle\u015ftirmeler, \u00f6nemli noktalar ve yol haritalar\u0131 ile bilgilendirin!","og_url":"https:\/\/sales-ai-agents.com\/tr\/templates\/updates-and-tutorials-for-clients\/","og_site_name":"Sales AI Agents","article_modified_time":"2024-01-02T13:31:03+00:00","og_image":[{"width":1700,"height":1100,"url":"https:\/\/sales-ai-agents.com\/wp-content\/uploads\/2022\/09\/Updates-and-Tutorials-for-Clients-Template.png","type":"image\/png"}],"twitter_card":"summary_large_image","schema":{"@context":"https:\/\/schema.org","@graph":[{"@type":"WebPage","@id":"https:\/\/sales-ai-agents.com\/tr\/templates\/updates-and-tutorials-for-clients\/","url":"https:\/\/sales-ai-agents.com\/tr\/templates\/updates-and-tutorials-for-clients\/","name":"M\u00fc\u015fteriler i\u00e7in G\u00fcncellemeler ve \u00d6\u011freticiler \u015eablonu - Sales AI Agents","isPartOf":{"@id":"https:\/\/sales-ai-agents.com\/#website"},"primaryImageOfPage":{"@id":"https:\/\/sales-ai-agents.com\/tr\/templates\/updates-and-tutorials-for-clients\/#primaryimage"},"image":{"@id":"https:\/\/sales-ai-agents.com\/tr\/templates\/updates-and-tutorials-for-clients\/#primaryimage"},"thumbnailUrl":"https:\/\/sales-ai-agents.com\/wp-content\/uploads\/2022\/09\/Updates-and-Tutorials-for-Clients-Template.png","datePublished":"2022-09-26T11:48:51+00:00","dateModified":"2024-01-02T13:31:03+00:00","description":"G\u00fcncellemeler ve \u00d6\u011freticiler i\u00e7in \u00fccretsiz \u015fablonumuzu kullanarak m\u00fc\u015fterilerinizi \u00fcr\u00fcn\u00fcn\u00fczle ilgili bir sonraki ad\u0131mda neler olaca\u011f\u0131na dair yerle\u015ftirmeler, \u00f6nemli noktalar ve yol haritalar\u0131 ile bilgilendirin!","inLanguage":"tr","potentialAction":[{"@type":"ReadAction","target":["https:\/\/sales-ai-agents.com\/tr\/templates\/updates-and-tutorials-for-clients\/"]}]},{"@type":"ImageObject","inLanguage":"tr","@id":"https:\/\/sales-ai-agents.com\/tr\/templates\/updates-and-tutorials-for-clients\/#primaryimage","url":"https:\/\/sales-ai-agents.com\/wp-content\/uploads\/2022\/09\/Updates-and-Tutorials-for-Clients-Template.png","contentUrl":"https:\/\/sales-ai-agents.com\/wp-content\/uploads\/2022\/09\/Updates-and-Tutorials-for-Clients-Template.png","width":1700,"height":1100},{"@type":"WebSite","@id":"https:\/\/sales-ai-agents.com\/#website","url":"https:\/\/sales-ai-agents.com\/","name":"FuseBase","description":"Sales AI Agents - Free Online Collaboration Software for Remote Teams. Build your wikis, client portals and more with the Nimbus Platform collaboration tool ? A perfect space for online work","publisher":{"@id":"https:\/\/sales-ai-agents.com\/#organization"},"potentialAction":[{"@type":"SearchAction","target":{"@type":"EntryPoint","urlTemplate":"https:\/\/sales-ai-agents.com\/?s={search_term_string}"},"query-input":{"@type":"PropertyValueSpecification","valueRequired":true,"valueName":"search_term_string"}}],"inLanguage":"tr"},{"@type":"Organization","@id":"https:\/\/sales-ai-agents.com\/#organization","name":"FuseBase","url":"https:\/\/sales-ai-agents.com\/","logo":{"@type":"ImageObject","inLanguage":"tr","@id":"https:\/\/sales-ai-agents.com\/#\/schema\/logo\/image\/","url":"https:\/\/sales-ai-agents.com\/wp-content\/uploads\/2023\/11\/icon-7.svg","contentUrl":"https:\/\/sales-ai-agents.com\/wp-content\/uploads\/2023\/11\/icon-7.svg","width":128,"height":128,"caption":"FuseBase"},"image":{"@id":"https:\/\/sales-ai-agents.com\/#\/schema\/logo\/image\/"}}]}},"_links":{"self":[{"href":"https:\/\/sales-ai-agents.com\/tr\/wp-json\/wp\/v2\/product\/58443","targetHints":{"allow":["GET"]}}],"collection":[{"href":"https:\/\/sales-ai-agents.com\/tr\/wp-json\/wp\/v2\/product"}],"about":[{"href":"https:\/\/sales-ai-agents.com\/tr\/wp-json\/wp\/v2\/types\/product"}],"wp:featuredmedia":[{"embeddable":true,"href":"https:\/\/sales-ai-agents.com\/tr\/wp-json\/wp\/v2\/media\/58444"}],"wp:attachment":[{"href":"https:\/\/sales-ai-agents.com\/tr\/wp-json\/wp\/v2\/media?parent=58443"}],"wp:term":[{"taxonomy":"product_brand","embeddable":true,"href":"https:\/\/sales-ai-agents.com\/tr\/wp-json\/wp\/v2\/product_brand?post=58443"},{"taxonomy":"product_cat","embeddable":true,"href":"https:\/\/sales-ai-agents.com\/tr\/wp-json\/wp\/v2\/product_cat?post=58443"},{"taxonomy":"product_tag","embeddable":true,"href":"https:\/\/sales-ai-agents.com\/tr\/wp-json\/wp\/v2\/product_tag?post=58443"}],"curies":[{"name":"wp","href":"https:\/\/api.w.org\/{rel}","templated":true}]}}