{"id":58447,"date":"2022-09-26T11:48:41","date_gmt":"2022-09-26T11:48:41","guid":{"rendered":"https:\/\/sales-ai-agents.com\/templates\/project-planner\/"},"modified":"2023-12-26T16:04:41","modified_gmt":"2023-12-26T16:04:41","slug":"project-planner","status":"publish","type":"product","link":"https:\/\/sales-ai-agents.com\/tr\/templates\/project-planner\/","title":{"rendered":"Proje Planlay\u0131c\u0131s\u0131"},"content":{"rendered":"<p>&nbsp;<\/p>\n<h2>Proje Planlay\u0131c\u0131 \u015eablonu<\/h2>\n<p class=\"desc-text\">Hedeflerinizi d\u00fczenli tutmak i\u00e7in bir proje planlay\u0131c\u0131s\u0131 kullan\u0131n. Hedeflerinizi kaydedin ve ekip \u00fcyelerine g\u00f6revler verin. Bu \u015fablonla ilerlemenizi kolayca takip edin ve programa ba\u011fl\u0131 kal\u0131n. Bir hizmet ba\u015flatman\u0131za, bir \u00fcr\u00fcn olu\u015fturman\u0131za ve daha fazlas\u0131na yard\u0131mc\u0131 olabilir.<\/p>\n<h5>Nas\u0131l kullan\u0131l\u0131r?<\/h5>\n<ul class=\"desc-item_list\">\n<li class=\"desc-item_list__point\">Ekip \u00fcyelerini i\u015fbirli\u011fi yapmak \u00fczere atay\u0131n<\/li>\n<li class=\"desc-item_list__point\">Uygun ad\u0131mlar\u0131 belirleyin<\/li>\n<li class=\"desc-item_list__point\">\u0130lerledik\u00e7e g\u00f6revlerin durumunu takip edin<\/li>\n<li class=\"desc-item_list__point\">Ekstra hat\u0131rlatmalar i\u00e7in kontrol listesini kullan\u0131n<\/li>\n<\/ul>\n","protected":false},"excerpt":{"rendered":"<p>Hedeflerinizi d\u00fczenli tutmak i\u00e7in \u00fccretsiz bir proje planlay\u0131c\u0131 \u015fablonu kullan\u0131n. Hedeflerinizi kaydedin ve projeniz \u00fczerinde ba\u015far\u0131l\u0131 bir \u015fekilde \u00e7al\u0131\u015fmak i\u00e7in ekip \u00fcyelerine g\u00f6revler verin.<\/p>\n","protected":false},"featured_media":58448,"template":"","meta":{"_acf_changed":false,"inline_featured_image":false},"product_brand":[],"product_cat":[231,252],"product_tag":[],"class_list":{"0":"post-58447","1":"product","2":"type-product","3":"status-publish","4":"has-post-thumbnail","6":"product_cat-project-management","7":"product_cat-product","9":"first","10":"instock","11":"virtual","12":"sold-individually","13":"product-type-simple"},"acf":[],"yoast_head":"<!-- This site is optimized with the Yoast SEO plugin v25.3.1 - https:\/\/yoast.com\/wordpress\/plugins\/seo\/ -->\n<title>Proje Planlay\u0131c\u0131 \u015eablonu - Sales AI Agents<\/title>\n<meta name=\"description\" content=\"Hedeflerinizi d\u00fczenli tutmak i\u00e7in \u00fccretsiz bir proje planlay\u0131c\u0131 \u015fablonu kullan\u0131n. Nimbus ile hedeflerinizi kaydedin ve ekip \u00fcyelerine g\u00f6revler verin!\" \/>\n<meta name=\"robots\" content=\"index, follow, max-snippet:-1, max-image-preview:large, max-video-preview:-1\" \/>\n<link rel=\"canonical\" href=\"https:\/\/sales-ai-agents.com\/tr\/templates\/project-planner\/\" \/>\n<meta property=\"og:locale\" content=\"tr_TR\" \/>\n<meta property=\"og:type\" content=\"article\" \/>\n<meta property=\"og:title\" content=\"Proje Planlay\u0131c\u0131 \u015eablonu - Sales AI Agents\" \/>\n<meta property=\"og:description\" content=\"Hedeflerinizi d\u00fczenli tutmak i\u00e7in \u00fccretsiz bir proje planlay\u0131c\u0131 \u015fablonu kullan\u0131n. Nimbus ile hedeflerinizi kaydedin ve ekip \u00fcyelerine g\u00f6revler verin!\" \/>\n<meta property=\"og:url\" content=\"https:\/\/sales-ai-agents.com\/tr\/templates\/project-planner\/\" \/>\n<meta property=\"og:site_name\" content=\"Sales AI Agents\" \/>\n<meta property=\"article:modified_time\" content=\"2023-12-26T16:04:41+00:00\" \/>\n<meta property=\"og:image\" content=\"https:\/\/sales-ai-agents.com\/wp-content\/uploads\/2023\/01\/image-preview124431.png\" \/>\n\t<meta property=\"og:image:width\" content=\"1078\" \/>\n\t<meta property=\"og:image:height\" content=\"911\" \/>\n\t<meta property=\"og:image:type\" content=\"image\/png\" \/>\n<meta name=\"twitter:card\" content=\"summary_large_image\" \/>\n<script type=\"application\/ld+json\" class=\"yoast-schema-graph\">{\"@context\":\"https:\/\/schema.org\",\"@graph\":[{\"@type\":\"WebPage\",\"@id\":\"https:\/\/sales-ai-agents.com\/tr\/templates\/project-planner\/\",\"url\":\"https:\/\/sales-ai-agents.com\/tr\/templates\/project-planner\/\",\"name\":\"Proje Planlay\u0131c\u0131 \u015eablonu - Sales AI Agents\",\"isPartOf\":{\"@id\":\"https:\/\/sales-ai-agents.com\/#website\"},\"primaryImageOfPage\":{\"@id\":\"https:\/\/sales-ai-agents.com\/tr\/templates\/project-planner\/#primaryimage\"},\"image\":{\"@id\":\"https:\/\/sales-ai-agents.com\/tr\/templates\/project-planner\/#primaryimage\"},\"thumbnailUrl\":\"https:\/\/sales-ai-agents.com\/wp-content\/uploads\/2023\/01\/image-preview124431.png\",\"datePublished\":\"2022-09-26T11:48:41+00:00\",\"dateModified\":\"2023-12-26T16:04:41+00:00\",\"description\":\"Hedeflerinizi d\u00fczenli tutmak i\u00e7in \u00fccretsiz bir proje planlay\u0131c\u0131 \u015fablonu kullan\u0131n. Nimbus ile hedeflerinizi kaydedin ve ekip \u00fcyelerine g\u00f6revler verin!\",\"inLanguage\":\"tr\",\"potentialAction\":[{\"@type\":\"ReadAction\",\"target\":[\"https:\/\/sales-ai-agents.com\/tr\/templates\/project-planner\/\"]}]},{\"@type\":\"ImageObject\",\"inLanguage\":\"tr\",\"@id\":\"https:\/\/sales-ai-agents.com\/tr\/templates\/project-planner\/#primaryimage\",\"url\":\"https:\/\/sales-ai-agents.com\/wp-content\/uploads\/2023\/01\/image-preview124431.png\",\"contentUrl\":\"https:\/\/sales-ai-agents.com\/wp-content\/uploads\/2023\/01\/image-preview124431.png\",\"width\":1078,\"height\":911},{\"@type\":\"WebSite\",\"@id\":\"https:\/\/sales-ai-agents.com\/#website\",\"url\":\"https:\/\/sales-ai-agents.com\/\",\"name\":\"FuseBase\",\"description\":\"Sales AI Agents - Free Online Collaboration Software for Remote Teams. Build your wikis, client portals and more with the Nimbus Platform collaboration tool ? A perfect space for online work\",\"publisher\":{\"@id\":\"https:\/\/sales-ai-agents.com\/#organization\"},\"potentialAction\":[{\"@type\":\"SearchAction\",\"target\":{\"@type\":\"EntryPoint\",\"urlTemplate\":\"https:\/\/sales-ai-agents.com\/?s={search_term_string}\"},\"query-input\":{\"@type\":\"PropertyValueSpecification\",\"valueRequired\":true,\"valueName\":\"search_term_string\"}}],\"inLanguage\":\"tr\"},{\"@type\":\"Organization\",\"@id\":\"https:\/\/sales-ai-agents.com\/#organization\",\"name\":\"FuseBase\",\"url\":\"https:\/\/sales-ai-agents.com\/\",\"logo\":{\"@type\":\"ImageObject\",\"inLanguage\":\"tr\",\"@id\":\"https:\/\/sales-ai-agents.com\/#\/schema\/logo\/image\/\",\"url\":\"https:\/\/sales-ai-agents.com\/wp-content\/uploads\/2023\/11\/icon-7.svg\",\"contentUrl\":\"https:\/\/sales-ai-agents.com\/wp-content\/uploads\/2023\/11\/icon-7.svg\",\"width\":128,\"height\":128,\"caption\":\"FuseBase\"},\"image\":{\"@id\":\"https:\/\/sales-ai-agents.com\/#\/schema\/logo\/image\/\"}}]}<\/script>\n<!-- \/ Yoast SEO plugin. -->","yoast_head_json":{"title":"Proje Planlay\u0131c\u0131 \u015eablonu - Sales AI Agents","description":"Hedeflerinizi d\u00fczenli tutmak i\u00e7in \u00fccretsiz bir proje planlay\u0131c\u0131 \u015fablonu kullan\u0131n. Nimbus ile hedeflerinizi kaydedin ve ekip \u00fcyelerine g\u00f6revler verin!","robots":{"index":"index","follow":"follow","max-snippet":"max-snippet:-1","max-image-preview":"max-image-preview:large","max-video-preview":"max-video-preview:-1"},"canonical":"https:\/\/sales-ai-agents.com\/tr\/templates\/project-planner\/","og_locale":"tr_TR","og_type":"article","og_title":"Proje Planlay\u0131c\u0131 \u015eablonu - Sales AI Agents","og_description":"Hedeflerinizi d\u00fczenli tutmak i\u00e7in \u00fccretsiz bir proje planlay\u0131c\u0131 \u015fablonu kullan\u0131n. Nimbus ile hedeflerinizi kaydedin ve ekip \u00fcyelerine g\u00f6revler verin!","og_url":"https:\/\/sales-ai-agents.com\/tr\/templates\/project-planner\/","og_site_name":"Sales AI Agents","article_modified_time":"2023-12-26T16:04:41+00:00","og_image":[{"width":1078,"height":911,"url":"https:\/\/sales-ai-agents.com\/wp-content\/uploads\/2023\/01\/image-preview124431.png","type":"image\/png"}],"twitter_card":"summary_large_image","schema":{"@context":"https:\/\/schema.org","@graph":[{"@type":"WebPage","@id":"https:\/\/sales-ai-agents.com\/tr\/templates\/project-planner\/","url":"https:\/\/sales-ai-agents.com\/tr\/templates\/project-planner\/","name":"Proje Planlay\u0131c\u0131 \u015eablonu - Sales AI Agents","isPartOf":{"@id":"https:\/\/sales-ai-agents.com\/#website"},"primaryImageOfPage":{"@id":"https:\/\/sales-ai-agents.com\/tr\/templates\/project-planner\/#primaryimage"},"image":{"@id":"https:\/\/sales-ai-agents.com\/tr\/templates\/project-planner\/#primaryimage"},"thumbnailUrl":"https:\/\/sales-ai-agents.com\/wp-content\/uploads\/2023\/01\/image-preview124431.png","datePublished":"2022-09-26T11:48:41+00:00","dateModified":"2023-12-26T16:04:41+00:00","description":"Hedeflerinizi d\u00fczenli tutmak i\u00e7in \u00fccretsiz bir proje planlay\u0131c\u0131 \u015fablonu kullan\u0131n. Nimbus ile hedeflerinizi kaydedin ve ekip \u00fcyelerine g\u00f6revler verin!","inLanguage":"tr","potentialAction":[{"@type":"ReadAction","target":["https:\/\/sales-ai-agents.com\/tr\/templates\/project-planner\/"]}]},{"@type":"ImageObject","inLanguage":"tr","@id":"https:\/\/sales-ai-agents.com\/tr\/templates\/project-planner\/#primaryimage","url":"https:\/\/sales-ai-agents.com\/wp-content\/uploads\/2023\/01\/image-preview124431.png","contentUrl":"https:\/\/sales-ai-agents.com\/wp-content\/uploads\/2023\/01\/image-preview124431.png","width":1078,"height":911},{"@type":"WebSite","@id":"https:\/\/sales-ai-agents.com\/#website","url":"https:\/\/sales-ai-agents.com\/","name":"FuseBase","description":"Sales AI Agents - Free Online Collaboration Software for Remote Teams. Build your wikis, client portals and more with the Nimbus Platform collaboration tool ? A perfect space for online work","publisher":{"@id":"https:\/\/sales-ai-agents.com\/#organization"},"potentialAction":[{"@type":"SearchAction","target":{"@type":"EntryPoint","urlTemplate":"https:\/\/sales-ai-agents.com\/?s={search_term_string}"},"query-input":{"@type":"PropertyValueSpecification","valueRequired":true,"valueName":"search_term_string"}}],"inLanguage":"tr"},{"@type":"Organization","@id":"https:\/\/sales-ai-agents.com\/#organization","name":"FuseBase","url":"https:\/\/sales-ai-agents.com\/","logo":{"@type":"ImageObject","inLanguage":"tr","@id":"https:\/\/sales-ai-agents.com\/#\/schema\/logo\/image\/","url":"https:\/\/sales-ai-agents.com\/wp-content\/uploads\/2023\/11\/icon-7.svg","contentUrl":"https:\/\/sales-ai-agents.com\/wp-content\/uploads\/2023\/11\/icon-7.svg","width":128,"height":128,"caption":"FuseBase"},"image":{"@id":"https:\/\/sales-ai-agents.com\/#\/schema\/logo\/image\/"}}]}},"_links":{"self":[{"href":"https:\/\/sales-ai-agents.com\/tr\/wp-json\/wp\/v2\/product\/58447","targetHints":{"allow":["GET"]}}],"collection":[{"href":"https:\/\/sales-ai-agents.com\/tr\/wp-json\/wp\/v2\/product"}],"about":[{"href":"https:\/\/sales-ai-agents.com\/tr\/wp-json\/wp\/v2\/types\/product"}],"wp:featuredmedia":[{"embeddable":true,"href":"https:\/\/sales-ai-agents.com\/tr\/wp-json\/wp\/v2\/media\/58448"}],"wp:attachment":[{"href":"https:\/\/sales-ai-agents.com\/tr\/wp-json\/wp\/v2\/media?parent=58447"}],"wp:term":[{"taxonomy":"product_brand","embeddable":true,"href":"https:\/\/sales-ai-agents.com\/tr\/wp-json\/wp\/v2\/product_brand?post=58447"},{"taxonomy":"product_cat","embeddable":true,"href":"https:\/\/sales-ai-agents.com\/tr\/wp-json\/wp\/v2\/product_cat?post=58447"},{"taxonomy":"product_tag","embeddable":true,"href":"https:\/\/sales-ai-agents.com\/tr\/wp-json\/wp\/v2\/product_tag?post=58447"}],"curies":[{"name":"wp","href":"https:\/\/api.w.org\/{rel}","templated":true}]}}