{"id":58450,"date":"2022-09-26T11:48:38","date_gmt":"2022-09-26T11:48:38","guid":{"rendered":"https:\/\/sales-ai-agents.com\/templates\/tracking-objectives-and-key-results\/"},"modified":"2024-01-02T13:57:11","modified_gmt":"2024-01-02T13:57:11","slug":"tracking-objectives-and-key-results","status":"publish","type":"product","link":"https:\/\/sales-ai-agents.com\/tr\/templates\/tracking-objectives-and-key-results\/","title":{"rendered":"Hedeflerin ve Temel Sonu\u00e7lar\u0131n \u0130zlenmesi"},"content":{"rendered":"<p>&nbsp;<\/p>\n<h2>Hedeflerin ve Temel Sonu\u00e7lar\u0131n \u0130zlenmesi \u015eablonu<\/h2>\n<p class=\"desc-text\">Hedefler ve Temel Sonu\u00e7lar (OKR&#8217;ler) ekiplerin \u00f6l\u00e7\u00fctleri tan\u0131mlamas\u0131na yard\u0131mc\u0131 olur. Ekibiniz bu kullan\u0131\u015fl\u0131 \u015fablonu kullanarak ilerlemeyi takip edebilir ve neler olup bitti\u011finden haberdar olabilir. Her \u00fcye kendi g\u00f6reviyle ilgili ayr\u0131nt\u0131lar\u0131 verir ve herkes neler olup bitti\u011finden haberdar olur. Bu \u015fablon, herkesin d\u00fczenli ve motive olmas\u0131n\u0131 sa\u011flamak i\u00e7in ilerlemeyi g\u00f6rselle\u015ftirmeye yard\u0131mc\u0131 olur.<\/p>\n<h5>Nas\u0131l kullan\u0131l\u0131r?<\/h5>\n<ul class=\"desc-item_list\">\n<li class=\"desc-item_list__point\">Ana hedefleri tabloya ekleyin<\/li>\n<li class=\"desc-item_list__point\">Sonu\u00e7lar ve \u00f6l\u00e7\u00fclebilir kriterler ekleyin<\/li>\n<li class=\"desc-item_list__point\">\u0130lerleme \u00e7ubu\u011fu ile ilerlemeyi g\u00fcncelleme<\/li>\n<li class=\"desc-item_list__point\">Farkl\u0131 \u00fcyelere hedefler atay\u0131n<\/li>\n<\/ul>\n","protected":false},"excerpt":{"rendered":"<p>Hedefler ve Temel Sonu\u00e7lar (OKR&#8217;ler) ekiplerin \u00f6l\u00e7\u00fctleri tan\u0131mlamas\u0131na yard\u0131mc\u0131 olur. Ekibiniz bu kullan\u0131\u015fl\u0131 \u015fablonla ilerlemeyi takip edebilir ve neler olup bitti\u011finden haberdar olabilir.<\/p>\n","protected":false},"featured_media":58451,"template":"","meta":{"_acf_changed":false,"inline_featured_image":false},"product_brand":[],"product_cat":[250,231,252],"product_tag":[],"class_list":{"0":"post-58450","1":"product","2":"type-product","3":"status-publish","4":"has-post-thumbnail","6":"product_cat-marketing","7":"product_cat-project-management","8":"product_cat-product","10":"first","11":"instock","12":"virtual","13":"sold-individually","14":"product-type-simple"},"acf":[],"yoast_head":"<!-- This site is optimized with the Yoast SEO plugin v25.3.1 - https:\/\/yoast.com\/wordpress\/plugins\/seo\/ -->\n<title>Hedefleri ve Temel Sonu\u00e7lar\u0131 \u0130zleme \u015eablonu - Sales AI Agents<\/title>\n<meta name=\"description\" content=\"Hedefler ve Temel Sonu\u00e7lar (OKR&#039;ler) ekiplerin \u00f6l\u00e7\u00fctleri tan\u0131mlamas\u0131na yard\u0131mc\u0131 olur. Ekibiniz ilerlemeyi takip edebilir ve bu kullan\u0131\u015fl\u0131 \u015fablonla neler olup bitti\u011finden haberdar olabilir\" \/>\n<meta name=\"robots\" content=\"index, follow, max-snippet:-1, max-image-preview:large, max-video-preview:-1\" \/>\n<link rel=\"canonical\" href=\"https:\/\/sales-ai-agents.com\/tr\/templates\/tracking-objectives-and-key-results\/\" \/>\n<meta property=\"og:locale\" content=\"tr_TR\" \/>\n<meta property=\"og:type\" content=\"article\" \/>\n<meta property=\"og:title\" content=\"Hedefleri ve Temel Sonu\u00e7lar\u0131 \u0130zleme \u015eablonu - Sales AI Agents\" \/>\n<meta property=\"og:description\" content=\"Hedefler ve Temel Sonu\u00e7lar (OKR&#039;ler) ekiplerin \u00f6l\u00e7\u00fctleri tan\u0131mlamas\u0131na yard\u0131mc\u0131 olur. Ekibiniz ilerlemeyi takip edebilir ve bu kullan\u0131\u015fl\u0131 \u015fablonla neler olup bitti\u011finden haberdar olabilir\" \/>\n<meta property=\"og:url\" content=\"https:\/\/sales-ai-agents.com\/tr\/templates\/tracking-objectives-and-key-results\/\" \/>\n<meta property=\"og:site_name\" content=\"Sales AI Agents\" \/>\n<meta property=\"article:modified_time\" content=\"2024-01-02T13:57:11+00:00\" \/>\n<meta property=\"og:image\" content=\"https:\/\/sales-ai-agents.com\/wp-content\/uploads\/2022\/09\/Tracking-Objectives-and-Key-Results-Template.png\" \/>\n\t<meta property=\"og:image:width\" content=\"1700\" \/>\n\t<meta property=\"og:image:height\" content=\"1100\" \/>\n\t<meta property=\"og:image:type\" content=\"image\/png\" \/>\n<meta name=\"twitter:card\" content=\"summary_large_image\" \/>\n<script type=\"application\/ld+json\" class=\"yoast-schema-graph\">{\"@context\":\"https:\/\/schema.org\",\"@graph\":[{\"@type\":\"WebPage\",\"@id\":\"https:\/\/sales-ai-agents.com\/tr\/templates\/tracking-objectives-and-key-results\/\",\"url\":\"https:\/\/sales-ai-agents.com\/tr\/templates\/tracking-objectives-and-key-results\/\",\"name\":\"Hedefleri ve Temel Sonu\u00e7lar\u0131 \u0130zleme \u015eablonu - Sales AI Agents\",\"isPartOf\":{\"@id\":\"https:\/\/sales-ai-agents.com\/#website\"},\"primaryImageOfPage\":{\"@id\":\"https:\/\/sales-ai-agents.com\/tr\/templates\/tracking-objectives-and-key-results\/#primaryimage\"},\"image\":{\"@id\":\"https:\/\/sales-ai-agents.com\/tr\/templates\/tracking-objectives-and-key-results\/#primaryimage\"},\"thumbnailUrl\":\"https:\/\/sales-ai-agents.com\/wp-content\/uploads\/2022\/09\/Tracking-Objectives-and-Key-Results-Template.png\",\"datePublished\":\"2022-09-26T11:48:38+00:00\",\"dateModified\":\"2024-01-02T13:57:11+00:00\",\"description\":\"Hedefler ve Temel Sonu\u00e7lar (OKR'ler) ekiplerin \u00f6l\u00e7\u00fctleri tan\u0131mlamas\u0131na yard\u0131mc\u0131 olur. Ekibiniz ilerlemeyi takip edebilir ve bu kullan\u0131\u015fl\u0131 \u015fablonla neler olup bitti\u011finden haberdar olabilir\",\"inLanguage\":\"tr\",\"potentialAction\":[{\"@type\":\"ReadAction\",\"target\":[\"https:\/\/sales-ai-agents.com\/tr\/templates\/tracking-objectives-and-key-results\/\"]}]},{\"@type\":\"ImageObject\",\"inLanguage\":\"tr\",\"@id\":\"https:\/\/sales-ai-agents.com\/tr\/templates\/tracking-objectives-and-key-results\/#primaryimage\",\"url\":\"https:\/\/sales-ai-agents.com\/wp-content\/uploads\/2022\/09\/Tracking-Objectives-and-Key-Results-Template.png\",\"contentUrl\":\"https:\/\/sales-ai-agents.com\/wp-content\/uploads\/2022\/09\/Tracking-Objectives-and-Key-Results-Template.png\",\"width\":1700,\"height\":1100},{\"@type\":\"WebSite\",\"@id\":\"https:\/\/sales-ai-agents.com\/#website\",\"url\":\"https:\/\/sales-ai-agents.com\/\",\"name\":\"FuseBase\",\"description\":\"Sales AI Agents - Free Online Collaboration Software for Remote Teams. Build your wikis, client portals and more with the Nimbus Platform collaboration tool ? A perfect space for online work\",\"publisher\":{\"@id\":\"https:\/\/sales-ai-agents.com\/#organization\"},\"potentialAction\":[{\"@type\":\"SearchAction\",\"target\":{\"@type\":\"EntryPoint\",\"urlTemplate\":\"https:\/\/sales-ai-agents.com\/?s={search_term_string}\"},\"query-input\":{\"@type\":\"PropertyValueSpecification\",\"valueRequired\":true,\"valueName\":\"search_term_string\"}}],\"inLanguage\":\"tr\"},{\"@type\":\"Organization\",\"@id\":\"https:\/\/sales-ai-agents.com\/#organization\",\"name\":\"FuseBase\",\"url\":\"https:\/\/sales-ai-agents.com\/\",\"logo\":{\"@type\":\"ImageObject\",\"inLanguage\":\"tr\",\"@id\":\"https:\/\/sales-ai-agents.com\/#\/schema\/logo\/image\/\",\"url\":\"https:\/\/sales-ai-agents.com\/wp-content\/uploads\/2023\/11\/icon-7.svg\",\"contentUrl\":\"https:\/\/sales-ai-agents.com\/wp-content\/uploads\/2023\/11\/icon-7.svg\",\"width\":128,\"height\":128,\"caption\":\"FuseBase\"},\"image\":{\"@id\":\"https:\/\/sales-ai-agents.com\/#\/schema\/logo\/image\/\"}}]}<\/script>\n<!-- \/ Yoast SEO plugin. -->","yoast_head_json":{"title":"Hedefleri ve Temel Sonu\u00e7lar\u0131 \u0130zleme \u015eablonu - Sales AI Agents","description":"Hedefler ve Temel Sonu\u00e7lar (OKR'ler) ekiplerin \u00f6l\u00e7\u00fctleri tan\u0131mlamas\u0131na yard\u0131mc\u0131 olur. Ekibiniz ilerlemeyi takip edebilir ve bu kullan\u0131\u015fl\u0131 \u015fablonla neler olup bitti\u011finden haberdar olabilir","robots":{"index":"index","follow":"follow","max-snippet":"max-snippet:-1","max-image-preview":"max-image-preview:large","max-video-preview":"max-video-preview:-1"},"canonical":"https:\/\/sales-ai-agents.com\/tr\/templates\/tracking-objectives-and-key-results\/","og_locale":"tr_TR","og_type":"article","og_title":"Hedefleri ve Temel Sonu\u00e7lar\u0131 \u0130zleme \u015eablonu - Sales AI Agents","og_description":"Hedefler ve Temel Sonu\u00e7lar (OKR'ler) ekiplerin \u00f6l\u00e7\u00fctleri tan\u0131mlamas\u0131na yard\u0131mc\u0131 olur. Ekibiniz ilerlemeyi takip edebilir ve bu kullan\u0131\u015fl\u0131 \u015fablonla neler olup bitti\u011finden haberdar olabilir","og_url":"https:\/\/sales-ai-agents.com\/tr\/templates\/tracking-objectives-and-key-results\/","og_site_name":"Sales AI Agents","article_modified_time":"2024-01-02T13:57:11+00:00","og_image":[{"width":1700,"height":1100,"url":"https:\/\/sales-ai-agents.com\/wp-content\/uploads\/2022\/09\/Tracking-Objectives-and-Key-Results-Template.png","type":"image\/png"}],"twitter_card":"summary_large_image","schema":{"@context":"https:\/\/schema.org","@graph":[{"@type":"WebPage","@id":"https:\/\/sales-ai-agents.com\/tr\/templates\/tracking-objectives-and-key-results\/","url":"https:\/\/sales-ai-agents.com\/tr\/templates\/tracking-objectives-and-key-results\/","name":"Hedefleri ve Temel Sonu\u00e7lar\u0131 \u0130zleme \u015eablonu - Sales AI Agents","isPartOf":{"@id":"https:\/\/sales-ai-agents.com\/#website"},"primaryImageOfPage":{"@id":"https:\/\/sales-ai-agents.com\/tr\/templates\/tracking-objectives-and-key-results\/#primaryimage"},"image":{"@id":"https:\/\/sales-ai-agents.com\/tr\/templates\/tracking-objectives-and-key-results\/#primaryimage"},"thumbnailUrl":"https:\/\/sales-ai-agents.com\/wp-content\/uploads\/2022\/09\/Tracking-Objectives-and-Key-Results-Template.png","datePublished":"2022-09-26T11:48:38+00:00","dateModified":"2024-01-02T13:57:11+00:00","description":"Hedefler ve Temel Sonu\u00e7lar (OKR'ler) ekiplerin \u00f6l\u00e7\u00fctleri tan\u0131mlamas\u0131na yard\u0131mc\u0131 olur. Ekibiniz ilerlemeyi takip edebilir ve bu kullan\u0131\u015fl\u0131 \u015fablonla neler olup bitti\u011finden haberdar olabilir","inLanguage":"tr","potentialAction":[{"@type":"ReadAction","target":["https:\/\/sales-ai-agents.com\/tr\/templates\/tracking-objectives-and-key-results\/"]}]},{"@type":"ImageObject","inLanguage":"tr","@id":"https:\/\/sales-ai-agents.com\/tr\/templates\/tracking-objectives-and-key-results\/#primaryimage","url":"https:\/\/sales-ai-agents.com\/wp-content\/uploads\/2022\/09\/Tracking-Objectives-and-Key-Results-Template.png","contentUrl":"https:\/\/sales-ai-agents.com\/wp-content\/uploads\/2022\/09\/Tracking-Objectives-and-Key-Results-Template.png","width":1700,"height":1100},{"@type":"WebSite","@id":"https:\/\/sales-ai-agents.com\/#website","url":"https:\/\/sales-ai-agents.com\/","name":"FuseBase","description":"Sales AI Agents - Free Online Collaboration Software for Remote Teams. Build your wikis, client portals and more with the Nimbus Platform collaboration tool ? A perfect space for online work","publisher":{"@id":"https:\/\/sales-ai-agents.com\/#organization"},"potentialAction":[{"@type":"SearchAction","target":{"@type":"EntryPoint","urlTemplate":"https:\/\/sales-ai-agents.com\/?s={search_term_string}"},"query-input":{"@type":"PropertyValueSpecification","valueRequired":true,"valueName":"search_term_string"}}],"inLanguage":"tr"},{"@type":"Organization","@id":"https:\/\/sales-ai-agents.com\/#organization","name":"FuseBase","url":"https:\/\/sales-ai-agents.com\/","logo":{"@type":"ImageObject","inLanguage":"tr","@id":"https:\/\/sales-ai-agents.com\/#\/schema\/logo\/image\/","url":"https:\/\/sales-ai-agents.com\/wp-content\/uploads\/2023\/11\/icon-7.svg","contentUrl":"https:\/\/sales-ai-agents.com\/wp-content\/uploads\/2023\/11\/icon-7.svg","width":128,"height":128,"caption":"FuseBase"},"image":{"@id":"https:\/\/sales-ai-agents.com\/#\/schema\/logo\/image\/"}}]}},"_links":{"self":[{"href":"https:\/\/sales-ai-agents.com\/tr\/wp-json\/wp\/v2\/product\/58450","targetHints":{"allow":["GET"]}}],"collection":[{"href":"https:\/\/sales-ai-agents.com\/tr\/wp-json\/wp\/v2\/product"}],"about":[{"href":"https:\/\/sales-ai-agents.com\/tr\/wp-json\/wp\/v2\/types\/product"}],"wp:featuredmedia":[{"embeddable":true,"href":"https:\/\/sales-ai-agents.com\/tr\/wp-json\/wp\/v2\/media\/58451"}],"wp:attachment":[{"href":"https:\/\/sales-ai-agents.com\/tr\/wp-json\/wp\/v2\/media?parent=58450"}],"wp:term":[{"taxonomy":"product_brand","embeddable":true,"href":"https:\/\/sales-ai-agents.com\/tr\/wp-json\/wp\/v2\/product_brand?post=58450"},{"taxonomy":"product_cat","embeddable":true,"href":"https:\/\/sales-ai-agents.com\/tr\/wp-json\/wp\/v2\/product_cat?post=58450"},{"taxonomy":"product_tag","embeddable":true,"href":"https:\/\/sales-ai-agents.com\/tr\/wp-json\/wp\/v2\/product_tag?post=58450"}],"curies":[{"name":"wp","href":"https:\/\/api.w.org\/{rel}","templated":true}]}}