{"id":58453,"date":"2022-09-26T11:48:34","date_gmt":"2022-09-26T11:48:34","guid":{"rendered":"https:\/\/sales-ai-agents.com\/templates\/campaign-management\/"},"modified":"2023-12-31T17:49:53","modified_gmt":"2023-12-31T17:49:53","slug":"campaign-management","status":"publish","type":"product","link":"https:\/\/sales-ai-agents.com\/tr\/templates\/campaign-management\/","title":{"rendered":"Kampanya Y\u00f6netimi"},"content":{"rendered":"<p>&nbsp;<\/p>\n<h2>Kampanya Y\u00f6netimi \u015eablonu<\/h2>\n<p class=\"desc-text\">Bir pazarlama kampanyas\u0131 ba\u015flatmak, fikir a\u015famas\u0131ndan uygulamaya kadar bir\u00e7ok farkl\u0131 ad\u0131m\u0131 i\u00e7erebilir. Bu kampanya y\u00f6netimi \u015fablonu, s\u00fcrecin her b\u00f6l\u00fcm\u00fcn\u00fc planlaman\u0131za yard\u0131mc\u0131 olur. Sorumluluklar\u0131 atamak i\u00e7in di\u011fer ekip \u00fcyelerini etiketleyin. Son tarihler ve renk kodlu \u00f6ncelik etiketleri ekleyerek herkesi g\u00fcncel tutun. Bu \u015fablon ihtiya\u00e7lar\u0131n\u0131za uyacak \u015fekilde tamamen \u00f6zelle\u015ftirilebilir.<\/p>\n<h5>Nas\u0131l kullan\u0131l\u0131r?<\/h5>\n<ul class=\"desc-item_list\">\n<li class=\"desc-item_list__point\">Temel eylemleri planlay\u0131n<\/li>\n<li class=\"desc-item_list__point\">Son teslim tarihlerini ekleyin<\/li>\n<li class=\"desc-item_list__point\">Renk kodlu bir \u00f6ncelik etiketi kullan\u0131n<\/li>\n<li class=\"desc-item_list__point\">\u00c7al\u0131\u015f\u0131rken durumu g\u00fcncelleyin<\/li>\n<li class=\"desc-item_list__point\">G\u00f6rev atamak i\u00e7in kullan\u0131c\u0131lar\u0131 etiketleyin<\/li>\n<\/ul>\n","protected":false},"excerpt":{"rendered":"<p>Bir pazarlama kampanyas\u0131 ba\u015flatmak, fikir a\u015famas\u0131ndan uygulamaya kadar \u00e7e\u015fitli ad\u0131mlar i\u00e7erir. Bu kampanya y\u00f6netimi \u015fablonu ile s\u00fcrecin her bir par\u00e7as\u0131n\u0131 planlay\u0131n.<\/p>\n","protected":false},"featured_media":58454,"template":"","meta":{"_acf_changed":false,"inline_featured_image":false},"product_brand":[],"product_cat":[250,269],"product_tag":[],"class_list":{"0":"post-58453","1":"product","2":"type-product","3":"status-publish","4":"has-post-thumbnail","6":"product_cat-marketing","7":"product_cat-marketing-campaign","9":"first","10":"instock","11":"virtual","12":"sold-individually","13":"product-type-simple"},"acf":[],"yoast_head":"<!-- This site is optimized with the Yoast SEO plugin v25.3.1 - https:\/\/yoast.com\/wordpress\/plugins\/seo\/ -->\n<title>Kampanya Y\u00f6netimi \u015eablonu - Sales AI Agents<\/title>\n<meta name=\"description\" content=\"Bir pazarlama kampanyas\u0131 ba\u015flatmak, fikir a\u015famas\u0131ndan uygulamaya kadar \u00e7e\u015fitli ad\u0131mlar i\u00e7erir. Bu kampanya y\u00f6netimi \u015fablonu ile s\u00fcrecin her bir par\u00e7as\u0131n\u0131 planlay\u0131n.\" \/>\n<meta name=\"robots\" content=\"index, follow, max-snippet:-1, max-image-preview:large, max-video-preview:-1\" \/>\n<link rel=\"canonical\" href=\"https:\/\/sales-ai-agents.com\/tr\/templates\/campaign-management\/\" \/>\n<meta property=\"og:locale\" content=\"tr_TR\" \/>\n<meta property=\"og:type\" content=\"article\" \/>\n<meta property=\"og:title\" content=\"Kampanya Y\u00f6netimi \u015eablonu - Sales AI Agents\" \/>\n<meta property=\"og:description\" content=\"Bir pazarlama kampanyas\u0131 ba\u015flatmak, fikir a\u015famas\u0131ndan uygulamaya kadar \u00e7e\u015fitli ad\u0131mlar i\u00e7erir. Bu kampanya y\u00f6netimi \u015fablonu ile s\u00fcrecin her bir par\u00e7as\u0131n\u0131 planlay\u0131n.\" \/>\n<meta property=\"og:url\" content=\"https:\/\/sales-ai-agents.com\/tr\/templates\/campaign-management\/\" \/>\n<meta property=\"og:site_name\" content=\"Sales AI Agents\" \/>\n<meta property=\"article:modified_time\" content=\"2023-12-31T17:49:53+00:00\" \/>\n<meta property=\"og:image\" content=\"https:\/\/sales-ai-agents.com\/wp-content\/uploads\/2022\/09\/Campaign-Management.png\" \/>\n\t<meta property=\"og:image:width\" content=\"1700\" \/>\n\t<meta property=\"og:image:height\" content=\"1100\" \/>\n\t<meta property=\"og:image:type\" content=\"image\/png\" \/>\n<meta name=\"twitter:card\" content=\"summary_large_image\" \/>\n<script type=\"application\/ld+json\" class=\"yoast-schema-graph\">{\"@context\":\"https:\/\/schema.org\",\"@graph\":[{\"@type\":\"WebPage\",\"@id\":\"https:\/\/sales-ai-agents.com\/tr\/templates\/campaign-management\/\",\"url\":\"https:\/\/sales-ai-agents.com\/tr\/templates\/campaign-management\/\",\"name\":\"Kampanya Y\u00f6netimi \u015eablonu - Sales AI Agents\",\"isPartOf\":{\"@id\":\"https:\/\/sales-ai-agents.com\/#website\"},\"primaryImageOfPage\":{\"@id\":\"https:\/\/sales-ai-agents.com\/tr\/templates\/campaign-management\/#primaryimage\"},\"image\":{\"@id\":\"https:\/\/sales-ai-agents.com\/tr\/templates\/campaign-management\/#primaryimage\"},\"thumbnailUrl\":\"https:\/\/sales-ai-agents.com\/wp-content\/uploads\/2022\/09\/Campaign-Management.png\",\"datePublished\":\"2022-09-26T11:48:34+00:00\",\"dateModified\":\"2023-12-31T17:49:53+00:00\",\"description\":\"Bir pazarlama kampanyas\u0131 ba\u015flatmak, fikir a\u015famas\u0131ndan uygulamaya kadar \u00e7e\u015fitli ad\u0131mlar i\u00e7erir. Bu kampanya y\u00f6netimi \u015fablonu ile s\u00fcrecin her bir par\u00e7as\u0131n\u0131 planlay\u0131n.\",\"inLanguage\":\"tr\",\"potentialAction\":[{\"@type\":\"ReadAction\",\"target\":[\"https:\/\/sales-ai-agents.com\/tr\/templates\/campaign-management\/\"]}]},{\"@type\":\"ImageObject\",\"inLanguage\":\"tr\",\"@id\":\"https:\/\/sales-ai-agents.com\/tr\/templates\/campaign-management\/#primaryimage\",\"url\":\"https:\/\/sales-ai-agents.com\/wp-content\/uploads\/2022\/09\/Campaign-Management.png\",\"contentUrl\":\"https:\/\/sales-ai-agents.com\/wp-content\/uploads\/2022\/09\/Campaign-Management.png\",\"width\":1700,\"height\":1100},{\"@type\":\"WebSite\",\"@id\":\"https:\/\/sales-ai-agents.com\/#website\",\"url\":\"https:\/\/sales-ai-agents.com\/\",\"name\":\"FuseBase\",\"description\":\"Sales AI Agents - Free Online Collaboration Software for Remote Teams. Build your wikis, client portals and more with the Nimbus Platform collaboration tool ? A perfect space for online work\",\"publisher\":{\"@id\":\"https:\/\/sales-ai-agents.com\/#organization\"},\"potentialAction\":[{\"@type\":\"SearchAction\",\"target\":{\"@type\":\"EntryPoint\",\"urlTemplate\":\"https:\/\/sales-ai-agents.com\/?s={search_term_string}\"},\"query-input\":{\"@type\":\"PropertyValueSpecification\",\"valueRequired\":true,\"valueName\":\"search_term_string\"}}],\"inLanguage\":\"tr\"},{\"@type\":\"Organization\",\"@id\":\"https:\/\/sales-ai-agents.com\/#organization\",\"name\":\"FuseBase\",\"url\":\"https:\/\/sales-ai-agents.com\/\",\"logo\":{\"@type\":\"ImageObject\",\"inLanguage\":\"tr\",\"@id\":\"https:\/\/sales-ai-agents.com\/#\/schema\/logo\/image\/\",\"url\":\"https:\/\/sales-ai-agents.com\/wp-content\/uploads\/2023\/11\/icon-7.svg\",\"contentUrl\":\"https:\/\/sales-ai-agents.com\/wp-content\/uploads\/2023\/11\/icon-7.svg\",\"width\":128,\"height\":128,\"caption\":\"FuseBase\"},\"image\":{\"@id\":\"https:\/\/sales-ai-agents.com\/#\/schema\/logo\/image\/\"}}]}<\/script>\n<!-- \/ Yoast SEO plugin. -->","yoast_head_json":{"title":"Kampanya Y\u00f6netimi \u015eablonu - Sales AI Agents","description":"Bir pazarlama kampanyas\u0131 ba\u015flatmak, fikir a\u015famas\u0131ndan uygulamaya kadar \u00e7e\u015fitli ad\u0131mlar i\u00e7erir. Bu kampanya y\u00f6netimi \u015fablonu ile s\u00fcrecin her bir par\u00e7as\u0131n\u0131 planlay\u0131n.","robots":{"index":"index","follow":"follow","max-snippet":"max-snippet:-1","max-image-preview":"max-image-preview:large","max-video-preview":"max-video-preview:-1"},"canonical":"https:\/\/sales-ai-agents.com\/tr\/templates\/campaign-management\/","og_locale":"tr_TR","og_type":"article","og_title":"Kampanya Y\u00f6netimi \u015eablonu - Sales AI Agents","og_description":"Bir pazarlama kampanyas\u0131 ba\u015flatmak, fikir a\u015famas\u0131ndan uygulamaya kadar \u00e7e\u015fitli ad\u0131mlar i\u00e7erir. Bu kampanya y\u00f6netimi \u015fablonu ile s\u00fcrecin her bir par\u00e7as\u0131n\u0131 planlay\u0131n.","og_url":"https:\/\/sales-ai-agents.com\/tr\/templates\/campaign-management\/","og_site_name":"Sales AI Agents","article_modified_time":"2023-12-31T17:49:53+00:00","og_image":[{"width":1700,"height":1100,"url":"https:\/\/sales-ai-agents.com\/wp-content\/uploads\/2022\/09\/Campaign-Management.png","type":"image\/png"}],"twitter_card":"summary_large_image","schema":{"@context":"https:\/\/schema.org","@graph":[{"@type":"WebPage","@id":"https:\/\/sales-ai-agents.com\/tr\/templates\/campaign-management\/","url":"https:\/\/sales-ai-agents.com\/tr\/templates\/campaign-management\/","name":"Kampanya Y\u00f6netimi \u015eablonu - Sales AI Agents","isPartOf":{"@id":"https:\/\/sales-ai-agents.com\/#website"},"primaryImageOfPage":{"@id":"https:\/\/sales-ai-agents.com\/tr\/templates\/campaign-management\/#primaryimage"},"image":{"@id":"https:\/\/sales-ai-agents.com\/tr\/templates\/campaign-management\/#primaryimage"},"thumbnailUrl":"https:\/\/sales-ai-agents.com\/wp-content\/uploads\/2022\/09\/Campaign-Management.png","datePublished":"2022-09-26T11:48:34+00:00","dateModified":"2023-12-31T17:49:53+00:00","description":"Bir pazarlama kampanyas\u0131 ba\u015flatmak, fikir a\u015famas\u0131ndan uygulamaya kadar \u00e7e\u015fitli ad\u0131mlar i\u00e7erir. Bu kampanya y\u00f6netimi \u015fablonu ile s\u00fcrecin her bir par\u00e7as\u0131n\u0131 planlay\u0131n.","inLanguage":"tr","potentialAction":[{"@type":"ReadAction","target":["https:\/\/sales-ai-agents.com\/tr\/templates\/campaign-management\/"]}]},{"@type":"ImageObject","inLanguage":"tr","@id":"https:\/\/sales-ai-agents.com\/tr\/templates\/campaign-management\/#primaryimage","url":"https:\/\/sales-ai-agents.com\/wp-content\/uploads\/2022\/09\/Campaign-Management.png","contentUrl":"https:\/\/sales-ai-agents.com\/wp-content\/uploads\/2022\/09\/Campaign-Management.png","width":1700,"height":1100},{"@type":"WebSite","@id":"https:\/\/sales-ai-agents.com\/#website","url":"https:\/\/sales-ai-agents.com\/","name":"FuseBase","description":"Sales AI Agents - Free Online Collaboration Software for Remote Teams. Build your wikis, client portals and more with the Nimbus Platform collaboration tool ? A perfect space for online work","publisher":{"@id":"https:\/\/sales-ai-agents.com\/#organization"},"potentialAction":[{"@type":"SearchAction","target":{"@type":"EntryPoint","urlTemplate":"https:\/\/sales-ai-agents.com\/?s={search_term_string}"},"query-input":{"@type":"PropertyValueSpecification","valueRequired":true,"valueName":"search_term_string"}}],"inLanguage":"tr"},{"@type":"Organization","@id":"https:\/\/sales-ai-agents.com\/#organization","name":"FuseBase","url":"https:\/\/sales-ai-agents.com\/","logo":{"@type":"ImageObject","inLanguage":"tr","@id":"https:\/\/sales-ai-agents.com\/#\/schema\/logo\/image\/","url":"https:\/\/sales-ai-agents.com\/wp-content\/uploads\/2023\/11\/icon-7.svg","contentUrl":"https:\/\/sales-ai-agents.com\/wp-content\/uploads\/2023\/11\/icon-7.svg","width":128,"height":128,"caption":"FuseBase"},"image":{"@id":"https:\/\/sales-ai-agents.com\/#\/schema\/logo\/image\/"}}]}},"_links":{"self":[{"href":"https:\/\/sales-ai-agents.com\/tr\/wp-json\/wp\/v2\/product\/58453","targetHints":{"allow":["GET"]}}],"collection":[{"href":"https:\/\/sales-ai-agents.com\/tr\/wp-json\/wp\/v2\/product"}],"about":[{"href":"https:\/\/sales-ai-agents.com\/tr\/wp-json\/wp\/v2\/types\/product"}],"wp:featuredmedia":[{"embeddable":true,"href":"https:\/\/sales-ai-agents.com\/tr\/wp-json\/wp\/v2\/media\/58454"}],"wp:attachment":[{"href":"https:\/\/sales-ai-agents.com\/tr\/wp-json\/wp\/v2\/media?parent=58453"}],"wp:term":[{"taxonomy":"product_brand","embeddable":true,"href":"https:\/\/sales-ai-agents.com\/tr\/wp-json\/wp\/v2\/product_brand?post=58453"},{"taxonomy":"product_cat","embeddable":true,"href":"https:\/\/sales-ai-agents.com\/tr\/wp-json\/wp\/v2\/product_cat?post=58453"},{"taxonomy":"product_tag","embeddable":true,"href":"https:\/\/sales-ai-agents.com\/tr\/wp-json\/wp\/v2\/product_tag?post=58453"}],"curies":[{"name":"wp","href":"https:\/\/api.w.org\/{rel}","templated":true}]}}