{"id":58460,"date":"2022-09-26T11:48:30","date_gmt":"2022-09-26T11:48:30","guid":{"rendered":"https:\/\/sales-ai-agents.com\/templates\/menu-planner\/"},"modified":"2024-01-02T13:32:39","modified_gmt":"2024-01-02T13:32:39","slug":"menu-planner","status":"publish","type":"product","link":"https:\/\/sales-ai-agents.com\/tr\/templates\/menu-planner\/","title":{"rendered":"Men\u00fc planlay\u0131c\u0131"},"content":{"rendered":"<p>&nbsp;<\/p>\n<h2>Men\u00fc Planlay\u0131c\u0131 \u015eablonu<\/h2>\n<p class=\"desc-text\">Bu \u015fablon haftal\u0131k \u00f6\u011f\u00fcnlerinizi planlamak i\u00e7in m\u00fckemmeldir. \u0130ster \u00f6\u011frenci ister yo\u011fun \u00e7al\u0131\u015fan bir profesyonel olun, bu \u015fablon planlar\u0131n\u0131z\u0131 haz\u0131rlaman\u0131za yard\u0131mc\u0131 olabilir. Haftan\u0131n her g\u00fcn\u00fc farkl\u0131 bir renkle etiketlenmi\u015ftir, b\u00f6ylece onlar\u0131 kolayca ay\u0131rabilirsiniz. \u015eablonun alt k\u0131sm\u0131nda kullan\u0131\u015fl\u0131 bir al\u0131\u015fveri\u015f listesi bile bulunmaktad\u0131r. Bu \u015fablonu kullanarak, haftal\u0131k yemek planlar\u0131n\u0131z\u0131n ayarland\u0131\u011f\u0131ndan ve haz\u0131rland\u0131\u011f\u0131ndan emin olabilirsiniz.<\/p>\n<h5>Nas\u0131l kullan\u0131l\u0131r?<\/h5>\n<ul class=\"desc-item_list\">\n<li class=\"desc-item_list__point\">Haftan\u0131n her g\u00fcn\u00fc i\u00e7in \u00f6\u011f\u00fcnleri doldurun<\/li>\n<li class=\"desc-item_list__point\">Denemek i\u00e7in tariflere veya restoranlara ba\u011flant\u0131lar ekleyin<\/li>\n<li class=\"desc-item_list__point\">Son tabloya notlar ekleyin<\/li>\n<li class=\"desc-item_list__point\">Tarifleriniz i\u00e7in bir al\u0131\u015fveri\u015f listesi olu\u015fturun<\/li>\n<\/ul>\n","protected":false},"excerpt":{"rendered":"<p>Bu \u015fablon haftal\u0131k \u00f6\u011f\u00fcnlerinizi planlamak i\u00e7in m\u00fckemmeldir. \u0130ster \u00f6\u011frenci ister yo\u011fun \u00e7al\u0131\u015fan bir profesyonel olun, bu \u015fablon planlar\u0131n\u0131z\u0131 haz\u0131rlaman\u0131za yard\u0131mc\u0131 olabilir.<\/p>\n","protected":false},"featured_media":58461,"template":"","meta":{"_acf_changed":false,"inline_featured_image":false},"product_brand":[],"product_cat":[260,257,259],"product_tag":[],"class_list":{"0":"post-58460","1":"product","2":"type-product","3":"status-publish","4":"has-post-thumbnail","6":"product_cat-events","7":"product_cat-personal","8":"product_cat-personal-health","10":"first","11":"instock","12":"virtual","13":"sold-individually","14":"product-type-simple"},"acf":[],"yoast_head":"<!-- This site is optimized with the Yoast SEO plugin v25.3.1 - https:\/\/yoast.com\/wordpress\/plugins\/seo\/ -->\n<title>Men\u00fc Planlay\u0131c\u0131 \u015eablonu - Sales AI Agents<\/title>\n<meta name=\"description\" content=\"Bu \u015fablon haftal\u0131k \u00f6\u011f\u00fcnlerinizi planlamak i\u00e7in m\u00fckemmeldir. \u0130ster \u00f6\u011frenci ister yo\u011fun \u00e7al\u0131\u015fan bir profesyonel olun, bu \u015fablon planlar\u0131n\u0131z\u0131 haz\u0131rlaman\u0131za yard\u0131mc\u0131 olabilir.\" \/>\n<meta name=\"robots\" content=\"index, follow, max-snippet:-1, max-image-preview:large, max-video-preview:-1\" \/>\n<link rel=\"canonical\" href=\"https:\/\/sales-ai-agents.com\/tr\/templates\/menu-planner\/\" \/>\n<meta property=\"og:locale\" content=\"tr_TR\" \/>\n<meta property=\"og:type\" content=\"article\" \/>\n<meta property=\"og:title\" content=\"Men\u00fc Planlay\u0131c\u0131 \u015eablonu - Sales AI Agents\" \/>\n<meta property=\"og:description\" content=\"Bu \u015fablon haftal\u0131k \u00f6\u011f\u00fcnlerinizi planlamak i\u00e7in m\u00fckemmeldir. \u0130ster \u00f6\u011frenci ister yo\u011fun \u00e7al\u0131\u015fan bir profesyonel olun, bu \u015fablon planlar\u0131n\u0131z\u0131 haz\u0131rlaman\u0131za yard\u0131mc\u0131 olabilir.\" \/>\n<meta property=\"og:url\" content=\"https:\/\/sales-ai-agents.com\/tr\/templates\/menu-planner\/\" \/>\n<meta property=\"og:site_name\" content=\"Sales AI Agents\" \/>\n<meta property=\"article:modified_time\" content=\"2024-01-02T13:32:39+00:00\" \/>\n<meta property=\"og:image\" content=\"https:\/\/sales-ai-agents.com\/wp-content\/uploads\/2023\/01\/image-preview124411.png\" \/>\n\t<meta property=\"og:image:width\" content=\"1078\" \/>\n\t<meta property=\"og:image:height\" content=\"1602\" \/>\n\t<meta property=\"og:image:type\" content=\"image\/png\" \/>\n<meta name=\"twitter:card\" content=\"summary_large_image\" \/>\n<script type=\"application\/ld+json\" class=\"yoast-schema-graph\">{\"@context\":\"https:\/\/schema.org\",\"@graph\":[{\"@type\":\"WebPage\",\"@id\":\"https:\/\/sales-ai-agents.com\/tr\/templates\/menu-planner\/\",\"url\":\"https:\/\/sales-ai-agents.com\/tr\/templates\/menu-planner\/\",\"name\":\"Men\u00fc Planlay\u0131c\u0131 \u015eablonu - Sales AI Agents\",\"isPartOf\":{\"@id\":\"https:\/\/sales-ai-agents.com\/#website\"},\"primaryImageOfPage\":{\"@id\":\"https:\/\/sales-ai-agents.com\/tr\/templates\/menu-planner\/#primaryimage\"},\"image\":{\"@id\":\"https:\/\/sales-ai-agents.com\/tr\/templates\/menu-planner\/#primaryimage\"},\"thumbnailUrl\":\"https:\/\/sales-ai-agents.com\/wp-content\/uploads\/2023\/01\/image-preview124411.png\",\"datePublished\":\"2022-09-26T11:48:30+00:00\",\"dateModified\":\"2024-01-02T13:32:39+00:00\",\"description\":\"Bu \u015fablon haftal\u0131k \u00f6\u011f\u00fcnlerinizi planlamak i\u00e7in m\u00fckemmeldir. \u0130ster \u00f6\u011frenci ister yo\u011fun \u00e7al\u0131\u015fan bir profesyonel olun, bu \u015fablon planlar\u0131n\u0131z\u0131 haz\u0131rlaman\u0131za yard\u0131mc\u0131 olabilir.\",\"inLanguage\":\"tr\",\"potentialAction\":[{\"@type\":\"ReadAction\",\"target\":[\"https:\/\/sales-ai-agents.com\/tr\/templates\/menu-planner\/\"]}]},{\"@type\":\"ImageObject\",\"inLanguage\":\"tr\",\"@id\":\"https:\/\/sales-ai-agents.com\/tr\/templates\/menu-planner\/#primaryimage\",\"url\":\"https:\/\/sales-ai-agents.com\/wp-content\/uploads\/2023\/01\/image-preview124411.png\",\"contentUrl\":\"https:\/\/sales-ai-agents.com\/wp-content\/uploads\/2023\/01\/image-preview124411.png\",\"width\":1078,\"height\":1602},{\"@type\":\"WebSite\",\"@id\":\"https:\/\/sales-ai-agents.com\/#website\",\"url\":\"https:\/\/sales-ai-agents.com\/\",\"name\":\"FuseBase\",\"description\":\"Sales AI Agents - Free Online Collaboration Software for Remote Teams. Build your wikis, client portals and more with the Nimbus Platform collaboration tool ? A perfect space for online work\",\"publisher\":{\"@id\":\"https:\/\/sales-ai-agents.com\/#organization\"},\"potentialAction\":[{\"@type\":\"SearchAction\",\"target\":{\"@type\":\"EntryPoint\",\"urlTemplate\":\"https:\/\/sales-ai-agents.com\/?s={search_term_string}\"},\"query-input\":{\"@type\":\"PropertyValueSpecification\",\"valueRequired\":true,\"valueName\":\"search_term_string\"}}],\"inLanguage\":\"tr\"},{\"@type\":\"Organization\",\"@id\":\"https:\/\/sales-ai-agents.com\/#organization\",\"name\":\"FuseBase\",\"url\":\"https:\/\/sales-ai-agents.com\/\",\"logo\":{\"@type\":\"ImageObject\",\"inLanguage\":\"tr\",\"@id\":\"https:\/\/sales-ai-agents.com\/#\/schema\/logo\/image\/\",\"url\":\"https:\/\/sales-ai-agents.com\/wp-content\/uploads\/2023\/11\/icon-7.svg\",\"contentUrl\":\"https:\/\/sales-ai-agents.com\/wp-content\/uploads\/2023\/11\/icon-7.svg\",\"width\":128,\"height\":128,\"caption\":\"FuseBase\"},\"image\":{\"@id\":\"https:\/\/sales-ai-agents.com\/#\/schema\/logo\/image\/\"}}]}<\/script>\n<!-- \/ Yoast SEO plugin. -->","yoast_head_json":{"title":"Men\u00fc Planlay\u0131c\u0131 \u015eablonu - Sales AI Agents","description":"Bu \u015fablon haftal\u0131k \u00f6\u011f\u00fcnlerinizi planlamak i\u00e7in m\u00fckemmeldir. \u0130ster \u00f6\u011frenci ister yo\u011fun \u00e7al\u0131\u015fan bir profesyonel olun, bu \u015fablon planlar\u0131n\u0131z\u0131 haz\u0131rlaman\u0131za yard\u0131mc\u0131 olabilir.","robots":{"index":"index","follow":"follow","max-snippet":"max-snippet:-1","max-image-preview":"max-image-preview:large","max-video-preview":"max-video-preview:-1"},"canonical":"https:\/\/sales-ai-agents.com\/tr\/templates\/menu-planner\/","og_locale":"tr_TR","og_type":"article","og_title":"Men\u00fc Planlay\u0131c\u0131 \u015eablonu - Sales AI Agents","og_description":"Bu \u015fablon haftal\u0131k \u00f6\u011f\u00fcnlerinizi planlamak i\u00e7in m\u00fckemmeldir. \u0130ster \u00f6\u011frenci ister yo\u011fun \u00e7al\u0131\u015fan bir profesyonel olun, bu \u015fablon planlar\u0131n\u0131z\u0131 haz\u0131rlaman\u0131za yard\u0131mc\u0131 olabilir.","og_url":"https:\/\/sales-ai-agents.com\/tr\/templates\/menu-planner\/","og_site_name":"Sales AI Agents","article_modified_time":"2024-01-02T13:32:39+00:00","og_image":[{"width":1078,"height":1602,"url":"https:\/\/sales-ai-agents.com\/wp-content\/uploads\/2023\/01\/image-preview124411.png","type":"image\/png"}],"twitter_card":"summary_large_image","schema":{"@context":"https:\/\/schema.org","@graph":[{"@type":"WebPage","@id":"https:\/\/sales-ai-agents.com\/tr\/templates\/menu-planner\/","url":"https:\/\/sales-ai-agents.com\/tr\/templates\/menu-planner\/","name":"Men\u00fc Planlay\u0131c\u0131 \u015eablonu - Sales AI Agents","isPartOf":{"@id":"https:\/\/sales-ai-agents.com\/#website"},"primaryImageOfPage":{"@id":"https:\/\/sales-ai-agents.com\/tr\/templates\/menu-planner\/#primaryimage"},"image":{"@id":"https:\/\/sales-ai-agents.com\/tr\/templates\/menu-planner\/#primaryimage"},"thumbnailUrl":"https:\/\/sales-ai-agents.com\/wp-content\/uploads\/2023\/01\/image-preview124411.png","datePublished":"2022-09-26T11:48:30+00:00","dateModified":"2024-01-02T13:32:39+00:00","description":"Bu \u015fablon haftal\u0131k \u00f6\u011f\u00fcnlerinizi planlamak i\u00e7in m\u00fckemmeldir. \u0130ster \u00f6\u011frenci ister yo\u011fun \u00e7al\u0131\u015fan bir profesyonel olun, bu \u015fablon planlar\u0131n\u0131z\u0131 haz\u0131rlaman\u0131za yard\u0131mc\u0131 olabilir.","inLanguage":"tr","potentialAction":[{"@type":"ReadAction","target":["https:\/\/sales-ai-agents.com\/tr\/templates\/menu-planner\/"]}]},{"@type":"ImageObject","inLanguage":"tr","@id":"https:\/\/sales-ai-agents.com\/tr\/templates\/menu-planner\/#primaryimage","url":"https:\/\/sales-ai-agents.com\/wp-content\/uploads\/2023\/01\/image-preview124411.png","contentUrl":"https:\/\/sales-ai-agents.com\/wp-content\/uploads\/2023\/01\/image-preview124411.png","width":1078,"height":1602},{"@type":"WebSite","@id":"https:\/\/sales-ai-agents.com\/#website","url":"https:\/\/sales-ai-agents.com\/","name":"FuseBase","description":"Sales AI Agents - Free Online Collaboration Software for Remote Teams. Build your wikis, client portals and more with the Nimbus Platform collaboration tool ? A perfect space for online work","publisher":{"@id":"https:\/\/sales-ai-agents.com\/#organization"},"potentialAction":[{"@type":"SearchAction","target":{"@type":"EntryPoint","urlTemplate":"https:\/\/sales-ai-agents.com\/?s={search_term_string}"},"query-input":{"@type":"PropertyValueSpecification","valueRequired":true,"valueName":"search_term_string"}}],"inLanguage":"tr"},{"@type":"Organization","@id":"https:\/\/sales-ai-agents.com\/#organization","name":"FuseBase","url":"https:\/\/sales-ai-agents.com\/","logo":{"@type":"ImageObject","inLanguage":"tr","@id":"https:\/\/sales-ai-agents.com\/#\/schema\/logo\/image\/","url":"https:\/\/sales-ai-agents.com\/wp-content\/uploads\/2023\/11\/icon-7.svg","contentUrl":"https:\/\/sales-ai-agents.com\/wp-content\/uploads\/2023\/11\/icon-7.svg","width":128,"height":128,"caption":"FuseBase"},"image":{"@id":"https:\/\/sales-ai-agents.com\/#\/schema\/logo\/image\/"}}]}},"_links":{"self":[{"href":"https:\/\/sales-ai-agents.com\/tr\/wp-json\/wp\/v2\/product\/58460","targetHints":{"allow":["GET"]}}],"collection":[{"href":"https:\/\/sales-ai-agents.com\/tr\/wp-json\/wp\/v2\/product"}],"about":[{"href":"https:\/\/sales-ai-agents.com\/tr\/wp-json\/wp\/v2\/types\/product"}],"wp:featuredmedia":[{"embeddable":true,"href":"https:\/\/sales-ai-agents.com\/tr\/wp-json\/wp\/v2\/media\/58461"}],"wp:attachment":[{"href":"https:\/\/sales-ai-agents.com\/tr\/wp-json\/wp\/v2\/media?parent=58460"}],"wp:term":[{"taxonomy":"product_brand","embeddable":true,"href":"https:\/\/sales-ai-agents.com\/tr\/wp-json\/wp\/v2\/product_brand?post=58460"},{"taxonomy":"product_cat","embeddable":true,"href":"https:\/\/sales-ai-agents.com\/tr\/wp-json\/wp\/v2\/product_cat?post=58460"},{"taxonomy":"product_tag","embeddable":true,"href":"https:\/\/sales-ai-agents.com\/tr\/wp-json\/wp\/v2\/product_tag?post=58460"}],"curies":[{"name":"wp","href":"https:\/\/api.w.org\/{rel}","templated":true}]}}