{"id":58466,"date":"2022-09-26T11:48:17","date_gmt":"2022-09-26T11:48:17","guid":{"rendered":"https:\/\/sales-ai-agents.com\/templates\/marketing-quarterly-planning\/"},"modified":"2024-01-02T14:01:39","modified_gmt":"2024-01-02T14:01:39","slug":"marketing-quarterly-planning","status":"publish","type":"product","link":"https:\/\/sales-ai-agents.com\/tr\/templates\/marketing-quarterly-planning\/","title":{"rendered":"Pazarlama \u00dc\u00e7 Ayl\u0131k Planlama"},"content":{"rendered":"<p>&nbsp;<\/p>\n<h2>Pazarlama \u00dc\u00e7 Ayl\u0131k Planlama \u015eablonu<\/h2>\n<p class=\"desc-text\">Bu \u015fablonla, \u00fc\u00e7 ayl\u0131k pazarlama giri\u015fimlerinizin t\u00fcm\u00fcn\u00fc takip edebilirsiniz. Her bir \u00f6\u011feyi uygun \u00e7eyrek ve y\u0131l ile etiketleyin. Ba\u015flang\u0131\u00e7 ve biti\u015f tarihlerini, ekip \u00fcyelerini ve \u00f6ncelik seviyelerini ekleyin. Bu yol haritas\u0131n\u0131 \u00e7al\u0131\u015fmalar\u0131n\u0131z i\u00e7in bir plan olarak kullan\u0131n.<\/p>\n<h5>Nas\u0131l kullan\u0131l\u0131r?<\/h5>\n<ul class=\"desc-item_list\">\n<li class=\"desc-item_list__point\">Her sat\u0131ra giri\u015fimleri ekleyin<\/li>\n<li class=\"desc-item_list__point\">\u00c7eyre\u011fi ve kategoriyi etiketleyin<\/li>\n<li class=\"desc-item_list__point\">\u00d6ncelik seviyesini dahil edin<\/li>\n<li class=\"desc-item_list__point\">Ekip \u00fcyelerine atama<\/li>\n<\/ul>\n","protected":false},"excerpt":{"rendered":"<p>Nimbus \u015fablonu ile t\u00fcm \u00fc\u00e7 ayl\u0131k pazarlama giri\u015fimlerinizi takip edin. Bu \u00fccretsiz \u00f6zelle\u015ftirilebilir yol haritas\u0131n\u0131 ba\u015far\u0131l\u0131 \u00e7al\u0131\u015fmalar\u0131n\u0131z i\u00e7in bir plan olarak kullan\u0131n!<\/p>\n","protected":false},"featured_media":58467,"template":"","meta":{"_acf_changed":false,"inline_featured_image":false},"product_brand":[],"product_cat":[250,262],"product_tag":[],"class_list":{"0":"post-58466","1":"product","2":"type-product","3":"status-publish","4":"has-post-thumbnail","6":"product_cat-marketing","7":"product_cat-marketing-strategy","9":"first","10":"instock","11":"virtual","12":"sold-individually","13":"product-type-simple"},"acf":[],"yoast_head":"<!-- This site is optimized with the Yoast SEO plugin v25.3.1 - https:\/\/yoast.com\/wordpress\/plugins\/seo\/ -->\n<title>Pazarlama \u00dc\u00e7 Ayl\u0131k Planlama \u015eablonu - Sales AI Agents<\/title>\n<meta name=\"description\" content=\"Nimbus \u015fablonu ile t\u00fcm \u00fc\u00e7 ayl\u0131k pazarlama giri\u015fimlerinizi takip edin. Bu \u00fccretsiz \u00f6zelle\u015ftirilebilir yol haritas\u0131n\u0131 ba\u015far\u0131l\u0131 \u00e7al\u0131\u015fmalar\u0131n\u0131z i\u00e7in bir plan olarak kullan\u0131n!\" \/>\n<meta name=\"robots\" content=\"index, follow, max-snippet:-1, max-image-preview:large, max-video-preview:-1\" \/>\n<link rel=\"canonical\" href=\"https:\/\/sales-ai-agents.com\/tr\/templates\/marketing-quarterly-planning\/\" \/>\n<meta property=\"og:locale\" content=\"tr_TR\" \/>\n<meta property=\"og:type\" content=\"article\" \/>\n<meta property=\"og:title\" content=\"Pazarlama \u00dc\u00e7 Ayl\u0131k Planlama \u015eablonu - Sales AI Agents\" \/>\n<meta property=\"og:description\" content=\"Nimbus \u015fablonu ile t\u00fcm \u00fc\u00e7 ayl\u0131k pazarlama giri\u015fimlerinizi takip edin. Bu \u00fccretsiz \u00f6zelle\u015ftirilebilir yol haritas\u0131n\u0131 ba\u015far\u0131l\u0131 \u00e7al\u0131\u015fmalar\u0131n\u0131z i\u00e7in bir plan olarak kullan\u0131n!\" \/>\n<meta property=\"og:url\" content=\"https:\/\/sales-ai-agents.com\/tr\/templates\/marketing-quarterly-planning\/\" \/>\n<meta property=\"og:site_name\" content=\"Sales AI Agents\" \/>\n<meta property=\"article:modified_time\" content=\"2024-01-02T14:01:39+00:00\" \/>\n<meta property=\"og:image\" content=\"https:\/\/sales-ai-agents.com\/wp-content\/uploads\/2022\/09\/Marketing-Quarterly-Planning-Template.png\" \/>\n\t<meta property=\"og:image:width\" content=\"1700\" \/>\n\t<meta property=\"og:image:height\" content=\"1100\" \/>\n\t<meta property=\"og:image:type\" content=\"image\/png\" \/>\n<meta name=\"twitter:card\" content=\"summary_large_image\" \/>\n<script type=\"application\/ld+json\" class=\"yoast-schema-graph\">{\"@context\":\"https:\/\/schema.org\",\"@graph\":[{\"@type\":\"WebPage\",\"@id\":\"https:\/\/sales-ai-agents.com\/tr\/templates\/marketing-quarterly-planning\/\",\"url\":\"https:\/\/sales-ai-agents.com\/tr\/templates\/marketing-quarterly-planning\/\",\"name\":\"Pazarlama \u00dc\u00e7 Ayl\u0131k Planlama \u015eablonu - Sales AI Agents\",\"isPartOf\":{\"@id\":\"https:\/\/sales-ai-agents.com\/#website\"},\"primaryImageOfPage\":{\"@id\":\"https:\/\/sales-ai-agents.com\/tr\/templates\/marketing-quarterly-planning\/#primaryimage\"},\"image\":{\"@id\":\"https:\/\/sales-ai-agents.com\/tr\/templates\/marketing-quarterly-planning\/#primaryimage\"},\"thumbnailUrl\":\"https:\/\/sales-ai-agents.com\/wp-content\/uploads\/2022\/09\/Marketing-Quarterly-Planning-Template.png\",\"datePublished\":\"2022-09-26T11:48:17+00:00\",\"dateModified\":\"2024-01-02T14:01:39+00:00\",\"description\":\"Nimbus \u015fablonu ile t\u00fcm \u00fc\u00e7 ayl\u0131k pazarlama giri\u015fimlerinizi takip edin. Bu \u00fccretsiz \u00f6zelle\u015ftirilebilir yol haritas\u0131n\u0131 ba\u015far\u0131l\u0131 \u00e7al\u0131\u015fmalar\u0131n\u0131z i\u00e7in bir plan olarak kullan\u0131n!\",\"inLanguage\":\"tr\",\"potentialAction\":[{\"@type\":\"ReadAction\",\"target\":[\"https:\/\/sales-ai-agents.com\/tr\/templates\/marketing-quarterly-planning\/\"]}]},{\"@type\":\"ImageObject\",\"inLanguage\":\"tr\",\"@id\":\"https:\/\/sales-ai-agents.com\/tr\/templates\/marketing-quarterly-planning\/#primaryimage\",\"url\":\"https:\/\/sales-ai-agents.com\/wp-content\/uploads\/2022\/09\/Marketing-Quarterly-Planning-Template.png\",\"contentUrl\":\"https:\/\/sales-ai-agents.com\/wp-content\/uploads\/2022\/09\/Marketing-Quarterly-Planning-Template.png\",\"width\":1700,\"height\":1100},{\"@type\":\"WebSite\",\"@id\":\"https:\/\/sales-ai-agents.com\/#website\",\"url\":\"https:\/\/sales-ai-agents.com\/\",\"name\":\"FuseBase\",\"description\":\"Sales AI Agents - Free Online Collaboration Software for Remote Teams. Build your wikis, client portals and more with the Nimbus Platform collaboration tool ? A perfect space for online work\",\"publisher\":{\"@id\":\"https:\/\/sales-ai-agents.com\/#organization\"},\"potentialAction\":[{\"@type\":\"SearchAction\",\"target\":{\"@type\":\"EntryPoint\",\"urlTemplate\":\"https:\/\/sales-ai-agents.com\/?s={search_term_string}\"},\"query-input\":{\"@type\":\"PropertyValueSpecification\",\"valueRequired\":true,\"valueName\":\"search_term_string\"}}],\"inLanguage\":\"tr\"},{\"@type\":\"Organization\",\"@id\":\"https:\/\/sales-ai-agents.com\/#organization\",\"name\":\"FuseBase\",\"url\":\"https:\/\/sales-ai-agents.com\/\",\"logo\":{\"@type\":\"ImageObject\",\"inLanguage\":\"tr\",\"@id\":\"https:\/\/sales-ai-agents.com\/#\/schema\/logo\/image\/\",\"url\":\"https:\/\/sales-ai-agents.com\/wp-content\/uploads\/2023\/11\/icon-7.svg\",\"contentUrl\":\"https:\/\/sales-ai-agents.com\/wp-content\/uploads\/2023\/11\/icon-7.svg\",\"width\":128,\"height\":128,\"caption\":\"FuseBase\"},\"image\":{\"@id\":\"https:\/\/sales-ai-agents.com\/#\/schema\/logo\/image\/\"}}]}<\/script>\n<!-- \/ Yoast SEO plugin. -->","yoast_head_json":{"title":"Pazarlama \u00dc\u00e7 Ayl\u0131k Planlama \u015eablonu - Sales AI Agents","description":"Nimbus \u015fablonu ile t\u00fcm \u00fc\u00e7 ayl\u0131k pazarlama giri\u015fimlerinizi takip edin. Bu \u00fccretsiz \u00f6zelle\u015ftirilebilir yol haritas\u0131n\u0131 ba\u015far\u0131l\u0131 \u00e7al\u0131\u015fmalar\u0131n\u0131z i\u00e7in bir plan olarak kullan\u0131n!","robots":{"index":"index","follow":"follow","max-snippet":"max-snippet:-1","max-image-preview":"max-image-preview:large","max-video-preview":"max-video-preview:-1"},"canonical":"https:\/\/sales-ai-agents.com\/tr\/templates\/marketing-quarterly-planning\/","og_locale":"tr_TR","og_type":"article","og_title":"Pazarlama \u00dc\u00e7 Ayl\u0131k Planlama \u015eablonu - Sales AI Agents","og_description":"Nimbus \u015fablonu ile t\u00fcm \u00fc\u00e7 ayl\u0131k pazarlama giri\u015fimlerinizi takip edin. Bu \u00fccretsiz \u00f6zelle\u015ftirilebilir yol haritas\u0131n\u0131 ba\u015far\u0131l\u0131 \u00e7al\u0131\u015fmalar\u0131n\u0131z i\u00e7in bir plan olarak kullan\u0131n!","og_url":"https:\/\/sales-ai-agents.com\/tr\/templates\/marketing-quarterly-planning\/","og_site_name":"Sales AI Agents","article_modified_time":"2024-01-02T14:01:39+00:00","og_image":[{"width":1700,"height":1100,"url":"https:\/\/sales-ai-agents.com\/wp-content\/uploads\/2022\/09\/Marketing-Quarterly-Planning-Template.png","type":"image\/png"}],"twitter_card":"summary_large_image","schema":{"@context":"https:\/\/schema.org","@graph":[{"@type":"WebPage","@id":"https:\/\/sales-ai-agents.com\/tr\/templates\/marketing-quarterly-planning\/","url":"https:\/\/sales-ai-agents.com\/tr\/templates\/marketing-quarterly-planning\/","name":"Pazarlama \u00dc\u00e7 Ayl\u0131k Planlama \u015eablonu - Sales AI Agents","isPartOf":{"@id":"https:\/\/sales-ai-agents.com\/#website"},"primaryImageOfPage":{"@id":"https:\/\/sales-ai-agents.com\/tr\/templates\/marketing-quarterly-planning\/#primaryimage"},"image":{"@id":"https:\/\/sales-ai-agents.com\/tr\/templates\/marketing-quarterly-planning\/#primaryimage"},"thumbnailUrl":"https:\/\/sales-ai-agents.com\/wp-content\/uploads\/2022\/09\/Marketing-Quarterly-Planning-Template.png","datePublished":"2022-09-26T11:48:17+00:00","dateModified":"2024-01-02T14:01:39+00:00","description":"Nimbus \u015fablonu ile t\u00fcm \u00fc\u00e7 ayl\u0131k pazarlama giri\u015fimlerinizi takip edin. Bu \u00fccretsiz \u00f6zelle\u015ftirilebilir yol haritas\u0131n\u0131 ba\u015far\u0131l\u0131 \u00e7al\u0131\u015fmalar\u0131n\u0131z i\u00e7in bir plan olarak kullan\u0131n!","inLanguage":"tr","potentialAction":[{"@type":"ReadAction","target":["https:\/\/sales-ai-agents.com\/tr\/templates\/marketing-quarterly-planning\/"]}]},{"@type":"ImageObject","inLanguage":"tr","@id":"https:\/\/sales-ai-agents.com\/tr\/templates\/marketing-quarterly-planning\/#primaryimage","url":"https:\/\/sales-ai-agents.com\/wp-content\/uploads\/2022\/09\/Marketing-Quarterly-Planning-Template.png","contentUrl":"https:\/\/sales-ai-agents.com\/wp-content\/uploads\/2022\/09\/Marketing-Quarterly-Planning-Template.png","width":1700,"height":1100},{"@type":"WebSite","@id":"https:\/\/sales-ai-agents.com\/#website","url":"https:\/\/sales-ai-agents.com\/","name":"FuseBase","description":"Sales AI Agents - Free Online Collaboration Software for Remote Teams. Build your wikis, client portals and more with the Nimbus Platform collaboration tool ? A perfect space for online work","publisher":{"@id":"https:\/\/sales-ai-agents.com\/#organization"},"potentialAction":[{"@type":"SearchAction","target":{"@type":"EntryPoint","urlTemplate":"https:\/\/sales-ai-agents.com\/?s={search_term_string}"},"query-input":{"@type":"PropertyValueSpecification","valueRequired":true,"valueName":"search_term_string"}}],"inLanguage":"tr"},{"@type":"Organization","@id":"https:\/\/sales-ai-agents.com\/#organization","name":"FuseBase","url":"https:\/\/sales-ai-agents.com\/","logo":{"@type":"ImageObject","inLanguage":"tr","@id":"https:\/\/sales-ai-agents.com\/#\/schema\/logo\/image\/","url":"https:\/\/sales-ai-agents.com\/wp-content\/uploads\/2023\/11\/icon-7.svg","contentUrl":"https:\/\/sales-ai-agents.com\/wp-content\/uploads\/2023\/11\/icon-7.svg","width":128,"height":128,"caption":"FuseBase"},"image":{"@id":"https:\/\/sales-ai-agents.com\/#\/schema\/logo\/image\/"}}]}},"_links":{"self":[{"href":"https:\/\/sales-ai-agents.com\/tr\/wp-json\/wp\/v2\/product\/58466","targetHints":{"allow":["GET"]}}],"collection":[{"href":"https:\/\/sales-ai-agents.com\/tr\/wp-json\/wp\/v2\/product"}],"about":[{"href":"https:\/\/sales-ai-agents.com\/tr\/wp-json\/wp\/v2\/types\/product"}],"wp:featuredmedia":[{"embeddable":true,"href":"https:\/\/sales-ai-agents.com\/tr\/wp-json\/wp\/v2\/media\/58467"}],"wp:attachment":[{"href":"https:\/\/sales-ai-agents.com\/tr\/wp-json\/wp\/v2\/media?parent=58466"}],"wp:term":[{"taxonomy":"product_brand","embeddable":true,"href":"https:\/\/sales-ai-agents.com\/tr\/wp-json\/wp\/v2\/product_brand?post=58466"},{"taxonomy":"product_cat","embeddable":true,"href":"https:\/\/sales-ai-agents.com\/tr\/wp-json\/wp\/v2\/product_cat?post=58466"},{"taxonomy":"product_tag","embeddable":true,"href":"https:\/\/sales-ai-agents.com\/tr\/wp-json\/wp\/v2\/product_tag?post=58466"}],"curies":[{"name":"wp","href":"https:\/\/api.w.org\/{rel}","templated":true}]}}