{"id":58470,"date":"2022-09-26T11:48:14","date_gmt":"2022-09-26T11:48:14","guid":{"rendered":"https:\/\/sales-ai-agents.com\/templates\/project-tasks-and-schedules\/"},"modified":"2024-01-02T13:50:07","modified_gmt":"2024-01-02T13:50:07","slug":"project-tasks-and-schedules","status":"publish","type":"product","link":"https:\/\/sales-ai-agents.com\/tr\/templates\/project-tasks-and-schedules\/","title":{"rendered":"Proje G\u00f6revleri ve Programlar\u0131"},"content":{"rendered":"<p>&nbsp;<\/p>\n<h2>G\u00f6revler ve Programlar \u015eablonu<\/h2>\n<p class=\"desc-text\">Projeler genellikle farkl\u0131 son teslim tarihlerine sahip birden fazla ad\u0131m i\u00e7erir. Her a\u015faman\u0131n durumunu i\u015faretlemek ve g\u00f6revleri tamamland\u0131k\u00e7a g\u00fcncellemek faydal\u0131 olabilir. Program\u0131n\u0131z\u0131 y\u00f6netmek ve son teslim tarihlerine uymak i\u00e7in, son tarihleri i\u015faretlemek ve yararl\u0131 ekler eklemek i\u00e7in bir tablo i\u00e7eren bu \u015fablonu deneyin.<\/p>\n<h5>Nas\u0131l kullan\u0131l\u0131r?<\/h5>\n<ul class=\"desc-item_list\">\n<li class=\"desc-item_list__point\">\u00d6nemli hedefleri ve g\u00f6revleri listeleyin<\/li>\n<li class=\"desc-item_list__point\">\u0130\u015f tamamland\u0131k\u00e7a durumu g\u00fcncelleyin<\/li>\n<li class=\"desc-item_list__point\">Sorumluluklar\u0131 atay\u0131n<\/li>\n<li class=\"desc-item_list__point\">Ek kaynaklar ve dosyalar ekleyin<\/li>\n<\/ul>\n","protected":false},"excerpt":{"rendered":"<p>Program\u0131n\u0131z\u0131 y\u00f6netmek ve son teslim tarihlerini takip etmek i\u00e7in, son tarihleri i\u015faretlemek ve yararl\u0131 ekler eklemek i\u00e7in bir tablo i\u00e7eren bu \u015fablonu deneyin.<\/p>\n","protected":false},"featured_media":58471,"template":"","meta":{"_acf_changed":false,"inline_featured_image":false},"product_brand":[],"product_cat":[218,231],"product_tag":[],"class_list":{"0":"post-58470","1":"product","2":"type-product","3":"status-publish","4":"has-post-thumbnail","6":"product_cat-operations","7":"product_cat-project-management","9":"first","10":"instock","11":"virtual","12":"sold-individually","13":"product-type-simple"},"acf":[],"yoast_head":"<!-- This site is optimized with the Yoast SEO plugin v25.3.1 - https:\/\/yoast.com\/wordpress\/plugins\/seo\/ -->\n<title>Proje G\u00f6revleri ve \u00c7izelgeleri \u015eablonu - Sales AI Agents<\/title>\n<meta name=\"description\" content=\"Program\u0131n\u0131z\u0131 y\u00f6netmek ve son teslim tarihlerini takip etmek i\u00e7in, son tarihleri i\u015faretlemek ve yararl\u0131 ekler eklemek i\u00e7in bir tablo i\u00e7eren bu \u015fablonu deneyin.\" \/>\n<meta name=\"robots\" content=\"index, follow, max-snippet:-1, max-image-preview:large, max-video-preview:-1\" \/>\n<link rel=\"canonical\" href=\"https:\/\/sales-ai-agents.com\/tr\/templates\/project-tasks-and-schedules\/\" \/>\n<meta property=\"og:locale\" content=\"tr_TR\" \/>\n<meta property=\"og:type\" content=\"article\" \/>\n<meta property=\"og:title\" content=\"Proje G\u00f6revleri ve \u00c7izelgeleri \u015eablonu - Sales AI Agents\" \/>\n<meta property=\"og:description\" content=\"Program\u0131n\u0131z\u0131 y\u00f6netmek ve son teslim tarihlerini takip etmek i\u00e7in, son tarihleri i\u015faretlemek ve yararl\u0131 ekler eklemek i\u00e7in bir tablo i\u00e7eren bu \u015fablonu deneyin.\" \/>\n<meta property=\"og:url\" content=\"https:\/\/sales-ai-agents.com\/tr\/templates\/project-tasks-and-schedules\/\" \/>\n<meta property=\"og:site_name\" content=\"Sales AI Agents\" \/>\n<meta property=\"article:modified_time\" content=\"2024-01-02T13:50:07+00:00\" \/>\n<meta property=\"og:image\" content=\"https:\/\/sales-ai-agents.com\/wp-content\/uploads\/2023\/01\/image-preview124359.png\" \/>\n\t<meta property=\"og:image:width\" content=\"1078\" \/>\n\t<meta property=\"og:image:height\" content=\"760\" \/>\n\t<meta property=\"og:image:type\" content=\"image\/png\" \/>\n<meta name=\"twitter:card\" content=\"summary_large_image\" \/>\n<script type=\"application\/ld+json\" class=\"yoast-schema-graph\">{\"@context\":\"https:\/\/schema.org\",\"@graph\":[{\"@type\":\"WebPage\",\"@id\":\"https:\/\/sales-ai-agents.com\/tr\/templates\/project-tasks-and-schedules\/\",\"url\":\"https:\/\/sales-ai-agents.com\/tr\/templates\/project-tasks-and-schedules\/\",\"name\":\"Proje G\u00f6revleri ve \u00c7izelgeleri \u015eablonu - Sales AI Agents\",\"isPartOf\":{\"@id\":\"https:\/\/sales-ai-agents.com\/#website\"},\"primaryImageOfPage\":{\"@id\":\"https:\/\/sales-ai-agents.com\/tr\/templates\/project-tasks-and-schedules\/#primaryimage\"},\"image\":{\"@id\":\"https:\/\/sales-ai-agents.com\/tr\/templates\/project-tasks-and-schedules\/#primaryimage\"},\"thumbnailUrl\":\"https:\/\/sales-ai-agents.com\/wp-content\/uploads\/2023\/01\/image-preview124359.png\",\"datePublished\":\"2022-09-26T11:48:14+00:00\",\"dateModified\":\"2024-01-02T13:50:07+00:00\",\"description\":\"Program\u0131n\u0131z\u0131 y\u00f6netmek ve son teslim tarihlerini takip etmek i\u00e7in, son tarihleri i\u015faretlemek ve yararl\u0131 ekler eklemek i\u00e7in bir tablo i\u00e7eren bu \u015fablonu deneyin.\",\"inLanguage\":\"tr\",\"potentialAction\":[{\"@type\":\"ReadAction\",\"target\":[\"https:\/\/sales-ai-agents.com\/tr\/templates\/project-tasks-and-schedules\/\"]}]},{\"@type\":\"ImageObject\",\"inLanguage\":\"tr\",\"@id\":\"https:\/\/sales-ai-agents.com\/tr\/templates\/project-tasks-and-schedules\/#primaryimage\",\"url\":\"https:\/\/sales-ai-agents.com\/wp-content\/uploads\/2023\/01\/image-preview124359.png\",\"contentUrl\":\"https:\/\/sales-ai-agents.com\/wp-content\/uploads\/2023\/01\/image-preview124359.png\",\"width\":1078,\"height\":760},{\"@type\":\"WebSite\",\"@id\":\"https:\/\/sales-ai-agents.com\/#website\",\"url\":\"https:\/\/sales-ai-agents.com\/\",\"name\":\"FuseBase\",\"description\":\"Sales AI Agents - Free Online Collaboration Software for Remote Teams. Build your wikis, client portals and more with the Nimbus Platform collaboration tool ? A perfect space for online work\",\"publisher\":{\"@id\":\"https:\/\/sales-ai-agents.com\/#organization\"},\"potentialAction\":[{\"@type\":\"SearchAction\",\"target\":{\"@type\":\"EntryPoint\",\"urlTemplate\":\"https:\/\/sales-ai-agents.com\/?s={search_term_string}\"},\"query-input\":{\"@type\":\"PropertyValueSpecification\",\"valueRequired\":true,\"valueName\":\"search_term_string\"}}],\"inLanguage\":\"tr\"},{\"@type\":\"Organization\",\"@id\":\"https:\/\/sales-ai-agents.com\/#organization\",\"name\":\"FuseBase\",\"url\":\"https:\/\/sales-ai-agents.com\/\",\"logo\":{\"@type\":\"ImageObject\",\"inLanguage\":\"tr\",\"@id\":\"https:\/\/sales-ai-agents.com\/#\/schema\/logo\/image\/\",\"url\":\"https:\/\/sales-ai-agents.com\/wp-content\/uploads\/2023\/11\/icon-7.svg\",\"contentUrl\":\"https:\/\/sales-ai-agents.com\/wp-content\/uploads\/2023\/11\/icon-7.svg\",\"width\":128,\"height\":128,\"caption\":\"FuseBase\"},\"image\":{\"@id\":\"https:\/\/sales-ai-agents.com\/#\/schema\/logo\/image\/\"}}]}<\/script>\n<!-- \/ Yoast SEO plugin. -->","yoast_head_json":{"title":"Proje G\u00f6revleri ve \u00c7izelgeleri \u015eablonu - Sales AI Agents","description":"Program\u0131n\u0131z\u0131 y\u00f6netmek ve son teslim tarihlerini takip etmek i\u00e7in, son tarihleri i\u015faretlemek ve yararl\u0131 ekler eklemek i\u00e7in bir tablo i\u00e7eren bu \u015fablonu deneyin.","robots":{"index":"index","follow":"follow","max-snippet":"max-snippet:-1","max-image-preview":"max-image-preview:large","max-video-preview":"max-video-preview:-1"},"canonical":"https:\/\/sales-ai-agents.com\/tr\/templates\/project-tasks-and-schedules\/","og_locale":"tr_TR","og_type":"article","og_title":"Proje G\u00f6revleri ve \u00c7izelgeleri \u015eablonu - Sales AI Agents","og_description":"Program\u0131n\u0131z\u0131 y\u00f6netmek ve son teslim tarihlerini takip etmek i\u00e7in, son tarihleri i\u015faretlemek ve yararl\u0131 ekler eklemek i\u00e7in bir tablo i\u00e7eren bu \u015fablonu deneyin.","og_url":"https:\/\/sales-ai-agents.com\/tr\/templates\/project-tasks-and-schedules\/","og_site_name":"Sales AI Agents","article_modified_time":"2024-01-02T13:50:07+00:00","og_image":[{"width":1078,"height":760,"url":"https:\/\/sales-ai-agents.com\/wp-content\/uploads\/2023\/01\/image-preview124359.png","type":"image\/png"}],"twitter_card":"summary_large_image","schema":{"@context":"https:\/\/schema.org","@graph":[{"@type":"WebPage","@id":"https:\/\/sales-ai-agents.com\/tr\/templates\/project-tasks-and-schedules\/","url":"https:\/\/sales-ai-agents.com\/tr\/templates\/project-tasks-and-schedules\/","name":"Proje G\u00f6revleri ve \u00c7izelgeleri \u015eablonu - Sales AI Agents","isPartOf":{"@id":"https:\/\/sales-ai-agents.com\/#website"},"primaryImageOfPage":{"@id":"https:\/\/sales-ai-agents.com\/tr\/templates\/project-tasks-and-schedules\/#primaryimage"},"image":{"@id":"https:\/\/sales-ai-agents.com\/tr\/templates\/project-tasks-and-schedules\/#primaryimage"},"thumbnailUrl":"https:\/\/sales-ai-agents.com\/wp-content\/uploads\/2023\/01\/image-preview124359.png","datePublished":"2022-09-26T11:48:14+00:00","dateModified":"2024-01-02T13:50:07+00:00","description":"Program\u0131n\u0131z\u0131 y\u00f6netmek ve son teslim tarihlerini takip etmek i\u00e7in, son tarihleri i\u015faretlemek ve yararl\u0131 ekler eklemek i\u00e7in bir tablo i\u00e7eren bu \u015fablonu deneyin.","inLanguage":"tr","potentialAction":[{"@type":"ReadAction","target":["https:\/\/sales-ai-agents.com\/tr\/templates\/project-tasks-and-schedules\/"]}]},{"@type":"ImageObject","inLanguage":"tr","@id":"https:\/\/sales-ai-agents.com\/tr\/templates\/project-tasks-and-schedules\/#primaryimage","url":"https:\/\/sales-ai-agents.com\/wp-content\/uploads\/2023\/01\/image-preview124359.png","contentUrl":"https:\/\/sales-ai-agents.com\/wp-content\/uploads\/2023\/01\/image-preview124359.png","width":1078,"height":760},{"@type":"WebSite","@id":"https:\/\/sales-ai-agents.com\/#website","url":"https:\/\/sales-ai-agents.com\/","name":"FuseBase","description":"Sales AI Agents - Free Online Collaboration Software for Remote Teams. Build your wikis, client portals and more with the Nimbus Platform collaboration tool ? A perfect space for online work","publisher":{"@id":"https:\/\/sales-ai-agents.com\/#organization"},"potentialAction":[{"@type":"SearchAction","target":{"@type":"EntryPoint","urlTemplate":"https:\/\/sales-ai-agents.com\/?s={search_term_string}"},"query-input":{"@type":"PropertyValueSpecification","valueRequired":true,"valueName":"search_term_string"}}],"inLanguage":"tr"},{"@type":"Organization","@id":"https:\/\/sales-ai-agents.com\/#organization","name":"FuseBase","url":"https:\/\/sales-ai-agents.com\/","logo":{"@type":"ImageObject","inLanguage":"tr","@id":"https:\/\/sales-ai-agents.com\/#\/schema\/logo\/image\/","url":"https:\/\/sales-ai-agents.com\/wp-content\/uploads\/2023\/11\/icon-7.svg","contentUrl":"https:\/\/sales-ai-agents.com\/wp-content\/uploads\/2023\/11\/icon-7.svg","width":128,"height":128,"caption":"FuseBase"},"image":{"@id":"https:\/\/sales-ai-agents.com\/#\/schema\/logo\/image\/"}}]}},"_links":{"self":[{"href":"https:\/\/sales-ai-agents.com\/tr\/wp-json\/wp\/v2\/product\/58470","targetHints":{"allow":["GET"]}}],"collection":[{"href":"https:\/\/sales-ai-agents.com\/tr\/wp-json\/wp\/v2\/product"}],"about":[{"href":"https:\/\/sales-ai-agents.com\/tr\/wp-json\/wp\/v2\/types\/product"}],"wp:featuredmedia":[{"embeddable":true,"href":"https:\/\/sales-ai-agents.com\/tr\/wp-json\/wp\/v2\/media\/58471"}],"wp:attachment":[{"href":"https:\/\/sales-ai-agents.com\/tr\/wp-json\/wp\/v2\/media?parent=58470"}],"wp:term":[{"taxonomy":"product_brand","embeddable":true,"href":"https:\/\/sales-ai-agents.com\/tr\/wp-json\/wp\/v2\/product_brand?post=58470"},{"taxonomy":"product_cat","embeddable":true,"href":"https:\/\/sales-ai-agents.com\/tr\/wp-json\/wp\/v2\/product_cat?post=58470"},{"taxonomy":"product_tag","embeddable":true,"href":"https:\/\/sales-ai-agents.com\/tr\/wp-json\/wp\/v2\/product_tag?post=58470"}],"curies":[{"name":"wp","href":"https:\/\/api.w.org\/{rel}","templated":true}]}}