{"id":58473,"date":"2022-09-23T14:17:06","date_gmt":"2022-09-23T14:17:06","guid":{"rendered":"https:\/\/sales-ai-agents.com\/templates\/daily-attention-and-stamina-tracker\/"},"modified":"2023-12-27T12:34:15","modified_gmt":"2023-12-27T12:34:15","slug":"daily-attention-and-stamina-tracker","status":"publish","type":"product","link":"https:\/\/sales-ai-agents.com\/tr\/templates\/daily-attention-and-stamina-tracker\/","title":{"rendered":"G\u00fcnl\u00fck Dikkat ve Dayan\u0131kl\u0131l\u0131k Takibi"},"content":{"rendered":"<p>&nbsp;<\/p>\n<h2>G\u00fcnl\u00fck Dikkat ve Dayan\u0131kl\u0131l\u0131k Takip \u015eablonu<\/h2>\n<p class=\"desc-text\">G\u00fcn boyunca dikkatiniz ve enerjiniz artabilir veya azalabilir. Nas\u0131l hissetti\u011finizi not etmek i\u00e7in bu g\u00fcnl\u00fck dikkat ve dayan\u0131kl\u0131l\u0131k izleyicisini kullan\u0131n. Bu izleyici ile en \u00e7ok ne zaman odakland\u0131\u011f\u0131n\u0131z\u0131 ve enerjik oldu\u011funuzu g\u00f6rebilirsiniz. \u015eevkinizin ne zaman d\u00fc\u015ft\u00fc\u011f\u00fcn\u00fc de g\u00f6rebilirsiniz. Enerji seviyenizi takip ederek, d\u00fc\u015ft\u00fc\u011f\u00fcnde y\u00fckseltmeye odaklanabilirsiniz.<\/p>\n<h5>Nas\u0131l kullan\u0131l\u0131r:<\/h5>\n<ul class=\"desc-item_list\">\n<li class=\"desc-item_list__point\">Enerjinizi her saat ba\u015f\u0131 takip edin<\/li>\n<li class=\"desc-item_list__point\">Dayan\u0131kl\u0131l\u0131\u011f\u0131n\u0131z\u0131, dikkatinizi ve co\u015fkunuzu 1&#8217;den 5&#8217;e kadar de\u011ferlendirin<\/li>\n<li class=\"desc-item_list__point\">Nas\u0131l hissetti\u011finize dair notlar al\u0131n<\/li>\n<li class=\"desc-item_list__point\">D\u00fc\u015f\u00fck dikkat d\u00f6nemlerinize neyin sebep oldu\u011funu bulmaya \u00e7al\u0131\u015f\u0131n<\/li>\n<\/ul>\n","protected":false},"excerpt":{"rendered":"<p>G\u00fcn boyunca dikkatiniz ve enerjiniz artabilir veya azalabilir. Nas\u0131l hissetti\u011finizi de\u011ferlendirmek ve not etmek i\u00e7in bu \u00fccretsiz g\u00fcnl\u00fck dikkat ve dayan\u0131kl\u0131l\u0131k izleyicisini kullan\u0131n.<\/p>\n","protected":false},"featured_media":58474,"template":"","meta":{"_acf_changed":false,"inline_featured_image":false},"product_brand":[],"product_cat":[257],"product_tag":[],"class_list":{"0":"post-58473","1":"product","2":"type-product","3":"status-publish","4":"has-post-thumbnail","6":"product_cat-personal","8":"first","9":"instock","10":"virtual","11":"sold-individually","12":"product-type-simple"},"acf":[],"yoast_head":"<!-- This site is optimized with the Yoast SEO plugin v25.3.1 - https:\/\/yoast.com\/wordpress\/plugins\/seo\/ -->\n<title>G\u00fcnl\u00fck Dikkat ve Dayan\u0131kl\u0131l\u0131k Takibi \u015eablonu - Sales AI Agents<\/title>\n<meta name=\"description\" content=\"G\u00fcn boyunca dikkatiniz ve enerjiniz artabilir veya azalabilir. Nas\u0131l hissetti\u011finizi de\u011ferlendirmek ve not etmek i\u00e7in bu \u00fccretsiz g\u00fcnl\u00fck dikkat ve dayan\u0131kl\u0131l\u0131k izleyicisini kullan\u0131n.\" \/>\n<meta name=\"robots\" content=\"index, follow, max-snippet:-1, max-image-preview:large, max-video-preview:-1\" \/>\n<link rel=\"canonical\" href=\"https:\/\/sales-ai-agents.com\/tr\/templates\/daily-attention-and-stamina-tracker\/\" \/>\n<meta property=\"og:locale\" content=\"tr_TR\" \/>\n<meta property=\"og:type\" content=\"article\" \/>\n<meta property=\"og:title\" content=\"G\u00fcnl\u00fck Dikkat ve Dayan\u0131kl\u0131l\u0131k Takibi \u015eablonu - Sales AI Agents\" \/>\n<meta property=\"og:description\" content=\"G\u00fcn boyunca dikkatiniz ve enerjiniz artabilir veya azalabilir. Nas\u0131l hissetti\u011finizi de\u011ferlendirmek ve not etmek i\u00e7in bu \u00fccretsiz g\u00fcnl\u00fck dikkat ve dayan\u0131kl\u0131l\u0131k izleyicisini kullan\u0131n.\" \/>\n<meta property=\"og:url\" content=\"https:\/\/sales-ai-agents.com\/tr\/templates\/daily-attention-and-stamina-tracker\/\" \/>\n<meta property=\"og:site_name\" content=\"Sales AI Agents\" \/>\n<meta property=\"article:modified_time\" content=\"2023-12-27T12:34:15+00:00\" \/>\n<meta property=\"og:image\" content=\"https:\/\/sales-ai-agents.com\/wp-content\/uploads\/2023\/01\/image-preview120345.png\" \/>\n\t<meta property=\"og:image:width\" content=\"1078\" \/>\n\t<meta property=\"og:image:height\" content=\"2010\" \/>\n\t<meta property=\"og:image:type\" content=\"image\/png\" \/>\n<meta name=\"twitter:card\" content=\"summary_large_image\" \/>\n<script type=\"application\/ld+json\" class=\"yoast-schema-graph\">{\"@context\":\"https:\/\/schema.org\",\"@graph\":[{\"@type\":\"WebPage\",\"@id\":\"https:\/\/sales-ai-agents.com\/tr\/templates\/daily-attention-and-stamina-tracker\/\",\"url\":\"https:\/\/sales-ai-agents.com\/tr\/templates\/daily-attention-and-stamina-tracker\/\",\"name\":\"G\u00fcnl\u00fck Dikkat ve Dayan\u0131kl\u0131l\u0131k Takibi \u015eablonu - Sales AI Agents\",\"isPartOf\":{\"@id\":\"https:\/\/sales-ai-agents.com\/#website\"},\"primaryImageOfPage\":{\"@id\":\"https:\/\/sales-ai-agents.com\/tr\/templates\/daily-attention-and-stamina-tracker\/#primaryimage\"},\"image\":{\"@id\":\"https:\/\/sales-ai-agents.com\/tr\/templates\/daily-attention-and-stamina-tracker\/#primaryimage\"},\"thumbnailUrl\":\"https:\/\/sales-ai-agents.com\/wp-content\/uploads\/2023\/01\/image-preview120345.png\",\"datePublished\":\"2022-09-23T14:17:06+00:00\",\"dateModified\":\"2023-12-27T12:34:15+00:00\",\"description\":\"G\u00fcn boyunca dikkatiniz ve enerjiniz artabilir veya azalabilir. Nas\u0131l hissetti\u011finizi de\u011ferlendirmek ve not etmek i\u00e7in bu \u00fccretsiz g\u00fcnl\u00fck dikkat ve dayan\u0131kl\u0131l\u0131k izleyicisini kullan\u0131n.\",\"inLanguage\":\"tr\",\"potentialAction\":[{\"@type\":\"ReadAction\",\"target\":[\"https:\/\/sales-ai-agents.com\/tr\/templates\/daily-attention-and-stamina-tracker\/\"]}]},{\"@type\":\"ImageObject\",\"inLanguage\":\"tr\",\"@id\":\"https:\/\/sales-ai-agents.com\/tr\/templates\/daily-attention-and-stamina-tracker\/#primaryimage\",\"url\":\"https:\/\/sales-ai-agents.com\/wp-content\/uploads\/2023\/01\/image-preview120345.png\",\"contentUrl\":\"https:\/\/sales-ai-agents.com\/wp-content\/uploads\/2023\/01\/image-preview120345.png\",\"width\":1078,\"height\":2010},{\"@type\":\"WebSite\",\"@id\":\"https:\/\/sales-ai-agents.com\/#website\",\"url\":\"https:\/\/sales-ai-agents.com\/\",\"name\":\"FuseBase\",\"description\":\"Sales AI Agents - Free Online Collaboration Software for Remote Teams. Build your wikis, client portals and more with the Nimbus Platform collaboration tool ? A perfect space for online work\",\"publisher\":{\"@id\":\"https:\/\/sales-ai-agents.com\/#organization\"},\"potentialAction\":[{\"@type\":\"SearchAction\",\"target\":{\"@type\":\"EntryPoint\",\"urlTemplate\":\"https:\/\/sales-ai-agents.com\/?s={search_term_string}\"},\"query-input\":{\"@type\":\"PropertyValueSpecification\",\"valueRequired\":true,\"valueName\":\"search_term_string\"}}],\"inLanguage\":\"tr\"},{\"@type\":\"Organization\",\"@id\":\"https:\/\/sales-ai-agents.com\/#organization\",\"name\":\"FuseBase\",\"url\":\"https:\/\/sales-ai-agents.com\/\",\"logo\":{\"@type\":\"ImageObject\",\"inLanguage\":\"tr\",\"@id\":\"https:\/\/sales-ai-agents.com\/#\/schema\/logo\/image\/\",\"url\":\"https:\/\/sales-ai-agents.com\/wp-content\/uploads\/2023\/11\/icon-7.svg\",\"contentUrl\":\"https:\/\/sales-ai-agents.com\/wp-content\/uploads\/2023\/11\/icon-7.svg\",\"width\":128,\"height\":128,\"caption\":\"FuseBase\"},\"image\":{\"@id\":\"https:\/\/sales-ai-agents.com\/#\/schema\/logo\/image\/\"}}]}<\/script>\n<!-- \/ Yoast SEO plugin. -->","yoast_head_json":{"title":"G\u00fcnl\u00fck Dikkat ve Dayan\u0131kl\u0131l\u0131k Takibi \u015eablonu - Sales AI Agents","description":"G\u00fcn boyunca dikkatiniz ve enerjiniz artabilir veya azalabilir. Nas\u0131l hissetti\u011finizi de\u011ferlendirmek ve not etmek i\u00e7in bu \u00fccretsiz g\u00fcnl\u00fck dikkat ve dayan\u0131kl\u0131l\u0131k izleyicisini kullan\u0131n.","robots":{"index":"index","follow":"follow","max-snippet":"max-snippet:-1","max-image-preview":"max-image-preview:large","max-video-preview":"max-video-preview:-1"},"canonical":"https:\/\/sales-ai-agents.com\/tr\/templates\/daily-attention-and-stamina-tracker\/","og_locale":"tr_TR","og_type":"article","og_title":"G\u00fcnl\u00fck Dikkat ve Dayan\u0131kl\u0131l\u0131k Takibi \u015eablonu - Sales AI Agents","og_description":"G\u00fcn boyunca dikkatiniz ve enerjiniz artabilir veya azalabilir. Nas\u0131l hissetti\u011finizi de\u011ferlendirmek ve not etmek i\u00e7in bu \u00fccretsiz g\u00fcnl\u00fck dikkat ve dayan\u0131kl\u0131l\u0131k izleyicisini kullan\u0131n.","og_url":"https:\/\/sales-ai-agents.com\/tr\/templates\/daily-attention-and-stamina-tracker\/","og_site_name":"Sales AI Agents","article_modified_time":"2023-12-27T12:34:15+00:00","og_image":[{"width":1078,"height":2010,"url":"https:\/\/sales-ai-agents.com\/wp-content\/uploads\/2023\/01\/image-preview120345.png","type":"image\/png"}],"twitter_card":"summary_large_image","schema":{"@context":"https:\/\/schema.org","@graph":[{"@type":"WebPage","@id":"https:\/\/sales-ai-agents.com\/tr\/templates\/daily-attention-and-stamina-tracker\/","url":"https:\/\/sales-ai-agents.com\/tr\/templates\/daily-attention-and-stamina-tracker\/","name":"G\u00fcnl\u00fck Dikkat ve Dayan\u0131kl\u0131l\u0131k Takibi \u015eablonu - Sales AI Agents","isPartOf":{"@id":"https:\/\/sales-ai-agents.com\/#website"},"primaryImageOfPage":{"@id":"https:\/\/sales-ai-agents.com\/tr\/templates\/daily-attention-and-stamina-tracker\/#primaryimage"},"image":{"@id":"https:\/\/sales-ai-agents.com\/tr\/templates\/daily-attention-and-stamina-tracker\/#primaryimage"},"thumbnailUrl":"https:\/\/sales-ai-agents.com\/wp-content\/uploads\/2023\/01\/image-preview120345.png","datePublished":"2022-09-23T14:17:06+00:00","dateModified":"2023-12-27T12:34:15+00:00","description":"G\u00fcn boyunca dikkatiniz ve enerjiniz artabilir veya azalabilir. Nas\u0131l hissetti\u011finizi de\u011ferlendirmek ve not etmek i\u00e7in bu \u00fccretsiz g\u00fcnl\u00fck dikkat ve dayan\u0131kl\u0131l\u0131k izleyicisini kullan\u0131n.","inLanguage":"tr","potentialAction":[{"@type":"ReadAction","target":["https:\/\/sales-ai-agents.com\/tr\/templates\/daily-attention-and-stamina-tracker\/"]}]},{"@type":"ImageObject","inLanguage":"tr","@id":"https:\/\/sales-ai-agents.com\/tr\/templates\/daily-attention-and-stamina-tracker\/#primaryimage","url":"https:\/\/sales-ai-agents.com\/wp-content\/uploads\/2023\/01\/image-preview120345.png","contentUrl":"https:\/\/sales-ai-agents.com\/wp-content\/uploads\/2023\/01\/image-preview120345.png","width":1078,"height":2010},{"@type":"WebSite","@id":"https:\/\/sales-ai-agents.com\/#website","url":"https:\/\/sales-ai-agents.com\/","name":"FuseBase","description":"Sales AI Agents - Free Online Collaboration Software for Remote Teams. Build your wikis, client portals and more with the Nimbus Platform collaboration tool ? A perfect space for online work","publisher":{"@id":"https:\/\/sales-ai-agents.com\/#organization"},"potentialAction":[{"@type":"SearchAction","target":{"@type":"EntryPoint","urlTemplate":"https:\/\/sales-ai-agents.com\/?s={search_term_string}"},"query-input":{"@type":"PropertyValueSpecification","valueRequired":true,"valueName":"search_term_string"}}],"inLanguage":"tr"},{"@type":"Organization","@id":"https:\/\/sales-ai-agents.com\/#organization","name":"FuseBase","url":"https:\/\/sales-ai-agents.com\/","logo":{"@type":"ImageObject","inLanguage":"tr","@id":"https:\/\/sales-ai-agents.com\/#\/schema\/logo\/image\/","url":"https:\/\/sales-ai-agents.com\/wp-content\/uploads\/2023\/11\/icon-7.svg","contentUrl":"https:\/\/sales-ai-agents.com\/wp-content\/uploads\/2023\/11\/icon-7.svg","width":128,"height":128,"caption":"FuseBase"},"image":{"@id":"https:\/\/sales-ai-agents.com\/#\/schema\/logo\/image\/"}}]}},"_links":{"self":[{"href":"https:\/\/sales-ai-agents.com\/tr\/wp-json\/wp\/v2\/product\/58473","targetHints":{"allow":["GET"]}}],"collection":[{"href":"https:\/\/sales-ai-agents.com\/tr\/wp-json\/wp\/v2\/product"}],"about":[{"href":"https:\/\/sales-ai-agents.com\/tr\/wp-json\/wp\/v2\/types\/product"}],"wp:featuredmedia":[{"embeddable":true,"href":"https:\/\/sales-ai-agents.com\/tr\/wp-json\/wp\/v2\/media\/58474"}],"wp:attachment":[{"href":"https:\/\/sales-ai-agents.com\/tr\/wp-json\/wp\/v2\/media?parent=58473"}],"wp:term":[{"taxonomy":"product_brand","embeddable":true,"href":"https:\/\/sales-ai-agents.com\/tr\/wp-json\/wp\/v2\/product_brand?post=58473"},{"taxonomy":"product_cat","embeddable":true,"href":"https:\/\/sales-ai-agents.com\/tr\/wp-json\/wp\/v2\/product_cat?post=58473"},{"taxonomy":"product_tag","embeddable":true,"href":"https:\/\/sales-ai-agents.com\/tr\/wp-json\/wp\/v2\/product_tag?post=58473"}],"curies":[{"name":"wp","href":"https:\/\/api.w.org\/{rel}","templated":true}]}}