{"id":58476,"date":"2022-09-23T13:51:45","date_gmt":"2022-09-23T13:51:45","guid":{"rendered":"https:\/\/sales-ai-agents.com\/templates\/team-planner\/"},"modified":"2023-12-31T17:52:22","modified_gmt":"2023-12-31T17:52:22","slug":"team-planner","status":"publish","type":"product","link":"https:\/\/sales-ai-agents.com\/tr\/templates\/team-planner\/","title":{"rendered":"Ekip Planlay\u0131c\u0131"},"content":{"rendered":"<p>&nbsp;<\/p>\n<h2>Ekip Planlay\u0131c\u0131 \u015eablonu<\/h2>\n<p class=\"desc-text\">Bir grup i\u00e7inde \u00e7al\u0131\u015f\u0131rken, herkes neler olup bitti\u011fi konusunda net bir fikre sahip olmal\u0131d\u0131r. \u00dcyelerinizle planlar\u0131n\u0131z\u0131 koordine edebilmeniz i\u00e7in bu \u015fablonu olu\u015fturduk. Hafta i\u00e7in hedefler belirleyin ve herkesin ne yapaca\u011f\u0131n\u0131 bildi\u011finden emin olun. T\u00fcm \u00fcyelerin ayn\u0131 sayfada olmas\u0131 i\u00e7in haftan\u0131z\u0131 bir ekip olarak d\u00fczenleyin.<\/p>\n<h5>Nas\u0131l kullan\u0131l\u0131r?<\/h5>\n<ul class=\"desc-item_list\">\n<li class=\"desc-item_list__point\">Hafta i\u00e7in hedefler belirleyin<\/li>\n<li class=\"desc-item_list__point\">Yakla\u015fan toplant\u0131lar\u0131 not edin<\/li>\n<li class=\"desc-item_list__point\">Her \u00fcye mevcut projelerini listeler<\/li>\n<li class=\"desc-item_list__point\">Proje ile ilgili g\u00f6revleri dahil edin<\/li>\n<li class=\"desc-item_list__point\">\u0130lgili ekleri ve tasar\u0131mlar\u0131 y\u00fckleyin<\/li>\n<\/ul>\n","protected":false},"excerpt":{"rendered":"<p>Bir grup i\u00e7inde \u00e7al\u0131\u015f\u0131rken, herkesin neler olup bitti\u011fine dair net bir fikre sahip olmas\u0131 \u00f6nemlidir. \u00dcyelerinizle planlar\u0131n\u0131z\u0131 kolayca koordine etmek i\u00e7in bu \u015fablonu kullan\u0131n.<\/p>\n","protected":false},"featured_media":58477,"template":"","meta":{"_acf_changed":false,"inline_featured_image":false},"product_brand":[],"product_cat":[217,218,231],"product_tag":[],"class_list":{"0":"post-58476","1":"product","2":"type-product","3":"status-publish","4":"has-post-thumbnail","6":"product_cat-entrepreneur","7":"product_cat-operations","8":"product_cat-project-management","9":"collections-team","11":"first","12":"instock","13":"virtual","14":"sold-individually","15":"product-type-simple"},"acf":[],"yoast_head":"<!-- This site is optimized with the Yoast SEO plugin v25.3.1 - https:\/\/yoast.com\/wordpress\/plugins\/seo\/ -->\n<title>Ekip Planlay\u0131c\u0131 \u015eablonu - Sales AI Agents<\/title>\n<meta name=\"description\" content=\"Bir grup i\u00e7inde \u00e7al\u0131\u015f\u0131rken, herkes neler olup bitti\u011fi konusunda net bir fikre sahip olmal\u0131d\u0131r. \u00dcyelerinizle planlar\u0131n\u0131z\u0131 kolayca koordine etmek i\u00e7in bu \u015fablonu kullan\u0131n!\" \/>\n<meta name=\"robots\" content=\"index, follow, max-snippet:-1, max-image-preview:large, max-video-preview:-1\" \/>\n<link rel=\"canonical\" href=\"https:\/\/sales-ai-agents.com\/tr\/templates\/team-planner\/\" \/>\n<meta property=\"og:locale\" content=\"tr_TR\" \/>\n<meta property=\"og:type\" content=\"article\" \/>\n<meta property=\"og:title\" content=\"Ekip Planlay\u0131c\u0131 \u015eablonu - Sales AI Agents\" \/>\n<meta property=\"og:description\" content=\"Bir grup i\u00e7inde \u00e7al\u0131\u015f\u0131rken, herkes neler olup bitti\u011fi konusunda net bir fikre sahip olmal\u0131d\u0131r. \u00dcyelerinizle planlar\u0131n\u0131z\u0131 kolayca koordine etmek i\u00e7in bu \u015fablonu kullan\u0131n!\" \/>\n<meta property=\"og:url\" content=\"https:\/\/sales-ai-agents.com\/tr\/templates\/team-planner\/\" \/>\n<meta property=\"og:site_name\" content=\"Sales AI Agents\" \/>\n<meta property=\"article:modified_time\" content=\"2023-12-31T17:52:22+00:00\" \/>\n<meta property=\"og:image\" content=\"https:\/\/sales-ai-agents.com\/wp-content\/uploads\/2022\/09\/Team-Planner-Template.png\" \/>\n\t<meta property=\"og:image:width\" content=\"1700\" \/>\n\t<meta property=\"og:image:height\" content=\"1100\" \/>\n\t<meta property=\"og:image:type\" content=\"image\/png\" \/>\n<meta name=\"twitter:card\" content=\"summary_large_image\" \/>\n<script type=\"application\/ld+json\" class=\"yoast-schema-graph\">{\"@context\":\"https:\/\/schema.org\",\"@graph\":[{\"@type\":\"WebPage\",\"@id\":\"https:\/\/sales-ai-agents.com\/tr\/templates\/team-planner\/\",\"url\":\"https:\/\/sales-ai-agents.com\/tr\/templates\/team-planner\/\",\"name\":\"Ekip Planlay\u0131c\u0131 \u015eablonu - Sales AI Agents\",\"isPartOf\":{\"@id\":\"https:\/\/sales-ai-agents.com\/#website\"},\"primaryImageOfPage\":{\"@id\":\"https:\/\/sales-ai-agents.com\/tr\/templates\/team-planner\/#primaryimage\"},\"image\":{\"@id\":\"https:\/\/sales-ai-agents.com\/tr\/templates\/team-planner\/#primaryimage\"},\"thumbnailUrl\":\"https:\/\/sales-ai-agents.com\/wp-content\/uploads\/2022\/09\/Team-Planner-Template.png\",\"datePublished\":\"2022-09-23T13:51:45+00:00\",\"dateModified\":\"2023-12-31T17:52:22+00:00\",\"description\":\"Bir grup i\u00e7inde \u00e7al\u0131\u015f\u0131rken, herkes neler olup bitti\u011fi konusunda net bir fikre sahip olmal\u0131d\u0131r. \u00dcyelerinizle planlar\u0131n\u0131z\u0131 kolayca koordine etmek i\u00e7in bu \u015fablonu kullan\u0131n!\",\"inLanguage\":\"tr\",\"potentialAction\":[{\"@type\":\"ReadAction\",\"target\":[\"https:\/\/sales-ai-agents.com\/tr\/templates\/team-planner\/\"]}]},{\"@type\":\"ImageObject\",\"inLanguage\":\"tr\",\"@id\":\"https:\/\/sales-ai-agents.com\/tr\/templates\/team-planner\/#primaryimage\",\"url\":\"https:\/\/sales-ai-agents.com\/wp-content\/uploads\/2022\/09\/Team-Planner-Template.png\",\"contentUrl\":\"https:\/\/sales-ai-agents.com\/wp-content\/uploads\/2022\/09\/Team-Planner-Template.png\",\"width\":1700,\"height\":1100},{\"@type\":\"WebSite\",\"@id\":\"https:\/\/sales-ai-agents.com\/#website\",\"url\":\"https:\/\/sales-ai-agents.com\/\",\"name\":\"FuseBase\",\"description\":\"Sales AI Agents - Free Online Collaboration Software for Remote Teams. Build your wikis, client portals and more with the Nimbus Platform collaboration tool ? A perfect space for online work\",\"publisher\":{\"@id\":\"https:\/\/sales-ai-agents.com\/#organization\"},\"potentialAction\":[{\"@type\":\"SearchAction\",\"target\":{\"@type\":\"EntryPoint\",\"urlTemplate\":\"https:\/\/sales-ai-agents.com\/?s={search_term_string}\"},\"query-input\":{\"@type\":\"PropertyValueSpecification\",\"valueRequired\":true,\"valueName\":\"search_term_string\"}}],\"inLanguage\":\"tr\"},{\"@type\":\"Organization\",\"@id\":\"https:\/\/sales-ai-agents.com\/#organization\",\"name\":\"FuseBase\",\"url\":\"https:\/\/sales-ai-agents.com\/\",\"logo\":{\"@type\":\"ImageObject\",\"inLanguage\":\"tr\",\"@id\":\"https:\/\/sales-ai-agents.com\/#\/schema\/logo\/image\/\",\"url\":\"https:\/\/sales-ai-agents.com\/wp-content\/uploads\/2023\/11\/icon-7.svg\",\"contentUrl\":\"https:\/\/sales-ai-agents.com\/wp-content\/uploads\/2023\/11\/icon-7.svg\",\"width\":128,\"height\":128,\"caption\":\"FuseBase\"},\"image\":{\"@id\":\"https:\/\/sales-ai-agents.com\/#\/schema\/logo\/image\/\"}}]}<\/script>\n<!-- \/ Yoast SEO plugin. -->","yoast_head_json":{"title":"Ekip Planlay\u0131c\u0131 \u015eablonu - Sales AI Agents","description":"Bir grup i\u00e7inde \u00e7al\u0131\u015f\u0131rken, herkes neler olup bitti\u011fi konusunda net bir fikre sahip olmal\u0131d\u0131r. \u00dcyelerinizle planlar\u0131n\u0131z\u0131 kolayca koordine etmek i\u00e7in bu \u015fablonu kullan\u0131n!","robots":{"index":"index","follow":"follow","max-snippet":"max-snippet:-1","max-image-preview":"max-image-preview:large","max-video-preview":"max-video-preview:-1"},"canonical":"https:\/\/sales-ai-agents.com\/tr\/templates\/team-planner\/","og_locale":"tr_TR","og_type":"article","og_title":"Ekip Planlay\u0131c\u0131 \u015eablonu - Sales AI Agents","og_description":"Bir grup i\u00e7inde \u00e7al\u0131\u015f\u0131rken, herkes neler olup bitti\u011fi konusunda net bir fikre sahip olmal\u0131d\u0131r. \u00dcyelerinizle planlar\u0131n\u0131z\u0131 kolayca koordine etmek i\u00e7in bu \u015fablonu kullan\u0131n!","og_url":"https:\/\/sales-ai-agents.com\/tr\/templates\/team-planner\/","og_site_name":"Sales AI Agents","article_modified_time":"2023-12-31T17:52:22+00:00","og_image":[{"width":1700,"height":1100,"url":"https:\/\/sales-ai-agents.com\/wp-content\/uploads\/2022\/09\/Team-Planner-Template.png","type":"image\/png"}],"twitter_card":"summary_large_image","schema":{"@context":"https:\/\/schema.org","@graph":[{"@type":"WebPage","@id":"https:\/\/sales-ai-agents.com\/tr\/templates\/team-planner\/","url":"https:\/\/sales-ai-agents.com\/tr\/templates\/team-planner\/","name":"Ekip Planlay\u0131c\u0131 \u015eablonu - Sales AI Agents","isPartOf":{"@id":"https:\/\/sales-ai-agents.com\/#website"},"primaryImageOfPage":{"@id":"https:\/\/sales-ai-agents.com\/tr\/templates\/team-planner\/#primaryimage"},"image":{"@id":"https:\/\/sales-ai-agents.com\/tr\/templates\/team-planner\/#primaryimage"},"thumbnailUrl":"https:\/\/sales-ai-agents.com\/wp-content\/uploads\/2022\/09\/Team-Planner-Template.png","datePublished":"2022-09-23T13:51:45+00:00","dateModified":"2023-12-31T17:52:22+00:00","description":"Bir grup i\u00e7inde \u00e7al\u0131\u015f\u0131rken, herkes neler olup bitti\u011fi konusunda net bir fikre sahip olmal\u0131d\u0131r. \u00dcyelerinizle planlar\u0131n\u0131z\u0131 kolayca koordine etmek i\u00e7in bu \u015fablonu kullan\u0131n!","inLanguage":"tr","potentialAction":[{"@type":"ReadAction","target":["https:\/\/sales-ai-agents.com\/tr\/templates\/team-planner\/"]}]},{"@type":"ImageObject","inLanguage":"tr","@id":"https:\/\/sales-ai-agents.com\/tr\/templates\/team-planner\/#primaryimage","url":"https:\/\/sales-ai-agents.com\/wp-content\/uploads\/2022\/09\/Team-Planner-Template.png","contentUrl":"https:\/\/sales-ai-agents.com\/wp-content\/uploads\/2022\/09\/Team-Planner-Template.png","width":1700,"height":1100},{"@type":"WebSite","@id":"https:\/\/sales-ai-agents.com\/#website","url":"https:\/\/sales-ai-agents.com\/","name":"FuseBase","description":"Sales AI Agents - Free Online Collaboration Software for Remote Teams. Build your wikis, client portals and more with the Nimbus Platform collaboration tool ? A perfect space for online work","publisher":{"@id":"https:\/\/sales-ai-agents.com\/#organization"},"potentialAction":[{"@type":"SearchAction","target":{"@type":"EntryPoint","urlTemplate":"https:\/\/sales-ai-agents.com\/?s={search_term_string}"},"query-input":{"@type":"PropertyValueSpecification","valueRequired":true,"valueName":"search_term_string"}}],"inLanguage":"tr"},{"@type":"Organization","@id":"https:\/\/sales-ai-agents.com\/#organization","name":"FuseBase","url":"https:\/\/sales-ai-agents.com\/","logo":{"@type":"ImageObject","inLanguage":"tr","@id":"https:\/\/sales-ai-agents.com\/#\/schema\/logo\/image\/","url":"https:\/\/sales-ai-agents.com\/wp-content\/uploads\/2023\/11\/icon-7.svg","contentUrl":"https:\/\/sales-ai-agents.com\/wp-content\/uploads\/2023\/11\/icon-7.svg","width":128,"height":128,"caption":"FuseBase"},"image":{"@id":"https:\/\/sales-ai-agents.com\/#\/schema\/logo\/image\/"}}]}},"_links":{"self":[{"href":"https:\/\/sales-ai-agents.com\/tr\/wp-json\/wp\/v2\/product\/58476","targetHints":{"allow":["GET"]}}],"collection":[{"href":"https:\/\/sales-ai-agents.com\/tr\/wp-json\/wp\/v2\/product"}],"about":[{"href":"https:\/\/sales-ai-agents.com\/tr\/wp-json\/wp\/v2\/types\/product"}],"wp:featuredmedia":[{"embeddable":true,"href":"https:\/\/sales-ai-agents.com\/tr\/wp-json\/wp\/v2\/media\/58477"}],"wp:attachment":[{"href":"https:\/\/sales-ai-agents.com\/tr\/wp-json\/wp\/v2\/media?parent=58476"}],"wp:term":[{"taxonomy":"product_brand","embeddable":true,"href":"https:\/\/sales-ai-agents.com\/tr\/wp-json\/wp\/v2\/product_brand?post=58476"},{"taxonomy":"product_cat","embeddable":true,"href":"https:\/\/sales-ai-agents.com\/tr\/wp-json\/wp\/v2\/product_cat?post=58476"},{"taxonomy":"product_tag","embeddable":true,"href":"https:\/\/sales-ai-agents.com\/tr\/wp-json\/wp\/v2\/product_tag?post=58476"}],"curies":[{"name":"wp","href":"https:\/\/api.w.org\/{rel}","templated":true}]}}