{"id":58480,"date":"2022-09-23T13:51:40","date_gmt":"2022-09-23T13:51:40","guid":{"rendered":"https:\/\/sales-ai-agents.com\/templates\/cornell-notes\/"},"modified":"2023-12-27T14:27:16","modified_gmt":"2023-12-27T14:27:16","slug":"cornell-notes","status":"publish","type":"product","link":"https:\/\/sales-ai-agents.com\/tr\/templates\/cornell-notes\/","title":{"rendered":"Cornell Notlar\u0131"},"content":{"rendered":"<p>&nbsp;<\/p>\n<h2>Cornell Notlar\u0131 \u015eablonu<\/h2>\n<p class=\"desc-text\">Bu ders notlar\u0131 \u015fablonunu kullanarak \u00e7al\u0131\u015fma stratejilerinize d\u00fczen getirin. Bu \u015fablon, bilgileri kategorize etmek ve d\u00fczenlemek i\u00e7in ayr\u0131 tablolar i\u00e7erir. Referans materyalleri, kilit noktalar\u0131 ve sorular\u0131 ekleyin. T\u00fcm temel bilgileri ayr\u0131\u015ft\u0131r\u0131n. Bo\u015f bir belgeye madde i\u015faretleri atmay\u0131 b\u0131rak\u0131n ve \u00e7al\u0131\u015fman\u0131za netlik kazand\u0131r\u0131n. T\u00fcm notlar\u0131n\u0131za kolayl\u0131kla eri\u015fmek i\u00e7in bir \u00e7al\u0131\u015fma alan\u0131 olu\u015fturun. Etkili bir \u015fekilde not alarak ve \u00e7evrimi\u00e7i \u00f6\u011fretim ara\u00e7lar\u0131n\u0131 kullanarak verimli bir \u015fekilde \u00e7al\u0131\u015fabilir ve \u00f6nemli testler ve s\u0131navlar i\u00e7in haz\u0131rl\u0131kl\u0131 olabilirsiniz.<\/p>\n<h5>Nas\u0131l kullan\u0131l\u0131r?<\/h5>\n<ul class=\"desc-item_list\">\n<li class=\"desc-item_list__point\">Temel kurs bilgilerini ekleyin<\/li>\n<li class=\"desc-item_list__point\">Ders i\u00e7in kaynak ekleyin<\/li>\n<li class=\"desc-item_list__point\">Kilit noktalar\u0131 ve \u00e7\u0131kar\u0131mlar\u0131 yaz\u0131n<\/li>\n<li class=\"desc-item_list__point\">Konuyla ilgili sorular\u0131 listeleyin<\/li>\n<li class=\"desc-item_list__point\">Derse dayal\u0131 eylem maddeleri olu\u015fturun<\/li>\n<li class=\"desc-item_list__point\">Sa\u011flanan alana not al\u0131n<\/li>\n<\/ul>\n","protected":false},"excerpt":{"rendered":"<p>Bu ders notlar\u0131 \u015fablonunu kullanarak \u00e7al\u0131\u015fma stratejilerinize d\u00fczen getirin. Bilgileri kategorize etmek ve d\u00fczenlemek i\u00e7in ayr\u0131 tablolar i\u00e7erir.<\/p>\n","protected":false},"featured_media":58481,"template":"","meta":{"_acf_changed":false,"inline_featured_image":false},"product_brand":[],"product_cat":[267,268],"product_tag":[],"class_list":{"0":"post-58480","1":"product","2":"type-product","3":"status-publish","4":"has-post-thumbnail","6":"product_cat-student","7":"product_cat-teacher","9":"first","10":"instock","11":"virtual","12":"sold-individually","13":"product-type-simple"},"acf":[],"yoast_head":"<!-- This site is optimized with the Yoast SEO plugin v25.3.1 - https:\/\/yoast.com\/wordpress\/plugins\/seo\/ -->\n<title>Cornell Notlar\u0131 \u015eablonu - Sales AI Agents<\/title>\n<meta name=\"description\" content=\"Bu ders notlar\u0131 \u015fablonunu kullanarak \u00e7al\u0131\u015fma stratejilerinize d\u00fczen getirin. Bilgileri kategorize etmek ve d\u00fczenlemek i\u00e7in ayr\u0131 tablolar i\u00e7erir.\" \/>\n<meta name=\"robots\" content=\"index, follow, max-snippet:-1, max-image-preview:large, max-video-preview:-1\" \/>\n<link rel=\"canonical\" href=\"https:\/\/sales-ai-agents.com\/tr\/templates\/cornell-notes\/\" \/>\n<meta property=\"og:locale\" content=\"tr_TR\" \/>\n<meta property=\"og:type\" content=\"article\" \/>\n<meta property=\"og:title\" content=\"Cornell Notlar\u0131 \u015eablonu - Sales AI Agents\" \/>\n<meta property=\"og:description\" content=\"Bu ders notlar\u0131 \u015fablonunu kullanarak \u00e7al\u0131\u015fma stratejilerinize d\u00fczen getirin. Bilgileri kategorize etmek ve d\u00fczenlemek i\u00e7in ayr\u0131 tablolar i\u00e7erir.\" \/>\n<meta property=\"og:url\" content=\"https:\/\/sales-ai-agents.com\/tr\/templates\/cornell-notes\/\" \/>\n<meta property=\"og:site_name\" content=\"Sales AI Agents\" \/>\n<meta property=\"article:modified_time\" content=\"2023-12-27T14:27:16+00:00\" \/>\n<meta property=\"og:image\" content=\"https:\/\/sales-ai-agents.com\/wp-content\/uploads\/2022\/09\/Cornell-Notes-Template.png\" \/>\n\t<meta property=\"og:image:width\" content=\"1700\" \/>\n\t<meta property=\"og:image:height\" content=\"1100\" \/>\n\t<meta property=\"og:image:type\" content=\"image\/png\" \/>\n<meta name=\"twitter:card\" content=\"summary_large_image\" \/>\n<script type=\"application\/ld+json\" class=\"yoast-schema-graph\">{\"@context\":\"https:\/\/schema.org\",\"@graph\":[{\"@type\":\"WebPage\",\"@id\":\"https:\/\/sales-ai-agents.com\/tr\/templates\/cornell-notes\/\",\"url\":\"https:\/\/sales-ai-agents.com\/tr\/templates\/cornell-notes\/\",\"name\":\"Cornell Notlar\u0131 \u015eablonu - Sales AI Agents\",\"isPartOf\":{\"@id\":\"https:\/\/sales-ai-agents.com\/#website\"},\"primaryImageOfPage\":{\"@id\":\"https:\/\/sales-ai-agents.com\/tr\/templates\/cornell-notes\/#primaryimage\"},\"image\":{\"@id\":\"https:\/\/sales-ai-agents.com\/tr\/templates\/cornell-notes\/#primaryimage\"},\"thumbnailUrl\":\"https:\/\/sales-ai-agents.com\/wp-content\/uploads\/2022\/09\/Cornell-Notes-Template.png\",\"datePublished\":\"2022-09-23T13:51:40+00:00\",\"dateModified\":\"2023-12-27T14:27:16+00:00\",\"description\":\"Bu ders notlar\u0131 \u015fablonunu kullanarak \u00e7al\u0131\u015fma stratejilerinize d\u00fczen getirin. Bilgileri kategorize etmek ve d\u00fczenlemek i\u00e7in ayr\u0131 tablolar i\u00e7erir.\",\"inLanguage\":\"tr\",\"potentialAction\":[{\"@type\":\"ReadAction\",\"target\":[\"https:\/\/sales-ai-agents.com\/tr\/templates\/cornell-notes\/\"]}]},{\"@type\":\"ImageObject\",\"inLanguage\":\"tr\",\"@id\":\"https:\/\/sales-ai-agents.com\/tr\/templates\/cornell-notes\/#primaryimage\",\"url\":\"https:\/\/sales-ai-agents.com\/wp-content\/uploads\/2022\/09\/Cornell-Notes-Template.png\",\"contentUrl\":\"https:\/\/sales-ai-agents.com\/wp-content\/uploads\/2022\/09\/Cornell-Notes-Template.png\",\"width\":1700,\"height\":1100},{\"@type\":\"WebSite\",\"@id\":\"https:\/\/sales-ai-agents.com\/#website\",\"url\":\"https:\/\/sales-ai-agents.com\/\",\"name\":\"FuseBase\",\"description\":\"Sales AI Agents - Free Online Collaboration Software for Remote Teams. Build your wikis, client portals and more with the Nimbus Platform collaboration tool ? A perfect space for online work\",\"publisher\":{\"@id\":\"https:\/\/sales-ai-agents.com\/#organization\"},\"potentialAction\":[{\"@type\":\"SearchAction\",\"target\":{\"@type\":\"EntryPoint\",\"urlTemplate\":\"https:\/\/sales-ai-agents.com\/?s={search_term_string}\"},\"query-input\":{\"@type\":\"PropertyValueSpecification\",\"valueRequired\":true,\"valueName\":\"search_term_string\"}}],\"inLanguage\":\"tr\"},{\"@type\":\"Organization\",\"@id\":\"https:\/\/sales-ai-agents.com\/#organization\",\"name\":\"FuseBase\",\"url\":\"https:\/\/sales-ai-agents.com\/\",\"logo\":{\"@type\":\"ImageObject\",\"inLanguage\":\"tr\",\"@id\":\"https:\/\/sales-ai-agents.com\/#\/schema\/logo\/image\/\",\"url\":\"https:\/\/sales-ai-agents.com\/wp-content\/uploads\/2023\/11\/icon-7.svg\",\"contentUrl\":\"https:\/\/sales-ai-agents.com\/wp-content\/uploads\/2023\/11\/icon-7.svg\",\"width\":128,\"height\":128,\"caption\":\"FuseBase\"},\"image\":{\"@id\":\"https:\/\/sales-ai-agents.com\/#\/schema\/logo\/image\/\"}}]}<\/script>\n<!-- \/ Yoast SEO plugin. -->","yoast_head_json":{"title":"Cornell Notlar\u0131 \u015eablonu - Sales AI Agents","description":"Bu ders notlar\u0131 \u015fablonunu kullanarak \u00e7al\u0131\u015fma stratejilerinize d\u00fczen getirin. Bilgileri kategorize etmek ve d\u00fczenlemek i\u00e7in ayr\u0131 tablolar i\u00e7erir.","robots":{"index":"index","follow":"follow","max-snippet":"max-snippet:-1","max-image-preview":"max-image-preview:large","max-video-preview":"max-video-preview:-1"},"canonical":"https:\/\/sales-ai-agents.com\/tr\/templates\/cornell-notes\/","og_locale":"tr_TR","og_type":"article","og_title":"Cornell Notlar\u0131 \u015eablonu - Sales AI Agents","og_description":"Bu ders notlar\u0131 \u015fablonunu kullanarak \u00e7al\u0131\u015fma stratejilerinize d\u00fczen getirin. Bilgileri kategorize etmek ve d\u00fczenlemek i\u00e7in ayr\u0131 tablolar i\u00e7erir.","og_url":"https:\/\/sales-ai-agents.com\/tr\/templates\/cornell-notes\/","og_site_name":"Sales AI Agents","article_modified_time":"2023-12-27T14:27:16+00:00","og_image":[{"width":1700,"height":1100,"url":"https:\/\/sales-ai-agents.com\/wp-content\/uploads\/2022\/09\/Cornell-Notes-Template.png","type":"image\/png"}],"twitter_card":"summary_large_image","schema":{"@context":"https:\/\/schema.org","@graph":[{"@type":"WebPage","@id":"https:\/\/sales-ai-agents.com\/tr\/templates\/cornell-notes\/","url":"https:\/\/sales-ai-agents.com\/tr\/templates\/cornell-notes\/","name":"Cornell Notlar\u0131 \u015eablonu - Sales AI Agents","isPartOf":{"@id":"https:\/\/sales-ai-agents.com\/#website"},"primaryImageOfPage":{"@id":"https:\/\/sales-ai-agents.com\/tr\/templates\/cornell-notes\/#primaryimage"},"image":{"@id":"https:\/\/sales-ai-agents.com\/tr\/templates\/cornell-notes\/#primaryimage"},"thumbnailUrl":"https:\/\/sales-ai-agents.com\/wp-content\/uploads\/2022\/09\/Cornell-Notes-Template.png","datePublished":"2022-09-23T13:51:40+00:00","dateModified":"2023-12-27T14:27:16+00:00","description":"Bu ders notlar\u0131 \u015fablonunu kullanarak \u00e7al\u0131\u015fma stratejilerinize d\u00fczen getirin. Bilgileri kategorize etmek ve d\u00fczenlemek i\u00e7in ayr\u0131 tablolar i\u00e7erir.","inLanguage":"tr","potentialAction":[{"@type":"ReadAction","target":["https:\/\/sales-ai-agents.com\/tr\/templates\/cornell-notes\/"]}]},{"@type":"ImageObject","inLanguage":"tr","@id":"https:\/\/sales-ai-agents.com\/tr\/templates\/cornell-notes\/#primaryimage","url":"https:\/\/sales-ai-agents.com\/wp-content\/uploads\/2022\/09\/Cornell-Notes-Template.png","contentUrl":"https:\/\/sales-ai-agents.com\/wp-content\/uploads\/2022\/09\/Cornell-Notes-Template.png","width":1700,"height":1100},{"@type":"WebSite","@id":"https:\/\/sales-ai-agents.com\/#website","url":"https:\/\/sales-ai-agents.com\/","name":"FuseBase","description":"Sales AI Agents - Free Online Collaboration Software for Remote Teams. Build your wikis, client portals and more with the Nimbus Platform collaboration tool ? A perfect space for online work","publisher":{"@id":"https:\/\/sales-ai-agents.com\/#organization"},"potentialAction":[{"@type":"SearchAction","target":{"@type":"EntryPoint","urlTemplate":"https:\/\/sales-ai-agents.com\/?s={search_term_string}"},"query-input":{"@type":"PropertyValueSpecification","valueRequired":true,"valueName":"search_term_string"}}],"inLanguage":"tr"},{"@type":"Organization","@id":"https:\/\/sales-ai-agents.com\/#organization","name":"FuseBase","url":"https:\/\/sales-ai-agents.com\/","logo":{"@type":"ImageObject","inLanguage":"tr","@id":"https:\/\/sales-ai-agents.com\/#\/schema\/logo\/image\/","url":"https:\/\/sales-ai-agents.com\/wp-content\/uploads\/2023\/11\/icon-7.svg","contentUrl":"https:\/\/sales-ai-agents.com\/wp-content\/uploads\/2023\/11\/icon-7.svg","width":128,"height":128,"caption":"FuseBase"},"image":{"@id":"https:\/\/sales-ai-agents.com\/#\/schema\/logo\/image\/"}}]}},"_links":{"self":[{"href":"https:\/\/sales-ai-agents.com\/tr\/wp-json\/wp\/v2\/product\/58480","targetHints":{"allow":["GET"]}}],"collection":[{"href":"https:\/\/sales-ai-agents.com\/tr\/wp-json\/wp\/v2\/product"}],"about":[{"href":"https:\/\/sales-ai-agents.com\/tr\/wp-json\/wp\/v2\/types\/product"}],"wp:featuredmedia":[{"embeddable":true,"href":"https:\/\/sales-ai-agents.com\/tr\/wp-json\/wp\/v2\/media\/58481"}],"wp:attachment":[{"href":"https:\/\/sales-ai-agents.com\/tr\/wp-json\/wp\/v2\/media?parent=58480"}],"wp:term":[{"taxonomy":"product_brand","embeddable":true,"href":"https:\/\/sales-ai-agents.com\/tr\/wp-json\/wp\/v2\/product_brand?post=58480"},{"taxonomy":"product_cat","embeddable":true,"href":"https:\/\/sales-ai-agents.com\/tr\/wp-json\/wp\/v2\/product_cat?post=58480"},{"taxonomy":"product_tag","embeddable":true,"href":"https:\/\/sales-ai-agents.com\/tr\/wp-json\/wp\/v2\/product_tag?post=58480"}],"curies":[{"name":"wp","href":"https:\/\/api.w.org\/{rel}","templated":true}]}}