{"id":58485,"date":"2022-09-23T13:51:37","date_gmt":"2022-09-23T13:51:37","guid":{"rendered":"https:\/\/sales-ai-agents.com\/templates\/consolidate-job-descriptions\/"},"modified":"2023-12-27T12:32:26","modified_gmt":"2023-12-27T12:32:26","slug":"consolidate-job-descriptions","status":"publish","type":"product","link":"https:\/\/sales-ai-agents.com\/tr\/templates\/consolidate-job-descriptions\/","title":{"rendered":"\u0130\u015f Tan\u0131mlar\u0131n\u0131 Birle\u015ftirin"},"content":{"rendered":"<p>&nbsp;<\/p>\n<h2>\u0130\u015f Tan\u0131mlar\u0131 \u015eablonunu Birle\u015ftirin<\/h2>\n<p class=\"desc-text\">\u0130\u015f ilanlar\u0131 m\u00fcmk\u00fcn oldu\u011funca ayr\u0131nt\u0131l\u0131 olmal\u0131d\u0131r, b\u00f6ylece ba\u015fvuru sahipleriniz her bir rol\u00fcn tam olarak ne hakk\u0131nda oldu\u011funu bilir. Bu \u015fablon ile farkl\u0131 rollerin t\u00fcm kilit y\u00f6nlerini detayland\u0131rabilirsiniz. Adaylar\u0131n her b\u00f6l\u00fcm\u00fc kolayca okuyabilmeleri i\u00e7in her \u015fey i\u015flevsel bir tabloda d\u00fczg\u00fcn bir \u015fekilde d\u00fczenlenmi\u015ftir. En iyi yetenekleri \u00e7ekebilmek i\u00e7in i\u015f tan\u0131mlar\u0131n\u0131z\u0131 olabildi\u011fince bilgilendirici ve kolay okunur hale getirin.<\/p>\n<h5>Nas\u0131l kullan\u0131l\u0131r?<\/h5>\n<ul class=\"desc-item_list\">\n<li class=\"desc-item_list__point\">\u0130\u015f sorumluluklar\u0131n\u0131 ve rolleri tan\u0131mlamak i\u00e7in ekibinizle i\u015fbirli\u011fi yap\u0131n<\/li>\n<li class=\"desc-item_list__point\">Her s\u00fctunu ve sat\u0131r\u0131 uygun bilgilerle doldurun<\/li>\n<li class=\"desc-item_list__point\">\u0130\u015f sorumluluklar\u0131n\u0131, amirleri ve gereklilikleri dahil edin<\/li>\n<li class=\"desc-item_list__point\">\u015eablonu payla\u015f\u0131n veya web sitenizde yay\u0131nlay\u0131n<\/li>\n<\/ul>\n","protected":false},"excerpt":{"rendered":"<p>\u0130\u015f ilanlar\u0131 m\u00fcmk\u00fcn oldu\u011funca ayr\u0131nt\u0131l\u0131 olmal\u0131d\u0131r, b\u00f6ylece ba\u015fvuru sahipleriniz her bir rol\u00fcn tam olarak ne hakk\u0131nda oldu\u011funu bilir. Bu \u015fablon ile t\u00fcm \u00f6nemli hususlar\u0131 a\u00e7\u0131klayabilirsiniz.<\/p>\n","protected":false},"featured_media":58486,"template":"","meta":{"_acf_changed":false,"inline_featured_image":false},"product_brand":[],"product_cat":[218],"product_tag":[],"class_list":{"0":"post-58485","1":"product","2":"type-product","3":"status-publish","4":"has-post-thumbnail","6":"product_cat-operations","8":"first","9":"instock","10":"virtual","11":"sold-individually","12":"product-type-simple"},"acf":[],"yoast_head":"<!-- This site is optimized with the Yoast SEO plugin v25.3.1 - https:\/\/yoast.com\/wordpress\/plugins\/seo\/ -->\n<title>\u0130\u015f Tan\u0131mlar\u0131n\u0131 Birle\u015ftirme \u015eablonu - Sales AI Agents<\/title>\n<meta name=\"description\" content=\"\u0130\u015f ilanlar\u0131 m\u00fcmk\u00fcn oldu\u011funca ayr\u0131nt\u0131l\u0131 olmal\u0131d\u0131r, b\u00f6ylece ba\u015fvuru sahipleriniz her bir rol\u00fcn ne hakk\u0131nda oldu\u011funu bilir. Bu \u015fablon ile t\u00fcm \u00f6nemli hususlar\u0131 a\u00e7\u0131klayabilirsiniz.\" \/>\n<meta name=\"robots\" content=\"index, follow, max-snippet:-1, max-image-preview:large, max-video-preview:-1\" \/>\n<link rel=\"canonical\" href=\"https:\/\/sales-ai-agents.com\/tr\/templates\/consolidate-job-descriptions\/\" \/>\n<meta property=\"og:locale\" content=\"tr_TR\" \/>\n<meta property=\"og:type\" content=\"article\" \/>\n<meta property=\"og:title\" content=\"\u0130\u015f Tan\u0131mlar\u0131n\u0131 Birle\u015ftirme \u015eablonu - Sales AI Agents\" \/>\n<meta property=\"og:description\" content=\"\u0130\u015f ilanlar\u0131 m\u00fcmk\u00fcn oldu\u011funca ayr\u0131nt\u0131l\u0131 olmal\u0131d\u0131r, b\u00f6ylece ba\u015fvuru sahipleriniz her bir rol\u00fcn ne hakk\u0131nda oldu\u011funu bilir. Bu \u015fablon ile t\u00fcm \u00f6nemli hususlar\u0131 a\u00e7\u0131klayabilirsiniz.\" \/>\n<meta property=\"og:url\" content=\"https:\/\/sales-ai-agents.com\/tr\/templates\/consolidate-job-descriptions\/\" \/>\n<meta property=\"og:site_name\" content=\"Sales AI Agents\" \/>\n<meta property=\"article:modified_time\" content=\"2023-12-27T12:32:26+00:00\" \/>\n<meta property=\"og:image\" content=\"https:\/\/sales-ai-agents.com\/wp-content\/uploads\/2023\/01\/image-preview120249.png\" \/>\n\t<meta property=\"og:image:width\" content=\"1078\" \/>\n\t<meta property=\"og:image:height\" content=\"1640\" \/>\n\t<meta property=\"og:image:type\" content=\"image\/png\" \/>\n<meta name=\"twitter:card\" content=\"summary_large_image\" \/>\n<script type=\"application\/ld+json\" class=\"yoast-schema-graph\">{\"@context\":\"https:\/\/schema.org\",\"@graph\":[{\"@type\":\"WebPage\",\"@id\":\"https:\/\/sales-ai-agents.com\/tr\/templates\/consolidate-job-descriptions\/\",\"url\":\"https:\/\/sales-ai-agents.com\/tr\/templates\/consolidate-job-descriptions\/\",\"name\":\"\u0130\u015f Tan\u0131mlar\u0131n\u0131 Birle\u015ftirme \u015eablonu - Sales AI Agents\",\"isPartOf\":{\"@id\":\"https:\/\/sales-ai-agents.com\/#website\"},\"primaryImageOfPage\":{\"@id\":\"https:\/\/sales-ai-agents.com\/tr\/templates\/consolidate-job-descriptions\/#primaryimage\"},\"image\":{\"@id\":\"https:\/\/sales-ai-agents.com\/tr\/templates\/consolidate-job-descriptions\/#primaryimage\"},\"thumbnailUrl\":\"https:\/\/sales-ai-agents.com\/wp-content\/uploads\/2023\/01\/image-preview120249.png\",\"datePublished\":\"2022-09-23T13:51:37+00:00\",\"dateModified\":\"2023-12-27T12:32:26+00:00\",\"description\":\"\u0130\u015f ilanlar\u0131 m\u00fcmk\u00fcn oldu\u011funca ayr\u0131nt\u0131l\u0131 olmal\u0131d\u0131r, b\u00f6ylece ba\u015fvuru sahipleriniz her bir rol\u00fcn ne hakk\u0131nda oldu\u011funu bilir. Bu \u015fablon ile t\u00fcm \u00f6nemli hususlar\u0131 a\u00e7\u0131klayabilirsiniz.\",\"inLanguage\":\"tr\",\"potentialAction\":[{\"@type\":\"ReadAction\",\"target\":[\"https:\/\/sales-ai-agents.com\/tr\/templates\/consolidate-job-descriptions\/\"]}]},{\"@type\":\"ImageObject\",\"inLanguage\":\"tr\",\"@id\":\"https:\/\/sales-ai-agents.com\/tr\/templates\/consolidate-job-descriptions\/#primaryimage\",\"url\":\"https:\/\/sales-ai-agents.com\/wp-content\/uploads\/2023\/01\/image-preview120249.png\",\"contentUrl\":\"https:\/\/sales-ai-agents.com\/wp-content\/uploads\/2023\/01\/image-preview120249.png\",\"width\":1078,\"height\":1640},{\"@type\":\"WebSite\",\"@id\":\"https:\/\/sales-ai-agents.com\/#website\",\"url\":\"https:\/\/sales-ai-agents.com\/\",\"name\":\"FuseBase\",\"description\":\"Sales AI Agents - Free Online Collaboration Software for Remote Teams. Build your wikis, client portals and more with the Nimbus Platform collaboration tool ? A perfect space for online work\",\"publisher\":{\"@id\":\"https:\/\/sales-ai-agents.com\/#organization\"},\"potentialAction\":[{\"@type\":\"SearchAction\",\"target\":{\"@type\":\"EntryPoint\",\"urlTemplate\":\"https:\/\/sales-ai-agents.com\/?s={search_term_string}\"},\"query-input\":{\"@type\":\"PropertyValueSpecification\",\"valueRequired\":true,\"valueName\":\"search_term_string\"}}],\"inLanguage\":\"tr\"},{\"@type\":\"Organization\",\"@id\":\"https:\/\/sales-ai-agents.com\/#organization\",\"name\":\"FuseBase\",\"url\":\"https:\/\/sales-ai-agents.com\/\",\"logo\":{\"@type\":\"ImageObject\",\"inLanguage\":\"tr\",\"@id\":\"https:\/\/sales-ai-agents.com\/#\/schema\/logo\/image\/\",\"url\":\"https:\/\/sales-ai-agents.com\/wp-content\/uploads\/2023\/11\/icon-7.svg\",\"contentUrl\":\"https:\/\/sales-ai-agents.com\/wp-content\/uploads\/2023\/11\/icon-7.svg\",\"width\":128,\"height\":128,\"caption\":\"FuseBase\"},\"image\":{\"@id\":\"https:\/\/sales-ai-agents.com\/#\/schema\/logo\/image\/\"}}]}<\/script>\n<!-- \/ Yoast SEO plugin. -->","yoast_head_json":{"title":"\u0130\u015f Tan\u0131mlar\u0131n\u0131 Birle\u015ftirme \u015eablonu - Sales AI Agents","description":"\u0130\u015f ilanlar\u0131 m\u00fcmk\u00fcn oldu\u011funca ayr\u0131nt\u0131l\u0131 olmal\u0131d\u0131r, b\u00f6ylece ba\u015fvuru sahipleriniz her bir rol\u00fcn ne hakk\u0131nda oldu\u011funu bilir. Bu \u015fablon ile t\u00fcm \u00f6nemli hususlar\u0131 a\u00e7\u0131klayabilirsiniz.","robots":{"index":"index","follow":"follow","max-snippet":"max-snippet:-1","max-image-preview":"max-image-preview:large","max-video-preview":"max-video-preview:-1"},"canonical":"https:\/\/sales-ai-agents.com\/tr\/templates\/consolidate-job-descriptions\/","og_locale":"tr_TR","og_type":"article","og_title":"\u0130\u015f Tan\u0131mlar\u0131n\u0131 Birle\u015ftirme \u015eablonu - Sales AI Agents","og_description":"\u0130\u015f ilanlar\u0131 m\u00fcmk\u00fcn oldu\u011funca ayr\u0131nt\u0131l\u0131 olmal\u0131d\u0131r, b\u00f6ylece ba\u015fvuru sahipleriniz her bir rol\u00fcn ne hakk\u0131nda oldu\u011funu bilir. Bu \u015fablon ile t\u00fcm \u00f6nemli hususlar\u0131 a\u00e7\u0131klayabilirsiniz.","og_url":"https:\/\/sales-ai-agents.com\/tr\/templates\/consolidate-job-descriptions\/","og_site_name":"Sales AI Agents","article_modified_time":"2023-12-27T12:32:26+00:00","og_image":[{"width":1078,"height":1640,"url":"https:\/\/sales-ai-agents.com\/wp-content\/uploads\/2023\/01\/image-preview120249.png","type":"image\/png"}],"twitter_card":"summary_large_image","schema":{"@context":"https:\/\/schema.org","@graph":[{"@type":"WebPage","@id":"https:\/\/sales-ai-agents.com\/tr\/templates\/consolidate-job-descriptions\/","url":"https:\/\/sales-ai-agents.com\/tr\/templates\/consolidate-job-descriptions\/","name":"\u0130\u015f Tan\u0131mlar\u0131n\u0131 Birle\u015ftirme \u015eablonu - Sales AI Agents","isPartOf":{"@id":"https:\/\/sales-ai-agents.com\/#website"},"primaryImageOfPage":{"@id":"https:\/\/sales-ai-agents.com\/tr\/templates\/consolidate-job-descriptions\/#primaryimage"},"image":{"@id":"https:\/\/sales-ai-agents.com\/tr\/templates\/consolidate-job-descriptions\/#primaryimage"},"thumbnailUrl":"https:\/\/sales-ai-agents.com\/wp-content\/uploads\/2023\/01\/image-preview120249.png","datePublished":"2022-09-23T13:51:37+00:00","dateModified":"2023-12-27T12:32:26+00:00","description":"\u0130\u015f ilanlar\u0131 m\u00fcmk\u00fcn oldu\u011funca ayr\u0131nt\u0131l\u0131 olmal\u0131d\u0131r, b\u00f6ylece ba\u015fvuru sahipleriniz her bir rol\u00fcn ne hakk\u0131nda oldu\u011funu bilir. Bu \u015fablon ile t\u00fcm \u00f6nemli hususlar\u0131 a\u00e7\u0131klayabilirsiniz.","inLanguage":"tr","potentialAction":[{"@type":"ReadAction","target":["https:\/\/sales-ai-agents.com\/tr\/templates\/consolidate-job-descriptions\/"]}]},{"@type":"ImageObject","inLanguage":"tr","@id":"https:\/\/sales-ai-agents.com\/tr\/templates\/consolidate-job-descriptions\/#primaryimage","url":"https:\/\/sales-ai-agents.com\/wp-content\/uploads\/2023\/01\/image-preview120249.png","contentUrl":"https:\/\/sales-ai-agents.com\/wp-content\/uploads\/2023\/01\/image-preview120249.png","width":1078,"height":1640},{"@type":"WebSite","@id":"https:\/\/sales-ai-agents.com\/#website","url":"https:\/\/sales-ai-agents.com\/","name":"FuseBase","description":"Sales AI Agents - Free Online Collaboration Software for Remote Teams. Build your wikis, client portals and more with the Nimbus Platform collaboration tool ? A perfect space for online work","publisher":{"@id":"https:\/\/sales-ai-agents.com\/#organization"},"potentialAction":[{"@type":"SearchAction","target":{"@type":"EntryPoint","urlTemplate":"https:\/\/sales-ai-agents.com\/?s={search_term_string}"},"query-input":{"@type":"PropertyValueSpecification","valueRequired":true,"valueName":"search_term_string"}}],"inLanguage":"tr"},{"@type":"Organization","@id":"https:\/\/sales-ai-agents.com\/#organization","name":"FuseBase","url":"https:\/\/sales-ai-agents.com\/","logo":{"@type":"ImageObject","inLanguage":"tr","@id":"https:\/\/sales-ai-agents.com\/#\/schema\/logo\/image\/","url":"https:\/\/sales-ai-agents.com\/wp-content\/uploads\/2023\/11\/icon-7.svg","contentUrl":"https:\/\/sales-ai-agents.com\/wp-content\/uploads\/2023\/11\/icon-7.svg","width":128,"height":128,"caption":"FuseBase"},"image":{"@id":"https:\/\/sales-ai-agents.com\/#\/schema\/logo\/image\/"}}]}},"_links":{"self":[{"href":"https:\/\/sales-ai-agents.com\/tr\/wp-json\/wp\/v2\/product\/58485","targetHints":{"allow":["GET"]}}],"collection":[{"href":"https:\/\/sales-ai-agents.com\/tr\/wp-json\/wp\/v2\/product"}],"about":[{"href":"https:\/\/sales-ai-agents.com\/tr\/wp-json\/wp\/v2\/types\/product"}],"wp:featuredmedia":[{"embeddable":true,"href":"https:\/\/sales-ai-agents.com\/tr\/wp-json\/wp\/v2\/media\/58486"}],"wp:attachment":[{"href":"https:\/\/sales-ai-agents.com\/tr\/wp-json\/wp\/v2\/media?parent=58485"}],"wp:term":[{"taxonomy":"product_brand","embeddable":true,"href":"https:\/\/sales-ai-agents.com\/tr\/wp-json\/wp\/v2\/product_brand?post=58485"},{"taxonomy":"product_cat","embeddable":true,"href":"https:\/\/sales-ai-agents.com\/tr\/wp-json\/wp\/v2\/product_cat?post=58485"},{"taxonomy":"product_tag","embeddable":true,"href":"https:\/\/sales-ai-agents.com\/tr\/wp-json\/wp\/v2\/product_tag?post=58485"}],"curies":[{"name":"wp","href":"https:\/\/api.w.org\/{rel}","templated":true}]}}